{"id":1889,"date":"2025-12-21T11:49:59","date_gmt":"2025-12-21T10:49:59","guid":{"rendered":"https:\/\/iberoo.com\/?post_type=product&#038;p=1889"},"modified":"2026-04-05T03:30:11","modified_gmt":"2026-04-05T01:30:11","slug":"poitrines-de-poulet-roties-au-four-campofrio","status":"publish","type":"product","link":"https:\/\/iberoo.com\/fr\/produit\/poitrines-de-poulet-roties-au-four-campofrio\/","title":{"rendered":"Poitrines de poulet roties au four Campofrio"},"content":{"rendered":"<p>Compos\u00e9es \u00e0 99 % de viande, les poitrines de poulet r\u00f4ties au four Campofr\u00edo NaturArte misent sur une recette simple, o\u00f9 le poulet et son go\u00fbt naturel occupent le devant de la sc\u00e8ne. La cuisson au four leur conf\u00e8re une texture tendre et juteuse, avec cette touche maison qui rappelle une cuisine pr\u00e9par\u00e9e sans pr\u00e9cipitation et sans exc\u00e8s.<\/p>\n<p>Leur format en petites portions les rend particuli\u00e8rement pratiques au quotidien. Elles s'int\u00e8grent facilement dans les repas rapides, que ce soit dans une salade ti\u00e8de, un saut\u00e9 de l\u00e9gumes, un wrap ou comme base d'un plat l\u00e9ger. Elles constituent \u00e9galement une excellente option \u00e0 emporter au travail ou pour pr\u00e9parer un repas lorsque le temps presse. Elles ne n\u00e9cessitent aucune pr\u00e9paration pr\u00e9alable, il suffit d'ouvrir l'emballage et de d\u00e9guster.<\/p>\n<p>Les paquets de 90 grammes sont con\u00e7us pour une consommation pratique et contr\u00f4l\u00e9e, \u00e9vitant le gaspillage et permettant de mieux organiser les repas de la semaine. C'est un format id\u00e9al aussi bien pour une portion individuelle que pour combiner avec d'autres ingr\u00e9dients selon l'app\u00e9tit ou le moment de la journ\u00e9e.<\/p>\n<p>La gamme NaturArte de Campofr\u00edo mise sur des recettes claires, avec des ingr\u00e9dients reconnaissables et des processus qui respectent le produit. Ces blancs de poulet refl\u00e8tent cette philosophie : une option pratique, l\u00e9g\u00e8re et polyvalente, con\u00e7ue pour ceux qui appr\u00e9cient la qualit\u00e9, la simplicit\u00e9 et la commodit\u00e9 dans leur alimentation quotidienne. Un produit honn\u00eate, fonctionnel et facile \u00e0 d\u00e9guster en toute occasion.<\/p>","protected":false},"excerpt":{"rendered":"<p>Les poitrines de poulet r\u00f4tis au four Campofr\u00edo NaturArte en paquet de 90 g sont destin\u00e9s \u00e0 ceux qui souhaitent bien manger sans se compliquer la vie.<\/p>","protected":false},"featured_media":1890,"comment_status":"closed","ping_status":"closed","template":"","meta":[],"product_brand":[107],"product_cat":[233],"product_tag":[],"class_list":{"0":"post-1889","1":"product","2":"type-product","3":"status-publish","4":"has-post-thumbnail","6":"product_brand-campofrio","7":"product_cat-embutidos-espanoles","9":"first","10":"instock","11":"shipping-taxable","12":"purchasable","13":"product-type-simple"},"yoast_head":"<!-- This site is optimized with the Yoast SEO plugin v27.3 - https:\/\/yoast.com\/product\/yoast-seo-wordpress\/ -->\n<title>Pechuguitas de Pollo Asadas al Horno Campofr\u00edo - Iberoo<\/title>\n<meta name=\"description\" content=\"Las pechuguitas de pollo asadas al horno Campofr\u00edo NaturArte est\u00e1n pensadas para quienes buscan comer bien sin complicarse la vida.\" \/>\n<meta name=\"robots\" content=\"index, follow, max-snippet:-1, max-image-preview:large, max-video-preview:-1\" \/>\n<link rel=\"canonical\" href=\"https:\/\/iberoo.com\/fr\/produit\/poitrines-de-poulet-roties-au-four-campofrio\/\" \/>\n<meta property=\"og:locale\" content=\"fr_FR\" \/>\n<meta property=\"og:type\" content=\"article\" \/>\n<meta property=\"og:title\" content=\"Pechuguitas de Pollo Asadas al Horno Campofr\u00edo - Iberoo\" \/>\n<meta property=\"og:description\" content=\"Las pechuguitas de pollo asadas al horno Campofr\u00edo NaturArte est\u00e1n pensadas para quienes buscan comer bien sin complicarse la vida.\" \/>\n<meta property=\"og:url\" content=\"https:\/\/iberoo.com\/fr\/produit\/poitrines-de-poulet-roties-au-four-campofrio\/\" \/>\n<meta property=\"og:site_name\" content=\"Iberoo\" \/>\n<meta property=\"article:modified_time\" content=\"2026-04-05T01:30:11+00:00\" \/>\n<meta property=\"og:image\" content=\"https:\/\/iberoo.com\/wp-content\/uploads\/2025\/12\/campofrio-pechuguitas-pollo.jpg\" \/>\n\t<meta property=\"og:image:width\" content=\"1200\" \/>\n\t<meta property=\"og:image:height\" content=\"1200\" \/>\n\t<meta property=\"og:image:type\" content=\"image\/jpeg\" \/>\n<meta name=\"twitter:card\" content=\"summary_large_image\" \/>\n<meta name=\"twitter:label1\" content=\"Prix\" \/>\n\t<meta name=\"twitter:data1\" content=\"3,00&nbsp;&euro;\" \/>\n\t<meta name=\"twitter:label2\" content=\"Disponibilit\u00e9\" \/>\n\t<meta name=\"twitter:data2\" content=\"En stock\" \/>\n<script type=\"application\/ld+json\" class=\"yoast-schema-graph\">{\"@context\":\"https:\\\/\\\/schema.org\",\"@graph\":[{\"@type\":\"WebPage\",\"@id\":\"https:\\\/\\\/iberoo.com\\\/producto\\\/pechuguitas-de-pollo-asadas-al-horno-campofrio\\\/\",\"url\":\"https:\\\/\\\/iberoo.com\\\/producto\\\/pechuguitas-de-pollo-asadas-al-horno-campofrio\\\/\",\"name\":\"Pechuguitas de Pollo Asadas al Horno Campofr\u00edo - Iberoo\",\"isPartOf\":{\"@id\":\"https:\\\/\\\/iberoo.com\\\/#website\"},\"primaryImageOfPage\":{\"@id\":\"https:\\\/\\\/iberoo.com\\\/producto\\\/pechuguitas-de-pollo-asadas-al-horno-campofrio\\\/#primaryimage\"},\"image\":{\"@id\":\"https:\\\/\\\/iberoo.com\\\/producto\\\/pechuguitas-de-pollo-asadas-al-horno-campofrio\\\/#primaryimage\"},\"thumbnailUrl\":\"https:\\\/\\\/iberoo.com\\\/wp-content\\\/uploads\\\/2025\\\/12\\\/campofrio-pechuguitas-pollo.jpg\",\"datePublished\":\"2025-12-21T10:49:59+00:00\",\"dateModified\":\"2026-04-05T01:30:11+00:00\",\"description\":\"Las pechuguitas de pollo asadas al horno Campofr\u00edo NaturArte est\u00e1n pensadas para quienes buscan comer bien sin complicarse la vida.\",\"breadcrumb\":{\"@id\":\"https:\\\/\\\/iberoo.com\\\/producto\\\/pechuguitas-de-pollo-asadas-al-horno-campofrio\\\/#breadcrumb\"},\"inLanguage\":\"fr-FR\",\"potentialAction\":[{\"@type\":\"ReadAction\",\"target\":[\"https:\\\/\\\/iberoo.com\\\/producto\\\/pechuguitas-de-pollo-asadas-al-horno-campofrio\\\/\"]}]},{\"@type\":\"ImageObject\",\"inLanguage\":\"fr-FR\",\"@id\":\"https:\\\/\\\/iberoo.com\\\/producto\\\/pechuguitas-de-pollo-asadas-al-horno-campofrio\\\/#primaryimage\",\"url\":\"https:\\\/\\\/iberoo.com\\\/wp-content\\\/uploads\\\/2025\\\/12\\\/campofrio-pechuguitas-pollo.jpg\",\"contentUrl\":\"https:\\\/\\\/iberoo.com\\\/wp-content\\\/uploads\\\/2025\\\/12\\\/campofrio-pechuguitas-pollo.jpg\",\"width\":1200,\"height\":1200,\"caption\":\"Pechuguitas de Pollo Asadas al Horno Campofr\u00edo\"},{\"@type\":\"BreadcrumbList\",\"@id\":\"https:\\\/\\\/iberoo.com\\\/producto\\\/pechuguitas-de-pollo-asadas-al-horno-campofrio\\\/#breadcrumb\",\"itemListElement\":[{\"@type\":\"ListItem\",\"position\":1,\"name\":\"Portada\",\"item\":\"https:\\\/\\\/iberoo.com\\\/\"},{\"@type\":\"ListItem\",\"position\":2,\"name\":\"Tienda Online\",\"item\":\"https:\\\/\\\/iberoo.com\\\/tienda\\\/\"},{\"@type\":\"ListItem\",\"position\":3,\"name\":\"Pechuguitas de Pollo Asadas al Horno Campofr\u00edo\"}]},{\"@type\":\"WebSite\",\"@id\":\"https:\\\/\\\/iberoo.com\\\/#website\",\"url\":\"https:\\\/\\\/iberoo.com\\\/\",\"name\":\"Iberoo\",\"description\":\"\",\"publisher\":{\"@id\":\"https:\\\/\\\/iberoo.com\\\/#organization\"},\"potentialAction\":[{\"@type\":\"SearchAction\",\"target\":{\"@type\":\"EntryPoint\",\"urlTemplate\":\"https:\\\/\\\/iberoo.com\\\/?s={search_term_string}\"},\"query-input\":{\"@type\":\"PropertyValueSpecification\",\"valueRequired\":true,\"valueName\":\"search_term_string\"}}],\"inLanguage\":\"fr-FR\"},{\"@type\":\"Organization\",\"@id\":\"https:\\\/\\\/iberoo.com\\\/#organization\",\"name\":\"Iberoo\",\"url\":\"https:\\\/\\\/iberoo.com\\\/\",\"logo\":{\"@type\":\"ImageObject\",\"inLanguage\":\"fr-FR\",\"@id\":\"https:\\\/\\\/iberoo.com\\\/#\\\/schema\\\/logo\\\/image\\\/\",\"url\":\"https:\\\/\\\/iberoo.com\\\/wp-content\\\/uploads\\\/2025\\\/11\\\/logo-cuadrado.jpg\",\"contentUrl\":\"https:\\\/\\\/iberoo.com\\\/wp-content\\\/uploads\\\/2025\\\/11\\\/logo-cuadrado.jpg\",\"width\":700,\"height\":700,\"caption\":\"Iberoo\"},\"image\":{\"@id\":\"https:\\\/\\\/iberoo.com\\\/#\\\/schema\\\/logo\\\/image\\\/\"}}]}<\/script>\n<meta property=\"product:brand\" content=\"Campofr\u00edo\" \/>\n<meta property=\"product:price:amount\" content=\"3.00\" \/>\n<meta property=\"product:price:currency\" content=\"EUR\" \/>\n<meta property=\"og:availability\" content=\"instock\" \/>\n<meta property=\"product:availability\" content=\"instock\" \/>\n<meta property=\"product:condition\" content=\"new\" \/>\n<!-- \/ Yoast SEO plugin. -->","yoast_head_json":{"title":"Poitrines de poulet roties au four Campofrio","description":"Les poitrines de poulet r\u00f4tis au four Campofr\u00edo NaturArte sont destin\u00e9s \u00e0 ceux qui souhaitent bien manger sans se compliquer la vie.","robots":{"index":"index","follow":"follow","max-snippet":"max-snippet:-1","max-image-preview":"max-image-preview:large","max-video-preview":"max-video-preview:-1"},"canonical":"https:\/\/iberoo.com\/fr\/produit\/poitrines-de-poulet-roties-au-four-campofrio\/","og_locale":"fr_FR","og_type":"article","og_title":"Pechuguitas de Pollo Asadas al Horno Campofr\u00edo - Iberoo","og_description":"Las pechuguitas de pollo asadas al horno Campofr\u00edo NaturArte est\u00e1n pensadas para quienes buscan comer bien sin complicarse la vida.","og_url":"https:\/\/iberoo.com\/fr\/produit\/poitrines-de-poulet-roties-au-four-campofrio\/","og_site_name":"Iberoo","article_modified_time":"2026-04-05T01:30:11+00:00","og_image":[{"width":1200,"height":1200,"url":"https:\/\/iberoo.com\/wp-content\/uploads\/2025\/12\/campofrio-pechuguitas-pollo.jpg","type":"image\/jpeg"}],"twitter_card":"summary_large_image","twitter_misc":{"Prix":"3,00&nbsp;&euro;","Disponibilit\u00e9":"En stock"},"schema":{"@context":"https:\/\/schema.org","@graph":[{"@type":"WebPage","@id":"https:\/\/iberoo.com\/producto\/pechuguitas-de-pollo-asadas-al-horno-campofrio\/","url":"https:\/\/iberoo.com\/producto\/pechuguitas-de-pollo-asadas-al-horno-campofrio\/","name":"Poitrines de poulet roties au four Campofrio","isPartOf":{"@id":"https:\/\/iberoo.com\/#website"},"primaryImageOfPage":{"@id":"https:\/\/iberoo.com\/producto\/pechuguitas-de-pollo-asadas-al-horno-campofrio\/#primaryimage"},"image":{"@id":"https:\/\/iberoo.com\/producto\/pechuguitas-de-pollo-asadas-al-horno-campofrio\/#primaryimage"},"thumbnailUrl":"https:\/\/iberoo.com\/wp-content\/uploads\/2025\/12\/campofrio-pechuguitas-pollo.jpg","datePublished":"2025-12-21T10:49:59+00:00","dateModified":"2026-04-05T01:30:11+00:00","description":"Les poitrines de poulet r\u00f4tis au four Campofr\u00edo NaturArte sont destin\u00e9s \u00e0 ceux qui souhaitent bien manger sans se compliquer la vie.","breadcrumb":{"@id":"https:\/\/iberoo.com\/producto\/pechuguitas-de-pollo-asadas-al-horno-campofrio\/#breadcrumb"},"inLanguage":"fr-FR","potentialAction":[{"@type":"ReadAction","target":["https:\/\/iberoo.com\/producto\/pechuguitas-de-pollo-asadas-al-horno-campofrio\/"]}]},{"@type":"ImageObject","inLanguage":"fr-FR","@id":"https:\/\/iberoo.com\/producto\/pechuguitas-de-pollo-asadas-al-horno-campofrio\/#primaryimage","url":"https:\/\/iberoo.com\/wp-content\/uploads\/2025\/12\/campofrio-pechuguitas-pollo.jpg","contentUrl":"https:\/\/iberoo.com\/wp-content\/uploads\/2025\/12\/campofrio-pechuguitas-pollo.jpg","width":1200,"height":1200,"caption":"Pechuguitas de Pollo Asadas al Horno Campofr\u00edo"},{"@type":"BreadcrumbList","@id":"https:\/\/iberoo.com\/producto\/pechuguitas-de-pollo-asadas-al-horno-campofrio\/#breadcrumb","itemListElement":[{"@type":"ListItem","position":1,"name":"Portada","item":"https:\/\/iberoo.com\/"},{"@type":"ListItem","position":2,"name":"Tienda Online","item":"https:\/\/iberoo.com\/tienda\/"},{"@type":"ListItem","position":3,"name":"Pechuguitas de Pollo Asadas al Horno Campofr\u00edo"}]},{"@type":"WebSite","@id":"https:\/\/iberoo.com\/#website","url":"https:\/\/iberoo.com\/","name":"Iberoo","description":"","publisher":{"@id":"https:\/\/iberoo.com\/#organization"},"potentialAction":[{"@type":"SearchAction","target":{"@type":"EntryPoint","urlTemplate":"https:\/\/iberoo.com\/?s={search_term_string}"},"query-input":{"@type":"PropertyValueSpecification","valueRequired":true,"valueName":"search_term_string"}}],"inLanguage":"fr-FR"},{"@type":"Organization","@id":"https:\/\/iberoo.com\/#organization","name":"Iberoo","url":"https:\/\/iberoo.com\/","logo":{"@type":"ImageObject","inLanguage":"fr-FR","@id":"https:\/\/iberoo.com\/#\/schema\/logo\/image\/","url":"https:\/\/iberoo.com\/wp-content\/uploads\/2025\/11\/logo-cuadrado.jpg","contentUrl":"https:\/\/iberoo.com\/wp-content\/uploads\/2025\/11\/logo-cuadrado.jpg","width":700,"height":700,"caption":"Iberoo"},"image":{"@id":"https:\/\/iberoo.com\/#\/schema\/logo\/image\/"}}]},"product_brand":"Campofr\u00edo","product_price_amount":"3.00","product_price_currency":"EUR","og_availability":"instock","product_availability":"instock","product_condition":"new"},"_links":{"self":[{"href":"https:\/\/iberoo.com\/fr\/wp-json\/wp\/v2\/product\/1889","targetHints":{"allow":["GET"]}}],"collection":[{"href":"https:\/\/iberoo.com\/fr\/wp-json\/wp\/v2\/product"}],"about":[{"href":"https:\/\/iberoo.com\/fr\/wp-json\/wp\/v2\/types\/product"}],"replies":[{"embeddable":true,"href":"https:\/\/iberoo.com\/fr\/wp-json\/wp\/v2\/comments?post=1889"}],"wp:featuredmedia":[{"embeddable":true,"href":"https:\/\/iberoo.com\/fr\/wp-json\/wp\/v2\/media\/1890"}],"wp:attachment":[{"href":"https:\/\/iberoo.com\/fr\/wp-json\/wp\/v2\/media?parent=1889"}],"wp:term":[{"taxonomy":"product_brand","embeddable":true,"href":"https:\/\/iberoo.com\/fr\/wp-json\/wp\/v2\/product_brand?post=1889"},{"taxonomy":"product_cat","embeddable":true,"href":"https:\/\/iberoo.com\/fr\/wp-json\/wp\/v2\/product_cat?post=1889"},{"taxonomy":"product_tag","embeddable":true,"href":"https:\/\/iberoo.com\/fr\/wp-json\/wp\/v2\/product_tag?post=1889"}],"curies":[{"name":"wp","href":"https:\/\/api.w.org\/{rel}","templated":true}]}}