{"id":1891,"date":"2025-12-21T12:19:42","date_gmt":"2025-12-21T11:19:42","guid":{"rendered":"https:\/\/iberoo.com\/?post_type=product&#038;p=1891"},"modified":"2026-04-05T03:29:52","modified_gmt":"2026-04-05T01:29:52","slug":"jarret-de-jambon-coupe-a-la-main-mrm","status":"publish","type":"product","link":"https:\/\/iberoo.com\/fr\/produit\/jarret-de-jambon-coupe-a-la-main-mrm\/","title":{"rendered":"Jarret de jambon coup\u00e9 \u00e0 la main MRM"},"content":{"rendered":"<p>\u00c9labor\u00e9 selon des m\u00e9thodes traditionnelles et tranch\u00e9 \u00e0 la main par des charcutiers experts, chaque paquet de jambon MRM tranch\u00e9 \u00e0 la main t\u00e9moigne d'un savoir-faire artisanal qui se r\u00e9v\u00e8le tant dans sa texture que dans sa saveur. Aucun processus industriel ni pr\u00e9cipitation ne vise \u00e0 standardiser le r\u00e9sultat\u00a0: chaque tranche est l\u00e9g\u00e8rement diff\u00e9rente, \u00e0 l'image des produits authentiques.<\/p>\n<p>Son ar\u00f4me d\u00e9licat et sa saveur \u00e9quilibr\u00e9e invitent \u00e0 la d\u00e9guster simplement, telle quelle. Elle est parfaite servie froide, accompagn\u00e9e de bon pain, d'un filet d'huile d'olive, ou encore int\u00e9gr\u00e9e \u00e0 un plateau \u00e0 partager. Elle peut \u00e9galement s'incorporer \u00e0 des recettes traditionnelles ou \u00e0 des plats plus d\u00e9contract\u00e9s, y apportant cette touche reconnaissable qui \u00e9voque la cuisine classique.<\/p>\n<p>La d\u00e9coupe \u00e0 la main permet de mieux appr\u00e9cier la qualit\u00e9 du jarret de porc, pr\u00e9servant son moelleux et r\u00e9v\u00e9lant toutes ses subtilit\u00e9s. Les tranches, d'une \u00e9paisseur id\u00e9ale, offrent une texture g\u00e9n\u00e9reuse et savoureuse \u00e0 chaque bouch\u00e9e. Le format de 200 grammes est parfait \u00e0 partager ou \u00e0 d\u00e9guster tranquillement, id\u00e9al pour un repas sp\u00e9cial ou un ap\u00e9ritif raffin\u00e9.<\/p>\n<p>MRM s'engage \u00e0 pr\u00e9server les valeurs de la charcuterie traditionnelle, en proposant un produit authentique, fid\u00e8le \u00e0 ses origines. Ce jarret de porc s\u00e9ch\u00e9 ne cherche pas \u00e0 impressionner par des artifices, mais plut\u00f4t \u00e0 vous s\u00e9duire par sa simplicit\u00e9, sa saveur et le respect d'une tradition qui se r\u00e9v\u00e8le d\u00e8s la premi\u00e8re bouch\u00e9e.<\/p>","protected":false},"excerpt":{"rendered":"<p>Le jarret de porc MRM est un produit qui incarne la tradition, le respect du savoir-faire et le soin apport\u00e9 \u00e0 sa fabrication, fruit d'une longue exp\u00e9rience. Paquet de 200 g.<\/p>","protected":false},"featured_media":1892,"comment_status":"closed","ping_status":"closed","template":"","meta":[],"product_brand":[154],"product_cat":[233],"product_tag":[],"class_list":{"0":"post-1891","1":"product","2":"type-product","3":"status-publish","4":"has-post-thumbnail","6":"product_brand-mrm","7":"product_cat-embutidos-espanoles","9":"first","10":"instock","11":"shipping-taxable","12":"purchasable","13":"product-type-simple"},"yoast_head":"<!-- This site is optimized with the Yoast SEO plugin v27.3 - https:\/\/yoast.com\/product\/yoast-seo-wordpress\/ -->\n<title>Lac\u00f3n Cortado a Mano MRM - Iberoo<\/title>\n<meta name=\"description\" content=\"El lac\u00f3n MRM es un producto que habla de tradici\u00f3n, de respeto por el oficio y de ese cuidado que solo se consigue con el tiempo y la experiencia.\" \/>\n<meta name=\"robots\" content=\"index, follow, max-snippet:-1, max-image-preview:large, max-video-preview:-1\" \/>\n<link rel=\"canonical\" href=\"https:\/\/iberoo.com\/fr\/produit\/jarret-de-jambon-coupe-a-la-main-mrm\/\" \/>\n<meta property=\"og:locale\" content=\"fr_FR\" \/>\n<meta property=\"og:type\" content=\"article\" \/>\n<meta property=\"og:title\" content=\"Lac\u00f3n Cortado a Mano MRM - Iberoo\" \/>\n<meta property=\"og:description\" content=\"El lac\u00f3n MRM es un producto que habla de tradici\u00f3n, de respeto por el oficio y de ese cuidado que solo se consigue con el tiempo y la experiencia.\" \/>\n<meta property=\"og:url\" content=\"https:\/\/iberoo.com\/fr\/produit\/jarret-de-jambon-coupe-a-la-main-mrm\/\" \/>\n<meta property=\"og:site_name\" content=\"Iberoo\" \/>\n<meta property=\"article:modified_time\" content=\"2026-04-05T01:29:52+00:00\" \/>\n<meta property=\"og:image\" content=\"https:\/\/iberoo.com\/wp-content\/uploads\/2025\/12\/mrm-lacon-cortado-a-mano.jpg\" \/>\n\t<meta property=\"og:image:width\" content=\"1200\" \/>\n\t<meta property=\"og:image:height\" content=\"1200\" \/>\n\t<meta property=\"og:image:type\" content=\"image\/jpeg\" \/>\n<meta name=\"twitter:card\" content=\"summary_large_image\" \/>\n<meta name=\"twitter:label1\" content=\"Prix\" \/>\n\t<meta name=\"twitter:data1\" content=\"6,03&nbsp;&euro;\" \/>\n\t<meta name=\"twitter:label2\" content=\"Disponibilit\u00e9\" \/>\n\t<meta name=\"twitter:data2\" content=\"En stock\" \/>\n<script type=\"application\/ld+json\" class=\"yoast-schema-graph\">{\"@context\":\"https:\\\/\\\/schema.org\",\"@graph\":[{\"@type\":\"WebPage\",\"@id\":\"https:\\\/\\\/iberoo.com\\\/producto\\\/lacon-cortado-a-mano-mrm\\\/\",\"url\":\"https:\\\/\\\/iberoo.com\\\/producto\\\/lacon-cortado-a-mano-mrm\\\/\",\"name\":\"Lac\u00f3n Cortado a Mano MRM - Iberoo\",\"isPartOf\":{\"@id\":\"https:\\\/\\\/iberoo.com\\\/#website\"},\"primaryImageOfPage\":{\"@id\":\"https:\\\/\\\/iberoo.com\\\/producto\\\/lacon-cortado-a-mano-mrm\\\/#primaryimage\"},\"image\":{\"@id\":\"https:\\\/\\\/iberoo.com\\\/producto\\\/lacon-cortado-a-mano-mrm\\\/#primaryimage\"},\"thumbnailUrl\":\"https:\\\/\\\/iberoo.com\\\/wp-content\\\/uploads\\\/2025\\\/12\\\/mrm-lacon-cortado-a-mano.jpg\",\"datePublished\":\"2025-12-21T11:19:42+00:00\",\"dateModified\":\"2026-04-05T01:29:52+00:00\",\"description\":\"El lac\u00f3n MRM es un producto que habla de tradici\u00f3n, de respeto por el oficio y de ese cuidado que solo se consigue con el tiempo y la experiencia.\",\"breadcrumb\":{\"@id\":\"https:\\\/\\\/iberoo.com\\\/producto\\\/lacon-cortado-a-mano-mrm\\\/#breadcrumb\"},\"inLanguage\":\"fr-FR\",\"potentialAction\":[{\"@type\":\"ReadAction\",\"target\":[\"https:\\\/\\\/iberoo.com\\\/producto\\\/lacon-cortado-a-mano-mrm\\\/\"]}]},{\"@type\":\"ImageObject\",\"inLanguage\":\"fr-FR\",\"@id\":\"https:\\\/\\\/iberoo.com\\\/producto\\\/lacon-cortado-a-mano-mrm\\\/#primaryimage\",\"url\":\"https:\\\/\\\/iberoo.com\\\/wp-content\\\/uploads\\\/2025\\\/12\\\/mrm-lacon-cortado-a-mano.jpg\",\"contentUrl\":\"https:\\\/\\\/iberoo.com\\\/wp-content\\\/uploads\\\/2025\\\/12\\\/mrm-lacon-cortado-a-mano.jpg\",\"width\":1200,\"height\":1200,\"caption\":\"Lac\u00f3n Cortado a Mano MRM\"},{\"@type\":\"BreadcrumbList\",\"@id\":\"https:\\\/\\\/iberoo.com\\\/producto\\\/lacon-cortado-a-mano-mrm\\\/#breadcrumb\",\"itemListElement\":[{\"@type\":\"ListItem\",\"position\":1,\"name\":\"Portada\",\"item\":\"https:\\\/\\\/iberoo.com\\\/\"},{\"@type\":\"ListItem\",\"position\":2,\"name\":\"Tienda Online\",\"item\":\"https:\\\/\\\/iberoo.com\\\/tienda\\\/\"},{\"@type\":\"ListItem\",\"position\":3,\"name\":\"Lac\u00f3n Cortado a Mano MRM\"}]},{\"@type\":\"WebSite\",\"@id\":\"https:\\\/\\\/iberoo.com\\\/#website\",\"url\":\"https:\\\/\\\/iberoo.com\\\/\",\"name\":\"Iberoo\",\"description\":\"\",\"publisher\":{\"@id\":\"https:\\\/\\\/iberoo.com\\\/#organization\"},\"potentialAction\":[{\"@type\":\"SearchAction\",\"target\":{\"@type\":\"EntryPoint\",\"urlTemplate\":\"https:\\\/\\\/iberoo.com\\\/?s={search_term_string}\"},\"query-input\":{\"@type\":\"PropertyValueSpecification\",\"valueRequired\":true,\"valueName\":\"search_term_string\"}}],\"inLanguage\":\"fr-FR\"},{\"@type\":\"Organization\",\"@id\":\"https:\\\/\\\/iberoo.com\\\/#organization\",\"name\":\"Iberoo\",\"url\":\"https:\\\/\\\/iberoo.com\\\/\",\"logo\":{\"@type\":\"ImageObject\",\"inLanguage\":\"fr-FR\",\"@id\":\"https:\\\/\\\/iberoo.com\\\/#\\\/schema\\\/logo\\\/image\\\/\",\"url\":\"https:\\\/\\\/iberoo.com\\\/wp-content\\\/uploads\\\/2025\\\/11\\\/logo-cuadrado.jpg\",\"contentUrl\":\"https:\\\/\\\/iberoo.com\\\/wp-content\\\/uploads\\\/2025\\\/11\\\/logo-cuadrado.jpg\",\"width\":700,\"height\":700,\"caption\":\"Iberoo\"},\"image\":{\"@id\":\"https:\\\/\\\/iberoo.com\\\/#\\\/schema\\\/logo\\\/image\\\/\"}}]}<\/script>\n<meta property=\"product:brand\" content=\"MRM\" \/>\n<meta property=\"product:price:amount\" content=\"6.03\" \/>\n<meta property=\"product:price:currency\" content=\"EUR\" \/>\n<meta property=\"og:availability\" content=\"instock\" \/>\n<meta property=\"product:availability\" content=\"instock\" \/>\n<meta property=\"product:condition\" content=\"new\" \/>\n<!-- \/ Yoast SEO plugin. -->","yoast_head_json":{"title":"Jarret de jambon coup\u00e9 \u00e0 la main MRM - Iberoo","description":"Le jarret de porc MRM est un produit qui t\u00e9moigne de la tradition, du respect du savoir-faire et du soin qui ne s'acquiert qu'avec le temps et l'exp\u00e9rience.","robots":{"index":"index","follow":"follow","max-snippet":"max-snippet:-1","max-image-preview":"max-image-preview:large","max-video-preview":"max-video-preview:-1"},"canonical":"https:\/\/iberoo.com\/fr\/produit\/jarret-de-jambon-coupe-a-la-main-mrm\/","og_locale":"fr_FR","og_type":"article","og_title":"Lac\u00f3n Cortado a Mano MRM - Iberoo","og_description":"El lac\u00f3n MRM es un producto que habla de tradici\u00f3n, de respeto por el oficio y de ese cuidado que solo se consigue con el tiempo y la experiencia.","og_url":"https:\/\/iberoo.com\/fr\/produit\/jarret-de-jambon-coupe-a-la-main-mrm\/","og_site_name":"Iberoo","article_modified_time":"2026-04-05T01:29:52+00:00","og_image":[{"width":1200,"height":1200,"url":"https:\/\/iberoo.com\/wp-content\/uploads\/2025\/12\/mrm-lacon-cortado-a-mano.jpg","type":"image\/jpeg"}],"twitter_card":"summary_large_image","twitter_misc":{"Prix":"6,03&nbsp;&euro;","Disponibilit\u00e9":"En stock"},"schema":{"@context":"https:\/\/schema.org","@graph":[{"@type":"WebPage","@id":"https:\/\/iberoo.com\/producto\/lacon-cortado-a-mano-mrm\/","url":"https:\/\/iberoo.com\/producto\/lacon-cortado-a-mano-mrm\/","name":"Jarret de jambon coup\u00e9 \u00e0 la main MRM - Iberoo","isPartOf":{"@id":"https:\/\/iberoo.com\/#website"},"primaryImageOfPage":{"@id":"https:\/\/iberoo.com\/producto\/lacon-cortado-a-mano-mrm\/#primaryimage"},"image":{"@id":"https:\/\/iberoo.com\/producto\/lacon-cortado-a-mano-mrm\/#primaryimage"},"thumbnailUrl":"https:\/\/iberoo.com\/wp-content\/uploads\/2025\/12\/mrm-lacon-cortado-a-mano.jpg","datePublished":"2025-12-21T11:19:42+00:00","dateModified":"2026-04-05T01:29:52+00:00","description":"Le jarret de porc MRM est un produit qui t\u00e9moigne de la tradition, du respect du savoir-faire et du soin qui ne s'acquiert qu'avec le temps et l'exp\u00e9rience.","breadcrumb":{"@id":"https:\/\/iberoo.com\/producto\/lacon-cortado-a-mano-mrm\/#breadcrumb"},"inLanguage":"fr-FR","potentialAction":[{"@type":"ReadAction","target":["https:\/\/iberoo.com\/producto\/lacon-cortado-a-mano-mrm\/"]}]},{"@type":"ImageObject","inLanguage":"fr-FR","@id":"https:\/\/iberoo.com\/producto\/lacon-cortado-a-mano-mrm\/#primaryimage","url":"https:\/\/iberoo.com\/wp-content\/uploads\/2025\/12\/mrm-lacon-cortado-a-mano.jpg","contentUrl":"https:\/\/iberoo.com\/wp-content\/uploads\/2025\/12\/mrm-lacon-cortado-a-mano.jpg","width":1200,"height":1200,"caption":"Lac\u00f3n Cortado a Mano MRM"},{"@type":"BreadcrumbList","@id":"https:\/\/iberoo.com\/producto\/lacon-cortado-a-mano-mrm\/#breadcrumb","itemListElement":[{"@type":"ListItem","position":1,"name":"Portada","item":"https:\/\/iberoo.com\/"},{"@type":"ListItem","position":2,"name":"Tienda Online","item":"https:\/\/iberoo.com\/tienda\/"},{"@type":"ListItem","position":3,"name":"Lac\u00f3n Cortado a Mano MRM"}]},{"@type":"WebSite","@id":"https:\/\/iberoo.com\/#website","url":"https:\/\/iberoo.com\/","name":"Iberoo","description":"","publisher":{"@id":"https:\/\/iberoo.com\/#organization"},"potentialAction":[{"@type":"SearchAction","target":{"@type":"EntryPoint","urlTemplate":"https:\/\/iberoo.com\/?s={search_term_string}"},"query-input":{"@type":"PropertyValueSpecification","valueRequired":true,"valueName":"search_term_string"}}],"inLanguage":"fr-FR"},{"@type":"Organization","@id":"https:\/\/iberoo.com\/#organization","name":"Iberoo","url":"https:\/\/iberoo.com\/","logo":{"@type":"ImageObject","inLanguage":"fr-FR","@id":"https:\/\/iberoo.com\/#\/schema\/logo\/image\/","url":"https:\/\/iberoo.com\/wp-content\/uploads\/2025\/11\/logo-cuadrado.jpg","contentUrl":"https:\/\/iberoo.com\/wp-content\/uploads\/2025\/11\/logo-cuadrado.jpg","width":700,"height":700,"caption":"Iberoo"},"image":{"@id":"https:\/\/iberoo.com\/#\/schema\/logo\/image\/"}}]},"product_brand":"MRM","product_price_amount":"6.03","product_price_currency":"EUR","og_availability":"instock","product_availability":"instock","product_condition":"new"},"_links":{"self":[{"href":"https:\/\/iberoo.com\/fr\/wp-json\/wp\/v2\/product\/1891","targetHints":{"allow":["GET"]}}],"collection":[{"href":"https:\/\/iberoo.com\/fr\/wp-json\/wp\/v2\/product"}],"about":[{"href":"https:\/\/iberoo.com\/fr\/wp-json\/wp\/v2\/types\/product"}],"replies":[{"embeddable":true,"href":"https:\/\/iberoo.com\/fr\/wp-json\/wp\/v2\/comments?post=1891"}],"wp:featuredmedia":[{"embeddable":true,"href":"https:\/\/iberoo.com\/fr\/wp-json\/wp\/v2\/media\/1892"}],"wp:attachment":[{"href":"https:\/\/iberoo.com\/fr\/wp-json\/wp\/v2\/media?parent=1891"}],"wp:term":[{"taxonomy":"product_brand","embeddable":true,"href":"https:\/\/iberoo.com\/fr\/wp-json\/wp\/v2\/product_brand?post=1891"},{"taxonomy":"product_cat","embeddable":true,"href":"https:\/\/iberoo.com\/fr\/wp-json\/wp\/v2\/product_cat?post=1891"},{"taxonomy":"product_tag","embeddable":true,"href":"https:\/\/iberoo.com\/fr\/wp-json\/wp\/v2\/product_tag?post=1891"}],"curies":[{"name":"wp","href":"https:\/\/api.w.org\/{rel}","templated":true}]}}