{"id":1895,"date":"2025-12-21T12:51:56","date_gmt":"2025-12-21T11:51:56","guid":{"rendered":"https:\/\/iberoo.com\/?post_type=product&#038;p=1895"},"modified":"2026-04-05T03:29:18","modified_gmt":"2026-04-05T01:29:18","slug":"poitrine-de-dinde-en-des-serrano","status":"publish","type":"product","link":"https:\/\/iberoo.com\/fr\/produit\/poitrine-de-dinde-en-des-serrano\/","title":{"rendered":"Poitrine de dinde en d\u00e9s Serrano"},"content":{"rendered":"<p>Les d\u00e9s de dinde Serrano sont con\u00e7us pour simplifier la cuisine de tous les jours sans compromis sur la saveur ni la praticit\u00e9. Pr\u00e9sent\u00e9s en petits cubes pr\u00eats \u00e0 l'emploi, ils permettent un gain de temps et simplifient la pr\u00e9paration de nombreux plats courants. C'est une option pratique pour ceux qui recherchent des ingr\u00e9dients polyvalents, faciles \u00e0 manipuler et adaptables \u00e0 une vari\u00e9t\u00e9 de recettes, chaudes ou froides.<\/p>\n<p>Sa saveur est douce et \u00e9quilibr\u00e9e, avec une texture agr\u00e9able qui conserve bien sa forme \u00e0 la cuisson. Ces d\u00e9s de dinde se marient \u00e0 merveille avec les saut\u00e9s rapides, les \u0153ufs brouill\u00e9s, les plats de riz ou de p\u00e2tes, mais aussi avec les salades copieuses, les bols ou les recettes froides o\u00f9 l'on souhaite un ingr\u00e9dient l\u00e9ger et facile \u00e0 combiner. Pr\u00e9d\u00e9coup\u00e9s, ils s'incorporent parfaitement et se r\u00e9partissent uniform\u00e9ment dans tous les plats.<\/p>\n<p>Ce pot de 150 grammes est con\u00e7u pour plus de praticit\u00e9. Il contient la quantit\u00e9 id\u00e9ale pour pr\u00e9parer un repas sans gaspillage, vous aidant ainsi \u00e0 mieux planifier vos menus de la semaine. De plus, son format facilite le rangement une fois ouvert et vous assure d'avoir toujours un ingr\u00e9dient pr\u00eat \u00e0 l'emploi sous la main, id\u00e9al pour des d\u00e9jeuners improvis\u00e9s ou des d\u00eeners rapides en semaine.<\/p>\n<p>Serrano privil\u00e9gie les solutions simples qui s'int\u00e8grent au quotidien. Ce blanc de dinde en d\u00e9s en est le parfait exemple\u00a0: un produit utile, polyvalent et facile \u00e0 appr\u00e9cier, con\u00e7u pour ceux qui privil\u00e9gient la praticit\u00e9 en cuisine sans sacrifier le plaisir gustatif.<\/p>","protected":false},"excerpt":{"rendered":"<p>Les d\u00e9s de poitrine de dinde Serrano en sachets individuels de 150 g constituent un ajout id\u00e9al et facile \u00e0 avoir toujours sous la main dans la cuisine.<\/p>","protected":false},"featured_media":1896,"comment_status":"closed","ping_status":"closed","template":"","meta":[],"product_brand":[155],"product_cat":[233],"product_tag":[],"class_list":{"0":"post-1895","1":"product","2":"type-product","3":"status-publish","4":"has-post-thumbnail","6":"product_brand-serrano","7":"product_cat-embutidos-espanoles","9":"first","10":"instock","11":"shipping-taxable","12":"purchasable","13":"product-type-simple"},"yoast_head":"<!-- This site is optimized with the Yoast SEO plugin v27.3 - https:\/\/yoast.com\/product\/yoast-seo-wordpress\/ -->\n<title>Pechuga de Pavo en Dados Serrano - Iberoo<\/title>\n<meta name=\"description\" content=\"La pechuga de pavo en dados de Serrano es un complemento ideal y f\u00e1cil para tener como recurso siempre en la cocina.\" \/>\n<meta name=\"robots\" content=\"index, follow, max-snippet:-1, max-image-preview:large, max-video-preview:-1\" \/>\n<link rel=\"canonical\" href=\"https:\/\/iberoo.com\/fr\/produit\/poitrine-de-dinde-en-des-serrano\/\" \/>\n<meta property=\"og:locale\" content=\"fr_FR\" \/>\n<meta property=\"og:type\" content=\"article\" \/>\n<meta property=\"og:title\" content=\"Pechuga de Pavo en Dados Serrano - Iberoo\" \/>\n<meta property=\"og:description\" content=\"La pechuga de pavo en dados de Serrano es un complemento ideal y f\u00e1cil para tener como recurso siempre en la cocina.\" \/>\n<meta property=\"og:url\" content=\"https:\/\/iberoo.com\/fr\/produit\/poitrine-de-dinde-en-des-serrano\/\" \/>\n<meta property=\"og:site_name\" content=\"Iberoo\" \/>\n<meta property=\"article:modified_time\" content=\"2026-04-05T01:29:18+00:00\" \/>\n<meta property=\"og:image\" content=\"https:\/\/iberoo.com\/wp-content\/uploads\/2025\/12\/serrano-pechuga-pavo-dados.jpg\" \/>\n\t<meta property=\"og:image:width\" content=\"1200\" \/>\n\t<meta property=\"og:image:height\" content=\"1200\" \/>\n\t<meta property=\"og:image:type\" content=\"image\/jpeg\" \/>\n<meta name=\"twitter:card\" content=\"summary_large_image\" \/>\n<meta name=\"twitter:label1\" content=\"Prix\" \/>\n\t<meta name=\"twitter:data1\" content=\"3,08&nbsp;&euro;\" \/>\n\t<meta name=\"twitter:label2\" content=\"Disponibilit\u00e9\" \/>\n\t<meta name=\"twitter:data2\" content=\"En stock\" \/>\n<script type=\"application\/ld+json\" class=\"yoast-schema-graph\">{\"@context\":\"https:\\\/\\\/schema.org\",\"@graph\":[{\"@type\":\"WebPage\",\"@id\":\"https:\\\/\\\/iberoo.com\\\/producto\\\/pechuga-de-pavo-en-dados-serrano\\\/\",\"url\":\"https:\\\/\\\/iberoo.com\\\/producto\\\/pechuga-de-pavo-en-dados-serrano\\\/\",\"name\":\"Pechuga de Pavo en Dados Serrano - Iberoo\",\"isPartOf\":{\"@id\":\"https:\\\/\\\/iberoo.com\\\/#website\"},\"primaryImageOfPage\":{\"@id\":\"https:\\\/\\\/iberoo.com\\\/producto\\\/pechuga-de-pavo-en-dados-serrano\\\/#primaryimage\"},\"image\":{\"@id\":\"https:\\\/\\\/iberoo.com\\\/producto\\\/pechuga-de-pavo-en-dados-serrano\\\/#primaryimage\"},\"thumbnailUrl\":\"https:\\\/\\\/iberoo.com\\\/wp-content\\\/uploads\\\/2025\\\/12\\\/serrano-pechuga-pavo-dados.jpg\",\"datePublished\":\"2025-12-21T11:51:56+00:00\",\"dateModified\":\"2026-04-05T01:29:18+00:00\",\"description\":\"La pechuga de pavo en dados de Serrano es un complemento ideal y f\u00e1cil para tener como recurso siempre en la cocina.\",\"breadcrumb\":{\"@id\":\"https:\\\/\\\/iberoo.com\\\/producto\\\/pechuga-de-pavo-en-dados-serrano\\\/#breadcrumb\"},\"inLanguage\":\"fr-FR\",\"potentialAction\":[{\"@type\":\"ReadAction\",\"target\":[\"https:\\\/\\\/iberoo.com\\\/producto\\\/pechuga-de-pavo-en-dados-serrano\\\/\"]}]},{\"@type\":\"ImageObject\",\"inLanguage\":\"fr-FR\",\"@id\":\"https:\\\/\\\/iberoo.com\\\/producto\\\/pechuga-de-pavo-en-dados-serrano\\\/#primaryimage\",\"url\":\"https:\\\/\\\/iberoo.com\\\/wp-content\\\/uploads\\\/2025\\\/12\\\/serrano-pechuga-pavo-dados.jpg\",\"contentUrl\":\"https:\\\/\\\/iberoo.com\\\/wp-content\\\/uploads\\\/2025\\\/12\\\/serrano-pechuga-pavo-dados.jpg\",\"width\":1200,\"height\":1200,\"caption\":\"Pechuga de Pavo en Dados Serrano\"},{\"@type\":\"BreadcrumbList\",\"@id\":\"https:\\\/\\\/iberoo.com\\\/producto\\\/pechuga-de-pavo-en-dados-serrano\\\/#breadcrumb\",\"itemListElement\":[{\"@type\":\"ListItem\",\"position\":1,\"name\":\"Portada\",\"item\":\"https:\\\/\\\/iberoo.com\\\/\"},{\"@type\":\"ListItem\",\"position\":2,\"name\":\"Tienda Online\",\"item\":\"https:\\\/\\\/iberoo.com\\\/tienda\\\/\"},{\"@type\":\"ListItem\",\"position\":3,\"name\":\"Pechuga de Pavo en Dados Serrano\"}]},{\"@type\":\"WebSite\",\"@id\":\"https:\\\/\\\/iberoo.com\\\/#website\",\"url\":\"https:\\\/\\\/iberoo.com\\\/\",\"name\":\"Iberoo\",\"description\":\"\",\"publisher\":{\"@id\":\"https:\\\/\\\/iberoo.com\\\/#organization\"},\"potentialAction\":[{\"@type\":\"SearchAction\",\"target\":{\"@type\":\"EntryPoint\",\"urlTemplate\":\"https:\\\/\\\/iberoo.com\\\/?s={search_term_string}\"},\"query-input\":{\"@type\":\"PropertyValueSpecification\",\"valueRequired\":true,\"valueName\":\"search_term_string\"}}],\"inLanguage\":\"fr-FR\"},{\"@type\":\"Organization\",\"@id\":\"https:\\\/\\\/iberoo.com\\\/#organization\",\"name\":\"Iberoo\",\"url\":\"https:\\\/\\\/iberoo.com\\\/\",\"logo\":{\"@type\":\"ImageObject\",\"inLanguage\":\"fr-FR\",\"@id\":\"https:\\\/\\\/iberoo.com\\\/#\\\/schema\\\/logo\\\/image\\\/\",\"url\":\"https:\\\/\\\/iberoo.com\\\/wp-content\\\/uploads\\\/2025\\\/11\\\/logo-cuadrado.jpg\",\"contentUrl\":\"https:\\\/\\\/iberoo.com\\\/wp-content\\\/uploads\\\/2025\\\/11\\\/logo-cuadrado.jpg\",\"width\":700,\"height\":700,\"caption\":\"Iberoo\"},\"image\":{\"@id\":\"https:\\\/\\\/iberoo.com\\\/#\\\/schema\\\/logo\\\/image\\\/\"}}]}<\/script>\n<meta property=\"product:brand\" content=\"Serrano\" \/>\n<meta property=\"product:price:amount\" content=\"3.08\" \/>\n<meta property=\"product:price:currency\" content=\"EUR\" \/>\n<meta property=\"og:availability\" content=\"instock\" \/>\n<meta property=\"product:availability\" content=\"instock\" \/>\n<meta property=\"product:condition\" content=\"new\" \/>\n<!-- \/ Yoast SEO plugin. -->","yoast_head_json":{"title":"Poitrine de dinde en d\u00e9s Serrano - Iberoo","description":"Les d\u00e9s de poitrine de dinde de Serrano sont un ajout id\u00e9al et facile \u00e0 avoir toujours sous la main dans la cuisine.","robots":{"index":"index","follow":"follow","max-snippet":"max-snippet:-1","max-image-preview":"max-image-preview:large","max-video-preview":"max-video-preview:-1"},"canonical":"https:\/\/iberoo.com\/fr\/produit\/poitrine-de-dinde-en-des-serrano\/","og_locale":"fr_FR","og_type":"article","og_title":"Pechuga de Pavo en Dados Serrano - Iberoo","og_description":"La pechuga de pavo en dados de Serrano es un complemento ideal y f\u00e1cil para tener como recurso siempre en la cocina.","og_url":"https:\/\/iberoo.com\/fr\/produit\/poitrine-de-dinde-en-des-serrano\/","og_site_name":"Iberoo","article_modified_time":"2026-04-05T01:29:18+00:00","og_image":[{"width":1200,"height":1200,"url":"https:\/\/iberoo.com\/wp-content\/uploads\/2025\/12\/serrano-pechuga-pavo-dados.jpg","type":"image\/jpeg"}],"twitter_card":"summary_large_image","twitter_misc":{"Prix":"3,08&nbsp;&euro;","Disponibilit\u00e9":"En stock"},"schema":{"@context":"https:\/\/schema.org","@graph":[{"@type":"WebPage","@id":"https:\/\/iberoo.com\/producto\/pechuga-de-pavo-en-dados-serrano\/","url":"https:\/\/iberoo.com\/producto\/pechuga-de-pavo-en-dados-serrano\/","name":"Poitrine de dinde en d\u00e9s Serrano - Iberoo","isPartOf":{"@id":"https:\/\/iberoo.com\/#website"},"primaryImageOfPage":{"@id":"https:\/\/iberoo.com\/producto\/pechuga-de-pavo-en-dados-serrano\/#primaryimage"},"image":{"@id":"https:\/\/iberoo.com\/producto\/pechuga-de-pavo-en-dados-serrano\/#primaryimage"},"thumbnailUrl":"https:\/\/iberoo.com\/wp-content\/uploads\/2025\/12\/serrano-pechuga-pavo-dados.jpg","datePublished":"2025-12-21T11:51:56+00:00","dateModified":"2026-04-05T01:29:18+00:00","description":"Les d\u00e9s de poitrine de dinde de Serrano sont un ajout id\u00e9al et facile \u00e0 avoir toujours sous la main dans la cuisine.","breadcrumb":{"@id":"https:\/\/iberoo.com\/producto\/pechuga-de-pavo-en-dados-serrano\/#breadcrumb"},"inLanguage":"fr-FR","potentialAction":[{"@type":"ReadAction","target":["https:\/\/iberoo.com\/producto\/pechuga-de-pavo-en-dados-serrano\/"]}]},{"@type":"ImageObject","inLanguage":"fr-FR","@id":"https:\/\/iberoo.com\/producto\/pechuga-de-pavo-en-dados-serrano\/#primaryimage","url":"https:\/\/iberoo.com\/wp-content\/uploads\/2025\/12\/serrano-pechuga-pavo-dados.jpg","contentUrl":"https:\/\/iberoo.com\/wp-content\/uploads\/2025\/12\/serrano-pechuga-pavo-dados.jpg","width":1200,"height":1200,"caption":"Pechuga de Pavo en Dados Serrano"},{"@type":"BreadcrumbList","@id":"https:\/\/iberoo.com\/producto\/pechuga-de-pavo-en-dados-serrano\/#breadcrumb","itemListElement":[{"@type":"ListItem","position":1,"name":"Portada","item":"https:\/\/iberoo.com\/"},{"@type":"ListItem","position":2,"name":"Tienda Online","item":"https:\/\/iberoo.com\/tienda\/"},{"@type":"ListItem","position":3,"name":"Pechuga de Pavo en Dados Serrano"}]},{"@type":"WebSite","@id":"https:\/\/iberoo.com\/#website","url":"https:\/\/iberoo.com\/","name":"Iberoo","description":"","publisher":{"@id":"https:\/\/iberoo.com\/#organization"},"potentialAction":[{"@type":"SearchAction","target":{"@type":"EntryPoint","urlTemplate":"https:\/\/iberoo.com\/?s={search_term_string}"},"query-input":{"@type":"PropertyValueSpecification","valueRequired":true,"valueName":"search_term_string"}}],"inLanguage":"fr-FR"},{"@type":"Organization","@id":"https:\/\/iberoo.com\/#organization","name":"Iberoo","url":"https:\/\/iberoo.com\/","logo":{"@type":"ImageObject","inLanguage":"fr-FR","@id":"https:\/\/iberoo.com\/#\/schema\/logo\/image\/","url":"https:\/\/iberoo.com\/wp-content\/uploads\/2025\/11\/logo-cuadrado.jpg","contentUrl":"https:\/\/iberoo.com\/wp-content\/uploads\/2025\/11\/logo-cuadrado.jpg","width":700,"height":700,"caption":"Iberoo"},"image":{"@id":"https:\/\/iberoo.com\/#\/schema\/logo\/image\/"}}]},"product_brand":"Serrano","product_price_amount":"3.08","product_price_currency":"EUR","og_availability":"instock","product_availability":"instock","product_condition":"new"},"_links":{"self":[{"href":"https:\/\/iberoo.com\/fr\/wp-json\/wp\/v2\/product\/1895","targetHints":{"allow":["GET"]}}],"collection":[{"href":"https:\/\/iberoo.com\/fr\/wp-json\/wp\/v2\/product"}],"about":[{"href":"https:\/\/iberoo.com\/fr\/wp-json\/wp\/v2\/types\/product"}],"replies":[{"embeddable":true,"href":"https:\/\/iberoo.com\/fr\/wp-json\/wp\/v2\/comments?post=1895"}],"wp:featuredmedia":[{"embeddable":true,"href":"https:\/\/iberoo.com\/fr\/wp-json\/wp\/v2\/media\/1896"}],"wp:attachment":[{"href":"https:\/\/iberoo.com\/fr\/wp-json\/wp\/v2\/media?parent=1895"}],"wp:term":[{"taxonomy":"product_brand","embeddable":true,"href":"https:\/\/iberoo.com\/fr\/wp-json\/wp\/v2\/product_brand?post=1895"},{"taxonomy":"product_cat","embeddable":true,"href":"https:\/\/iberoo.com\/fr\/wp-json\/wp\/v2\/product_cat?post=1895"},{"taxonomy":"product_tag","embeddable":true,"href":"https:\/\/iberoo.com\/fr\/wp-json\/wp\/v2\/product_tag?post=1895"}],"curies":[{"name":"wp","href":"https:\/\/api.w.org\/{rel}","templated":true}]}}