{"id":1910,"date":"2025-12-21T15:29:11","date_gmt":"2025-12-21T14:29:11","guid":{"rendered":"https:\/\/iberoo.com\/?post_type=product&#038;p=1910"},"modified":"2026-04-05T03:27:13","modified_gmt":"2026-04-05T01:27:13","slug":"saucisses-de-francfort-campofrio","status":"publish","type":"product","link":"https:\/\/iberoo.com\/fr\/produit\/saucisses-de-francfort-campofrio\/","title":{"rendered":"Saucisses de Francfort Campofr\u00edo"},"content":{"rendered":"<p>Con\u00e7ues pour un usage quotidien, les saucisses de Francfort Campofr\u00edo allient une saveur famili\u00e8re \u00e0 une texture onctueuse qui pla\u00eet aux petits comme aux grands. Elles constituent une ressource pratique \u00e0 toujours avoir au r\u00e9frig\u00e9rateur pour un d\u00eener improvis\u00e9, un d\u00e9jeuner sur le pouce ou un repas simple \u00e0 la maison.<\/p>\n<p>La vari\u00e9t\u00e9 Frankfurt Original offre la m\u00eame saveur traditionnelle que vous connaissez et appr\u00e9ciez, avec un \u00e9quilibre parfait qui se pr\u00eate aussi bien \u00e0 la cuisson \u00e0 l'eau qu'au gril. Id\u00e9ale pour les hot-dogs, les pommes de terre, les assiettes compos\u00e9es ou m\u00eame coup\u00e9e en tranches pour des saut\u00e9s rapides. Le paquet de quatre saucisses de 140 grammes est parfait \u00e0 partager ou pour pr\u00e9parer plusieurs repas en toute simplicit\u00e9.<\/p>\n<p>Par ailleurs, les saucisses de poulet de Francfort constituent une alternative plus l\u00e9g\u00e8re, tout en conservant le moelleux et la saveur caract\u00e9ristique de ce type de produit. Le paquet de 3 saucisses de 140 grammes est pratique pour ceux qui recherchent de la vari\u00e9t\u00e9 ou qui pr\u00e9f\u00e8rent une saveur plus douce, sans pour autant sacrifier la praticit\u00e9.<\/p>\n<p>Ces deux formats sont con\u00e7us pour s'adapter \u00e0 diff\u00e9rentes routines et occasions. Campofr\u00edo s'engage \u00e0 offrir des solutions simples, polyvalentes et fiables, pens\u00e9es pour la vie de tous les jours. Ces saucisses de Francfort s'int\u00e8grent parfaitement aux repas d\u00e9contract\u00e9s, aux repas rapides ou aux recettes simples, devenant un incontournable pratique et toujours appr\u00e9ci\u00e9.<\/p>","protected":false},"excerpt":{"rendered":"<p>Les saucisses de Francfort Campofr\u00edo sont un classique ind\u00e9modable lorsqu'on recherche un repas rapide, savoureux et facile \u00e0 pr\u00e9parer.<\/p>","protected":false},"featured_media":1911,"comment_status":"closed","ping_status":"closed","template":"","meta":[],"product_brand":[107],"product_cat":[233],"product_tag":[],"class_list":{"0":"post-1910","1":"product","2":"type-product","3":"status-publish","4":"has-post-thumbnail","6":"product_brand-campofrio","7":"product_cat-embutidos-espanoles","9":"first","10":"instock","11":"shipping-taxable","12":"purchasable","13":"product-type-variable"},"yoast_head":"<!-- This site is optimized with the Yoast SEO plugin v27.3 - https:\/\/yoast.com\/product\/yoast-seo-wordpress\/ -->\n<title>Salchichas Frankfurt Campofr\u00edo - Iberoo<\/title>\n<meta name=\"description\" content=\"Las salchichas Frankfurt de Campofr\u00edo son un cl\u00e1sico que nunca falla cuando se busca una comida r\u00e1pida, sabrosa y f\u00e1cil de preparar.\" \/>\n<meta name=\"robots\" content=\"index, follow, max-snippet:-1, max-image-preview:large, max-video-preview:-1\" \/>\n<link rel=\"canonical\" href=\"https:\/\/iberoo.com\/fr\/produit\/saucisses-de-francfort-campofrio\/\" \/>\n<meta property=\"og:locale\" content=\"fr_FR\" \/>\n<meta property=\"og:type\" content=\"article\" \/>\n<meta property=\"og:title\" content=\"Salchichas Frankfurt Campofr\u00edo - Iberoo\" \/>\n<meta property=\"og:description\" content=\"Las salchichas Frankfurt de Campofr\u00edo son un cl\u00e1sico que nunca falla cuando se busca una comida r\u00e1pida, sabrosa y f\u00e1cil de preparar.\" \/>\n<meta property=\"og:url\" content=\"https:\/\/iberoo.com\/fr\/produit\/saucisses-de-francfort-campofrio\/\" \/>\n<meta property=\"og:site_name\" content=\"Iberoo\" \/>\n<meta property=\"article:modified_time\" content=\"2026-04-05T01:27:13+00:00\" \/>\n<meta property=\"og:image\" content=\"https:\/\/iberoo.com\/wp-content\/uploads\/2025\/12\/campfrio-salchichas-frankfurt.jpg\" \/>\n\t<meta property=\"og:image:width\" content=\"800\" \/>\n\t<meta property=\"og:image:height\" content=\"800\" \/>\n\t<meta property=\"og:image:type\" content=\"image\/jpeg\" \/>\n<meta name=\"twitter:card\" content=\"summary_large_image\" \/>\n<meta name=\"twitter:label1\" content=\"Disponibilit\u00e9\" \/>\n\t<meta name=\"twitter:data1\" content=\"En stock\" \/>\n<script type=\"application\/ld+json\" class=\"yoast-schema-graph\">{\"@context\":\"https:\\\/\\\/schema.org\",\"@graph\":[{\"@type\":\"WebPage\",\"@id\":\"https:\\\/\\\/iberoo.com\\\/producto\\\/salchichas-frankfurt-campofrio\\\/\",\"url\":\"https:\\\/\\\/iberoo.com\\\/producto\\\/salchichas-frankfurt-campofrio\\\/\",\"name\":\"Salchichas Frankfurt Campofr\u00edo - Iberoo\",\"isPartOf\":{\"@id\":\"https:\\\/\\\/iberoo.com\\\/#website\"},\"primaryImageOfPage\":{\"@id\":\"https:\\\/\\\/iberoo.com\\\/producto\\\/salchichas-frankfurt-campofrio\\\/#primaryimage\"},\"image\":{\"@id\":\"https:\\\/\\\/iberoo.com\\\/producto\\\/salchichas-frankfurt-campofrio\\\/#primaryimage\"},\"thumbnailUrl\":\"https:\\\/\\\/iberoo.com\\\/wp-content\\\/uploads\\\/2025\\\/12\\\/campfrio-salchichas-frankfurt.jpg\",\"datePublished\":\"2025-12-21T14:29:11+00:00\",\"dateModified\":\"2026-04-05T01:27:13+00:00\",\"description\":\"Las salchichas Frankfurt de Campofr\u00edo son un cl\u00e1sico que nunca falla cuando se busca una comida r\u00e1pida, sabrosa y f\u00e1cil de preparar.\",\"breadcrumb\":{\"@id\":\"https:\\\/\\\/iberoo.com\\\/producto\\\/salchichas-frankfurt-campofrio\\\/#breadcrumb\"},\"inLanguage\":\"fr-FR\",\"potentialAction\":[{\"@type\":\"ReadAction\",\"target\":[\"https:\\\/\\\/iberoo.com\\\/producto\\\/salchichas-frankfurt-campofrio\\\/\"]}]},{\"@type\":\"ImageObject\",\"inLanguage\":\"fr-FR\",\"@id\":\"https:\\\/\\\/iberoo.com\\\/producto\\\/salchichas-frankfurt-campofrio\\\/#primaryimage\",\"url\":\"https:\\\/\\\/iberoo.com\\\/wp-content\\\/uploads\\\/2025\\\/12\\\/campfrio-salchichas-frankfurt.jpg\",\"contentUrl\":\"https:\\\/\\\/iberoo.com\\\/wp-content\\\/uploads\\\/2025\\\/12\\\/campfrio-salchichas-frankfurt.jpg\",\"width\":800,\"height\":800,\"caption\":\"Salchichas Frankfurt Campofr\u00edo\"},{\"@type\":\"BreadcrumbList\",\"@id\":\"https:\\\/\\\/iberoo.com\\\/producto\\\/salchichas-frankfurt-campofrio\\\/#breadcrumb\",\"itemListElement\":[{\"@type\":\"ListItem\",\"position\":1,\"name\":\"Portada\",\"item\":\"https:\\\/\\\/iberoo.com\\\/\"},{\"@type\":\"ListItem\",\"position\":2,\"name\":\"Tienda Online\",\"item\":\"https:\\\/\\\/iberoo.com\\\/tienda\\\/\"},{\"@type\":\"ListItem\",\"position\":3,\"name\":\"Salchichas Frankfurt Campofr\u00edo\"}]},{\"@type\":\"WebSite\",\"@id\":\"https:\\\/\\\/iberoo.com\\\/#website\",\"url\":\"https:\\\/\\\/iberoo.com\\\/\",\"name\":\"Iberoo\",\"description\":\"\",\"publisher\":{\"@id\":\"https:\\\/\\\/iberoo.com\\\/#organization\"},\"potentialAction\":[{\"@type\":\"SearchAction\",\"target\":{\"@type\":\"EntryPoint\",\"urlTemplate\":\"https:\\\/\\\/iberoo.com\\\/?s={search_term_string}\"},\"query-input\":{\"@type\":\"PropertyValueSpecification\",\"valueRequired\":true,\"valueName\":\"search_term_string\"}}],\"inLanguage\":\"fr-FR\"},{\"@type\":\"Organization\",\"@id\":\"https:\\\/\\\/iberoo.com\\\/#organization\",\"name\":\"Iberoo\",\"url\":\"https:\\\/\\\/iberoo.com\\\/\",\"logo\":{\"@type\":\"ImageObject\",\"inLanguage\":\"fr-FR\",\"@id\":\"https:\\\/\\\/iberoo.com\\\/#\\\/schema\\\/logo\\\/image\\\/\",\"url\":\"https:\\\/\\\/iberoo.com\\\/wp-content\\\/uploads\\\/2025\\\/11\\\/logo-cuadrado.jpg\",\"contentUrl\":\"https:\\\/\\\/iberoo.com\\\/wp-content\\\/uploads\\\/2025\\\/11\\\/logo-cuadrado.jpg\",\"width\":700,\"height\":700,\"caption\":\"Iberoo\"},\"image\":{\"@id\":\"https:\\\/\\\/iberoo.com\\\/#\\\/schema\\\/logo\\\/image\\\/\"}}]}<\/script>\n<meta property=\"product:brand\" content=\"Campofr\u00edo\" \/>\n<meta property=\"og:availability\" content=\"instock\" \/>\n<meta property=\"product:availability\" content=\"instock\" \/>\n<meta property=\"product:condition\" content=\"new\" \/>\n<!-- \/ Yoast SEO plugin. -->","yoast_head_json":{"title":"Saucisses de Francfort Campofr\u00edo - Iberoo","description":"Les saucisses de Francfort Campofr\u00edo sont un classique ind\u00e9modable lorsqu'on recherche un repas rapide, savoureux et facile \u00e0 pr\u00e9parer.","robots":{"index":"index","follow":"follow","max-snippet":"max-snippet:-1","max-image-preview":"max-image-preview:large","max-video-preview":"max-video-preview:-1"},"canonical":"https:\/\/iberoo.com\/fr\/produit\/saucisses-de-francfort-campofrio\/","og_locale":"fr_FR","og_type":"article","og_title":"Salchichas Frankfurt Campofr\u00edo - Iberoo","og_description":"Las salchichas Frankfurt de Campofr\u00edo son un cl\u00e1sico que nunca falla cuando se busca una comida r\u00e1pida, sabrosa y f\u00e1cil de preparar.","og_url":"https:\/\/iberoo.com\/fr\/produit\/saucisses-de-francfort-campofrio\/","og_site_name":"Iberoo","article_modified_time":"2026-04-05T01:27:13+00:00","og_image":[{"width":800,"height":800,"url":"https:\/\/iberoo.com\/wp-content\/uploads\/2025\/12\/campfrio-salchichas-frankfurt.jpg","type":"image\/jpeg"}],"twitter_card":"summary_large_image","twitter_misc":{"Disponibilit\u00e9":"En stock"},"schema":{"@context":"https:\/\/schema.org","@graph":[{"@type":"WebPage","@id":"https:\/\/iberoo.com\/producto\/salchichas-frankfurt-campofrio\/","url":"https:\/\/iberoo.com\/producto\/salchichas-frankfurt-campofrio\/","name":"Saucisses de Francfort Campofr\u00edo - Iberoo","isPartOf":{"@id":"https:\/\/iberoo.com\/#website"},"primaryImageOfPage":{"@id":"https:\/\/iberoo.com\/producto\/salchichas-frankfurt-campofrio\/#primaryimage"},"image":{"@id":"https:\/\/iberoo.com\/producto\/salchichas-frankfurt-campofrio\/#primaryimage"},"thumbnailUrl":"https:\/\/iberoo.com\/wp-content\/uploads\/2025\/12\/campfrio-salchichas-frankfurt.jpg","datePublished":"2025-12-21T14:29:11+00:00","dateModified":"2026-04-05T01:27:13+00:00","description":"Les saucisses de Francfort Campofr\u00edo sont un classique ind\u00e9modable lorsqu'on recherche un repas rapide, savoureux et facile \u00e0 pr\u00e9parer.","breadcrumb":{"@id":"https:\/\/iberoo.com\/producto\/salchichas-frankfurt-campofrio\/#breadcrumb"},"inLanguage":"fr-FR","potentialAction":[{"@type":"ReadAction","target":["https:\/\/iberoo.com\/producto\/salchichas-frankfurt-campofrio\/"]}]},{"@type":"ImageObject","inLanguage":"fr-FR","@id":"https:\/\/iberoo.com\/producto\/salchichas-frankfurt-campofrio\/#primaryimage","url":"https:\/\/iberoo.com\/wp-content\/uploads\/2025\/12\/campfrio-salchichas-frankfurt.jpg","contentUrl":"https:\/\/iberoo.com\/wp-content\/uploads\/2025\/12\/campfrio-salchichas-frankfurt.jpg","width":800,"height":800,"caption":"Salchichas Frankfurt Campofr\u00edo"},{"@type":"BreadcrumbList","@id":"https:\/\/iberoo.com\/producto\/salchichas-frankfurt-campofrio\/#breadcrumb","itemListElement":[{"@type":"ListItem","position":1,"name":"Portada","item":"https:\/\/iberoo.com\/"},{"@type":"ListItem","position":2,"name":"Tienda Online","item":"https:\/\/iberoo.com\/tienda\/"},{"@type":"ListItem","position":3,"name":"Salchichas Frankfurt Campofr\u00edo"}]},{"@type":"WebSite","@id":"https:\/\/iberoo.com\/#website","url":"https:\/\/iberoo.com\/","name":"Iberoo","description":"","publisher":{"@id":"https:\/\/iberoo.com\/#organization"},"potentialAction":[{"@type":"SearchAction","target":{"@type":"EntryPoint","urlTemplate":"https:\/\/iberoo.com\/?s={search_term_string}"},"query-input":{"@type":"PropertyValueSpecification","valueRequired":true,"valueName":"search_term_string"}}],"inLanguage":"fr-FR"},{"@type":"Organization","@id":"https:\/\/iberoo.com\/#organization","name":"Iberoo","url":"https:\/\/iberoo.com\/","logo":{"@type":"ImageObject","inLanguage":"fr-FR","@id":"https:\/\/iberoo.com\/#\/schema\/logo\/image\/","url":"https:\/\/iberoo.com\/wp-content\/uploads\/2025\/11\/logo-cuadrado.jpg","contentUrl":"https:\/\/iberoo.com\/wp-content\/uploads\/2025\/11\/logo-cuadrado.jpg","width":700,"height":700,"caption":"Iberoo"},"image":{"@id":"https:\/\/iberoo.com\/#\/schema\/logo\/image\/"}}]},"product_brand":"Campofr\u00edo","og_availability":"instock","product_availability":"instock","product_condition":"new"},"_links":{"self":[{"href":"https:\/\/iberoo.com\/fr\/wp-json\/wp\/v2\/product\/1910","targetHints":{"allow":["GET"]}}],"collection":[{"href":"https:\/\/iberoo.com\/fr\/wp-json\/wp\/v2\/product"}],"about":[{"href":"https:\/\/iberoo.com\/fr\/wp-json\/wp\/v2\/types\/product"}],"replies":[{"embeddable":true,"href":"https:\/\/iberoo.com\/fr\/wp-json\/wp\/v2\/comments?post=1910"}],"wp:featuredmedia":[{"embeddable":true,"href":"https:\/\/iberoo.com\/fr\/wp-json\/wp\/v2\/media\/1911"}],"wp:attachment":[{"href":"https:\/\/iberoo.com\/fr\/wp-json\/wp\/v2\/media?parent=1910"}],"wp:term":[{"taxonomy":"product_brand","embeddable":true,"href":"https:\/\/iberoo.com\/fr\/wp-json\/wp\/v2\/product_brand?post=1910"},{"taxonomy":"product_cat","embeddable":true,"href":"https:\/\/iberoo.com\/fr\/wp-json\/wp\/v2\/product_cat?post=1910"},{"taxonomy":"product_tag","embeddable":true,"href":"https:\/\/iberoo.com\/fr\/wp-json\/wp\/v2\/product_tag?post=1910"}],"curies":[{"name":"wp","href":"https:\/\/api.w.org\/{rel}","templated":true}]}}