{"id":1924,"date":"2025-12-22T00:37:34","date_gmt":"2025-12-21T23:37:34","guid":{"rendered":"https:\/\/iberoo.com\/?post_type=product&#038;p=1924"},"modified":"2026-04-05T03:26:20","modified_gmt":"2026-04-05T01:26:20","slug":"saucisses-geantes-oscar-mayer","status":"publish","type":"product","link":"https:\/\/iberoo.com\/fr\/produit\/saucisses-geantes-oscar-mayer\/","title":{"rendered":"Saucisses g\u00e9antes Oscar Mayer"},"content":{"rendered":"<p>Les saucisses g\u00e9antes Oscar Mayer sont con\u00e7ues pour les amateurs de saveurs classiques, dans un format g\u00e9n\u00e9reux qui transforme n'importe quel repas en un festin. Leur taille impressionne imm\u00e9diatement, mais ce qui les rend vraiment irr\u00e9sistibles, c'est leur texture juteuse et ce go\u00fbt reconnaissable entre mille, appr\u00e9ci\u00e9 depuis des g\u00e9n\u00e9rations. Elles sont id\u00e9ales pour ceux qui recherchent une option rapide, savoureuse et facile \u00e0 pr\u00e9parer, sans compromis sur le plaisir.<\/p>\n<p>La vari\u00e9t\u00e9 Jumbo Classique offre le profil le plus traditionnel, avec un \u00e9quilibre parfait qui convient aussi bien \u00e0 la cuisson \u00e0 l'eau qu'\u00e0 la po\u00eale ou au gril. C'est le choix id\u00e9al pour pr\u00e9parer d'authentiques hot-dogs, accompagn\u00e9s de pains, de sauces et de vos garnitures pr\u00e9f\u00e9r\u00e9es. Quant \u00e0 la vari\u00e9t\u00e9 Jumbo au Fromage, elle ajoute une touche de cr\u00e9meux \u00e0 chaque bouch\u00e9e, avec un c\u0153ur fondant qui se r\u00e9chauffe, offrant une saveur unique, particuli\u00e8rement appr\u00e9ci\u00e9e des amateurs de gourmandise.<\/p>\n<p>Ce paquet de 350 grammes contient quatre saucisses de 75 grammes, un format id\u00e9al \u00e0 partager ou pour pr\u00e9parer facilement plusieurs repas. Pratique pour un repas d\u00e9contract\u00e9 \u00e0 la maison, un d\u00eener rapide en semaine ou m\u00eame une soir\u00e9e improvis\u00e9e entre amis.<\/p>\n<p>Oscar Mayer privil\u00e9gie les produits faciles \u00e0 savourer, con\u00e7us pour les moments de d\u00e9tente. Ces saucisses Jumbo sont id\u00e9ales pour les sorties d\u00e9contract\u00e9es\u00a0: elles offrent saveur, praticit\u00e9 et cette touche classique qui fait toujours mouche.<\/p>","protected":false},"excerpt":{"rendered":"<p>Les saucisses Jumbo d'Oscar Mayer sont con\u00e7ues pour les amateurs de saveurs classiques, mais dans un format g\u00e9n\u00e9reux qui transforme n'importe quel repas en un festin. Chaque paquet de 350 g contient 4 saucisses.<\/p>","protected":false},"featured_media":1925,"comment_status":"closed","ping_status":"closed","template":"","meta":[],"product_brand":[157],"product_cat":[233],"product_tag":[],"class_list":{"0":"post-1924","1":"product","2":"type-product","3":"status-publish","4":"has-post-thumbnail","6":"product_brand-oscar-mayer","7":"product_cat-embutidos-espanoles","9":"first","10":"instock","11":"shipping-taxable","12":"purchasable","13":"product-type-variable"},"yoast_head":"<!-- This site is optimized with the Yoast SEO plugin v27.3 - https:\/\/yoast.com\/product\/yoast-seo-wordpress\/ -->\n<title>Salchichas Jumbo Oscar Mayer - Iberoo<\/title>\n<meta name=\"description\" content=\"Las salchichas Jumbo de Oscar Mayer est\u00e1n pensadas para quienes disfrutan de los sabores de siempre, pero con un formato generoso.\" \/>\n<meta name=\"robots\" content=\"index, follow, max-snippet:-1, max-image-preview:large, max-video-preview:-1\" \/>\n<link rel=\"canonical\" href=\"https:\/\/iberoo.com\/fr\/produit\/saucisses-geantes-oscar-mayer\/\" \/>\n<meta property=\"og:locale\" content=\"fr_FR\" \/>\n<meta property=\"og:type\" content=\"article\" \/>\n<meta property=\"og:title\" content=\"Salchichas Jumbo Oscar Mayer - Iberoo\" \/>\n<meta property=\"og:description\" content=\"Las salchichas Jumbo de Oscar Mayer est\u00e1n pensadas para quienes disfrutan de los sabores de siempre, pero con un formato generoso.\" \/>\n<meta property=\"og:url\" content=\"https:\/\/iberoo.com\/fr\/produit\/saucisses-geantes-oscar-mayer\/\" \/>\n<meta property=\"og:site_name\" content=\"Iberoo\" \/>\n<meta property=\"article:modified_time\" content=\"2026-04-05T01:26:20+00:00\" \/>\n<meta property=\"og:image\" content=\"https:\/\/iberoo.com\/wp-content\/uploads\/2025\/12\/oscar-mayer-salchichas-jumbo.jpg\" \/>\n\t<meta property=\"og:image:width\" content=\"800\" \/>\n\t<meta property=\"og:image:height\" content=\"800\" \/>\n\t<meta property=\"og:image:type\" content=\"image\/jpeg\" \/>\n<meta name=\"twitter:card\" content=\"summary_large_image\" \/>\n<meta name=\"twitter:label1\" content=\"Disponibilit\u00e9\" \/>\n\t<meta name=\"twitter:data1\" content=\"En stock\" \/>\n<script type=\"application\/ld+json\" class=\"yoast-schema-graph\">{\"@context\":\"https:\\\/\\\/schema.org\",\"@graph\":[{\"@type\":\"WebPage\",\"@id\":\"https:\\\/\\\/iberoo.com\\\/producto\\\/salchichas-jumbo-oscar-mayer\\\/\",\"url\":\"https:\\\/\\\/iberoo.com\\\/producto\\\/salchichas-jumbo-oscar-mayer\\\/\",\"name\":\"Salchichas Jumbo Oscar Mayer - Iberoo\",\"isPartOf\":{\"@id\":\"https:\\\/\\\/iberoo.com\\\/#website\"},\"primaryImageOfPage\":{\"@id\":\"https:\\\/\\\/iberoo.com\\\/producto\\\/salchichas-jumbo-oscar-mayer\\\/#primaryimage\"},\"image\":{\"@id\":\"https:\\\/\\\/iberoo.com\\\/producto\\\/salchichas-jumbo-oscar-mayer\\\/#primaryimage\"},\"thumbnailUrl\":\"https:\\\/\\\/iberoo.com\\\/wp-content\\\/uploads\\\/2025\\\/12\\\/oscar-mayer-salchichas-jumbo.jpg\",\"datePublished\":\"2025-12-21T23:37:34+00:00\",\"dateModified\":\"2026-04-05T01:26:20+00:00\",\"description\":\"Las salchichas Jumbo de Oscar Mayer est\u00e1n pensadas para quienes disfrutan de los sabores de siempre, pero con un formato generoso.\",\"breadcrumb\":{\"@id\":\"https:\\\/\\\/iberoo.com\\\/producto\\\/salchichas-jumbo-oscar-mayer\\\/#breadcrumb\"},\"inLanguage\":\"fr-FR\",\"potentialAction\":[{\"@type\":\"ReadAction\",\"target\":[\"https:\\\/\\\/iberoo.com\\\/producto\\\/salchichas-jumbo-oscar-mayer\\\/\"]}]},{\"@type\":\"ImageObject\",\"inLanguage\":\"fr-FR\",\"@id\":\"https:\\\/\\\/iberoo.com\\\/producto\\\/salchichas-jumbo-oscar-mayer\\\/#primaryimage\",\"url\":\"https:\\\/\\\/iberoo.com\\\/wp-content\\\/uploads\\\/2025\\\/12\\\/oscar-mayer-salchichas-jumbo.jpg\",\"contentUrl\":\"https:\\\/\\\/iberoo.com\\\/wp-content\\\/uploads\\\/2025\\\/12\\\/oscar-mayer-salchichas-jumbo.jpg\",\"width\":800,\"height\":800,\"caption\":\"Salchichas Jumbo Oscar Mayer\"},{\"@type\":\"BreadcrumbList\",\"@id\":\"https:\\\/\\\/iberoo.com\\\/producto\\\/salchichas-jumbo-oscar-mayer\\\/#breadcrumb\",\"itemListElement\":[{\"@type\":\"ListItem\",\"position\":1,\"name\":\"Portada\",\"item\":\"https:\\\/\\\/iberoo.com\\\/\"},{\"@type\":\"ListItem\",\"position\":2,\"name\":\"Tienda Online\",\"item\":\"https:\\\/\\\/iberoo.com\\\/tienda\\\/\"},{\"@type\":\"ListItem\",\"position\":3,\"name\":\"Salchichas Jumbo Oscar Mayer\"}]},{\"@type\":\"WebSite\",\"@id\":\"https:\\\/\\\/iberoo.com\\\/#website\",\"url\":\"https:\\\/\\\/iberoo.com\\\/\",\"name\":\"Iberoo\",\"description\":\"\",\"publisher\":{\"@id\":\"https:\\\/\\\/iberoo.com\\\/#organization\"},\"potentialAction\":[{\"@type\":\"SearchAction\",\"target\":{\"@type\":\"EntryPoint\",\"urlTemplate\":\"https:\\\/\\\/iberoo.com\\\/?s={search_term_string}\"},\"query-input\":{\"@type\":\"PropertyValueSpecification\",\"valueRequired\":true,\"valueName\":\"search_term_string\"}}],\"inLanguage\":\"fr-FR\"},{\"@type\":\"Organization\",\"@id\":\"https:\\\/\\\/iberoo.com\\\/#organization\",\"name\":\"Iberoo\",\"url\":\"https:\\\/\\\/iberoo.com\\\/\",\"logo\":{\"@type\":\"ImageObject\",\"inLanguage\":\"fr-FR\",\"@id\":\"https:\\\/\\\/iberoo.com\\\/#\\\/schema\\\/logo\\\/image\\\/\",\"url\":\"https:\\\/\\\/iberoo.com\\\/wp-content\\\/uploads\\\/2025\\\/11\\\/logo-cuadrado.jpg\",\"contentUrl\":\"https:\\\/\\\/iberoo.com\\\/wp-content\\\/uploads\\\/2025\\\/11\\\/logo-cuadrado.jpg\",\"width\":700,\"height\":700,\"caption\":\"Iberoo\"},\"image\":{\"@id\":\"https:\\\/\\\/iberoo.com\\\/#\\\/schema\\\/logo\\\/image\\\/\"}}]}<\/script>\n<meta property=\"product:brand\" content=\"Oscar Mayer\" \/>\n<meta property=\"og:availability\" content=\"instock\" \/>\n<meta property=\"product:availability\" content=\"instock\" \/>\n<meta property=\"product:condition\" content=\"new\" \/>\n<!-- \/ Yoast SEO plugin. -->","yoast_head_json":{"title":"Saucisses g\u00e9antes Oscar Mayer - Iberoo","description":"Les saucisses Jumbo d'Oscar Mayer sont con\u00e7ues pour ceux qui appr\u00e9cient les saveurs classiques, mais dans un format g\u00e9n\u00e9reux.","robots":{"index":"index","follow":"follow","max-snippet":"max-snippet:-1","max-image-preview":"max-image-preview:large","max-video-preview":"max-video-preview:-1"},"canonical":"https:\/\/iberoo.com\/fr\/produit\/saucisses-geantes-oscar-mayer\/","og_locale":"fr_FR","og_type":"article","og_title":"Salchichas Jumbo Oscar Mayer - Iberoo","og_description":"Las salchichas Jumbo de Oscar Mayer est\u00e1n pensadas para quienes disfrutan de los sabores de siempre, pero con un formato generoso.","og_url":"https:\/\/iberoo.com\/fr\/produit\/saucisses-geantes-oscar-mayer\/","og_site_name":"Iberoo","article_modified_time":"2026-04-05T01:26:20+00:00","og_image":[{"width":800,"height":800,"url":"https:\/\/iberoo.com\/wp-content\/uploads\/2025\/12\/oscar-mayer-salchichas-jumbo.jpg","type":"image\/jpeg"}],"twitter_card":"summary_large_image","twitter_misc":{"Disponibilit\u00e9":"En stock"},"schema":{"@context":"https:\/\/schema.org","@graph":[{"@type":"WebPage","@id":"https:\/\/iberoo.com\/producto\/salchichas-jumbo-oscar-mayer\/","url":"https:\/\/iberoo.com\/producto\/salchichas-jumbo-oscar-mayer\/","name":"Saucisses g\u00e9antes Oscar Mayer - Iberoo","isPartOf":{"@id":"https:\/\/iberoo.com\/#website"},"primaryImageOfPage":{"@id":"https:\/\/iberoo.com\/producto\/salchichas-jumbo-oscar-mayer\/#primaryimage"},"image":{"@id":"https:\/\/iberoo.com\/producto\/salchichas-jumbo-oscar-mayer\/#primaryimage"},"thumbnailUrl":"https:\/\/iberoo.com\/wp-content\/uploads\/2025\/12\/oscar-mayer-salchichas-jumbo.jpg","datePublished":"2025-12-21T23:37:34+00:00","dateModified":"2026-04-05T01:26:20+00:00","description":"Les saucisses Jumbo d'Oscar Mayer sont con\u00e7ues pour ceux qui appr\u00e9cient les saveurs classiques, mais dans un format g\u00e9n\u00e9reux.","breadcrumb":{"@id":"https:\/\/iberoo.com\/producto\/salchichas-jumbo-oscar-mayer\/#breadcrumb"},"inLanguage":"fr-FR","potentialAction":[{"@type":"ReadAction","target":["https:\/\/iberoo.com\/producto\/salchichas-jumbo-oscar-mayer\/"]}]},{"@type":"ImageObject","inLanguage":"fr-FR","@id":"https:\/\/iberoo.com\/producto\/salchichas-jumbo-oscar-mayer\/#primaryimage","url":"https:\/\/iberoo.com\/wp-content\/uploads\/2025\/12\/oscar-mayer-salchichas-jumbo.jpg","contentUrl":"https:\/\/iberoo.com\/wp-content\/uploads\/2025\/12\/oscar-mayer-salchichas-jumbo.jpg","width":800,"height":800,"caption":"Salchichas Jumbo Oscar Mayer"},{"@type":"BreadcrumbList","@id":"https:\/\/iberoo.com\/producto\/salchichas-jumbo-oscar-mayer\/#breadcrumb","itemListElement":[{"@type":"ListItem","position":1,"name":"Portada","item":"https:\/\/iberoo.com\/"},{"@type":"ListItem","position":2,"name":"Tienda Online","item":"https:\/\/iberoo.com\/tienda\/"},{"@type":"ListItem","position":3,"name":"Salchichas Jumbo Oscar Mayer"}]},{"@type":"WebSite","@id":"https:\/\/iberoo.com\/#website","url":"https:\/\/iberoo.com\/","name":"Iberoo","description":"","publisher":{"@id":"https:\/\/iberoo.com\/#organization"},"potentialAction":[{"@type":"SearchAction","target":{"@type":"EntryPoint","urlTemplate":"https:\/\/iberoo.com\/?s={search_term_string}"},"query-input":{"@type":"PropertyValueSpecification","valueRequired":true,"valueName":"search_term_string"}}],"inLanguage":"fr-FR"},{"@type":"Organization","@id":"https:\/\/iberoo.com\/#organization","name":"Iberoo","url":"https:\/\/iberoo.com\/","logo":{"@type":"ImageObject","inLanguage":"fr-FR","@id":"https:\/\/iberoo.com\/#\/schema\/logo\/image\/","url":"https:\/\/iberoo.com\/wp-content\/uploads\/2025\/11\/logo-cuadrado.jpg","contentUrl":"https:\/\/iberoo.com\/wp-content\/uploads\/2025\/11\/logo-cuadrado.jpg","width":700,"height":700,"caption":"Iberoo"},"image":{"@id":"https:\/\/iberoo.com\/#\/schema\/logo\/image\/"}}]},"product_brand":"Oscar Mayer","og_availability":"instock","product_availability":"instock","product_condition":"new"},"_links":{"self":[{"href":"https:\/\/iberoo.com\/fr\/wp-json\/wp\/v2\/product\/1924","targetHints":{"allow":["GET"]}}],"collection":[{"href":"https:\/\/iberoo.com\/fr\/wp-json\/wp\/v2\/product"}],"about":[{"href":"https:\/\/iberoo.com\/fr\/wp-json\/wp\/v2\/types\/product"}],"replies":[{"embeddable":true,"href":"https:\/\/iberoo.com\/fr\/wp-json\/wp\/v2\/comments?post=1924"}],"wp:featuredmedia":[{"embeddable":true,"href":"https:\/\/iberoo.com\/fr\/wp-json\/wp\/v2\/media\/1925"}],"wp:attachment":[{"href":"https:\/\/iberoo.com\/fr\/wp-json\/wp\/v2\/media?parent=1924"}],"wp:term":[{"taxonomy":"product_brand","embeddable":true,"href":"https:\/\/iberoo.com\/fr\/wp-json\/wp\/v2\/product_brand?post=1924"},{"taxonomy":"product_cat","embeddable":true,"href":"https:\/\/iberoo.com\/fr\/wp-json\/wp\/v2\/product_cat?post=1924"},{"taxonomy":"product_tag","embeddable":true,"href":"https:\/\/iberoo.com\/fr\/wp-json\/wp\/v2\/product_tag?post=1924"}],"curies":[{"name":"wp","href":"https:\/\/api.w.org\/{rel}","templated":true}]}}