{"id":1934,"date":"2025-12-22T01:39:24","date_gmt":"2025-12-22T00:39:24","guid":{"rendered":"https:\/\/iberoo.com\/?post_type=product&#038;p=1934"},"modified":"2026-04-05T03:25:48","modified_gmt":"2026-04-05T01:25:48","slug":"sobrasada-de-majorque-el-zagal","status":"publish","type":"product","link":"https:\/\/iberoo.com\/fr\/produit\/sobrasada-de-majorque-el-zagal\/","title":{"rendered":"Sobrasada de Mallorca El Zagal"},"content":{"rendered":"<p>\u00c9labor\u00e9e selon des recettes d'inspiration majorquine, la Sobrasada Black Label Mallorca d'El Zagal se distingue par sa texture onctueuse et son caract\u00e8re intense, \u00e9quilibr\u00e9 et unique. Chaque cuiller\u00e9e t\u00e9moigne du soin apport\u00e9 \u00e0 la s\u00e9lection des ingr\u00e9dients et du respect d'une m\u00e9thode qui privil\u00e9gie avant tout la saveur.<\/p>\n<p>Son ar\u00f4me est profond et enveloppant, avec ce piquant caract\u00e9ristique qui ouvre instantan\u00e9ment l'app\u00e9tit. Il est parfait tartin\u00e9 sur du pain croustillant, d\u00e9gust\u00e9 l\u00e9g\u00e8rement chaud, ou utilis\u00e9 comme ingr\u00e9dient pour enrichir des recettes simples. Il se marie \u00e0 merveille avec les toasts, les sandwichs, les garnitures, ou m\u00eame comme touche sp\u00e9ciale dans les p\u00e2tes, les plats de riz ou les l\u00e9gumes r\u00f4tis, leur apportant du caract\u00e8re en toute simplicit\u00e9.<\/p>\n<p>Le pot de 200 grammes est particuli\u00e8rement pratique. Il permet de conserver la sobrasada en bon \u00e9tat et de l'utiliser progressivement, en ajustant la quantit\u00e9 selon les besoins. C'est un format pratique pour une consommation quotidienne, mais aussi pour partager lors d'en-cas d\u00e9contract\u00e9s ou de repas sp\u00e9ciaux.<\/p>\n<p>El Zagal s'engage \u00e0 proposer des produits \u00e0 l'identit\u00e9 forte, con\u00e7us pour les amateurs de saveurs authentiques et de traditions culinaires. Cette sobrasada Black Label ne recherche pas l'artifice, mais vise plut\u00f4t \u00e0 offrir une exp\u00e9rience sinc\u00e8re et personnelle, transformant un geste simple, comme l'\u00e9taler sur du pain, en un petit plaisir riche en caract\u00e8re et en saveurs.<\/p>","protected":false},"excerpt":{"rendered":"<p>La sobrasada majorquine Black Label d'El Zagal est un produit qui vous invite \u00e0 savourer des saveurs traditionnelles en toute tranquillit\u00e9, sans pr\u00e9cipitation, et en \u00e9veillant tous vos sens. Pot de 200 g.<\/p>","protected":false},"featured_media":1935,"comment_status":"closed","ping_status":"closed","template":"","meta":[],"product_brand":[162],"product_cat":[233,161],"product_tag":[],"class_list":{"0":"post-1934","1":"product","2":"type-product","3":"status-publish","4":"has-post-thumbnail","6":"product_brand-el-zagal","7":"product_cat-embutidos-espanoles","8":"product_cat-pate-y-untables","10":"first","11":"instock","12":"shipping-taxable","13":"purchasable","14":"product-type-simple"},"yoast_head":"<!-- This site is optimized with the Yoast SEO plugin v27.3 - https:\/\/yoast.com\/product\/yoast-seo-wordpress\/ -->\n<title>Sobrasada de Mallorca El Zagal - Iberoo<\/title>\n<meta name=\"description\" content=\"La sobrasada de Mallorca de El Zagal es un producto que invita a disfrutar del sabor tradicional con calma y con los sentidos puestos en la mesa.\" \/>\n<meta name=\"robots\" content=\"index, follow, max-snippet:-1, max-image-preview:large, max-video-preview:-1\" \/>\n<link rel=\"canonical\" href=\"https:\/\/iberoo.com\/fr\/produit\/sobrasada-de-majorque-el-zagal\/\" \/>\n<meta property=\"og:locale\" content=\"fr_FR\" \/>\n<meta property=\"og:type\" content=\"article\" \/>\n<meta property=\"og:title\" content=\"Sobrasada de Mallorca El Zagal - Iberoo\" \/>\n<meta property=\"og:description\" content=\"La sobrasada de Mallorca de El Zagal es un producto que invita a disfrutar del sabor tradicional con calma y con los sentidos puestos en la mesa.\" \/>\n<meta property=\"og:url\" content=\"https:\/\/iberoo.com\/fr\/produit\/sobrasada-de-majorque-el-zagal\/\" \/>\n<meta property=\"og:site_name\" content=\"Iberoo\" \/>\n<meta property=\"article:modified_time\" content=\"2026-04-05T01:25:48+00:00\" \/>\n<meta property=\"og:image\" content=\"https:\/\/iberoo.com\/wp-content\/uploads\/2025\/12\/el-zagal-sobrasada-mallorca-etiqueta-negra.jpg\" \/>\n\t<meta property=\"og:image:width\" content=\"1200\" \/>\n\t<meta property=\"og:image:height\" content=\"1200\" \/>\n\t<meta property=\"og:image:type\" content=\"image\/jpeg\" \/>\n<meta name=\"twitter:card\" content=\"summary_large_image\" \/>\n<meta name=\"twitter:label1\" content=\"Prix\" \/>\n\t<meta name=\"twitter:data1\" content=\"4,55&nbsp;&euro;\" \/>\n\t<meta name=\"twitter:label2\" content=\"Disponibilit\u00e9\" \/>\n\t<meta name=\"twitter:data2\" content=\"En stock\" \/>\n<script type=\"application\/ld+json\" class=\"yoast-schema-graph\">{\"@context\":\"https:\\\/\\\/schema.org\",\"@graph\":[{\"@type\":\"WebPage\",\"@id\":\"https:\\\/\\\/iberoo.com\\\/producto\\\/sobrasada-de-mallorca-el-zagal\\\/\",\"url\":\"https:\\\/\\\/iberoo.com\\\/producto\\\/sobrasada-de-mallorca-el-zagal\\\/\",\"name\":\"Sobrasada de Mallorca El Zagal - Iberoo\",\"isPartOf\":{\"@id\":\"https:\\\/\\\/iberoo.com\\\/#website\"},\"primaryImageOfPage\":{\"@id\":\"https:\\\/\\\/iberoo.com\\\/producto\\\/sobrasada-de-mallorca-el-zagal\\\/#primaryimage\"},\"image\":{\"@id\":\"https:\\\/\\\/iberoo.com\\\/producto\\\/sobrasada-de-mallorca-el-zagal\\\/#primaryimage\"},\"thumbnailUrl\":\"https:\\\/\\\/iberoo.com\\\/wp-content\\\/uploads\\\/2025\\\/12\\\/el-zagal-sobrasada-mallorca-etiqueta-negra.jpg\",\"datePublished\":\"2025-12-22T00:39:24+00:00\",\"dateModified\":\"2026-04-05T01:25:48+00:00\",\"description\":\"La sobrasada de Mallorca de El Zagal es un producto que invita a disfrutar del sabor tradicional con calma y con los sentidos puestos en la mesa.\",\"breadcrumb\":{\"@id\":\"https:\\\/\\\/iberoo.com\\\/producto\\\/sobrasada-de-mallorca-el-zagal\\\/#breadcrumb\"},\"inLanguage\":\"fr-FR\",\"potentialAction\":[{\"@type\":\"ReadAction\",\"target\":[\"https:\\\/\\\/iberoo.com\\\/producto\\\/sobrasada-de-mallorca-el-zagal\\\/\"]}]},{\"@type\":\"ImageObject\",\"inLanguage\":\"fr-FR\",\"@id\":\"https:\\\/\\\/iberoo.com\\\/producto\\\/sobrasada-de-mallorca-el-zagal\\\/#primaryimage\",\"url\":\"https:\\\/\\\/iberoo.com\\\/wp-content\\\/uploads\\\/2025\\\/12\\\/el-zagal-sobrasada-mallorca-etiqueta-negra.jpg\",\"contentUrl\":\"https:\\\/\\\/iberoo.com\\\/wp-content\\\/uploads\\\/2025\\\/12\\\/el-zagal-sobrasada-mallorca-etiqueta-negra.jpg\",\"width\":1200,\"height\":1200,\"caption\":\"Sobrasada de Mallorca El Zagal\"},{\"@type\":\"BreadcrumbList\",\"@id\":\"https:\\\/\\\/iberoo.com\\\/producto\\\/sobrasada-de-mallorca-el-zagal\\\/#breadcrumb\",\"itemListElement\":[{\"@type\":\"ListItem\",\"position\":1,\"name\":\"Portada\",\"item\":\"https:\\\/\\\/iberoo.com\\\/\"},{\"@type\":\"ListItem\",\"position\":2,\"name\":\"Tienda Online\",\"item\":\"https:\\\/\\\/iberoo.com\\\/tienda\\\/\"},{\"@type\":\"ListItem\",\"position\":3,\"name\":\"Sobrasada de Mallorca El Zagal\"}]},{\"@type\":\"WebSite\",\"@id\":\"https:\\\/\\\/iberoo.com\\\/#website\",\"url\":\"https:\\\/\\\/iberoo.com\\\/\",\"name\":\"Iberoo\",\"description\":\"\",\"publisher\":{\"@id\":\"https:\\\/\\\/iberoo.com\\\/#organization\"},\"potentialAction\":[{\"@type\":\"SearchAction\",\"target\":{\"@type\":\"EntryPoint\",\"urlTemplate\":\"https:\\\/\\\/iberoo.com\\\/?s={search_term_string}\"},\"query-input\":{\"@type\":\"PropertyValueSpecification\",\"valueRequired\":true,\"valueName\":\"search_term_string\"}}],\"inLanguage\":\"fr-FR\"},{\"@type\":\"Organization\",\"@id\":\"https:\\\/\\\/iberoo.com\\\/#organization\",\"name\":\"Iberoo\",\"url\":\"https:\\\/\\\/iberoo.com\\\/\",\"logo\":{\"@type\":\"ImageObject\",\"inLanguage\":\"fr-FR\",\"@id\":\"https:\\\/\\\/iberoo.com\\\/#\\\/schema\\\/logo\\\/image\\\/\",\"url\":\"https:\\\/\\\/iberoo.com\\\/wp-content\\\/uploads\\\/2025\\\/11\\\/logo-cuadrado.jpg\",\"contentUrl\":\"https:\\\/\\\/iberoo.com\\\/wp-content\\\/uploads\\\/2025\\\/11\\\/logo-cuadrado.jpg\",\"width\":700,\"height\":700,\"caption\":\"Iberoo\"},\"image\":{\"@id\":\"https:\\\/\\\/iberoo.com\\\/#\\\/schema\\\/logo\\\/image\\\/\"}}]}<\/script>\n<meta property=\"product:brand\" content=\"El Zagal\" \/>\n<meta property=\"product:price:amount\" content=\"4.55\" \/>\n<meta property=\"product:price:currency\" content=\"EUR\" \/>\n<meta property=\"og:availability\" content=\"instock\" \/>\n<meta property=\"product:availability\" content=\"instock\" \/>\n<meta property=\"product:condition\" content=\"new\" \/>\n<!-- \/ Yoast SEO plugin. -->","yoast_head_json":{"title":"Sobrasada de Majorque El Zagal - Iberoo","description":"La sobrasada majorquine d'El Zagal est un produit qui vous invite \u00e0 savourer sa saveur traditionnelle en toute tranquillit\u00e9, en concentrant vos sens sur la table.","robots":{"index":"index","follow":"follow","max-snippet":"max-snippet:-1","max-image-preview":"max-image-preview:large","max-video-preview":"max-video-preview:-1"},"canonical":"https:\/\/iberoo.com\/fr\/produit\/sobrasada-de-majorque-el-zagal\/","og_locale":"fr_FR","og_type":"article","og_title":"Sobrasada de Mallorca El Zagal - Iberoo","og_description":"La sobrasada de Mallorca de El Zagal es un producto que invita a disfrutar del sabor tradicional con calma y con los sentidos puestos en la mesa.","og_url":"https:\/\/iberoo.com\/fr\/produit\/sobrasada-de-majorque-el-zagal\/","og_site_name":"Iberoo","article_modified_time":"2026-04-05T01:25:48+00:00","og_image":[{"width":1200,"height":1200,"url":"https:\/\/iberoo.com\/wp-content\/uploads\/2025\/12\/el-zagal-sobrasada-mallorca-etiqueta-negra.jpg","type":"image\/jpeg"}],"twitter_card":"summary_large_image","twitter_misc":{"Prix":"4,55&nbsp;&euro;","Disponibilit\u00e9":"En stock"},"schema":{"@context":"https:\/\/schema.org","@graph":[{"@type":"WebPage","@id":"https:\/\/iberoo.com\/producto\/sobrasada-de-mallorca-el-zagal\/","url":"https:\/\/iberoo.com\/producto\/sobrasada-de-mallorca-el-zagal\/","name":"Sobrasada de Majorque El Zagal - Iberoo","isPartOf":{"@id":"https:\/\/iberoo.com\/#website"},"primaryImageOfPage":{"@id":"https:\/\/iberoo.com\/producto\/sobrasada-de-mallorca-el-zagal\/#primaryimage"},"image":{"@id":"https:\/\/iberoo.com\/producto\/sobrasada-de-mallorca-el-zagal\/#primaryimage"},"thumbnailUrl":"https:\/\/iberoo.com\/wp-content\/uploads\/2025\/12\/el-zagal-sobrasada-mallorca-etiqueta-negra.jpg","datePublished":"2025-12-22T00:39:24+00:00","dateModified":"2026-04-05T01:25:48+00:00","description":"La sobrasada majorquine d'El Zagal est un produit qui vous invite \u00e0 savourer sa saveur traditionnelle en toute tranquillit\u00e9, en concentrant vos sens sur la table.","breadcrumb":{"@id":"https:\/\/iberoo.com\/producto\/sobrasada-de-mallorca-el-zagal\/#breadcrumb"},"inLanguage":"fr-FR","potentialAction":[{"@type":"ReadAction","target":["https:\/\/iberoo.com\/producto\/sobrasada-de-mallorca-el-zagal\/"]}]},{"@type":"ImageObject","inLanguage":"fr-FR","@id":"https:\/\/iberoo.com\/producto\/sobrasada-de-mallorca-el-zagal\/#primaryimage","url":"https:\/\/iberoo.com\/wp-content\/uploads\/2025\/12\/el-zagal-sobrasada-mallorca-etiqueta-negra.jpg","contentUrl":"https:\/\/iberoo.com\/wp-content\/uploads\/2025\/12\/el-zagal-sobrasada-mallorca-etiqueta-negra.jpg","width":1200,"height":1200,"caption":"Sobrasada de Mallorca El Zagal"},{"@type":"BreadcrumbList","@id":"https:\/\/iberoo.com\/producto\/sobrasada-de-mallorca-el-zagal\/#breadcrumb","itemListElement":[{"@type":"ListItem","position":1,"name":"Portada","item":"https:\/\/iberoo.com\/"},{"@type":"ListItem","position":2,"name":"Tienda Online","item":"https:\/\/iberoo.com\/tienda\/"},{"@type":"ListItem","position":3,"name":"Sobrasada de Mallorca El Zagal"}]},{"@type":"WebSite","@id":"https:\/\/iberoo.com\/#website","url":"https:\/\/iberoo.com\/","name":"Iberoo","description":"","publisher":{"@id":"https:\/\/iberoo.com\/#organization"},"potentialAction":[{"@type":"SearchAction","target":{"@type":"EntryPoint","urlTemplate":"https:\/\/iberoo.com\/?s={search_term_string}"},"query-input":{"@type":"PropertyValueSpecification","valueRequired":true,"valueName":"search_term_string"}}],"inLanguage":"fr-FR"},{"@type":"Organization","@id":"https:\/\/iberoo.com\/#organization","name":"Iberoo","url":"https:\/\/iberoo.com\/","logo":{"@type":"ImageObject","inLanguage":"fr-FR","@id":"https:\/\/iberoo.com\/#\/schema\/logo\/image\/","url":"https:\/\/iberoo.com\/wp-content\/uploads\/2025\/11\/logo-cuadrado.jpg","contentUrl":"https:\/\/iberoo.com\/wp-content\/uploads\/2025\/11\/logo-cuadrado.jpg","width":700,"height":700,"caption":"Iberoo"},"image":{"@id":"https:\/\/iberoo.com\/#\/schema\/logo\/image\/"}}]},"product_brand":"El Zagal","product_price_amount":"4.55","product_price_currency":"EUR","og_availability":"instock","product_availability":"instock","product_condition":"new"},"_links":{"self":[{"href":"https:\/\/iberoo.com\/fr\/wp-json\/wp\/v2\/product\/1934","targetHints":{"allow":["GET"]}}],"collection":[{"href":"https:\/\/iberoo.com\/fr\/wp-json\/wp\/v2\/product"}],"about":[{"href":"https:\/\/iberoo.com\/fr\/wp-json\/wp\/v2\/types\/product"}],"replies":[{"embeddable":true,"href":"https:\/\/iberoo.com\/fr\/wp-json\/wp\/v2\/comments?post=1934"}],"wp:featuredmedia":[{"embeddable":true,"href":"https:\/\/iberoo.com\/fr\/wp-json\/wp\/v2\/media\/1935"}],"wp:attachment":[{"href":"https:\/\/iberoo.com\/fr\/wp-json\/wp\/v2\/media?parent=1934"}],"wp:term":[{"taxonomy":"product_brand","embeddable":true,"href":"https:\/\/iberoo.com\/fr\/wp-json\/wp\/v2\/product_brand?post=1934"},{"taxonomy":"product_cat","embeddable":true,"href":"https:\/\/iberoo.com\/fr\/wp-json\/wp\/v2\/product_cat?post=1934"},{"taxonomy":"product_tag","embeddable":true,"href":"https:\/\/iberoo.com\/fr\/wp-json\/wp\/v2\/product_tag?post=1934"}],"curies":[{"name":"wp","href":"https:\/\/api.w.org\/{rel}","templated":true}]}}