{"id":1936,"date":"2025-12-22T01:58:18","date_gmt":"2025-12-22T00:58:18","guid":{"rendered":"https:\/\/iberoo.com\/?post_type=product&#038;p=1936"},"modified":"2026-04-05T03:25:35","modified_gmt":"2026-04-05T01:25:35","slug":"creme-de-thon-bocadelia","status":"publish","type":"product","link":"https:\/\/iberoo.com\/fr\/produit\/creme-de-thon-bocadelia\/","title":{"rendered":"Cr\u00e8me de thon Bocadelia"},"content":{"rendered":"<p>La texture onctueuse et cr\u00e9meuse de la tartinade de thon Bocadelia la rend incroyablement facile \u00e0 tartiner, id\u00e9ale pour des en-cas rapides ou des ap\u00e9ritifs simples toujours d\u00e9licieux. C'est un produit pratique et polyvalent, con\u00e7u pour r\u00e9pondre aux exigences du quotidien.<\/p>\n<p>Son go\u00fbt est \u00e9quilibr\u00e9 et agr\u00e9able, le thon \u00e9tant bien pr\u00e9sent sans \u00eatre trop fort. Il se marie \u00e0 merveille avec des toasts, du pain croustillant ou des crackers, et peut \u00e9galement servir de base pour des canap\u00e9s, des garnitures, ou m\u00eame apporter une touche originale aux sandwichs et wraps. Avec quelques ingr\u00e9dients suppl\u00e9mentaires, il peut devenir la pi\u00e8ce ma\u00eetresse d'un repas d\u00e9contract\u00e9 ou la petite touche sp\u00e9ciale qui sublime un go\u00fbter improvis\u00e9.<\/p>\n<p>Le pot de 180 grammes est con\u00e7u pour une utilisation pratique et progressive. Il vous permet d'utiliser uniquement la quantit\u00e9 n\u00e9cessaire et de conserver le reste en toute s\u00e9curit\u00e9, pr\u00e9servant ainsi la qualit\u00e9 de la cr\u00e8me jusqu'\u00e0 la prochaine utilisation. C'est le format id\u00e9al pour savourer un moment gourmand \u00e0 la maison, \u00e0 partager lors de petites r\u00e9unions ou \u00e0 d\u00e9guster en ap\u00e9ritif.<\/p>\n<p>Bocadelia privil\u00e9gie les produits faciles \u00e0 savourer, con\u00e7us pour ceux qui appr\u00e9cient la simplicit\u00e9 sans sacrifier le go\u00fbt. Cette tartinade de thon est une option pratique et savoureuse, id\u00e9ale pour ceux qui recherchent des solutions rapides et d\u00e9licieuses. Un incontournable qui apporte praticit\u00e9 et saveur \u00e0 tous les moments, du petit-d\u00e9jeuner \u00e0 l'ap\u00e9ritif.<\/p>","protected":false},"excerpt":{"rendered":"<p>La cr\u00e8me de thon Bocadelia est con\u00e7ue pour ceux qui appr\u00e9cient les saveurs douces mais distinctes, parfaites pour de nombreuses occasions en toute simplicit\u00e9. Pot de 180 g.<\/p>","protected":false},"featured_media":1937,"comment_status":"closed","ping_status":"closed","template":"","meta":[],"product_brand":[163],"product_cat":[161],"product_tag":[],"class_list":{"0":"post-1936","1":"product","2":"type-product","3":"status-publish","4":"has-post-thumbnail","6":"product_brand-bocadelia","7":"product_cat-pate-y-untables","9":"first","10":"instock","11":"shipping-taxable","12":"purchasable","13":"product-type-simple"},"yoast_head":"<!-- This site is optimized with the Yoast SEO plugin v27.3 - https:\/\/yoast.com\/product\/yoast-seo-wordpress\/ -->\n<title>Crema de At\u00fan Bocadelia - Iberoo<\/title>\n<meta name=\"description\" content=\"La crema de at\u00fan Bocadelia es una propuesta pensada para quienes les gusta disfrutar de sabores suaves pero con personalidad.\" \/>\n<meta name=\"robots\" content=\"index, follow, max-snippet:-1, max-image-preview:large, max-video-preview:-1\" \/>\n<link rel=\"canonical\" href=\"https:\/\/iberoo.com\/fr\/produit\/creme-de-thon-bocadelia\/\" \/>\n<meta property=\"og:locale\" content=\"fr_FR\" \/>\n<meta property=\"og:type\" content=\"article\" \/>\n<meta property=\"og:title\" content=\"Crema de At\u00fan Bocadelia - Iberoo\" \/>\n<meta property=\"og:description\" content=\"La crema de at\u00fan Bocadelia es una propuesta pensada para quienes les gusta disfrutar de sabores suaves pero con personalidad.\" \/>\n<meta property=\"og:url\" content=\"https:\/\/iberoo.com\/fr\/produit\/creme-de-thon-bocadelia\/\" \/>\n<meta property=\"og:site_name\" content=\"Iberoo\" \/>\n<meta property=\"article:modified_time\" content=\"2026-04-05T01:25:35+00:00\" \/>\n<meta property=\"og:image\" content=\"https:\/\/iberoo.com\/wp-content\/uploads\/2025\/12\/bocadelia-crema-atun.jpg\" \/>\n\t<meta property=\"og:image:width\" content=\"1200\" \/>\n\t<meta property=\"og:image:height\" content=\"1200\" \/>\n\t<meta property=\"og:image:type\" content=\"image\/jpeg\" \/>\n<meta name=\"twitter:card\" content=\"summary_large_image\" \/>\n<meta name=\"twitter:label1\" content=\"Prix\" \/>\n\t<meta name=\"twitter:data1\" content=\"5,90&nbsp;&euro;\" \/>\n\t<meta name=\"twitter:label2\" content=\"Disponibilit\u00e9\" \/>\n\t<meta name=\"twitter:data2\" content=\"En stock\" \/>\n<script type=\"application\/ld+json\" class=\"yoast-schema-graph\">{\"@context\":\"https:\\\/\\\/schema.org\",\"@graph\":[{\"@type\":\"WebPage\",\"@id\":\"https:\\\/\\\/iberoo.com\\\/producto\\\/crema-de-atun-bocadelia\\\/\",\"url\":\"https:\\\/\\\/iberoo.com\\\/producto\\\/crema-de-atun-bocadelia\\\/\",\"name\":\"Crema de At\u00fan Bocadelia - Iberoo\",\"isPartOf\":{\"@id\":\"https:\\\/\\\/iberoo.com\\\/#website\"},\"primaryImageOfPage\":{\"@id\":\"https:\\\/\\\/iberoo.com\\\/producto\\\/crema-de-atun-bocadelia\\\/#primaryimage\"},\"image\":{\"@id\":\"https:\\\/\\\/iberoo.com\\\/producto\\\/crema-de-atun-bocadelia\\\/#primaryimage\"},\"thumbnailUrl\":\"https:\\\/\\\/iberoo.com\\\/wp-content\\\/uploads\\\/2025\\\/12\\\/bocadelia-crema-atun.jpg\",\"datePublished\":\"2025-12-22T00:58:18+00:00\",\"dateModified\":\"2026-04-05T01:25:35+00:00\",\"description\":\"La crema de at\u00fan Bocadelia es una propuesta pensada para quienes les gusta disfrutar de sabores suaves pero con personalidad.\",\"breadcrumb\":{\"@id\":\"https:\\\/\\\/iberoo.com\\\/producto\\\/crema-de-atun-bocadelia\\\/#breadcrumb\"},\"inLanguage\":\"fr-FR\",\"potentialAction\":[{\"@type\":\"ReadAction\",\"target\":[\"https:\\\/\\\/iberoo.com\\\/producto\\\/crema-de-atun-bocadelia\\\/\"]}]},{\"@type\":\"ImageObject\",\"inLanguage\":\"fr-FR\",\"@id\":\"https:\\\/\\\/iberoo.com\\\/producto\\\/crema-de-atun-bocadelia\\\/#primaryimage\",\"url\":\"https:\\\/\\\/iberoo.com\\\/wp-content\\\/uploads\\\/2025\\\/12\\\/bocadelia-crema-atun.jpg\",\"contentUrl\":\"https:\\\/\\\/iberoo.com\\\/wp-content\\\/uploads\\\/2025\\\/12\\\/bocadelia-crema-atun.jpg\",\"width\":1200,\"height\":1200,\"caption\":\"Crema de At\u00fan Bocadelia\"},{\"@type\":\"BreadcrumbList\",\"@id\":\"https:\\\/\\\/iberoo.com\\\/producto\\\/crema-de-atun-bocadelia\\\/#breadcrumb\",\"itemListElement\":[{\"@type\":\"ListItem\",\"position\":1,\"name\":\"Portada\",\"item\":\"https:\\\/\\\/iberoo.com\\\/\"},{\"@type\":\"ListItem\",\"position\":2,\"name\":\"Tienda Online\",\"item\":\"https:\\\/\\\/iberoo.com\\\/tienda\\\/\"},{\"@type\":\"ListItem\",\"position\":3,\"name\":\"Crema de At\u00fan Bocadelia\"}]},{\"@type\":\"WebSite\",\"@id\":\"https:\\\/\\\/iberoo.com\\\/#website\",\"url\":\"https:\\\/\\\/iberoo.com\\\/\",\"name\":\"Iberoo\",\"description\":\"\",\"publisher\":{\"@id\":\"https:\\\/\\\/iberoo.com\\\/#organization\"},\"potentialAction\":[{\"@type\":\"SearchAction\",\"target\":{\"@type\":\"EntryPoint\",\"urlTemplate\":\"https:\\\/\\\/iberoo.com\\\/?s={search_term_string}\"},\"query-input\":{\"@type\":\"PropertyValueSpecification\",\"valueRequired\":true,\"valueName\":\"search_term_string\"}}],\"inLanguage\":\"fr-FR\"},{\"@type\":\"Organization\",\"@id\":\"https:\\\/\\\/iberoo.com\\\/#organization\",\"name\":\"Iberoo\",\"url\":\"https:\\\/\\\/iberoo.com\\\/\",\"logo\":{\"@type\":\"ImageObject\",\"inLanguage\":\"fr-FR\",\"@id\":\"https:\\\/\\\/iberoo.com\\\/#\\\/schema\\\/logo\\\/image\\\/\",\"url\":\"https:\\\/\\\/iberoo.com\\\/wp-content\\\/uploads\\\/2025\\\/11\\\/logo-cuadrado.jpg\",\"contentUrl\":\"https:\\\/\\\/iberoo.com\\\/wp-content\\\/uploads\\\/2025\\\/11\\\/logo-cuadrado.jpg\",\"width\":700,\"height\":700,\"caption\":\"Iberoo\"},\"image\":{\"@id\":\"https:\\\/\\\/iberoo.com\\\/#\\\/schema\\\/logo\\\/image\\\/\"}}]}<\/script>\n<meta property=\"product:brand\" content=\"Bocadelia\" \/>\n<meta property=\"product:price:amount\" content=\"5.90\" \/>\n<meta property=\"product:price:currency\" content=\"EUR\" \/>\n<meta property=\"og:availability\" content=\"instock\" \/>\n<meta property=\"product:availability\" content=\"instock\" \/>\n<meta property=\"product:condition\" content=\"new\" \/>\n<!-- \/ Yoast SEO plugin. -->","yoast_head_json":{"title":"Cr\u00e8me de thon Bocadelia - Iberoo","description":"La cr\u00e8me de thon Bocadelia est une proposition con\u00e7ue pour ceux qui appr\u00e9cient les saveurs douces mais distinctives.","robots":{"index":"index","follow":"follow","max-snippet":"max-snippet:-1","max-image-preview":"max-image-preview:large","max-video-preview":"max-video-preview:-1"},"canonical":"https:\/\/iberoo.com\/fr\/produit\/creme-de-thon-bocadelia\/","og_locale":"fr_FR","og_type":"article","og_title":"Crema de At\u00fan Bocadelia - Iberoo","og_description":"La crema de at\u00fan Bocadelia es una propuesta pensada para quienes les gusta disfrutar de sabores suaves pero con personalidad.","og_url":"https:\/\/iberoo.com\/fr\/produit\/creme-de-thon-bocadelia\/","og_site_name":"Iberoo","article_modified_time":"2026-04-05T01:25:35+00:00","og_image":[{"width":1200,"height":1200,"url":"https:\/\/iberoo.com\/wp-content\/uploads\/2025\/12\/bocadelia-crema-atun.jpg","type":"image\/jpeg"}],"twitter_card":"summary_large_image","twitter_misc":{"Prix":"5,90&nbsp;&euro;","Disponibilit\u00e9":"En stock"},"schema":{"@context":"https:\/\/schema.org","@graph":[{"@type":"WebPage","@id":"https:\/\/iberoo.com\/producto\/crema-de-atun-bocadelia\/","url":"https:\/\/iberoo.com\/producto\/crema-de-atun-bocadelia\/","name":"Cr\u00e8me de thon Bocadelia - Iberoo","isPartOf":{"@id":"https:\/\/iberoo.com\/#website"},"primaryImageOfPage":{"@id":"https:\/\/iberoo.com\/producto\/crema-de-atun-bocadelia\/#primaryimage"},"image":{"@id":"https:\/\/iberoo.com\/producto\/crema-de-atun-bocadelia\/#primaryimage"},"thumbnailUrl":"https:\/\/iberoo.com\/wp-content\/uploads\/2025\/12\/bocadelia-crema-atun.jpg","datePublished":"2025-12-22T00:58:18+00:00","dateModified":"2026-04-05T01:25:35+00:00","description":"La cr\u00e8me de thon Bocadelia est une proposition con\u00e7ue pour ceux qui appr\u00e9cient les saveurs douces mais distinctives.","breadcrumb":{"@id":"https:\/\/iberoo.com\/producto\/crema-de-atun-bocadelia\/#breadcrumb"},"inLanguage":"fr-FR","potentialAction":[{"@type":"ReadAction","target":["https:\/\/iberoo.com\/producto\/crema-de-atun-bocadelia\/"]}]},{"@type":"ImageObject","inLanguage":"fr-FR","@id":"https:\/\/iberoo.com\/producto\/crema-de-atun-bocadelia\/#primaryimage","url":"https:\/\/iberoo.com\/wp-content\/uploads\/2025\/12\/bocadelia-crema-atun.jpg","contentUrl":"https:\/\/iberoo.com\/wp-content\/uploads\/2025\/12\/bocadelia-crema-atun.jpg","width":1200,"height":1200,"caption":"Crema de At\u00fan Bocadelia"},{"@type":"BreadcrumbList","@id":"https:\/\/iberoo.com\/producto\/crema-de-atun-bocadelia\/#breadcrumb","itemListElement":[{"@type":"ListItem","position":1,"name":"Portada","item":"https:\/\/iberoo.com\/"},{"@type":"ListItem","position":2,"name":"Tienda Online","item":"https:\/\/iberoo.com\/tienda\/"},{"@type":"ListItem","position":3,"name":"Crema de At\u00fan Bocadelia"}]},{"@type":"WebSite","@id":"https:\/\/iberoo.com\/#website","url":"https:\/\/iberoo.com\/","name":"Iberoo","description":"","publisher":{"@id":"https:\/\/iberoo.com\/#organization"},"potentialAction":[{"@type":"SearchAction","target":{"@type":"EntryPoint","urlTemplate":"https:\/\/iberoo.com\/?s={search_term_string}"},"query-input":{"@type":"PropertyValueSpecification","valueRequired":true,"valueName":"search_term_string"}}],"inLanguage":"fr-FR"},{"@type":"Organization","@id":"https:\/\/iberoo.com\/#organization","name":"Iberoo","url":"https:\/\/iberoo.com\/","logo":{"@type":"ImageObject","inLanguage":"fr-FR","@id":"https:\/\/iberoo.com\/#\/schema\/logo\/image\/","url":"https:\/\/iberoo.com\/wp-content\/uploads\/2025\/11\/logo-cuadrado.jpg","contentUrl":"https:\/\/iberoo.com\/wp-content\/uploads\/2025\/11\/logo-cuadrado.jpg","width":700,"height":700,"caption":"Iberoo"},"image":{"@id":"https:\/\/iberoo.com\/#\/schema\/logo\/image\/"}}]},"product_brand":"Bocadelia","product_price_amount":"5.90","product_price_currency":"EUR","og_availability":"instock","product_availability":"instock","product_condition":"new"},"_links":{"self":[{"href":"https:\/\/iberoo.com\/fr\/wp-json\/wp\/v2\/product\/1936","targetHints":{"allow":["GET"]}}],"collection":[{"href":"https:\/\/iberoo.com\/fr\/wp-json\/wp\/v2\/product"}],"about":[{"href":"https:\/\/iberoo.com\/fr\/wp-json\/wp\/v2\/types\/product"}],"replies":[{"embeddable":true,"href":"https:\/\/iberoo.com\/fr\/wp-json\/wp\/v2\/comments?post=1936"}],"wp:featuredmedia":[{"embeddable":true,"href":"https:\/\/iberoo.com\/fr\/wp-json\/wp\/v2\/media\/1937"}],"wp:attachment":[{"href":"https:\/\/iberoo.com\/fr\/wp-json\/wp\/v2\/media?parent=1936"}],"wp:term":[{"taxonomy":"product_brand","embeddable":true,"href":"https:\/\/iberoo.com\/fr\/wp-json\/wp\/v2\/product_brand?post=1936"},{"taxonomy":"product_cat","embeddable":true,"href":"https:\/\/iberoo.com\/fr\/wp-json\/wp\/v2\/product_cat?post=1936"},{"taxonomy":"product_tag","embeddable":true,"href":"https:\/\/iberoo.com\/fr\/wp-json\/wp\/v2\/product_tag?post=1936"}],"curies":[{"name":"wp","href":"https:\/\/api.w.org\/{rel}","templated":true}]}}