{"id":1967,"date":"2025-12-22T13:07:19","date_gmt":"2025-12-22T12:07:19","guid":{"rendered":"https:\/\/iberoo.com\/?post_type=product&#038;p=1967"},"modified":"2026-04-05T03:39:36","modified_gmt":"2026-04-05T01:39:36","slug":"fromage-a-la-creme-philadelphia","status":"publish","type":"product","link":"https:\/\/iberoo.com\/fr\/produit\/fromage-a-la-creme-philadelphia\/","title":{"rendered":"Fromage \u00e0 la cr\u00e8me Philadelphia"},"content":{"rendered":"<p data-start=\"0\" data-end=\"434\">Sa texture onctueuse et sa saveur \u00e9quilibr\u00e9e rendent le fromage \u00e0 la cr\u00e8me Philadelphia facile \u00e0 d\u00e9guster et encore plus facile \u00e0 int\u00e9grer \u00e0 d'autres ingr\u00e9dients, que ce soit pour des repas rapides ou des recettes plus \u00e9labor\u00e9es. C'est l'ingr\u00e9dient id\u00e9al pour les petits-d\u00e9jeuners, les collations et les d\u00eeners improvis\u00e9s, pour un plaisir garanti \u00e0 chaque fois.<\/p>\n<p data-start=\"436\" data-end=\"882\">Le Philadelphia Original, disponible en pot de 250 g et en format familial de 350 g, offre la saveur classique, onctueuse et reconnaissable que vous connaissez et appr\u00e9ciez. Il est parfait \u00e0 tartiner sur du pain grill\u00e9, \u00e0 napper sur des bagels, \u00e0 pr\u00e9parer des sauces cr\u00e9meuses ou \u00e0 donner de la texture \u00e0 vos recettes sucr\u00e9es et sal\u00e9es. Pour ceux qui recherchent une option plus l\u00e9g\u00e8re, le Philadelphia Light conserve l'onctuosit\u00e9 caract\u00e9ristique, mais avec un go\u00fbt plus doux, id\u00e9al pour une consommation quotidienne \u00e9quilibr\u00e9e.<\/p>\n<p data-start=\"884\" data-end=\"1369\">Les diff\u00e9rentes versions aromatis\u00e9es apportent une touche unique sans alt\u00e9rer l'essence du produit. Philadelphia Fine Herbs ajoute des notes fra\u00eeches et aromatiques qui se marient \u00e0 merveille avec les sandwichs, les wraps ou les canap\u00e9s. La version au fromage de ch\u00e8vre offre une saveur plus intense et l\u00e9g\u00e8rement acidul\u00e9e, id\u00e9ale pour les amateurs de go\u00fbts prononc\u00e9s. Quant \u00e0 Philadelphia Salmon, son onctuosit\u00e9 et son go\u00fbt iod\u00e9 en font un choix parfait pour des en-cas rapides ou des plats froids.<\/p>\n<p data-start=\"1371\" data-end=\"1702\" data-is-last-node=\"\" data-is-only-node=\"\">Les diff\u00e9rents formats vous permettent de vous adapter \u00e0 chaque instant et \u00e0 chaque besoin, du quotidien aux grandes occasions. Philadelphia s'engage \u00e0 vous offrir polyvalence, praticit\u00e9 et une saveur constante qui s'int\u00e8gre harmonieusement \u00e0 votre routine. Un fromage con\u00e7u pour un plaisir sans effort, mais dont vous ne vous lasserez jamais.<\/p>","protected":false},"excerpt":{"rendered":"<p>Le fromage \u00e0 la cr\u00e8me Philadelphia est un incontournable dans de nombreuses cuisines pour une raison tr\u00e8s simple\u00a0: il fonctionne toujours et ne d\u00e9\u00e7oit jamais.<\/p>","protected":false},"featured_media":1968,"comment_status":"closed","ping_status":"closed","template":"","meta":[],"product_brand":[169],"product_cat":[111],"product_tag":[],"class_list":{"0":"post-1967","1":"product","2":"type-product","3":"status-publish","4":"has-post-thumbnail","6":"product_brand-philadelphia","7":"product_cat-queso-espanol","9":"first","10":"instock","11":"shipping-taxable","12":"purchasable","13":"product-type-variable"},"yoast_head":"<!-- This site is optimized with the Yoast SEO plugin v27.3 - https:\/\/yoast.com\/product\/yoast-seo-wordpress\/ -->\n<title>Queso de Untar Philadelphia - Iberoo<\/title>\n<meta name=\"description\" content=\"El queso de untar Philadelphia es un imprescindible en muchas cocinas por una raz\u00f3n muy sencilla: siempre funciona y nunca defrauda.\" \/>\n<meta name=\"robots\" content=\"index, follow, max-snippet:-1, max-image-preview:large, max-video-preview:-1\" \/>\n<link rel=\"canonical\" href=\"https:\/\/iberoo.com\/fr\/produit\/fromage-a-la-creme-philadelphia\/\" \/>\n<meta property=\"og:locale\" content=\"fr_FR\" \/>\n<meta property=\"og:type\" content=\"article\" \/>\n<meta property=\"og:title\" content=\"Queso de Untar Philadelphia - Iberoo\" \/>\n<meta property=\"og:description\" content=\"El queso de untar Philadelphia es un imprescindible en muchas cocinas por una raz\u00f3n muy sencilla: siempre funciona y nunca defrauda.\" \/>\n<meta property=\"og:url\" content=\"https:\/\/iberoo.com\/fr\/produit\/fromage-a-la-creme-philadelphia\/\" \/>\n<meta property=\"og:site_name\" content=\"Iberoo\" \/>\n<meta property=\"article:modified_time\" content=\"2026-04-05T01:39:36+00:00\" \/>\n<meta property=\"og:image\" content=\"https:\/\/iberoo.com\/wp-content\/uploads\/2025\/12\/philadelphia-queso.jpg\" \/>\n\t<meta property=\"og:image:width\" content=\"800\" \/>\n\t<meta property=\"og:image:height\" content=\"800\" \/>\n\t<meta property=\"og:image:type\" content=\"image\/jpeg\" \/>\n<meta name=\"twitter:card\" content=\"summary_large_image\" \/>\n<meta name=\"twitter:label1\" content=\"Disponibilit\u00e9\" \/>\n\t<meta name=\"twitter:data1\" content=\"En stock\" \/>\n<script type=\"application\/ld+json\" class=\"yoast-schema-graph\">{\"@context\":\"https:\\\/\\\/schema.org\",\"@graph\":[{\"@type\":\"WebPage\",\"@id\":\"https:\\\/\\\/iberoo.com\\\/producto\\\/queso-de-untar-philadelphia\\\/\",\"url\":\"https:\\\/\\\/iberoo.com\\\/producto\\\/queso-de-untar-philadelphia\\\/\",\"name\":\"Queso de Untar Philadelphia - Iberoo\",\"isPartOf\":{\"@id\":\"https:\\\/\\\/iberoo.com\\\/#website\"},\"primaryImageOfPage\":{\"@id\":\"https:\\\/\\\/iberoo.com\\\/producto\\\/queso-de-untar-philadelphia\\\/#primaryimage\"},\"image\":{\"@id\":\"https:\\\/\\\/iberoo.com\\\/producto\\\/queso-de-untar-philadelphia\\\/#primaryimage\"},\"thumbnailUrl\":\"https:\\\/\\\/iberoo.com\\\/wp-content\\\/uploads\\\/2025\\\/12\\\/philadelphia-queso.jpg\",\"datePublished\":\"2025-12-22T12:07:19+00:00\",\"dateModified\":\"2026-04-05T01:39:36+00:00\",\"description\":\"El queso de untar Philadelphia es un imprescindible en muchas cocinas por una raz\u00f3n muy sencilla: siempre funciona y nunca defrauda.\",\"breadcrumb\":{\"@id\":\"https:\\\/\\\/iberoo.com\\\/producto\\\/queso-de-untar-philadelphia\\\/#breadcrumb\"},\"inLanguage\":\"fr-FR\",\"potentialAction\":[{\"@type\":\"ReadAction\",\"target\":[\"https:\\\/\\\/iberoo.com\\\/producto\\\/queso-de-untar-philadelphia\\\/\"]}]},{\"@type\":\"ImageObject\",\"inLanguage\":\"fr-FR\",\"@id\":\"https:\\\/\\\/iberoo.com\\\/producto\\\/queso-de-untar-philadelphia\\\/#primaryimage\",\"url\":\"https:\\\/\\\/iberoo.com\\\/wp-content\\\/uploads\\\/2025\\\/12\\\/philadelphia-queso.jpg\",\"contentUrl\":\"https:\\\/\\\/iberoo.com\\\/wp-content\\\/uploads\\\/2025\\\/12\\\/philadelphia-queso.jpg\",\"width\":800,\"height\":800,\"caption\":\"Queso de Untar Philadelphia\"},{\"@type\":\"BreadcrumbList\",\"@id\":\"https:\\\/\\\/iberoo.com\\\/producto\\\/queso-de-untar-philadelphia\\\/#breadcrumb\",\"itemListElement\":[{\"@type\":\"ListItem\",\"position\":1,\"name\":\"Portada\",\"item\":\"https:\\\/\\\/iberoo.com\\\/\"},{\"@type\":\"ListItem\",\"position\":2,\"name\":\"Tienda Online\",\"item\":\"https:\\\/\\\/iberoo.com\\\/tienda\\\/\"},{\"@type\":\"ListItem\",\"position\":3,\"name\":\"Queso de Untar Philadelphia\"}]},{\"@type\":\"WebSite\",\"@id\":\"https:\\\/\\\/iberoo.com\\\/#website\",\"url\":\"https:\\\/\\\/iberoo.com\\\/\",\"name\":\"Iberoo\",\"description\":\"\",\"publisher\":{\"@id\":\"https:\\\/\\\/iberoo.com\\\/#organization\"},\"potentialAction\":[{\"@type\":\"SearchAction\",\"target\":{\"@type\":\"EntryPoint\",\"urlTemplate\":\"https:\\\/\\\/iberoo.com\\\/?s={search_term_string}\"},\"query-input\":{\"@type\":\"PropertyValueSpecification\",\"valueRequired\":true,\"valueName\":\"search_term_string\"}}],\"inLanguage\":\"fr-FR\"},{\"@type\":\"Organization\",\"@id\":\"https:\\\/\\\/iberoo.com\\\/#organization\",\"name\":\"Iberoo\",\"url\":\"https:\\\/\\\/iberoo.com\\\/\",\"logo\":{\"@type\":\"ImageObject\",\"inLanguage\":\"fr-FR\",\"@id\":\"https:\\\/\\\/iberoo.com\\\/#\\\/schema\\\/logo\\\/image\\\/\",\"url\":\"https:\\\/\\\/iberoo.com\\\/wp-content\\\/uploads\\\/2025\\\/11\\\/logo-cuadrado.jpg\",\"contentUrl\":\"https:\\\/\\\/iberoo.com\\\/wp-content\\\/uploads\\\/2025\\\/11\\\/logo-cuadrado.jpg\",\"width\":700,\"height\":700,\"caption\":\"Iberoo\"},\"image\":{\"@id\":\"https:\\\/\\\/iberoo.com\\\/#\\\/schema\\\/logo\\\/image\\\/\"}}]}<\/script>\n<meta property=\"product:brand\" content=\"Philadelphia\" \/>\n<meta property=\"og:availability\" content=\"instock\" \/>\n<meta property=\"product:availability\" content=\"instock\" \/>\n<meta property=\"product:condition\" content=\"new\" \/>\n<!-- \/ Yoast SEO plugin. -->","yoast_head_json":{"title":"Fromage \u00e0 la cr\u00e8me Philadelphia - Iberoo","description":"Le fromage \u00e0 la cr\u00e8me Philadelphia est un incontournable dans de nombreuses cuisines pour une raison tr\u00e8s simple\u00a0: il fonctionne toujours et ne d\u00e9\u00e7oit jamais.","robots":{"index":"index","follow":"follow","max-snippet":"max-snippet:-1","max-image-preview":"max-image-preview:large","max-video-preview":"max-video-preview:-1"},"canonical":"https:\/\/iberoo.com\/fr\/produit\/fromage-a-la-creme-philadelphia\/","og_locale":"fr_FR","og_type":"article","og_title":"Queso de Untar Philadelphia - Iberoo","og_description":"El queso de untar Philadelphia es un imprescindible en muchas cocinas por una raz\u00f3n muy sencilla: siempre funciona y nunca defrauda.","og_url":"https:\/\/iberoo.com\/fr\/produit\/fromage-a-la-creme-philadelphia\/","og_site_name":"Iberoo","article_modified_time":"2026-04-05T01:39:36+00:00","og_image":[{"width":800,"height":800,"url":"https:\/\/iberoo.com\/wp-content\/uploads\/2025\/12\/philadelphia-queso.jpg","type":"image\/jpeg"}],"twitter_card":"summary_large_image","twitter_misc":{"Disponibilit\u00e9":"En stock"},"schema":{"@context":"https:\/\/schema.org","@graph":[{"@type":"WebPage","@id":"https:\/\/iberoo.com\/producto\/queso-de-untar-philadelphia\/","url":"https:\/\/iberoo.com\/producto\/queso-de-untar-philadelphia\/","name":"Fromage \u00e0 la cr\u00e8me Philadelphia - Iberoo","isPartOf":{"@id":"https:\/\/iberoo.com\/#website"},"primaryImageOfPage":{"@id":"https:\/\/iberoo.com\/producto\/queso-de-untar-philadelphia\/#primaryimage"},"image":{"@id":"https:\/\/iberoo.com\/producto\/queso-de-untar-philadelphia\/#primaryimage"},"thumbnailUrl":"https:\/\/iberoo.com\/wp-content\/uploads\/2025\/12\/philadelphia-queso.jpg","datePublished":"2025-12-22T12:07:19+00:00","dateModified":"2026-04-05T01:39:36+00:00","description":"Le fromage \u00e0 la cr\u00e8me Philadelphia est un incontournable dans de nombreuses cuisines pour une raison tr\u00e8s simple\u00a0: il fonctionne toujours et ne d\u00e9\u00e7oit jamais.","breadcrumb":{"@id":"https:\/\/iberoo.com\/producto\/queso-de-untar-philadelphia\/#breadcrumb"},"inLanguage":"fr-FR","potentialAction":[{"@type":"ReadAction","target":["https:\/\/iberoo.com\/producto\/queso-de-untar-philadelphia\/"]}]},{"@type":"ImageObject","inLanguage":"fr-FR","@id":"https:\/\/iberoo.com\/producto\/queso-de-untar-philadelphia\/#primaryimage","url":"https:\/\/iberoo.com\/wp-content\/uploads\/2025\/12\/philadelphia-queso.jpg","contentUrl":"https:\/\/iberoo.com\/wp-content\/uploads\/2025\/12\/philadelphia-queso.jpg","width":800,"height":800,"caption":"Queso de Untar Philadelphia"},{"@type":"BreadcrumbList","@id":"https:\/\/iberoo.com\/producto\/queso-de-untar-philadelphia\/#breadcrumb","itemListElement":[{"@type":"ListItem","position":1,"name":"Portada","item":"https:\/\/iberoo.com\/"},{"@type":"ListItem","position":2,"name":"Tienda Online","item":"https:\/\/iberoo.com\/tienda\/"},{"@type":"ListItem","position":3,"name":"Queso de Untar Philadelphia"}]},{"@type":"WebSite","@id":"https:\/\/iberoo.com\/#website","url":"https:\/\/iberoo.com\/","name":"Iberoo","description":"","publisher":{"@id":"https:\/\/iberoo.com\/#organization"},"potentialAction":[{"@type":"SearchAction","target":{"@type":"EntryPoint","urlTemplate":"https:\/\/iberoo.com\/?s={search_term_string}"},"query-input":{"@type":"PropertyValueSpecification","valueRequired":true,"valueName":"search_term_string"}}],"inLanguage":"fr-FR"},{"@type":"Organization","@id":"https:\/\/iberoo.com\/#organization","name":"Iberoo","url":"https:\/\/iberoo.com\/","logo":{"@type":"ImageObject","inLanguage":"fr-FR","@id":"https:\/\/iberoo.com\/#\/schema\/logo\/image\/","url":"https:\/\/iberoo.com\/wp-content\/uploads\/2025\/11\/logo-cuadrado.jpg","contentUrl":"https:\/\/iberoo.com\/wp-content\/uploads\/2025\/11\/logo-cuadrado.jpg","width":700,"height":700,"caption":"Iberoo"},"image":{"@id":"https:\/\/iberoo.com\/#\/schema\/logo\/image\/"}}]},"product_brand":"Philadelphia","og_availability":"instock","product_availability":"instock","product_condition":"new"},"_links":{"self":[{"href":"https:\/\/iberoo.com\/fr\/wp-json\/wp\/v2\/product\/1967","targetHints":{"allow":["GET"]}}],"collection":[{"href":"https:\/\/iberoo.com\/fr\/wp-json\/wp\/v2\/product"}],"about":[{"href":"https:\/\/iberoo.com\/fr\/wp-json\/wp\/v2\/types\/product"}],"replies":[{"embeddable":true,"href":"https:\/\/iberoo.com\/fr\/wp-json\/wp\/v2\/comments?post=1967"}],"wp:featuredmedia":[{"embeddable":true,"href":"https:\/\/iberoo.com\/fr\/wp-json\/wp\/v2\/media\/1968"}],"wp:attachment":[{"href":"https:\/\/iberoo.com\/fr\/wp-json\/wp\/v2\/media?parent=1967"}],"wp:term":[{"taxonomy":"product_brand","embeddable":true,"href":"https:\/\/iberoo.com\/fr\/wp-json\/wp\/v2\/product_brand?post=1967"},{"taxonomy":"product_cat","embeddable":true,"href":"https:\/\/iberoo.com\/fr\/wp-json\/wp\/v2\/product_cat?post=1967"},{"taxonomy":"product_tag","embeddable":true,"href":"https:\/\/iberoo.com\/fr\/wp-json\/wp\/v2\/product_tag?post=1967"}],"curies":[{"name":"wp","href":"https:\/\/api.w.org\/{rel}","templated":true}]}}