{"id":1977,"date":"2025-12-22T13:59:24","date_gmt":"2025-12-22T12:59:24","guid":{"rendered":"https:\/\/iberoo.com\/?post_type=product&#038;p=1977"},"modified":"2026-04-05T03:39:14","modified_gmt":"2026-04-05T01:39:14","slug":"fromage-en-des-garcia-baquero","status":"publish","type":"product","link":"https:\/\/iberoo.com\/fr\/produit\/fromage-en-des-garcia-baquero\/","title":{"rendered":"Fromage en d\u00e9s Garc\u00eda Baquero"},"content":{"rendered":"<p>Pr\u00e9sent\u00e9 dans un emballage de deux pots individuels de 50 grammes, ce format est parfait pour s'adapter aux diff\u00e9rents moments de la journ\u00e9e, d'une collation rapide \u00e0 un compl\u00e9ment id\u00e9al pour des repas l\u00e9gers ou des ap\u00e9ritifs informels.<\/p>\n<p>Ces cubes sont d'une taille id\u00e9ale\u00a0: faciles \u00e0 percer, \u00e0 m\u00e9langer ou \u00e0 incorporer directement dans un plat, ils offrent une texture ferme et agr\u00e9able, avec une saveur douce et bien d\u00e9finie, sans \u00eatre trop prononc\u00e9e. On peut donc les d\u00e9guster seuls ou associ\u00e9s \u00e0 d'autres ingr\u00e9dients. Ils se marient \u00e0 merveille avec les salades, les bols, les plats froids, ou m\u00eame en petite collation, apportant une touche d\u00e9licieuse en toute simplicit\u00e9.<\/p>\n<p>Le format individuel en barquette permet de doser facilement les portions et de conserver le produit en parfait \u00e9tat jusqu'\u00e0 sa consommation. C'est particuli\u00e8rement pratique \u00e0 emporter partout, que ce soit au travail, \u00e0 l'\u00e9cole ou en randonn\u00e9e, car il ne n\u00e9cessite aucune pr\u00e9paration ni ustensiles particuliers.<\/p>\n<p>Garc\u00eda Baquero est une marque fromag\u00e8re historique, et ce produit t\u00e9moigne de son engagement \u00e0 s'adapter aux nouvelles habitudes de consommation sans rien perdre de son authenticit\u00e9. Les cubes Keos allient tradition et praticit\u00e9 dans un format moderne, pens\u00e9 pour un mode de vie actif. Un fromage simple, polyvalent et facile \u00e0 d\u00e9guster, id\u00e9al pour ceux qui appr\u00e9cient le bon go\u00fbt et la praticit\u00e9 au quotidien.<\/p>","protected":false},"excerpt":{"rendered":"<p>Le fromage en d\u00e9s Keos de Garc\u00eda Baquero est con\u00e7u pour ceux qui souhaitent savourer du fromage facilement et rapidement, sans compromis sur le go\u00fbt. Il est vendu en lot de deux pots de 50 g.<\/p>","protected":false},"featured_media":1978,"comment_status":"closed","ping_status":"closed","template":"","meta":[],"product_brand":[113],"product_cat":[111],"product_tag":[],"class_list":{"0":"post-1977","1":"product","2":"type-product","3":"status-publish","4":"has-post-thumbnail","6":"product_brand-garcia-baquero","7":"product_cat-queso-espanol","9":"first","10":"instock","11":"shipping-taxable","12":"purchasable","13":"product-type-simple"},"yoast_head":"<!-- This site is optimized with the Yoast SEO plugin v27.3 - https:\/\/yoast.com\/product\/yoast-seo-wordpress\/ -->\n<title>Queso en Dados Garc\u00eda Baquero - Iberoo<\/title>\n<meta name=\"description\" content=\"El queso en dados de Garc\u00eda Baquero es una opci\u00f3n pensada para quienes buscan disfrutar del queso de una forma pr\u00e1ctica, c\u00f3moda y sin renunciar al sabor.\" \/>\n<meta name=\"robots\" content=\"index, follow, max-snippet:-1, max-image-preview:large, max-video-preview:-1\" \/>\n<link rel=\"canonical\" href=\"https:\/\/iberoo.com\/fr\/produit\/fromage-en-des-garcia-baquero\/\" \/>\n<meta property=\"og:locale\" content=\"fr_FR\" \/>\n<meta property=\"og:type\" content=\"article\" \/>\n<meta property=\"og:title\" content=\"Queso en Dados Garc\u00eda Baquero - Iberoo\" \/>\n<meta property=\"og:description\" content=\"El queso en dados de Garc\u00eda Baquero es una opci\u00f3n pensada para quienes buscan disfrutar del queso de una forma pr\u00e1ctica, c\u00f3moda y sin renunciar al sabor.\" \/>\n<meta property=\"og:url\" content=\"https:\/\/iberoo.com\/fr\/produit\/fromage-en-des-garcia-baquero\/\" \/>\n<meta property=\"og:site_name\" content=\"Iberoo\" \/>\n<meta property=\"article:modified_time\" content=\"2026-04-05T01:39:14+00:00\" \/>\n<meta property=\"og:image\" content=\"https:\/\/iberoo.com\/wp-content\/uploads\/2025\/12\/garcia-baquero-dados-queso-keos.jpg\" \/>\n\t<meta property=\"og:image:width\" content=\"1200\" \/>\n\t<meta property=\"og:image:height\" content=\"1200\" \/>\n\t<meta property=\"og:image:type\" content=\"image\/jpeg\" \/>\n<meta name=\"twitter:card\" content=\"summary_large_image\" \/>\n<meta name=\"twitter:label1\" content=\"Prix\" \/>\n\t<meta name=\"twitter:data1\" content=\"2,98&nbsp;&euro;\" \/>\n\t<meta name=\"twitter:label2\" content=\"Disponibilit\u00e9\" \/>\n\t<meta name=\"twitter:data2\" content=\"En stock\" \/>\n<script type=\"application\/ld+json\" class=\"yoast-schema-graph\">{\"@context\":\"https:\\\/\\\/schema.org\",\"@graph\":[{\"@type\":\"WebPage\",\"@id\":\"https:\\\/\\\/iberoo.com\\\/producto\\\/queso-en-dados-garcia-baquero\\\/\",\"url\":\"https:\\\/\\\/iberoo.com\\\/producto\\\/queso-en-dados-garcia-baquero\\\/\",\"name\":\"Queso en Dados Garc\u00eda Baquero - Iberoo\",\"isPartOf\":{\"@id\":\"https:\\\/\\\/iberoo.com\\\/#website\"},\"primaryImageOfPage\":{\"@id\":\"https:\\\/\\\/iberoo.com\\\/producto\\\/queso-en-dados-garcia-baquero\\\/#primaryimage\"},\"image\":{\"@id\":\"https:\\\/\\\/iberoo.com\\\/producto\\\/queso-en-dados-garcia-baquero\\\/#primaryimage\"},\"thumbnailUrl\":\"https:\\\/\\\/iberoo.com\\\/wp-content\\\/uploads\\\/2025\\\/12\\\/garcia-baquero-dados-queso-keos.jpg\",\"datePublished\":\"2025-12-22T12:59:24+00:00\",\"dateModified\":\"2026-04-05T01:39:14+00:00\",\"description\":\"El queso en dados de Garc\u00eda Baquero es una opci\u00f3n pensada para quienes buscan disfrutar del queso de una forma pr\u00e1ctica, c\u00f3moda y sin renunciar al sabor.\",\"breadcrumb\":{\"@id\":\"https:\\\/\\\/iberoo.com\\\/producto\\\/queso-en-dados-garcia-baquero\\\/#breadcrumb\"},\"inLanguage\":\"fr-FR\",\"potentialAction\":[{\"@type\":\"ReadAction\",\"target\":[\"https:\\\/\\\/iberoo.com\\\/producto\\\/queso-en-dados-garcia-baquero\\\/\"]}]},{\"@type\":\"ImageObject\",\"inLanguage\":\"fr-FR\",\"@id\":\"https:\\\/\\\/iberoo.com\\\/producto\\\/queso-en-dados-garcia-baquero\\\/#primaryimage\",\"url\":\"https:\\\/\\\/iberoo.com\\\/wp-content\\\/uploads\\\/2025\\\/12\\\/garcia-baquero-dados-queso-keos.jpg\",\"contentUrl\":\"https:\\\/\\\/iberoo.com\\\/wp-content\\\/uploads\\\/2025\\\/12\\\/garcia-baquero-dados-queso-keos.jpg\",\"width\":1200,\"height\":1200,\"caption\":\"Queso en Dados Garc\u00eda Baquero\"},{\"@type\":\"BreadcrumbList\",\"@id\":\"https:\\\/\\\/iberoo.com\\\/producto\\\/queso-en-dados-garcia-baquero\\\/#breadcrumb\",\"itemListElement\":[{\"@type\":\"ListItem\",\"position\":1,\"name\":\"Portada\",\"item\":\"https:\\\/\\\/iberoo.com\\\/\"},{\"@type\":\"ListItem\",\"position\":2,\"name\":\"Tienda Online\",\"item\":\"https:\\\/\\\/iberoo.com\\\/tienda\\\/\"},{\"@type\":\"ListItem\",\"position\":3,\"name\":\"Queso en Dados Garc\u00eda Baquero\"}]},{\"@type\":\"WebSite\",\"@id\":\"https:\\\/\\\/iberoo.com\\\/#website\",\"url\":\"https:\\\/\\\/iberoo.com\\\/\",\"name\":\"Iberoo\",\"description\":\"\",\"publisher\":{\"@id\":\"https:\\\/\\\/iberoo.com\\\/#organization\"},\"potentialAction\":[{\"@type\":\"SearchAction\",\"target\":{\"@type\":\"EntryPoint\",\"urlTemplate\":\"https:\\\/\\\/iberoo.com\\\/?s={search_term_string}\"},\"query-input\":{\"@type\":\"PropertyValueSpecification\",\"valueRequired\":true,\"valueName\":\"search_term_string\"}}],\"inLanguage\":\"fr-FR\"},{\"@type\":\"Organization\",\"@id\":\"https:\\\/\\\/iberoo.com\\\/#organization\",\"name\":\"Iberoo\",\"url\":\"https:\\\/\\\/iberoo.com\\\/\",\"logo\":{\"@type\":\"ImageObject\",\"inLanguage\":\"fr-FR\",\"@id\":\"https:\\\/\\\/iberoo.com\\\/#\\\/schema\\\/logo\\\/image\\\/\",\"url\":\"https:\\\/\\\/iberoo.com\\\/wp-content\\\/uploads\\\/2025\\\/11\\\/logo-cuadrado.jpg\",\"contentUrl\":\"https:\\\/\\\/iberoo.com\\\/wp-content\\\/uploads\\\/2025\\\/11\\\/logo-cuadrado.jpg\",\"width\":700,\"height\":700,\"caption\":\"Iberoo\"},\"image\":{\"@id\":\"https:\\\/\\\/iberoo.com\\\/#\\\/schema\\\/logo\\\/image\\\/\"}}]}<\/script>\n<meta property=\"product:brand\" content=\"Garc\u00eda Baquero\" \/>\n<meta property=\"product:price:amount\" content=\"2.98\" \/>\n<meta property=\"product:price:currency\" content=\"EUR\" \/>\n<meta property=\"og:availability\" content=\"instock\" \/>\n<meta property=\"product:availability\" content=\"instock\" \/>\n<meta property=\"product:condition\" content=\"new\" \/>\n<!-- \/ Yoast SEO plugin. -->","yoast_head_json":{"title":"Fromage en d\u00e9s Garc\u00eda Baquero - Iberoo","description":"Le fromage en d\u00e9s de Garc\u00eda Baquero est une option con\u00e7ue pour ceux qui souhaitent d\u00e9guster du fromage de mani\u00e8re pratique et maniable sans sacrifier la saveur.","robots":{"index":"index","follow":"follow","max-snippet":"max-snippet:-1","max-image-preview":"max-image-preview:large","max-video-preview":"max-video-preview:-1"},"canonical":"https:\/\/iberoo.com\/fr\/produit\/fromage-en-des-garcia-baquero\/","og_locale":"fr_FR","og_type":"article","og_title":"Queso en Dados Garc\u00eda Baquero - Iberoo","og_description":"El queso en dados de Garc\u00eda Baquero es una opci\u00f3n pensada para quienes buscan disfrutar del queso de una forma pr\u00e1ctica, c\u00f3moda y sin renunciar al sabor.","og_url":"https:\/\/iberoo.com\/fr\/produit\/fromage-en-des-garcia-baquero\/","og_site_name":"Iberoo","article_modified_time":"2026-04-05T01:39:14+00:00","og_image":[{"width":1200,"height":1200,"url":"https:\/\/iberoo.com\/wp-content\/uploads\/2025\/12\/garcia-baquero-dados-queso-keos.jpg","type":"image\/jpeg"}],"twitter_card":"summary_large_image","twitter_misc":{"Prix":"2,98&nbsp;&euro;","Disponibilit\u00e9":"En stock"},"schema":{"@context":"https:\/\/schema.org","@graph":[{"@type":"WebPage","@id":"https:\/\/iberoo.com\/producto\/queso-en-dados-garcia-baquero\/","url":"https:\/\/iberoo.com\/producto\/queso-en-dados-garcia-baquero\/","name":"Fromage en d\u00e9s Garc\u00eda Baquero - Iberoo","isPartOf":{"@id":"https:\/\/iberoo.com\/#website"},"primaryImageOfPage":{"@id":"https:\/\/iberoo.com\/producto\/queso-en-dados-garcia-baquero\/#primaryimage"},"image":{"@id":"https:\/\/iberoo.com\/producto\/queso-en-dados-garcia-baquero\/#primaryimage"},"thumbnailUrl":"https:\/\/iberoo.com\/wp-content\/uploads\/2025\/12\/garcia-baquero-dados-queso-keos.jpg","datePublished":"2025-12-22T12:59:24+00:00","dateModified":"2026-04-05T01:39:14+00:00","description":"Le fromage en d\u00e9s de Garc\u00eda Baquero est une option con\u00e7ue pour ceux qui souhaitent d\u00e9guster du fromage de mani\u00e8re pratique et maniable sans sacrifier la saveur.","breadcrumb":{"@id":"https:\/\/iberoo.com\/producto\/queso-en-dados-garcia-baquero\/#breadcrumb"},"inLanguage":"fr-FR","potentialAction":[{"@type":"ReadAction","target":["https:\/\/iberoo.com\/producto\/queso-en-dados-garcia-baquero\/"]}]},{"@type":"ImageObject","inLanguage":"fr-FR","@id":"https:\/\/iberoo.com\/producto\/queso-en-dados-garcia-baquero\/#primaryimage","url":"https:\/\/iberoo.com\/wp-content\/uploads\/2025\/12\/garcia-baquero-dados-queso-keos.jpg","contentUrl":"https:\/\/iberoo.com\/wp-content\/uploads\/2025\/12\/garcia-baquero-dados-queso-keos.jpg","width":1200,"height":1200,"caption":"Queso en Dados Garc\u00eda Baquero"},{"@type":"BreadcrumbList","@id":"https:\/\/iberoo.com\/producto\/queso-en-dados-garcia-baquero\/#breadcrumb","itemListElement":[{"@type":"ListItem","position":1,"name":"Portada","item":"https:\/\/iberoo.com\/"},{"@type":"ListItem","position":2,"name":"Tienda Online","item":"https:\/\/iberoo.com\/tienda\/"},{"@type":"ListItem","position":3,"name":"Queso en Dados Garc\u00eda Baquero"}]},{"@type":"WebSite","@id":"https:\/\/iberoo.com\/#website","url":"https:\/\/iberoo.com\/","name":"Iberoo","description":"","publisher":{"@id":"https:\/\/iberoo.com\/#organization"},"potentialAction":[{"@type":"SearchAction","target":{"@type":"EntryPoint","urlTemplate":"https:\/\/iberoo.com\/?s={search_term_string}"},"query-input":{"@type":"PropertyValueSpecification","valueRequired":true,"valueName":"search_term_string"}}],"inLanguage":"fr-FR"},{"@type":"Organization","@id":"https:\/\/iberoo.com\/#organization","name":"Iberoo","url":"https:\/\/iberoo.com\/","logo":{"@type":"ImageObject","inLanguage":"fr-FR","@id":"https:\/\/iberoo.com\/#\/schema\/logo\/image\/","url":"https:\/\/iberoo.com\/wp-content\/uploads\/2025\/11\/logo-cuadrado.jpg","contentUrl":"https:\/\/iberoo.com\/wp-content\/uploads\/2025\/11\/logo-cuadrado.jpg","width":700,"height":700,"caption":"Iberoo"},"image":{"@id":"https:\/\/iberoo.com\/#\/schema\/logo\/image\/"}}]},"product_brand":"Garc\u00eda Baquero","product_price_amount":"2.98","product_price_currency":"EUR","og_availability":"instock","product_availability":"instock","product_condition":"new"},"_links":{"self":[{"href":"https:\/\/iberoo.com\/fr\/wp-json\/wp\/v2\/product\/1977","targetHints":{"allow":["GET"]}}],"collection":[{"href":"https:\/\/iberoo.com\/fr\/wp-json\/wp\/v2\/product"}],"about":[{"href":"https:\/\/iberoo.com\/fr\/wp-json\/wp\/v2\/types\/product"}],"replies":[{"embeddable":true,"href":"https:\/\/iberoo.com\/fr\/wp-json\/wp\/v2\/comments?post=1977"}],"wp:featuredmedia":[{"embeddable":true,"href":"https:\/\/iberoo.com\/fr\/wp-json\/wp\/v2\/media\/1978"}],"wp:attachment":[{"href":"https:\/\/iberoo.com\/fr\/wp-json\/wp\/v2\/media?parent=1977"}],"wp:term":[{"taxonomy":"product_brand","embeddable":true,"href":"https:\/\/iberoo.com\/fr\/wp-json\/wp\/v2\/product_brand?post=1977"},{"taxonomy":"product_cat","embeddable":true,"href":"https:\/\/iberoo.com\/fr\/wp-json\/wp\/v2\/product_cat?post=1977"},{"taxonomy":"product_tag","embeddable":true,"href":"https:\/\/iberoo.com\/fr\/wp-json\/wp\/v2\/product_tag?post=1977"}],"curies":[{"name":"wp","href":"https:\/\/api.w.org\/{rel}","templated":true}]}}