{"id":1980,"date":"2025-12-23T05:52:39","date_gmt":"2025-12-23T04:52:39","guid":{"rendered":"https:\/\/iberoo.com\/?post_type=product&#038;p=1980"},"modified":"2026-04-05T03:38:45","modified_gmt":"2026-04-05T01:38:45","slug":"kaiku-cafe-latte","status":"publish","type":"product","link":"https:\/\/iberoo.com\/fr\/produit\/kaiku-cafe-latte\/","title":{"rendered":"Kaiku Caf\u00e9 Latte"},"content":{"rendered":"<p>Con\u00e7u pour s'adapter \u00e0 votre rythme quotidien, le Kaiku Caf\u00e9 Latte se pr\u00e9sente dans un format pratique de 230 ml, id\u00e9al pour une pause gourmande \u00e0 tout moment et n'importe o\u00f9\u00a0: sur le chemin du travail, pendant une pause entre deux cours ou pour un petit plaisir en milieu d'apr\u00e8s-midi. C'est le caf\u00e9 pr\u00eat \u00e0 boire parfait quand on manque de temps mais qu'on a envie de se faire plaisir.<\/p>\n<p>Le Caf\u00e9 Latte offre l'\u00e9quilibre classique entre caf\u00e9 et lait, onctueux et agr\u00e9able, id\u00e9al pour ceux qui appr\u00e9cient une saveur harmonieuse et facile \u00e0 boire. Le Caf\u00e9 Latte Light conserve cette m\u00eame essence, mais en version plus l\u00e9g\u00e8re, con\u00e7u pour ceux qui recherchent une option plus mod\u00e9r\u00e9e sans renoncer au plaisir d'un caf\u00e9 au lait. Pour les amateurs de saveurs plus intenses, le Caf\u00e9 Latte Espresso offre un caract\u00e8re plus prononc\u00e9, avec un ar\u00f4me de caf\u00e9 plus intense et une texture plus riche. Et si vous avez envie de quelque chose de diff\u00e9rent, le Caf\u00e9 Latte Vanille ajoute une note aromatique douce et sucr\u00e9e qui transforme chaque gorg\u00e9e en un moment unique.<\/p>\n<p>Le format en tasse permet de savourer facilement un caf\u00e9 froid ou \u00e0 temp\u00e9rature ambiante, sans pr\u00e9paration. Kaiku privil\u00e9gie la praticit\u00e9 et un go\u00fbt constant, offrant une gamme adapt\u00e9e \u00e0 tous les go\u00fbts et \u00e0 toutes les occasions. Un caf\u00e9 con\u00e7u pour la vraie vie, \u00e0 d\u00e9guster comme et quand vous le souhaitez, sans complications et avec la saveur qui vous correspond.<\/p>","protected":false},"excerpt":{"rendered":"<p>Kaiku Caf\u00e9 Latte est le choix id\u00e9al pour ceux qui appr\u00e9cient un caf\u00e9 au lait de mani\u00e8re simple, pratique et sans complication gr\u00e2ce \u00e0 son format pratique de 230 ml pr\u00eat \u00e0 boire.<\/p>","protected":false},"featured_media":1981,"comment_status":"closed","ping_status":"closed","template":"","meta":[],"product_brand":[171],"product_cat":[148],"product_tag":[],"class_list":{"0":"post-1980","1":"product","2":"type-product","3":"status-publish","4":"has-post-thumbnail","6":"product_brand-kaiku","7":"product_cat-bebidas-y-lacteos","9":"first","10":"instock","11":"shipping-taxable","12":"purchasable","13":"product-type-variable"},"yoast_head":"<!-- This site is optimized with the Yoast SEO plugin v27.3 - https:\/\/yoast.com\/product\/yoast-seo-wordpress\/ -->\n<title>Kaiku Caf\u00e9 Latte - Iberoo<\/title>\n<meta name=\"description\" content=\"Kaiku Caf\u00e9 Latte es la opci\u00f3n perfecta para quienes disfrutan del caf\u00e9 con leche de forma sencilla, pr\u00e1ctica y sin complicaciones.\" \/>\n<meta name=\"robots\" content=\"index, follow, max-snippet:-1, max-image-preview:large, max-video-preview:-1\" \/>\n<link rel=\"canonical\" href=\"https:\/\/iberoo.com\/fr\/produit\/kaiku-cafe-latte\/\" \/>\n<meta property=\"og:locale\" content=\"fr_FR\" \/>\n<meta property=\"og:type\" content=\"article\" \/>\n<meta property=\"og:title\" content=\"Kaiku Caf\u00e9 Latte - Iberoo\" \/>\n<meta property=\"og:description\" content=\"Kaiku Caf\u00e9 Latte es la opci\u00f3n perfecta para quienes disfrutan del caf\u00e9 con leche de forma sencilla, pr\u00e1ctica y sin complicaciones.\" \/>\n<meta property=\"og:url\" content=\"https:\/\/iberoo.com\/fr\/produit\/kaiku-cafe-latte\/\" \/>\n<meta property=\"og:site_name\" content=\"Iberoo\" \/>\n<meta property=\"article:modified_time\" content=\"2026-04-05T01:38:45+00:00\" \/>\n<meta property=\"og:image\" content=\"https:\/\/iberoo.com\/wp-content\/uploads\/2025\/12\/kaiku-caffe-lattte.jpg\" \/>\n\t<meta property=\"og:image:width\" content=\"800\" \/>\n\t<meta property=\"og:image:height\" content=\"800\" \/>\n\t<meta property=\"og:image:type\" content=\"image\/jpeg\" \/>\n<meta name=\"twitter:card\" content=\"summary_large_image\" \/>\n<meta name=\"twitter:label1\" content=\"Disponibilit\u00e9\" \/>\n\t<meta name=\"twitter:data1\" content=\"En stock\" \/>\n<script type=\"application\/ld+json\" class=\"yoast-schema-graph\">{\"@context\":\"https:\\\/\\\/schema.org\",\"@graph\":[{\"@type\":\"WebPage\",\"@id\":\"https:\\\/\\\/iberoo.com\\\/producto\\\/kaiku-cafe-latte\\\/\",\"url\":\"https:\\\/\\\/iberoo.com\\\/producto\\\/kaiku-cafe-latte\\\/\",\"name\":\"Kaiku Caf\u00e9 Latte - Iberoo\",\"isPartOf\":{\"@id\":\"https:\\\/\\\/iberoo.com\\\/#website\"},\"primaryImageOfPage\":{\"@id\":\"https:\\\/\\\/iberoo.com\\\/producto\\\/kaiku-cafe-latte\\\/#primaryimage\"},\"image\":{\"@id\":\"https:\\\/\\\/iberoo.com\\\/producto\\\/kaiku-cafe-latte\\\/#primaryimage\"},\"thumbnailUrl\":\"https:\\\/\\\/iberoo.com\\\/wp-content\\\/uploads\\\/2025\\\/12\\\/kaiku-caffe-lattte.jpg\",\"datePublished\":\"2025-12-23T04:52:39+00:00\",\"dateModified\":\"2026-04-05T01:38:45+00:00\",\"description\":\"Kaiku Caf\u00e9 Latte es la opci\u00f3n perfecta para quienes disfrutan del caf\u00e9 con leche de forma sencilla, pr\u00e1ctica y sin complicaciones.\",\"breadcrumb\":{\"@id\":\"https:\\\/\\\/iberoo.com\\\/producto\\\/kaiku-cafe-latte\\\/#breadcrumb\"},\"inLanguage\":\"fr-FR\",\"potentialAction\":[{\"@type\":\"ReadAction\",\"target\":[\"https:\\\/\\\/iberoo.com\\\/producto\\\/kaiku-cafe-latte\\\/\"]}]},{\"@type\":\"ImageObject\",\"inLanguage\":\"fr-FR\",\"@id\":\"https:\\\/\\\/iberoo.com\\\/producto\\\/kaiku-cafe-latte\\\/#primaryimage\",\"url\":\"https:\\\/\\\/iberoo.com\\\/wp-content\\\/uploads\\\/2025\\\/12\\\/kaiku-caffe-lattte.jpg\",\"contentUrl\":\"https:\\\/\\\/iberoo.com\\\/wp-content\\\/uploads\\\/2025\\\/12\\\/kaiku-caffe-lattte.jpg\",\"width\":800,\"height\":800,\"caption\":\"Kaiku Caf\u00e9 Latte\"},{\"@type\":\"BreadcrumbList\",\"@id\":\"https:\\\/\\\/iberoo.com\\\/producto\\\/kaiku-cafe-latte\\\/#breadcrumb\",\"itemListElement\":[{\"@type\":\"ListItem\",\"position\":1,\"name\":\"Portada\",\"item\":\"https:\\\/\\\/iberoo.com\\\/\"},{\"@type\":\"ListItem\",\"position\":2,\"name\":\"Tienda Online\",\"item\":\"https:\\\/\\\/iberoo.com\\\/tienda\\\/\"},{\"@type\":\"ListItem\",\"position\":3,\"name\":\"Kaiku Caf\u00e9 Latte\"}]},{\"@type\":\"WebSite\",\"@id\":\"https:\\\/\\\/iberoo.com\\\/#website\",\"url\":\"https:\\\/\\\/iberoo.com\\\/\",\"name\":\"Iberoo\",\"description\":\"\",\"publisher\":{\"@id\":\"https:\\\/\\\/iberoo.com\\\/#organization\"},\"potentialAction\":[{\"@type\":\"SearchAction\",\"target\":{\"@type\":\"EntryPoint\",\"urlTemplate\":\"https:\\\/\\\/iberoo.com\\\/?s={search_term_string}\"},\"query-input\":{\"@type\":\"PropertyValueSpecification\",\"valueRequired\":true,\"valueName\":\"search_term_string\"}}],\"inLanguage\":\"fr-FR\"},{\"@type\":\"Organization\",\"@id\":\"https:\\\/\\\/iberoo.com\\\/#organization\",\"name\":\"Iberoo\",\"url\":\"https:\\\/\\\/iberoo.com\\\/\",\"logo\":{\"@type\":\"ImageObject\",\"inLanguage\":\"fr-FR\",\"@id\":\"https:\\\/\\\/iberoo.com\\\/#\\\/schema\\\/logo\\\/image\\\/\",\"url\":\"https:\\\/\\\/iberoo.com\\\/wp-content\\\/uploads\\\/2025\\\/11\\\/logo-cuadrado.jpg\",\"contentUrl\":\"https:\\\/\\\/iberoo.com\\\/wp-content\\\/uploads\\\/2025\\\/11\\\/logo-cuadrado.jpg\",\"width\":700,\"height\":700,\"caption\":\"Iberoo\"},\"image\":{\"@id\":\"https:\\\/\\\/iberoo.com\\\/#\\\/schema\\\/logo\\\/image\\\/\"}}]}<\/script>\n<meta property=\"product:brand\" content=\"Kaiku\" \/>\n<meta property=\"og:availability\" content=\"instock\" \/>\n<meta property=\"product:availability\" content=\"instock\" \/>\n<meta property=\"product:condition\" content=\"new\" \/>\n<!-- \/ Yoast SEO plugin. -->","yoast_head_json":{"title":"Kaiku Caf\u00e9 Latte - Iberoo","description":"Le Kaiku Caf\u00e9 Latte est le choix id\u00e9al pour ceux qui appr\u00e9cient un caf\u00e9 au lait de fa\u00e7on simple, pratique et sans complication.","robots":{"index":"index","follow":"follow","max-snippet":"max-snippet:-1","max-image-preview":"max-image-preview:large","max-video-preview":"max-video-preview:-1"},"canonical":"https:\/\/iberoo.com\/fr\/produit\/kaiku-cafe-latte\/","og_locale":"fr_FR","og_type":"article","og_title":"Kaiku Caf\u00e9 Latte - Iberoo","og_description":"Kaiku Caf\u00e9 Latte es la opci\u00f3n perfecta para quienes disfrutan del caf\u00e9 con leche de forma sencilla, pr\u00e1ctica y sin complicaciones.","og_url":"https:\/\/iberoo.com\/fr\/produit\/kaiku-cafe-latte\/","og_site_name":"Iberoo","article_modified_time":"2026-04-05T01:38:45+00:00","og_image":[{"width":800,"height":800,"url":"https:\/\/iberoo.com\/wp-content\/uploads\/2025\/12\/kaiku-caffe-lattte.jpg","type":"image\/jpeg"}],"twitter_card":"summary_large_image","twitter_misc":{"Disponibilit\u00e9":"En stock"},"schema":{"@context":"https:\/\/schema.org","@graph":[{"@type":"WebPage","@id":"https:\/\/iberoo.com\/producto\/kaiku-cafe-latte\/","url":"https:\/\/iberoo.com\/producto\/kaiku-cafe-latte\/","name":"Kaiku Caf\u00e9 Latte - Iberoo","isPartOf":{"@id":"https:\/\/iberoo.com\/#website"},"primaryImageOfPage":{"@id":"https:\/\/iberoo.com\/producto\/kaiku-cafe-latte\/#primaryimage"},"image":{"@id":"https:\/\/iberoo.com\/producto\/kaiku-cafe-latte\/#primaryimage"},"thumbnailUrl":"https:\/\/iberoo.com\/wp-content\/uploads\/2025\/12\/kaiku-caffe-lattte.jpg","datePublished":"2025-12-23T04:52:39+00:00","dateModified":"2026-04-05T01:38:45+00:00","description":"Le Kaiku Caf\u00e9 Latte est le choix id\u00e9al pour ceux qui appr\u00e9cient un caf\u00e9 au lait de fa\u00e7on simple, pratique et sans complication.","breadcrumb":{"@id":"https:\/\/iberoo.com\/producto\/kaiku-cafe-latte\/#breadcrumb"},"inLanguage":"fr-FR","potentialAction":[{"@type":"ReadAction","target":["https:\/\/iberoo.com\/producto\/kaiku-cafe-latte\/"]}]},{"@type":"ImageObject","inLanguage":"fr-FR","@id":"https:\/\/iberoo.com\/producto\/kaiku-cafe-latte\/#primaryimage","url":"https:\/\/iberoo.com\/wp-content\/uploads\/2025\/12\/kaiku-caffe-lattte.jpg","contentUrl":"https:\/\/iberoo.com\/wp-content\/uploads\/2025\/12\/kaiku-caffe-lattte.jpg","width":800,"height":800,"caption":"Kaiku Caf\u00e9 Latte"},{"@type":"BreadcrumbList","@id":"https:\/\/iberoo.com\/producto\/kaiku-cafe-latte\/#breadcrumb","itemListElement":[{"@type":"ListItem","position":1,"name":"Portada","item":"https:\/\/iberoo.com\/"},{"@type":"ListItem","position":2,"name":"Tienda Online","item":"https:\/\/iberoo.com\/tienda\/"},{"@type":"ListItem","position":3,"name":"Kaiku Caf\u00e9 Latte"}]},{"@type":"WebSite","@id":"https:\/\/iberoo.com\/#website","url":"https:\/\/iberoo.com\/","name":"Iberoo","description":"","publisher":{"@id":"https:\/\/iberoo.com\/#organization"},"potentialAction":[{"@type":"SearchAction","target":{"@type":"EntryPoint","urlTemplate":"https:\/\/iberoo.com\/?s={search_term_string}"},"query-input":{"@type":"PropertyValueSpecification","valueRequired":true,"valueName":"search_term_string"}}],"inLanguage":"fr-FR"},{"@type":"Organization","@id":"https:\/\/iberoo.com\/#organization","name":"Iberoo","url":"https:\/\/iberoo.com\/","logo":{"@type":"ImageObject","inLanguage":"fr-FR","@id":"https:\/\/iberoo.com\/#\/schema\/logo\/image\/","url":"https:\/\/iberoo.com\/wp-content\/uploads\/2025\/11\/logo-cuadrado.jpg","contentUrl":"https:\/\/iberoo.com\/wp-content\/uploads\/2025\/11\/logo-cuadrado.jpg","width":700,"height":700,"caption":"Iberoo"},"image":{"@id":"https:\/\/iberoo.com\/#\/schema\/logo\/image\/"}}]},"product_brand":"Kaiku","og_availability":"instock","product_availability":"instock","product_condition":"new"},"_links":{"self":[{"href":"https:\/\/iberoo.com\/fr\/wp-json\/wp\/v2\/product\/1980","targetHints":{"allow":["GET"]}}],"collection":[{"href":"https:\/\/iberoo.com\/fr\/wp-json\/wp\/v2\/product"}],"about":[{"href":"https:\/\/iberoo.com\/fr\/wp-json\/wp\/v2\/types\/product"}],"replies":[{"embeddable":true,"href":"https:\/\/iberoo.com\/fr\/wp-json\/wp\/v2\/comments?post=1980"}],"wp:featuredmedia":[{"embeddable":true,"href":"https:\/\/iberoo.com\/fr\/wp-json\/wp\/v2\/media\/1981"}],"wp:attachment":[{"href":"https:\/\/iberoo.com\/fr\/wp-json\/wp\/v2\/media?parent=1980"}],"wp:term":[{"taxonomy":"product_brand","embeddable":true,"href":"https:\/\/iberoo.com\/fr\/wp-json\/wp\/v2\/product_brand?post=1980"},{"taxonomy":"product_cat","embeddable":true,"href":"https:\/\/iberoo.com\/fr\/wp-json\/wp\/v2\/product_cat?post=1980"},{"taxonomy":"product_tag","embeddable":true,"href":"https:\/\/iberoo.com\/fr\/wp-json\/wp\/v2\/product_tag?post=1980"}],"curies":[{"name":"wp","href":"https:\/\/api.w.org\/{rel}","templated":true}]}}