{"id":1990,"date":"2025-12-23T06:36:22","date_gmt":"2025-12-23T05:36:22","guid":{"rendered":"https:\/\/iberoo.com\/?post_type=product&#038;p=1990"},"modified":"2026-04-05T03:38:25","modified_gmt":"2026-04-05T01:38:25","slug":"lateado-pascual","status":"publish","type":"product","link":"https:\/\/iberoo.com\/fr\/produit\/lateado-pascual\/","title":{"rendered":"Lateado Pascual"},"content":{"rendered":"<p>La boisson lact\u00e9e Lateado de Pascual est pr\u00e9sent\u00e9e dans une bouteille pratique de 230 ml, facile \u00e0 transporter et id\u00e9ale \u00e0 d\u00e9guster \u00e0 tout moment\u00a0: en milieu de matin\u00e9e, apr\u00e8s le d\u00e9jeuner ou pour une pause gourmande l'apr\u00e8s-midi. C'est la solution id\u00e9ale pour ceux qui recherchent plus qu'une simple boisson, sans pr\u00e9paration ni attente.<\/p>\n<p>Le Latte au caf\u00e9 Arabica offre une saveur douce et aromatique, avec un \u00e9quilibre parfait entre le caf\u00e9 et le lait cr\u00e9meux. Il est id\u00e9al pour ceux qui appr\u00e9cient le caf\u00e9 au lait mais pr\u00e9f\u00e8rent une version pr\u00eate \u00e0 boire, avec un profil agr\u00e9able et facile \u00e0 savourer. Quant au Latte au cacao africain, il offre une saveur plus riche et r\u00e9confortante, avec des notes intenses de cacao qui se marient harmonieusement \u00e0 la base de lait, pour une exp\u00e9rience onctueuse et \u00e9quilibr\u00e9e.<\/p>\n<p>Ces deux options sont con\u00e7ues pour \u00eatre d\u00e9gust\u00e9es fra\u00eeches et conviennent \u00e0 diff\u00e9rents moments de la journ\u00e9e, que ce soit pour une pause d\u00e9tente ou pour accompagner une journ\u00e9e charg\u00e9e. Le format individuel permet de doser la quantit\u00e9 et pr\u00e9serve la qualit\u00e9 du produit jusqu'\u00e0 ouverture.<\/p>\n<p>Pascual's Lateado est con\u00e7u pour offrir une exp\u00e9rience personnalis\u00e9e et attentionn\u00e9e, adapt\u00e9e au quotidien. Boisson lact\u00e9e pratique, d\u00e9licieuse et polyvalente, elle est id\u00e9ale pour ceux qui appr\u00e9cient l'\u00e9quilibre entre saveur, praticit\u00e9 et qualit\u00e9.<\/p>","protected":false},"excerpt":{"rendered":"<p>La boisson lact\u00e9e Lateado de Pascual est con\u00e7ue pour accompagner ces petits moments de la journ\u00e9e o\u00f9 vous souhaitez faire une pause et vous d\u00e9tendre. Bouteille de 230 ml.<\/p>","protected":false},"featured_media":1991,"comment_status":"closed","ping_status":"closed","template":"","meta":[],"product_brand":[141],"product_cat":[148],"product_tag":[],"class_list":{"0":"post-1990","1":"product","2":"type-product","3":"status-publish","4":"has-post-thumbnail","6":"product_brand-pascual","7":"product_cat-bebidas-y-lacteos","9":"first","10":"instock","11":"shipping-taxable","12":"purchasable","13":"product-type-variable"},"yoast_head":"<!-- This site is optimized with the Yoast SEO plugin v27.3 - https:\/\/yoast.com\/product\/yoast-seo-wordpress\/ -->\n<title>Lateado Pascual - Iberoo<\/title>\n<meta name=\"description\" content=\"La bebida l\u00e1ctea Lateado de Pascual est\u00e1 pensada para acompa\u00f1ar esos peque\u00f1os momentos del d\u00eda en los que apetece hacer una pausa y disfrutar con calma.\" \/>\n<meta name=\"robots\" content=\"index, follow, max-snippet:-1, max-image-preview:large, max-video-preview:-1\" \/>\n<link rel=\"canonical\" href=\"https:\/\/iberoo.com\/fr\/produit\/lateado-pascual\/\" \/>\n<meta property=\"og:locale\" content=\"fr_FR\" \/>\n<meta property=\"og:type\" content=\"article\" \/>\n<meta property=\"og:title\" content=\"Lateado Pascual - Iberoo\" \/>\n<meta property=\"og:description\" content=\"La bebida l\u00e1ctea Lateado de Pascual est\u00e1 pensada para acompa\u00f1ar esos peque\u00f1os momentos del d\u00eda en los que apetece hacer una pausa y disfrutar con calma.\" \/>\n<meta property=\"og:url\" content=\"https:\/\/iberoo.com\/fr\/produit\/lateado-pascual\/\" \/>\n<meta property=\"og:site_name\" content=\"Iberoo\" \/>\n<meta property=\"article:modified_time\" content=\"2026-04-05T01:38:25+00:00\" \/>\n<meta property=\"og:image\" content=\"https:\/\/iberoo.com\/wp-content\/uploads\/2025\/12\/pascual-lateado.jpg\" \/>\n\t<meta property=\"og:image:width\" content=\"800\" \/>\n\t<meta property=\"og:image:height\" content=\"800\" \/>\n\t<meta property=\"og:image:type\" content=\"image\/jpeg\" \/>\n<meta name=\"twitter:card\" content=\"summary_large_image\" \/>\n<meta name=\"twitter:label1\" content=\"Disponibilit\u00e9\" \/>\n\t<meta name=\"twitter:data1\" content=\"En stock\" \/>\n<script type=\"application\/ld+json\" class=\"yoast-schema-graph\">{\"@context\":\"https:\\\/\\\/schema.org\",\"@graph\":[{\"@type\":\"WebPage\",\"@id\":\"https:\\\/\\\/iberoo.com\\\/producto\\\/lateado-pascual\\\/\",\"url\":\"https:\\\/\\\/iberoo.com\\\/producto\\\/lateado-pascual\\\/\",\"name\":\"Lateado Pascual - Iberoo\",\"isPartOf\":{\"@id\":\"https:\\\/\\\/iberoo.com\\\/#website\"},\"primaryImageOfPage\":{\"@id\":\"https:\\\/\\\/iberoo.com\\\/producto\\\/lateado-pascual\\\/#primaryimage\"},\"image\":{\"@id\":\"https:\\\/\\\/iberoo.com\\\/producto\\\/lateado-pascual\\\/#primaryimage\"},\"thumbnailUrl\":\"https:\\\/\\\/iberoo.com\\\/wp-content\\\/uploads\\\/2025\\\/12\\\/pascual-lateado.jpg\",\"datePublished\":\"2025-12-23T05:36:22+00:00\",\"dateModified\":\"2026-04-05T01:38:25+00:00\",\"description\":\"La bebida l\u00e1ctea Lateado de Pascual est\u00e1 pensada para acompa\u00f1ar esos peque\u00f1os momentos del d\u00eda en los que apetece hacer una pausa y disfrutar con calma.\",\"breadcrumb\":{\"@id\":\"https:\\\/\\\/iberoo.com\\\/producto\\\/lateado-pascual\\\/#breadcrumb\"},\"inLanguage\":\"fr-FR\",\"potentialAction\":[{\"@type\":\"ReadAction\",\"target\":[\"https:\\\/\\\/iberoo.com\\\/producto\\\/lateado-pascual\\\/\"]}]},{\"@type\":\"ImageObject\",\"inLanguage\":\"fr-FR\",\"@id\":\"https:\\\/\\\/iberoo.com\\\/producto\\\/lateado-pascual\\\/#primaryimage\",\"url\":\"https:\\\/\\\/iberoo.com\\\/wp-content\\\/uploads\\\/2025\\\/12\\\/pascual-lateado.jpg\",\"contentUrl\":\"https:\\\/\\\/iberoo.com\\\/wp-content\\\/uploads\\\/2025\\\/12\\\/pascual-lateado.jpg\",\"width\":800,\"height\":800,\"caption\":\"Lateado Pascual\"},{\"@type\":\"BreadcrumbList\",\"@id\":\"https:\\\/\\\/iberoo.com\\\/producto\\\/lateado-pascual\\\/#breadcrumb\",\"itemListElement\":[{\"@type\":\"ListItem\",\"position\":1,\"name\":\"Portada\",\"item\":\"https:\\\/\\\/iberoo.com\\\/\"},{\"@type\":\"ListItem\",\"position\":2,\"name\":\"Tienda Online\",\"item\":\"https:\\\/\\\/iberoo.com\\\/tienda\\\/\"},{\"@type\":\"ListItem\",\"position\":3,\"name\":\"Lateado Pascual\"}]},{\"@type\":\"WebSite\",\"@id\":\"https:\\\/\\\/iberoo.com\\\/#website\",\"url\":\"https:\\\/\\\/iberoo.com\\\/\",\"name\":\"Iberoo\",\"description\":\"\",\"publisher\":{\"@id\":\"https:\\\/\\\/iberoo.com\\\/#organization\"},\"potentialAction\":[{\"@type\":\"SearchAction\",\"target\":{\"@type\":\"EntryPoint\",\"urlTemplate\":\"https:\\\/\\\/iberoo.com\\\/?s={search_term_string}\"},\"query-input\":{\"@type\":\"PropertyValueSpecification\",\"valueRequired\":true,\"valueName\":\"search_term_string\"}}],\"inLanguage\":\"fr-FR\"},{\"@type\":\"Organization\",\"@id\":\"https:\\\/\\\/iberoo.com\\\/#organization\",\"name\":\"Iberoo\",\"url\":\"https:\\\/\\\/iberoo.com\\\/\",\"logo\":{\"@type\":\"ImageObject\",\"inLanguage\":\"fr-FR\",\"@id\":\"https:\\\/\\\/iberoo.com\\\/#\\\/schema\\\/logo\\\/image\\\/\",\"url\":\"https:\\\/\\\/iberoo.com\\\/wp-content\\\/uploads\\\/2025\\\/11\\\/logo-cuadrado.jpg\",\"contentUrl\":\"https:\\\/\\\/iberoo.com\\\/wp-content\\\/uploads\\\/2025\\\/11\\\/logo-cuadrado.jpg\",\"width\":700,\"height\":700,\"caption\":\"Iberoo\"},\"image\":{\"@id\":\"https:\\\/\\\/iberoo.com\\\/#\\\/schema\\\/logo\\\/image\\\/\"}}]}<\/script>\n<meta property=\"product:brand\" content=\"Pascual\" \/>\n<meta property=\"og:availability\" content=\"instock\" \/>\n<meta property=\"product:availability\" content=\"instock\" \/>\n<meta property=\"product:condition\" content=\"new\" \/>\n<!-- \/ Yoast SEO plugin. -->","yoast_head_json":{"title":"Lateado Pascual - Iberoo","description":"La boisson lact\u00e9e Lateado de Pascual est con\u00e7ue pour accompagner ces petits moments de la journ\u00e9e o\u00f9 vous souhaitez faire une pause et vous d\u00e9tendre en toute tranquillit\u00e9.","robots":{"index":"index","follow":"follow","max-snippet":"max-snippet:-1","max-image-preview":"max-image-preview:large","max-video-preview":"max-video-preview:-1"},"canonical":"https:\/\/iberoo.com\/fr\/produit\/lateado-pascual\/","og_locale":"fr_FR","og_type":"article","og_title":"Lateado Pascual - Iberoo","og_description":"La bebida l\u00e1ctea Lateado de Pascual est\u00e1 pensada para acompa\u00f1ar esos peque\u00f1os momentos del d\u00eda en los que apetece hacer una pausa y disfrutar con calma.","og_url":"https:\/\/iberoo.com\/fr\/produit\/lateado-pascual\/","og_site_name":"Iberoo","article_modified_time":"2026-04-05T01:38:25+00:00","og_image":[{"width":800,"height":800,"url":"https:\/\/iberoo.com\/wp-content\/uploads\/2025\/12\/pascual-lateado.jpg","type":"image\/jpeg"}],"twitter_card":"summary_large_image","twitter_misc":{"Disponibilit\u00e9":"En stock"},"schema":{"@context":"https:\/\/schema.org","@graph":[{"@type":"WebPage","@id":"https:\/\/iberoo.com\/producto\/lateado-pascual\/","url":"https:\/\/iberoo.com\/producto\/lateado-pascual\/","name":"Lateado Pascual - Iberoo","isPartOf":{"@id":"https:\/\/iberoo.com\/#website"},"primaryImageOfPage":{"@id":"https:\/\/iberoo.com\/producto\/lateado-pascual\/#primaryimage"},"image":{"@id":"https:\/\/iberoo.com\/producto\/lateado-pascual\/#primaryimage"},"thumbnailUrl":"https:\/\/iberoo.com\/wp-content\/uploads\/2025\/12\/pascual-lateado.jpg","datePublished":"2025-12-23T05:36:22+00:00","dateModified":"2026-04-05T01:38:25+00:00","description":"La boisson lact\u00e9e Lateado de Pascual est con\u00e7ue pour accompagner ces petits moments de la journ\u00e9e o\u00f9 vous souhaitez faire une pause et vous d\u00e9tendre en toute tranquillit\u00e9.","breadcrumb":{"@id":"https:\/\/iberoo.com\/producto\/lateado-pascual\/#breadcrumb"},"inLanguage":"fr-FR","potentialAction":[{"@type":"ReadAction","target":["https:\/\/iberoo.com\/producto\/lateado-pascual\/"]}]},{"@type":"ImageObject","inLanguage":"fr-FR","@id":"https:\/\/iberoo.com\/producto\/lateado-pascual\/#primaryimage","url":"https:\/\/iberoo.com\/wp-content\/uploads\/2025\/12\/pascual-lateado.jpg","contentUrl":"https:\/\/iberoo.com\/wp-content\/uploads\/2025\/12\/pascual-lateado.jpg","width":800,"height":800,"caption":"Lateado Pascual"},{"@type":"BreadcrumbList","@id":"https:\/\/iberoo.com\/producto\/lateado-pascual\/#breadcrumb","itemListElement":[{"@type":"ListItem","position":1,"name":"Portada","item":"https:\/\/iberoo.com\/"},{"@type":"ListItem","position":2,"name":"Tienda Online","item":"https:\/\/iberoo.com\/tienda\/"},{"@type":"ListItem","position":3,"name":"Lateado Pascual"}]},{"@type":"WebSite","@id":"https:\/\/iberoo.com\/#website","url":"https:\/\/iberoo.com\/","name":"Iberoo","description":"","publisher":{"@id":"https:\/\/iberoo.com\/#organization"},"potentialAction":[{"@type":"SearchAction","target":{"@type":"EntryPoint","urlTemplate":"https:\/\/iberoo.com\/?s={search_term_string}"},"query-input":{"@type":"PropertyValueSpecification","valueRequired":true,"valueName":"search_term_string"}}],"inLanguage":"fr-FR"},{"@type":"Organization","@id":"https:\/\/iberoo.com\/#organization","name":"Iberoo","url":"https:\/\/iberoo.com\/","logo":{"@type":"ImageObject","inLanguage":"fr-FR","@id":"https:\/\/iberoo.com\/#\/schema\/logo\/image\/","url":"https:\/\/iberoo.com\/wp-content\/uploads\/2025\/11\/logo-cuadrado.jpg","contentUrl":"https:\/\/iberoo.com\/wp-content\/uploads\/2025\/11\/logo-cuadrado.jpg","width":700,"height":700,"caption":"Iberoo"},"image":{"@id":"https:\/\/iberoo.com\/#\/schema\/logo\/image\/"}}]},"product_brand":"Pascual","og_availability":"instock","product_availability":"instock","product_condition":"new"},"_links":{"self":[{"href":"https:\/\/iberoo.com\/fr\/wp-json\/wp\/v2\/product\/1990","targetHints":{"allow":["GET"]}}],"collection":[{"href":"https:\/\/iberoo.com\/fr\/wp-json\/wp\/v2\/product"}],"about":[{"href":"https:\/\/iberoo.com\/fr\/wp-json\/wp\/v2\/types\/product"}],"replies":[{"embeddable":true,"href":"https:\/\/iberoo.com\/fr\/wp-json\/wp\/v2\/comments?post=1990"}],"wp:featuredmedia":[{"embeddable":true,"href":"https:\/\/iberoo.com\/fr\/wp-json\/wp\/v2\/media\/1991"}],"wp:attachment":[{"href":"https:\/\/iberoo.com\/fr\/wp-json\/wp\/v2\/media?parent=1990"}],"wp:term":[{"taxonomy":"product_brand","embeddable":true,"href":"https:\/\/iberoo.com\/fr\/wp-json\/wp\/v2\/product_brand?post=1990"},{"taxonomy":"product_cat","embeddable":true,"href":"https:\/\/iberoo.com\/fr\/wp-json\/wp\/v2\/product_cat?post=1990"},{"taxonomy":"product_tag","embeddable":true,"href":"https:\/\/iberoo.com\/fr\/wp-json\/wp\/v2\/product_tag?post=1990"}],"curies":[{"name":"wp","href":"https:\/\/api.w.org\/{rel}","templated":true}]}}