{"id":1998,"date":"2025-12-23T07:52:49","date_gmt":"2025-12-23T06:52:49","guid":{"rendered":"https:\/\/iberoo.com\/?post_type=product&#038;p=1998"},"modified":"2026-04-05T03:38:05","modified_gmt":"2026-04-05T01:38:05","slug":"puleva-tido-shake","status":"publish","type":"product","link":"https:\/\/iberoo.com\/fr\/produit\/puleva-tido-shake\/","title":{"rendered":"Puleva Tido Shake"},"content":{"rendered":"<p>Pr\u00e9sent\u00e9s en pack pratique de 6 bouteilles de 200 ml, les shakes Puleva Tido sont parfaits pour avoir toujours une boisson pr\u00eate \u00e0 consommer \u00e0 port\u00e9e de main, que ce soit \u00e0 la maison, dans votre sac \u00e0 dos ou lors d'une pause rapide entre deux activit\u00e9s. Leur format individuel facilite la consommation et vous aide \u00e0 mieux r\u00e9partir votre apport tout au long de la semaine.<\/p>\n<p>La vari\u00e9t\u00e9 de nos saveurs nous permet de satisfaire tous les go\u00fbts et toutes les envies. Le milkshake au chocolat offre une saveur intense et onctueuse, id\u00e9ale pour les amateurs de classiques ind\u00e9modables. Le milkshake au chocolat sans sucre conserve ce caract\u00e8re familier, mais est con\u00e7u pour ceux qui souhaitent r\u00e9duire leur consommation de sucre sans renoncer au plaisir. La version sans lactose est une alternative pratique pour les personnes intol\u00e9rantes au lactose, tout en pr\u00e9servant la texture et la saveur attendues d'un bon milkshake. Enfin, le milkshake \u00e0 la fraise offre une texture plus fra\u00eeche et onctueuse, parfaite pour ceux qui recherchent une boisson diff\u00e9rente et l\u00e9g\u00e8re.<\/p>\n<p>Les boissons prot\u00e9in\u00e9es Puleva Tido sont parfaites en toutes occasions\u00a0: petits d\u00e9jeuners rapides, go\u00fbters, repas l\u00e9gers ou m\u00eame apr\u00e8s l\u2019effort. Elles se conservent \u00e0 temp\u00e9rature ambiante et sont pr\u00eates \u00e0 d\u00e9guster partout.<\/p>\n<p>Avec la garantie Puleva, ces smoothies allient praticit\u00e9, vari\u00e9t\u00e9 et une saveur irr\u00e9sistible. Une solution pratique et facile \u00e0 utiliser, con\u00e7ue pour le quotidien et pour un plaisir sans prise de t\u00eate.<\/p>","protected":false},"excerpt":{"rendered":"<p>Les boissons prot\u00e9in\u00e9es Puleva Tido sont con\u00e7ues pour vous accompagner au quotidien de fa\u00e7on simple et pratique, avec des saveurs famili\u00e8res d\u00e8s la premi\u00e8re gorg\u00e9e. Packs de 6 bouteilles de 200 ml.<\/p>","protected":false},"featured_media":1999,"comment_status":"closed","ping_status":"closed","template":"","meta":[],"product_brand":[142],"product_cat":[148],"product_tag":[],"class_list":{"0":"post-1998","1":"product","2":"type-product","3":"status-publish","4":"has-post-thumbnail","6":"product_brand-puleva","7":"product_cat-bebidas-y-lacteos","9":"first","10":"instock","11":"shipping-taxable","12":"purchasable","13":"product-type-variable"},"yoast_head":"<!-- This site is optimized with the Yoast SEO plugin v27.3 - https:\/\/yoast.com\/product\/yoast-seo-wordpress\/ -->\n<title>Batido Puleva Tido - Iberoo<\/title>\n<meta name=\"description\" content=\"Los batidos Puleva Tido est\u00e1n pensados para acompa\u00f1ar el d\u00eda a d\u00eda de forma sencilla, pr\u00e1ctica y con sabores que resultan familiares desde el primer sorbo.\" \/>\n<meta name=\"robots\" content=\"index, follow, max-snippet:-1, max-image-preview:large, max-video-preview:-1\" \/>\n<link rel=\"canonical\" href=\"https:\/\/iberoo.com\/fr\/produit\/puleva-tido-shake\/\" \/>\n<meta property=\"og:locale\" content=\"fr_FR\" \/>\n<meta property=\"og:type\" content=\"article\" \/>\n<meta property=\"og:title\" content=\"Batido Puleva Tido - Iberoo\" \/>\n<meta property=\"og:description\" content=\"Los batidos Puleva Tido est\u00e1n pensados para acompa\u00f1ar el d\u00eda a d\u00eda de forma sencilla, pr\u00e1ctica y con sabores que resultan familiares desde el primer sorbo.\" \/>\n<meta property=\"og:url\" content=\"https:\/\/iberoo.com\/fr\/produit\/puleva-tido-shake\/\" \/>\n<meta property=\"og:site_name\" content=\"Iberoo\" \/>\n<meta property=\"article:modified_time\" content=\"2026-04-05T01:38:05+00:00\" \/>\n<meta property=\"og:image\" content=\"https:\/\/iberoo.com\/wp-content\/uploads\/2025\/12\/puleva-tido.jpg\" \/>\n\t<meta property=\"og:image:width\" content=\"800\" \/>\n\t<meta property=\"og:image:height\" content=\"800\" \/>\n\t<meta property=\"og:image:type\" content=\"image\/jpeg\" \/>\n<meta name=\"twitter:card\" content=\"summary_large_image\" \/>\n<meta name=\"twitter:label1\" content=\"Disponibilit\u00e9\" \/>\n\t<meta name=\"twitter:data1\" content=\"En stock\" \/>\n<script type=\"application\/ld+json\" class=\"yoast-schema-graph\">{\"@context\":\"https:\\\/\\\/schema.org\",\"@graph\":[{\"@type\":\"WebPage\",\"@id\":\"https:\\\/\\\/iberoo.com\\\/producto\\\/batido-puleva-tido\\\/\",\"url\":\"https:\\\/\\\/iberoo.com\\\/producto\\\/batido-puleva-tido\\\/\",\"name\":\"Batido Puleva Tido - Iberoo\",\"isPartOf\":{\"@id\":\"https:\\\/\\\/iberoo.com\\\/#website\"},\"primaryImageOfPage\":{\"@id\":\"https:\\\/\\\/iberoo.com\\\/producto\\\/batido-puleva-tido\\\/#primaryimage\"},\"image\":{\"@id\":\"https:\\\/\\\/iberoo.com\\\/producto\\\/batido-puleva-tido\\\/#primaryimage\"},\"thumbnailUrl\":\"https:\\\/\\\/iberoo.com\\\/wp-content\\\/uploads\\\/2025\\\/12\\\/puleva-tido.jpg\",\"datePublished\":\"2025-12-23T06:52:49+00:00\",\"dateModified\":\"2026-04-05T01:38:05+00:00\",\"description\":\"Los batidos Puleva Tido est\u00e1n pensados para acompa\u00f1ar el d\u00eda a d\u00eda de forma sencilla, pr\u00e1ctica y con sabores que resultan familiares desde el primer sorbo.\",\"breadcrumb\":{\"@id\":\"https:\\\/\\\/iberoo.com\\\/producto\\\/batido-puleva-tido\\\/#breadcrumb\"},\"inLanguage\":\"fr-FR\",\"potentialAction\":[{\"@type\":\"ReadAction\",\"target\":[\"https:\\\/\\\/iberoo.com\\\/producto\\\/batido-puleva-tido\\\/\"]}]},{\"@type\":\"ImageObject\",\"inLanguage\":\"fr-FR\",\"@id\":\"https:\\\/\\\/iberoo.com\\\/producto\\\/batido-puleva-tido\\\/#primaryimage\",\"url\":\"https:\\\/\\\/iberoo.com\\\/wp-content\\\/uploads\\\/2025\\\/12\\\/puleva-tido.jpg\",\"contentUrl\":\"https:\\\/\\\/iberoo.com\\\/wp-content\\\/uploads\\\/2025\\\/12\\\/puleva-tido.jpg\",\"width\":800,\"height\":800,\"caption\":\"Batido Puleva Tido\"},{\"@type\":\"BreadcrumbList\",\"@id\":\"https:\\\/\\\/iberoo.com\\\/producto\\\/batido-puleva-tido\\\/#breadcrumb\",\"itemListElement\":[{\"@type\":\"ListItem\",\"position\":1,\"name\":\"Portada\",\"item\":\"https:\\\/\\\/iberoo.com\\\/\"},{\"@type\":\"ListItem\",\"position\":2,\"name\":\"Tienda Online\",\"item\":\"https:\\\/\\\/iberoo.com\\\/tienda\\\/\"},{\"@type\":\"ListItem\",\"position\":3,\"name\":\"Batido Puleva Tido\"}]},{\"@type\":\"WebSite\",\"@id\":\"https:\\\/\\\/iberoo.com\\\/#website\",\"url\":\"https:\\\/\\\/iberoo.com\\\/\",\"name\":\"Iberoo\",\"description\":\"\",\"publisher\":{\"@id\":\"https:\\\/\\\/iberoo.com\\\/#organization\"},\"potentialAction\":[{\"@type\":\"SearchAction\",\"target\":{\"@type\":\"EntryPoint\",\"urlTemplate\":\"https:\\\/\\\/iberoo.com\\\/?s={search_term_string}\"},\"query-input\":{\"@type\":\"PropertyValueSpecification\",\"valueRequired\":true,\"valueName\":\"search_term_string\"}}],\"inLanguage\":\"fr-FR\"},{\"@type\":\"Organization\",\"@id\":\"https:\\\/\\\/iberoo.com\\\/#organization\",\"name\":\"Iberoo\",\"url\":\"https:\\\/\\\/iberoo.com\\\/\",\"logo\":{\"@type\":\"ImageObject\",\"inLanguage\":\"fr-FR\",\"@id\":\"https:\\\/\\\/iberoo.com\\\/#\\\/schema\\\/logo\\\/image\\\/\",\"url\":\"https:\\\/\\\/iberoo.com\\\/wp-content\\\/uploads\\\/2025\\\/11\\\/logo-cuadrado.jpg\",\"contentUrl\":\"https:\\\/\\\/iberoo.com\\\/wp-content\\\/uploads\\\/2025\\\/11\\\/logo-cuadrado.jpg\",\"width\":700,\"height\":700,\"caption\":\"Iberoo\"},\"image\":{\"@id\":\"https:\\\/\\\/iberoo.com\\\/#\\\/schema\\\/logo\\\/image\\\/\"}}]}<\/script>\n<meta property=\"product:brand\" content=\"Puleva\" \/>\n<meta property=\"og:availability\" content=\"instock\" \/>\n<meta property=\"product:availability\" content=\"instock\" \/>\n<meta property=\"product:condition\" content=\"new\" \/>\n<!-- \/ Yoast SEO plugin. -->","yoast_head_json":{"title":"Puleva Tido Shake - Iberoo","description":"Les milkshakes Puleva Tido sont con\u00e7us pour accompagner le quotidien de mani\u00e8re simple et pratique, avec des saveurs famili\u00e8res d\u00e8s la premi\u00e8re gorg\u00e9e.","robots":{"index":"index","follow":"follow","max-snippet":"max-snippet:-1","max-image-preview":"max-image-preview:large","max-video-preview":"max-video-preview:-1"},"canonical":"https:\/\/iberoo.com\/fr\/produit\/puleva-tido-shake\/","og_locale":"fr_FR","og_type":"article","og_title":"Batido Puleva Tido - Iberoo","og_description":"Los batidos Puleva Tido est\u00e1n pensados para acompa\u00f1ar el d\u00eda a d\u00eda de forma sencilla, pr\u00e1ctica y con sabores que resultan familiares desde el primer sorbo.","og_url":"https:\/\/iberoo.com\/fr\/produit\/puleva-tido-shake\/","og_site_name":"Iberoo","article_modified_time":"2026-04-05T01:38:05+00:00","og_image":[{"width":800,"height":800,"url":"https:\/\/iberoo.com\/wp-content\/uploads\/2025\/12\/puleva-tido.jpg","type":"image\/jpeg"}],"twitter_card":"summary_large_image","twitter_misc":{"Disponibilit\u00e9":"En stock"},"schema":{"@context":"https:\/\/schema.org","@graph":[{"@type":"WebPage","@id":"https:\/\/iberoo.com\/producto\/batido-puleva-tido\/","url":"https:\/\/iberoo.com\/producto\/batido-puleva-tido\/","name":"Puleva Tido Shake - Iberoo","isPartOf":{"@id":"https:\/\/iberoo.com\/#website"},"primaryImageOfPage":{"@id":"https:\/\/iberoo.com\/producto\/batido-puleva-tido\/#primaryimage"},"image":{"@id":"https:\/\/iberoo.com\/producto\/batido-puleva-tido\/#primaryimage"},"thumbnailUrl":"https:\/\/iberoo.com\/wp-content\/uploads\/2025\/12\/puleva-tido.jpg","datePublished":"2025-12-23T06:52:49+00:00","dateModified":"2026-04-05T01:38:05+00:00","description":"Les milkshakes Puleva Tido sont con\u00e7us pour accompagner le quotidien de mani\u00e8re simple et pratique, avec des saveurs famili\u00e8res d\u00e8s la premi\u00e8re gorg\u00e9e.","breadcrumb":{"@id":"https:\/\/iberoo.com\/producto\/batido-puleva-tido\/#breadcrumb"},"inLanguage":"fr-FR","potentialAction":[{"@type":"ReadAction","target":["https:\/\/iberoo.com\/producto\/batido-puleva-tido\/"]}]},{"@type":"ImageObject","inLanguage":"fr-FR","@id":"https:\/\/iberoo.com\/producto\/batido-puleva-tido\/#primaryimage","url":"https:\/\/iberoo.com\/wp-content\/uploads\/2025\/12\/puleva-tido.jpg","contentUrl":"https:\/\/iberoo.com\/wp-content\/uploads\/2025\/12\/puleva-tido.jpg","width":800,"height":800,"caption":"Batido Puleva Tido"},{"@type":"BreadcrumbList","@id":"https:\/\/iberoo.com\/producto\/batido-puleva-tido\/#breadcrumb","itemListElement":[{"@type":"ListItem","position":1,"name":"Portada","item":"https:\/\/iberoo.com\/"},{"@type":"ListItem","position":2,"name":"Tienda Online","item":"https:\/\/iberoo.com\/tienda\/"},{"@type":"ListItem","position":3,"name":"Batido Puleva Tido"}]},{"@type":"WebSite","@id":"https:\/\/iberoo.com\/#website","url":"https:\/\/iberoo.com\/","name":"Iberoo","description":"","publisher":{"@id":"https:\/\/iberoo.com\/#organization"},"potentialAction":[{"@type":"SearchAction","target":{"@type":"EntryPoint","urlTemplate":"https:\/\/iberoo.com\/?s={search_term_string}"},"query-input":{"@type":"PropertyValueSpecification","valueRequired":true,"valueName":"search_term_string"}}],"inLanguage":"fr-FR"},{"@type":"Organization","@id":"https:\/\/iberoo.com\/#organization","name":"Iberoo","url":"https:\/\/iberoo.com\/","logo":{"@type":"ImageObject","inLanguage":"fr-FR","@id":"https:\/\/iberoo.com\/#\/schema\/logo\/image\/","url":"https:\/\/iberoo.com\/wp-content\/uploads\/2025\/11\/logo-cuadrado.jpg","contentUrl":"https:\/\/iberoo.com\/wp-content\/uploads\/2025\/11\/logo-cuadrado.jpg","width":700,"height":700,"caption":"Iberoo"},"image":{"@id":"https:\/\/iberoo.com\/#\/schema\/logo\/image\/"}}]},"product_brand":"Puleva","og_availability":"instock","product_availability":"instock","product_condition":"new"},"_links":{"self":[{"href":"https:\/\/iberoo.com\/fr\/wp-json\/wp\/v2\/product\/1998","targetHints":{"allow":["GET"]}}],"collection":[{"href":"https:\/\/iberoo.com\/fr\/wp-json\/wp\/v2\/product"}],"about":[{"href":"https:\/\/iberoo.com\/fr\/wp-json\/wp\/v2\/types\/product"}],"replies":[{"embeddable":true,"href":"https:\/\/iberoo.com\/fr\/wp-json\/wp\/v2\/comments?post=1998"}],"wp:featuredmedia":[{"embeddable":true,"href":"https:\/\/iberoo.com\/fr\/wp-json\/wp\/v2\/media\/1999"}],"wp:attachment":[{"href":"https:\/\/iberoo.com\/fr\/wp-json\/wp\/v2\/media?parent=1998"}],"wp:term":[{"taxonomy":"product_brand","embeddable":true,"href":"https:\/\/iberoo.com\/fr\/wp-json\/wp\/v2\/product_brand?post=1998"},{"taxonomy":"product_cat","embeddable":true,"href":"https:\/\/iberoo.com\/fr\/wp-json\/wp\/v2\/product_cat?post=1998"},{"taxonomy":"product_tag","embeddable":true,"href":"https:\/\/iberoo.com\/fr\/wp-json\/wp\/v2\/product_tag?post=1998"}],"curies":[{"name":"wp","href":"https:\/\/api.w.org\/{rel}","templated":true}]}}