{"id":2008,"date":"2025-12-23T08:27:48","date_gmt":"2025-12-23T07:27:48","guid":{"rendered":"https:\/\/iberoo.com\/?post_type=product&#038;p=2008"},"modified":"2026-04-05T03:37:46","modified_gmt":"2026-04-05T01:37:46","slug":"beurre-central-lechera-asturiana","status":"publish","type":"product","link":"https:\/\/iberoo.com\/fr\/produit\/beurre-central-lechera-asturiana\/","title":{"rendered":"Beurre Central Lechera Asturiana"},"content":{"rendered":"<p>\u00c9labor\u00e9 avec soin et expertise par une marque profond\u00e9ment ancr\u00e9e dans la tradition laiti\u00e8re, le beurre Central Lechera Asturiana se distingue par sa saveur pure, sa texture agr\u00e9able et sa polyvalence au quotidien. C'est un produit con\u00e7u pour \u00eatre appr\u00e9ci\u00e9 aussi bien dans des pr\u00e9parations simples que dans des recettes plus \u00e9labor\u00e9es.<\/p>\n<p>Le beurre traditionnel offre ce go\u00fbt authentique que beaucoup associent aux petits d\u00e9jeuners tranquilles et \u00e0 la cuisine classique. Il fond facilement sur les toasts chauds, apporte de l'onctuosit\u00e9 aux sauces et est parfait pour les p\u00e2tisseries maison, o\u00f9 il fait toute la diff\u00e9rence en termes d'ar\u00f4me et de texture. Pour ceux qui pr\u00e9f\u00e8rent une saveur plus prononc\u00e9e, le beurre sal\u00e9 traditionnel ajoute une touche suppl\u00e9mentaire qui sublime les plats sucr\u00e9s et sal\u00e9s, id\u00e9al pour accompagner le pain, les l\u00e9gumes ou le poisson.<\/p>\n<p>Cette version l\u00e9g\u00e8re, sans lactose, est con\u00e7ue pour les personnes recherchant une option plus douce ou souffrant d'intol\u00e9rance au lactose, tout en offrant une exp\u00e9rience agr\u00e9able et facile \u00e0 utiliser. Elle conserve son onctuosit\u00e9 caract\u00e9ristique, mais s'adapte \u00e0 diff\u00e9rents besoins.<\/p>\n<p>Le pot de 250 grammes est pratique au quotidien, tandis que la plaquette de 500 grammes de beurre traditionnel est id\u00e9ale pour les familles ou les cuisiniers amateurs. Central Lechera Asturiana s'engage \u00e0 proposer des produits authentiques, con\u00e7us pour la vraie vie. Un beurre familier, polyvalent et fiable qui accompagne toutes vos pr\u00e9parations, des plus simples aux plus sophistiqu\u00e9es.<\/p>","protected":false},"excerpt":{"rendered":"<p>Le beurre Central Lechera Asturiana est un incontournable qui ne se d\u00e9mode jamais et reste un produit de base en cuisine. Il est disponible en trois vari\u00e9t\u00e9s en barquettes de 250 g, ainsi qu'en version traditionnelle, \u00e9galement propos\u00e9e en b\u00fbche de 500 g.<\/p>","protected":false},"featured_media":2009,"comment_status":"closed","ping_status":"closed","template":"","meta":[],"product_brand":[143],"product_cat":[148],"product_tag":[],"class_list":{"0":"post-2008","1":"product","2":"type-product","3":"status-publish","4":"has-post-thumbnail","6":"product_brand-central-lechera-asturiana","7":"product_cat-bebidas-y-lacteos","9":"first","10":"instock","11":"shipping-taxable","12":"purchasable","13":"product-type-variable"},"yoast_head":"<!-- This site is optimized with the Yoast SEO plugin v27.3 - https:\/\/yoast.com\/product\/yoast-seo-wordpress\/ -->\n<title>Mantequilla Central Lechera Asturiana - Iberoo<\/title>\n<meta name=\"description\" content=\"La mantequilla de Central Lechera Asturiana es uno de esos b\u00e1sicos que nunca pasan de moda y que siguen teniendo un lugar fijo en la cocina.\" \/>\n<meta name=\"robots\" content=\"index, follow, max-snippet:-1, max-image-preview:large, max-video-preview:-1\" \/>\n<link rel=\"canonical\" href=\"https:\/\/iberoo.com\/fr\/produit\/beurre-central-lechera-asturiana\/\" \/>\n<meta property=\"og:locale\" content=\"fr_FR\" \/>\n<meta property=\"og:type\" content=\"article\" \/>\n<meta property=\"og:title\" content=\"Mantequilla Central Lechera Asturiana - Iberoo\" \/>\n<meta property=\"og:description\" content=\"La mantequilla de Central Lechera Asturiana es uno de esos b\u00e1sicos que nunca pasan de moda y que siguen teniendo un lugar fijo en la cocina.\" \/>\n<meta property=\"og:url\" content=\"https:\/\/iberoo.com\/fr\/produit\/beurre-central-lechera-asturiana\/\" \/>\n<meta property=\"og:site_name\" content=\"Iberoo\" \/>\n<meta property=\"article:modified_time\" content=\"2026-04-05T01:37:46+00:00\" \/>\n<meta property=\"og:image\" content=\"https:\/\/iberoo.com\/wp-content\/uploads\/2025\/12\/central-lechera-asturiana-mantequilla.jpg\" \/>\n\t<meta property=\"og:image:width\" content=\"800\" \/>\n\t<meta property=\"og:image:height\" content=\"800\" \/>\n\t<meta property=\"og:image:type\" content=\"image\/jpeg\" \/>\n<meta name=\"twitter:card\" content=\"summary_large_image\" \/>\n<meta name=\"twitter:label1\" content=\"Disponibilit\u00e9\" \/>\n\t<meta name=\"twitter:data1\" content=\"En stock\" \/>\n<script type=\"application\/ld+json\" class=\"yoast-schema-graph\">{\"@context\":\"https:\\\/\\\/schema.org\",\"@graph\":[{\"@type\":\"WebPage\",\"@id\":\"https:\\\/\\\/iberoo.com\\\/producto\\\/mantequilla-central-lechera-asturiana\\\/\",\"url\":\"https:\\\/\\\/iberoo.com\\\/producto\\\/mantequilla-central-lechera-asturiana\\\/\",\"name\":\"Mantequilla Central Lechera Asturiana - Iberoo\",\"isPartOf\":{\"@id\":\"https:\\\/\\\/iberoo.com\\\/#website\"},\"primaryImageOfPage\":{\"@id\":\"https:\\\/\\\/iberoo.com\\\/producto\\\/mantequilla-central-lechera-asturiana\\\/#primaryimage\"},\"image\":{\"@id\":\"https:\\\/\\\/iberoo.com\\\/producto\\\/mantequilla-central-lechera-asturiana\\\/#primaryimage\"},\"thumbnailUrl\":\"https:\\\/\\\/iberoo.com\\\/wp-content\\\/uploads\\\/2025\\\/12\\\/central-lechera-asturiana-mantequilla.jpg\",\"datePublished\":\"2025-12-23T07:27:48+00:00\",\"dateModified\":\"2026-04-05T01:37:46+00:00\",\"description\":\"La mantequilla de Central Lechera Asturiana es uno de esos b\u00e1sicos que nunca pasan de moda y que siguen teniendo un lugar fijo en la cocina.\",\"breadcrumb\":{\"@id\":\"https:\\\/\\\/iberoo.com\\\/producto\\\/mantequilla-central-lechera-asturiana\\\/#breadcrumb\"},\"inLanguage\":\"fr-FR\",\"potentialAction\":[{\"@type\":\"ReadAction\",\"target\":[\"https:\\\/\\\/iberoo.com\\\/producto\\\/mantequilla-central-lechera-asturiana\\\/\"]}]},{\"@type\":\"ImageObject\",\"inLanguage\":\"fr-FR\",\"@id\":\"https:\\\/\\\/iberoo.com\\\/producto\\\/mantequilla-central-lechera-asturiana\\\/#primaryimage\",\"url\":\"https:\\\/\\\/iberoo.com\\\/wp-content\\\/uploads\\\/2025\\\/12\\\/central-lechera-asturiana-mantequilla.jpg\",\"contentUrl\":\"https:\\\/\\\/iberoo.com\\\/wp-content\\\/uploads\\\/2025\\\/12\\\/central-lechera-asturiana-mantequilla.jpg\",\"width\":800,\"height\":800,\"caption\":\"Mantequilla Central Lechera Asturiana\"},{\"@type\":\"BreadcrumbList\",\"@id\":\"https:\\\/\\\/iberoo.com\\\/producto\\\/mantequilla-central-lechera-asturiana\\\/#breadcrumb\",\"itemListElement\":[{\"@type\":\"ListItem\",\"position\":1,\"name\":\"Portada\",\"item\":\"https:\\\/\\\/iberoo.com\\\/\"},{\"@type\":\"ListItem\",\"position\":2,\"name\":\"Tienda Online\",\"item\":\"https:\\\/\\\/iberoo.com\\\/tienda\\\/\"},{\"@type\":\"ListItem\",\"position\":3,\"name\":\"Mantequilla Central Lechera Asturiana\"}]},{\"@type\":\"WebSite\",\"@id\":\"https:\\\/\\\/iberoo.com\\\/#website\",\"url\":\"https:\\\/\\\/iberoo.com\\\/\",\"name\":\"Iberoo\",\"description\":\"\",\"publisher\":{\"@id\":\"https:\\\/\\\/iberoo.com\\\/#organization\"},\"potentialAction\":[{\"@type\":\"SearchAction\",\"target\":{\"@type\":\"EntryPoint\",\"urlTemplate\":\"https:\\\/\\\/iberoo.com\\\/?s={search_term_string}\"},\"query-input\":{\"@type\":\"PropertyValueSpecification\",\"valueRequired\":true,\"valueName\":\"search_term_string\"}}],\"inLanguage\":\"fr-FR\"},{\"@type\":\"Organization\",\"@id\":\"https:\\\/\\\/iberoo.com\\\/#organization\",\"name\":\"Iberoo\",\"url\":\"https:\\\/\\\/iberoo.com\\\/\",\"logo\":{\"@type\":\"ImageObject\",\"inLanguage\":\"fr-FR\",\"@id\":\"https:\\\/\\\/iberoo.com\\\/#\\\/schema\\\/logo\\\/image\\\/\",\"url\":\"https:\\\/\\\/iberoo.com\\\/wp-content\\\/uploads\\\/2025\\\/11\\\/logo-cuadrado.jpg\",\"contentUrl\":\"https:\\\/\\\/iberoo.com\\\/wp-content\\\/uploads\\\/2025\\\/11\\\/logo-cuadrado.jpg\",\"width\":700,\"height\":700,\"caption\":\"Iberoo\"},\"image\":{\"@id\":\"https:\\\/\\\/iberoo.com\\\/#\\\/schema\\\/logo\\\/image\\\/\"}}]}<\/script>\n<meta property=\"product:brand\" content=\"Central Lechera Asturiana\" \/>\n<meta property=\"og:availability\" content=\"instock\" \/>\n<meta property=\"product:availability\" content=\"instock\" \/>\n<meta property=\"product:condition\" content=\"new\" \/>\n<!-- \/ Yoast SEO plugin. -->","yoast_head_json":{"title":"Beurre Central Lechera Asturiana - Iberoo","description":"Le beurre Central Lechera Asturiana est un de ces produits de base qui ne se d\u00e9modent jamais et qui conservent une place permanente en cuisine.","robots":{"index":"index","follow":"follow","max-snippet":"max-snippet:-1","max-image-preview":"max-image-preview:large","max-video-preview":"max-video-preview:-1"},"canonical":"https:\/\/iberoo.com\/fr\/produit\/beurre-central-lechera-asturiana\/","og_locale":"fr_FR","og_type":"article","og_title":"Mantequilla Central Lechera Asturiana - Iberoo","og_description":"La mantequilla de Central Lechera Asturiana es uno de esos b\u00e1sicos que nunca pasan de moda y que siguen teniendo un lugar fijo en la cocina.","og_url":"https:\/\/iberoo.com\/fr\/produit\/beurre-central-lechera-asturiana\/","og_site_name":"Iberoo","article_modified_time":"2026-04-05T01:37:46+00:00","og_image":[{"width":800,"height":800,"url":"https:\/\/iberoo.com\/wp-content\/uploads\/2025\/12\/central-lechera-asturiana-mantequilla.jpg","type":"image\/jpeg"}],"twitter_card":"summary_large_image","twitter_misc":{"Disponibilit\u00e9":"En stock"},"schema":{"@context":"https:\/\/schema.org","@graph":[{"@type":"WebPage","@id":"https:\/\/iberoo.com\/producto\/mantequilla-central-lechera-asturiana\/","url":"https:\/\/iberoo.com\/producto\/mantequilla-central-lechera-asturiana\/","name":"Beurre Central Lechera Asturiana - Iberoo","isPartOf":{"@id":"https:\/\/iberoo.com\/#website"},"primaryImageOfPage":{"@id":"https:\/\/iberoo.com\/producto\/mantequilla-central-lechera-asturiana\/#primaryimage"},"image":{"@id":"https:\/\/iberoo.com\/producto\/mantequilla-central-lechera-asturiana\/#primaryimage"},"thumbnailUrl":"https:\/\/iberoo.com\/wp-content\/uploads\/2025\/12\/central-lechera-asturiana-mantequilla.jpg","datePublished":"2025-12-23T07:27:48+00:00","dateModified":"2026-04-05T01:37:46+00:00","description":"Le beurre Central Lechera Asturiana est un de ces produits de base qui ne se d\u00e9modent jamais et qui conservent une place permanente en cuisine.","breadcrumb":{"@id":"https:\/\/iberoo.com\/producto\/mantequilla-central-lechera-asturiana\/#breadcrumb"},"inLanguage":"fr-FR","potentialAction":[{"@type":"ReadAction","target":["https:\/\/iberoo.com\/producto\/mantequilla-central-lechera-asturiana\/"]}]},{"@type":"ImageObject","inLanguage":"fr-FR","@id":"https:\/\/iberoo.com\/producto\/mantequilla-central-lechera-asturiana\/#primaryimage","url":"https:\/\/iberoo.com\/wp-content\/uploads\/2025\/12\/central-lechera-asturiana-mantequilla.jpg","contentUrl":"https:\/\/iberoo.com\/wp-content\/uploads\/2025\/12\/central-lechera-asturiana-mantequilla.jpg","width":800,"height":800,"caption":"Mantequilla Central Lechera Asturiana"},{"@type":"BreadcrumbList","@id":"https:\/\/iberoo.com\/producto\/mantequilla-central-lechera-asturiana\/#breadcrumb","itemListElement":[{"@type":"ListItem","position":1,"name":"Portada","item":"https:\/\/iberoo.com\/"},{"@type":"ListItem","position":2,"name":"Tienda Online","item":"https:\/\/iberoo.com\/tienda\/"},{"@type":"ListItem","position":3,"name":"Mantequilla Central Lechera Asturiana"}]},{"@type":"WebSite","@id":"https:\/\/iberoo.com\/#website","url":"https:\/\/iberoo.com\/","name":"Iberoo","description":"","publisher":{"@id":"https:\/\/iberoo.com\/#organization"},"potentialAction":[{"@type":"SearchAction","target":{"@type":"EntryPoint","urlTemplate":"https:\/\/iberoo.com\/?s={search_term_string}"},"query-input":{"@type":"PropertyValueSpecification","valueRequired":true,"valueName":"search_term_string"}}],"inLanguage":"fr-FR"},{"@type":"Organization","@id":"https:\/\/iberoo.com\/#organization","name":"Iberoo","url":"https:\/\/iberoo.com\/","logo":{"@type":"ImageObject","inLanguage":"fr-FR","@id":"https:\/\/iberoo.com\/#\/schema\/logo\/image\/","url":"https:\/\/iberoo.com\/wp-content\/uploads\/2025\/11\/logo-cuadrado.jpg","contentUrl":"https:\/\/iberoo.com\/wp-content\/uploads\/2025\/11\/logo-cuadrado.jpg","width":700,"height":700,"caption":"Iberoo"},"image":{"@id":"https:\/\/iberoo.com\/#\/schema\/logo\/image\/"}}]},"product_brand":"Central Lechera Asturiana","og_availability":"instock","product_availability":"instock","product_condition":"new"},"_links":{"self":[{"href":"https:\/\/iberoo.com\/fr\/wp-json\/wp\/v2\/product\/2008","targetHints":{"allow":["GET"]}}],"collection":[{"href":"https:\/\/iberoo.com\/fr\/wp-json\/wp\/v2\/product"}],"about":[{"href":"https:\/\/iberoo.com\/fr\/wp-json\/wp\/v2\/types\/product"}],"replies":[{"embeddable":true,"href":"https:\/\/iberoo.com\/fr\/wp-json\/wp\/v2\/comments?post=2008"}],"wp:featuredmedia":[{"embeddable":true,"href":"https:\/\/iberoo.com\/fr\/wp-json\/wp\/v2\/media\/2009"}],"wp:attachment":[{"href":"https:\/\/iberoo.com\/fr\/wp-json\/wp\/v2\/media?parent=2008"}],"wp:term":[{"taxonomy":"product_brand","embeddable":true,"href":"https:\/\/iberoo.com\/fr\/wp-json\/wp\/v2\/product_brand?post=2008"},{"taxonomy":"product_cat","embeddable":true,"href":"https:\/\/iberoo.com\/fr\/wp-json\/wp\/v2\/product_cat?post=2008"},{"taxonomy":"product_tag","embeddable":true,"href":"https:\/\/iberoo.com\/fr\/wp-json\/wp\/v2\/product_tag?post=2008"}],"curies":[{"name":"wp","href":"https:\/\/api.w.org\/{rel}","templated":true}]}}