{"id":2018,"date":"2025-12-23T09:18:25","date_gmt":"2025-12-23T08:18:25","guid":{"rendered":"https:\/\/iberoo.com\/?post_type=product&#038;p=2018"},"modified":"2026-04-05T03:37:35","modified_gmt":"2026-04-05T01:37:35","slug":"margarine-flora","status":"publish","type":"product","link":"https:\/\/iberoo.com\/fr\/produit\/margarine-flora\/","title":{"rendered":"Margarine Flora"},"content":{"rendered":"<p>Pr\u00e9sent\u00e9e dans un pot pratique, la margarine Flora est id\u00e9ale pour le petit-d\u00e9jeuner comme pour la cuisine et s'adapte \u00e0 toutes les habitudes alimentaires. C'est un produit qu'on utilise presque machinalement, mais qui est pourtant pr\u00e9sent \u00e0 de nombreux moments de la journ\u00e9e.<\/p>\n<p>La vari\u00e9t\u00e9 Flora Traditionnelle se distingue par sa texture onctueuse et tartinable, m\u00eame sortie du r\u00e9frig\u00e9rateur. Elle est id\u00e9ale sur des toasts, dans des sandwichs ou pour accompagner des crackers et du pain au petit-d\u00e9jeuner ou au go\u00fbter. Elle est \u00e9galement tr\u00e8s polyvalente en cuisine\u00a0: pour les saut\u00e9s, pour apporter de l'onctuosit\u00e9 aux plats simples ou pour la p\u00e2tisserie maison, o\u00f9 elle garantit l\u00e9g\u00e8ret\u00e9 et un r\u00e9sultat homog\u00e8ne.<\/p>\n<p>En revanche, la margarine Flora, l\u00e9g\u00e8rement huileuse, offre une nuance diff\u00e9rente, id\u00e9ale pour les amateurs de saveurs m\u00e9diterran\u00e9ennes. Son ar\u00f4me et son go\u00fbt d\u00e9licats la rendent particuli\u00e8rement adapt\u00e9e aux plats sal\u00e9s, aux l\u00e9gumes, aux plats de riz, ou encore tartin\u00e9e sur du pain pour varier les plaisirs sans compromettre l'onctuosit\u00e9 caract\u00e9ristique de Flora.<\/p>\n<p>Le pot de 225 ou 400 grammes permet une utilisation pratique et ma\u00eetris\u00e9e, id\u00e9ale pour une consommation quotidienne sans gaspillage. Flora s'engage \u00e0 proposer des produits pratiques, con\u00e7us pour le quotidien, o\u00f9 cuisiner n'a pas toujours besoin d'\u00eatre compliqu\u00e9. Une margarine fonctionnelle, accessible et facile \u00e0 utiliser, qui accompagne aussi bien les recettes rapides que les repas simples du quotidien.<\/p>","protected":false},"excerpt":{"rendered":"<p>La margarine Flora est une option con\u00e7ue pour ceux qui recherchent un produit polyvalent et facile \u00e0 utiliser, qui s'int\u00e8gre sans effort \u00e0 leur routine quotidienne.<\/p>","protected":false},"featured_media":2019,"comment_status":"closed","ping_status":"closed","template":"","meta":[],"product_brand":[173],"product_cat":[148],"product_tag":[],"class_list":{"0":"post-2018","1":"product","2":"type-product","3":"status-publish","4":"has-post-thumbnail","6":"product_brand-flora","7":"product_cat-bebidas-y-lacteos","9":"first","10":"instock","11":"shipping-taxable","12":"purchasable","13":"product-type-variable"},"yoast_head":"<!-- This site is optimized with the Yoast SEO plugin v27.3 - https:\/\/yoast.com\/product\/yoast-seo-wordpress\/ -->\n<title>Margarina Flora - Iberoo<\/title>\n<meta name=\"description\" content=\"La margarina Flora es una opci\u00f3n pensada para quienes buscan un producto vers\u00e1til, f\u00e1cil de usar y que encaje sin esfuerzo en la rutina diaria.\" \/>\n<meta name=\"robots\" content=\"index, follow, max-snippet:-1, max-image-preview:large, max-video-preview:-1\" \/>\n<link rel=\"canonical\" href=\"https:\/\/iberoo.com\/fr\/produit\/margarine-flora\/\" \/>\n<meta property=\"og:locale\" content=\"fr_FR\" \/>\n<meta property=\"og:type\" content=\"article\" \/>\n<meta property=\"og:title\" content=\"Margarina Flora - Iberoo\" \/>\n<meta property=\"og:description\" content=\"La margarina Flora es una opci\u00f3n pensada para quienes buscan un producto vers\u00e1til, f\u00e1cil de usar y que encaje sin esfuerzo en la rutina diaria.\" \/>\n<meta property=\"og:url\" content=\"https:\/\/iberoo.com\/fr\/produit\/margarine-flora\/\" \/>\n<meta property=\"og:site_name\" content=\"Iberoo\" \/>\n<meta property=\"article:modified_time\" content=\"2026-04-05T01:37:35+00:00\" \/>\n<meta property=\"og:image\" content=\"https:\/\/iberoo.com\/wp-content\/uploads\/2025\/12\/margarina-flora.jpg\" \/>\n\t<meta property=\"og:image:width\" content=\"800\" \/>\n\t<meta property=\"og:image:height\" content=\"800\" \/>\n\t<meta property=\"og:image:type\" content=\"image\/jpeg\" \/>\n<meta name=\"twitter:card\" content=\"summary_large_image\" \/>\n<meta name=\"twitter:label1\" content=\"Disponibilit\u00e9\" \/>\n\t<meta name=\"twitter:data1\" content=\"En stock\" \/>\n<script type=\"application\/ld+json\" class=\"yoast-schema-graph\">{\"@context\":\"https:\\\/\\\/schema.org\",\"@graph\":[{\"@type\":\"WebPage\",\"@id\":\"https:\\\/\\\/iberoo.com\\\/producto\\\/margarina-flora\\\/\",\"url\":\"https:\\\/\\\/iberoo.com\\\/producto\\\/margarina-flora\\\/\",\"name\":\"Margarina Flora - Iberoo\",\"isPartOf\":{\"@id\":\"https:\\\/\\\/iberoo.com\\\/#website\"},\"primaryImageOfPage\":{\"@id\":\"https:\\\/\\\/iberoo.com\\\/producto\\\/margarina-flora\\\/#primaryimage\"},\"image\":{\"@id\":\"https:\\\/\\\/iberoo.com\\\/producto\\\/margarina-flora\\\/#primaryimage\"},\"thumbnailUrl\":\"https:\\\/\\\/iberoo.com\\\/wp-content\\\/uploads\\\/2025\\\/12\\\/margarina-flora.jpg\",\"datePublished\":\"2025-12-23T08:18:25+00:00\",\"dateModified\":\"2026-04-05T01:37:35+00:00\",\"description\":\"La margarina Flora es una opci\u00f3n pensada para quienes buscan un producto vers\u00e1til, f\u00e1cil de usar y que encaje sin esfuerzo en la rutina diaria.\",\"breadcrumb\":{\"@id\":\"https:\\\/\\\/iberoo.com\\\/producto\\\/margarina-flora\\\/#breadcrumb\"},\"inLanguage\":\"fr-FR\",\"potentialAction\":[{\"@type\":\"ReadAction\",\"target\":[\"https:\\\/\\\/iberoo.com\\\/producto\\\/margarina-flora\\\/\"]}]},{\"@type\":\"ImageObject\",\"inLanguage\":\"fr-FR\",\"@id\":\"https:\\\/\\\/iberoo.com\\\/producto\\\/margarina-flora\\\/#primaryimage\",\"url\":\"https:\\\/\\\/iberoo.com\\\/wp-content\\\/uploads\\\/2025\\\/12\\\/margarina-flora.jpg\",\"contentUrl\":\"https:\\\/\\\/iberoo.com\\\/wp-content\\\/uploads\\\/2025\\\/12\\\/margarina-flora.jpg\",\"width\":800,\"height\":800,\"caption\":\"Margarina Flora\"},{\"@type\":\"BreadcrumbList\",\"@id\":\"https:\\\/\\\/iberoo.com\\\/producto\\\/margarina-flora\\\/#breadcrumb\",\"itemListElement\":[{\"@type\":\"ListItem\",\"position\":1,\"name\":\"Portada\",\"item\":\"https:\\\/\\\/iberoo.com\\\/\"},{\"@type\":\"ListItem\",\"position\":2,\"name\":\"Tienda Online\",\"item\":\"https:\\\/\\\/iberoo.com\\\/tienda\\\/\"},{\"@type\":\"ListItem\",\"position\":3,\"name\":\"Margarina Flora\"}]},{\"@type\":\"WebSite\",\"@id\":\"https:\\\/\\\/iberoo.com\\\/#website\",\"url\":\"https:\\\/\\\/iberoo.com\\\/\",\"name\":\"Iberoo\",\"description\":\"\",\"publisher\":{\"@id\":\"https:\\\/\\\/iberoo.com\\\/#organization\"},\"potentialAction\":[{\"@type\":\"SearchAction\",\"target\":{\"@type\":\"EntryPoint\",\"urlTemplate\":\"https:\\\/\\\/iberoo.com\\\/?s={search_term_string}\"},\"query-input\":{\"@type\":\"PropertyValueSpecification\",\"valueRequired\":true,\"valueName\":\"search_term_string\"}}],\"inLanguage\":\"fr-FR\"},{\"@type\":\"Organization\",\"@id\":\"https:\\\/\\\/iberoo.com\\\/#organization\",\"name\":\"Iberoo\",\"url\":\"https:\\\/\\\/iberoo.com\\\/\",\"logo\":{\"@type\":\"ImageObject\",\"inLanguage\":\"fr-FR\",\"@id\":\"https:\\\/\\\/iberoo.com\\\/#\\\/schema\\\/logo\\\/image\\\/\",\"url\":\"https:\\\/\\\/iberoo.com\\\/wp-content\\\/uploads\\\/2025\\\/11\\\/logo-cuadrado.jpg\",\"contentUrl\":\"https:\\\/\\\/iberoo.com\\\/wp-content\\\/uploads\\\/2025\\\/11\\\/logo-cuadrado.jpg\",\"width\":700,\"height\":700,\"caption\":\"Iberoo\"},\"image\":{\"@id\":\"https:\\\/\\\/iberoo.com\\\/#\\\/schema\\\/logo\\\/image\\\/\"}}]}<\/script>\n<meta property=\"product:brand\" content=\"Flora\" \/>\n<meta property=\"og:availability\" content=\"instock\" \/>\n<meta property=\"product:availability\" content=\"instock\" \/>\n<meta property=\"product:condition\" content=\"new\" \/>\n<!-- \/ Yoast SEO plugin. -->","yoast_head_json":{"title":"Margarine Flora - Iberoo","description":"La margarine Flora est une option con\u00e7ue pour ceux qui recherchent un produit polyvalent et facile \u00e0 utiliser, qui s'int\u00e8gre sans effort \u00e0 leur routine quotidienne.","robots":{"index":"index","follow":"follow","max-snippet":"max-snippet:-1","max-image-preview":"max-image-preview:large","max-video-preview":"max-video-preview:-1"},"canonical":"https:\/\/iberoo.com\/fr\/produit\/margarine-flora\/","og_locale":"fr_FR","og_type":"article","og_title":"Margarina Flora - Iberoo","og_description":"La margarina Flora es una opci\u00f3n pensada para quienes buscan un producto vers\u00e1til, f\u00e1cil de usar y que encaje sin esfuerzo en la rutina diaria.","og_url":"https:\/\/iberoo.com\/fr\/produit\/margarine-flora\/","og_site_name":"Iberoo","article_modified_time":"2026-04-05T01:37:35+00:00","og_image":[{"width":800,"height":800,"url":"https:\/\/iberoo.com\/wp-content\/uploads\/2025\/12\/margarina-flora.jpg","type":"image\/jpeg"}],"twitter_card":"summary_large_image","twitter_misc":{"Disponibilit\u00e9":"En stock"},"schema":{"@context":"https:\/\/schema.org","@graph":[{"@type":"WebPage","@id":"https:\/\/iberoo.com\/producto\/margarina-flora\/","url":"https:\/\/iberoo.com\/producto\/margarina-flora\/","name":"Margarine Flora - Iberoo","isPartOf":{"@id":"https:\/\/iberoo.com\/#website"},"primaryImageOfPage":{"@id":"https:\/\/iberoo.com\/producto\/margarina-flora\/#primaryimage"},"image":{"@id":"https:\/\/iberoo.com\/producto\/margarina-flora\/#primaryimage"},"thumbnailUrl":"https:\/\/iberoo.com\/wp-content\/uploads\/2025\/12\/margarina-flora.jpg","datePublished":"2025-12-23T08:18:25+00:00","dateModified":"2026-04-05T01:37:35+00:00","description":"La margarine Flora est une option con\u00e7ue pour ceux qui recherchent un produit polyvalent et facile \u00e0 utiliser, qui s'int\u00e8gre sans effort \u00e0 leur routine quotidienne.","breadcrumb":{"@id":"https:\/\/iberoo.com\/producto\/margarina-flora\/#breadcrumb"},"inLanguage":"fr-FR","potentialAction":[{"@type":"ReadAction","target":["https:\/\/iberoo.com\/producto\/margarina-flora\/"]}]},{"@type":"ImageObject","inLanguage":"fr-FR","@id":"https:\/\/iberoo.com\/producto\/margarina-flora\/#primaryimage","url":"https:\/\/iberoo.com\/wp-content\/uploads\/2025\/12\/margarina-flora.jpg","contentUrl":"https:\/\/iberoo.com\/wp-content\/uploads\/2025\/12\/margarina-flora.jpg","width":800,"height":800,"caption":"Margarina Flora"},{"@type":"BreadcrumbList","@id":"https:\/\/iberoo.com\/producto\/margarina-flora\/#breadcrumb","itemListElement":[{"@type":"ListItem","position":1,"name":"Portada","item":"https:\/\/iberoo.com\/"},{"@type":"ListItem","position":2,"name":"Tienda Online","item":"https:\/\/iberoo.com\/tienda\/"},{"@type":"ListItem","position":3,"name":"Margarina Flora"}]},{"@type":"WebSite","@id":"https:\/\/iberoo.com\/#website","url":"https:\/\/iberoo.com\/","name":"Iberoo","description":"","publisher":{"@id":"https:\/\/iberoo.com\/#organization"},"potentialAction":[{"@type":"SearchAction","target":{"@type":"EntryPoint","urlTemplate":"https:\/\/iberoo.com\/?s={search_term_string}"},"query-input":{"@type":"PropertyValueSpecification","valueRequired":true,"valueName":"search_term_string"}}],"inLanguage":"fr-FR"},{"@type":"Organization","@id":"https:\/\/iberoo.com\/#organization","name":"Iberoo","url":"https:\/\/iberoo.com\/","logo":{"@type":"ImageObject","inLanguage":"fr-FR","@id":"https:\/\/iberoo.com\/#\/schema\/logo\/image\/","url":"https:\/\/iberoo.com\/wp-content\/uploads\/2025\/11\/logo-cuadrado.jpg","contentUrl":"https:\/\/iberoo.com\/wp-content\/uploads\/2025\/11\/logo-cuadrado.jpg","width":700,"height":700,"caption":"Iberoo"},"image":{"@id":"https:\/\/iberoo.com\/#\/schema\/logo\/image\/"}}]},"product_brand":"Flora","og_availability":"instock","product_availability":"instock","product_condition":"new"},"_links":{"self":[{"href":"https:\/\/iberoo.com\/fr\/wp-json\/wp\/v2\/product\/2018","targetHints":{"allow":["GET"]}}],"collection":[{"href":"https:\/\/iberoo.com\/fr\/wp-json\/wp\/v2\/product"}],"about":[{"href":"https:\/\/iberoo.com\/fr\/wp-json\/wp\/v2\/types\/product"}],"replies":[{"embeddable":true,"href":"https:\/\/iberoo.com\/fr\/wp-json\/wp\/v2\/comments?post=2018"}],"wp:featuredmedia":[{"embeddable":true,"href":"https:\/\/iberoo.com\/fr\/wp-json\/wp\/v2\/media\/2019"}],"wp:attachment":[{"href":"https:\/\/iberoo.com\/fr\/wp-json\/wp\/v2\/media?parent=2018"}],"wp:term":[{"taxonomy":"product_brand","embeddable":true,"href":"https:\/\/iberoo.com\/fr\/wp-json\/wp\/v2\/product_brand?post=2018"},{"taxonomy":"product_cat","embeddable":true,"href":"https:\/\/iberoo.com\/fr\/wp-json\/wp\/v2\/product_cat?post=2018"},{"taxonomy":"product_tag","embeddable":true,"href":"https:\/\/iberoo.com\/fr\/wp-json\/wp\/v2\/product_tag?post=2018"}],"curies":[{"name":"wp","href":"https:\/\/api.w.org\/{rel}","templated":true}]}}