{"id":2028,"date":"2025-12-25T02:20:04","date_gmt":"2025-12-25T01:20:04","guid":{"rendered":"https:\/\/iberoo.com\/?post_type=product&#038;p=2028"},"modified":"2026-04-05T03:36:28","modified_gmt":"2026-04-05T01:36:28","slug":"president-butter","status":"publish","type":"product","link":"https:\/\/iberoo.com\/fr\/produit\/president-butter\/","title":{"rendered":"President Butter"},"content":{"rendered":"<p>\u00c9labor\u00e9 avec des ingr\u00e9dients de qualit\u00e9 et gr\u00e2ce au savoir-faire du Pr\u00e9sident, ce beurre se distingue par son \u00e9quilibre parfait entre onctuosit\u00e9 et l\u00e9g\u00e8ret\u00e9, id\u00e9al pour \u00eatre tartin\u00e9 directement sorti du r\u00e9frig\u00e9rateur sans effort.<\/p>\n<p>Son format en pot de 250 grammes est pratique et id\u00e9al pour conserver le produit et n'utiliser que la quantit\u00e9 n\u00e9cessaire \u00e0 chaque fois. Gr\u00e2ce \u00e0 sa texture onctueuse, le beurre l\u00e9ger President s'\u00e9tale facilement sur le pain, les toasts, les viennoiseries ou les biscuits, transformant chaque petit-d\u00e9jeuner ou go\u00fbter en un moment privil\u00e9gi\u00e9. De plus, sa saveur d\u00e9licate rehausse les recettes sucr\u00e9es et sal\u00e9es, ce qui en fait un excellent ingr\u00e9dient pour pr\u00e9parer des sauces onctueuses, des l\u00e9gumes saut\u00e9s ou des p\u00e2tisseries maison.<\/p>\n<p>Ce beurre l\u00e9ger et tartinable est id\u00e9al pour ceux qui privil\u00e9gient la praticit\u00e9 sans renoncer au go\u00fbt traditionnel. President, marque de renomm\u00e9e internationale, garantit un produit fiable et de qualit\u00e9 constante, con\u00e7u pour s'adapter aux habitudes de consommation actuelles. Que ce soit pour un usage quotidien \u00e0 la maison ou pour impressionner vos convives avec des recettes simples et savoureuses, ce beurre est polyvalent.<\/p>\n<p>Si vous recherchez un beurre facile \u00e0 utiliser, au go\u00fbt \u00e9quilibr\u00e9 et \u00e0 la texture agr\u00e9able, le beurre l\u00e9ger Pr\u00e9sident 250 g est un excellent choix pour vos placards. Une fa\u00e7on simple de savourer le plaisir du beurre \u00e0 tout moment.<\/p>","protected":false},"excerpt":{"rendered":"<p>D\u00e9couvrez le beurre all\u00e9g\u00e9 President Easy Spread en pot de 250 g, une option con\u00e7ue pour ceux qui souhaitent savourer le go\u00fbt authentique du beurre avec une texture plus douce et plus pratique pour un usage quotidien.<\/p>","protected":false},"featured_media":2030,"comment_status":"closed","ping_status":"closed","template":"","meta":[],"product_brand":[170],"product_cat":[148],"product_tag":[],"class_list":{"0":"post-2028","1":"product","2":"type-product","3":"status-publish","4":"has-post-thumbnail","6":"product_brand-president","7":"product_cat-bebidas-y-lacteos","9":"first","10":"instock","11":"shipping-taxable","12":"purchasable","13":"product-type-simple"},"yoast_head":"<!-- This site is optimized with the Yoast SEO plugin v27.3 - https:\/\/yoast.com\/product\/yoast-seo-wordpress\/ -->\n<title>Mantequilla President - Iberoo<\/title>\n<meta name=\"description\" content=\"Descubre la Mantequilla Ligera F\u00e1cil de Untar President, una opci\u00f3n pensada para quienes buscan el sabor pero con una textura m\u00e1s suave.\" \/>\n<meta name=\"robots\" content=\"index, follow, max-snippet:-1, max-image-preview:large, max-video-preview:-1\" \/>\n<link rel=\"canonical\" href=\"https:\/\/iberoo.com\/fr\/produit\/president-butter\/\" \/>\n<meta property=\"og:locale\" content=\"fr_FR\" \/>\n<meta property=\"og:type\" content=\"article\" \/>\n<meta property=\"og:title\" content=\"Mantequilla President - Iberoo\" \/>\n<meta property=\"og:description\" content=\"Descubre la Mantequilla Ligera F\u00e1cil de Untar President, una opci\u00f3n pensada para quienes buscan el sabor pero con una textura m\u00e1s suave.\" \/>\n<meta property=\"og:url\" content=\"https:\/\/iberoo.com\/fr\/produit\/president-butter\/\" \/>\n<meta property=\"og:site_name\" content=\"Iberoo\" \/>\n<meta property=\"article:modified_time\" content=\"2026-04-05T01:36:28+00:00\" \/>\n<meta property=\"og:image\" content=\"https:\/\/iberoo.com\/wp-content\/uploads\/2025\/12\/president-mantequilla-ligera.jpg\" \/>\n\t<meta property=\"og:image:width\" content=\"1200\" \/>\n\t<meta property=\"og:image:height\" content=\"1200\" \/>\n\t<meta property=\"og:image:type\" content=\"image\/jpeg\" \/>\n<meta name=\"twitter:card\" content=\"summary_large_image\" \/>\n<meta name=\"twitter:label1\" content=\"Prix\" \/>\n\t<meta name=\"twitter:data1\" content=\"4,55&nbsp;&euro;\" \/>\n\t<meta name=\"twitter:label2\" content=\"Disponibilit\u00e9\" \/>\n\t<meta name=\"twitter:data2\" content=\"En stock\" \/>\n<script type=\"application\/ld+json\" class=\"yoast-schema-graph\">{\"@context\":\"https:\\\/\\\/schema.org\",\"@graph\":[{\"@type\":\"WebPage\",\"@id\":\"https:\\\/\\\/iberoo.com\\\/producto\\\/mantequilla-president\\\/\",\"url\":\"https:\\\/\\\/iberoo.com\\\/producto\\\/mantequilla-president\\\/\",\"name\":\"Mantequilla President - Iberoo\",\"isPartOf\":{\"@id\":\"https:\\\/\\\/iberoo.com\\\/#website\"},\"primaryImageOfPage\":{\"@id\":\"https:\\\/\\\/iberoo.com\\\/producto\\\/mantequilla-president\\\/#primaryimage\"},\"image\":{\"@id\":\"https:\\\/\\\/iberoo.com\\\/producto\\\/mantequilla-president\\\/#primaryimage\"},\"thumbnailUrl\":\"https:\\\/\\\/iberoo.com\\\/wp-content\\\/uploads\\\/2025\\\/12\\\/president-mantequilla-ligera.jpg\",\"datePublished\":\"2025-12-25T01:20:04+00:00\",\"dateModified\":\"2026-04-05T01:36:28+00:00\",\"description\":\"Descubre la Mantequilla Ligera F\u00e1cil de Untar President, una opci\u00f3n pensada para quienes buscan el sabor pero con una textura m\u00e1s suave.\",\"breadcrumb\":{\"@id\":\"https:\\\/\\\/iberoo.com\\\/producto\\\/mantequilla-president\\\/#breadcrumb\"},\"inLanguage\":\"fr-FR\",\"potentialAction\":[{\"@type\":\"ReadAction\",\"target\":[\"https:\\\/\\\/iberoo.com\\\/producto\\\/mantequilla-president\\\/\"]}]},{\"@type\":\"ImageObject\",\"inLanguage\":\"fr-FR\",\"@id\":\"https:\\\/\\\/iberoo.com\\\/producto\\\/mantequilla-president\\\/#primaryimage\",\"url\":\"https:\\\/\\\/iberoo.com\\\/wp-content\\\/uploads\\\/2025\\\/12\\\/president-mantequilla-ligera.jpg\",\"contentUrl\":\"https:\\\/\\\/iberoo.com\\\/wp-content\\\/uploads\\\/2025\\\/12\\\/president-mantequilla-ligera.jpg\",\"width\":1200,\"height\":1200,\"caption\":\"Mantequilla President\"},{\"@type\":\"BreadcrumbList\",\"@id\":\"https:\\\/\\\/iberoo.com\\\/producto\\\/mantequilla-president\\\/#breadcrumb\",\"itemListElement\":[{\"@type\":\"ListItem\",\"position\":1,\"name\":\"Portada\",\"item\":\"https:\\\/\\\/iberoo.com\\\/\"},{\"@type\":\"ListItem\",\"position\":2,\"name\":\"Tienda Online\",\"item\":\"https:\\\/\\\/iberoo.com\\\/tienda\\\/\"},{\"@type\":\"ListItem\",\"position\":3,\"name\":\"Mantequilla President\"}]},{\"@type\":\"WebSite\",\"@id\":\"https:\\\/\\\/iberoo.com\\\/#website\",\"url\":\"https:\\\/\\\/iberoo.com\\\/\",\"name\":\"Iberoo\",\"description\":\"\",\"publisher\":{\"@id\":\"https:\\\/\\\/iberoo.com\\\/#organization\"},\"potentialAction\":[{\"@type\":\"SearchAction\",\"target\":{\"@type\":\"EntryPoint\",\"urlTemplate\":\"https:\\\/\\\/iberoo.com\\\/?s={search_term_string}\"},\"query-input\":{\"@type\":\"PropertyValueSpecification\",\"valueRequired\":true,\"valueName\":\"search_term_string\"}}],\"inLanguage\":\"fr-FR\"},{\"@type\":\"Organization\",\"@id\":\"https:\\\/\\\/iberoo.com\\\/#organization\",\"name\":\"Iberoo\",\"url\":\"https:\\\/\\\/iberoo.com\\\/\",\"logo\":{\"@type\":\"ImageObject\",\"inLanguage\":\"fr-FR\",\"@id\":\"https:\\\/\\\/iberoo.com\\\/#\\\/schema\\\/logo\\\/image\\\/\",\"url\":\"https:\\\/\\\/iberoo.com\\\/wp-content\\\/uploads\\\/2025\\\/11\\\/logo-cuadrado.jpg\",\"contentUrl\":\"https:\\\/\\\/iberoo.com\\\/wp-content\\\/uploads\\\/2025\\\/11\\\/logo-cuadrado.jpg\",\"width\":700,\"height\":700,\"caption\":\"Iberoo\"},\"image\":{\"@id\":\"https:\\\/\\\/iberoo.com\\\/#\\\/schema\\\/logo\\\/image\\\/\"}}]}<\/script>\n<meta property=\"product:brand\" content=\"President\" \/>\n<meta property=\"product:price:amount\" content=\"4.55\" \/>\n<meta property=\"product:price:currency\" content=\"EUR\" \/>\n<meta property=\"og:availability\" content=\"instock\" \/>\n<meta property=\"product:availability\" content=\"instock\" \/>\n<meta property=\"product:condition\" content=\"new\" \/>\n<!-- \/ Yoast SEO plugin. -->","yoast_head_json":{"title":"President Butter - Iberoo","description":"D\u00e9couvrez le beurre l\u00e9ger \u00e0 tartiner President Easy Spread, une option con\u00e7ue pour ceux qui recherchent de la saveur mais une texture plus onctueuse.","robots":{"index":"index","follow":"follow","max-snippet":"max-snippet:-1","max-image-preview":"max-image-preview:large","max-video-preview":"max-video-preview:-1"},"canonical":"https:\/\/iberoo.com\/fr\/produit\/president-butter\/","og_locale":"fr_FR","og_type":"article","og_title":"Mantequilla President - Iberoo","og_description":"Descubre la Mantequilla Ligera F\u00e1cil de Untar President, una opci\u00f3n pensada para quienes buscan el sabor pero con una textura m\u00e1s suave.","og_url":"https:\/\/iberoo.com\/fr\/produit\/president-butter\/","og_site_name":"Iberoo","article_modified_time":"2026-04-05T01:36:28+00:00","og_image":[{"width":1200,"height":1200,"url":"https:\/\/iberoo.com\/wp-content\/uploads\/2025\/12\/president-mantequilla-ligera.jpg","type":"image\/jpeg"}],"twitter_card":"summary_large_image","twitter_misc":{"Prix":"4,55&nbsp;&euro;","Disponibilit\u00e9":"En stock"},"schema":{"@context":"https:\/\/schema.org","@graph":[{"@type":"WebPage","@id":"https:\/\/iberoo.com\/producto\/mantequilla-president\/","url":"https:\/\/iberoo.com\/producto\/mantequilla-president\/","name":"President Butter - Iberoo","isPartOf":{"@id":"https:\/\/iberoo.com\/#website"},"primaryImageOfPage":{"@id":"https:\/\/iberoo.com\/producto\/mantequilla-president\/#primaryimage"},"image":{"@id":"https:\/\/iberoo.com\/producto\/mantequilla-president\/#primaryimage"},"thumbnailUrl":"https:\/\/iberoo.com\/wp-content\/uploads\/2025\/12\/president-mantequilla-ligera.jpg","datePublished":"2025-12-25T01:20:04+00:00","dateModified":"2026-04-05T01:36:28+00:00","description":"D\u00e9couvrez le beurre l\u00e9ger \u00e0 tartiner President Easy Spread, une option con\u00e7ue pour ceux qui recherchent de la saveur mais une texture plus onctueuse.","breadcrumb":{"@id":"https:\/\/iberoo.com\/producto\/mantequilla-president\/#breadcrumb"},"inLanguage":"fr-FR","potentialAction":[{"@type":"ReadAction","target":["https:\/\/iberoo.com\/producto\/mantequilla-president\/"]}]},{"@type":"ImageObject","inLanguage":"fr-FR","@id":"https:\/\/iberoo.com\/producto\/mantequilla-president\/#primaryimage","url":"https:\/\/iberoo.com\/wp-content\/uploads\/2025\/12\/president-mantequilla-ligera.jpg","contentUrl":"https:\/\/iberoo.com\/wp-content\/uploads\/2025\/12\/president-mantequilla-ligera.jpg","width":1200,"height":1200,"caption":"Mantequilla President"},{"@type":"BreadcrumbList","@id":"https:\/\/iberoo.com\/producto\/mantequilla-president\/#breadcrumb","itemListElement":[{"@type":"ListItem","position":1,"name":"Portada","item":"https:\/\/iberoo.com\/"},{"@type":"ListItem","position":2,"name":"Tienda Online","item":"https:\/\/iberoo.com\/tienda\/"},{"@type":"ListItem","position":3,"name":"Mantequilla President"}]},{"@type":"WebSite","@id":"https:\/\/iberoo.com\/#website","url":"https:\/\/iberoo.com\/","name":"Iberoo","description":"","publisher":{"@id":"https:\/\/iberoo.com\/#organization"},"potentialAction":[{"@type":"SearchAction","target":{"@type":"EntryPoint","urlTemplate":"https:\/\/iberoo.com\/?s={search_term_string}"},"query-input":{"@type":"PropertyValueSpecification","valueRequired":true,"valueName":"search_term_string"}}],"inLanguage":"fr-FR"},{"@type":"Organization","@id":"https:\/\/iberoo.com\/#organization","name":"Iberoo","url":"https:\/\/iberoo.com\/","logo":{"@type":"ImageObject","inLanguage":"fr-FR","@id":"https:\/\/iberoo.com\/#\/schema\/logo\/image\/","url":"https:\/\/iberoo.com\/wp-content\/uploads\/2025\/11\/logo-cuadrado.jpg","contentUrl":"https:\/\/iberoo.com\/wp-content\/uploads\/2025\/11\/logo-cuadrado.jpg","width":700,"height":700,"caption":"Iberoo"},"image":{"@id":"https:\/\/iberoo.com\/#\/schema\/logo\/image\/"}}]},"product_brand":"President","product_price_amount":"4.55","product_price_currency":"EUR","og_availability":"instock","product_availability":"instock","product_condition":"new"},"_links":{"self":[{"href":"https:\/\/iberoo.com\/fr\/wp-json\/wp\/v2\/product\/2028","targetHints":{"allow":["GET"]}}],"collection":[{"href":"https:\/\/iberoo.com\/fr\/wp-json\/wp\/v2\/product"}],"about":[{"href":"https:\/\/iberoo.com\/fr\/wp-json\/wp\/v2\/types\/product"}],"replies":[{"embeddable":true,"href":"https:\/\/iberoo.com\/fr\/wp-json\/wp\/v2\/comments?post=2028"}],"wp:featuredmedia":[{"embeddable":true,"href":"https:\/\/iberoo.com\/fr\/wp-json\/wp\/v2\/media\/2030"}],"wp:attachment":[{"href":"https:\/\/iberoo.com\/fr\/wp-json\/wp\/v2\/media?parent=2028"}],"wp:term":[{"taxonomy":"product_brand","embeddable":true,"href":"https:\/\/iberoo.com\/fr\/wp-json\/wp\/v2\/product_brand?post=2028"},{"taxonomy":"product_cat","embeddable":true,"href":"https:\/\/iberoo.com\/fr\/wp-json\/wp\/v2\/product_cat?post=2028"},{"taxonomy":"product_tag","embeddable":true,"href":"https:\/\/iberoo.com\/fr\/wp-json\/wp\/v2\/product_tag?post=2028"}],"curies":[{"name":"wp","href":"https:\/\/api.w.org\/{rel}","templated":true}]}}