{"id":2259,"date":"2026-01-02T03:03:55","date_gmt":"2026-01-02T02:03:55","guid":{"rendered":"https:\/\/iberoo.com\/?post_type=product&#038;p=2259"},"modified":"2026-01-07T06:25:05","modified_gmt":"2026-01-07T05:25:05","slug":"assaisonnement-pour-paella-carmencita","status":"publish","type":"product","link":"https:\/\/iberoo.com\/fr\/produit\/assaisonnement-pour-paella-carmencita\/","title":{"rendered":"Assaisonnement pour paella Carmencita"},"content":{"rendered":"<p>El sazonador para paella de carne con <a href=\"https:\/\/iberoo.com\/fr\/produit\/safran-pote\/\">azafr\u00e1n<\/a> de Carmencita se presenta en una caja de 20 gramos que incluye 5 sobres individuales de 4 gramos, un formato pr\u00e1ctico que facilita el uso y permite mantener intactas las propiedades del producto. Cada caja rinde aproximadamente 30 raciones, lo que la convierte en una opci\u00f3n ideal tanto para el uso dom\u00e9stico como para ocasiones especiales.<\/p>\n<p>Cet assaisonnement associe des \u00e9pices s\u00e9lectionn\u00e9es au safran, offrant un ar\u00f4me unique et une saveur riche qui se marie \u00e0 merveille avec les viandes comme le poulet, le lapin ou les travers de porc. Sa formule est con\u00e7ue pour sublimer le plat sans masquer les ingr\u00e9dients principaux, respectant ainsi le caract\u00e8re traditionnel de la paella. Pr\u00e9sent\u00e9 en sachets individuels, il permet un dosage pr\u00e9cis et garantit un r\u00e9sultat toujours parfait, quel que soit votre niveau d'exp\u00e9rience.<\/p>\n<p>Cet assaisonnement associe des \u00e9pices s\u00e9lectionn\u00e9es au safran, offrant un ar\u00f4me unique et une saveur riche qui se marie \u00e0 merveille avec les viandes comme le poulet, le lapin ou les travers de porc. Sa formule est con\u00e7ue pour sublimer le plat sans masquer les ingr\u00e9dients principaux, respectant ainsi le caract\u00e8re traditionnel de la paella. Pr\u00e9sent\u00e9 en sachets individuels, il permet un dosage pr\u00e9cis et garantit un r\u00e9sultat toujours parfait, quel que soit votre niveau d'exp\u00e9rience.<\/p>\n<p>L'assaisonnement pour paella au safran Carmencita est la solution id\u00e9ale pour ceux qui privil\u00e9gient la tradition, le gain de temps et la pr\u00e9cision. Un produit con\u00e7u pour vous aider \u00e0 savourer un riz parfaitement cuit, avec la saveur classique et la garantie d'une marque experte en \u00e9pices.<\/p>","protected":false},"excerpt":{"rendered":"<p>L'assaisonnement pour paella \u00e0 la viande au safran de Carmencita est con\u00e7u pour ceux qui souhaitent obtenir un plat de riz savoureux et \u00e9quilibr\u00e9, avec la couleur caract\u00e9ristique d'une bonne paella, sans complications et avec un r\u00e9sultat fiable \u00e0 chaque fois.<\/p>","protected":false},"featured_media":2260,"comment_status":"closed","ping_status":"closed","template":"","meta":[],"product_brand":[201],"product_cat":[193],"product_tag":[],"class_list":{"0":"post-2259","1":"product","2":"type-product","3":"status-publish","4":"has-post-thumbnail","6":"product_brand-carmencita","7":"product_cat-salsas-y-especias","9":"first","10":"instock","11":"shipping-taxable","12":"purchasable","13":"product-type-simple"},"yoast_head":"<!-- This site is optimized with the Yoast SEO plugin v27.3 - https:\/\/yoast.com\/product\/yoast-seo-wordpress\/ -->\n<title>Sazonador Paella Carmencita - Iberoo<\/title>\n<meta name=\"description\" content=\"El sazonador para paella Carmencita est\u00e1 pensado para lograr un arroz sabroso, bien equilibrado y con el color caracter\u00edstico de una buena paella.\" \/>\n<meta name=\"robots\" content=\"index, follow, max-snippet:-1, max-image-preview:large, max-video-preview:-1\" \/>\n<link rel=\"canonical\" href=\"https:\/\/iberoo.com\/fr\/produit\/assaisonnement-pour-paella-carmencita\/\" \/>\n<meta property=\"og:locale\" content=\"fr_FR\" \/>\n<meta property=\"og:type\" content=\"article\" \/>\n<meta property=\"og:title\" content=\"Sazonador Paella Carmencita - Iberoo\" \/>\n<meta property=\"og:description\" content=\"El sazonador para paella Carmencita est\u00e1 pensado para lograr un arroz sabroso, bien equilibrado y con el color caracter\u00edstico de una buena paella.\" \/>\n<meta property=\"og:url\" content=\"https:\/\/iberoo.com\/fr\/produit\/assaisonnement-pour-paella-carmencita\/\" \/>\n<meta property=\"og:site_name\" content=\"Iberoo\" \/>\n<meta property=\"article:modified_time\" content=\"2026-01-07T05:25:05+00:00\" \/>\n<meta property=\"og:image\" content=\"https:\/\/iberoo.com\/wp-content\/uploads\/2026\/01\/carmencita-sazonador-paella.jpg\" \/>\n\t<meta property=\"og:image:width\" content=\"1200\" \/>\n\t<meta property=\"og:image:height\" content=\"1200\" \/>\n\t<meta property=\"og:image:type\" content=\"image\/jpeg\" \/>\n<meta name=\"twitter:card\" content=\"summary_large_image\" \/>\n<meta name=\"twitter:label1\" content=\"Prix\" \/>\n\t<meta name=\"twitter:data1\" content=\"4,05&nbsp;&euro;\" \/>\n\t<meta name=\"twitter:label2\" content=\"Disponibilit\u00e9\" \/>\n\t<meta name=\"twitter:data2\" content=\"En stock\" \/>\n<script type=\"application\/ld+json\" class=\"yoast-schema-graph\">{\"@context\":\"https:\\\/\\\/schema.org\",\"@graph\":[{\"@type\":\"WebPage\",\"@id\":\"https:\\\/\\\/iberoo.com\\\/producto\\\/sazonador-paella-carmencita\\\/\",\"url\":\"https:\\\/\\\/iberoo.com\\\/producto\\\/sazonador-paella-carmencita\\\/\",\"name\":\"Sazonador Paella Carmencita - Iberoo\",\"isPartOf\":{\"@id\":\"https:\\\/\\\/iberoo.com\\\/#website\"},\"primaryImageOfPage\":{\"@id\":\"https:\\\/\\\/iberoo.com\\\/producto\\\/sazonador-paella-carmencita\\\/#primaryimage\"},\"image\":{\"@id\":\"https:\\\/\\\/iberoo.com\\\/producto\\\/sazonador-paella-carmencita\\\/#primaryimage\"},\"thumbnailUrl\":\"https:\\\/\\\/iberoo.com\\\/wp-content\\\/uploads\\\/2026\\\/01\\\/carmencita-sazonador-paella.jpg\",\"datePublished\":\"2026-01-02T02:03:55+00:00\",\"dateModified\":\"2026-01-07T05:25:05+00:00\",\"description\":\"El sazonador para paella Carmencita est\u00e1 pensado para lograr un arroz sabroso, bien equilibrado y con el color caracter\u00edstico de una buena paella.\",\"breadcrumb\":{\"@id\":\"https:\\\/\\\/iberoo.com\\\/producto\\\/sazonador-paella-carmencita\\\/#breadcrumb\"},\"inLanguage\":\"fr-FR\",\"potentialAction\":[{\"@type\":\"ReadAction\",\"target\":[\"https:\\\/\\\/iberoo.com\\\/producto\\\/sazonador-paella-carmencita\\\/\"]}]},{\"@type\":\"ImageObject\",\"inLanguage\":\"fr-FR\",\"@id\":\"https:\\\/\\\/iberoo.com\\\/producto\\\/sazonador-paella-carmencita\\\/#primaryimage\",\"url\":\"https:\\\/\\\/iberoo.com\\\/wp-content\\\/uploads\\\/2026\\\/01\\\/carmencita-sazonador-paella.jpg\",\"contentUrl\":\"https:\\\/\\\/iberoo.com\\\/wp-content\\\/uploads\\\/2026\\\/01\\\/carmencita-sazonador-paella.jpg\",\"width\":1200,\"height\":1200,\"caption\":\"Sazonador Paella Carmencita\"},{\"@type\":\"BreadcrumbList\",\"@id\":\"https:\\\/\\\/iberoo.com\\\/producto\\\/sazonador-paella-carmencita\\\/#breadcrumb\",\"itemListElement\":[{\"@type\":\"ListItem\",\"position\":1,\"name\":\"Portada\",\"item\":\"https:\\\/\\\/iberoo.com\\\/\"},{\"@type\":\"ListItem\",\"position\":2,\"name\":\"Tienda Online\",\"item\":\"https:\\\/\\\/iberoo.com\\\/tienda\\\/\"},{\"@type\":\"ListItem\",\"position\":3,\"name\":\"Sazonador Paella Carmencita\"}]},{\"@type\":\"WebSite\",\"@id\":\"https:\\\/\\\/iberoo.com\\\/#website\",\"url\":\"https:\\\/\\\/iberoo.com\\\/\",\"name\":\"Iberoo\",\"description\":\"\",\"publisher\":{\"@id\":\"https:\\\/\\\/iberoo.com\\\/#organization\"},\"potentialAction\":[{\"@type\":\"SearchAction\",\"target\":{\"@type\":\"EntryPoint\",\"urlTemplate\":\"https:\\\/\\\/iberoo.com\\\/?s={search_term_string}\"},\"query-input\":{\"@type\":\"PropertyValueSpecification\",\"valueRequired\":true,\"valueName\":\"search_term_string\"}}],\"inLanguage\":\"fr-FR\"},{\"@type\":\"Organization\",\"@id\":\"https:\\\/\\\/iberoo.com\\\/#organization\",\"name\":\"Iberoo\",\"url\":\"https:\\\/\\\/iberoo.com\\\/\",\"logo\":{\"@type\":\"ImageObject\",\"inLanguage\":\"fr-FR\",\"@id\":\"https:\\\/\\\/iberoo.com\\\/#\\\/schema\\\/logo\\\/image\\\/\",\"url\":\"https:\\\/\\\/iberoo.com\\\/wp-content\\\/uploads\\\/2025\\\/11\\\/logo-cuadrado.jpg\",\"contentUrl\":\"https:\\\/\\\/iberoo.com\\\/wp-content\\\/uploads\\\/2025\\\/11\\\/logo-cuadrado.jpg\",\"width\":700,\"height\":700,\"caption\":\"Iberoo\"},\"image\":{\"@id\":\"https:\\\/\\\/iberoo.com\\\/#\\\/schema\\\/logo\\\/image\\\/\"}}]}<\/script>\n<meta property=\"product:brand\" content=\"Carmencita\" \/>\n<meta property=\"product:price:amount\" content=\"4.05\" \/>\n<meta property=\"product:price:currency\" content=\"EUR\" \/>\n<meta property=\"og:availability\" content=\"instock\" \/>\n<meta property=\"product:availability\" content=\"instock\" \/>\n<meta property=\"product:condition\" content=\"new\" \/>\n<!-- \/ Yoast SEO plugin. -->","yoast_head_json":{"title":"Assaisonnement pour paella Carmencita - Iberoo","description":"L'assaisonnement pour paella Carmencita est con\u00e7u pour obtenir un riz savoureux et \u00e9quilibr\u00e9, avec la couleur caract\u00e9ristique d'une bonne paella.","robots":{"index":"index","follow":"follow","max-snippet":"max-snippet:-1","max-image-preview":"max-image-preview:large","max-video-preview":"max-video-preview:-1"},"canonical":"https:\/\/iberoo.com\/fr\/produit\/assaisonnement-pour-paella-carmencita\/","og_locale":"fr_FR","og_type":"article","og_title":"Sazonador Paella Carmencita - Iberoo","og_description":"El sazonador para paella Carmencita est\u00e1 pensado para lograr un arroz sabroso, bien equilibrado y con el color caracter\u00edstico de una buena paella.","og_url":"https:\/\/iberoo.com\/fr\/produit\/assaisonnement-pour-paella-carmencita\/","og_site_name":"Iberoo","article_modified_time":"2026-01-07T05:25:05+00:00","og_image":[{"width":1200,"height":1200,"url":"https:\/\/iberoo.com\/wp-content\/uploads\/2026\/01\/carmencita-sazonador-paella.jpg","type":"image\/jpeg"}],"twitter_card":"summary_large_image","twitter_misc":{"Prix":"4,05&nbsp;&euro;","Disponibilit\u00e9":"En stock"},"schema":{"@context":"https:\/\/schema.org","@graph":[{"@type":"WebPage","@id":"https:\/\/iberoo.com\/producto\/sazonador-paella-carmencita\/","url":"https:\/\/iberoo.com\/producto\/sazonador-paella-carmencita\/","name":"Assaisonnement pour paella Carmencita - Iberoo","isPartOf":{"@id":"https:\/\/iberoo.com\/#website"},"primaryImageOfPage":{"@id":"https:\/\/iberoo.com\/producto\/sazonador-paella-carmencita\/#primaryimage"},"image":{"@id":"https:\/\/iberoo.com\/producto\/sazonador-paella-carmencita\/#primaryimage"},"thumbnailUrl":"https:\/\/iberoo.com\/wp-content\/uploads\/2026\/01\/carmencita-sazonador-paella.jpg","datePublished":"2026-01-02T02:03:55+00:00","dateModified":"2026-01-07T05:25:05+00:00","description":"L'assaisonnement pour paella Carmencita est con\u00e7u pour obtenir un riz savoureux et \u00e9quilibr\u00e9, avec la couleur caract\u00e9ristique d'une bonne paella.","breadcrumb":{"@id":"https:\/\/iberoo.com\/producto\/sazonador-paella-carmencita\/#breadcrumb"},"inLanguage":"fr-FR","potentialAction":[{"@type":"ReadAction","target":["https:\/\/iberoo.com\/producto\/sazonador-paella-carmencita\/"]}]},{"@type":"ImageObject","inLanguage":"fr-FR","@id":"https:\/\/iberoo.com\/producto\/sazonador-paella-carmencita\/#primaryimage","url":"https:\/\/iberoo.com\/wp-content\/uploads\/2026\/01\/carmencita-sazonador-paella.jpg","contentUrl":"https:\/\/iberoo.com\/wp-content\/uploads\/2026\/01\/carmencita-sazonador-paella.jpg","width":1200,"height":1200,"caption":"Sazonador Paella Carmencita"},{"@type":"BreadcrumbList","@id":"https:\/\/iberoo.com\/producto\/sazonador-paella-carmencita\/#breadcrumb","itemListElement":[{"@type":"ListItem","position":1,"name":"Portada","item":"https:\/\/iberoo.com\/"},{"@type":"ListItem","position":2,"name":"Tienda Online","item":"https:\/\/iberoo.com\/tienda\/"},{"@type":"ListItem","position":3,"name":"Sazonador Paella Carmencita"}]},{"@type":"WebSite","@id":"https:\/\/iberoo.com\/#website","url":"https:\/\/iberoo.com\/","name":"Iberoo","description":"","publisher":{"@id":"https:\/\/iberoo.com\/#organization"},"potentialAction":[{"@type":"SearchAction","target":{"@type":"EntryPoint","urlTemplate":"https:\/\/iberoo.com\/?s={search_term_string}"},"query-input":{"@type":"PropertyValueSpecification","valueRequired":true,"valueName":"search_term_string"}}],"inLanguage":"fr-FR"},{"@type":"Organization","@id":"https:\/\/iberoo.com\/#organization","name":"Iberoo","url":"https:\/\/iberoo.com\/","logo":{"@type":"ImageObject","inLanguage":"fr-FR","@id":"https:\/\/iberoo.com\/#\/schema\/logo\/image\/","url":"https:\/\/iberoo.com\/wp-content\/uploads\/2025\/11\/logo-cuadrado.jpg","contentUrl":"https:\/\/iberoo.com\/wp-content\/uploads\/2025\/11\/logo-cuadrado.jpg","width":700,"height":700,"caption":"Iberoo"},"image":{"@id":"https:\/\/iberoo.com\/#\/schema\/logo\/image\/"}}]},"product_brand":"Carmencita","product_price_amount":"4.05","product_price_currency":"EUR","og_availability":"instock","product_availability":"instock","product_condition":"new"},"_links":{"self":[{"href":"https:\/\/iberoo.com\/fr\/wp-json\/wp\/v2\/product\/2259","targetHints":{"allow":["GET"]}}],"collection":[{"href":"https:\/\/iberoo.com\/fr\/wp-json\/wp\/v2\/product"}],"about":[{"href":"https:\/\/iberoo.com\/fr\/wp-json\/wp\/v2\/types\/product"}],"replies":[{"embeddable":true,"href":"https:\/\/iberoo.com\/fr\/wp-json\/wp\/v2\/comments?post=2259"}],"wp:featuredmedia":[{"embeddable":true,"href":"https:\/\/iberoo.com\/fr\/wp-json\/wp\/v2\/media\/2260"}],"wp:attachment":[{"href":"https:\/\/iberoo.com\/fr\/wp-json\/wp\/v2\/media?parent=2259"}],"wp:term":[{"taxonomy":"product_brand","embeddable":true,"href":"https:\/\/iberoo.com\/fr\/wp-json\/wp\/v2\/product_brand?post=2259"},{"taxonomy":"product_cat","embeddable":true,"href":"https:\/\/iberoo.com\/fr\/wp-json\/wp\/v2\/product_cat?post=2259"},{"taxonomy":"product_tag","embeddable":true,"href":"https:\/\/iberoo.com\/fr\/wp-json\/wp\/v2\/product_tag?post=2259"}],"curies":[{"name":"wp","href":"https:\/\/api.w.org\/{rel}","templated":true}]}}