{"id":2270,"date":"2026-01-02T21:27:44","date_gmt":"2026-01-02T20:27:44","guid":{"rendered":"https:\/\/iberoo.com\/?post_type=product&#038;p=2270"},"modified":"2026-01-07T06:23:36","modified_gmt":"2026-01-07T05:23:36","slug":"grains-de-poivre-noir-toque","status":"publish","type":"product","link":"https:\/\/iberoo.com\/fr\/produit\/grains-de-poivre-noir-toque\/","title":{"rendered":"Grains de poivre noir Toque"},"content":{"rendered":"<p>Pr\u00e9sent\u00e9s dans un sachet de 90 grammes, les grains de poivre noir de la marque Toque offrent une quantit\u00e9 g\u00e9n\u00e9reuse pour un usage r\u00e9gulier, conservant intactes leurs qualit\u00e9s aromatiques gr\u00e2ce \u00e0 leur format en grains, qui pr\u00e9serve mieux les huiles essentielles responsables de leur intensit\u00e9.<\/p>\n<p>Chaque grain se distingue par son aspect uniforme et sa couleur sombre, signes d'une s\u00e9lection rigoureuse et d'un s\u00e9chage optimal. Moulu ou concass\u00e9 au moment opportun, il lib\u00e8re un ar\u00f4me frais et p\u00e9n\u00e9trant, avec ce piquant caract\u00e9ristique qui rehausse les plats sans les masquer. C'est une \u00e9pice essentielle dans toutes sortes de recettes\u00a0: viandes, poissons, l\u00e9gumes, sauces, bouillons et marinades. Sa polyvalence en fait un ingr\u00e9dient incontournable pour les pr\u00e9parations les plus simples comme les plus \u00e9labor\u00e9es.<\/p>\n<p>Les grains de poivre noir entiers Toque permettent d'ajuster l'intensit\u00e9 selon vos pr\u00e9f\u00e9rences, ce qui n'est pas toujours possible avec le poivre moulu. L\u00e9g\u00e8rement concass\u00e9s, ils offrent des notes plus douces et aromatiques, tandis qu'une mouture fine intensifie leur caract\u00e8re et rehausse la saveur. Ils sont \u00e9galement parfaits pour aromatiser les huiles, les marinades ou les bouillons, o\u00f9 les grains entiers apportent de la profondeur sans dominer le go\u00fbt.<\/p>\n<p>Le sachet de 90 g est pratique et facile \u00e0 ranger, con\u00e7u pour pr\u00e9server la qualit\u00e9 du poivre et le rendre pr\u00eat \u00e0 l'emploi au quotidien. Choisir le poivre noir Toque, c'est opter pour une \u00e9pice classique, authentique et efficace, capable de sublimer chaque plat d'une simple touche.<\/p>","protected":false},"excerpt":{"rendered":"<p>Le poivre noir en grains de la marque Toque, en sachet de 90 g, est une \u00e9pice con\u00e7ue pour ceux qui appr\u00e9cient la saveur authentique et une ma\u00eetrise totale en cuisine.<\/p>","protected":false},"featured_media":2271,"comment_status":"closed","ping_status":"closed","template":"","meta":[],"product_brand":[204],"product_cat":[193],"product_tag":[],"class_list":{"0":"post-2270","1":"product","2":"type-product","3":"status-publish","4":"has-post-thumbnail","6":"product_brand-toque","7":"product_cat-salsas-y-especias","9":"first","10":"instock","11":"shipping-taxable","12":"purchasable","13":"product-type-simple"},"yoast_head":"<!-- This site is optimized with the Yoast SEO plugin v27.3 - https:\/\/yoast.com\/product\/yoast-seo-wordpress\/ -->\n<title>Pimienta Negra en Grano Toque - Iberoo<\/title>\n<meta name=\"description\" content=\"La pimienta negra en grano de la marca Toque es una especia pensada para quienes valoran el sabor aut\u00e9ntico y el control total en la cocina.\" \/>\n<meta name=\"robots\" content=\"index, follow, max-snippet:-1, max-image-preview:large, max-video-preview:-1\" \/>\n<link rel=\"canonical\" href=\"https:\/\/iberoo.com\/fr\/produit\/grains-de-poivre-noir-toque\/\" \/>\n<meta property=\"og:locale\" content=\"fr_FR\" \/>\n<meta property=\"og:type\" content=\"article\" \/>\n<meta property=\"og:title\" content=\"Pimienta Negra en Grano Toque - Iberoo\" \/>\n<meta property=\"og:description\" content=\"La pimienta negra en grano de la marca Toque es una especia pensada para quienes valoran el sabor aut\u00e9ntico y el control total en la cocina.\" \/>\n<meta property=\"og:url\" content=\"https:\/\/iberoo.com\/fr\/produit\/grains-de-poivre-noir-toque\/\" \/>\n<meta property=\"og:site_name\" content=\"Iberoo\" \/>\n<meta property=\"article:modified_time\" content=\"2026-01-07T05:23:36+00:00\" \/>\n<meta property=\"og:image\" content=\"https:\/\/iberoo.com\/wp-content\/uploads\/2026\/01\/toque-pimienta-negra-grano.jpg\" \/>\n\t<meta property=\"og:image:width\" content=\"1200\" \/>\n\t<meta property=\"og:image:height\" content=\"1200\" \/>\n\t<meta property=\"og:image:type\" content=\"image\/jpeg\" \/>\n<meta name=\"twitter:card\" content=\"summary_large_image\" \/>\n<meta name=\"twitter:label1\" content=\"Prix\" \/>\n\t<meta name=\"twitter:data1\" content=\"4,10&nbsp;&euro;\" \/>\n\t<meta name=\"twitter:label2\" content=\"Disponibilit\u00e9\" \/>\n\t<meta name=\"twitter:data2\" content=\"En stock\" \/>\n<script type=\"application\/ld+json\" class=\"yoast-schema-graph\">{\"@context\":\"https:\\\/\\\/schema.org\",\"@graph\":[{\"@type\":\"WebPage\",\"@id\":\"https:\\\/\\\/iberoo.com\\\/producto\\\/pimienta-negra-en-grano-toque\\\/\",\"url\":\"https:\\\/\\\/iberoo.com\\\/producto\\\/pimienta-negra-en-grano-toque\\\/\",\"name\":\"Pimienta Negra en Grano Toque - Iberoo\",\"isPartOf\":{\"@id\":\"https:\\\/\\\/iberoo.com\\\/#website\"},\"primaryImageOfPage\":{\"@id\":\"https:\\\/\\\/iberoo.com\\\/producto\\\/pimienta-negra-en-grano-toque\\\/#primaryimage\"},\"image\":{\"@id\":\"https:\\\/\\\/iberoo.com\\\/producto\\\/pimienta-negra-en-grano-toque\\\/#primaryimage\"},\"thumbnailUrl\":\"https:\\\/\\\/iberoo.com\\\/wp-content\\\/uploads\\\/2026\\\/01\\\/toque-pimienta-negra-grano.jpg\",\"datePublished\":\"2026-01-02T20:27:44+00:00\",\"dateModified\":\"2026-01-07T05:23:36+00:00\",\"description\":\"La pimienta negra en grano de la marca Toque es una especia pensada para quienes valoran el sabor aut\u00e9ntico y el control total en la cocina.\",\"breadcrumb\":{\"@id\":\"https:\\\/\\\/iberoo.com\\\/producto\\\/pimienta-negra-en-grano-toque\\\/#breadcrumb\"},\"inLanguage\":\"fr-FR\",\"potentialAction\":[{\"@type\":\"ReadAction\",\"target\":[\"https:\\\/\\\/iberoo.com\\\/producto\\\/pimienta-negra-en-grano-toque\\\/\"]}]},{\"@type\":\"ImageObject\",\"inLanguage\":\"fr-FR\",\"@id\":\"https:\\\/\\\/iberoo.com\\\/producto\\\/pimienta-negra-en-grano-toque\\\/#primaryimage\",\"url\":\"https:\\\/\\\/iberoo.com\\\/wp-content\\\/uploads\\\/2026\\\/01\\\/toque-pimienta-negra-grano.jpg\",\"contentUrl\":\"https:\\\/\\\/iberoo.com\\\/wp-content\\\/uploads\\\/2026\\\/01\\\/toque-pimienta-negra-grano.jpg\",\"width\":1200,\"height\":1200,\"caption\":\"Pimienta Negra en Grano Toque\"},{\"@type\":\"BreadcrumbList\",\"@id\":\"https:\\\/\\\/iberoo.com\\\/producto\\\/pimienta-negra-en-grano-toque\\\/#breadcrumb\",\"itemListElement\":[{\"@type\":\"ListItem\",\"position\":1,\"name\":\"Portada\",\"item\":\"https:\\\/\\\/iberoo.com\\\/\"},{\"@type\":\"ListItem\",\"position\":2,\"name\":\"Tienda Online\",\"item\":\"https:\\\/\\\/iberoo.com\\\/tienda\\\/\"},{\"@type\":\"ListItem\",\"position\":3,\"name\":\"Pimienta Negra en Grano Toque\"}]},{\"@type\":\"WebSite\",\"@id\":\"https:\\\/\\\/iberoo.com\\\/#website\",\"url\":\"https:\\\/\\\/iberoo.com\\\/\",\"name\":\"Iberoo\",\"description\":\"\",\"publisher\":{\"@id\":\"https:\\\/\\\/iberoo.com\\\/#organization\"},\"potentialAction\":[{\"@type\":\"SearchAction\",\"target\":{\"@type\":\"EntryPoint\",\"urlTemplate\":\"https:\\\/\\\/iberoo.com\\\/?s={search_term_string}\"},\"query-input\":{\"@type\":\"PropertyValueSpecification\",\"valueRequired\":true,\"valueName\":\"search_term_string\"}}],\"inLanguage\":\"fr-FR\"},{\"@type\":\"Organization\",\"@id\":\"https:\\\/\\\/iberoo.com\\\/#organization\",\"name\":\"Iberoo\",\"url\":\"https:\\\/\\\/iberoo.com\\\/\",\"logo\":{\"@type\":\"ImageObject\",\"inLanguage\":\"fr-FR\",\"@id\":\"https:\\\/\\\/iberoo.com\\\/#\\\/schema\\\/logo\\\/image\\\/\",\"url\":\"https:\\\/\\\/iberoo.com\\\/wp-content\\\/uploads\\\/2025\\\/11\\\/logo-cuadrado.jpg\",\"contentUrl\":\"https:\\\/\\\/iberoo.com\\\/wp-content\\\/uploads\\\/2025\\\/11\\\/logo-cuadrado.jpg\",\"width\":700,\"height\":700,\"caption\":\"Iberoo\"},\"image\":{\"@id\":\"https:\\\/\\\/iberoo.com\\\/#\\\/schema\\\/logo\\\/image\\\/\"}}]}<\/script>\n<meta property=\"product:brand\" content=\"Toque\" \/>\n<meta property=\"product:price:amount\" content=\"4.10\" \/>\n<meta property=\"product:price:currency\" content=\"EUR\" \/>\n<meta property=\"og:availability\" content=\"instock\" \/>\n<meta property=\"product:availability\" content=\"instock\" \/>\n<meta property=\"product:condition\" content=\"new\" \/>\n<!-- \/ Yoast SEO plugin. -->","yoast_head_json":{"title":"Grains de poivre noir Toque - Iberoo","description":"Les grains de poivre noir de la marque Toque sont une \u00e9pice con\u00e7ue pour ceux qui appr\u00e9cient la saveur authentique et une ma\u00eetrise totale en cuisine.","robots":{"index":"index","follow":"follow","max-snippet":"max-snippet:-1","max-image-preview":"max-image-preview:large","max-video-preview":"max-video-preview:-1"},"canonical":"https:\/\/iberoo.com\/fr\/produit\/grains-de-poivre-noir-toque\/","og_locale":"fr_FR","og_type":"article","og_title":"Pimienta Negra en Grano Toque - Iberoo","og_description":"La pimienta negra en grano de la marca Toque es una especia pensada para quienes valoran el sabor aut\u00e9ntico y el control total en la cocina.","og_url":"https:\/\/iberoo.com\/fr\/produit\/grains-de-poivre-noir-toque\/","og_site_name":"Iberoo","article_modified_time":"2026-01-07T05:23:36+00:00","og_image":[{"width":1200,"height":1200,"url":"https:\/\/iberoo.com\/wp-content\/uploads\/2026\/01\/toque-pimienta-negra-grano.jpg","type":"image\/jpeg"}],"twitter_card":"summary_large_image","twitter_misc":{"Prix":"4,10&nbsp;&euro;","Disponibilit\u00e9":"En stock"},"schema":{"@context":"https:\/\/schema.org","@graph":[{"@type":"WebPage","@id":"https:\/\/iberoo.com\/producto\/pimienta-negra-en-grano-toque\/","url":"https:\/\/iberoo.com\/producto\/pimienta-negra-en-grano-toque\/","name":"Grains de poivre noir Toque - Iberoo","isPartOf":{"@id":"https:\/\/iberoo.com\/#website"},"primaryImageOfPage":{"@id":"https:\/\/iberoo.com\/producto\/pimienta-negra-en-grano-toque\/#primaryimage"},"image":{"@id":"https:\/\/iberoo.com\/producto\/pimienta-negra-en-grano-toque\/#primaryimage"},"thumbnailUrl":"https:\/\/iberoo.com\/wp-content\/uploads\/2026\/01\/toque-pimienta-negra-grano.jpg","datePublished":"2026-01-02T20:27:44+00:00","dateModified":"2026-01-07T05:23:36+00:00","description":"Les grains de poivre noir de la marque Toque sont une \u00e9pice con\u00e7ue pour ceux qui appr\u00e9cient la saveur authentique et une ma\u00eetrise totale en cuisine.","breadcrumb":{"@id":"https:\/\/iberoo.com\/producto\/pimienta-negra-en-grano-toque\/#breadcrumb"},"inLanguage":"fr-FR","potentialAction":[{"@type":"ReadAction","target":["https:\/\/iberoo.com\/producto\/pimienta-negra-en-grano-toque\/"]}]},{"@type":"ImageObject","inLanguage":"fr-FR","@id":"https:\/\/iberoo.com\/producto\/pimienta-negra-en-grano-toque\/#primaryimage","url":"https:\/\/iberoo.com\/wp-content\/uploads\/2026\/01\/toque-pimienta-negra-grano.jpg","contentUrl":"https:\/\/iberoo.com\/wp-content\/uploads\/2026\/01\/toque-pimienta-negra-grano.jpg","width":1200,"height":1200,"caption":"Pimienta Negra en Grano Toque"},{"@type":"BreadcrumbList","@id":"https:\/\/iberoo.com\/producto\/pimienta-negra-en-grano-toque\/#breadcrumb","itemListElement":[{"@type":"ListItem","position":1,"name":"Portada","item":"https:\/\/iberoo.com\/"},{"@type":"ListItem","position":2,"name":"Tienda Online","item":"https:\/\/iberoo.com\/tienda\/"},{"@type":"ListItem","position":3,"name":"Pimienta Negra en Grano Toque"}]},{"@type":"WebSite","@id":"https:\/\/iberoo.com\/#website","url":"https:\/\/iberoo.com\/","name":"Iberoo","description":"","publisher":{"@id":"https:\/\/iberoo.com\/#organization"},"potentialAction":[{"@type":"SearchAction","target":{"@type":"EntryPoint","urlTemplate":"https:\/\/iberoo.com\/?s={search_term_string}"},"query-input":{"@type":"PropertyValueSpecification","valueRequired":true,"valueName":"search_term_string"}}],"inLanguage":"fr-FR"},{"@type":"Organization","@id":"https:\/\/iberoo.com\/#organization","name":"Iberoo","url":"https:\/\/iberoo.com\/","logo":{"@type":"ImageObject","inLanguage":"fr-FR","@id":"https:\/\/iberoo.com\/#\/schema\/logo\/image\/","url":"https:\/\/iberoo.com\/wp-content\/uploads\/2025\/11\/logo-cuadrado.jpg","contentUrl":"https:\/\/iberoo.com\/wp-content\/uploads\/2025\/11\/logo-cuadrado.jpg","width":700,"height":700,"caption":"Iberoo"},"image":{"@id":"https:\/\/iberoo.com\/#\/schema\/logo\/image\/"}}]},"product_brand":"Toque","product_price_amount":"4.10","product_price_currency":"EUR","og_availability":"instock","product_availability":"instock","product_condition":"new"},"_links":{"self":[{"href":"https:\/\/iberoo.com\/fr\/wp-json\/wp\/v2\/product\/2270","targetHints":{"allow":["GET"]}}],"collection":[{"href":"https:\/\/iberoo.com\/fr\/wp-json\/wp\/v2\/product"}],"about":[{"href":"https:\/\/iberoo.com\/fr\/wp-json\/wp\/v2\/types\/product"}],"replies":[{"embeddable":true,"href":"https:\/\/iberoo.com\/fr\/wp-json\/wp\/v2\/comments?post=2270"}],"wp:featuredmedia":[{"embeddable":true,"href":"https:\/\/iberoo.com\/fr\/wp-json\/wp\/v2\/media\/2271"}],"wp:attachment":[{"href":"https:\/\/iberoo.com\/fr\/wp-json\/wp\/v2\/media?parent=2270"}],"wp:term":[{"taxonomy":"product_brand","embeddable":true,"href":"https:\/\/iberoo.com\/fr\/wp-json\/wp\/v2\/product_brand?post=2270"},{"taxonomy":"product_cat","embeddable":true,"href":"https:\/\/iberoo.com\/fr\/wp-json\/wp\/v2\/product_cat?post=2270"},{"taxonomy":"product_tag","embeddable":true,"href":"https:\/\/iberoo.com\/fr\/wp-json\/wp\/v2\/product_tag?post=2270"}],"curies":[{"name":"wp","href":"https:\/\/api.w.org\/{rel}","templated":true}]}}