{"id":2290,"date":"2026-01-03T01:56:28","date_gmt":"2026-01-03T00:56:28","guid":{"rendered":"https:\/\/iberoo.com\/?post_type=product&#038;p=2290"},"modified":"2026-01-03T01:56:28","modified_gmt":"2026-01-03T00:56:28","slug":"cacao-pur-valor","status":"publish","type":"product","link":"https:\/\/iberoo.com\/fr\/produit\/cacao-pur-valor\/","title":{"rendered":"Cacao pur Valor"},"content":{"rendered":"<p>Disponible en deux vari\u00e9t\u00e9s \u2014 cacao pur naturel et cacao pur d\u00e9graiss\u00e9 \u2014, le cacao pur Valor offre deux fa\u00e7ons diff\u00e9rentes de savourer une m\u00eame origine, s'adaptant ainsi aux go\u00fbts personnels et aux diff\u00e9rentes utilisations en cuisine.<\/p>\n<p>Le cacao pur et naturel conserve toute la richesse du beurre de cacao, offrant une saveur intense et harmonieuse ainsi qu'une texture onctueuse. C'est le choix id\u00e9al pour les amateurs de boissons cacaot\u00e9es cors\u00e9es, ainsi que pour les recettes de p\u00e2tisserie traditionnelles exigeant une saveur profonde et une exp\u00e9rience plus compl\u00e8te. Le cacao pur d\u00e9graiss\u00e9, quant \u00e0 lui, r\u00e9duit sa teneur en mati\u00e8res grasses, pr\u00e9servant l'ar\u00f4me et la saveur caract\u00e9ristiques du cacao, mais avec un profil plus l\u00e9ger. Cette vari\u00e9t\u00e9 est particuli\u00e8rement appr\u00e9ci\u00e9e dans les recettes plus \u00e9quilibr\u00e9es, les smoothies, les yaourts ou les pr\u00e9parations o\u00f9 l'intensit\u00e9 doit \u00eatre ma\u00eetris\u00e9e sans compromettre la saveur.<\/p>\n<p>Les deux formats partagent la m\u00eame philosophie\u00a0: offrir du cacao 100\u00a0% pur, sans additifs superflus, avec une saveur authentique et reconnaissable. Le pot de 250\u00a0g est pratique et facile \u00e0 conserver, prot\u00e9geant le produit de l\u2019humidit\u00e9 et permettant une utilisation quotidienne ais\u00e9e. De plus, son dosage simple facilite son int\u00e9gration dans les recettes sucr\u00e9es comme dans les pr\u00e9parations plus cr\u00e9atives, telles que les sauces, les cr\u00e8mes ou les desserts maison.<\/p>\n<p>Le cacao pur Valor est un ingr\u00e9dient polyvalent qui s'accorde aussi bien avec la cuisine traditionnelle qu'avec de nouvelles fa\u00e7ons de savourer le cacao, offrant qualit\u00e9, tradition et une exp\u00e9rience authentique \u00e0 chaque cuiller\u00e9e.<\/p>","protected":false},"excerpt":{"rendered":"<p>Le cacao pur Valor en pot de 250 g est con\u00e7u pour ceux qui recherchent un ingr\u00e9dient authentique, sans artifice, et qui offre tout le caract\u00e8re du cacao \u00e0 l'\u00e9tat pur.<\/p>","protected":false},"featured_media":2291,"comment_status":"closed","ping_status":"closed","template":"","meta":[],"product_brand":[208],"product_cat":[205,139],"product_tag":[],"class_list":{"0":"post-2290","1":"product","2":"type-product","3":"status-publish","4":"has-post-thumbnail","6":"product_brand-valor","7":"product_cat-cafe-y-cacao","8":"product_cat-dulces-y-desayuno","10":"first","11":"instock","12":"shipping-taxable","13":"purchasable","14":"product-type-variable"},"yoast_head":"<!-- This site is optimized with the Yoast SEO plugin v27.3 - https:\/\/yoast.com\/product\/yoast-seo-wordpress\/ -->\n<title>Cacao Puro Valor - Iberoo<\/title>\n<meta name=\"description\" content=\"El cacao puro Valor est\u00e1 pensado para quienes buscan un ingrediente aut\u00e9ntico, sin artificios, y con todo el car\u00e1cter del cacao.\" \/>\n<meta name=\"robots\" content=\"index, follow, max-snippet:-1, max-image-preview:large, max-video-preview:-1\" \/>\n<link rel=\"canonical\" href=\"https:\/\/iberoo.com\/fr\/produit\/cacao-pur-valor\/\" \/>\n<meta property=\"og:locale\" content=\"fr_FR\" \/>\n<meta property=\"og:type\" content=\"article\" \/>\n<meta property=\"og:title\" content=\"Cacao Puro Valor - Iberoo\" \/>\n<meta property=\"og:description\" content=\"El cacao puro Valor est\u00e1 pensado para quienes buscan un ingrediente aut\u00e9ntico, sin artificios, y con todo el car\u00e1cter del cacao.\" \/>\n<meta property=\"og:url\" content=\"https:\/\/iberoo.com\/fr\/produit\/cacao-pur-valor\/\" \/>\n<meta property=\"og:site_name\" content=\"Iberoo\" \/>\n<meta property=\"og:image\" content=\"https:\/\/iberoo.com\/wp-content\/uploads\/2026\/01\/valor-cacao.jpg\" \/>\n\t<meta property=\"og:image:width\" content=\"800\" \/>\n\t<meta property=\"og:image:height\" content=\"800\" \/>\n\t<meta property=\"og:image:type\" content=\"image\/jpeg\" \/>\n<meta name=\"twitter:card\" content=\"summary_large_image\" \/>\n<meta name=\"twitter:label1\" content=\"Disponibilit\u00e9\" \/>\n\t<meta name=\"twitter:data1\" content=\"En stock\" \/>\n<script type=\"application\/ld+json\" class=\"yoast-schema-graph\">{\"@context\":\"https:\\\/\\\/schema.org\",\"@graph\":[{\"@type\":\"WebPage\",\"@id\":\"https:\\\/\\\/iberoo.com\\\/producto\\\/cacao-puro-valor\\\/\",\"url\":\"https:\\\/\\\/iberoo.com\\\/producto\\\/cacao-puro-valor\\\/\",\"name\":\"Cacao Puro Valor - Iberoo\",\"isPartOf\":{\"@id\":\"https:\\\/\\\/iberoo.com\\\/#website\"},\"primaryImageOfPage\":{\"@id\":\"https:\\\/\\\/iberoo.com\\\/producto\\\/cacao-puro-valor\\\/#primaryimage\"},\"image\":{\"@id\":\"https:\\\/\\\/iberoo.com\\\/producto\\\/cacao-puro-valor\\\/#primaryimage\"},\"thumbnailUrl\":\"https:\\\/\\\/iberoo.com\\\/wp-content\\\/uploads\\\/2026\\\/01\\\/valor-cacao.jpg\",\"datePublished\":\"2026-01-03T00:56:28+00:00\",\"description\":\"El cacao puro Valor est\u00e1 pensado para quienes buscan un ingrediente aut\u00e9ntico, sin artificios, y con todo el car\u00e1cter del cacao.\",\"breadcrumb\":{\"@id\":\"https:\\\/\\\/iberoo.com\\\/producto\\\/cacao-puro-valor\\\/#breadcrumb\"},\"inLanguage\":\"fr-FR\",\"potentialAction\":[{\"@type\":\"ReadAction\",\"target\":[\"https:\\\/\\\/iberoo.com\\\/producto\\\/cacao-puro-valor\\\/\"]}]},{\"@type\":\"ImageObject\",\"inLanguage\":\"fr-FR\",\"@id\":\"https:\\\/\\\/iberoo.com\\\/producto\\\/cacao-puro-valor\\\/#primaryimage\",\"url\":\"https:\\\/\\\/iberoo.com\\\/wp-content\\\/uploads\\\/2026\\\/01\\\/valor-cacao.jpg\",\"contentUrl\":\"https:\\\/\\\/iberoo.com\\\/wp-content\\\/uploads\\\/2026\\\/01\\\/valor-cacao.jpg\",\"width\":800,\"height\":800,\"caption\":\"Cacao Valor\"},{\"@type\":\"BreadcrumbList\",\"@id\":\"https:\\\/\\\/iberoo.com\\\/producto\\\/cacao-puro-valor\\\/#breadcrumb\",\"itemListElement\":[{\"@type\":\"ListItem\",\"position\":1,\"name\":\"Portada\",\"item\":\"https:\\\/\\\/iberoo.com\\\/\"},{\"@type\":\"ListItem\",\"position\":2,\"name\":\"Tienda Online\",\"item\":\"https:\\\/\\\/iberoo.com\\\/tienda\\\/\"},{\"@type\":\"ListItem\",\"position\":3,\"name\":\"Cacao Puro Valor\"}]},{\"@type\":\"WebSite\",\"@id\":\"https:\\\/\\\/iberoo.com\\\/#website\",\"url\":\"https:\\\/\\\/iberoo.com\\\/\",\"name\":\"Iberoo\",\"description\":\"\",\"publisher\":{\"@id\":\"https:\\\/\\\/iberoo.com\\\/#organization\"},\"potentialAction\":[{\"@type\":\"SearchAction\",\"target\":{\"@type\":\"EntryPoint\",\"urlTemplate\":\"https:\\\/\\\/iberoo.com\\\/?s={search_term_string}\"},\"query-input\":{\"@type\":\"PropertyValueSpecification\",\"valueRequired\":true,\"valueName\":\"search_term_string\"}}],\"inLanguage\":\"fr-FR\"},{\"@type\":\"Organization\",\"@id\":\"https:\\\/\\\/iberoo.com\\\/#organization\",\"name\":\"Iberoo\",\"url\":\"https:\\\/\\\/iberoo.com\\\/\",\"logo\":{\"@type\":\"ImageObject\",\"inLanguage\":\"fr-FR\",\"@id\":\"https:\\\/\\\/iberoo.com\\\/#\\\/schema\\\/logo\\\/image\\\/\",\"url\":\"https:\\\/\\\/iberoo.com\\\/wp-content\\\/uploads\\\/2025\\\/11\\\/logo-cuadrado.jpg\",\"contentUrl\":\"https:\\\/\\\/iberoo.com\\\/wp-content\\\/uploads\\\/2025\\\/11\\\/logo-cuadrado.jpg\",\"width\":700,\"height\":700,\"caption\":\"Iberoo\"},\"image\":{\"@id\":\"https:\\\/\\\/iberoo.com\\\/#\\\/schema\\\/logo\\\/image\\\/\"}}]}<\/script>\n<meta property=\"product:brand\" content=\"Valor\" \/>\n<meta property=\"og:availability\" content=\"instock\" \/>\n<meta property=\"product:availability\" content=\"instock\" \/>\n<meta property=\"product:condition\" content=\"new\" \/>\n<!-- \/ Yoast SEO plugin. -->","yoast_head_json":{"title":"Cacao pur Valor - Iberoo","description":"Le cacao pur Valor est con\u00e7u pour ceux qui recherchent un ingr\u00e9dient authentique, sans artifice, et avec tout le caract\u00e8re du cacao.","robots":{"index":"index","follow":"follow","max-snippet":"max-snippet:-1","max-image-preview":"max-image-preview:large","max-video-preview":"max-video-preview:-1"},"canonical":"https:\/\/iberoo.com\/fr\/produit\/cacao-pur-valor\/","og_locale":"fr_FR","og_type":"article","og_title":"Cacao Puro Valor - Iberoo","og_description":"El cacao puro Valor est\u00e1 pensado para quienes buscan un ingrediente aut\u00e9ntico, sin artificios, y con todo el car\u00e1cter del cacao.","og_url":"https:\/\/iberoo.com\/fr\/produit\/cacao-pur-valor\/","og_site_name":"Iberoo","og_image":[{"width":800,"height":800,"url":"https:\/\/iberoo.com\/wp-content\/uploads\/2026\/01\/valor-cacao.jpg","type":"image\/jpeg"}],"twitter_card":"summary_large_image","twitter_misc":{"Disponibilit\u00e9":"En stock"},"schema":{"@context":"https:\/\/schema.org","@graph":[{"@type":"WebPage","@id":"https:\/\/iberoo.com\/producto\/cacao-puro-valor\/","url":"https:\/\/iberoo.com\/producto\/cacao-puro-valor\/","name":"Cacao pur Valor - Iberoo","isPartOf":{"@id":"https:\/\/iberoo.com\/#website"},"primaryImageOfPage":{"@id":"https:\/\/iberoo.com\/producto\/cacao-puro-valor\/#primaryimage"},"image":{"@id":"https:\/\/iberoo.com\/producto\/cacao-puro-valor\/#primaryimage"},"thumbnailUrl":"https:\/\/iberoo.com\/wp-content\/uploads\/2026\/01\/valor-cacao.jpg","datePublished":"2026-01-03T00:56:28+00:00","description":"Le cacao pur Valor est con\u00e7u pour ceux qui recherchent un ingr\u00e9dient authentique, sans artifice, et avec tout le caract\u00e8re du cacao.","breadcrumb":{"@id":"https:\/\/iberoo.com\/producto\/cacao-puro-valor\/#breadcrumb"},"inLanguage":"fr-FR","potentialAction":[{"@type":"ReadAction","target":["https:\/\/iberoo.com\/producto\/cacao-puro-valor\/"]}]},{"@type":"ImageObject","inLanguage":"fr-FR","@id":"https:\/\/iberoo.com\/producto\/cacao-puro-valor\/#primaryimage","url":"https:\/\/iberoo.com\/wp-content\/uploads\/2026\/01\/valor-cacao.jpg","contentUrl":"https:\/\/iberoo.com\/wp-content\/uploads\/2026\/01\/valor-cacao.jpg","width":800,"height":800,"caption":"Cacao Valor"},{"@type":"BreadcrumbList","@id":"https:\/\/iberoo.com\/producto\/cacao-puro-valor\/#breadcrumb","itemListElement":[{"@type":"ListItem","position":1,"name":"Portada","item":"https:\/\/iberoo.com\/"},{"@type":"ListItem","position":2,"name":"Tienda Online","item":"https:\/\/iberoo.com\/tienda\/"},{"@type":"ListItem","position":3,"name":"Cacao Puro Valor"}]},{"@type":"WebSite","@id":"https:\/\/iberoo.com\/#website","url":"https:\/\/iberoo.com\/","name":"Iberoo","description":"","publisher":{"@id":"https:\/\/iberoo.com\/#organization"},"potentialAction":[{"@type":"SearchAction","target":{"@type":"EntryPoint","urlTemplate":"https:\/\/iberoo.com\/?s={search_term_string}"},"query-input":{"@type":"PropertyValueSpecification","valueRequired":true,"valueName":"search_term_string"}}],"inLanguage":"fr-FR"},{"@type":"Organization","@id":"https:\/\/iberoo.com\/#organization","name":"Iberoo","url":"https:\/\/iberoo.com\/","logo":{"@type":"ImageObject","inLanguage":"fr-FR","@id":"https:\/\/iberoo.com\/#\/schema\/logo\/image\/","url":"https:\/\/iberoo.com\/wp-content\/uploads\/2025\/11\/logo-cuadrado.jpg","contentUrl":"https:\/\/iberoo.com\/wp-content\/uploads\/2025\/11\/logo-cuadrado.jpg","width":700,"height":700,"caption":"Iberoo"},"image":{"@id":"https:\/\/iberoo.com\/#\/schema\/logo\/image\/"}}]},"product_brand":"Valor","og_availability":"instock","product_availability":"instock","product_condition":"new"},"_links":{"self":[{"href":"https:\/\/iberoo.com\/fr\/wp-json\/wp\/v2\/product\/2290","targetHints":{"allow":["GET"]}}],"collection":[{"href":"https:\/\/iberoo.com\/fr\/wp-json\/wp\/v2\/product"}],"about":[{"href":"https:\/\/iberoo.com\/fr\/wp-json\/wp\/v2\/types\/product"}],"replies":[{"embeddable":true,"href":"https:\/\/iberoo.com\/fr\/wp-json\/wp\/v2\/comments?post=2290"}],"wp:featuredmedia":[{"embeddable":true,"href":"https:\/\/iberoo.com\/fr\/wp-json\/wp\/v2\/media\/2291"}],"wp:attachment":[{"href":"https:\/\/iberoo.com\/fr\/wp-json\/wp\/v2\/media?parent=2290"}],"wp:term":[{"taxonomy":"product_brand","embeddable":true,"href":"https:\/\/iberoo.com\/fr\/wp-json\/wp\/v2\/product_brand?post=2290"},{"taxonomy":"product_cat","embeddable":true,"href":"https:\/\/iberoo.com\/fr\/wp-json\/wp\/v2\/product_cat?post=2290"},{"taxonomy":"product_tag","embeddable":true,"href":"https:\/\/iberoo.com\/fr\/wp-json\/wp\/v2\/product_tag?post=2290"}],"curies":[{"name":"wp","href":"https:\/\/api.w.org\/{rel}","templated":true}]}}