{"id":2318,"date":"2026-01-04T13:34:06","date_gmt":"2026-01-04T12:34:06","guid":{"rendered":"https:\/\/iberoo.com\/?post_type=product&#038;p=2318"},"modified":"2026-01-04T13:48:52","modified_gmt":"2026-01-04T12:48:52","slug":"cafe-moulu-bonka","status":"publish","type":"product","link":"https:\/\/iberoo.com\/fr\/produit\/cafe-moulu-bonka\/","title":{"rendered":"Caf\u00e9 moulu Bonka"},"content":{"rendered":"<p>\u00c9labor\u00e9 \u00e0 partir d'une s\u00e9lection rigoureuse de grains, le caf\u00e9 moulu Bonka offre une exp\u00e9rience aromatique agr\u00e9able d\u00e8s la premi\u00e8re bouff\u00e9e, que ce soit au petit-d\u00e9jeuner, apr\u00e8s un repas ou lors d'une pause tranquille.<\/p>\n<p>Ce caf\u00e9 moulu naturellement se distingue par son profil \u00e9quilibr\u00e9 et harmonieux, son ar\u00f4me intense et sa saveur douce et non am\u00e8re. Id\u00e9al pour les cafeti\u00e8res traditionnelles, les cafeti\u00e8res \u00e0 filtre ou les cafeti\u00e8res \u00e0 percolation, il s'adapte \u00e0 diff\u00e9rentes m\u00e9thodes d'infusion sans rien perdre de son caract\u00e8re. Sa mouture est con\u00e7ue pour une extraction \u00e9quilibr\u00e9e, vous permettant de savourer une tasse pure et savoureuse \u00e0 chaque fois.<\/p>\n<p>Par ailleurs, le caf\u00e9 moulu d\u00e9caf\u00e9in\u00e9 Bonka conserve la saveur et l'ar\u00f4me caract\u00e9ristiques du caf\u00e9, tout en r\u00e9duisant sa teneur en caf\u00e9ine. C'est donc une alternative id\u00e9ale pour ceux qui souhaitent savourer plusieurs tasses par jour ou prendre un caf\u00e9 l'apr\u00e8s-midi ou le soir sans h\u00e9siter. Cette vari\u00e9t\u00e9 pr\u00e9serve le corps et les notes torr\u00e9fi\u00e9es, prouvant ainsi que le d\u00e9caf\u00e9in\u00e9 peut lui aussi offrir une exp\u00e9rience compl\u00e8te.<\/p>\n<p>Le format 250 g est pratique et id\u00e9al pour conserver la fra\u00eecheur et les propri\u00e9t\u00e9s du caf\u00e9 plus longtemps. C'est un format adapt\u00e9 aussi bien \u00e0 la consommation individuelle qu'aux foyers o\u00f9 le caf\u00e9 est un incontournable du quotidien. Bonka propose ainsi un caf\u00e9 moulu accessible et fiable, con\u00e7u pour ceux qui recherchent la simplicit\u00e9, un ar\u00f4me exceptionnel et une exp\u00e9rience constante \u00e0 chaque tasse, sans complications ni ingr\u00e9dients artificiels.<\/p>","protected":false},"excerpt":{"rendered":"<p>Le caf\u00e9 moulu Bonka en paquet de 250 grammes est une option con\u00e7ue pour ceux qui appr\u00e9cient le caf\u00e9 dans leur routine quotidienne et qui recherchent une saveur constante, \u00e9quilibr\u00e9e et facile \u00e0 pr\u00e9parer.<\/p>","protected":false},"featured_media":2319,"comment_status":"closed","ping_status":"closed","template":"","meta":[],"product_brand":[210],"product_cat":[205,139],"product_tag":[],"class_list":{"0":"post-2318","1":"product","2":"type-product","3":"status-publish","4":"has-post-thumbnail","6":"product_brand-bonka","7":"product_cat-cafe-y-cacao","8":"product_cat-dulces-y-desayuno","10":"first","11":"instock","12":"shipping-taxable","13":"purchasable","14":"product-type-variable"},"yoast_head":"<!-- This site is optimized with the Yoast SEO plugin v27.3 - https:\/\/yoast.com\/product\/yoast-seo-wordpress\/ -->\n<title>Caf\u00e9 Molido Bonka - Iberoo<\/title>\n<meta name=\"description\" content=\"El caf\u00e9 molido Bonka es una opci\u00f3n pensada para quienes disfrutan del caf\u00e9 como parte de su rutina diaria y valoran un sabor constante y equilibrado.\" \/>\n<meta name=\"robots\" content=\"index, follow, max-snippet:-1, max-image-preview:large, max-video-preview:-1\" \/>\n<link rel=\"canonical\" href=\"https:\/\/iberoo.com\/fr\/produit\/cafe-moulu-bonka\/\" \/>\n<meta property=\"og:locale\" content=\"fr_FR\" \/>\n<meta property=\"og:type\" content=\"article\" \/>\n<meta property=\"og:title\" content=\"Caf\u00e9 Molido Bonka - Iberoo\" \/>\n<meta property=\"og:description\" content=\"El caf\u00e9 molido Bonka es una opci\u00f3n pensada para quienes disfrutan del caf\u00e9 como parte de su rutina diaria y valoran un sabor constante y equilibrado.\" \/>\n<meta property=\"og:url\" content=\"https:\/\/iberoo.com\/fr\/produit\/cafe-moulu-bonka\/\" \/>\n<meta property=\"og:site_name\" content=\"Iberoo\" \/>\n<meta property=\"article:modified_time\" content=\"2026-01-04T12:48:52+00:00\" \/>\n<meta property=\"og:image\" content=\"https:\/\/iberoo.com\/wp-content\/uploads\/2026\/01\/bonka-cafe-molido.jpg\" \/>\n\t<meta property=\"og:image:width\" content=\"800\" \/>\n\t<meta property=\"og:image:height\" content=\"800\" \/>\n\t<meta property=\"og:image:type\" content=\"image\/jpeg\" \/>\n<meta name=\"twitter:card\" content=\"summary_large_image\" \/>\n<meta name=\"twitter:label1\" content=\"Disponibilit\u00e9\" \/>\n\t<meta name=\"twitter:data1\" content=\"En stock\" \/>\n<script type=\"application\/ld+json\" class=\"yoast-schema-graph\">{\"@context\":\"https:\\\/\\\/schema.org\",\"@graph\":[{\"@type\":\"WebPage\",\"@id\":\"https:\\\/\\\/iberoo.com\\\/producto\\\/cafe-molido-bonka\\\/\",\"url\":\"https:\\\/\\\/iberoo.com\\\/producto\\\/cafe-molido-bonka\\\/\",\"name\":\"Caf\u00e9 Molido Bonka - Iberoo\",\"isPartOf\":{\"@id\":\"https:\\\/\\\/iberoo.com\\\/#website\"},\"primaryImageOfPage\":{\"@id\":\"https:\\\/\\\/iberoo.com\\\/producto\\\/cafe-molido-bonka\\\/#primaryimage\"},\"image\":{\"@id\":\"https:\\\/\\\/iberoo.com\\\/producto\\\/cafe-molido-bonka\\\/#primaryimage\"},\"thumbnailUrl\":\"https:\\\/\\\/iberoo.com\\\/wp-content\\\/uploads\\\/2026\\\/01\\\/bonka-cafe-molido.jpg\",\"datePublished\":\"2026-01-04T12:34:06+00:00\",\"dateModified\":\"2026-01-04T12:48:52+00:00\",\"description\":\"El caf\u00e9 molido Bonka es una opci\u00f3n pensada para quienes disfrutan del caf\u00e9 como parte de su rutina diaria y valoran un sabor constante y equilibrado.\",\"breadcrumb\":{\"@id\":\"https:\\\/\\\/iberoo.com\\\/producto\\\/cafe-molido-bonka\\\/#breadcrumb\"},\"inLanguage\":\"fr-FR\",\"potentialAction\":[{\"@type\":\"ReadAction\",\"target\":[\"https:\\\/\\\/iberoo.com\\\/producto\\\/cafe-molido-bonka\\\/\"]}]},{\"@type\":\"ImageObject\",\"inLanguage\":\"fr-FR\",\"@id\":\"https:\\\/\\\/iberoo.com\\\/producto\\\/cafe-molido-bonka\\\/#primaryimage\",\"url\":\"https:\\\/\\\/iberoo.com\\\/wp-content\\\/uploads\\\/2026\\\/01\\\/bonka-cafe-molido.jpg\",\"contentUrl\":\"https:\\\/\\\/iberoo.com\\\/wp-content\\\/uploads\\\/2026\\\/01\\\/bonka-cafe-molido.jpg\",\"width\":800,\"height\":800,\"caption\":\"Caf\u00e9 Molido Bonka\"},{\"@type\":\"BreadcrumbList\",\"@id\":\"https:\\\/\\\/iberoo.com\\\/producto\\\/cafe-molido-bonka\\\/#breadcrumb\",\"itemListElement\":[{\"@type\":\"ListItem\",\"position\":1,\"name\":\"Portada\",\"item\":\"https:\\\/\\\/iberoo.com\\\/\"},{\"@type\":\"ListItem\",\"position\":2,\"name\":\"Tienda Online\",\"item\":\"https:\\\/\\\/iberoo.com\\\/tienda\\\/\"},{\"@type\":\"ListItem\",\"position\":3,\"name\":\"Caf\u00e9 Molido Bonka\"}]},{\"@type\":\"WebSite\",\"@id\":\"https:\\\/\\\/iberoo.com\\\/#website\",\"url\":\"https:\\\/\\\/iberoo.com\\\/\",\"name\":\"Iberoo\",\"description\":\"\",\"publisher\":{\"@id\":\"https:\\\/\\\/iberoo.com\\\/#organization\"},\"potentialAction\":[{\"@type\":\"SearchAction\",\"target\":{\"@type\":\"EntryPoint\",\"urlTemplate\":\"https:\\\/\\\/iberoo.com\\\/?s={search_term_string}\"},\"query-input\":{\"@type\":\"PropertyValueSpecification\",\"valueRequired\":true,\"valueName\":\"search_term_string\"}}],\"inLanguage\":\"fr-FR\"},{\"@type\":\"Organization\",\"@id\":\"https:\\\/\\\/iberoo.com\\\/#organization\",\"name\":\"Iberoo\",\"url\":\"https:\\\/\\\/iberoo.com\\\/\",\"logo\":{\"@type\":\"ImageObject\",\"inLanguage\":\"fr-FR\",\"@id\":\"https:\\\/\\\/iberoo.com\\\/#\\\/schema\\\/logo\\\/image\\\/\",\"url\":\"https:\\\/\\\/iberoo.com\\\/wp-content\\\/uploads\\\/2025\\\/11\\\/logo-cuadrado.jpg\",\"contentUrl\":\"https:\\\/\\\/iberoo.com\\\/wp-content\\\/uploads\\\/2025\\\/11\\\/logo-cuadrado.jpg\",\"width\":700,\"height\":700,\"caption\":\"Iberoo\"},\"image\":{\"@id\":\"https:\\\/\\\/iberoo.com\\\/#\\\/schema\\\/logo\\\/image\\\/\"}}]}<\/script>\n<meta property=\"product:brand\" content=\"Bonka\" \/>\n<meta property=\"og:availability\" content=\"instock\" \/>\n<meta property=\"product:availability\" content=\"instock\" \/>\n<meta property=\"product:condition\" content=\"new\" \/>\n<!-- \/ Yoast SEO plugin. -->","yoast_head_json":{"title":"Caf\u00e9 moulu Bonka - Iberoo","description":"Le caf\u00e9 moulu Bonka est une option con\u00e7ue pour ceux qui appr\u00e9cient le caf\u00e9 dans le cadre de leur routine quotidienne et qui privil\u00e9gient une saveur constante et \u00e9quilibr\u00e9e.","robots":{"index":"index","follow":"follow","max-snippet":"max-snippet:-1","max-image-preview":"max-image-preview:large","max-video-preview":"max-video-preview:-1"},"canonical":"https:\/\/iberoo.com\/fr\/produit\/cafe-moulu-bonka\/","og_locale":"fr_FR","og_type":"article","og_title":"Caf\u00e9 Molido Bonka - Iberoo","og_description":"El caf\u00e9 molido Bonka es una opci\u00f3n pensada para quienes disfrutan del caf\u00e9 como parte de su rutina diaria y valoran un sabor constante y equilibrado.","og_url":"https:\/\/iberoo.com\/fr\/produit\/cafe-moulu-bonka\/","og_site_name":"Iberoo","article_modified_time":"2026-01-04T12:48:52+00:00","og_image":[{"width":800,"height":800,"url":"https:\/\/iberoo.com\/wp-content\/uploads\/2026\/01\/bonka-cafe-molido.jpg","type":"image\/jpeg"}],"twitter_card":"summary_large_image","twitter_misc":{"Disponibilit\u00e9":"En stock"},"schema":{"@context":"https:\/\/schema.org","@graph":[{"@type":"WebPage","@id":"https:\/\/iberoo.com\/producto\/cafe-molido-bonka\/","url":"https:\/\/iberoo.com\/producto\/cafe-molido-bonka\/","name":"Caf\u00e9 moulu Bonka - Iberoo","isPartOf":{"@id":"https:\/\/iberoo.com\/#website"},"primaryImageOfPage":{"@id":"https:\/\/iberoo.com\/producto\/cafe-molido-bonka\/#primaryimage"},"image":{"@id":"https:\/\/iberoo.com\/producto\/cafe-molido-bonka\/#primaryimage"},"thumbnailUrl":"https:\/\/iberoo.com\/wp-content\/uploads\/2026\/01\/bonka-cafe-molido.jpg","datePublished":"2026-01-04T12:34:06+00:00","dateModified":"2026-01-04T12:48:52+00:00","description":"Le caf\u00e9 moulu Bonka est une option con\u00e7ue pour ceux qui appr\u00e9cient le caf\u00e9 dans le cadre de leur routine quotidienne et qui privil\u00e9gient une saveur constante et \u00e9quilibr\u00e9e.","breadcrumb":{"@id":"https:\/\/iberoo.com\/producto\/cafe-molido-bonka\/#breadcrumb"},"inLanguage":"fr-FR","potentialAction":[{"@type":"ReadAction","target":["https:\/\/iberoo.com\/producto\/cafe-molido-bonka\/"]}]},{"@type":"ImageObject","inLanguage":"fr-FR","@id":"https:\/\/iberoo.com\/producto\/cafe-molido-bonka\/#primaryimage","url":"https:\/\/iberoo.com\/wp-content\/uploads\/2026\/01\/bonka-cafe-molido.jpg","contentUrl":"https:\/\/iberoo.com\/wp-content\/uploads\/2026\/01\/bonka-cafe-molido.jpg","width":800,"height":800,"caption":"Caf\u00e9 Molido Bonka"},{"@type":"BreadcrumbList","@id":"https:\/\/iberoo.com\/producto\/cafe-molido-bonka\/#breadcrumb","itemListElement":[{"@type":"ListItem","position":1,"name":"Portada","item":"https:\/\/iberoo.com\/"},{"@type":"ListItem","position":2,"name":"Tienda Online","item":"https:\/\/iberoo.com\/tienda\/"},{"@type":"ListItem","position":3,"name":"Caf\u00e9 Molido Bonka"}]},{"@type":"WebSite","@id":"https:\/\/iberoo.com\/#website","url":"https:\/\/iberoo.com\/","name":"Iberoo","description":"","publisher":{"@id":"https:\/\/iberoo.com\/#organization"},"potentialAction":[{"@type":"SearchAction","target":{"@type":"EntryPoint","urlTemplate":"https:\/\/iberoo.com\/?s={search_term_string}"},"query-input":{"@type":"PropertyValueSpecification","valueRequired":true,"valueName":"search_term_string"}}],"inLanguage":"fr-FR"},{"@type":"Organization","@id":"https:\/\/iberoo.com\/#organization","name":"Iberoo","url":"https:\/\/iberoo.com\/","logo":{"@type":"ImageObject","inLanguage":"fr-FR","@id":"https:\/\/iberoo.com\/#\/schema\/logo\/image\/","url":"https:\/\/iberoo.com\/wp-content\/uploads\/2025\/11\/logo-cuadrado.jpg","contentUrl":"https:\/\/iberoo.com\/wp-content\/uploads\/2025\/11\/logo-cuadrado.jpg","width":700,"height":700,"caption":"Iberoo"},"image":{"@id":"https:\/\/iberoo.com\/#\/schema\/logo\/image\/"}}]},"product_brand":"Bonka","og_availability":"instock","product_availability":"instock","product_condition":"new"},"_links":{"self":[{"href":"https:\/\/iberoo.com\/fr\/wp-json\/wp\/v2\/product\/2318","targetHints":{"allow":["GET"]}}],"collection":[{"href":"https:\/\/iberoo.com\/fr\/wp-json\/wp\/v2\/product"}],"about":[{"href":"https:\/\/iberoo.com\/fr\/wp-json\/wp\/v2\/types\/product"}],"replies":[{"embeddable":true,"href":"https:\/\/iberoo.com\/fr\/wp-json\/wp\/v2\/comments?post=2318"}],"wp:featuredmedia":[{"embeddable":true,"href":"https:\/\/iberoo.com\/fr\/wp-json\/wp\/v2\/media\/2319"}],"wp:attachment":[{"href":"https:\/\/iberoo.com\/fr\/wp-json\/wp\/v2\/media?parent=2318"}],"wp:term":[{"taxonomy":"product_brand","embeddable":true,"href":"https:\/\/iberoo.com\/fr\/wp-json\/wp\/v2\/product_brand?post=2318"},{"taxonomy":"product_cat","embeddable":true,"href":"https:\/\/iberoo.com\/fr\/wp-json\/wp\/v2\/product_cat?post=2318"},{"taxonomy":"product_tag","embeddable":true,"href":"https:\/\/iberoo.com\/fr\/wp-json\/wp\/v2\/product_tag?post=2318"}],"curies":[{"name":"wp","href":"https:\/\/api.w.org\/{rel}","templated":true}]}}