{"id":2325,"date":"2026-01-04T14:52:33","date_gmt":"2026-01-04T13:52:33","guid":{"rendered":"https:\/\/iberoo.com\/?post_type=product&#038;p=2325"},"modified":"2026-01-04T14:52:34","modified_gmt":"2026-01-04T13:52:34","slug":"cafe-instantane-nescafe","status":"publish","type":"product","link":"https:\/\/iberoo.com\/fr\/produit\/cafe-instantane-nescafe\/","title":{"rendered":"Caf\u00e9 instantan\u00e9 Nescaf\u00e9"},"content":{"rendered":"<p>Con\u00e7u pour s'adapter \u00e0 diff\u00e9rents go\u00fbts et habitudes, le caf\u00e9 instantan\u00e9 Nescaf\u00e9 se d\u00e9cline dans une gamme vari\u00e9e qui combine des options classiques avec des vari\u00e9t\u00e9s aromatis\u00e9es, le tout dans des formats pratiques et faciles \u00e0 conserver.<\/p>\n<p>Le caf\u00e9 instantan\u00e9 nature en bo\u00eete de 200 g offre un profil \u00e9quilibr\u00e9, avec un ar\u00f4me torr\u00e9fi\u00e9 et une saveur harmonieuse, aussi bien nature qu'avec du lait. Id\u00e9al au quotidien, il se dissout rapidement et permet d'ajuster l'intensit\u00e9 selon la quantit\u00e9 utilis\u00e9e. De m\u00eame, le caf\u00e9 instantan\u00e9 d\u00e9caf\u00e9in\u00e9 en bo\u00eete de 200 g conserve l'essence du caf\u00e9, mais avec une teneur r\u00e9duite en caf\u00e9ine. Il est con\u00e7u pour ceux qui souhaitent en profiter l'apr\u00e8s-midi ou le soir sans renoncer au plaisir d'une bonne tasse.<\/p>\n<p>Pour ceux qui recherchent une exp\u00e9rience diff\u00e9rente, Nescaf\u00e9 propose des vari\u00e9t\u00e9s aromatis\u00e9es qui apportent une touche d'originalit\u00e9. Le caf\u00e9 instantan\u00e9 au caramel, disponible en bo\u00eete de 95 g, allie le caract\u00e8re du caf\u00e9 \u00e0 des notes douces et onctueuses, id\u00e9al pour un moment de plaisir ou pour savourer un caf\u00e9 sans sucre ajout\u00e9. Le caf\u00e9 instantan\u00e9 \u00e0 la noisette, \u00e9galement en bo\u00eete de 95 g, se distingue par son ar\u00f4me riche et sa saveur chaleureuse, parfait pour ceux qui appr\u00e9cient les saveurs plus cr\u00e9meuses et les nuances plus uniques.<\/p>\n<p>Tous les formats sont con\u00e7us pour une utilisation facile et une conservation optimale, pr\u00e9servant ainsi l'ar\u00f4me et la qualit\u00e9 du produit. Le caf\u00e9 instantan\u00e9 Nescaf\u00e9 s'adapte ainsi \u00e0 tous les modes de vie, offrant une gamme compl\u00e8te allant de la tasse classique aux options plus cr\u00e9atives, en toute simplicit\u00e9 et avec la fiabilit\u00e9 d'une marque reconnue.<\/p>","protected":false},"excerpt":{"rendered":"<p>Le caf\u00e9 instantan\u00e9 Nescaf\u00e9 est une alternative pratique pour ceux qui souhaitent savourer une tasse de caf\u00e9 sans attendre et avec une saveur reconnaissable \u00e0 tout moment de la journ\u00e9e.<\/p>","protected":false},"featured_media":2326,"comment_status":"closed","ping_status":"closed","template":"","meta":[],"product_brand":[211],"product_cat":[205,139],"product_tag":[],"class_list":{"0":"post-2325","1":"product","2":"type-product","3":"status-publish","4":"has-post-thumbnail","6":"product_brand-nescafe","7":"product_cat-cafe-y-cacao","8":"product_cat-dulces-y-desayuno","10":"first","11":"instock","12":"shipping-taxable","13":"purchasable","14":"product-type-variable"},"yoast_head":"<!-- This site is optimized with the Yoast SEO plugin v27.3 - https:\/\/yoast.com\/product\/yoast-seo-wordpress\/ -->\n<title>Caf\u00e9 Soluble Nescaf\u00e9 - Iberoo<\/title>\n<meta name=\"description\" content=\"Nescaf\u00e9 es una alternativa pr\u00e1ctica para quienes quieren disfrutar de una taza de caf\u00e9 sin esperas y con un sabor reconocible en cualquier momento del d\u00eda.\" \/>\n<meta name=\"robots\" content=\"index, follow, max-snippet:-1, max-image-preview:large, max-video-preview:-1\" \/>\n<link rel=\"canonical\" href=\"https:\/\/iberoo.com\/fr\/produit\/cafe-instantane-nescafe\/\" \/>\n<meta property=\"og:locale\" content=\"fr_FR\" \/>\n<meta property=\"og:type\" content=\"article\" \/>\n<meta property=\"og:title\" content=\"Caf\u00e9 Soluble Nescaf\u00e9 - Iberoo\" \/>\n<meta property=\"og:description\" content=\"Nescaf\u00e9 es una alternativa pr\u00e1ctica para quienes quieren disfrutar de una taza de caf\u00e9 sin esperas y con un sabor reconocible en cualquier momento del d\u00eda.\" \/>\n<meta property=\"og:url\" content=\"https:\/\/iberoo.com\/fr\/produit\/cafe-instantane-nescafe\/\" \/>\n<meta property=\"og:site_name\" content=\"Iberoo\" \/>\n<meta property=\"article:modified_time\" content=\"2026-01-04T13:52:34+00:00\" \/>\n<meta property=\"og:image\" content=\"https:\/\/iberoo.com\/wp-content\/uploads\/2026\/01\/nescafe.jpg\" \/>\n\t<meta property=\"og:image:width\" content=\"800\" \/>\n\t<meta property=\"og:image:height\" content=\"800\" \/>\n\t<meta property=\"og:image:type\" content=\"image\/jpeg\" \/>\n<meta name=\"twitter:card\" content=\"summary_large_image\" \/>\n<meta name=\"twitter:label1\" content=\"Disponibilit\u00e9\" \/>\n\t<meta name=\"twitter:data1\" content=\"En stock\" \/>\n<script type=\"application\/ld+json\" class=\"yoast-schema-graph\">{\"@context\":\"https:\\\/\\\/schema.org\",\"@graph\":[{\"@type\":\"WebPage\",\"@id\":\"https:\\\/\\\/iberoo.com\\\/producto\\\/cafe-soluble-nescafe\\\/\",\"url\":\"https:\\\/\\\/iberoo.com\\\/producto\\\/cafe-soluble-nescafe\\\/\",\"name\":\"Caf\u00e9 Soluble Nescaf\u00e9 - Iberoo\",\"isPartOf\":{\"@id\":\"https:\\\/\\\/iberoo.com\\\/#website\"},\"primaryImageOfPage\":{\"@id\":\"https:\\\/\\\/iberoo.com\\\/producto\\\/cafe-soluble-nescafe\\\/#primaryimage\"},\"image\":{\"@id\":\"https:\\\/\\\/iberoo.com\\\/producto\\\/cafe-soluble-nescafe\\\/#primaryimage\"},\"thumbnailUrl\":\"https:\\\/\\\/iberoo.com\\\/wp-content\\\/uploads\\\/2026\\\/01\\\/nescafe.jpg\",\"datePublished\":\"2026-01-04T13:52:33+00:00\",\"dateModified\":\"2026-01-04T13:52:34+00:00\",\"description\":\"Nescaf\u00e9 es una alternativa pr\u00e1ctica para quienes quieren disfrutar de una taza de caf\u00e9 sin esperas y con un sabor reconocible en cualquier momento del d\u00eda.\",\"breadcrumb\":{\"@id\":\"https:\\\/\\\/iberoo.com\\\/producto\\\/cafe-soluble-nescafe\\\/#breadcrumb\"},\"inLanguage\":\"fr-FR\",\"potentialAction\":[{\"@type\":\"ReadAction\",\"target\":[\"https:\\\/\\\/iberoo.com\\\/producto\\\/cafe-soluble-nescafe\\\/\"]}]},{\"@type\":\"ImageObject\",\"inLanguage\":\"fr-FR\",\"@id\":\"https:\\\/\\\/iberoo.com\\\/producto\\\/cafe-soluble-nescafe\\\/#primaryimage\",\"url\":\"https:\\\/\\\/iberoo.com\\\/wp-content\\\/uploads\\\/2026\\\/01\\\/nescafe.jpg\",\"contentUrl\":\"https:\\\/\\\/iberoo.com\\\/wp-content\\\/uploads\\\/2026\\\/01\\\/nescafe.jpg\",\"width\":800,\"height\":800,\"caption\":\"Caf\u00e9 Soluble Nescaf\u00e9\"},{\"@type\":\"BreadcrumbList\",\"@id\":\"https:\\\/\\\/iberoo.com\\\/producto\\\/cafe-soluble-nescafe\\\/#breadcrumb\",\"itemListElement\":[{\"@type\":\"ListItem\",\"position\":1,\"name\":\"Portada\",\"item\":\"https:\\\/\\\/iberoo.com\\\/\"},{\"@type\":\"ListItem\",\"position\":2,\"name\":\"Tienda Online\",\"item\":\"https:\\\/\\\/iberoo.com\\\/tienda\\\/\"},{\"@type\":\"ListItem\",\"position\":3,\"name\":\"Caf\u00e9 Soluble Nescaf\u00e9\"}]},{\"@type\":\"WebSite\",\"@id\":\"https:\\\/\\\/iberoo.com\\\/#website\",\"url\":\"https:\\\/\\\/iberoo.com\\\/\",\"name\":\"Iberoo\",\"description\":\"\",\"publisher\":{\"@id\":\"https:\\\/\\\/iberoo.com\\\/#organization\"},\"potentialAction\":[{\"@type\":\"SearchAction\",\"target\":{\"@type\":\"EntryPoint\",\"urlTemplate\":\"https:\\\/\\\/iberoo.com\\\/?s={search_term_string}\"},\"query-input\":{\"@type\":\"PropertyValueSpecification\",\"valueRequired\":true,\"valueName\":\"search_term_string\"}}],\"inLanguage\":\"fr-FR\"},{\"@type\":\"Organization\",\"@id\":\"https:\\\/\\\/iberoo.com\\\/#organization\",\"name\":\"Iberoo\",\"url\":\"https:\\\/\\\/iberoo.com\\\/\",\"logo\":{\"@type\":\"ImageObject\",\"inLanguage\":\"fr-FR\",\"@id\":\"https:\\\/\\\/iberoo.com\\\/#\\\/schema\\\/logo\\\/image\\\/\",\"url\":\"https:\\\/\\\/iberoo.com\\\/wp-content\\\/uploads\\\/2025\\\/11\\\/logo-cuadrado.jpg\",\"contentUrl\":\"https:\\\/\\\/iberoo.com\\\/wp-content\\\/uploads\\\/2025\\\/11\\\/logo-cuadrado.jpg\",\"width\":700,\"height\":700,\"caption\":\"Iberoo\"},\"image\":{\"@id\":\"https:\\\/\\\/iberoo.com\\\/#\\\/schema\\\/logo\\\/image\\\/\"}}]}<\/script>\n<meta property=\"product:brand\" content=\"Nescaf\u00e9\" \/>\n<meta property=\"og:availability\" content=\"instock\" \/>\n<meta property=\"product:availability\" content=\"instock\" \/>\n<meta property=\"product:condition\" content=\"new\" \/>\n<!-- \/ Yoast SEO plugin. -->","yoast_head_json":{"title":"Caf\u00e9 instantan\u00e9 Nescaf\u00e9 - Iberoo","description":"Nescaf\u00e9 est une alternative pratique pour ceux qui souhaitent savourer une tasse de caf\u00e9 sans attendre et avec une saveur reconnaissable \u00e0 tout moment de la journ\u00e9e.","robots":{"index":"index","follow":"follow","max-snippet":"max-snippet:-1","max-image-preview":"max-image-preview:large","max-video-preview":"max-video-preview:-1"},"canonical":"https:\/\/iberoo.com\/fr\/produit\/cafe-instantane-nescafe\/","og_locale":"fr_FR","og_type":"article","og_title":"Caf\u00e9 Soluble Nescaf\u00e9 - Iberoo","og_description":"Nescaf\u00e9 es una alternativa pr\u00e1ctica para quienes quieren disfrutar de una taza de caf\u00e9 sin esperas y con un sabor reconocible en cualquier momento del d\u00eda.","og_url":"https:\/\/iberoo.com\/fr\/produit\/cafe-instantane-nescafe\/","og_site_name":"Iberoo","article_modified_time":"2026-01-04T13:52:34+00:00","og_image":[{"width":800,"height":800,"url":"https:\/\/iberoo.com\/wp-content\/uploads\/2026\/01\/nescafe.jpg","type":"image\/jpeg"}],"twitter_card":"summary_large_image","twitter_misc":{"Disponibilit\u00e9":"En stock"},"schema":{"@context":"https:\/\/schema.org","@graph":[{"@type":"WebPage","@id":"https:\/\/iberoo.com\/producto\/cafe-soluble-nescafe\/","url":"https:\/\/iberoo.com\/producto\/cafe-soluble-nescafe\/","name":"Caf\u00e9 instantan\u00e9 Nescaf\u00e9 - Iberoo","isPartOf":{"@id":"https:\/\/iberoo.com\/#website"},"primaryImageOfPage":{"@id":"https:\/\/iberoo.com\/producto\/cafe-soluble-nescafe\/#primaryimage"},"image":{"@id":"https:\/\/iberoo.com\/producto\/cafe-soluble-nescafe\/#primaryimage"},"thumbnailUrl":"https:\/\/iberoo.com\/wp-content\/uploads\/2026\/01\/nescafe.jpg","datePublished":"2026-01-04T13:52:33+00:00","dateModified":"2026-01-04T13:52:34+00:00","description":"Nescaf\u00e9 est une alternative pratique pour ceux qui souhaitent savourer une tasse de caf\u00e9 sans attendre et avec une saveur reconnaissable \u00e0 tout moment de la journ\u00e9e.","breadcrumb":{"@id":"https:\/\/iberoo.com\/producto\/cafe-soluble-nescafe\/#breadcrumb"},"inLanguage":"fr-FR","potentialAction":[{"@type":"ReadAction","target":["https:\/\/iberoo.com\/producto\/cafe-soluble-nescafe\/"]}]},{"@type":"ImageObject","inLanguage":"fr-FR","@id":"https:\/\/iberoo.com\/producto\/cafe-soluble-nescafe\/#primaryimage","url":"https:\/\/iberoo.com\/wp-content\/uploads\/2026\/01\/nescafe.jpg","contentUrl":"https:\/\/iberoo.com\/wp-content\/uploads\/2026\/01\/nescafe.jpg","width":800,"height":800,"caption":"Caf\u00e9 Soluble Nescaf\u00e9"},{"@type":"BreadcrumbList","@id":"https:\/\/iberoo.com\/producto\/cafe-soluble-nescafe\/#breadcrumb","itemListElement":[{"@type":"ListItem","position":1,"name":"Portada","item":"https:\/\/iberoo.com\/"},{"@type":"ListItem","position":2,"name":"Tienda Online","item":"https:\/\/iberoo.com\/tienda\/"},{"@type":"ListItem","position":3,"name":"Caf\u00e9 Soluble Nescaf\u00e9"}]},{"@type":"WebSite","@id":"https:\/\/iberoo.com\/#website","url":"https:\/\/iberoo.com\/","name":"Iberoo","description":"","publisher":{"@id":"https:\/\/iberoo.com\/#organization"},"potentialAction":[{"@type":"SearchAction","target":{"@type":"EntryPoint","urlTemplate":"https:\/\/iberoo.com\/?s={search_term_string}"},"query-input":{"@type":"PropertyValueSpecification","valueRequired":true,"valueName":"search_term_string"}}],"inLanguage":"fr-FR"},{"@type":"Organization","@id":"https:\/\/iberoo.com\/#organization","name":"Iberoo","url":"https:\/\/iberoo.com\/","logo":{"@type":"ImageObject","inLanguage":"fr-FR","@id":"https:\/\/iberoo.com\/#\/schema\/logo\/image\/","url":"https:\/\/iberoo.com\/wp-content\/uploads\/2025\/11\/logo-cuadrado.jpg","contentUrl":"https:\/\/iberoo.com\/wp-content\/uploads\/2025\/11\/logo-cuadrado.jpg","width":700,"height":700,"caption":"Iberoo"},"image":{"@id":"https:\/\/iberoo.com\/#\/schema\/logo\/image\/"}}]},"product_brand":"Nescaf\u00e9","og_availability":"instock","product_availability":"instock","product_condition":"new"},"_links":{"self":[{"href":"https:\/\/iberoo.com\/fr\/wp-json\/wp\/v2\/product\/2325","targetHints":{"allow":["GET"]}}],"collection":[{"href":"https:\/\/iberoo.com\/fr\/wp-json\/wp\/v2\/product"}],"about":[{"href":"https:\/\/iberoo.com\/fr\/wp-json\/wp\/v2\/types\/product"}],"replies":[{"embeddable":true,"href":"https:\/\/iberoo.com\/fr\/wp-json\/wp\/v2\/comments?post=2325"}],"wp:featuredmedia":[{"embeddable":true,"href":"https:\/\/iberoo.com\/fr\/wp-json\/wp\/v2\/media\/2326"}],"wp:attachment":[{"href":"https:\/\/iberoo.com\/fr\/wp-json\/wp\/v2\/media?parent=2325"}],"wp:term":[{"taxonomy":"product_brand","embeddable":true,"href":"https:\/\/iberoo.com\/fr\/wp-json\/wp\/v2\/product_brand?post=2325"},{"taxonomy":"product_cat","embeddable":true,"href":"https:\/\/iberoo.com\/fr\/wp-json\/wp\/v2\/product_cat?post=2325"},{"taxonomy":"product_tag","embeddable":true,"href":"https:\/\/iberoo.com\/fr\/wp-json\/wp\/v2\/product_tag?post=2325"}],"curies":[{"name":"wp","href":"https:\/\/api.w.org\/{rel}","templated":true}]}}