{"id":2335,"date":"2026-01-04T19:22:31","date_gmt":"2026-01-04T18:22:31","guid":{"rendered":"https:\/\/iberoo.com\/?post_type=product&#038;p=2335"},"modified":"2026-01-04T19:22:32","modified_gmt":"2026-01-04T18:22:32","slug":"cafe-moulu-marcilla","status":"publish","type":"product","link":"https:\/\/iberoo.com\/fr\/produit\/cafe-moulu-marcilla\/","title":{"rendered":"Caf\u00e9 moulu Marcilla"},"content":{"rendered":"<p>La gamme de caf\u00e9s moulus Marcilla allie tradition, exp\u00e9rience et une s\u00e9lection rigoureuse des grains, con\u00e7ue pour ceux qui appr\u00e9cient le rituel de la pr\u00e9paration du caf\u00e9 et recherchent une tasse de caf\u00e9 au caract\u00e8re unique.<\/p>\n<p>La gamme Gran Aroma Naturel, disponible en paquets de 250 g et 500 g, se caract\u00e9rise par une saveur \u00e9quilibr\u00e9e et un ar\u00f4me intense, id\u00e9al pour ceux qui recherchent un caf\u00e9 classique et harmonieux, facile \u00e0 savourer \u00e0 tout moment de la journ\u00e9e. Gran Aroma Mezcla, \u00e9galement disponible en formats 250 g et 500 g, offre quant \u00e0 lui un profil plus cors\u00e9, alliant caf\u00e9 naturel et caf\u00e9 torr\u00e9fi\u00e9 pour une intensit\u00e9 accrue et une saveur plus prononc\u00e9e. Cette gamme comprend \u00e9galement Gran Aroma Mezcla D\u00e9caf\u00e9in\u00e9, en paquet de 200 g, une option con\u00e7ue pour ceux qui souhaitent r\u00e9duire leur consommation de caf\u00e9ine sans renoncer \u00e0 un caf\u00e9 riche et distinctif.<\/p>\n<p>La gamme Creme Express, disponible en versions Naturelle et M\u00e9lange, toutes deux en paquets de 250 g, est con\u00e7ue pour produire une cr\u00e8me plus onctueuse et une texture velout\u00e9e, particuli\u00e8rement appr\u00e9ci\u00e9es dans les machines \u00e0 expresso. Ces vari\u00e9t\u00e9s se distinguent par leur \u00e9quilibre aromatique, leur saveur et une sensation en bouche plus riche.<\/p>\n<p>La gamme est compl\u00e9t\u00e9e par le Puro Arabica Colombia, en paquet de 250 g, un caf\u00e9 d'origine unique qui offre des notes plus d\u00e9licates, un ar\u00f4me raffin\u00e9 et une saveur douce aux nuances caract\u00e9ristiques, id\u00e9al pour ceux qui recherchent une exp\u00e9rience plus s\u00e9lective.<\/p>\n<p>Marcilla ofrece as\u00ed una colecci\u00f3n de caf\u00e9s molidos vers\u00e1til y bien definida, pensada para adaptarse a diferentes momentos, preferencias y m\u00e9todos de preparaci\u00f3n, manteniendo siempre una calidad constante y un sabor reconocible.<\/p>","protected":false},"excerpt":{"rendered":"<p>Le caf\u00e9 moulu Marcilla est l'une de ces marques qui font partie de la culture du caf\u00e9 dans de nombreux foyers depuis des d\u00e9cennies, offrant une grande vari\u00e9t\u00e9 de saveurs et de profils pour satisfaire diff\u00e9rents go\u00fbts et habitudes de consommation.<\/p>","protected":false},"featured_media":2336,"comment_status":"closed","ping_status":"closed","template":"","meta":[],"product_brand":[212],"product_cat":[205,139],"product_tag":[],"class_list":{"0":"post-2335","1":"product","2":"type-product","3":"status-publish","4":"has-post-thumbnail","6":"product_brand-marcilla","7":"product_cat-cafe-y-cacao","8":"product_cat-dulces-y-desayuno","10":"first","11":"instock","12":"shipping-taxable","13":"purchasable","14":"product-type-variable"},"yoast_head":"<!-- This site is optimized with the Yoast SEO plugin v27.3 - https:\/\/yoast.com\/product\/yoast-seo-wordpress\/ -->\n<title>Caf\u00e9 Molido Marcilla - Iberoo<\/title>\n<meta name=\"description\" content=\"El caf\u00e9 molido Marcilla es una de esas referencias que llevan d\u00e9cadas formando parte de la cultura del caf\u00e9 en muchos hogares.\" \/>\n<meta name=\"robots\" content=\"index, follow, max-snippet:-1, max-image-preview:large, max-video-preview:-1\" \/>\n<link rel=\"canonical\" href=\"https:\/\/iberoo.com\/fr\/produit\/cafe-moulu-marcilla\/\" \/>\n<meta property=\"og:locale\" content=\"fr_FR\" \/>\n<meta property=\"og:type\" content=\"article\" \/>\n<meta property=\"og:title\" content=\"Caf\u00e9 Molido Marcilla - Iberoo\" \/>\n<meta property=\"og:description\" content=\"El caf\u00e9 molido Marcilla es una de esas referencias que llevan d\u00e9cadas formando parte de la cultura del caf\u00e9 en muchos hogares.\" \/>\n<meta property=\"og:url\" content=\"https:\/\/iberoo.com\/fr\/produit\/cafe-moulu-marcilla\/\" \/>\n<meta property=\"og:site_name\" content=\"Iberoo\" \/>\n<meta property=\"article:modified_time\" content=\"2026-01-04T18:22:32+00:00\" \/>\n<meta property=\"og:image\" content=\"https:\/\/iberoo.com\/wp-content\/uploads\/2026\/01\/cafe-molido-marcilla.jpg\" \/>\n\t<meta property=\"og:image:width\" content=\"800\" \/>\n\t<meta property=\"og:image:height\" content=\"800\" \/>\n\t<meta property=\"og:image:type\" content=\"image\/jpeg\" \/>\n<meta name=\"twitter:card\" content=\"summary_large_image\" \/>\n<meta name=\"twitter:label1\" content=\"Disponibilit\u00e9\" \/>\n\t<meta name=\"twitter:data1\" content=\"En stock\" \/>\n<script type=\"application\/ld+json\" class=\"yoast-schema-graph\">{\"@context\":\"https:\\\/\\\/schema.org\",\"@graph\":[{\"@type\":\"WebPage\",\"@id\":\"https:\\\/\\\/iberoo.com\\\/producto\\\/cafe-molido-marcilla\\\/\",\"url\":\"https:\\\/\\\/iberoo.com\\\/producto\\\/cafe-molido-marcilla\\\/\",\"name\":\"Caf\u00e9 Molido Marcilla - Iberoo\",\"isPartOf\":{\"@id\":\"https:\\\/\\\/iberoo.com\\\/#website\"},\"primaryImageOfPage\":{\"@id\":\"https:\\\/\\\/iberoo.com\\\/producto\\\/cafe-molido-marcilla\\\/#primaryimage\"},\"image\":{\"@id\":\"https:\\\/\\\/iberoo.com\\\/producto\\\/cafe-molido-marcilla\\\/#primaryimage\"},\"thumbnailUrl\":\"https:\\\/\\\/iberoo.com\\\/wp-content\\\/uploads\\\/2026\\\/01\\\/cafe-molido-marcilla.jpg\",\"datePublished\":\"2026-01-04T18:22:31+00:00\",\"dateModified\":\"2026-01-04T18:22:32+00:00\",\"description\":\"El caf\u00e9 molido Marcilla es una de esas referencias que llevan d\u00e9cadas formando parte de la cultura del caf\u00e9 en muchos hogares.\",\"breadcrumb\":{\"@id\":\"https:\\\/\\\/iberoo.com\\\/producto\\\/cafe-molido-marcilla\\\/#breadcrumb\"},\"inLanguage\":\"fr-FR\",\"potentialAction\":[{\"@type\":\"ReadAction\",\"target\":[\"https:\\\/\\\/iberoo.com\\\/producto\\\/cafe-molido-marcilla\\\/\"]}]},{\"@type\":\"ImageObject\",\"inLanguage\":\"fr-FR\",\"@id\":\"https:\\\/\\\/iberoo.com\\\/producto\\\/cafe-molido-marcilla\\\/#primaryimage\",\"url\":\"https:\\\/\\\/iberoo.com\\\/wp-content\\\/uploads\\\/2026\\\/01\\\/cafe-molido-marcilla.jpg\",\"contentUrl\":\"https:\\\/\\\/iberoo.com\\\/wp-content\\\/uploads\\\/2026\\\/01\\\/cafe-molido-marcilla.jpg\",\"width\":800,\"height\":800,\"caption\":\"Caf\u00e9 Molido Marcilla\"},{\"@type\":\"BreadcrumbList\",\"@id\":\"https:\\\/\\\/iberoo.com\\\/producto\\\/cafe-molido-marcilla\\\/#breadcrumb\",\"itemListElement\":[{\"@type\":\"ListItem\",\"position\":1,\"name\":\"Portada\",\"item\":\"https:\\\/\\\/iberoo.com\\\/\"},{\"@type\":\"ListItem\",\"position\":2,\"name\":\"Tienda Online\",\"item\":\"https:\\\/\\\/iberoo.com\\\/tienda\\\/\"},{\"@type\":\"ListItem\",\"position\":3,\"name\":\"Caf\u00e9 Molido Marcilla\"}]},{\"@type\":\"WebSite\",\"@id\":\"https:\\\/\\\/iberoo.com\\\/#website\",\"url\":\"https:\\\/\\\/iberoo.com\\\/\",\"name\":\"Iberoo\",\"description\":\"\",\"publisher\":{\"@id\":\"https:\\\/\\\/iberoo.com\\\/#organization\"},\"potentialAction\":[{\"@type\":\"SearchAction\",\"target\":{\"@type\":\"EntryPoint\",\"urlTemplate\":\"https:\\\/\\\/iberoo.com\\\/?s={search_term_string}\"},\"query-input\":{\"@type\":\"PropertyValueSpecification\",\"valueRequired\":true,\"valueName\":\"search_term_string\"}}],\"inLanguage\":\"fr-FR\"},{\"@type\":\"Organization\",\"@id\":\"https:\\\/\\\/iberoo.com\\\/#organization\",\"name\":\"Iberoo\",\"url\":\"https:\\\/\\\/iberoo.com\\\/\",\"logo\":{\"@type\":\"ImageObject\",\"inLanguage\":\"fr-FR\",\"@id\":\"https:\\\/\\\/iberoo.com\\\/#\\\/schema\\\/logo\\\/image\\\/\",\"url\":\"https:\\\/\\\/iberoo.com\\\/wp-content\\\/uploads\\\/2025\\\/11\\\/logo-cuadrado.jpg\",\"contentUrl\":\"https:\\\/\\\/iberoo.com\\\/wp-content\\\/uploads\\\/2025\\\/11\\\/logo-cuadrado.jpg\",\"width\":700,\"height\":700,\"caption\":\"Iberoo\"},\"image\":{\"@id\":\"https:\\\/\\\/iberoo.com\\\/#\\\/schema\\\/logo\\\/image\\\/\"}}]}<\/script>\n<meta property=\"product:brand\" content=\"Marcilla\" \/>\n<meta property=\"og:availability\" content=\"instock\" \/>\n<meta property=\"product:availability\" content=\"instock\" \/>\n<meta property=\"product:condition\" content=\"new\" \/>\n<!-- \/ Yoast SEO plugin. -->","yoast_head_json":{"title":"Caf\u00e9 moulu Marcilla - Iberoo","description":"Le caf\u00e9 moulu Marcilla est l'une de ces marques qui fait partie de la culture du caf\u00e9 dans de nombreux foyers depuis des d\u00e9cennies.","robots":{"index":"index","follow":"follow","max-snippet":"max-snippet:-1","max-image-preview":"max-image-preview:large","max-video-preview":"max-video-preview:-1"},"canonical":"https:\/\/iberoo.com\/fr\/produit\/cafe-moulu-marcilla\/","og_locale":"fr_FR","og_type":"article","og_title":"Caf\u00e9 Molido Marcilla - Iberoo","og_description":"El caf\u00e9 molido Marcilla es una de esas referencias que llevan d\u00e9cadas formando parte de la cultura del caf\u00e9 en muchos hogares.","og_url":"https:\/\/iberoo.com\/fr\/produit\/cafe-moulu-marcilla\/","og_site_name":"Iberoo","article_modified_time":"2026-01-04T18:22:32+00:00","og_image":[{"width":800,"height":800,"url":"https:\/\/iberoo.com\/wp-content\/uploads\/2026\/01\/cafe-molido-marcilla.jpg","type":"image\/jpeg"}],"twitter_card":"summary_large_image","twitter_misc":{"Disponibilit\u00e9":"En stock"},"schema":{"@context":"https:\/\/schema.org","@graph":[{"@type":"WebPage","@id":"https:\/\/iberoo.com\/producto\/cafe-molido-marcilla\/","url":"https:\/\/iberoo.com\/producto\/cafe-molido-marcilla\/","name":"Caf\u00e9 moulu Marcilla - Iberoo","isPartOf":{"@id":"https:\/\/iberoo.com\/#website"},"primaryImageOfPage":{"@id":"https:\/\/iberoo.com\/producto\/cafe-molido-marcilla\/#primaryimage"},"image":{"@id":"https:\/\/iberoo.com\/producto\/cafe-molido-marcilla\/#primaryimage"},"thumbnailUrl":"https:\/\/iberoo.com\/wp-content\/uploads\/2026\/01\/cafe-molido-marcilla.jpg","datePublished":"2026-01-04T18:22:31+00:00","dateModified":"2026-01-04T18:22:32+00:00","description":"Le caf\u00e9 moulu Marcilla est l'une de ces marques qui fait partie de la culture du caf\u00e9 dans de nombreux foyers depuis des d\u00e9cennies.","breadcrumb":{"@id":"https:\/\/iberoo.com\/producto\/cafe-molido-marcilla\/#breadcrumb"},"inLanguage":"fr-FR","potentialAction":[{"@type":"ReadAction","target":["https:\/\/iberoo.com\/producto\/cafe-molido-marcilla\/"]}]},{"@type":"ImageObject","inLanguage":"fr-FR","@id":"https:\/\/iberoo.com\/producto\/cafe-molido-marcilla\/#primaryimage","url":"https:\/\/iberoo.com\/wp-content\/uploads\/2026\/01\/cafe-molido-marcilla.jpg","contentUrl":"https:\/\/iberoo.com\/wp-content\/uploads\/2026\/01\/cafe-molido-marcilla.jpg","width":800,"height":800,"caption":"Caf\u00e9 Molido Marcilla"},{"@type":"BreadcrumbList","@id":"https:\/\/iberoo.com\/producto\/cafe-molido-marcilla\/#breadcrumb","itemListElement":[{"@type":"ListItem","position":1,"name":"Portada","item":"https:\/\/iberoo.com\/"},{"@type":"ListItem","position":2,"name":"Tienda Online","item":"https:\/\/iberoo.com\/tienda\/"},{"@type":"ListItem","position":3,"name":"Caf\u00e9 Molido Marcilla"}]},{"@type":"WebSite","@id":"https:\/\/iberoo.com\/#website","url":"https:\/\/iberoo.com\/","name":"Iberoo","description":"","publisher":{"@id":"https:\/\/iberoo.com\/#organization"},"potentialAction":[{"@type":"SearchAction","target":{"@type":"EntryPoint","urlTemplate":"https:\/\/iberoo.com\/?s={search_term_string}"},"query-input":{"@type":"PropertyValueSpecification","valueRequired":true,"valueName":"search_term_string"}}],"inLanguage":"fr-FR"},{"@type":"Organization","@id":"https:\/\/iberoo.com\/#organization","name":"Iberoo","url":"https:\/\/iberoo.com\/","logo":{"@type":"ImageObject","inLanguage":"fr-FR","@id":"https:\/\/iberoo.com\/#\/schema\/logo\/image\/","url":"https:\/\/iberoo.com\/wp-content\/uploads\/2025\/11\/logo-cuadrado.jpg","contentUrl":"https:\/\/iberoo.com\/wp-content\/uploads\/2025\/11\/logo-cuadrado.jpg","width":700,"height":700,"caption":"Iberoo"},"image":{"@id":"https:\/\/iberoo.com\/#\/schema\/logo\/image\/"}}]},"product_brand":"Marcilla","og_availability":"instock","product_availability":"instock","product_condition":"new"},"_links":{"self":[{"href":"https:\/\/iberoo.com\/fr\/wp-json\/wp\/v2\/product\/2335","targetHints":{"allow":["GET"]}}],"collection":[{"href":"https:\/\/iberoo.com\/fr\/wp-json\/wp\/v2\/product"}],"about":[{"href":"https:\/\/iberoo.com\/fr\/wp-json\/wp\/v2\/types\/product"}],"replies":[{"embeddable":true,"href":"https:\/\/iberoo.com\/fr\/wp-json\/wp\/v2\/comments?post=2335"}],"wp:featuredmedia":[{"embeddable":true,"href":"https:\/\/iberoo.com\/fr\/wp-json\/wp\/v2\/media\/2336"}],"wp:attachment":[{"href":"https:\/\/iberoo.com\/fr\/wp-json\/wp\/v2\/media?parent=2335"}],"wp:term":[{"taxonomy":"product_brand","embeddable":true,"href":"https:\/\/iberoo.com\/fr\/wp-json\/wp\/v2\/product_brand?post=2335"},{"taxonomy":"product_cat","embeddable":true,"href":"https:\/\/iberoo.com\/fr\/wp-json\/wp\/v2\/product_cat?post=2335"},{"taxonomy":"product_tag","embeddable":true,"href":"https:\/\/iberoo.com\/fr\/wp-json\/wp\/v2\/product_tag?post=2335"}],"curies":[{"name":"wp","href":"https:\/\/api.w.org\/{rel}","templated":true}]}}