{"id":2361,"date":"2026-01-04T21:43:35","date_gmt":"2026-01-04T20:43:35","guid":{"rendered":"https:\/\/iberoo.com\/?post_type=product&#038;p=2361"},"modified":"2026-01-04T21:43:35","modified_gmt":"2026-01-04T20:43:35","slug":"biscuits-chiquilin","status":"publish","type":"product","link":"https:\/\/iberoo.com\/fr\/produit\/biscuits-chiquilin\/","title":{"rendered":"Biscuits Chiquil\u00edn"},"content":{"rendered":"<p>Pr\u00e9sent\u00e9s dans une bo\u00eete de 525 grammes, les biscuits Chiquil\u00edn d'Artiach sont id\u00e9aux pour une consommation quotidienne, notamment dans les foyers o\u00f9 les biscuits font partie de la routine et sont partag\u00e9s \u00e0 diff\u00e9rents moments de la journ\u00e9e.<\/p>\n<p>Leur texture croustillante et leur saveur douce les rendent agr\u00e9ables \u00e0 d\u00e9guster seules ou accompagn\u00e9es d'autres en-cas. Elles sont parfaites \u00e0 tremper dans du lait, du chocolat chaud ou du caf\u00e9, car elles conservent bien leur forme sans rien perdre de leur d\u00e9licieux go\u00fbt. Leur recette est con\u00e7ue pour offrir un \u00e9quilibre parfait entre saveur et simplicit\u00e9, ce qui en fait une option pratique pour les adultes comme pour les enfants.<\/p>\n<p>Les biscuits Chiquil\u00edn sont \u00e9galement tr\u00e8s polyvalents en cuisine. Ils peuvent servir de base \u00e0 des desserts maison, \u00eatre \u00e9miett\u00e9s pour r\u00e9aliser des tartelettes glac\u00e9es, ou encore \u00eatre associ\u00e9s \u00e0 du yaourt et des fruits pour des en-cas rapides. Leur forme rectangulaire et leur taille uniforme les rendent faciles \u00e0 utiliser, nature ou dans des recettes plus \u00e9labor\u00e9es, tout en apportant toujours une saveur famili\u00e8re et reconnaissable.<\/p>\n<p>La bo\u00eete de 525 g permet un rangement organis\u00e9 et vous assure d'en avoir toujours une quantit\u00e9 suffisante \u00e0 disposition, \u00e9vitant ainsi des r\u00e9approvisionnements fr\u00e9quents. De plus, son emballage est pratique pour les placards familiaux ou pour ceux qui recherchent un produit longue dur\u00e9e pour un usage quotidien.<\/p>\n<p>Choisir les biscuits Chiquil\u00edn d'Artiach, c'est choisir une marque de tradition et un produit simple et fiable, con\u00e7u pour accompagner les moments du quotidien, en conservant cette saveur classique qui continue de trouver sa place sur la table de g\u00e9n\u00e9ration en g\u00e9n\u00e9ration.<\/p>","protected":false},"excerpt":{"rendered":"<p>Les biscuits Chiquil\u00edn d'Artiach, en bo\u00eete de 525 g, sont un classique reconnaissable qui a accompagn\u00e9 de nombreuses familles au fil du temps, devenant une option r\u00e9guli\u00e8re pour les petits d\u00e9jeuners et les collations.<\/p>","protected":false},"featured_media":2362,"comment_status":"closed","ping_status":"closed","template":"","meta":[],"product_brand":[215],"product_cat":[139,214],"product_tag":[],"class_list":{"0":"post-2361","1":"product","2":"type-product","3":"status-publish","4":"has-post-thumbnail","6":"product_brand-artiach","7":"product_cat-dulces-y-desayuno","8":"product_cat-galletas-y-bolleria","10":"first","11":"instock","12":"shipping-taxable","13":"purchasable","14":"product-type-simple"},"yoast_head":"<!-- This site is optimized with the Yoast SEO plugin v27.3 - https:\/\/yoast.com\/product\/yoast-seo-wordpress\/ -->\n<title>Galletas Chiquil\u00edn - Iberoo<\/title>\n<meta name=\"description\" content=\"Las galletas Chiquil\u00edn de Artiach son un cl\u00e1sico reconocible que ha acompa\u00f1ado a muchas familias a lo largo del tiempo.\" \/>\n<meta name=\"robots\" content=\"index, follow, max-snippet:-1, max-image-preview:large, max-video-preview:-1\" \/>\n<link rel=\"canonical\" href=\"https:\/\/iberoo.com\/fr\/produit\/biscuits-chiquilin\/\" \/>\n<meta property=\"og:locale\" content=\"fr_FR\" \/>\n<meta property=\"og:type\" content=\"article\" \/>\n<meta property=\"og:title\" content=\"Galletas Chiquil\u00edn - Iberoo\" \/>\n<meta property=\"og:description\" content=\"Las galletas Chiquil\u00edn de Artiach son un cl\u00e1sico reconocible que ha acompa\u00f1ado a muchas familias a lo largo del tiempo.\" \/>\n<meta property=\"og:url\" content=\"https:\/\/iberoo.com\/fr\/produit\/biscuits-chiquilin\/\" \/>\n<meta property=\"og:site_name\" content=\"Iberoo\" \/>\n<meta property=\"og:image\" content=\"https:\/\/iberoo.com\/wp-content\/uploads\/2026\/01\/artiach-chiquilin.jpg\" \/>\n\t<meta property=\"og:image:width\" content=\"1200\" \/>\n\t<meta property=\"og:image:height\" content=\"1200\" \/>\n\t<meta property=\"og:image:type\" content=\"image\/jpeg\" \/>\n<meta name=\"twitter:card\" content=\"summary_large_image\" \/>\n<meta name=\"twitter:label1\" content=\"Prix\" \/>\n\t<meta name=\"twitter:data1\" content=\"5,90&nbsp;&euro;\" \/>\n\t<meta name=\"twitter:label2\" content=\"Disponibilit\u00e9\" \/>\n\t<meta name=\"twitter:data2\" content=\"En stock\" \/>\n<script type=\"application\/ld+json\" class=\"yoast-schema-graph\">{\"@context\":\"https:\\\/\\\/schema.org\",\"@graph\":[{\"@type\":\"WebPage\",\"@id\":\"https:\\\/\\\/iberoo.com\\\/producto\\\/galletas-chiquilin\\\/\",\"url\":\"https:\\\/\\\/iberoo.com\\\/producto\\\/galletas-chiquilin\\\/\",\"name\":\"Galletas Chiquil\u00edn - Iberoo\",\"isPartOf\":{\"@id\":\"https:\\\/\\\/iberoo.com\\\/#website\"},\"primaryImageOfPage\":{\"@id\":\"https:\\\/\\\/iberoo.com\\\/producto\\\/galletas-chiquilin\\\/#primaryimage\"},\"image\":{\"@id\":\"https:\\\/\\\/iberoo.com\\\/producto\\\/galletas-chiquilin\\\/#primaryimage\"},\"thumbnailUrl\":\"https:\\\/\\\/iberoo.com\\\/wp-content\\\/uploads\\\/2026\\\/01\\\/artiach-chiquilin.jpg\",\"datePublished\":\"2026-01-04T20:43:35+00:00\",\"description\":\"Las galletas Chiquil\u00edn de Artiach son un cl\u00e1sico reconocible que ha acompa\u00f1ado a muchas familias a lo largo del tiempo.\",\"breadcrumb\":{\"@id\":\"https:\\\/\\\/iberoo.com\\\/producto\\\/galletas-chiquilin\\\/#breadcrumb\"},\"inLanguage\":\"fr-FR\",\"potentialAction\":[{\"@type\":\"ReadAction\",\"target\":[\"https:\\\/\\\/iberoo.com\\\/producto\\\/galletas-chiquilin\\\/\"]}]},{\"@type\":\"ImageObject\",\"inLanguage\":\"fr-FR\",\"@id\":\"https:\\\/\\\/iberoo.com\\\/producto\\\/galletas-chiquilin\\\/#primaryimage\",\"url\":\"https:\\\/\\\/iberoo.com\\\/wp-content\\\/uploads\\\/2026\\\/01\\\/artiach-chiquilin.jpg\",\"contentUrl\":\"https:\\\/\\\/iberoo.com\\\/wp-content\\\/uploads\\\/2026\\\/01\\\/artiach-chiquilin.jpg\",\"width\":1200,\"height\":1200,\"caption\":\"Galletas Chiquil\u00edn\"},{\"@type\":\"BreadcrumbList\",\"@id\":\"https:\\\/\\\/iberoo.com\\\/producto\\\/galletas-chiquilin\\\/#breadcrumb\",\"itemListElement\":[{\"@type\":\"ListItem\",\"position\":1,\"name\":\"Portada\",\"item\":\"https:\\\/\\\/iberoo.com\\\/\"},{\"@type\":\"ListItem\",\"position\":2,\"name\":\"Tienda Online\",\"item\":\"https:\\\/\\\/iberoo.com\\\/tienda\\\/\"},{\"@type\":\"ListItem\",\"position\":3,\"name\":\"Galletas Chiquil\u00edn\"}]},{\"@type\":\"WebSite\",\"@id\":\"https:\\\/\\\/iberoo.com\\\/#website\",\"url\":\"https:\\\/\\\/iberoo.com\\\/\",\"name\":\"Iberoo\",\"description\":\"\",\"publisher\":{\"@id\":\"https:\\\/\\\/iberoo.com\\\/#organization\"},\"potentialAction\":[{\"@type\":\"SearchAction\",\"target\":{\"@type\":\"EntryPoint\",\"urlTemplate\":\"https:\\\/\\\/iberoo.com\\\/?s={search_term_string}\"},\"query-input\":{\"@type\":\"PropertyValueSpecification\",\"valueRequired\":true,\"valueName\":\"search_term_string\"}}],\"inLanguage\":\"fr-FR\"},{\"@type\":\"Organization\",\"@id\":\"https:\\\/\\\/iberoo.com\\\/#organization\",\"name\":\"Iberoo\",\"url\":\"https:\\\/\\\/iberoo.com\\\/\",\"logo\":{\"@type\":\"ImageObject\",\"inLanguage\":\"fr-FR\",\"@id\":\"https:\\\/\\\/iberoo.com\\\/#\\\/schema\\\/logo\\\/image\\\/\",\"url\":\"https:\\\/\\\/iberoo.com\\\/wp-content\\\/uploads\\\/2025\\\/11\\\/logo-cuadrado.jpg\",\"contentUrl\":\"https:\\\/\\\/iberoo.com\\\/wp-content\\\/uploads\\\/2025\\\/11\\\/logo-cuadrado.jpg\",\"width\":700,\"height\":700,\"caption\":\"Iberoo\"},\"image\":{\"@id\":\"https:\\\/\\\/iberoo.com\\\/#\\\/schema\\\/logo\\\/image\\\/\"}}]}<\/script>\n<meta property=\"product:brand\" content=\"Artiach\" \/>\n<meta property=\"product:price:amount\" content=\"5.90\" \/>\n<meta property=\"product:price:currency\" content=\"EUR\" \/>\n<meta property=\"og:availability\" content=\"instock\" \/>\n<meta property=\"product:availability\" content=\"instock\" \/>\n<meta property=\"product:condition\" content=\"new\" \/>\n<!-- \/ Yoast SEO plugin. -->","yoast_head_json":{"title":"Biscuits Chiquil\u00edn - Iberoo","description":"Les biscuits Chiquil\u00edn d'Artiach sont un classique reconnaissable entre tous, qui fait partie de la vie de nombreuses familles depuis longtemps.","robots":{"index":"index","follow":"follow","max-snippet":"max-snippet:-1","max-image-preview":"max-image-preview:large","max-video-preview":"max-video-preview:-1"},"canonical":"https:\/\/iberoo.com\/fr\/produit\/biscuits-chiquilin\/","og_locale":"fr_FR","og_type":"article","og_title":"Galletas Chiquil\u00edn - Iberoo","og_description":"Las galletas Chiquil\u00edn de Artiach son un cl\u00e1sico reconocible que ha acompa\u00f1ado a muchas familias a lo largo del tiempo.","og_url":"https:\/\/iberoo.com\/fr\/produit\/biscuits-chiquilin\/","og_site_name":"Iberoo","og_image":[{"width":1200,"height":1200,"url":"https:\/\/iberoo.com\/wp-content\/uploads\/2026\/01\/artiach-chiquilin.jpg","type":"image\/jpeg"}],"twitter_card":"summary_large_image","twitter_misc":{"Prix":"5,90&nbsp;&euro;","Disponibilit\u00e9":"En stock"},"schema":{"@context":"https:\/\/schema.org","@graph":[{"@type":"WebPage","@id":"https:\/\/iberoo.com\/producto\/galletas-chiquilin\/","url":"https:\/\/iberoo.com\/producto\/galletas-chiquilin\/","name":"Biscuits Chiquil\u00edn - Iberoo","isPartOf":{"@id":"https:\/\/iberoo.com\/#website"},"primaryImageOfPage":{"@id":"https:\/\/iberoo.com\/producto\/galletas-chiquilin\/#primaryimage"},"image":{"@id":"https:\/\/iberoo.com\/producto\/galletas-chiquilin\/#primaryimage"},"thumbnailUrl":"https:\/\/iberoo.com\/wp-content\/uploads\/2026\/01\/artiach-chiquilin.jpg","datePublished":"2026-01-04T20:43:35+00:00","description":"Les biscuits Chiquil\u00edn d'Artiach sont un classique reconnaissable entre tous, qui fait partie de la vie de nombreuses familles depuis longtemps.","breadcrumb":{"@id":"https:\/\/iberoo.com\/producto\/galletas-chiquilin\/#breadcrumb"},"inLanguage":"fr-FR","potentialAction":[{"@type":"ReadAction","target":["https:\/\/iberoo.com\/producto\/galletas-chiquilin\/"]}]},{"@type":"ImageObject","inLanguage":"fr-FR","@id":"https:\/\/iberoo.com\/producto\/galletas-chiquilin\/#primaryimage","url":"https:\/\/iberoo.com\/wp-content\/uploads\/2026\/01\/artiach-chiquilin.jpg","contentUrl":"https:\/\/iberoo.com\/wp-content\/uploads\/2026\/01\/artiach-chiquilin.jpg","width":1200,"height":1200,"caption":"Galletas Chiquil\u00edn"},{"@type":"BreadcrumbList","@id":"https:\/\/iberoo.com\/producto\/galletas-chiquilin\/#breadcrumb","itemListElement":[{"@type":"ListItem","position":1,"name":"Portada","item":"https:\/\/iberoo.com\/"},{"@type":"ListItem","position":2,"name":"Tienda Online","item":"https:\/\/iberoo.com\/tienda\/"},{"@type":"ListItem","position":3,"name":"Galletas Chiquil\u00edn"}]},{"@type":"WebSite","@id":"https:\/\/iberoo.com\/#website","url":"https:\/\/iberoo.com\/","name":"Iberoo","description":"","publisher":{"@id":"https:\/\/iberoo.com\/#organization"},"potentialAction":[{"@type":"SearchAction","target":{"@type":"EntryPoint","urlTemplate":"https:\/\/iberoo.com\/?s={search_term_string}"},"query-input":{"@type":"PropertyValueSpecification","valueRequired":true,"valueName":"search_term_string"}}],"inLanguage":"fr-FR"},{"@type":"Organization","@id":"https:\/\/iberoo.com\/#organization","name":"Iberoo","url":"https:\/\/iberoo.com\/","logo":{"@type":"ImageObject","inLanguage":"fr-FR","@id":"https:\/\/iberoo.com\/#\/schema\/logo\/image\/","url":"https:\/\/iberoo.com\/wp-content\/uploads\/2025\/11\/logo-cuadrado.jpg","contentUrl":"https:\/\/iberoo.com\/wp-content\/uploads\/2025\/11\/logo-cuadrado.jpg","width":700,"height":700,"caption":"Iberoo"},"image":{"@id":"https:\/\/iberoo.com\/#\/schema\/logo\/image\/"}}]},"product_brand":"Artiach","product_price_amount":"5.90","product_price_currency":"EUR","og_availability":"instock","product_availability":"instock","product_condition":"new"},"_links":{"self":[{"href":"https:\/\/iberoo.com\/fr\/wp-json\/wp\/v2\/product\/2361","targetHints":{"allow":["GET"]}}],"collection":[{"href":"https:\/\/iberoo.com\/fr\/wp-json\/wp\/v2\/product"}],"about":[{"href":"https:\/\/iberoo.com\/fr\/wp-json\/wp\/v2\/types\/product"}],"replies":[{"embeddable":true,"href":"https:\/\/iberoo.com\/fr\/wp-json\/wp\/v2\/comments?post=2361"}],"wp:featuredmedia":[{"embeddable":true,"href":"https:\/\/iberoo.com\/fr\/wp-json\/wp\/v2\/media\/2362"}],"wp:attachment":[{"href":"https:\/\/iberoo.com\/fr\/wp-json\/wp\/v2\/media?parent=2361"}],"wp:term":[{"taxonomy":"product_brand","embeddable":true,"href":"https:\/\/iberoo.com\/fr\/wp-json\/wp\/v2\/product_brand?post=2361"},{"taxonomy":"product_cat","embeddable":true,"href":"https:\/\/iberoo.com\/fr\/wp-json\/wp\/v2\/product_cat?post=2361"},{"taxonomy":"product_tag","embeddable":true,"href":"https:\/\/iberoo.com\/fr\/wp-json\/wp\/v2\/product_tag?post=2361"}],"curies":[{"name":"wp","href":"https:\/\/api.w.org\/{rel}","templated":true}]}}