{"id":2365,"date":"2026-01-05T00:09:41","date_gmt":"2026-01-04T23:09:41","guid":{"rendered":"https:\/\/iberoo.com\/?post_type=product&#038;p=2365"},"modified":"2026-01-05T00:09:42","modified_gmt":"2026-01-04T23:09:42","slug":"biscuits-chips-ahoy","status":"publish","type":"product","link":"https:\/\/iberoo.com\/fr\/produit\/biscuits-chips-ahoy\/","title":{"rendered":"Biscuits Chips Ahoy"},"content":{"rendered":"<p>Avec leur cro\u00fbte croustillante et leurs p\u00e9pites de chocolat, les cookies Chips Ahoy sont parfaits pour une pause gourmande \u00e0 tout moment de la journ\u00e9e\u00a0: \u00e0 la maison, \u00e0 l\u2019\u00e9cole, au travail ou pour une petite faim improvis\u00e9e. La vari\u00e9t\u00e9 des formats disponibles permet de les adapter \u00e0 toutes les occasions, tout en pr\u00e9servant l\u2019essence m\u00eame de la marque.<\/p>\n<p>Les Chips Ahoy Minis en bo\u00eete de 160 g se distinguent par leur format r\u00e9duit, id\u00e9al pour une d\u00e9gustation facile ou \u00e0 partager. Parfaits \u00e0 glisser dans un sac \u00e0 dos, \u00e0 servir lors de r\u00e9ceptions ou \u00e0 glisser dans le go\u00fbter des enfants, ils offrent la m\u00eame saveur classique dans un format plus pratique. Quant aux Chips Ahoy en bo\u00eete de 256 g, ils constituent l'option plus traditionnelle, con\u00e7ue pour une consommation familiale et pour ceux qui appr\u00e9cient le format original du biscuit, avec sa texture croquante et sa g\u00e9n\u00e9reuse couche de chocolat \u00e0 chaque bouch\u00e9e.<\/p>\n<p>Le sachet de 128 g de Chips Ahoy est particuli\u00e8rement pratique pour une petite pause gourmande ou pour emporter partout. Son emballage souple facilite le transport et vous permet de d\u00e9guster ces biscuits n'importe o\u00f9, sans avoir besoin de les ranger.<\/p>\n<p>En plus d'\u00eatre d\u00e9licieuses nature, les Chips Ahoy s'int\u00e8grent \u00e0 merveille dans des recettes simples, comme bases de desserts, garnitures pour cr\u00e8mes glac\u00e9es, ou encore m\u00e9lang\u00e9es \u00e0 du lait et du yaourt. Leur saveur prononc\u00e9e et leur texture ferme en font un produit polyvalent, id\u00e9al pour ceux qui recherchent un biscuit unique, facile \u00e0 reconna\u00eetre et \u00e0 savourer en toute occasion.<\/p>","protected":false},"excerpt":{"rendered":"<p>Les biscuits Chips Ahoy sont une option con\u00e7ue pour ceux qui appr\u00e9cient une saveur intense et reconnaissable, avec le chocolat comme v\u00e9ritable vedette.<\/p>","protected":false},"featured_media":2366,"comment_status":"closed","ping_status":"closed","template":"","meta":[],"product_brand":[216],"product_cat":[139,214],"product_tag":[],"class_list":{"0":"post-2365","1":"product","2":"type-product","3":"status-publish","4":"has-post-thumbnail","6":"product_brand-chips-ahoy","7":"product_cat-dulces-y-desayuno","8":"product_cat-galletas-y-bolleria","10":"first","11":"instock","12":"shipping-taxable","13":"purchasable","14":"product-type-variable"},"yoast_head":"<!-- This site is optimized with the Yoast SEO plugin v27.3 - https:\/\/yoast.com\/product\/yoast-seo-wordpress\/ -->\n<title>Galletas Chips Ahoy - Iberoo<\/title>\n<meta name=\"description\" content=\"Las galletas Chips Ahoy son una opci\u00f3n pensada para quienes disfrutan de un sabor intenso y reconocible, con el chocolate como aut\u00e9ntico protagonista.\" \/>\n<meta name=\"robots\" content=\"index, follow, max-snippet:-1, max-image-preview:large, max-video-preview:-1\" \/>\n<link rel=\"canonical\" href=\"https:\/\/iberoo.com\/fr\/produit\/biscuits-chips-ahoy\/\" \/>\n<meta property=\"og:locale\" content=\"fr_FR\" \/>\n<meta property=\"og:type\" content=\"article\" \/>\n<meta property=\"og:title\" content=\"Galletas Chips Ahoy - Iberoo\" \/>\n<meta property=\"og:description\" content=\"Las galletas Chips Ahoy son una opci\u00f3n pensada para quienes disfrutan de un sabor intenso y reconocible, con el chocolate como aut\u00e9ntico protagonista.\" \/>\n<meta property=\"og:url\" content=\"https:\/\/iberoo.com\/fr\/produit\/biscuits-chips-ahoy\/\" \/>\n<meta property=\"og:site_name\" content=\"Iberoo\" \/>\n<meta property=\"article:modified_time\" content=\"2026-01-04T23:09:42+00:00\" \/>\n<meta property=\"og:image\" content=\"https:\/\/iberoo.com\/wp-content\/uploads\/2026\/01\/chips-ahoy.jpg\" \/>\n\t<meta property=\"og:image:width\" content=\"800\" \/>\n\t<meta property=\"og:image:height\" content=\"800\" \/>\n\t<meta property=\"og:image:type\" content=\"image\/jpeg\" \/>\n<meta name=\"twitter:card\" content=\"summary_large_image\" \/>\n<meta name=\"twitter:label1\" content=\"Disponibilit\u00e9\" \/>\n\t<meta name=\"twitter:data1\" content=\"En stock\" \/>\n<script type=\"application\/ld+json\" class=\"yoast-schema-graph\">{\"@context\":\"https:\\\/\\\/schema.org\",\"@graph\":[{\"@type\":\"WebPage\",\"@id\":\"https:\\\/\\\/iberoo.com\\\/producto\\\/galletas-chips-ahoy\\\/\",\"url\":\"https:\\\/\\\/iberoo.com\\\/producto\\\/galletas-chips-ahoy\\\/\",\"name\":\"Galletas Chips Ahoy - Iberoo\",\"isPartOf\":{\"@id\":\"https:\\\/\\\/iberoo.com\\\/#website\"},\"primaryImageOfPage\":{\"@id\":\"https:\\\/\\\/iberoo.com\\\/producto\\\/galletas-chips-ahoy\\\/#primaryimage\"},\"image\":{\"@id\":\"https:\\\/\\\/iberoo.com\\\/producto\\\/galletas-chips-ahoy\\\/#primaryimage\"},\"thumbnailUrl\":\"https:\\\/\\\/iberoo.com\\\/wp-content\\\/uploads\\\/2026\\\/01\\\/chips-ahoy.jpg\",\"datePublished\":\"2026-01-04T23:09:41+00:00\",\"dateModified\":\"2026-01-04T23:09:42+00:00\",\"description\":\"Las galletas Chips Ahoy son una opci\u00f3n pensada para quienes disfrutan de un sabor intenso y reconocible, con el chocolate como aut\u00e9ntico protagonista.\",\"breadcrumb\":{\"@id\":\"https:\\\/\\\/iberoo.com\\\/producto\\\/galletas-chips-ahoy\\\/#breadcrumb\"},\"inLanguage\":\"fr-FR\",\"potentialAction\":[{\"@type\":\"ReadAction\",\"target\":[\"https:\\\/\\\/iberoo.com\\\/producto\\\/galletas-chips-ahoy\\\/\"]}]},{\"@type\":\"ImageObject\",\"inLanguage\":\"fr-FR\",\"@id\":\"https:\\\/\\\/iberoo.com\\\/producto\\\/galletas-chips-ahoy\\\/#primaryimage\",\"url\":\"https:\\\/\\\/iberoo.com\\\/wp-content\\\/uploads\\\/2026\\\/01\\\/chips-ahoy.jpg\",\"contentUrl\":\"https:\\\/\\\/iberoo.com\\\/wp-content\\\/uploads\\\/2026\\\/01\\\/chips-ahoy.jpg\",\"width\":800,\"height\":800,\"caption\":\"Galletas Chips Ahoy\"},{\"@type\":\"BreadcrumbList\",\"@id\":\"https:\\\/\\\/iberoo.com\\\/producto\\\/galletas-chips-ahoy\\\/#breadcrumb\",\"itemListElement\":[{\"@type\":\"ListItem\",\"position\":1,\"name\":\"Portada\",\"item\":\"https:\\\/\\\/iberoo.com\\\/\"},{\"@type\":\"ListItem\",\"position\":2,\"name\":\"Tienda Online\",\"item\":\"https:\\\/\\\/iberoo.com\\\/tienda\\\/\"},{\"@type\":\"ListItem\",\"position\":3,\"name\":\"Galletas Chips Ahoy\"}]},{\"@type\":\"WebSite\",\"@id\":\"https:\\\/\\\/iberoo.com\\\/#website\",\"url\":\"https:\\\/\\\/iberoo.com\\\/\",\"name\":\"Iberoo\",\"description\":\"\",\"publisher\":{\"@id\":\"https:\\\/\\\/iberoo.com\\\/#organization\"},\"potentialAction\":[{\"@type\":\"SearchAction\",\"target\":{\"@type\":\"EntryPoint\",\"urlTemplate\":\"https:\\\/\\\/iberoo.com\\\/?s={search_term_string}\"},\"query-input\":{\"@type\":\"PropertyValueSpecification\",\"valueRequired\":true,\"valueName\":\"search_term_string\"}}],\"inLanguage\":\"fr-FR\"},{\"@type\":\"Organization\",\"@id\":\"https:\\\/\\\/iberoo.com\\\/#organization\",\"name\":\"Iberoo\",\"url\":\"https:\\\/\\\/iberoo.com\\\/\",\"logo\":{\"@type\":\"ImageObject\",\"inLanguage\":\"fr-FR\",\"@id\":\"https:\\\/\\\/iberoo.com\\\/#\\\/schema\\\/logo\\\/image\\\/\",\"url\":\"https:\\\/\\\/iberoo.com\\\/wp-content\\\/uploads\\\/2025\\\/11\\\/logo-cuadrado.jpg\",\"contentUrl\":\"https:\\\/\\\/iberoo.com\\\/wp-content\\\/uploads\\\/2025\\\/11\\\/logo-cuadrado.jpg\",\"width\":700,\"height\":700,\"caption\":\"Iberoo\"},\"image\":{\"@id\":\"https:\\\/\\\/iberoo.com\\\/#\\\/schema\\\/logo\\\/image\\\/\"}}]}<\/script>\n<meta property=\"product:brand\" content=\"Chips Ahoy\" \/>\n<meta property=\"og:availability\" content=\"instock\" \/>\n<meta property=\"product:availability\" content=\"instock\" \/>\n<meta property=\"product:condition\" content=\"new\" \/>\n<!-- \/ Yoast SEO plugin. -->","yoast_head_json":{"title":"Biscuits Chips Ahoy - Iberoo","description":"Les biscuits Chips Ahoy sont une option con\u00e7ue pour ceux qui appr\u00e9cient une saveur intense et reconnaissable, avec le chocolat comme v\u00e9ritable vedette.","robots":{"index":"index","follow":"follow","max-snippet":"max-snippet:-1","max-image-preview":"max-image-preview:large","max-video-preview":"max-video-preview:-1"},"canonical":"https:\/\/iberoo.com\/fr\/produit\/biscuits-chips-ahoy\/","og_locale":"fr_FR","og_type":"article","og_title":"Galletas Chips Ahoy - Iberoo","og_description":"Las galletas Chips Ahoy son una opci\u00f3n pensada para quienes disfrutan de un sabor intenso y reconocible, con el chocolate como aut\u00e9ntico protagonista.","og_url":"https:\/\/iberoo.com\/fr\/produit\/biscuits-chips-ahoy\/","og_site_name":"Iberoo","article_modified_time":"2026-01-04T23:09:42+00:00","og_image":[{"width":800,"height":800,"url":"https:\/\/iberoo.com\/wp-content\/uploads\/2026\/01\/chips-ahoy.jpg","type":"image\/jpeg"}],"twitter_card":"summary_large_image","twitter_misc":{"Disponibilit\u00e9":"En stock"},"schema":{"@context":"https:\/\/schema.org","@graph":[{"@type":"WebPage","@id":"https:\/\/iberoo.com\/producto\/galletas-chips-ahoy\/","url":"https:\/\/iberoo.com\/producto\/galletas-chips-ahoy\/","name":"Biscuits Chips Ahoy - Iberoo","isPartOf":{"@id":"https:\/\/iberoo.com\/#website"},"primaryImageOfPage":{"@id":"https:\/\/iberoo.com\/producto\/galletas-chips-ahoy\/#primaryimage"},"image":{"@id":"https:\/\/iberoo.com\/producto\/galletas-chips-ahoy\/#primaryimage"},"thumbnailUrl":"https:\/\/iberoo.com\/wp-content\/uploads\/2026\/01\/chips-ahoy.jpg","datePublished":"2026-01-04T23:09:41+00:00","dateModified":"2026-01-04T23:09:42+00:00","description":"Les biscuits Chips Ahoy sont une option con\u00e7ue pour ceux qui appr\u00e9cient une saveur intense et reconnaissable, avec le chocolat comme v\u00e9ritable vedette.","breadcrumb":{"@id":"https:\/\/iberoo.com\/producto\/galletas-chips-ahoy\/#breadcrumb"},"inLanguage":"fr-FR","potentialAction":[{"@type":"ReadAction","target":["https:\/\/iberoo.com\/producto\/galletas-chips-ahoy\/"]}]},{"@type":"ImageObject","inLanguage":"fr-FR","@id":"https:\/\/iberoo.com\/producto\/galletas-chips-ahoy\/#primaryimage","url":"https:\/\/iberoo.com\/wp-content\/uploads\/2026\/01\/chips-ahoy.jpg","contentUrl":"https:\/\/iberoo.com\/wp-content\/uploads\/2026\/01\/chips-ahoy.jpg","width":800,"height":800,"caption":"Galletas Chips Ahoy"},{"@type":"BreadcrumbList","@id":"https:\/\/iberoo.com\/producto\/galletas-chips-ahoy\/#breadcrumb","itemListElement":[{"@type":"ListItem","position":1,"name":"Portada","item":"https:\/\/iberoo.com\/"},{"@type":"ListItem","position":2,"name":"Tienda Online","item":"https:\/\/iberoo.com\/tienda\/"},{"@type":"ListItem","position":3,"name":"Galletas Chips Ahoy"}]},{"@type":"WebSite","@id":"https:\/\/iberoo.com\/#website","url":"https:\/\/iberoo.com\/","name":"Iberoo","description":"","publisher":{"@id":"https:\/\/iberoo.com\/#organization"},"potentialAction":[{"@type":"SearchAction","target":{"@type":"EntryPoint","urlTemplate":"https:\/\/iberoo.com\/?s={search_term_string}"},"query-input":{"@type":"PropertyValueSpecification","valueRequired":true,"valueName":"search_term_string"}}],"inLanguage":"fr-FR"},{"@type":"Organization","@id":"https:\/\/iberoo.com\/#organization","name":"Iberoo","url":"https:\/\/iberoo.com\/","logo":{"@type":"ImageObject","inLanguage":"fr-FR","@id":"https:\/\/iberoo.com\/#\/schema\/logo\/image\/","url":"https:\/\/iberoo.com\/wp-content\/uploads\/2025\/11\/logo-cuadrado.jpg","contentUrl":"https:\/\/iberoo.com\/wp-content\/uploads\/2025\/11\/logo-cuadrado.jpg","width":700,"height":700,"caption":"Iberoo"},"image":{"@id":"https:\/\/iberoo.com\/#\/schema\/logo\/image\/"}}]},"product_brand":"Chips Ahoy","og_availability":"instock","product_availability":"instock","product_condition":"new"},"_links":{"self":[{"href":"https:\/\/iberoo.com\/fr\/wp-json\/wp\/v2\/product\/2365","targetHints":{"allow":["GET"]}}],"collection":[{"href":"https:\/\/iberoo.com\/fr\/wp-json\/wp\/v2\/product"}],"about":[{"href":"https:\/\/iberoo.com\/fr\/wp-json\/wp\/v2\/types\/product"}],"replies":[{"embeddable":true,"href":"https:\/\/iberoo.com\/fr\/wp-json\/wp\/v2\/comments?post=2365"}],"wp:featuredmedia":[{"embeddable":true,"href":"https:\/\/iberoo.com\/fr\/wp-json\/wp\/v2\/media\/2366"}],"wp:attachment":[{"href":"https:\/\/iberoo.com\/fr\/wp-json\/wp\/v2\/media?parent=2365"}],"wp:term":[{"taxonomy":"product_brand","embeddable":true,"href":"https:\/\/iberoo.com\/fr\/wp-json\/wp\/v2\/product_brand?post=2365"},{"taxonomy":"product_cat","embeddable":true,"href":"https:\/\/iberoo.com\/fr\/wp-json\/wp\/v2\/product_cat?post=2365"},{"taxonomy":"product_tag","embeddable":true,"href":"https:\/\/iberoo.com\/fr\/wp-json\/wp\/v2\/product_tag?post=2365"}],"curies":[{"name":"wp","href":"https:\/\/api.w.org\/{rel}","templated":true}]}}