{"id":2370,"date":"2026-01-05T00:32:56","date_gmt":"2026-01-04T23:32:56","guid":{"rendered":"https:\/\/iberoo.com\/?post_type=product&#038;p=2370"},"modified":"2026-01-05T00:32:57","modified_gmt":"2026-01-04T23:32:57","slug":"biscuits-cuetara-campurrianas","status":"publish","type":"product","link":"https:\/\/iberoo.com\/fr\/produit\/biscuits-cuetara-campurrianas\/","title":{"rendered":"Biscuits Cu\u00e9tara Campurrianas"},"content":{"rendered":"<p>Les biscuits Campurrianas de Cu\u00e9tara sont conditionn\u00e9s en bo\u00eete de 755 grammes. Ce format est id\u00e9al pour les foyers o\u00f9 les biscuits font partie du quotidien et sont consomm\u00e9s r\u00e9guli\u00e8rement, que ce soit en famille ou lors de r\u00e9unions informelles.<\/p>\n<p>Leur texture est l'une de leurs caract\u00e9ristiques les plus distinctives\u00a0: fermes et fondantes \u00e0 la fois, elles conservent leur croquant m\u00eame tremp\u00e9es dans du lait, du caf\u00e9 ou du chocolat chaud. Cet \u00e9quilibre les rend particuli\u00e8rement polyvalentes et agr\u00e9ables avec les boissons chaudes, sans qu'elles ne ramollissent ni ne perdent leur consistance. Leur saveur douce et \u00e9quilibr\u00e9e est con\u00e7ue pour plaire \u00e0 tous les palais et se d\u00e9guste \u00e0 tout moment de la journ\u00e9e.<\/p>\n<p>Les biscuits Campurrianas sont \u00e9galement appr\u00e9ci\u00e9s pour leur polyvalence en cuisine. Ils constituent une excellente base pour les desserts traditionnels, comme les tartes froides ou les g\u00e2teaux \u00e0 la cr\u00e8me, et se pr\u00eatent parfaitement, une fois \u00e9miett\u00e9s, \u00e0 la pr\u00e9paration de bases pour les recettes sucr\u00e9es. Leur taille uniforme les rend faciles \u00e0 utiliser, aussi bien tels quels que dans des pr\u00e9parations plus cr\u00e9atives, avec un r\u00e9sultat toujours r\u00e9ussi.<\/p>\n<p>La bo\u00eete de 755 g vous assure d'en avoir toujours une bonne r\u00e9serve, r\u00e9duisant ainsi la fr\u00e9quence des r\u00e9approvisionnements et vous garantissant un indispensable du garde-manger. Forte d'une longue tradition, Cu\u00e9tara propose les biscuits Campurrianas, un produit authentique et reconnaissable entre tous, con\u00e7u pour ceux qui appr\u00e9cient la tradition, une saveur constante et la praticit\u00e9 d'un produit de base fiable.<\/p>","protected":false},"excerpt":{"rendered":"<p>Les biscuits Campurrianas de Cu\u00e9tara, en bo\u00eete de 755 grammes, sont une r\u00e9f\u00e9rence classique dans la fabrication traditionnelle de biscuits, appr\u00e9ci\u00e9s pour leur simplicit\u00e9 et pour cette saveur qui \u00e9voque les petits d\u00e9jeuners paisibles et les go\u00fbters traditionnels.<\/p>","protected":false},"featured_media":2371,"comment_status":"closed","ping_status":"closed","template":"","meta":[],"product_brand":[217],"product_cat":[139,214],"product_tag":[],"class_list":{"0":"post-2370","1":"product","2":"type-product","3":"status-publish","4":"has-post-thumbnail","6":"product_brand-cuetara","7":"product_cat-dulces-y-desayuno","8":"product_cat-galletas-y-bolleria","10":"first","11":"instock","12":"shipping-taxable","13":"purchasable","14":"product-type-simple"},"yoast_head":"<!-- This site is optimized with the Yoast SEO plugin v27.3 - https:\/\/yoast.com\/product\/yoast-seo-wordpress\/ -->\n<title>Galletas Campurrianas Cu\u00e9tara - Iberoo<\/title>\n<meta name=\"description\" content=\"Las galletas Campurrianas de Cu\u00e9tara son una referencia cl\u00e1sica dentro de la galleter\u00eda tradicional, apreciadas por su sencillez y por su sabor.\" \/>\n<meta name=\"robots\" content=\"index, follow, max-snippet:-1, max-image-preview:large, max-video-preview:-1\" \/>\n<link rel=\"canonical\" href=\"https:\/\/iberoo.com\/fr\/produit\/biscuits-cuetara-campurrianas\/\" \/>\n<meta property=\"og:locale\" content=\"fr_FR\" \/>\n<meta property=\"og:type\" content=\"article\" \/>\n<meta property=\"og:title\" content=\"Galletas Campurrianas Cu\u00e9tara - Iberoo\" \/>\n<meta property=\"og:description\" content=\"Las galletas Campurrianas de Cu\u00e9tara son una referencia cl\u00e1sica dentro de la galleter\u00eda tradicional, apreciadas por su sencillez y por su sabor.\" \/>\n<meta property=\"og:url\" content=\"https:\/\/iberoo.com\/fr\/produit\/biscuits-cuetara-campurrianas\/\" \/>\n<meta property=\"og:site_name\" content=\"Iberoo\" \/>\n<meta property=\"article:modified_time\" content=\"2026-01-04T23:32:57+00:00\" \/>\n<meta property=\"og:image\" content=\"https:\/\/iberoo.com\/wp-content\/uploads\/2026\/01\/cuetara-campurrianas.jpg\" \/>\n\t<meta property=\"og:image:width\" content=\"1200\" \/>\n\t<meta property=\"og:image:height\" content=\"1200\" \/>\n\t<meta property=\"og:image:type\" content=\"image\/jpeg\" \/>\n<meta name=\"twitter:card\" content=\"summary_large_image\" \/>\n<meta name=\"twitter:label1\" content=\"Prix\" \/>\n\t<meta name=\"twitter:data1\" content=\"6,75&nbsp;&euro;\" \/>\n\t<meta name=\"twitter:label2\" content=\"Disponibilit\u00e9\" \/>\n\t<meta name=\"twitter:data2\" content=\"En stock\" \/>\n<script type=\"application\/ld+json\" class=\"yoast-schema-graph\">{\"@context\":\"https:\\\/\\\/schema.org\",\"@graph\":[{\"@type\":\"WebPage\",\"@id\":\"https:\\\/\\\/iberoo.com\\\/producto\\\/galletas-campurrianas-cuetara\\\/\",\"url\":\"https:\\\/\\\/iberoo.com\\\/producto\\\/galletas-campurrianas-cuetara\\\/\",\"name\":\"Galletas Campurrianas Cu\u00e9tara - Iberoo\",\"isPartOf\":{\"@id\":\"https:\\\/\\\/iberoo.com\\\/#website\"},\"primaryImageOfPage\":{\"@id\":\"https:\\\/\\\/iberoo.com\\\/producto\\\/galletas-campurrianas-cuetara\\\/#primaryimage\"},\"image\":{\"@id\":\"https:\\\/\\\/iberoo.com\\\/producto\\\/galletas-campurrianas-cuetara\\\/#primaryimage\"},\"thumbnailUrl\":\"https:\\\/\\\/iberoo.com\\\/wp-content\\\/uploads\\\/2026\\\/01\\\/cuetara-campurrianas.jpg\",\"datePublished\":\"2026-01-04T23:32:56+00:00\",\"dateModified\":\"2026-01-04T23:32:57+00:00\",\"description\":\"Las galletas Campurrianas de Cu\u00e9tara son una referencia cl\u00e1sica dentro de la galleter\u00eda tradicional, apreciadas por su sencillez y por su sabor.\",\"breadcrumb\":{\"@id\":\"https:\\\/\\\/iberoo.com\\\/producto\\\/galletas-campurrianas-cuetara\\\/#breadcrumb\"},\"inLanguage\":\"fr-FR\",\"potentialAction\":[{\"@type\":\"ReadAction\",\"target\":[\"https:\\\/\\\/iberoo.com\\\/producto\\\/galletas-campurrianas-cuetara\\\/\"]}]},{\"@type\":\"ImageObject\",\"inLanguage\":\"fr-FR\",\"@id\":\"https:\\\/\\\/iberoo.com\\\/producto\\\/galletas-campurrianas-cuetara\\\/#primaryimage\",\"url\":\"https:\\\/\\\/iberoo.com\\\/wp-content\\\/uploads\\\/2026\\\/01\\\/cuetara-campurrianas.jpg\",\"contentUrl\":\"https:\\\/\\\/iberoo.com\\\/wp-content\\\/uploads\\\/2026\\\/01\\\/cuetara-campurrianas.jpg\",\"width\":1200,\"height\":1200,\"caption\":\"Galletas Campurrianas Cu\u00e9tara\"},{\"@type\":\"BreadcrumbList\",\"@id\":\"https:\\\/\\\/iberoo.com\\\/producto\\\/galletas-campurrianas-cuetara\\\/#breadcrumb\",\"itemListElement\":[{\"@type\":\"ListItem\",\"position\":1,\"name\":\"Portada\",\"item\":\"https:\\\/\\\/iberoo.com\\\/\"},{\"@type\":\"ListItem\",\"position\":2,\"name\":\"Tienda Online\",\"item\":\"https:\\\/\\\/iberoo.com\\\/tienda\\\/\"},{\"@type\":\"ListItem\",\"position\":3,\"name\":\"Galletas Campurrianas Cu\u00e9tara\"}]},{\"@type\":\"WebSite\",\"@id\":\"https:\\\/\\\/iberoo.com\\\/#website\",\"url\":\"https:\\\/\\\/iberoo.com\\\/\",\"name\":\"Iberoo\",\"description\":\"\",\"publisher\":{\"@id\":\"https:\\\/\\\/iberoo.com\\\/#organization\"},\"potentialAction\":[{\"@type\":\"SearchAction\",\"target\":{\"@type\":\"EntryPoint\",\"urlTemplate\":\"https:\\\/\\\/iberoo.com\\\/?s={search_term_string}\"},\"query-input\":{\"@type\":\"PropertyValueSpecification\",\"valueRequired\":true,\"valueName\":\"search_term_string\"}}],\"inLanguage\":\"fr-FR\"},{\"@type\":\"Organization\",\"@id\":\"https:\\\/\\\/iberoo.com\\\/#organization\",\"name\":\"Iberoo\",\"url\":\"https:\\\/\\\/iberoo.com\\\/\",\"logo\":{\"@type\":\"ImageObject\",\"inLanguage\":\"fr-FR\",\"@id\":\"https:\\\/\\\/iberoo.com\\\/#\\\/schema\\\/logo\\\/image\\\/\",\"url\":\"https:\\\/\\\/iberoo.com\\\/wp-content\\\/uploads\\\/2025\\\/11\\\/logo-cuadrado.jpg\",\"contentUrl\":\"https:\\\/\\\/iberoo.com\\\/wp-content\\\/uploads\\\/2025\\\/11\\\/logo-cuadrado.jpg\",\"width\":700,\"height\":700,\"caption\":\"Iberoo\"},\"image\":{\"@id\":\"https:\\\/\\\/iberoo.com\\\/#\\\/schema\\\/logo\\\/image\\\/\"}}]}<\/script>\n<meta property=\"product:brand\" content=\"Cu\u00e9tara\" \/>\n<meta property=\"product:price:amount\" content=\"6.75\" \/>\n<meta property=\"product:price:currency\" content=\"EUR\" \/>\n<meta property=\"og:availability\" content=\"instock\" \/>\n<meta property=\"product:availability\" content=\"instock\" \/>\n<meta property=\"product:condition\" content=\"new\" \/>\n<!-- \/ Yoast SEO plugin. -->","yoast_head_json":{"title":"Biscuits Cu\u00e9tara Campurrianas - Iberoo","description":"Les biscuits Campurrianas de Cu\u00e9tara sont une r\u00e9f\u00e9rence classique dans la fabrication traditionnelle de biscuits, appr\u00e9ci\u00e9s pour leur simplicit\u00e9 et leur saveur.","robots":{"index":"index","follow":"follow","max-snippet":"max-snippet:-1","max-image-preview":"max-image-preview:large","max-video-preview":"max-video-preview:-1"},"canonical":"https:\/\/iberoo.com\/fr\/produit\/biscuits-cuetara-campurrianas\/","og_locale":"fr_FR","og_type":"article","og_title":"Galletas Campurrianas Cu\u00e9tara - Iberoo","og_description":"Las galletas Campurrianas de Cu\u00e9tara son una referencia cl\u00e1sica dentro de la galleter\u00eda tradicional, apreciadas por su sencillez y por su sabor.","og_url":"https:\/\/iberoo.com\/fr\/produit\/biscuits-cuetara-campurrianas\/","og_site_name":"Iberoo","article_modified_time":"2026-01-04T23:32:57+00:00","og_image":[{"width":1200,"height":1200,"url":"https:\/\/iberoo.com\/wp-content\/uploads\/2026\/01\/cuetara-campurrianas.jpg","type":"image\/jpeg"}],"twitter_card":"summary_large_image","twitter_misc":{"Prix":"6,75&nbsp;&euro;","Disponibilit\u00e9":"En stock"},"schema":{"@context":"https:\/\/schema.org","@graph":[{"@type":"WebPage","@id":"https:\/\/iberoo.com\/producto\/galletas-campurrianas-cuetara\/","url":"https:\/\/iberoo.com\/producto\/galletas-campurrianas-cuetara\/","name":"Biscuits Cu\u00e9tara Campurrianas - Iberoo","isPartOf":{"@id":"https:\/\/iberoo.com\/#website"},"primaryImageOfPage":{"@id":"https:\/\/iberoo.com\/producto\/galletas-campurrianas-cuetara\/#primaryimage"},"image":{"@id":"https:\/\/iberoo.com\/producto\/galletas-campurrianas-cuetara\/#primaryimage"},"thumbnailUrl":"https:\/\/iberoo.com\/wp-content\/uploads\/2026\/01\/cuetara-campurrianas.jpg","datePublished":"2026-01-04T23:32:56+00:00","dateModified":"2026-01-04T23:32:57+00:00","description":"Les biscuits Campurrianas de Cu\u00e9tara sont une r\u00e9f\u00e9rence classique dans la fabrication traditionnelle de biscuits, appr\u00e9ci\u00e9s pour leur simplicit\u00e9 et leur saveur.","breadcrumb":{"@id":"https:\/\/iberoo.com\/producto\/galletas-campurrianas-cuetara\/#breadcrumb"},"inLanguage":"fr-FR","potentialAction":[{"@type":"ReadAction","target":["https:\/\/iberoo.com\/producto\/galletas-campurrianas-cuetara\/"]}]},{"@type":"ImageObject","inLanguage":"fr-FR","@id":"https:\/\/iberoo.com\/producto\/galletas-campurrianas-cuetara\/#primaryimage","url":"https:\/\/iberoo.com\/wp-content\/uploads\/2026\/01\/cuetara-campurrianas.jpg","contentUrl":"https:\/\/iberoo.com\/wp-content\/uploads\/2026\/01\/cuetara-campurrianas.jpg","width":1200,"height":1200,"caption":"Galletas Campurrianas Cu\u00e9tara"},{"@type":"BreadcrumbList","@id":"https:\/\/iberoo.com\/producto\/galletas-campurrianas-cuetara\/#breadcrumb","itemListElement":[{"@type":"ListItem","position":1,"name":"Portada","item":"https:\/\/iberoo.com\/"},{"@type":"ListItem","position":2,"name":"Tienda Online","item":"https:\/\/iberoo.com\/tienda\/"},{"@type":"ListItem","position":3,"name":"Galletas Campurrianas Cu\u00e9tara"}]},{"@type":"WebSite","@id":"https:\/\/iberoo.com\/#website","url":"https:\/\/iberoo.com\/","name":"Iberoo","description":"","publisher":{"@id":"https:\/\/iberoo.com\/#organization"},"potentialAction":[{"@type":"SearchAction","target":{"@type":"EntryPoint","urlTemplate":"https:\/\/iberoo.com\/?s={search_term_string}"},"query-input":{"@type":"PropertyValueSpecification","valueRequired":true,"valueName":"search_term_string"}}],"inLanguage":"fr-FR"},{"@type":"Organization","@id":"https:\/\/iberoo.com\/#organization","name":"Iberoo","url":"https:\/\/iberoo.com\/","logo":{"@type":"ImageObject","inLanguage":"fr-FR","@id":"https:\/\/iberoo.com\/#\/schema\/logo\/image\/","url":"https:\/\/iberoo.com\/wp-content\/uploads\/2025\/11\/logo-cuadrado.jpg","contentUrl":"https:\/\/iberoo.com\/wp-content\/uploads\/2025\/11\/logo-cuadrado.jpg","width":700,"height":700,"caption":"Iberoo"},"image":{"@id":"https:\/\/iberoo.com\/#\/schema\/logo\/image\/"}}]},"product_brand":"Cu\u00e9tara","product_price_amount":"6.75","product_price_currency":"EUR","og_availability":"instock","product_availability":"instock","product_condition":"new"},"_links":{"self":[{"href":"https:\/\/iberoo.com\/fr\/wp-json\/wp\/v2\/product\/2370","targetHints":{"allow":["GET"]}}],"collection":[{"href":"https:\/\/iberoo.com\/fr\/wp-json\/wp\/v2\/product"}],"about":[{"href":"https:\/\/iberoo.com\/fr\/wp-json\/wp\/v2\/types\/product"}],"replies":[{"embeddable":true,"href":"https:\/\/iberoo.com\/fr\/wp-json\/wp\/v2\/comments?post=2370"}],"wp:featuredmedia":[{"embeddable":true,"href":"https:\/\/iberoo.com\/fr\/wp-json\/wp\/v2\/media\/2371"}],"wp:attachment":[{"href":"https:\/\/iberoo.com\/fr\/wp-json\/wp\/v2\/media?parent=2370"}],"wp:term":[{"taxonomy":"product_brand","embeddable":true,"href":"https:\/\/iberoo.com\/fr\/wp-json\/wp\/v2\/product_brand?post=2370"},{"taxonomy":"product_cat","embeddable":true,"href":"https:\/\/iberoo.com\/fr\/wp-json\/wp\/v2\/product_cat?post=2370"},{"taxonomy":"product_tag","embeddable":true,"href":"https:\/\/iberoo.com\/fr\/wp-json\/wp\/v2\/product_tag?post=2370"}],"curies":[{"name":"wp","href":"https:\/\/api.w.org\/{rel}","templated":true}]}}