{"id":2380,"date":"2026-01-05T08:15:05","date_gmt":"2026-01-05T07:15:05","guid":{"rendered":"https:\/\/iberoo.com\/?post_type=product&#038;p=2380"},"modified":"2026-01-05T08:15:05","modified_gmt":"2026-01-05T07:15:05","slug":"biscuits-principe","status":"publish","type":"product","link":"https:\/\/iberoo.com\/fr\/produit\/biscuits-principe\/","title":{"rendered":"Galletas Pr\u00edncipe"},"content":{"rendered":"<p>Pr\u00e9sent\u00e9s dans un emballage de 300 grammes, les biscuits fourr\u00e9s au chocolat Pr\u00edncipe de Lu sont con\u00e7us pour \u00eatre d\u00e9gust\u00e9s \u00e0 diff\u00e9rents moments de la journ\u00e9e, que ce soit comme collation, repas l\u00e9ger ou petite douceur \u00e0 partager.<\/p>\n<p>Ces biscuits se caract\u00e9risent par leur double texture : une cro\u00fbte croustillante qui leur donne de la structure et un c\u0153ur fondant au chocolat qui \u00e9quilibre parfaitement les deux. Le contraste entre les deux couches cr\u00e9e une exp\u00e9rience d\u00e9licieuse, o\u00f9 la saveur du cacao reste pr\u00e9sente sans \u00eatre envahissante. Ce sont des biscuits consistants et savoureux, con\u00e7us pour ceux qui recherchent plus qu'un simple biscuit.<\/p>\n<p>Le format 300 g est pratique pour une consommation individuelle ou \u00e0 partager \u00e0 la maison, lors de r\u00e9unions informelles ou \u00e0 emporter dans un sac \u00e0 dos. Ils se conservent bien et permettent de savourer plusieurs portions sans alt\u00e9rer leur fra\u00eecheur. De plus, leur taille et leur garniture en font un accompagnement id\u00e9al pour un verre de lait, un caf\u00e9 ou m\u00eame un smoothie, auquel ils apportent une touche sucr\u00e9e plus consistante.<\/p>\n<p>Les biscuits Pr\u00edncipe se pr\u00eatent \u00e9galement \u00e0 des utilisations plus cr\u00e9atives en cuisine. \u00c9miett\u00e9s, ils peuvent \u00eatre incorpor\u00e9s \u00e0 des desserts maison, servir de base \u00e0 des tartes froides ou encore apporter une touche croustillante \u00e0 vos glaces et yaourts. Avec Pr\u00edncipe, Lu propose un biscuit de caract\u00e8re, con\u00e7u pour les amateurs de chocolat \u00e0 la recherche d'un produit reconnaissable, constant et facile \u00e0 d\u00e9guster en toute occasion.<\/p>","protected":false},"excerpt":{"rendered":"<p>Les biscuits fourr\u00e9s au chocolat Pr\u00edncipe de Lu, en paquet de 300 grammes, font partie de ces options qui se distinguent par leur personnalit\u00e9 unique et une combinaison de saveurs facilement reconnaissable d\u00e8s la premi\u00e8re bouch\u00e9e.<\/p>","protected":false},"featured_media":2381,"comment_status":"closed","ping_status":"closed","template":"","meta":[],"product_brand":[219],"product_cat":[139,214],"product_tag":[],"class_list":{"0":"post-2380","1":"product","2":"type-product","3":"status-publish","4":"has-post-thumbnail","6":"product_brand-lu","7":"product_cat-dulces-y-desayuno","8":"product_cat-galletas-y-bolleria","10":"first","11":"instock","12":"shipping-taxable","13":"purchasable","14":"product-type-simple"},"yoast_head":"<!-- This site is optimized with the Yoast SEO plugin v27.3 - https:\/\/yoast.com\/product\/yoast-seo-wordpress\/ -->\n<title>Galletas Pr\u00edncipe - Iberoo<\/title>\n<meta name=\"description\" content=\"Las galletas Pr\u00edncipe son una de esas opciones que destacan por su personalidad propia y por su combinaci\u00f3n de sabores tradicionales.\" \/>\n<meta name=\"robots\" content=\"index, follow, max-snippet:-1, max-image-preview:large, max-video-preview:-1\" \/>\n<link rel=\"canonical\" href=\"https:\/\/iberoo.com\/fr\/produit\/biscuits-principe\/\" \/>\n<meta property=\"og:locale\" content=\"fr_FR\" \/>\n<meta property=\"og:type\" content=\"article\" \/>\n<meta property=\"og:title\" content=\"Galletas Pr\u00edncipe - Iberoo\" \/>\n<meta property=\"og:description\" content=\"Las galletas Pr\u00edncipe son una de esas opciones que destacan por su personalidad propia y por su combinaci\u00f3n de sabores tradicionales.\" \/>\n<meta property=\"og:url\" content=\"https:\/\/iberoo.com\/fr\/produit\/biscuits-principe\/\" \/>\n<meta property=\"og:site_name\" content=\"Iberoo\" \/>\n<meta property=\"og:image\" content=\"https:\/\/iberoo.com\/wp-content\/uploads\/2026\/01\/lu-principe.jpg\" \/>\n\t<meta property=\"og:image:width\" content=\"1200\" \/>\n\t<meta property=\"og:image:height\" content=\"1200\" \/>\n\t<meta property=\"og:image:type\" content=\"image\/jpeg\" \/>\n<meta name=\"twitter:card\" content=\"summary_large_image\" \/>\n<meta name=\"twitter:label1\" content=\"Prix\" \/>\n\t<meta name=\"twitter:data1\" content=\"3,55&nbsp;&euro;\" \/>\n\t<meta name=\"twitter:label2\" content=\"Disponibilit\u00e9\" \/>\n\t<meta name=\"twitter:data2\" content=\"En stock\" \/>\n<script type=\"application\/ld+json\" class=\"yoast-schema-graph\">{\"@context\":\"https:\\\/\\\/schema.org\",\"@graph\":[{\"@type\":\"WebPage\",\"@id\":\"https:\\\/\\\/iberoo.com\\\/producto\\\/galletas-principe\\\/\",\"url\":\"https:\\\/\\\/iberoo.com\\\/producto\\\/galletas-principe\\\/\",\"name\":\"Galletas Pr\u00edncipe - Iberoo\",\"isPartOf\":{\"@id\":\"https:\\\/\\\/iberoo.com\\\/#website\"},\"primaryImageOfPage\":{\"@id\":\"https:\\\/\\\/iberoo.com\\\/producto\\\/galletas-principe\\\/#primaryimage\"},\"image\":{\"@id\":\"https:\\\/\\\/iberoo.com\\\/producto\\\/galletas-principe\\\/#primaryimage\"},\"thumbnailUrl\":\"https:\\\/\\\/iberoo.com\\\/wp-content\\\/uploads\\\/2026\\\/01\\\/lu-principe.jpg\",\"datePublished\":\"2026-01-05T07:15:05+00:00\",\"description\":\"Las galletas Pr\u00edncipe son una de esas opciones que destacan por su personalidad propia y por su combinaci\u00f3n de sabores tradicionales.\",\"breadcrumb\":{\"@id\":\"https:\\\/\\\/iberoo.com\\\/producto\\\/galletas-principe\\\/#breadcrumb\"},\"inLanguage\":\"fr-FR\",\"potentialAction\":[{\"@type\":\"ReadAction\",\"target\":[\"https:\\\/\\\/iberoo.com\\\/producto\\\/galletas-principe\\\/\"]}]},{\"@type\":\"ImageObject\",\"inLanguage\":\"fr-FR\",\"@id\":\"https:\\\/\\\/iberoo.com\\\/producto\\\/galletas-principe\\\/#primaryimage\",\"url\":\"https:\\\/\\\/iberoo.com\\\/wp-content\\\/uploads\\\/2026\\\/01\\\/lu-principe.jpg\",\"contentUrl\":\"https:\\\/\\\/iberoo.com\\\/wp-content\\\/uploads\\\/2026\\\/01\\\/lu-principe.jpg\",\"width\":1200,\"height\":1200,\"caption\":\"Galletas Pr\u00edncipe\"},{\"@type\":\"BreadcrumbList\",\"@id\":\"https:\\\/\\\/iberoo.com\\\/producto\\\/galletas-principe\\\/#breadcrumb\",\"itemListElement\":[{\"@type\":\"ListItem\",\"position\":1,\"name\":\"Portada\",\"item\":\"https:\\\/\\\/iberoo.com\\\/\"},{\"@type\":\"ListItem\",\"position\":2,\"name\":\"Tienda Online\",\"item\":\"https:\\\/\\\/iberoo.com\\\/tienda\\\/\"},{\"@type\":\"ListItem\",\"position\":3,\"name\":\"Galletas Pr\u00edncipe\"}]},{\"@type\":\"WebSite\",\"@id\":\"https:\\\/\\\/iberoo.com\\\/#website\",\"url\":\"https:\\\/\\\/iberoo.com\\\/\",\"name\":\"Iberoo\",\"description\":\"\",\"publisher\":{\"@id\":\"https:\\\/\\\/iberoo.com\\\/#organization\"},\"potentialAction\":[{\"@type\":\"SearchAction\",\"target\":{\"@type\":\"EntryPoint\",\"urlTemplate\":\"https:\\\/\\\/iberoo.com\\\/?s={search_term_string}\"},\"query-input\":{\"@type\":\"PropertyValueSpecification\",\"valueRequired\":true,\"valueName\":\"search_term_string\"}}],\"inLanguage\":\"fr-FR\"},{\"@type\":\"Organization\",\"@id\":\"https:\\\/\\\/iberoo.com\\\/#organization\",\"name\":\"Iberoo\",\"url\":\"https:\\\/\\\/iberoo.com\\\/\",\"logo\":{\"@type\":\"ImageObject\",\"inLanguage\":\"fr-FR\",\"@id\":\"https:\\\/\\\/iberoo.com\\\/#\\\/schema\\\/logo\\\/image\\\/\",\"url\":\"https:\\\/\\\/iberoo.com\\\/wp-content\\\/uploads\\\/2025\\\/11\\\/logo-cuadrado.jpg\",\"contentUrl\":\"https:\\\/\\\/iberoo.com\\\/wp-content\\\/uploads\\\/2025\\\/11\\\/logo-cuadrado.jpg\",\"width\":700,\"height\":700,\"caption\":\"Iberoo\"},\"image\":{\"@id\":\"https:\\\/\\\/iberoo.com\\\/#\\\/schema\\\/logo\\\/image\\\/\"}}]}<\/script>\n<meta property=\"product:brand\" content=\"Lu\" \/>\n<meta property=\"product:price:amount\" content=\"3.55\" \/>\n<meta property=\"product:price:currency\" content=\"EUR\" \/>\n<meta property=\"og:availability\" content=\"instock\" \/>\n<meta property=\"product:availability\" content=\"instock\" \/>\n<meta property=\"product:condition\" content=\"new\" \/>\n<!-- \/ Yoast SEO plugin. -->","yoast_head_json":{"title":"Biscuits Pr\u00edncipe - Iberoo","description":"Les biscuits Pr\u00edncipe font partie de ces options qui se distinguent par leur personnalit\u00e9 unique et leur combinaison de saveurs traditionnelles.","robots":{"index":"index","follow":"follow","max-snippet":"max-snippet:-1","max-image-preview":"max-image-preview:large","max-video-preview":"max-video-preview:-1"},"canonical":"https:\/\/iberoo.com\/fr\/produit\/biscuits-principe\/","og_locale":"fr_FR","og_type":"article","og_title":"Galletas Pr\u00edncipe - Iberoo","og_description":"Las galletas Pr\u00edncipe son una de esas opciones que destacan por su personalidad propia y por su combinaci\u00f3n de sabores tradicionales.","og_url":"https:\/\/iberoo.com\/fr\/produit\/biscuits-principe\/","og_site_name":"Iberoo","og_image":[{"width":1200,"height":1200,"url":"https:\/\/iberoo.com\/wp-content\/uploads\/2026\/01\/lu-principe.jpg","type":"image\/jpeg"}],"twitter_card":"summary_large_image","twitter_misc":{"Prix":"3,55&nbsp;&euro;","Disponibilit\u00e9":"En stock"},"schema":{"@context":"https:\/\/schema.org","@graph":[{"@type":"WebPage","@id":"https:\/\/iberoo.com\/producto\/galletas-principe\/","url":"https:\/\/iberoo.com\/producto\/galletas-principe\/","name":"Biscuits Pr\u00edncipe - Iberoo","isPartOf":{"@id":"https:\/\/iberoo.com\/#website"},"primaryImageOfPage":{"@id":"https:\/\/iberoo.com\/producto\/galletas-principe\/#primaryimage"},"image":{"@id":"https:\/\/iberoo.com\/producto\/galletas-principe\/#primaryimage"},"thumbnailUrl":"https:\/\/iberoo.com\/wp-content\/uploads\/2026\/01\/lu-principe.jpg","datePublished":"2026-01-05T07:15:05+00:00","description":"Les biscuits Pr\u00edncipe font partie de ces options qui se distinguent par leur personnalit\u00e9 unique et leur combinaison de saveurs traditionnelles.","breadcrumb":{"@id":"https:\/\/iberoo.com\/producto\/galletas-principe\/#breadcrumb"},"inLanguage":"fr-FR","potentialAction":[{"@type":"ReadAction","target":["https:\/\/iberoo.com\/producto\/galletas-principe\/"]}]},{"@type":"ImageObject","inLanguage":"fr-FR","@id":"https:\/\/iberoo.com\/producto\/galletas-principe\/#primaryimage","url":"https:\/\/iberoo.com\/wp-content\/uploads\/2026\/01\/lu-principe.jpg","contentUrl":"https:\/\/iberoo.com\/wp-content\/uploads\/2026\/01\/lu-principe.jpg","width":1200,"height":1200,"caption":"Galletas Pr\u00edncipe"},{"@type":"BreadcrumbList","@id":"https:\/\/iberoo.com\/producto\/galletas-principe\/#breadcrumb","itemListElement":[{"@type":"ListItem","position":1,"name":"Portada","item":"https:\/\/iberoo.com\/"},{"@type":"ListItem","position":2,"name":"Tienda Online","item":"https:\/\/iberoo.com\/tienda\/"},{"@type":"ListItem","position":3,"name":"Galletas Pr\u00edncipe"}]},{"@type":"WebSite","@id":"https:\/\/iberoo.com\/#website","url":"https:\/\/iberoo.com\/","name":"Iberoo","description":"","publisher":{"@id":"https:\/\/iberoo.com\/#organization"},"potentialAction":[{"@type":"SearchAction","target":{"@type":"EntryPoint","urlTemplate":"https:\/\/iberoo.com\/?s={search_term_string}"},"query-input":{"@type":"PropertyValueSpecification","valueRequired":true,"valueName":"search_term_string"}}],"inLanguage":"fr-FR"},{"@type":"Organization","@id":"https:\/\/iberoo.com\/#organization","name":"Iberoo","url":"https:\/\/iberoo.com\/","logo":{"@type":"ImageObject","inLanguage":"fr-FR","@id":"https:\/\/iberoo.com\/#\/schema\/logo\/image\/","url":"https:\/\/iberoo.com\/wp-content\/uploads\/2025\/11\/logo-cuadrado.jpg","contentUrl":"https:\/\/iberoo.com\/wp-content\/uploads\/2025\/11\/logo-cuadrado.jpg","width":700,"height":700,"caption":"Iberoo"},"image":{"@id":"https:\/\/iberoo.com\/#\/schema\/logo\/image\/"}}]},"product_brand":"Lu","product_price_amount":"3.55","product_price_currency":"EUR","og_availability":"instock","product_availability":"instock","product_condition":"new"},"_links":{"self":[{"href":"https:\/\/iberoo.com\/fr\/wp-json\/wp\/v2\/product\/2380","targetHints":{"allow":["GET"]}}],"collection":[{"href":"https:\/\/iberoo.com\/fr\/wp-json\/wp\/v2\/product"}],"about":[{"href":"https:\/\/iberoo.com\/fr\/wp-json\/wp\/v2\/types\/product"}],"replies":[{"embeddable":true,"href":"https:\/\/iberoo.com\/fr\/wp-json\/wp\/v2\/comments?post=2380"}],"wp:featuredmedia":[{"embeddable":true,"href":"https:\/\/iberoo.com\/fr\/wp-json\/wp\/v2\/media\/2381"}],"wp:attachment":[{"href":"https:\/\/iberoo.com\/fr\/wp-json\/wp\/v2\/media?parent=2380"}],"wp:term":[{"taxonomy":"product_brand","embeddable":true,"href":"https:\/\/iberoo.com\/fr\/wp-json\/wp\/v2\/product_brand?post=2380"},{"taxonomy":"product_cat","embeddable":true,"href":"https:\/\/iberoo.com\/fr\/wp-json\/wp\/v2\/product_cat?post=2380"},{"taxonomy":"product_tag","embeddable":true,"href":"https:\/\/iberoo.com\/fr\/wp-json\/wp\/v2\/product_tag?post=2380"}],"curies":[{"name":"wp","href":"https:\/\/api.w.org\/{rel}","templated":true}]}}