{"id":2393,"date":"2026-01-05T17:45:06","date_gmt":"2026-01-05T16:45:06","guid":{"rendered":"https:\/\/iberoo.com\/?post_type=product&#038;p=2393"},"modified":"2026-01-05T17:45:06","modified_gmt":"2026-01-05T16:45:06","slug":"bollycao","status":"publish","type":"product","link":"https:\/\/iberoo.com\/fr\/produit\/bollycao\/","title":{"rendered":"Bollycao"},"content":{"rendered":"<p>Pr\u00e9sent\u00e9s dans un emballage de 228 grammes contenant 4 unit\u00e9s, les brioches fourr\u00e9es au chocolat Bollycao de Bimbo sont con\u00e7ues pour \u00eatre d\u00e9gust\u00e9es individuellement, que ce soit \u00e0 la maison, \u00e0 l'\u00e9cole, au travail ou pendant une pause tout au long de la journ\u00e9e.<\/p>\n<p>Chaque Bollycao se distingue par sa p\u00e2te tendre et moelleuse, con\u00e7ue pour offrir une sensation douce et agr\u00e9able d\u00e8s la premi\u00e8re bouch\u00e9e. \u00c0 l'int\u00e9rieur, un c\u0153ur fondant au chocolat apporte un contraste parfait, \u00e9quilibrant la l\u00e9g\u00e8ret\u00e9 de la p\u00e2te avec une saveur riche et unique. Cette combinaison fait du Bollycao une gourmandise irr\u00e9sistible, id\u00e9ale pour combler une petite faim entre les repas ou \u00e0 savourer avec une boisson chaude ou froide.<\/p>\n<p>Leur format individuel les rend faciles \u00e0 d\u00e9guster et \u00e0 conserver, vous permettant de les emporter partout sans qu'ils s'alt\u00e8rent en bouche. Le paquet de 4 est pratique pour partager un moment gourmand tout au long de la journ\u00e9e ou pour un repas convivial, garantissant une qualit\u00e9 constante.<\/p>\n<p>Outre sa d\u00e9gustation nature, le Bollycao se pr\u00eate \u00e0 de multiples utilisations\u00a0: en base de desserts simples, tranch\u00e9, ou accompagn\u00e9 de fruits, de glace ou de cr\u00e8mes. Avec Bollycao, Bimbo propose un produit embl\u00e9matique, con\u00e7u pour les amateurs de saveurs classiques \u00e0 la recherche d\u2019une p\u00e2tisserie fourr\u00e9e au chocolat au caract\u00e8re unique, facilement reconnaissable et parfaite pour toutes les occasions.<\/p>","protected":false},"excerpt":{"rendered":"<p>Les brioches au chocolat Bollycao de Bimbo sont id\u00e9ales pour les gourmands en qu\u00eate d'une douceur au go\u00fbt intense et \u00e0 la texture unique. Chaque sachet de 228 grammes contient quatre brioches.<\/p>","protected":false},"featured_media":2394,"comment_status":"closed","ping_status":"closed","template":"","meta":[],"product_brand":[220],"product_cat":[139,214],"product_tag":[],"class_list":{"0":"post-2393","1":"product","2":"type-product","3":"status-publish","4":"has-post-thumbnail","6":"product_brand-bimbo","7":"product_cat-dulces-y-desayuno","8":"product_cat-galletas-y-bolleria","10":"first","11":"instock","12":"shipping-taxable","13":"purchasable","14":"product-type-simple"},"yoast_head":"<!-- This site is optimized with the Yoast SEO plugin v27.3 - https:\/\/yoast.com\/product\/yoast-seo-wordpress\/ -->\n<title>Bollycao - Iberoo<\/title>\n<meta name=\"robots\" content=\"index, follow, max-snippet:-1, max-image-preview:large, max-video-preview:-1\" \/>\n<link rel=\"canonical\" href=\"https:\/\/iberoo.com\/fr\/produit\/bollycao\/\" \/>\n<meta property=\"og:locale\" content=\"fr_FR\" \/>\n<meta property=\"og:type\" content=\"article\" \/>\n<meta property=\"og:title\" content=\"Bollycao - Iberoo\" \/>\n<meta property=\"og:description\" content=\"Los bollos rellenos de chocolate Bollycao de Bimbo son una opci\u00f3n pensada para quienes buscan un tentempi\u00e9 dulce con sabor intenso y una textura inconfundible. Bolsa de 228 gramos que contiene cuatro bollos.\" \/>\n<meta property=\"og:url\" content=\"https:\/\/iberoo.com\/fr\/produit\/bollycao\/\" \/>\n<meta property=\"og:site_name\" content=\"Iberoo\" \/>\n<meta property=\"og:image\" content=\"https:\/\/iberoo.com\/wp-content\/uploads\/2026\/01\/bollycao.jpg\" \/>\n\t<meta property=\"og:image:width\" content=\"1200\" \/>\n\t<meta property=\"og:image:height\" content=\"1200\" \/>\n\t<meta property=\"og:image:type\" content=\"image\/jpeg\" \/>\n<meta name=\"twitter:card\" content=\"summary_large_image\" \/>\n<meta name=\"twitter:label1\" content=\"Prix\" \/>\n\t<meta name=\"twitter:data1\" content=\"4,65&nbsp;&euro;\" \/>\n\t<meta name=\"twitter:label2\" content=\"Disponibilit\u00e9\" \/>\n\t<meta name=\"twitter:data2\" content=\"En stock\" \/>\n<script type=\"application\/ld+json\" class=\"yoast-schema-graph\">{\"@context\":\"https:\\\/\\\/schema.org\",\"@graph\":[{\"@type\":\"WebPage\",\"@id\":\"https:\\\/\\\/iberoo.com\\\/producto\\\/bollycao\\\/\",\"url\":\"https:\\\/\\\/iberoo.com\\\/producto\\\/bollycao\\\/\",\"name\":\"Bollycao - Iberoo\",\"isPartOf\":{\"@id\":\"https:\\\/\\\/iberoo.com\\\/#website\"},\"primaryImageOfPage\":{\"@id\":\"https:\\\/\\\/iberoo.com\\\/producto\\\/bollycao\\\/#primaryimage\"},\"image\":{\"@id\":\"https:\\\/\\\/iberoo.com\\\/producto\\\/bollycao\\\/#primaryimage\"},\"thumbnailUrl\":\"https:\\\/\\\/iberoo.com\\\/wp-content\\\/uploads\\\/2026\\\/01\\\/bollycao.jpg\",\"datePublished\":\"2026-01-05T16:45:06+00:00\",\"breadcrumb\":{\"@id\":\"https:\\\/\\\/iberoo.com\\\/producto\\\/bollycao\\\/#breadcrumb\"},\"inLanguage\":\"fr-FR\",\"potentialAction\":[{\"@type\":\"ReadAction\",\"target\":[\"https:\\\/\\\/iberoo.com\\\/producto\\\/bollycao\\\/\"]}]},{\"@type\":\"ImageObject\",\"inLanguage\":\"fr-FR\",\"@id\":\"https:\\\/\\\/iberoo.com\\\/producto\\\/bollycao\\\/#primaryimage\",\"url\":\"https:\\\/\\\/iberoo.com\\\/wp-content\\\/uploads\\\/2026\\\/01\\\/bollycao.jpg\",\"contentUrl\":\"https:\\\/\\\/iberoo.com\\\/wp-content\\\/uploads\\\/2026\\\/01\\\/bollycao.jpg\",\"width\":1200,\"height\":1200,\"caption\":\"Bollycao\"},{\"@type\":\"BreadcrumbList\",\"@id\":\"https:\\\/\\\/iberoo.com\\\/producto\\\/bollycao\\\/#breadcrumb\",\"itemListElement\":[{\"@type\":\"ListItem\",\"position\":1,\"name\":\"Portada\",\"item\":\"https:\\\/\\\/iberoo.com\\\/\"},{\"@type\":\"ListItem\",\"position\":2,\"name\":\"Tienda Online\",\"item\":\"https:\\\/\\\/iberoo.com\\\/tienda\\\/\"},{\"@type\":\"ListItem\",\"position\":3,\"name\":\"Bollycao\"}]},{\"@type\":\"WebSite\",\"@id\":\"https:\\\/\\\/iberoo.com\\\/#website\",\"url\":\"https:\\\/\\\/iberoo.com\\\/\",\"name\":\"Iberoo\",\"description\":\"\",\"publisher\":{\"@id\":\"https:\\\/\\\/iberoo.com\\\/#organization\"},\"potentialAction\":[{\"@type\":\"SearchAction\",\"target\":{\"@type\":\"EntryPoint\",\"urlTemplate\":\"https:\\\/\\\/iberoo.com\\\/?s={search_term_string}\"},\"query-input\":{\"@type\":\"PropertyValueSpecification\",\"valueRequired\":true,\"valueName\":\"search_term_string\"}}],\"inLanguage\":\"fr-FR\"},{\"@type\":\"Organization\",\"@id\":\"https:\\\/\\\/iberoo.com\\\/#organization\",\"name\":\"Iberoo\",\"url\":\"https:\\\/\\\/iberoo.com\\\/\",\"logo\":{\"@type\":\"ImageObject\",\"inLanguage\":\"fr-FR\",\"@id\":\"https:\\\/\\\/iberoo.com\\\/#\\\/schema\\\/logo\\\/image\\\/\",\"url\":\"https:\\\/\\\/iberoo.com\\\/wp-content\\\/uploads\\\/2025\\\/11\\\/logo-cuadrado.jpg\",\"contentUrl\":\"https:\\\/\\\/iberoo.com\\\/wp-content\\\/uploads\\\/2025\\\/11\\\/logo-cuadrado.jpg\",\"width\":700,\"height\":700,\"caption\":\"Iberoo\"},\"image\":{\"@id\":\"https:\\\/\\\/iberoo.com\\\/#\\\/schema\\\/logo\\\/image\\\/\"}}]}<\/script>\n<meta property=\"product:brand\" content=\"Bimbo\" \/>\n<meta property=\"product:price:amount\" content=\"4.65\" \/>\n<meta property=\"product:price:currency\" content=\"EUR\" \/>\n<meta property=\"og:availability\" content=\"instock\" \/>\n<meta property=\"product:availability\" content=\"instock\" \/>\n<meta property=\"product:condition\" content=\"new\" \/>\n<!-- \/ Yoast SEO plugin. -->","yoast_head_json":{"title":"Bollycao - Iberoo","robots":{"index":"index","follow":"follow","max-snippet":"max-snippet:-1","max-image-preview":"max-image-preview:large","max-video-preview":"max-video-preview:-1"},"canonical":"https:\/\/iberoo.com\/fr\/produit\/bollycao\/","og_locale":"fr_FR","og_type":"article","og_title":"Bollycao - Iberoo","og_description":"Los bollos rellenos de chocolate Bollycao de Bimbo son una opci\u00f3n pensada para quienes buscan un tentempi\u00e9 dulce con sabor intenso y una textura inconfundible. Bolsa de 228 gramos que contiene cuatro bollos.","og_url":"https:\/\/iberoo.com\/fr\/produit\/bollycao\/","og_site_name":"Iberoo","og_image":[{"width":1200,"height":1200,"url":"https:\/\/iberoo.com\/wp-content\/uploads\/2026\/01\/bollycao.jpg","type":"image\/jpeg"}],"twitter_card":"summary_large_image","twitter_misc":{"Prix":"4,65&nbsp;&euro;","Disponibilit\u00e9":"En stock"},"schema":{"@context":"https:\/\/schema.org","@graph":[{"@type":"WebPage","@id":"https:\/\/iberoo.com\/producto\/bollycao\/","url":"https:\/\/iberoo.com\/producto\/bollycao\/","name":"Bollycao - Iberoo","isPartOf":{"@id":"https:\/\/iberoo.com\/#website"},"primaryImageOfPage":{"@id":"https:\/\/iberoo.com\/producto\/bollycao\/#primaryimage"},"image":{"@id":"https:\/\/iberoo.com\/producto\/bollycao\/#primaryimage"},"thumbnailUrl":"https:\/\/iberoo.com\/wp-content\/uploads\/2026\/01\/bollycao.jpg","datePublished":"2026-01-05T16:45:06+00:00","breadcrumb":{"@id":"https:\/\/iberoo.com\/producto\/bollycao\/#breadcrumb"},"inLanguage":"fr-FR","potentialAction":[{"@type":"ReadAction","target":["https:\/\/iberoo.com\/producto\/bollycao\/"]}]},{"@type":"ImageObject","inLanguage":"fr-FR","@id":"https:\/\/iberoo.com\/producto\/bollycao\/#primaryimage","url":"https:\/\/iberoo.com\/wp-content\/uploads\/2026\/01\/bollycao.jpg","contentUrl":"https:\/\/iberoo.com\/wp-content\/uploads\/2026\/01\/bollycao.jpg","width":1200,"height":1200,"caption":"Bollycao"},{"@type":"BreadcrumbList","@id":"https:\/\/iberoo.com\/producto\/bollycao\/#breadcrumb","itemListElement":[{"@type":"ListItem","position":1,"name":"Portada","item":"https:\/\/iberoo.com\/"},{"@type":"ListItem","position":2,"name":"Tienda Online","item":"https:\/\/iberoo.com\/tienda\/"},{"@type":"ListItem","position":3,"name":"Bollycao"}]},{"@type":"WebSite","@id":"https:\/\/iberoo.com\/#website","url":"https:\/\/iberoo.com\/","name":"Iberoo","description":"","publisher":{"@id":"https:\/\/iberoo.com\/#organization"},"potentialAction":[{"@type":"SearchAction","target":{"@type":"EntryPoint","urlTemplate":"https:\/\/iberoo.com\/?s={search_term_string}"},"query-input":{"@type":"PropertyValueSpecification","valueRequired":true,"valueName":"search_term_string"}}],"inLanguage":"fr-FR"},{"@type":"Organization","@id":"https:\/\/iberoo.com\/#organization","name":"Iberoo","url":"https:\/\/iberoo.com\/","logo":{"@type":"ImageObject","inLanguage":"fr-FR","@id":"https:\/\/iberoo.com\/#\/schema\/logo\/image\/","url":"https:\/\/iberoo.com\/wp-content\/uploads\/2025\/11\/logo-cuadrado.jpg","contentUrl":"https:\/\/iberoo.com\/wp-content\/uploads\/2025\/11\/logo-cuadrado.jpg","width":700,"height":700,"caption":"Iberoo"},"image":{"@id":"https:\/\/iberoo.com\/#\/schema\/logo\/image\/"}}]},"product_brand":"Bimbo","product_price_amount":"4.65","product_price_currency":"EUR","og_availability":"instock","product_availability":"instock","product_condition":"new"},"_links":{"self":[{"href":"https:\/\/iberoo.com\/fr\/wp-json\/wp\/v2\/product\/2393","targetHints":{"allow":["GET"]}}],"collection":[{"href":"https:\/\/iberoo.com\/fr\/wp-json\/wp\/v2\/product"}],"about":[{"href":"https:\/\/iberoo.com\/fr\/wp-json\/wp\/v2\/types\/product"}],"replies":[{"embeddable":true,"href":"https:\/\/iberoo.com\/fr\/wp-json\/wp\/v2\/comments?post=2393"}],"wp:featuredmedia":[{"embeddable":true,"href":"https:\/\/iberoo.com\/fr\/wp-json\/wp\/v2\/media\/2394"}],"wp:attachment":[{"href":"https:\/\/iberoo.com\/fr\/wp-json\/wp\/v2\/media?parent=2393"}],"wp:term":[{"taxonomy":"product_brand","embeddable":true,"href":"https:\/\/iberoo.com\/fr\/wp-json\/wp\/v2\/product_brand?post=2393"},{"taxonomy":"product_cat","embeddable":true,"href":"https:\/\/iberoo.com\/fr\/wp-json\/wp\/v2\/product_cat?post=2393"},{"taxonomy":"product_tag","embeddable":true,"href":"https:\/\/iberoo.com\/fr\/wp-json\/wp\/v2\/product_tag?post=2393"}],"curies":[{"name":"wp","href":"https:\/\/api.w.org\/{rel}","templated":true}]}}