{"id":2536,"date":"2026-03-19T05:51:33","date_gmt":"2026-03-19T04:51:33","guid":{"rendered":"https:\/\/iberoo.com\/?post_type=product&#038;p=2536"},"modified":"2026-03-19T05:51:33","modified_gmt":"2026-03-19T04:51:33","slug":"huile-dolive-la-masia","status":"publish","type":"product","link":"https:\/\/iberoo.com\/fr\/produit\/huile-dolive-la-masia\/","title":{"rendered":"Huile d'olive La Mas\u00eda"},"content":{"rendered":"<p>Cette huile est con\u00e7ue pour un usage quotidien en cuisine, que vous pr\u00e9pariez des plats simples ou des recettes plus \u00e9labor\u00e9es. Son profil est \u00e9quilibr\u00e9, facile \u00e0 utiliser et suffisamment polyvalent pour s'adapter \u00e0 presque tous les plats.<\/p>\n<p>Il existe deux formats diff\u00e9rents\u00a0: une bouteille d\u2019un litre et un bidon de cinq litres, vous permettant de choisir en fonction de votre consommation. La bouteille d\u2019un litre est pratique \u00e0 avoir sous la main dans la cuisine, tandis que le bidon est une option tr\u00e8s pratique si vous utilisez de l\u2019huile fr\u00e9quemment, \u00e9vitant ainsi des achats r\u00e9guliers et vous assurant d\u2019en avoir toujours \u00e0 disposition.<\/p>\n<p>Au sein de la gamme La Mas\u00eda, cette huile se d\u00e9cline en trois vari\u00e9t\u00e9s\u00a0: Classic 0,4\u00b0, Selection 1\u00b0 et Sumum 1\u00b0. Chacune r\u00e9pond \u00e0 une pr\u00e9f\u00e9rence diff\u00e9rente en termes d\u2019intensit\u00e9 et d\u2019utilisation. La Classic 0,4\u00b0 est la plus douce des trois, con\u00e7ue pour ceux qui recherchent une huile subtile qui n\u2019alt\u00e8re pas la saveur finale du plat. Elle est id\u00e9ale pour la friture, les saut\u00e9s et les recettes du quotidien.<\/p>\n<p>L'option S\u00e9lection 1\u00ba apporte une touche de caract\u00e8re suppl\u00e9mentaire sans \u00eatre trop prononc\u00e9e. C'est un juste milieu int\u00e9ressant pour ceux qui souhaitent appr\u00e9cier le go\u00fbt de l'huile sans qu'il prenne le dessus. Elle peut \u00eatre utilis\u00e9e aussi bien cuite que crue, par exemple dans les salades ou sur des tartines.<\/p>\n<p>Sumum 1\u00ba, en revanche, s'adresse \u00e0 ceux qui recherchent une huile plus cors\u00e9e. Elle est id\u00e9ale pour les plats simples o\u00f9 l'huile est \u00e0 l'honneur, comme les l\u00e9gumes grill\u00e9s, les toasts ou les vinaigrettes. Son profil aromatique lui permet d'apporter une saveur suppl\u00e9mentaire sans avoir besoin d'autres ingr\u00e9dients.<\/p>\n<p>L'huile d'olive demeure un ingr\u00e9dient essentiel de la cuisine m\u00e9diterran\u00e9enne, et en avoir sous la main simplifie grandement le quotidien. Elle permet de frire, cuire, assaisonner et sublimer les plats avec des r\u00e9sultats toujours r\u00e9ussis.<\/p>\n<p>Choisir l'huile d'olive La Mas\u00eda en bouteilles de 1 L ou 5 L, c'est opter pour un produit fonctionnel et polyvalent, con\u00e7u pour un usage quotidien en cuisine. C'est une option pratique \u00e0 toujours avoir sous la main pour pr\u00e9parer facilement toutes vos recettes.<\/p>","protected":false},"excerpt":{"rendered":"<p>L'huile d'olive La Mas\u00eda fait partie de ces produits qui s'int\u00e8grent \u00e0 votre quotidien presque sans que vous vous en rendiez compte. Disponible en bouteilles d'un litre et en bidons de cinq litres.<\/p>","protected":false},"featured_media":2537,"comment_status":"closed","ping_status":"closed","template":"","meta":[],"product_brand":[237],"product_cat":[72],"product_tag":[],"class_list":{"0":"post-2536","1":"product","2":"type-product","3":"status-publish","4":"has-post-thumbnail","6":"product_brand-la-masia","7":"product_cat-aceites-y-vinagres","9":"first","10":"instock","11":"shipping-taxable","12":"purchasable","13":"product-type-variable"},"yoast_head":"<!-- This site is optimized with the Yoast SEO plugin v27.3 - https:\/\/yoast.com\/product\/yoast-seo-wordpress\/ -->\n<title>Aceite de Oliva La Mas\u00eda - Iberoo<\/title>\n<meta name=\"description\" content=\"El aceite de oliva La Mas\u00eda es uno de esos productos que acaban formando parte de la rutina diaria casi sin darte cuenta.\" \/>\n<meta name=\"robots\" content=\"index, follow, max-snippet:-1, max-image-preview:large, max-video-preview:-1\" \/>\n<link rel=\"canonical\" href=\"https:\/\/iberoo.com\/fr\/produit\/huile-dolive-la-masia\/\" \/>\n<meta property=\"og:locale\" content=\"fr_FR\" \/>\n<meta property=\"og:type\" content=\"article\" \/>\n<meta property=\"og:title\" content=\"Aceite de Oliva La Mas\u00eda - Iberoo\" \/>\n<meta property=\"og:description\" content=\"El aceite de oliva La Mas\u00eda es uno de esos productos que acaban formando parte de la rutina diaria casi sin darte cuenta.\" \/>\n<meta property=\"og:url\" content=\"https:\/\/iberoo.com\/fr\/produit\/huile-dolive-la-masia\/\" \/>\n<meta property=\"og:site_name\" content=\"Iberoo\" \/>\n<meta property=\"og:image\" content=\"https:\/\/iberoo.com\/wp-content\/uploads\/2026\/03\/la-masia-aceite-de-oliva.webp\" \/>\n\t<meta property=\"og:image:width\" content=\"1000\" \/>\n\t<meta property=\"og:image:height\" content=\"1000\" \/>\n\t<meta property=\"og:image:type\" content=\"image\/webp\" \/>\n<meta name=\"twitter:card\" content=\"summary_large_image\" \/>\n<meta name=\"twitter:label1\" content=\"Disponibilit\u00e9\" \/>\n\t<meta name=\"twitter:data1\" content=\"En stock\" \/>\n<script type=\"application\/ld+json\" class=\"yoast-schema-graph\">{\"@context\":\"https:\\\/\\\/schema.org\",\"@graph\":[{\"@type\":\"WebPage\",\"@id\":\"https:\\\/\\\/iberoo.com\\\/producto\\\/aceite-de-oliva-la-masia\\\/\",\"url\":\"https:\\\/\\\/iberoo.com\\\/producto\\\/aceite-de-oliva-la-masia\\\/\",\"name\":\"Aceite de Oliva La Mas\u00eda - Iberoo\",\"isPartOf\":{\"@id\":\"https:\\\/\\\/iberoo.com\\\/#website\"},\"primaryImageOfPage\":{\"@id\":\"https:\\\/\\\/iberoo.com\\\/producto\\\/aceite-de-oliva-la-masia\\\/#primaryimage\"},\"image\":{\"@id\":\"https:\\\/\\\/iberoo.com\\\/producto\\\/aceite-de-oliva-la-masia\\\/#primaryimage\"},\"thumbnailUrl\":\"https:\\\/\\\/iberoo.com\\\/wp-content\\\/uploads\\\/2026\\\/03\\\/la-masia-aceite-de-oliva.webp\",\"datePublished\":\"2026-03-19T04:51:33+00:00\",\"description\":\"El aceite de oliva La Mas\u00eda es uno de esos productos que acaban formando parte de la rutina diaria casi sin darte cuenta.\",\"breadcrumb\":{\"@id\":\"https:\\\/\\\/iberoo.com\\\/producto\\\/aceite-de-oliva-la-masia\\\/#breadcrumb\"},\"inLanguage\":\"fr-FR\",\"potentialAction\":[{\"@type\":\"ReadAction\",\"target\":[\"https:\\\/\\\/iberoo.com\\\/producto\\\/aceite-de-oliva-la-masia\\\/\"]}]},{\"@type\":\"ImageObject\",\"inLanguage\":\"fr-FR\",\"@id\":\"https:\\\/\\\/iberoo.com\\\/producto\\\/aceite-de-oliva-la-masia\\\/#primaryimage\",\"url\":\"https:\\\/\\\/iberoo.com\\\/wp-content\\\/uploads\\\/2026\\\/03\\\/la-masia-aceite-de-oliva.webp\",\"contentUrl\":\"https:\\\/\\\/iberoo.com\\\/wp-content\\\/uploads\\\/2026\\\/03\\\/la-masia-aceite-de-oliva.webp\",\"width\":1000,\"height\":1000,\"caption\":\"Aceite de Oliva La Mas\u00eda\"},{\"@type\":\"BreadcrumbList\",\"@id\":\"https:\\\/\\\/iberoo.com\\\/producto\\\/aceite-de-oliva-la-masia\\\/#breadcrumb\",\"itemListElement\":[{\"@type\":\"ListItem\",\"position\":1,\"name\":\"Portada\",\"item\":\"https:\\\/\\\/iberoo.com\\\/\"},{\"@type\":\"ListItem\",\"position\":2,\"name\":\"Tienda Online\",\"item\":\"https:\\\/\\\/iberoo.com\\\/tienda\\\/\"},{\"@type\":\"ListItem\",\"position\":3,\"name\":\"Aceite de Oliva La Mas\u00eda\"}]},{\"@type\":\"WebSite\",\"@id\":\"https:\\\/\\\/iberoo.com\\\/#website\",\"url\":\"https:\\\/\\\/iberoo.com\\\/\",\"name\":\"Iberoo\",\"description\":\"\",\"publisher\":{\"@id\":\"https:\\\/\\\/iberoo.com\\\/#organization\"},\"potentialAction\":[{\"@type\":\"SearchAction\",\"target\":{\"@type\":\"EntryPoint\",\"urlTemplate\":\"https:\\\/\\\/iberoo.com\\\/?s={search_term_string}\"},\"query-input\":{\"@type\":\"PropertyValueSpecification\",\"valueRequired\":true,\"valueName\":\"search_term_string\"}}],\"inLanguage\":\"fr-FR\"},{\"@type\":\"Organization\",\"@id\":\"https:\\\/\\\/iberoo.com\\\/#organization\",\"name\":\"Iberoo\",\"url\":\"https:\\\/\\\/iberoo.com\\\/\",\"logo\":{\"@type\":\"ImageObject\",\"inLanguage\":\"fr-FR\",\"@id\":\"https:\\\/\\\/iberoo.com\\\/#\\\/schema\\\/logo\\\/image\\\/\",\"url\":\"https:\\\/\\\/iberoo.com\\\/wp-content\\\/uploads\\\/2025\\\/11\\\/logo-cuadrado.jpg\",\"contentUrl\":\"https:\\\/\\\/iberoo.com\\\/wp-content\\\/uploads\\\/2025\\\/11\\\/logo-cuadrado.jpg\",\"width\":700,\"height\":700,\"caption\":\"Iberoo\"},\"image\":{\"@id\":\"https:\\\/\\\/iberoo.com\\\/#\\\/schema\\\/logo\\\/image\\\/\"}}]}<\/script>\n<meta property=\"product:brand\" content=\"La Mas\u00eda\" \/>\n<meta property=\"og:availability\" content=\"instock\" \/>\n<meta property=\"product:availability\" content=\"instock\" \/>\n<meta property=\"product:condition\" content=\"new\" \/>\n<!-- \/ Yoast SEO plugin. -->","yoast_head_json":{"title":"Huile d'olive La Mas\u00eda - Iberoo","description":"L'huile d'olive La Mas\u00eda fait partie de ces produits qui finissent par s'int\u00e9grer \u00e0 votre routine quotidienne presque sans que vous vous en rendiez compte.","robots":{"index":"index","follow":"follow","max-snippet":"max-snippet:-1","max-image-preview":"max-image-preview:large","max-video-preview":"max-video-preview:-1"},"canonical":"https:\/\/iberoo.com\/fr\/produit\/huile-dolive-la-masia\/","og_locale":"fr_FR","og_type":"article","og_title":"Aceite de Oliva La Mas\u00eda - Iberoo","og_description":"El aceite de oliva La Mas\u00eda es uno de esos productos que acaban formando parte de la rutina diaria casi sin darte cuenta.","og_url":"https:\/\/iberoo.com\/fr\/produit\/huile-dolive-la-masia\/","og_site_name":"Iberoo","og_image":[{"width":1000,"height":1000,"url":"https:\/\/iberoo.com\/wp-content\/uploads\/2026\/03\/la-masia-aceite-de-oliva.webp","type":"image\/webp"}],"twitter_card":"summary_large_image","twitter_misc":{"Disponibilit\u00e9":"En stock"},"schema":{"@context":"https:\/\/schema.org","@graph":[{"@type":"WebPage","@id":"https:\/\/iberoo.com\/producto\/aceite-de-oliva-la-masia\/","url":"https:\/\/iberoo.com\/producto\/aceite-de-oliva-la-masia\/","name":"Huile d'olive La Mas\u00eda - Iberoo","isPartOf":{"@id":"https:\/\/iberoo.com\/#website"},"primaryImageOfPage":{"@id":"https:\/\/iberoo.com\/producto\/aceite-de-oliva-la-masia\/#primaryimage"},"image":{"@id":"https:\/\/iberoo.com\/producto\/aceite-de-oliva-la-masia\/#primaryimage"},"thumbnailUrl":"https:\/\/iberoo.com\/wp-content\/uploads\/2026\/03\/la-masia-aceite-de-oliva.webp","datePublished":"2026-03-19T04:51:33+00:00","description":"L'huile d'olive La Mas\u00eda fait partie de ces produits qui finissent par s'int\u00e9grer \u00e0 votre routine quotidienne presque sans que vous vous en rendiez compte.","breadcrumb":{"@id":"https:\/\/iberoo.com\/producto\/aceite-de-oliva-la-masia\/#breadcrumb"},"inLanguage":"fr-FR","potentialAction":[{"@type":"ReadAction","target":["https:\/\/iberoo.com\/producto\/aceite-de-oliva-la-masia\/"]}]},{"@type":"ImageObject","inLanguage":"fr-FR","@id":"https:\/\/iberoo.com\/producto\/aceite-de-oliva-la-masia\/#primaryimage","url":"https:\/\/iberoo.com\/wp-content\/uploads\/2026\/03\/la-masia-aceite-de-oliva.webp","contentUrl":"https:\/\/iberoo.com\/wp-content\/uploads\/2026\/03\/la-masia-aceite-de-oliva.webp","width":1000,"height":1000,"caption":"Aceite de Oliva La Mas\u00eda"},{"@type":"BreadcrumbList","@id":"https:\/\/iberoo.com\/producto\/aceite-de-oliva-la-masia\/#breadcrumb","itemListElement":[{"@type":"ListItem","position":1,"name":"Portada","item":"https:\/\/iberoo.com\/"},{"@type":"ListItem","position":2,"name":"Tienda Online","item":"https:\/\/iberoo.com\/tienda\/"},{"@type":"ListItem","position":3,"name":"Aceite de Oliva La Mas\u00eda"}]},{"@type":"WebSite","@id":"https:\/\/iberoo.com\/#website","url":"https:\/\/iberoo.com\/","name":"Iberoo","description":"","publisher":{"@id":"https:\/\/iberoo.com\/#organization"},"potentialAction":[{"@type":"SearchAction","target":{"@type":"EntryPoint","urlTemplate":"https:\/\/iberoo.com\/?s={search_term_string}"},"query-input":{"@type":"PropertyValueSpecification","valueRequired":true,"valueName":"search_term_string"}}],"inLanguage":"fr-FR"},{"@type":"Organization","@id":"https:\/\/iberoo.com\/#organization","name":"Iberoo","url":"https:\/\/iberoo.com\/","logo":{"@type":"ImageObject","inLanguage":"fr-FR","@id":"https:\/\/iberoo.com\/#\/schema\/logo\/image\/","url":"https:\/\/iberoo.com\/wp-content\/uploads\/2025\/11\/logo-cuadrado.jpg","contentUrl":"https:\/\/iberoo.com\/wp-content\/uploads\/2025\/11\/logo-cuadrado.jpg","width":700,"height":700,"caption":"Iberoo"},"image":{"@id":"https:\/\/iberoo.com\/#\/schema\/logo\/image\/"}}]},"product_brand":"La Mas\u00eda","og_availability":"instock","product_availability":"instock","product_condition":"new"},"_links":{"self":[{"href":"https:\/\/iberoo.com\/fr\/wp-json\/wp\/v2\/product\/2536","targetHints":{"allow":["GET"]}}],"collection":[{"href":"https:\/\/iberoo.com\/fr\/wp-json\/wp\/v2\/product"}],"about":[{"href":"https:\/\/iberoo.com\/fr\/wp-json\/wp\/v2\/types\/product"}],"replies":[{"embeddable":true,"href":"https:\/\/iberoo.com\/fr\/wp-json\/wp\/v2\/comments?post=2536"}],"wp:featuredmedia":[{"embeddable":true,"href":"https:\/\/iberoo.com\/fr\/wp-json\/wp\/v2\/media\/2537"}],"wp:attachment":[{"href":"https:\/\/iberoo.com\/fr\/wp-json\/wp\/v2\/media?parent=2536"}],"wp:term":[{"taxonomy":"product_brand","embeddable":true,"href":"https:\/\/iberoo.com\/fr\/wp-json\/wp\/v2\/product_brand?post=2536"},{"taxonomy":"product_cat","embeddable":true,"href":"https:\/\/iberoo.com\/fr\/wp-json\/wp\/v2\/product_cat?post=2536"},{"taxonomy":"product_tag","embeddable":true,"href":"https:\/\/iberoo.com\/fr\/wp-json\/wp\/v2\/product_tag?post=2536"}],"curies":[{"name":"wp","href":"https:\/\/api.w.org\/{rel}","templated":true}]}}