{"id":2765,"date":"2026-03-21T07:36:51","date_gmt":"2026-03-21T06:36:51","guid":{"rendered":"https:\/\/iberoo.com\/?post_type=product&#038;p=2765"},"modified":"2026-03-21T07:36:52","modified_gmt":"2026-03-21T06:36:52","slug":"chips-lays","status":"publish","type":"product","link":"https:\/\/iberoo.com\/fr\/produit\/chips-lays\/","title":{"rendered":"Chips Lay's"},"content":{"rendered":"<p>Les chips Lay\u2019s de 150 g sont un choix de pr\u00e9dilection pour une collation simple et croustillante au go\u00fbt toujours r\u00e9ussi. Leur texture fine et leur cuisson parfaite rendent chaque chips l\u00e9g\u00e8re et savoureuse, sans exc\u00e8s de mati\u00e8res grasses, et avec ce croustillant caract\u00e9ristique d\u00e8s la premi\u00e8re bouch\u00e9e. Elles sont parfaites en toute occasion, que ce soit pour une petite faim, \u00e0 partager ou simplement \u00e0 d\u00e9guster \u00e0 la maison.<\/p>\n<p>Ce format de 150 grammes offre une quantit\u00e9 id\u00e9ale, parfaite pour les repas individuels comme pour les rencontres informelles. Pratique et facile \u00e0 ranger, il s'int\u00e8gre facilement \u00e0 vos courses habituelles et s'adapte \u00e0 toutes les situations.<\/p>\n<p>Dans cette gamme, vous avez le choix entre trois vari\u00e9t\u00e9s, chacune avec sa propre personnalit\u00e9. Les Lay\u2019s L\u00e9g\u00e8rement Sal\u00e9es conservent une saveur classique, pure et \u00e9quilibr\u00e9e, id\u00e9ale pour ceux qui pr\u00e9f\u00e8rent une chips traditionnelle qui s\u2019accorde avec tout. Les Lay\u2019s Style Campagne offrent un profil plus intense, avec une touche \u00e9pic\u00e9e rappelant les saveurs maison, ce qui les rend particuli\u00e8rement attrayantes \u00e0 l\u2019ap\u00e9ritif. Enfin, les Lay\u2019s Vinaigrette offrent un contraste plus marqu\u00e9, avec cette note acidul\u00e9e qui les rend uniques et facilement reconnaissables pour ceux qui recherchent quelque chose d\u2019original.<\/p>\n<p>Ces chips se marient parfaitement avec les boissons, les conserves ou les plateaux ap\u00e9ritifs, ce qui en fait un incontournable de tout garde-manger. De plus, leur forme et leur saveur en font un en-cas irr\u00e9sistible dont vous ne vous lasserez pas.<\/p>\n<p>Choisir les chips Lay\u2019s 150 g, c\u2019est opter pour une collation fiable, avec une vari\u00e9t\u00e9 de saveurs et une texture toujours agr\u00e9able. Un choix simple, mais difficile de se tromper.<\/p>","protected":false},"excerpt":{"rendered":"<p>Les chips Lay's en sachet de 150 g sont l'une des options les plus populaires pour qui recherche un en-cas simple et croustillant au go\u00fbt toujours r\u00e9ussi \u2013 m\u00eame pour pr\u00e9parer une omelette aux pommes de terre !<\/p>","protected":false},"featured_media":2766,"comment_status":"closed","ping_status":"closed","template":"","meta":[],"product_brand":[245],"product_cat":[241,242],"product_tag":[],"class_list":{"0":"post-2765","1":"product","2":"type-product","3":"status-publish","4":"has-post-thumbnail","6":"product_brand-lays","7":"product_cat-aperitivos-y-snacks","8":"product_cat-patatas-fritas","10":"first","11":"instock","12":"shipping-taxable","13":"purchasable","14":"product-type-variable"},"yoast_head":"<!-- This site is optimized with the Yoast SEO plugin v27.3 - https:\/\/yoast.com\/product\/yoast-seo-wordpress\/ -->\n<title>Patatas Fritas Lay&#039;s - Iberoo<\/title>\n<meta name=\"description\" content=\"Las patatas fritas Lay\u2019s son una de las opciones m\u00e1s populares cuando se busca un snack sencillo y crujiente \u00a1hasta para hacer tortilla de patatas fritas!\" \/>\n<meta name=\"robots\" content=\"index, follow, max-snippet:-1, max-image-preview:large, max-video-preview:-1\" \/>\n<link rel=\"canonical\" href=\"https:\/\/iberoo.com\/fr\/produit\/chips-lays\/\" \/>\n<meta property=\"og:locale\" content=\"fr_FR\" \/>\n<meta property=\"og:type\" content=\"article\" \/>\n<meta property=\"og:title\" content=\"Patatas Fritas Lay&#039;s - Iberoo\" \/>\n<meta property=\"og:description\" content=\"Las patatas fritas Lay\u2019s son una de las opciones m\u00e1s populares cuando se busca un snack sencillo y crujiente \u00a1hasta para hacer tortilla de patatas fritas!\" \/>\n<meta property=\"og:url\" content=\"https:\/\/iberoo.com\/fr\/produit\/chips-lays\/\" \/>\n<meta property=\"og:site_name\" content=\"Iberoo\" \/>\n<meta property=\"article:modified_time\" content=\"2026-03-21T06:36:52+00:00\" \/>\n<meta property=\"og:image\" content=\"https:\/\/iberoo.com\/wp-content\/uploads\/2026\/03\/lays.webp\" \/>\n\t<meta property=\"og:image:width\" content=\"1200\" \/>\n\t<meta property=\"og:image:height\" content=\"1200\" \/>\n\t<meta property=\"og:image:type\" content=\"image\/webp\" \/>\n<meta name=\"twitter:card\" content=\"summary_large_image\" \/>\n<meta name=\"twitter:label1\" content=\"Disponibilit\u00e9\" \/>\n\t<meta name=\"twitter:data1\" content=\"En stock\" \/>\n<script type=\"application\/ld+json\" class=\"yoast-schema-graph\">{\"@context\":\"https:\\\/\\\/schema.org\",\"@graph\":[{\"@type\":\"WebPage\",\"@id\":\"https:\\\/\\\/iberoo.com\\\/producto\\\/patatas-fritas-lays\\\/\",\"url\":\"https:\\\/\\\/iberoo.com\\\/producto\\\/patatas-fritas-lays\\\/\",\"name\":\"Patatas Fritas Lay's - Iberoo\",\"isPartOf\":{\"@id\":\"https:\\\/\\\/iberoo.com\\\/#website\"},\"primaryImageOfPage\":{\"@id\":\"https:\\\/\\\/iberoo.com\\\/producto\\\/patatas-fritas-lays\\\/#primaryimage\"},\"image\":{\"@id\":\"https:\\\/\\\/iberoo.com\\\/producto\\\/patatas-fritas-lays\\\/#primaryimage\"},\"thumbnailUrl\":\"https:\\\/\\\/iberoo.com\\\/wp-content\\\/uploads\\\/2026\\\/03\\\/lays.webp\",\"datePublished\":\"2026-03-21T06:36:51+00:00\",\"dateModified\":\"2026-03-21T06:36:52+00:00\",\"description\":\"Las patatas fritas Lay\u2019s son una de las opciones m\u00e1s populares cuando se busca un snack sencillo y crujiente \u00a1hasta para hacer tortilla de patatas fritas!\",\"breadcrumb\":{\"@id\":\"https:\\\/\\\/iberoo.com\\\/producto\\\/patatas-fritas-lays\\\/#breadcrumb\"},\"inLanguage\":\"fr-FR\",\"potentialAction\":[{\"@type\":\"ReadAction\",\"target\":[\"https:\\\/\\\/iberoo.com\\\/producto\\\/patatas-fritas-lays\\\/\"]}]},{\"@type\":\"ImageObject\",\"inLanguage\":\"fr-FR\",\"@id\":\"https:\\\/\\\/iberoo.com\\\/producto\\\/patatas-fritas-lays\\\/#primaryimage\",\"url\":\"https:\\\/\\\/iberoo.com\\\/wp-content\\\/uploads\\\/2026\\\/03\\\/lays.webp\",\"contentUrl\":\"https:\\\/\\\/iberoo.com\\\/wp-content\\\/uploads\\\/2026\\\/03\\\/lays.webp\",\"width\":1200,\"height\":1200,\"caption\":\"Patatas Fritas Lay's\"},{\"@type\":\"BreadcrumbList\",\"@id\":\"https:\\\/\\\/iberoo.com\\\/producto\\\/patatas-fritas-lays\\\/#breadcrumb\",\"itemListElement\":[{\"@type\":\"ListItem\",\"position\":1,\"name\":\"Portada\",\"item\":\"https:\\\/\\\/iberoo.com\\\/\"},{\"@type\":\"ListItem\",\"position\":2,\"name\":\"Tienda Online\",\"item\":\"https:\\\/\\\/iberoo.com\\\/tienda\\\/\"},{\"@type\":\"ListItem\",\"position\":3,\"name\":\"Patatas Fritas Lay&#8217;s\"}]},{\"@type\":\"WebSite\",\"@id\":\"https:\\\/\\\/iberoo.com\\\/#website\",\"url\":\"https:\\\/\\\/iberoo.com\\\/\",\"name\":\"Iberoo\",\"description\":\"\",\"publisher\":{\"@id\":\"https:\\\/\\\/iberoo.com\\\/#organization\"},\"potentialAction\":[{\"@type\":\"SearchAction\",\"target\":{\"@type\":\"EntryPoint\",\"urlTemplate\":\"https:\\\/\\\/iberoo.com\\\/?s={search_term_string}\"},\"query-input\":{\"@type\":\"PropertyValueSpecification\",\"valueRequired\":true,\"valueName\":\"search_term_string\"}}],\"inLanguage\":\"fr-FR\"},{\"@type\":\"Organization\",\"@id\":\"https:\\\/\\\/iberoo.com\\\/#organization\",\"name\":\"Iberoo\",\"url\":\"https:\\\/\\\/iberoo.com\\\/\",\"logo\":{\"@type\":\"ImageObject\",\"inLanguage\":\"fr-FR\",\"@id\":\"https:\\\/\\\/iberoo.com\\\/#\\\/schema\\\/logo\\\/image\\\/\",\"url\":\"https:\\\/\\\/iberoo.com\\\/wp-content\\\/uploads\\\/2025\\\/11\\\/logo-cuadrado.jpg\",\"contentUrl\":\"https:\\\/\\\/iberoo.com\\\/wp-content\\\/uploads\\\/2025\\\/11\\\/logo-cuadrado.jpg\",\"width\":700,\"height\":700,\"caption\":\"Iberoo\"},\"image\":{\"@id\":\"https:\\\/\\\/iberoo.com\\\/#\\\/schema\\\/logo\\\/image\\\/\"}}]}<\/script>\n<meta property=\"product:brand\" content=\"Lay&#039;s\" \/>\n<meta property=\"og:availability\" content=\"instock\" \/>\n<meta property=\"product:availability\" content=\"instock\" \/>\n<meta property=\"product:condition\" content=\"new\" \/>\n<!-- \/ Yoast SEO plugin. -->","yoast_head_json":{"title":"Chips Lay's - Iberoo","description":"Les chips Lay's sont l'un des choix les plus populaires lorsqu'on recherche une collation simple et croustillante \u2013 m\u00eame pour pr\u00e9parer une omelette espagnole aux pommes de terre !","robots":{"index":"index","follow":"follow","max-snippet":"max-snippet:-1","max-image-preview":"max-image-preview:large","max-video-preview":"max-video-preview:-1"},"canonical":"https:\/\/iberoo.com\/fr\/produit\/chips-lays\/","og_locale":"fr_FR","og_type":"article","og_title":"Patatas Fritas Lay's - Iberoo","og_description":"Las patatas fritas Lay\u2019s son una de las opciones m\u00e1s populares cuando se busca un snack sencillo y crujiente \u00a1hasta para hacer tortilla de patatas fritas!","og_url":"https:\/\/iberoo.com\/fr\/produit\/chips-lays\/","og_site_name":"Iberoo","article_modified_time":"2026-03-21T06:36:52+00:00","og_image":[{"width":1200,"height":1200,"url":"https:\/\/iberoo.com\/wp-content\/uploads\/2026\/03\/lays.webp","type":"image\/webp"}],"twitter_card":"summary_large_image","twitter_misc":{"Disponibilit\u00e9":"En stock"},"schema":{"@context":"https:\/\/schema.org","@graph":[{"@type":"WebPage","@id":"https:\/\/iberoo.com\/producto\/patatas-fritas-lays\/","url":"https:\/\/iberoo.com\/producto\/patatas-fritas-lays\/","name":"Chips Lay's - Iberoo","isPartOf":{"@id":"https:\/\/iberoo.com\/#website"},"primaryImageOfPage":{"@id":"https:\/\/iberoo.com\/producto\/patatas-fritas-lays\/#primaryimage"},"image":{"@id":"https:\/\/iberoo.com\/producto\/patatas-fritas-lays\/#primaryimage"},"thumbnailUrl":"https:\/\/iberoo.com\/wp-content\/uploads\/2026\/03\/lays.webp","datePublished":"2026-03-21T06:36:51+00:00","dateModified":"2026-03-21T06:36:52+00:00","description":"Les chips Lay's sont l'un des choix les plus populaires lorsqu'on recherche une collation simple et croustillante \u2013 m\u00eame pour pr\u00e9parer une omelette espagnole aux pommes de terre !","breadcrumb":{"@id":"https:\/\/iberoo.com\/producto\/patatas-fritas-lays\/#breadcrumb"},"inLanguage":"fr-FR","potentialAction":[{"@type":"ReadAction","target":["https:\/\/iberoo.com\/producto\/patatas-fritas-lays\/"]}]},{"@type":"ImageObject","inLanguage":"fr-FR","@id":"https:\/\/iberoo.com\/producto\/patatas-fritas-lays\/#primaryimage","url":"https:\/\/iberoo.com\/wp-content\/uploads\/2026\/03\/lays.webp","contentUrl":"https:\/\/iberoo.com\/wp-content\/uploads\/2026\/03\/lays.webp","width":1200,"height":1200,"caption":"Patatas Fritas Lay's"},{"@type":"BreadcrumbList","@id":"https:\/\/iberoo.com\/producto\/patatas-fritas-lays\/#breadcrumb","itemListElement":[{"@type":"ListItem","position":1,"name":"Portada","item":"https:\/\/iberoo.com\/"},{"@type":"ListItem","position":2,"name":"Tienda Online","item":"https:\/\/iberoo.com\/tienda\/"},{"@type":"ListItem","position":3,"name":"Patatas Fritas Lay&#8217;s"}]},{"@type":"WebSite","@id":"https:\/\/iberoo.com\/#website","url":"https:\/\/iberoo.com\/","name":"Iberoo","description":"","publisher":{"@id":"https:\/\/iberoo.com\/#organization"},"potentialAction":[{"@type":"SearchAction","target":{"@type":"EntryPoint","urlTemplate":"https:\/\/iberoo.com\/?s={search_term_string}"},"query-input":{"@type":"PropertyValueSpecification","valueRequired":true,"valueName":"search_term_string"}}],"inLanguage":"fr-FR"},{"@type":"Organization","@id":"https:\/\/iberoo.com\/#organization","name":"Iberoo","url":"https:\/\/iberoo.com\/","logo":{"@type":"ImageObject","inLanguage":"fr-FR","@id":"https:\/\/iberoo.com\/#\/schema\/logo\/image\/","url":"https:\/\/iberoo.com\/wp-content\/uploads\/2025\/11\/logo-cuadrado.jpg","contentUrl":"https:\/\/iberoo.com\/wp-content\/uploads\/2025\/11\/logo-cuadrado.jpg","width":700,"height":700,"caption":"Iberoo"},"image":{"@id":"https:\/\/iberoo.com\/#\/schema\/logo\/image\/"}}]},"product_brand":"Lay's","og_availability":"instock","product_availability":"instock","product_condition":"new"},"_links":{"self":[{"href":"https:\/\/iberoo.com\/fr\/wp-json\/wp\/v2\/product\/2765","targetHints":{"allow":["GET"]}}],"collection":[{"href":"https:\/\/iberoo.com\/fr\/wp-json\/wp\/v2\/product"}],"about":[{"href":"https:\/\/iberoo.com\/fr\/wp-json\/wp\/v2\/types\/product"}],"replies":[{"embeddable":true,"href":"https:\/\/iberoo.com\/fr\/wp-json\/wp\/v2\/comments?post=2765"}],"wp:featuredmedia":[{"embeddable":true,"href":"https:\/\/iberoo.com\/fr\/wp-json\/wp\/v2\/media\/2766"}],"wp:attachment":[{"href":"https:\/\/iberoo.com\/fr\/wp-json\/wp\/v2\/media?parent=2765"}],"wp:term":[{"taxonomy":"product_brand","embeddable":true,"href":"https:\/\/iberoo.com\/fr\/wp-json\/wp\/v2\/product_brand?post=2765"},{"taxonomy":"product_cat","embeddable":true,"href":"https:\/\/iberoo.com\/fr\/wp-json\/wp\/v2\/product_cat?post=2765"},{"taxonomy":"product_tag","embeddable":true,"href":"https:\/\/iberoo.com\/fr\/wp-json\/wp\/v2\/product_tag?post=2765"}],"curies":[{"name":"wp","href":"https:\/\/api.w.org\/{rel}","templated":true}]}}