{"id":2781,"date":"2026-03-23T12:30:52","date_gmt":"2026-03-23T11:30:52","guid":{"rendered":"https:\/\/iberoo.com\/?post_type=product&#038;p=2781"},"modified":"2026-03-23T12:53:17","modified_gmt":"2026-03-23T11:53:17","slug":"doritos","status":"publish","type":"product","link":"https:\/\/iberoo.com\/fr\/produit\/doritos\/","title":{"rendered":"Doritos"},"content":{"rendered":"<p>La forme triangulaire caract\u00e9ristique des Doritos et leur niveau de grillage conf\u00e8rent \u00e0 chaque bouch\u00e9e une consistance ferme, contrairement \u00e0 d'autres en-cas plus l\u00e9gers, ce qui en fait un choix id\u00e9al pour ceux qui pr\u00e9f\u00e8rent un en-cas avec plus de pr\u00e9sence.<\/p>\n<p>Ce sachet de 140 grammes de Doritos est id\u00e9al \u00e0 partager entre amis ou \u00e0 d\u00e9guster \u00e0 la maison \u00e0 tout moment. Pratique et facile \u00e0 ranger, il s'int\u00e8gre facilement \u00e0 vos courses habituelles.<\/p>\n<p>Dans cette gamme, vous avez le choix entre trois vari\u00e9t\u00e9s pour satisfaire tous les go\u00fbts. Les Doritos Tex Mex se distinguent par leur saveur classique, relev\u00e9e d'une touche \u00e9pic\u00e9e qui allie des notes intenses et l\u00e9g\u00e8rement piquantes, ce qui les rend tr\u00e8s reconnaissables et populaires. Les Doritos Sweet Chili offrent un contraste diff\u00e9rent, m\u00ealant une note sucr\u00e9e \u00e0 un piquant doux, pour un r\u00e9sultat parfaitement \u00e9quilibr\u00e9 et agr\u00e9able. Enfin, les Doritos Dippas sont sp\u00e9cialement con\u00e7ues pour \u00eatre d\u00e9gust\u00e9es avec des sauces, gr\u00e2ce \u00e0 leur forme et leur r\u00e9sistance qui leur permettent d'\u00eatre utilis\u00e9es sans se casser facilement.<\/p>\n<p>Ces amuse-gueules sont parfaits pour l'ap\u00e9ritif, les r\u00e9ceptions informelles ou pour accompagner les boissons. De plus, leur polyvalence permet de les marier \u00e0 diff\u00e9rentes sauces ou de les int\u00e9grer \u00e0 des plateaux de charcuterie, pour une touche de vari\u00e9t\u00e9 et de dynamisme.<\/p>\n<p>Choisir Doritos parmi ses nombreuses vari\u00e9t\u00e9s, c'est opter pour une collation qui a du caract\u00e8re, une texture croustillante et des saveurs intenses, parfaites en toute occasion. Un choix judicieux pour ceux qui recherchent plus qu'une simple collation.<\/p>","protected":false},"excerpt":{"rendered":"<p>Les Doritos en sachets de 140 g sont parmi les en-cas les plus connus pour leur saveur intense et leur texture croustillante. Disponibles en 3 vari\u00e9t\u00e9s.<\/p>","protected":false},"featured_media":2782,"comment_status":"closed","ping_status":"closed","template":"","meta":[],"product_brand":[247],"product_cat":[241,246],"product_tag":[],"class_list":{"0":"post-2781","1":"product","2":"type-product","3":"status-publish","4":"has-post-thumbnail","6":"product_brand-doritos","7":"product_cat-aperitivos-y-snacks","8":"product_cat-snacks","10":"first","11":"instock","12":"shipping-taxable","13":"purchasable","14":"product-type-variable"},"yoast_head":"<!-- This site is optimized with the Yoast SEO plugin v27.3 - https:\/\/yoast.com\/product\/yoast-seo-wordpress\/ -->\n<title>Doritos - Iberoo<\/title>\n<meta name=\"description\" content=\"Los Doritos son uno de los snacks m\u00e1s reconocibles cuando se busca un aperitivo con sabor intenso y textura crujiente. Disponibles en 3 sabores.\" \/>\n<meta name=\"robots\" content=\"index, follow, max-snippet:-1, max-image-preview:large, max-video-preview:-1\" \/>\n<link rel=\"canonical\" href=\"https:\/\/iberoo.com\/fr\/produit\/doritos\/\" \/>\n<meta property=\"og:locale\" content=\"fr_FR\" \/>\n<meta property=\"og:type\" content=\"article\" \/>\n<meta property=\"og:title\" content=\"Doritos - Iberoo\" \/>\n<meta property=\"og:description\" content=\"Los Doritos son uno de los snacks m\u00e1s reconocibles cuando se busca un aperitivo con sabor intenso y textura crujiente. Disponibles en 3 sabores.\" \/>\n<meta property=\"og:url\" content=\"https:\/\/iberoo.com\/fr\/produit\/doritos\/\" \/>\n<meta property=\"og:site_name\" content=\"Iberoo\" \/>\n<meta property=\"article:modified_time\" content=\"2026-03-23T11:53:17+00:00\" \/>\n<meta property=\"og:image\" content=\"https:\/\/iberoo.com\/wp-content\/uploads\/2026\/03\/doritos.webp\" \/>\n\t<meta property=\"og:image:width\" content=\"1200\" \/>\n\t<meta property=\"og:image:height\" content=\"1200\" \/>\n\t<meta property=\"og:image:type\" content=\"image\/webp\" \/>\n<meta name=\"twitter:card\" content=\"summary_large_image\" \/>\n<meta name=\"twitter:label1\" content=\"Disponibilit\u00e9\" \/>\n\t<meta name=\"twitter:data1\" content=\"En stock\" \/>\n<script type=\"application\/ld+json\" class=\"yoast-schema-graph\">{\"@context\":\"https:\\\/\\\/schema.org\",\"@graph\":[{\"@type\":\"WebPage\",\"@id\":\"https:\\\/\\\/iberoo.com\\\/producto\\\/doritos\\\/\",\"url\":\"https:\\\/\\\/iberoo.com\\\/producto\\\/doritos\\\/\",\"name\":\"Doritos - Iberoo\",\"isPartOf\":{\"@id\":\"https:\\\/\\\/iberoo.com\\\/#website\"},\"primaryImageOfPage\":{\"@id\":\"https:\\\/\\\/iberoo.com\\\/producto\\\/doritos\\\/#primaryimage\"},\"image\":{\"@id\":\"https:\\\/\\\/iberoo.com\\\/producto\\\/doritos\\\/#primaryimage\"},\"thumbnailUrl\":\"https:\\\/\\\/iberoo.com\\\/wp-content\\\/uploads\\\/2026\\\/03\\\/doritos.webp\",\"datePublished\":\"2026-03-23T11:30:52+00:00\",\"dateModified\":\"2026-03-23T11:53:17+00:00\",\"description\":\"Los Doritos son uno de los snacks m\u00e1s reconocibles cuando se busca un aperitivo con sabor intenso y textura crujiente. Disponibles en 3 sabores.\",\"breadcrumb\":{\"@id\":\"https:\\\/\\\/iberoo.com\\\/producto\\\/doritos\\\/#breadcrumb\"},\"inLanguage\":\"fr-FR\",\"potentialAction\":[{\"@type\":\"ReadAction\",\"target\":[\"https:\\\/\\\/iberoo.com\\\/producto\\\/doritos\\\/\"]}]},{\"@type\":\"ImageObject\",\"inLanguage\":\"fr-FR\",\"@id\":\"https:\\\/\\\/iberoo.com\\\/producto\\\/doritos\\\/#primaryimage\",\"url\":\"https:\\\/\\\/iberoo.com\\\/wp-content\\\/uploads\\\/2026\\\/03\\\/doritos.webp\",\"contentUrl\":\"https:\\\/\\\/iberoo.com\\\/wp-content\\\/uploads\\\/2026\\\/03\\\/doritos.webp\",\"width\":1200,\"height\":1200,\"caption\":\"Doritos\"},{\"@type\":\"BreadcrumbList\",\"@id\":\"https:\\\/\\\/iberoo.com\\\/producto\\\/doritos\\\/#breadcrumb\",\"itemListElement\":[{\"@type\":\"ListItem\",\"position\":1,\"name\":\"Portada\",\"item\":\"https:\\\/\\\/iberoo.com\\\/\"},{\"@type\":\"ListItem\",\"position\":2,\"name\":\"Tienda Online\",\"item\":\"https:\\\/\\\/iberoo.com\\\/tienda\\\/\"},{\"@type\":\"ListItem\",\"position\":3,\"name\":\"Doritos\"}]},{\"@type\":\"WebSite\",\"@id\":\"https:\\\/\\\/iberoo.com\\\/#website\",\"url\":\"https:\\\/\\\/iberoo.com\\\/\",\"name\":\"Iberoo\",\"description\":\"\",\"publisher\":{\"@id\":\"https:\\\/\\\/iberoo.com\\\/#organization\"},\"potentialAction\":[{\"@type\":\"SearchAction\",\"target\":{\"@type\":\"EntryPoint\",\"urlTemplate\":\"https:\\\/\\\/iberoo.com\\\/?s={search_term_string}\"},\"query-input\":{\"@type\":\"PropertyValueSpecification\",\"valueRequired\":true,\"valueName\":\"search_term_string\"}}],\"inLanguage\":\"fr-FR\"},{\"@type\":\"Organization\",\"@id\":\"https:\\\/\\\/iberoo.com\\\/#organization\",\"name\":\"Iberoo\",\"url\":\"https:\\\/\\\/iberoo.com\\\/\",\"logo\":{\"@type\":\"ImageObject\",\"inLanguage\":\"fr-FR\",\"@id\":\"https:\\\/\\\/iberoo.com\\\/#\\\/schema\\\/logo\\\/image\\\/\",\"url\":\"https:\\\/\\\/iberoo.com\\\/wp-content\\\/uploads\\\/2025\\\/11\\\/logo-cuadrado.jpg\",\"contentUrl\":\"https:\\\/\\\/iberoo.com\\\/wp-content\\\/uploads\\\/2025\\\/11\\\/logo-cuadrado.jpg\",\"width\":700,\"height\":700,\"caption\":\"Iberoo\"},\"image\":{\"@id\":\"https:\\\/\\\/iberoo.com\\\/#\\\/schema\\\/logo\\\/image\\\/\"}}]}<\/script>\n<meta property=\"product:brand\" content=\"Doritos\" \/>\n<meta property=\"og:availability\" content=\"instock\" \/>\n<meta property=\"product:availability\" content=\"instock\" \/>\n<meta property=\"product:condition\" content=\"new\" \/>\n<!-- \/ Yoast SEO plugin. -->","yoast_head_json":{"title":"Doritos - Iberoo","description":"Les Doritos sont parmi les en-cas les plus connus lorsqu'on recherche une gourmandise au go\u00fbt intense et \u00e0 la texture croustillante. Disponibles en 3 saveurs.","robots":{"index":"index","follow":"follow","max-snippet":"max-snippet:-1","max-image-preview":"max-image-preview:large","max-video-preview":"max-video-preview:-1"},"canonical":"https:\/\/iberoo.com\/fr\/produit\/doritos\/","og_locale":"fr_FR","og_type":"article","og_title":"Doritos - Iberoo","og_description":"Los Doritos son uno de los snacks m\u00e1s reconocibles cuando se busca un aperitivo con sabor intenso y textura crujiente. Disponibles en 3 sabores.","og_url":"https:\/\/iberoo.com\/fr\/produit\/doritos\/","og_site_name":"Iberoo","article_modified_time":"2026-03-23T11:53:17+00:00","og_image":[{"width":1200,"height":1200,"url":"https:\/\/iberoo.com\/wp-content\/uploads\/2026\/03\/doritos.webp","type":"image\/webp"}],"twitter_card":"summary_large_image","twitter_misc":{"Disponibilit\u00e9":"En stock"},"schema":{"@context":"https:\/\/schema.org","@graph":[{"@type":"WebPage","@id":"https:\/\/iberoo.com\/producto\/doritos\/","url":"https:\/\/iberoo.com\/producto\/doritos\/","name":"Doritos - Iberoo","isPartOf":{"@id":"https:\/\/iberoo.com\/#website"},"primaryImageOfPage":{"@id":"https:\/\/iberoo.com\/producto\/doritos\/#primaryimage"},"image":{"@id":"https:\/\/iberoo.com\/producto\/doritos\/#primaryimage"},"thumbnailUrl":"https:\/\/iberoo.com\/wp-content\/uploads\/2026\/03\/doritos.webp","datePublished":"2026-03-23T11:30:52+00:00","dateModified":"2026-03-23T11:53:17+00:00","description":"Les Doritos sont parmi les en-cas les plus connus lorsqu'on recherche une gourmandise au go\u00fbt intense et \u00e0 la texture croustillante. Disponibles en 3 saveurs.","breadcrumb":{"@id":"https:\/\/iberoo.com\/producto\/doritos\/#breadcrumb"},"inLanguage":"fr-FR","potentialAction":[{"@type":"ReadAction","target":["https:\/\/iberoo.com\/producto\/doritos\/"]}]},{"@type":"ImageObject","inLanguage":"fr-FR","@id":"https:\/\/iberoo.com\/producto\/doritos\/#primaryimage","url":"https:\/\/iberoo.com\/wp-content\/uploads\/2026\/03\/doritos.webp","contentUrl":"https:\/\/iberoo.com\/wp-content\/uploads\/2026\/03\/doritos.webp","width":1200,"height":1200,"caption":"Doritos"},{"@type":"BreadcrumbList","@id":"https:\/\/iberoo.com\/producto\/doritos\/#breadcrumb","itemListElement":[{"@type":"ListItem","position":1,"name":"Portada","item":"https:\/\/iberoo.com\/"},{"@type":"ListItem","position":2,"name":"Tienda Online","item":"https:\/\/iberoo.com\/tienda\/"},{"@type":"ListItem","position":3,"name":"Doritos"}]},{"@type":"WebSite","@id":"https:\/\/iberoo.com\/#website","url":"https:\/\/iberoo.com\/","name":"Iberoo","description":"","publisher":{"@id":"https:\/\/iberoo.com\/#organization"},"potentialAction":[{"@type":"SearchAction","target":{"@type":"EntryPoint","urlTemplate":"https:\/\/iberoo.com\/?s={search_term_string}"},"query-input":{"@type":"PropertyValueSpecification","valueRequired":true,"valueName":"search_term_string"}}],"inLanguage":"fr-FR"},{"@type":"Organization","@id":"https:\/\/iberoo.com\/#organization","name":"Iberoo","url":"https:\/\/iberoo.com\/","logo":{"@type":"ImageObject","inLanguage":"fr-FR","@id":"https:\/\/iberoo.com\/#\/schema\/logo\/image\/","url":"https:\/\/iberoo.com\/wp-content\/uploads\/2025\/11\/logo-cuadrado.jpg","contentUrl":"https:\/\/iberoo.com\/wp-content\/uploads\/2025\/11\/logo-cuadrado.jpg","width":700,"height":700,"caption":"Iberoo"},"image":{"@id":"https:\/\/iberoo.com\/#\/schema\/logo\/image\/"}}]},"product_brand":"Doritos","og_availability":"instock","product_availability":"instock","product_condition":"new"},"_links":{"self":[{"href":"https:\/\/iberoo.com\/fr\/wp-json\/wp\/v2\/product\/2781","targetHints":{"allow":["GET"]}}],"collection":[{"href":"https:\/\/iberoo.com\/fr\/wp-json\/wp\/v2\/product"}],"about":[{"href":"https:\/\/iberoo.com\/fr\/wp-json\/wp\/v2\/types\/product"}],"replies":[{"embeddable":true,"href":"https:\/\/iberoo.com\/fr\/wp-json\/wp\/v2\/comments?post=2781"}],"wp:featuredmedia":[{"embeddable":true,"href":"https:\/\/iberoo.com\/fr\/wp-json\/wp\/v2\/media\/2782"}],"wp:attachment":[{"href":"https:\/\/iberoo.com\/fr\/wp-json\/wp\/v2\/media?parent=2781"}],"wp:term":[{"taxonomy":"product_brand","embeddable":true,"href":"https:\/\/iberoo.com\/fr\/wp-json\/wp\/v2\/product_brand?post=2781"},{"taxonomy":"product_cat","embeddable":true,"href":"https:\/\/iberoo.com\/fr\/wp-json\/wp\/v2\/product_cat?post=2781"},{"taxonomy":"product_tag","embeddable":true,"href":"https:\/\/iberoo.com\/fr\/wp-json\/wp\/v2\/product_tag?post=2781"}],"curies":[{"name":"wp","href":"https:\/\/api.w.org\/{rel}","templated":true}]}}