{"id":2789,"date":"2026-03-20T17:49:49","date_gmt":"2026-03-20T16:49:49","guid":{"rendered":"https:\/\/iberoo.com\/?post_type=product&#038;p=2789"},"modified":"2026-03-20T17:49:49","modified_gmt":"2026-03-20T16:49:49","slug":"graines-de-tournesol-piponazo","status":"publish","type":"product","link":"https:\/\/iberoo.com\/fr\/produit\/graines-de-tournesol-piponazo\/","title":{"rendered":"Graines de tournesol Piponazo"},"content":{"rendered":"<p>Gr\u00e2ce \u00e0 leur taille g\u00e9n\u00e9reuse et \u00e0 leur saveur grill\u00e9e unique, les graines de tournesol El Piponazo sont devenues un choix tr\u00e8s appr\u00e9ci\u00e9 parmi les noix. Elles sont parfaites pour \u00eatre savour\u00e9es lentement, que ce soit \u00e0 la maison, devant un film ou \u00e0 tout moment o\u00f9 vous souhaitez vous d\u00e9tendre.<\/p>\n<p>L'un des principaux atouts de ces graines de tournesol r\u00e9side dans l'\u00e9quilibre de leur texture et de leur saveur. Grosses et faciles \u00e0 ouvrir, elles sont l\u00e9g\u00e8rement grill\u00e9es, ce qui rehausse leur go\u00fbt sans l'alourdir. Chaque poign\u00e9e est ainsi un plaisir gustatif et leur consommation est plus pratique, un avantage particuli\u00e8rement appr\u00e9ciable pour ce type de produit.<\/p>\n<p>La gamme El Piponazo propose deux vari\u00e9t\u00e9s pour satisfaire tous les go\u00fbts. Le Piponazo Original conserve la saveur classique qui a fait sa popularit\u00e9, avec juste ce qu'il faut de sel pour une pause gourmande sans lourdeur. C'est le choix id\u00e9al pour ceux qui recherchent une option traditionnelle et simple.<\/p>\n<p>En revanche, les graines de tournesol Piponazo Gourmet offrent une exp\u00e9rience plus raffin\u00e9e, avec un profil aromatique plus sophistiqu\u00e9 et une finale qui les rend particuli\u00e8rement attrayantes pour ceux qui recherchent une alternative aux graines de tournesol classiques. Elles constituent un excellent choix pour sublimer vos en-cas sans trop s'\u00e9loigner des saveurs famili\u00e8res.<\/p>\n<p>Ces graines de tournesol sont parfaites pour une petite faim \u00e0 partager, pour accompagner vos boissons ou tout simplement pour en avoir sous la main. Faciles \u00e0 conserver et \u00e0 transporter, elles sont aussi un choix pratique en toute occasion.<\/p>\n<p>Choisir les graines de tournesol El Piponazo Grefusa, c'est opter pour un en-cas classique\u00a0: une taille id\u00e9ale, une saveur \u00e9quilibr\u00e9e et deux vari\u00e9t\u00e9s pour toutes les occasions. Un choix simple et toujours efficace.<\/p>","protected":false},"excerpt":{"rendered":"<p>Les graines de tournesol El Piponazo de Grefusa sont un en-cas id\u00e9al pour une petite pause gourmande et facile. Disponibles en deux vari\u00e9t\u00e9s\u00a0: Piponazo Original et Piponazo Gourmet.<\/p>","protected":false},"featured_media":2791,"comment_status":"closed","ping_status":"closed","template":"","meta":[],"product_brand":[248],"product_cat":[241,250],"product_tag":[],"class_list":{"0":"post-2789","1":"product","2":"type-product","3":"status-publish","4":"has-post-thumbnail","6":"product_brand-grefusa","7":"product_cat-aperitivos-y-snacks","8":"product_cat-frutos-secos","10":"first","11":"instock","12":"shipping-taxable","13":"purchasable","14":"product-type-variable"},"yoast_head":"<!-- This site is optimized with the Yoast SEO plugin v27.3 - https:\/\/yoast.com\/product\/yoast-seo-wordpress\/ -->\n<title>Pipas Piponazo - Iberoo<\/title>\n<meta name=\"description\" content=\"Las pipas El Piponazo de Grefusa son uno de esos snacks que nunca fallan cuando apetece algo para picar sin complicaciones.\" \/>\n<meta name=\"robots\" content=\"index, follow, max-snippet:-1, max-image-preview:large, max-video-preview:-1\" \/>\n<link rel=\"canonical\" href=\"https:\/\/iberoo.com\/fr\/produit\/graines-de-tournesol-piponazo\/\" \/>\n<meta property=\"og:locale\" content=\"fr_FR\" \/>\n<meta property=\"og:type\" content=\"article\" \/>\n<meta property=\"og:title\" content=\"Pipas Piponazo - Iberoo\" \/>\n<meta property=\"og:description\" content=\"Las pipas El Piponazo de Grefusa son uno de esos snacks que nunca fallan cuando apetece algo para picar sin complicaciones.\" \/>\n<meta property=\"og:url\" content=\"https:\/\/iberoo.com\/fr\/produit\/graines-de-tournesol-piponazo\/\" \/>\n<meta property=\"og:site_name\" content=\"Iberoo\" \/>\n<meta property=\"og:image\" content=\"https:\/\/iberoo.com\/wp-content\/uploads\/2026\/03\/grefusa-piponazo.webp\" \/>\n\t<meta property=\"og:image:width\" content=\"1200\" \/>\n\t<meta property=\"og:image:height\" content=\"1200\" \/>\n\t<meta property=\"og:image:type\" content=\"image\/webp\" \/>\n<meta name=\"twitter:card\" content=\"summary_large_image\" \/>\n<meta name=\"twitter:label1\" content=\"Disponibilit\u00e9\" \/>\n\t<meta name=\"twitter:data1\" content=\"En stock\" \/>\n<script type=\"application\/ld+json\" class=\"yoast-schema-graph\">{\"@context\":\"https:\\\/\\\/schema.org\",\"@graph\":[{\"@type\":\"WebPage\",\"@id\":\"https:\\\/\\\/iberoo.com\\\/producto\\\/pipas-piponazo\\\/\",\"url\":\"https:\\\/\\\/iberoo.com\\\/producto\\\/pipas-piponazo\\\/\",\"name\":\"Pipas Piponazo - Iberoo\",\"isPartOf\":{\"@id\":\"https:\\\/\\\/iberoo.com\\\/#website\"},\"primaryImageOfPage\":{\"@id\":\"https:\\\/\\\/iberoo.com\\\/producto\\\/pipas-piponazo\\\/#primaryimage\"},\"image\":{\"@id\":\"https:\\\/\\\/iberoo.com\\\/producto\\\/pipas-piponazo\\\/#primaryimage\"},\"thumbnailUrl\":\"https:\\\/\\\/iberoo.com\\\/wp-content\\\/uploads\\\/2026\\\/03\\\/grefusa-piponazo.webp\",\"datePublished\":\"2026-03-20T16:49:49+00:00\",\"description\":\"Las pipas El Piponazo de Grefusa son uno de esos snacks que nunca fallan cuando apetece algo para picar sin complicaciones.\",\"breadcrumb\":{\"@id\":\"https:\\\/\\\/iberoo.com\\\/producto\\\/pipas-piponazo\\\/#breadcrumb\"},\"inLanguage\":\"fr-FR\",\"potentialAction\":[{\"@type\":\"ReadAction\",\"target\":[\"https:\\\/\\\/iberoo.com\\\/producto\\\/pipas-piponazo\\\/\"]}]},{\"@type\":\"ImageObject\",\"inLanguage\":\"fr-FR\",\"@id\":\"https:\\\/\\\/iberoo.com\\\/producto\\\/pipas-piponazo\\\/#primaryimage\",\"url\":\"https:\\\/\\\/iberoo.com\\\/wp-content\\\/uploads\\\/2026\\\/03\\\/grefusa-piponazo.webp\",\"contentUrl\":\"https:\\\/\\\/iberoo.com\\\/wp-content\\\/uploads\\\/2026\\\/03\\\/grefusa-piponazo.webp\",\"width\":1200,\"height\":1200,\"caption\":\"Pipas Piponazo\"},{\"@type\":\"BreadcrumbList\",\"@id\":\"https:\\\/\\\/iberoo.com\\\/producto\\\/pipas-piponazo\\\/#breadcrumb\",\"itemListElement\":[{\"@type\":\"ListItem\",\"position\":1,\"name\":\"Portada\",\"item\":\"https:\\\/\\\/iberoo.com\\\/\"},{\"@type\":\"ListItem\",\"position\":2,\"name\":\"Tienda Online\",\"item\":\"https:\\\/\\\/iberoo.com\\\/tienda\\\/\"},{\"@type\":\"ListItem\",\"position\":3,\"name\":\"Pipas Piponazo\"}]},{\"@type\":\"WebSite\",\"@id\":\"https:\\\/\\\/iberoo.com\\\/#website\",\"url\":\"https:\\\/\\\/iberoo.com\\\/\",\"name\":\"Iberoo\",\"description\":\"\",\"publisher\":{\"@id\":\"https:\\\/\\\/iberoo.com\\\/#organization\"},\"potentialAction\":[{\"@type\":\"SearchAction\",\"target\":{\"@type\":\"EntryPoint\",\"urlTemplate\":\"https:\\\/\\\/iberoo.com\\\/?s={search_term_string}\"},\"query-input\":{\"@type\":\"PropertyValueSpecification\",\"valueRequired\":true,\"valueName\":\"search_term_string\"}}],\"inLanguage\":\"fr-FR\"},{\"@type\":\"Organization\",\"@id\":\"https:\\\/\\\/iberoo.com\\\/#organization\",\"name\":\"Iberoo\",\"url\":\"https:\\\/\\\/iberoo.com\\\/\",\"logo\":{\"@type\":\"ImageObject\",\"inLanguage\":\"fr-FR\",\"@id\":\"https:\\\/\\\/iberoo.com\\\/#\\\/schema\\\/logo\\\/image\\\/\",\"url\":\"https:\\\/\\\/iberoo.com\\\/wp-content\\\/uploads\\\/2025\\\/11\\\/logo-cuadrado.jpg\",\"contentUrl\":\"https:\\\/\\\/iberoo.com\\\/wp-content\\\/uploads\\\/2025\\\/11\\\/logo-cuadrado.jpg\",\"width\":700,\"height\":700,\"caption\":\"Iberoo\"},\"image\":{\"@id\":\"https:\\\/\\\/iberoo.com\\\/#\\\/schema\\\/logo\\\/image\\\/\"}}]}<\/script>\n<meta property=\"product:brand\" content=\"Grefusa\" \/>\n<meta property=\"og:availability\" content=\"instock\" \/>\n<meta property=\"product:availability\" content=\"instock\" \/>\n<meta property=\"product:condition\" content=\"new\" \/>\n<!-- \/ Yoast SEO plugin. -->","yoast_head_json":{"title":"Graines de tournesol Piponazo - Iberoo","description":"Les graines de tournesol El Piponazo de Grefusa font partie de ces en-cas qui ne d\u00e9\u00e7oivent jamais quand on a envie de grignoter sans complications.","robots":{"index":"index","follow":"follow","max-snippet":"max-snippet:-1","max-image-preview":"max-image-preview:large","max-video-preview":"max-video-preview:-1"},"canonical":"https:\/\/iberoo.com\/fr\/produit\/graines-de-tournesol-piponazo\/","og_locale":"fr_FR","og_type":"article","og_title":"Pipas Piponazo - Iberoo","og_description":"Las pipas El Piponazo de Grefusa son uno de esos snacks que nunca fallan cuando apetece algo para picar sin complicaciones.","og_url":"https:\/\/iberoo.com\/fr\/produit\/graines-de-tournesol-piponazo\/","og_site_name":"Iberoo","og_image":[{"width":1200,"height":1200,"url":"https:\/\/iberoo.com\/wp-content\/uploads\/2026\/03\/grefusa-piponazo.webp","type":"image\/webp"}],"twitter_card":"summary_large_image","twitter_misc":{"Disponibilit\u00e9":"En stock"},"schema":{"@context":"https:\/\/schema.org","@graph":[{"@type":"WebPage","@id":"https:\/\/iberoo.com\/producto\/pipas-piponazo\/","url":"https:\/\/iberoo.com\/producto\/pipas-piponazo\/","name":"Graines de tournesol Piponazo - Iberoo","isPartOf":{"@id":"https:\/\/iberoo.com\/#website"},"primaryImageOfPage":{"@id":"https:\/\/iberoo.com\/producto\/pipas-piponazo\/#primaryimage"},"image":{"@id":"https:\/\/iberoo.com\/producto\/pipas-piponazo\/#primaryimage"},"thumbnailUrl":"https:\/\/iberoo.com\/wp-content\/uploads\/2026\/03\/grefusa-piponazo.webp","datePublished":"2026-03-20T16:49:49+00:00","description":"Les graines de tournesol El Piponazo de Grefusa font partie de ces en-cas qui ne d\u00e9\u00e7oivent jamais quand on a envie de grignoter sans complications.","breadcrumb":{"@id":"https:\/\/iberoo.com\/producto\/pipas-piponazo\/#breadcrumb"},"inLanguage":"fr-FR","potentialAction":[{"@type":"ReadAction","target":["https:\/\/iberoo.com\/producto\/pipas-piponazo\/"]}]},{"@type":"ImageObject","inLanguage":"fr-FR","@id":"https:\/\/iberoo.com\/producto\/pipas-piponazo\/#primaryimage","url":"https:\/\/iberoo.com\/wp-content\/uploads\/2026\/03\/grefusa-piponazo.webp","contentUrl":"https:\/\/iberoo.com\/wp-content\/uploads\/2026\/03\/grefusa-piponazo.webp","width":1200,"height":1200,"caption":"Pipas Piponazo"},{"@type":"BreadcrumbList","@id":"https:\/\/iberoo.com\/producto\/pipas-piponazo\/#breadcrumb","itemListElement":[{"@type":"ListItem","position":1,"name":"Portada","item":"https:\/\/iberoo.com\/"},{"@type":"ListItem","position":2,"name":"Tienda Online","item":"https:\/\/iberoo.com\/tienda\/"},{"@type":"ListItem","position":3,"name":"Pipas Piponazo"}]},{"@type":"WebSite","@id":"https:\/\/iberoo.com\/#website","url":"https:\/\/iberoo.com\/","name":"Iberoo","description":"","publisher":{"@id":"https:\/\/iberoo.com\/#organization"},"potentialAction":[{"@type":"SearchAction","target":{"@type":"EntryPoint","urlTemplate":"https:\/\/iberoo.com\/?s={search_term_string}"},"query-input":{"@type":"PropertyValueSpecification","valueRequired":true,"valueName":"search_term_string"}}],"inLanguage":"fr-FR"},{"@type":"Organization","@id":"https:\/\/iberoo.com\/#organization","name":"Iberoo","url":"https:\/\/iberoo.com\/","logo":{"@type":"ImageObject","inLanguage":"fr-FR","@id":"https:\/\/iberoo.com\/#\/schema\/logo\/image\/","url":"https:\/\/iberoo.com\/wp-content\/uploads\/2025\/11\/logo-cuadrado.jpg","contentUrl":"https:\/\/iberoo.com\/wp-content\/uploads\/2025\/11\/logo-cuadrado.jpg","width":700,"height":700,"caption":"Iberoo"},"image":{"@id":"https:\/\/iberoo.com\/#\/schema\/logo\/image\/"}}]},"product_brand":"Grefusa","og_availability":"instock","product_availability":"instock","product_condition":"new"},"_links":{"self":[{"href":"https:\/\/iberoo.com\/fr\/wp-json\/wp\/v2\/product\/2789","targetHints":{"allow":["GET"]}}],"collection":[{"href":"https:\/\/iberoo.com\/fr\/wp-json\/wp\/v2\/product"}],"about":[{"href":"https:\/\/iberoo.com\/fr\/wp-json\/wp\/v2\/types\/product"}],"replies":[{"embeddable":true,"href":"https:\/\/iberoo.com\/fr\/wp-json\/wp\/v2\/comments?post=2789"}],"wp:featuredmedia":[{"embeddable":true,"href":"https:\/\/iberoo.com\/fr\/wp-json\/wp\/v2\/media\/2791"}],"wp:attachment":[{"href":"https:\/\/iberoo.com\/fr\/wp-json\/wp\/v2\/media?parent=2789"}],"wp:term":[{"taxonomy":"product_brand","embeddable":true,"href":"https:\/\/iberoo.com\/fr\/wp-json\/wp\/v2\/product_brand?post=2789"},{"taxonomy":"product_cat","embeddable":true,"href":"https:\/\/iberoo.com\/fr\/wp-json\/wp\/v2\/product_cat?post=2789"},{"taxonomy":"product_tag","embeddable":true,"href":"https:\/\/iberoo.com\/fr\/wp-json\/wp\/v2\/product_tag?post=2789"}],"curies":[{"name":"wp","href":"https:\/\/api.w.org\/{rel}","templated":true}]}}