{"id":2797,"date":"2026-03-20T18:42:25","date_gmt":"2026-03-20T17:42:25","guid":{"rendered":"https:\/\/iberoo.com\/?post_type=product&#038;p=2797"},"modified":"2026-03-20T18:42:26","modified_gmt":"2026-03-20T17:42:26","slug":"mais-grille-mistercorn","status":"publish","type":"product","link":"https:\/\/iberoo.com\/fr\/produit\/mais-grille-mistercorn\/","title":{"rendered":"Ma\u00efs grill\u00e9 MisterCorn"},"content":{"rendered":"<p>Avec leurs grains de ma\u00efs grill\u00e9s si particuliers, les noix de ma\u00efs MisterCorn de Grefusa offrent une texture ferme et une saveur intense qui les distinguent des autres en-cas plus l\u00e9gers. Elles sont parfaites pour une pause gourmande d\u00e9contract\u00e9e ou une soir\u00e9e entre amis.<\/p>\n<p>Le secret des grains de ma\u00efs MisterCorn r\u00e9side dans leur niveau de torr\u00e9faction, qui permet d'obtenir un \u00e9quilibre parfait entre fermet\u00e9 et saveur, sans exc\u00e8s. Chaque grain conserve sa texture et offre le croquant recherch\u00e9 pour une collation plus consistante. De plus, leur saveur est bien d\u00e9finie, ce qui signifie qu'aucun ingr\u00e9dient suppl\u00e9mentaire n'est n\u00e9cessaire pour les rendre irr\u00e9sistibles.<\/p>\n<p>Le format en sachet de 160 grammes est pratique et polyvalent. Facile \u00e0 partager, il est aussi id\u00e9al \u00e0 garder chez soi et \u00e0 savourer petit \u00e0 petit. Son format pratique permet de l'int\u00e9grer facilement \u00e0 vos courses habituelles\u00a0: il se conserve bien et convient \u00e0 tous les moments de la journ\u00e9e.<\/p>\n<p>Les grains de ma\u00efs souffl\u00e9 Grefusa MisterCorn se marient parfaitement avec les boissons, les autres en-cas, ou m\u00eame en compl\u00e9ment d'un plateau ap\u00e9ritif. Ils sont tr\u00e8s appr\u00e9ci\u00e9s de ceux qui recherchent une alternative aux chips, avec une texture plus consistante et une saveur plus prononc\u00e9e.<\/p>\n<p>Choisir Kikos MisterCorn 160g, c'est opter pour un en-cas classique qui reste un incontournable gr\u00e2ce \u00e0 sa simplicit\u00e9, son croquant caract\u00e9ristique et sa capacit\u00e9 \u00e0 s'adapter \u00e0 toutes les occasions sans complications.<\/p>","protected":false},"excerpt":{"rendered":"<p>Le ma\u00efs grill\u00e9 MisterCorn est l'un des en-cas les plus appr\u00e9ci\u00e9s pour son c\u00f4t\u00e9 croustillant, savoureux et facile \u00e0 d\u00e9guster \u00e0 tout moment. Sachet de 160 g.<\/p>","protected":false},"featured_media":2798,"comment_status":"closed","ping_status":"closed","template":"","meta":[],"product_brand":[248],"product_cat":[241,250],"product_tag":[],"class_list":{"0":"post-2797","1":"product","2":"type-product","3":"status-publish","4":"has-post-thumbnail","6":"product_brand-grefusa","7":"product_cat-aperitivos-y-snacks","8":"product_cat-frutos-secos","10":"first","11":"instock","12":"shipping-taxable","13":"purchasable","14":"product-type-simple"},"yoast_head":"<!-- This site is optimized with the Yoast SEO plugin v27.3 - https:\/\/yoast.com\/product\/yoast-seo-wordpress\/ -->\n<title>Kikos MisterCorn - Iberoo<\/title>\n<meta name=\"description\" content=\"Los Kikos MisterCorn Grefusa son uno de los snacks m\u00e1s reconocibles para quienes buscan algo crujiente, sabroso y f\u00e1cil de disfrutar en cualquier momento.\" \/>\n<meta name=\"robots\" content=\"index, follow, max-snippet:-1, max-image-preview:large, max-video-preview:-1\" \/>\n<link rel=\"canonical\" href=\"https:\/\/iberoo.com\/fr\/produit\/mais-grille-mistercorn\/\" \/>\n<meta property=\"og:locale\" content=\"fr_FR\" \/>\n<meta property=\"og:type\" content=\"article\" \/>\n<meta property=\"og:title\" content=\"Kikos MisterCorn - Iberoo\" \/>\n<meta property=\"og:description\" content=\"Los Kikos MisterCorn Grefusa son uno de los snacks m\u00e1s reconocibles para quienes buscan algo crujiente, sabroso y f\u00e1cil de disfrutar en cualquier momento.\" \/>\n<meta property=\"og:url\" content=\"https:\/\/iberoo.com\/fr\/produit\/mais-grille-mistercorn\/\" \/>\n<meta property=\"og:site_name\" content=\"Iberoo\" \/>\n<meta property=\"article:modified_time\" content=\"2026-03-20T17:42:26+00:00\" \/>\n<meta property=\"og:image\" content=\"https:\/\/iberoo.com\/wp-content\/uploads\/2026\/03\/grefusa-kikos-mistercorn.jpg\" \/>\n\t<meta property=\"og:image:width\" content=\"1200\" \/>\n\t<meta property=\"og:image:height\" content=\"1200\" \/>\n\t<meta property=\"og:image:type\" content=\"image\/jpeg\" \/>\n<meta name=\"twitter:card\" content=\"summary_large_image\" \/>\n<meta name=\"twitter:label1\" content=\"Prix\" \/>\n\t<meta name=\"twitter:data1\" content=\"3,05&nbsp;&euro;\" \/>\n\t<meta name=\"twitter:label2\" content=\"Disponibilit\u00e9\" \/>\n\t<meta name=\"twitter:data2\" content=\"En stock\" \/>\n<script type=\"application\/ld+json\" class=\"yoast-schema-graph\">{\"@context\":\"https:\\\/\\\/schema.org\",\"@graph\":[{\"@type\":\"WebPage\",\"@id\":\"https:\\\/\\\/iberoo.com\\\/producto\\\/kikos-mistercorn\\\/\",\"url\":\"https:\\\/\\\/iberoo.com\\\/producto\\\/kikos-mistercorn\\\/\",\"name\":\"Kikos MisterCorn - Iberoo\",\"isPartOf\":{\"@id\":\"https:\\\/\\\/iberoo.com\\\/#website\"},\"primaryImageOfPage\":{\"@id\":\"https:\\\/\\\/iberoo.com\\\/producto\\\/kikos-mistercorn\\\/#primaryimage\"},\"image\":{\"@id\":\"https:\\\/\\\/iberoo.com\\\/producto\\\/kikos-mistercorn\\\/#primaryimage\"},\"thumbnailUrl\":\"https:\\\/\\\/iberoo.com\\\/wp-content\\\/uploads\\\/2026\\\/03\\\/grefusa-kikos-mistercorn.jpg\",\"datePublished\":\"2026-03-20T17:42:25+00:00\",\"dateModified\":\"2026-03-20T17:42:26+00:00\",\"description\":\"Los Kikos MisterCorn Grefusa son uno de los snacks m\u00e1s reconocibles para quienes buscan algo crujiente, sabroso y f\u00e1cil de disfrutar en cualquier momento.\",\"breadcrumb\":{\"@id\":\"https:\\\/\\\/iberoo.com\\\/producto\\\/kikos-mistercorn\\\/#breadcrumb\"},\"inLanguage\":\"fr-FR\",\"potentialAction\":[{\"@type\":\"ReadAction\",\"target\":[\"https:\\\/\\\/iberoo.com\\\/producto\\\/kikos-mistercorn\\\/\"]}]},{\"@type\":\"ImageObject\",\"inLanguage\":\"fr-FR\",\"@id\":\"https:\\\/\\\/iberoo.com\\\/producto\\\/kikos-mistercorn\\\/#primaryimage\",\"url\":\"https:\\\/\\\/iberoo.com\\\/wp-content\\\/uploads\\\/2026\\\/03\\\/grefusa-kikos-mistercorn.jpg\",\"contentUrl\":\"https:\\\/\\\/iberoo.com\\\/wp-content\\\/uploads\\\/2026\\\/03\\\/grefusa-kikos-mistercorn.jpg\",\"width\":1200,\"height\":1200,\"caption\":\"Kikos MisterCorn\"},{\"@type\":\"BreadcrumbList\",\"@id\":\"https:\\\/\\\/iberoo.com\\\/producto\\\/kikos-mistercorn\\\/#breadcrumb\",\"itemListElement\":[{\"@type\":\"ListItem\",\"position\":1,\"name\":\"Portada\",\"item\":\"https:\\\/\\\/iberoo.com\\\/\"},{\"@type\":\"ListItem\",\"position\":2,\"name\":\"Tienda Online\",\"item\":\"https:\\\/\\\/iberoo.com\\\/tienda\\\/\"},{\"@type\":\"ListItem\",\"position\":3,\"name\":\"Kikos MisterCorn\"}]},{\"@type\":\"WebSite\",\"@id\":\"https:\\\/\\\/iberoo.com\\\/#website\",\"url\":\"https:\\\/\\\/iberoo.com\\\/\",\"name\":\"Iberoo\",\"description\":\"\",\"publisher\":{\"@id\":\"https:\\\/\\\/iberoo.com\\\/#organization\"},\"potentialAction\":[{\"@type\":\"SearchAction\",\"target\":{\"@type\":\"EntryPoint\",\"urlTemplate\":\"https:\\\/\\\/iberoo.com\\\/?s={search_term_string}\"},\"query-input\":{\"@type\":\"PropertyValueSpecification\",\"valueRequired\":true,\"valueName\":\"search_term_string\"}}],\"inLanguage\":\"fr-FR\"},{\"@type\":\"Organization\",\"@id\":\"https:\\\/\\\/iberoo.com\\\/#organization\",\"name\":\"Iberoo\",\"url\":\"https:\\\/\\\/iberoo.com\\\/\",\"logo\":{\"@type\":\"ImageObject\",\"inLanguage\":\"fr-FR\",\"@id\":\"https:\\\/\\\/iberoo.com\\\/#\\\/schema\\\/logo\\\/image\\\/\",\"url\":\"https:\\\/\\\/iberoo.com\\\/wp-content\\\/uploads\\\/2025\\\/11\\\/logo-cuadrado.jpg\",\"contentUrl\":\"https:\\\/\\\/iberoo.com\\\/wp-content\\\/uploads\\\/2025\\\/11\\\/logo-cuadrado.jpg\",\"width\":700,\"height\":700,\"caption\":\"Iberoo\"},\"image\":{\"@id\":\"https:\\\/\\\/iberoo.com\\\/#\\\/schema\\\/logo\\\/image\\\/\"}}]}<\/script>\n<meta property=\"product:brand\" content=\"Grefusa\" \/>\n<meta property=\"product:price:amount\" content=\"3.05\" \/>\n<meta property=\"product:price:currency\" content=\"EUR\" \/>\n<meta property=\"og:availability\" content=\"instock\" \/>\n<meta property=\"product:availability\" content=\"instock\" \/>\n<meta property=\"product:condition\" content=\"new\" \/>\n<!-- \/ Yoast SEO plugin. -->","yoast_head_json":{"title":"Ma\u00efs grill\u00e9 MisterCorn - Iberoo","description":"Le ma\u00efs grill\u00e9 MisterCorn est l'un des en-cas les plus connus pour ceux qui recherchent quelque chose de croustillant, de savoureux et facile \u00e0 d\u00e9guster \u00e0 tout moment.","robots":{"index":"index","follow":"follow","max-snippet":"max-snippet:-1","max-image-preview":"max-image-preview:large","max-video-preview":"max-video-preview:-1"},"canonical":"https:\/\/iberoo.com\/fr\/produit\/mais-grille-mistercorn\/","og_locale":"fr_FR","og_type":"article","og_title":"Kikos MisterCorn - Iberoo","og_description":"Los Kikos MisterCorn Grefusa son uno de los snacks m\u00e1s reconocibles para quienes buscan algo crujiente, sabroso y f\u00e1cil de disfrutar en cualquier momento.","og_url":"https:\/\/iberoo.com\/fr\/produit\/mais-grille-mistercorn\/","og_site_name":"Iberoo","article_modified_time":"2026-03-20T17:42:26+00:00","og_image":[{"width":1200,"height":1200,"url":"https:\/\/iberoo.com\/wp-content\/uploads\/2026\/03\/grefusa-kikos-mistercorn.jpg","type":"image\/jpeg"}],"twitter_card":"summary_large_image","twitter_misc":{"Prix":"3,05&nbsp;&euro;","Disponibilit\u00e9":"En stock"},"schema":{"@context":"https:\/\/schema.org","@graph":[{"@type":"WebPage","@id":"https:\/\/iberoo.com\/producto\/kikos-mistercorn\/","url":"https:\/\/iberoo.com\/producto\/kikos-mistercorn\/","name":"Ma\u00efs grill\u00e9 MisterCorn - Iberoo","isPartOf":{"@id":"https:\/\/iberoo.com\/#website"},"primaryImageOfPage":{"@id":"https:\/\/iberoo.com\/producto\/kikos-mistercorn\/#primaryimage"},"image":{"@id":"https:\/\/iberoo.com\/producto\/kikos-mistercorn\/#primaryimage"},"thumbnailUrl":"https:\/\/iberoo.com\/wp-content\/uploads\/2026\/03\/grefusa-kikos-mistercorn.jpg","datePublished":"2026-03-20T17:42:25+00:00","dateModified":"2026-03-20T17:42:26+00:00","description":"Le ma\u00efs grill\u00e9 MisterCorn est l'un des en-cas les plus connus pour ceux qui recherchent quelque chose de croustillant, de savoureux et facile \u00e0 d\u00e9guster \u00e0 tout moment.","breadcrumb":{"@id":"https:\/\/iberoo.com\/producto\/kikos-mistercorn\/#breadcrumb"},"inLanguage":"fr-FR","potentialAction":[{"@type":"ReadAction","target":["https:\/\/iberoo.com\/producto\/kikos-mistercorn\/"]}]},{"@type":"ImageObject","inLanguage":"fr-FR","@id":"https:\/\/iberoo.com\/producto\/kikos-mistercorn\/#primaryimage","url":"https:\/\/iberoo.com\/wp-content\/uploads\/2026\/03\/grefusa-kikos-mistercorn.jpg","contentUrl":"https:\/\/iberoo.com\/wp-content\/uploads\/2026\/03\/grefusa-kikos-mistercorn.jpg","width":1200,"height":1200,"caption":"Kikos MisterCorn"},{"@type":"BreadcrumbList","@id":"https:\/\/iberoo.com\/producto\/kikos-mistercorn\/#breadcrumb","itemListElement":[{"@type":"ListItem","position":1,"name":"Portada","item":"https:\/\/iberoo.com\/"},{"@type":"ListItem","position":2,"name":"Tienda Online","item":"https:\/\/iberoo.com\/tienda\/"},{"@type":"ListItem","position":3,"name":"Kikos MisterCorn"}]},{"@type":"WebSite","@id":"https:\/\/iberoo.com\/#website","url":"https:\/\/iberoo.com\/","name":"Iberoo","description":"","publisher":{"@id":"https:\/\/iberoo.com\/#organization"},"potentialAction":[{"@type":"SearchAction","target":{"@type":"EntryPoint","urlTemplate":"https:\/\/iberoo.com\/?s={search_term_string}"},"query-input":{"@type":"PropertyValueSpecification","valueRequired":true,"valueName":"search_term_string"}}],"inLanguage":"fr-FR"},{"@type":"Organization","@id":"https:\/\/iberoo.com\/#organization","name":"Iberoo","url":"https:\/\/iberoo.com\/","logo":{"@type":"ImageObject","inLanguage":"fr-FR","@id":"https:\/\/iberoo.com\/#\/schema\/logo\/image\/","url":"https:\/\/iberoo.com\/wp-content\/uploads\/2025\/11\/logo-cuadrado.jpg","contentUrl":"https:\/\/iberoo.com\/wp-content\/uploads\/2025\/11\/logo-cuadrado.jpg","width":700,"height":700,"caption":"Iberoo"},"image":{"@id":"https:\/\/iberoo.com\/#\/schema\/logo\/image\/"}}]},"product_brand":"Grefusa","product_price_amount":"3.05","product_price_currency":"EUR","og_availability":"instock","product_availability":"instock","product_condition":"new"},"_links":{"self":[{"href":"https:\/\/iberoo.com\/fr\/wp-json\/wp\/v2\/product\/2797","targetHints":{"allow":["GET"]}}],"collection":[{"href":"https:\/\/iberoo.com\/fr\/wp-json\/wp\/v2\/product"}],"about":[{"href":"https:\/\/iberoo.com\/fr\/wp-json\/wp\/v2\/types\/product"}],"replies":[{"embeddable":true,"href":"https:\/\/iberoo.com\/fr\/wp-json\/wp\/v2\/comments?post=2797"}],"wp:featuredmedia":[{"embeddable":true,"href":"https:\/\/iberoo.com\/fr\/wp-json\/wp\/v2\/media\/2798"}],"wp:attachment":[{"href":"https:\/\/iberoo.com\/fr\/wp-json\/wp\/v2\/media?parent=2797"}],"wp:term":[{"taxonomy":"product_brand","embeddable":true,"href":"https:\/\/iberoo.com\/fr\/wp-json\/wp\/v2\/product_brand?post=2797"},{"taxonomy":"product_cat","embeddable":true,"href":"https:\/\/iberoo.com\/fr\/wp-json\/wp\/v2\/product_cat?post=2797"},{"taxonomy":"product_tag","embeddable":true,"href":"https:\/\/iberoo.com\/fr\/wp-json\/wp\/v2\/product_tag?post=2797"}],"curies":[{"name":"wp","href":"https:\/\/api.w.org\/{rel}","templated":true}]}}