{"id":2895,"date":"2026-04-07T02:18:26","date_gmt":"2026-04-07T00:18:26","guid":{"rendered":"https:\/\/iberoo.com\/?post_type=product&#038;p=2895"},"modified":"2026-04-07T02:18:27","modified_gmt":"2026-04-07T00:18:27","slug":"olives-au-gaspacha","status":"publish","type":"product","link":"https:\/\/iberoo.com\/fr\/produit\/olives-au-gaspacha\/","title":{"rendered":"Olives au gaspacha"},"content":{"rendered":"<p>Les olives \u00e0 gaspacha sont des olives Manzanilla concass\u00e9es, m\u00e9lang\u00e9es \u00e0 des rondelles de carotte, des cornichons aigres-doux, des oignons nouveaux, du poivron rouge, de l'ail et des piments, ce qui leur conf\u00e8re une saveur l\u00e9g\u00e8rement relev\u00e9e. Le tout est marin\u00e9 dans une sauce \u00e0 base de romarin, de thym, de piments et de paprika doux La Vera, qui lui donne sa couleur orang\u00e9e caract\u00e9ristique.<\/p>","protected":false},"excerpt":{"rendered":"<p>Olives \u00e0 gaspacha, pr\u00e9par\u00e9es artisanalement selon la recette traditionnelle du sud d'Alicante. Disponibles en pots de 500 g et 900 g.<\/p>","protected":false},"featured_media":2896,"comment_status":"closed","ping_status":"closed","template":"","meta":[],"product_brand":[252],"product_cat":[94,75],"product_tag":[],"class_list":{"0":"post-2895","1":"product","2":"type-product","3":"status-publish","4":"has-post-thumbnail","6":"product_brand-iberoo","7":"product_cat-aceitunas-y-encurtidos","8":"product_cat-conservas","10":"first","11":"instock","12":"shipping-taxable","13":"purchasable","14":"product-type-variable"},"yoast_head":"<!-- This site is optimized with the Yoast SEO plugin v27.3 - https:\/\/yoast.com\/product\/yoast-seo-wordpress\/ -->\n<title>Aceitunas Gazpachas - Iberoo<\/title>\n<meta name=\"description\" content=\"Las aceitunas gazpachas son aceitunas manzanilla partidas con rodajas de zanahoria, pepinillo agridulce, cebolletas, pimiento rojo, ajo y guindillas.\" \/>\n<meta name=\"robots\" content=\"index, follow, max-snippet:-1, max-image-preview:large, max-video-preview:-1\" \/>\n<link rel=\"canonical\" href=\"https:\/\/iberoo.com\/fr\/produit\/olives-au-gaspacha\/\" \/>\n<meta property=\"og:locale\" content=\"fr_FR\" \/>\n<meta property=\"og:type\" content=\"article\" \/>\n<meta property=\"og:title\" content=\"Aceitunas Gazpachas - Iberoo\" \/>\n<meta property=\"og:description\" content=\"Las aceitunas gazpachas son aceitunas manzanilla partidas con rodajas de zanahoria, pepinillo agridulce, cebolletas, pimiento rojo, ajo y guindillas.\" \/>\n<meta property=\"og:url\" content=\"https:\/\/iberoo.com\/fr\/produit\/olives-au-gaspacha\/\" \/>\n<meta property=\"og:site_name\" content=\"Iberoo\" \/>\n<meta property=\"article:modified_time\" content=\"2026-04-07T00:18:27+00:00\" \/>\n<meta property=\"og:image\" content=\"https:\/\/iberoo.com\/wp-content\/uploads\/2026\/03\/aceitunas-gazpachas.jpg\" \/>\n\t<meta property=\"og:image:width\" content=\"800\" \/>\n\t<meta property=\"og:image:height\" content=\"800\" \/>\n\t<meta property=\"og:image:type\" content=\"image\/jpeg\" \/>\n<meta name=\"twitter:card\" content=\"summary_large_image\" \/>\n<meta name=\"twitter:label1\" content=\"Disponibilit\u00e9\" \/>\n\t<meta name=\"twitter:data1\" content=\"En stock\" \/>\n<script type=\"application\/ld+json\" class=\"yoast-schema-graph\">{\"@context\":\"https:\\\/\\\/schema.org\",\"@graph\":[{\"@type\":\"WebPage\",\"@id\":\"https:\\\/\\\/iberoo.com\\\/producto\\\/aceitunas-gazpachas\\\/\",\"url\":\"https:\\\/\\\/iberoo.com\\\/producto\\\/aceitunas-gazpachas\\\/\",\"name\":\"Aceitunas Gazpachas - Iberoo\",\"isPartOf\":{\"@id\":\"https:\\\/\\\/iberoo.com\\\/#website\"},\"primaryImageOfPage\":{\"@id\":\"https:\\\/\\\/iberoo.com\\\/producto\\\/aceitunas-gazpachas\\\/#primaryimage\"},\"image\":{\"@id\":\"https:\\\/\\\/iberoo.com\\\/producto\\\/aceitunas-gazpachas\\\/#primaryimage\"},\"thumbnailUrl\":\"https:\\\/\\\/iberoo.com\\\/wp-content\\\/uploads\\\/2026\\\/03\\\/aceitunas-gazpachas.jpg\",\"datePublished\":\"2026-04-07T00:18:26+00:00\",\"dateModified\":\"2026-04-07T00:18:27+00:00\",\"description\":\"Las aceitunas gazpachas son aceitunas manzanilla partidas con rodajas de zanahoria, pepinillo agridulce, cebolletas, pimiento rojo, ajo y guindillas.\",\"breadcrumb\":{\"@id\":\"https:\\\/\\\/iberoo.com\\\/producto\\\/aceitunas-gazpachas\\\/#breadcrumb\"},\"inLanguage\":\"fr-FR\",\"potentialAction\":[{\"@type\":\"ReadAction\",\"target\":[\"https:\\\/\\\/iberoo.com\\\/producto\\\/aceitunas-gazpachas\\\/\"]}]},{\"@type\":\"ImageObject\",\"inLanguage\":\"fr-FR\",\"@id\":\"https:\\\/\\\/iberoo.com\\\/producto\\\/aceitunas-gazpachas\\\/#primaryimage\",\"url\":\"https:\\\/\\\/iberoo.com\\\/wp-content\\\/uploads\\\/2026\\\/03\\\/aceitunas-gazpachas.jpg\",\"contentUrl\":\"https:\\\/\\\/iberoo.com\\\/wp-content\\\/uploads\\\/2026\\\/03\\\/aceitunas-gazpachas.jpg\",\"width\":800,\"height\":800,\"caption\":\"Aceitunas Gazpachas\"},{\"@type\":\"BreadcrumbList\",\"@id\":\"https:\\\/\\\/iberoo.com\\\/producto\\\/aceitunas-gazpachas\\\/#breadcrumb\",\"itemListElement\":[{\"@type\":\"ListItem\",\"position\":1,\"name\":\"Portada\",\"item\":\"https:\\\/\\\/iberoo.com\\\/\"},{\"@type\":\"ListItem\",\"position\":2,\"name\":\"Tienda Online\",\"item\":\"https:\\\/\\\/iberoo.com\\\/tienda\\\/\"},{\"@type\":\"ListItem\",\"position\":3,\"name\":\"Aceitunas Gazpachas\"}]},{\"@type\":\"WebSite\",\"@id\":\"https:\\\/\\\/iberoo.com\\\/#website\",\"url\":\"https:\\\/\\\/iberoo.com\\\/\",\"name\":\"Iberoo\",\"description\":\"\",\"publisher\":{\"@id\":\"https:\\\/\\\/iberoo.com\\\/#organization\"},\"potentialAction\":[{\"@type\":\"SearchAction\",\"target\":{\"@type\":\"EntryPoint\",\"urlTemplate\":\"https:\\\/\\\/iberoo.com\\\/?s={search_term_string}\"},\"query-input\":{\"@type\":\"PropertyValueSpecification\",\"valueRequired\":true,\"valueName\":\"search_term_string\"}}],\"inLanguage\":\"fr-FR\"},{\"@type\":\"Organization\",\"@id\":\"https:\\\/\\\/iberoo.com\\\/#organization\",\"name\":\"Iberoo\",\"url\":\"https:\\\/\\\/iberoo.com\\\/\",\"logo\":{\"@type\":\"ImageObject\",\"inLanguage\":\"fr-FR\",\"@id\":\"https:\\\/\\\/iberoo.com\\\/#\\\/schema\\\/logo\\\/image\\\/\",\"url\":\"https:\\\/\\\/iberoo.com\\\/wp-content\\\/uploads\\\/2025\\\/11\\\/logo-cuadrado.jpg\",\"contentUrl\":\"https:\\\/\\\/iberoo.com\\\/wp-content\\\/uploads\\\/2025\\\/11\\\/logo-cuadrado.jpg\",\"width\":700,\"height\":700,\"caption\":\"Iberoo\"},\"image\":{\"@id\":\"https:\\\/\\\/iberoo.com\\\/#\\\/schema\\\/logo\\\/image\\\/\"}}]}<\/script>\n<meta property=\"product:brand\" content=\"Iberoo\" \/>\n<meta property=\"og:availability\" content=\"instock\" \/>\n<meta property=\"product:availability\" content=\"instock\" \/>\n<meta property=\"product:condition\" content=\"new\" \/>\n<!-- \/ Yoast SEO plugin. -->","yoast_head_json":{"title":"Olives au gaspacha - Iberoo","description":"Les olives \u00e0 gaspacha sont des olives manzanilla fendues avec des tranches de carotte, des cornichons aigres-doux, des oignons nouveaux, du poivron rouge, de l'ail et des piments.","robots":{"index":"index","follow":"follow","max-snippet":"max-snippet:-1","max-image-preview":"max-image-preview:large","max-video-preview":"max-video-preview:-1"},"canonical":"https:\/\/iberoo.com\/fr\/produit\/olives-au-gaspacha\/","og_locale":"fr_FR","og_type":"article","og_title":"Aceitunas Gazpachas - Iberoo","og_description":"Las aceitunas gazpachas son aceitunas manzanilla partidas con rodajas de zanahoria, pepinillo agridulce, cebolletas, pimiento rojo, ajo y guindillas.","og_url":"https:\/\/iberoo.com\/fr\/produit\/olives-au-gaspacha\/","og_site_name":"Iberoo","article_modified_time":"2026-04-07T00:18:27+00:00","og_image":[{"width":800,"height":800,"url":"https:\/\/iberoo.com\/wp-content\/uploads\/2026\/03\/aceitunas-gazpachas.jpg","type":"image\/jpeg"}],"twitter_card":"summary_large_image","twitter_misc":{"Disponibilit\u00e9":"En stock"},"schema":{"@context":"https:\/\/schema.org","@graph":[{"@type":"WebPage","@id":"https:\/\/iberoo.com\/producto\/aceitunas-gazpachas\/","url":"https:\/\/iberoo.com\/producto\/aceitunas-gazpachas\/","name":"Olives au gaspacha - Iberoo","isPartOf":{"@id":"https:\/\/iberoo.com\/#website"},"primaryImageOfPage":{"@id":"https:\/\/iberoo.com\/producto\/aceitunas-gazpachas\/#primaryimage"},"image":{"@id":"https:\/\/iberoo.com\/producto\/aceitunas-gazpachas\/#primaryimage"},"thumbnailUrl":"https:\/\/iberoo.com\/wp-content\/uploads\/2026\/03\/aceitunas-gazpachas.jpg","datePublished":"2026-04-07T00:18:26+00:00","dateModified":"2026-04-07T00:18:27+00:00","description":"Les olives \u00e0 gaspacha sont des olives manzanilla fendues avec des tranches de carotte, des cornichons aigres-doux, des oignons nouveaux, du poivron rouge, de l'ail et des piments.","breadcrumb":{"@id":"https:\/\/iberoo.com\/producto\/aceitunas-gazpachas\/#breadcrumb"},"inLanguage":"fr-FR","potentialAction":[{"@type":"ReadAction","target":["https:\/\/iberoo.com\/producto\/aceitunas-gazpachas\/"]}]},{"@type":"ImageObject","inLanguage":"fr-FR","@id":"https:\/\/iberoo.com\/producto\/aceitunas-gazpachas\/#primaryimage","url":"https:\/\/iberoo.com\/wp-content\/uploads\/2026\/03\/aceitunas-gazpachas.jpg","contentUrl":"https:\/\/iberoo.com\/wp-content\/uploads\/2026\/03\/aceitunas-gazpachas.jpg","width":800,"height":800,"caption":"Aceitunas Gazpachas"},{"@type":"BreadcrumbList","@id":"https:\/\/iberoo.com\/producto\/aceitunas-gazpachas\/#breadcrumb","itemListElement":[{"@type":"ListItem","position":1,"name":"Portada","item":"https:\/\/iberoo.com\/"},{"@type":"ListItem","position":2,"name":"Tienda Online","item":"https:\/\/iberoo.com\/tienda\/"},{"@type":"ListItem","position":3,"name":"Aceitunas Gazpachas"}]},{"@type":"WebSite","@id":"https:\/\/iberoo.com\/#website","url":"https:\/\/iberoo.com\/","name":"Iberoo","description":"","publisher":{"@id":"https:\/\/iberoo.com\/#organization"},"potentialAction":[{"@type":"SearchAction","target":{"@type":"EntryPoint","urlTemplate":"https:\/\/iberoo.com\/?s={search_term_string}"},"query-input":{"@type":"PropertyValueSpecification","valueRequired":true,"valueName":"search_term_string"}}],"inLanguage":"fr-FR"},{"@type":"Organization","@id":"https:\/\/iberoo.com\/#organization","name":"Iberoo","url":"https:\/\/iberoo.com\/","logo":{"@type":"ImageObject","inLanguage":"fr-FR","@id":"https:\/\/iberoo.com\/#\/schema\/logo\/image\/","url":"https:\/\/iberoo.com\/wp-content\/uploads\/2025\/11\/logo-cuadrado.jpg","contentUrl":"https:\/\/iberoo.com\/wp-content\/uploads\/2025\/11\/logo-cuadrado.jpg","width":700,"height":700,"caption":"Iberoo"},"image":{"@id":"https:\/\/iberoo.com\/#\/schema\/logo\/image\/"}}]},"product_brand":"Iberoo","og_availability":"instock","product_availability":"instock","product_condition":"new"},"_links":{"self":[{"href":"https:\/\/iberoo.com\/fr\/wp-json\/wp\/v2\/product\/2895","targetHints":{"allow":["GET"]}}],"collection":[{"href":"https:\/\/iberoo.com\/fr\/wp-json\/wp\/v2\/product"}],"about":[{"href":"https:\/\/iberoo.com\/fr\/wp-json\/wp\/v2\/types\/product"}],"replies":[{"embeddable":true,"href":"https:\/\/iberoo.com\/fr\/wp-json\/wp\/v2\/comments?post=2895"}],"wp:featuredmedia":[{"embeddable":true,"href":"https:\/\/iberoo.com\/fr\/wp-json\/wp\/v2\/media\/2896"}],"wp:attachment":[{"href":"https:\/\/iberoo.com\/fr\/wp-json\/wp\/v2\/media?parent=2895"}],"wp:term":[{"taxonomy":"product_brand","embeddable":true,"href":"https:\/\/iberoo.com\/fr\/wp-json\/wp\/v2\/product_brand?post=2895"},{"taxonomy":"product_cat","embeddable":true,"href":"https:\/\/iberoo.com\/fr\/wp-json\/wp\/v2\/product_cat?post=2895"},{"taxonomy":"product_tag","embeddable":true,"href":"https:\/\/iberoo.com\/fr\/wp-json\/wp\/v2\/product_tag?post=2895"}],"curies":[{"name":"wp","href":"https:\/\/api.w.org\/{rel}","templated":true}]}}