{"id":2910,"date":"2026-03-22T05:07:07","date_gmt":"2026-03-22T04:07:07","guid":{"rendered":"https:\/\/iberoo.com\/?post_type=product&#038;p=2910"},"modified":"2026-03-22T05:16:31","modified_gmt":"2026-03-22T04:16:31","slug":"oeufs-de-mulet","status":"publish","type":"product","link":"https:\/\/iberoo.com\/fr\/produit\/oeufs-de-mulet\/","title":{"rendered":"\u0152ufs de mulet sal\u00e9s"},"content":{"rendered":"<p>Ces \u0153ufs proviennent du mulet (Mugil cephalus), un poisson dont les \u0153ufs subissent un processus de salaison traditionnel qui rehausse leurs jus naturels et leur conf\u00e8re ce caract\u00e8re particulier.<\/p>\n<p>Sa production suit une m\u00e9thode traditionnelle de salage au sel des marais salants de San Pedro del Pinatar. Apr\u00e8s ce processus, les \u0153ufs sont soigneusement lav\u00e9s puis s\u00e9ch\u00e9s selon une m\u00e9thode contr\u00f4l\u00e9e, perp\u00e9tuant ainsi une technique ancestrale. Ce soin apport\u00e9 \u00e0 chaque \u00e9tape se refl\u00e8te dans le r\u00e9sultat final\u00a0: un produit \u00e9quilibr\u00e9 au caract\u00e8re unique.<\/p>\n<p>Les \u0153ufs de mulet sont surnomm\u00e9s le \u00ab\u00a0caviar de la M\u00e9diterran\u00e9e\u00a0\u00bb pour leur saveur vive, leur texture ferme et leur salinit\u00e9 parfaitement \u00e9quilibr\u00e9e. Leur go\u00fbt subtil permet de les d\u00e9guster seuls ou accompagn\u00e9s d'autres ingr\u00e9dients sans qu'ils ne perdent de leur intensit\u00e9. Leur qualit\u00e9 est reconnue internationalement, comme en t\u00e9moigne le Superior Taste Award 2022 \u00e0 Bruxelles, r\u00e9compens\u00e9 par deux \u00e9toiles d'or, l'une des distinctions les plus prestigieuses en mati\u00e8re de saveur.<\/p>\n<p>En Espa\u00f1a, es habitual consumirla en rodajas finas acompa\u00f1adas de <a href=\"https:\/\/iberoo.com\/fr\/produit\/amandes-frites-salees-borges\/\">almendras fritas<\/a> o queso fresco, muchas veces junto a una copa de vino blanco. Tambi\u00e9n puede servirse en lonchas o incluso rallada, aportando un toque diferente a platos como tostadas, ensaladas, verduras asadas, arroces o recetas con marisco.<\/p>\n<p>Hors de nos fronti\u00e8res, notamment en Asie, il est associ\u00e9 \u00e0 des fruits comme la pomme ou la poire, et entre dans la composition de pr\u00e9parations traditionnelles li\u00e9es \u00e0 d'importantes f\u00eates.<\/p>\n<p>Les \u0153ufs de mulet sont un choix id\u00e9al pour ceux qui recherchent un produit gastronomique polyvalent et charg\u00e9 d'histoire, capable d'apporter une saveur unique aussi bien aux amuse-gueules qu'aux plats plus \u00e9labor\u00e9s.<\/p>","protected":false},"excerpt":{"rendered":"<p>Le morceau de 120 g d'\u0153ufs de mulet, \u00e9galement connu sous le nom de \u00ab caviar m\u00e9diterran\u00e9en \u00bb, est un produit gastronomique tr\u00e8s pris\u00e9 de la cuisine m\u00e9diterran\u00e9enne, r\u00e9put\u00e9 pour sa saveur intense et sa texture ferme.<\/p>","protected":false},"featured_media":2911,"comment_status":"open","ping_status":"closed","template":"","meta":[],"product_brand":[255],"product_cat":[75,76],"product_tag":[],"class_list":{"0":"post-2910","1":"product","2":"type-product","3":"status-publish","4":"has-post-thumbnail","6":"product_brand-garre","7":"product_cat-conservas","8":"product_cat-conservas-del-mar","10":"first","11":"instock","12":"shipping-taxable","13":"purchasable","14":"product-type-simple"},"yoast_head":"<!-- This site is optimized with the Yoast SEO plugin v27.3 - https:\/\/yoast.com\/product\/yoast-seo-wordpress\/ -->\n<title>Hueva de M\u00fajol - Iberoo<\/title>\n<meta name=\"description\" content=\"La hueva de m\u00fajol es un producto gourmet muy apreciado dentro de la gastronom\u00eda mediterr\u00e1nea, conocido por su sabor intenso y su textura firme.\" \/>\n<meta name=\"robots\" content=\"index, follow, max-snippet:-1, max-image-preview:large, max-video-preview:-1\" \/>\n<link rel=\"canonical\" href=\"https:\/\/iberoo.com\/fr\/produit\/oeufs-de-mulet\/\" \/>\n<meta property=\"og:locale\" content=\"fr_FR\" \/>\n<meta property=\"og:type\" content=\"article\" \/>\n<meta property=\"og:title\" content=\"Hueva de M\u00fajol - Iberoo\" \/>\n<meta property=\"og:description\" content=\"La hueva de m\u00fajol es un producto gourmet muy apreciado dentro de la gastronom\u00eda mediterr\u00e1nea, conocido por su sabor intenso y su textura firme.\" \/>\n<meta property=\"og:url\" content=\"https:\/\/iberoo.com\/fr\/produit\/oeufs-de-mulet\/\" \/>\n<meta property=\"og:site_name\" content=\"Iberoo\" \/>\n<meta property=\"article:modified_time\" content=\"2026-03-22T04:16:31+00:00\" \/>\n<meta property=\"og:image\" content=\"https:\/\/iberoo.com\/wp-content\/uploads\/2026\/03\/hueva-mujol.webp\" \/>\n\t<meta property=\"og:image:width\" content=\"800\" \/>\n\t<meta property=\"og:image:height\" content=\"800\" \/>\n\t<meta property=\"og:image:type\" content=\"image\/webp\" \/>\n<meta name=\"twitter:card\" content=\"summary_large_image\" \/>\n<meta name=\"twitter:label1\" content=\"Prix\" \/>\n\t<meta name=\"twitter:data1\" content=\"14,65&nbsp;&euro;\" \/>\n\t<meta name=\"twitter:label2\" content=\"Disponibilit\u00e9\" \/>\n\t<meta name=\"twitter:data2\" content=\"En stock\" \/>\n<script type=\"application\/ld+json\" class=\"yoast-schema-graph\">{\"@context\":\"https:\\\/\\\/schema.org\",\"@graph\":[{\"@type\":\"WebPage\",\"@id\":\"https:\\\/\\\/iberoo.com\\\/producto\\\/hueva-de-mujol\\\/\",\"url\":\"https:\\\/\\\/iberoo.com\\\/producto\\\/hueva-de-mujol\\\/\",\"name\":\"Hueva de M\u00fajol - Iberoo\",\"isPartOf\":{\"@id\":\"https:\\\/\\\/iberoo.com\\\/#website\"},\"primaryImageOfPage\":{\"@id\":\"https:\\\/\\\/iberoo.com\\\/producto\\\/hueva-de-mujol\\\/#primaryimage\"},\"image\":{\"@id\":\"https:\\\/\\\/iberoo.com\\\/producto\\\/hueva-de-mujol\\\/#primaryimage\"},\"thumbnailUrl\":\"https:\\\/\\\/iberoo.com\\\/wp-content\\\/uploads\\\/2026\\\/03\\\/hueva-mujol.webp\",\"datePublished\":\"2026-03-22T04:07:07+00:00\",\"dateModified\":\"2026-03-22T04:16:31+00:00\",\"description\":\"La hueva de m\u00fajol es un producto gourmet muy apreciado dentro de la gastronom\u00eda mediterr\u00e1nea, conocido por su sabor intenso y su textura firme.\",\"breadcrumb\":{\"@id\":\"https:\\\/\\\/iberoo.com\\\/producto\\\/hueva-de-mujol\\\/#breadcrumb\"},\"inLanguage\":\"fr-FR\",\"potentialAction\":[{\"@type\":\"ReadAction\",\"target\":[\"https:\\\/\\\/iberoo.com\\\/producto\\\/hueva-de-mujol\\\/\"]}]},{\"@type\":\"ImageObject\",\"inLanguage\":\"fr-FR\",\"@id\":\"https:\\\/\\\/iberoo.com\\\/producto\\\/hueva-de-mujol\\\/#primaryimage\",\"url\":\"https:\\\/\\\/iberoo.com\\\/wp-content\\\/uploads\\\/2026\\\/03\\\/hueva-mujol.webp\",\"contentUrl\":\"https:\\\/\\\/iberoo.com\\\/wp-content\\\/uploads\\\/2026\\\/03\\\/hueva-mujol.webp\",\"width\":800,\"height\":800,\"caption\":\"Hueva de M\u00fajol\"},{\"@type\":\"BreadcrumbList\",\"@id\":\"https:\\\/\\\/iberoo.com\\\/producto\\\/hueva-de-mujol\\\/#breadcrumb\",\"itemListElement\":[{\"@type\":\"ListItem\",\"position\":1,\"name\":\"Portada\",\"item\":\"https:\\\/\\\/iberoo.com\\\/\"},{\"@type\":\"ListItem\",\"position\":2,\"name\":\"Tienda Online\",\"item\":\"https:\\\/\\\/iberoo.com\\\/tienda\\\/\"},{\"@type\":\"ListItem\",\"position\":3,\"name\":\"Hueva de M\u00fajol\"}]},{\"@type\":\"WebSite\",\"@id\":\"https:\\\/\\\/iberoo.com\\\/#website\",\"url\":\"https:\\\/\\\/iberoo.com\\\/\",\"name\":\"Iberoo\",\"description\":\"\",\"publisher\":{\"@id\":\"https:\\\/\\\/iberoo.com\\\/#organization\"},\"potentialAction\":[{\"@type\":\"SearchAction\",\"target\":{\"@type\":\"EntryPoint\",\"urlTemplate\":\"https:\\\/\\\/iberoo.com\\\/?s={search_term_string}\"},\"query-input\":{\"@type\":\"PropertyValueSpecification\",\"valueRequired\":true,\"valueName\":\"search_term_string\"}}],\"inLanguage\":\"fr-FR\"},{\"@type\":\"Organization\",\"@id\":\"https:\\\/\\\/iberoo.com\\\/#organization\",\"name\":\"Iberoo\",\"url\":\"https:\\\/\\\/iberoo.com\\\/\",\"logo\":{\"@type\":\"ImageObject\",\"inLanguage\":\"fr-FR\",\"@id\":\"https:\\\/\\\/iberoo.com\\\/#\\\/schema\\\/logo\\\/image\\\/\",\"url\":\"https:\\\/\\\/iberoo.com\\\/wp-content\\\/uploads\\\/2025\\\/11\\\/logo-cuadrado.jpg\",\"contentUrl\":\"https:\\\/\\\/iberoo.com\\\/wp-content\\\/uploads\\\/2025\\\/11\\\/logo-cuadrado.jpg\",\"width\":700,\"height\":700,\"caption\":\"Iberoo\"},\"image\":{\"@id\":\"https:\\\/\\\/iberoo.com\\\/#\\\/schema\\\/logo\\\/image\\\/\"}}]}<\/script>\n<meta property=\"product:brand\" content=\"Garre\" \/>\n<meta property=\"product:price:amount\" content=\"14.65\" \/>\n<meta property=\"product:price:currency\" content=\"EUR\" \/>\n<meta property=\"og:availability\" content=\"instock\" \/>\n<meta property=\"product:availability\" content=\"instock\" \/>\n<meta property=\"product:condition\" content=\"new\" \/>\n<!-- \/ Yoast SEO plugin. -->","yoast_head_json":{"title":"\u0152ufs de mulet sal\u00e9s - Iberoo","description":"Les \u0153ufs de mulet sont un produit gastronomique tr\u00e8s pris\u00e9 dans la cuisine m\u00e9diterran\u00e9enne, r\u00e9put\u00e9 pour sa saveur intense et sa texture ferme.","robots":{"index":"index","follow":"follow","max-snippet":"max-snippet:-1","max-image-preview":"max-image-preview:large","max-video-preview":"max-video-preview:-1"},"canonical":"https:\/\/iberoo.com\/fr\/produit\/oeufs-de-mulet\/","og_locale":"fr_FR","og_type":"article","og_title":"Hueva de M\u00fajol - Iberoo","og_description":"La hueva de m\u00fajol es un producto gourmet muy apreciado dentro de la gastronom\u00eda mediterr\u00e1nea, conocido por su sabor intenso y su textura firme.","og_url":"https:\/\/iberoo.com\/fr\/produit\/oeufs-de-mulet\/","og_site_name":"Iberoo","article_modified_time":"2026-03-22T04:16:31+00:00","og_image":[{"width":800,"height":800,"url":"https:\/\/iberoo.com\/wp-content\/uploads\/2026\/03\/hueva-mujol.webp","type":"image\/webp"}],"twitter_card":"summary_large_image","twitter_misc":{"Prix":"14,65&nbsp;&euro;","Disponibilit\u00e9":"En stock"},"schema":{"@context":"https:\/\/schema.org","@graph":[{"@type":"WebPage","@id":"https:\/\/iberoo.com\/producto\/hueva-de-mujol\/","url":"https:\/\/iberoo.com\/producto\/hueva-de-mujol\/","name":"\u0152ufs de mulet sal\u00e9s - Iberoo","isPartOf":{"@id":"https:\/\/iberoo.com\/#website"},"primaryImageOfPage":{"@id":"https:\/\/iberoo.com\/producto\/hueva-de-mujol\/#primaryimage"},"image":{"@id":"https:\/\/iberoo.com\/producto\/hueva-de-mujol\/#primaryimage"},"thumbnailUrl":"https:\/\/iberoo.com\/wp-content\/uploads\/2026\/03\/hueva-mujol.webp","datePublished":"2026-03-22T04:07:07+00:00","dateModified":"2026-03-22T04:16:31+00:00","description":"Les \u0153ufs de mulet sont un produit gastronomique tr\u00e8s pris\u00e9 dans la cuisine m\u00e9diterran\u00e9enne, r\u00e9put\u00e9 pour sa saveur intense et sa texture ferme.","breadcrumb":{"@id":"https:\/\/iberoo.com\/producto\/hueva-de-mujol\/#breadcrumb"},"inLanguage":"fr-FR","potentialAction":[{"@type":"ReadAction","target":["https:\/\/iberoo.com\/producto\/hueva-de-mujol\/"]}]},{"@type":"ImageObject","inLanguage":"fr-FR","@id":"https:\/\/iberoo.com\/producto\/hueva-de-mujol\/#primaryimage","url":"https:\/\/iberoo.com\/wp-content\/uploads\/2026\/03\/hueva-mujol.webp","contentUrl":"https:\/\/iberoo.com\/wp-content\/uploads\/2026\/03\/hueva-mujol.webp","width":800,"height":800,"caption":"Hueva de M\u00fajol"},{"@type":"BreadcrumbList","@id":"https:\/\/iberoo.com\/producto\/hueva-de-mujol\/#breadcrumb","itemListElement":[{"@type":"ListItem","position":1,"name":"Portada","item":"https:\/\/iberoo.com\/"},{"@type":"ListItem","position":2,"name":"Tienda Online","item":"https:\/\/iberoo.com\/tienda\/"},{"@type":"ListItem","position":3,"name":"Hueva de M\u00fajol"}]},{"@type":"WebSite","@id":"https:\/\/iberoo.com\/#website","url":"https:\/\/iberoo.com\/","name":"Iberoo","description":"","publisher":{"@id":"https:\/\/iberoo.com\/#organization"},"potentialAction":[{"@type":"SearchAction","target":{"@type":"EntryPoint","urlTemplate":"https:\/\/iberoo.com\/?s={search_term_string}"},"query-input":{"@type":"PropertyValueSpecification","valueRequired":true,"valueName":"search_term_string"}}],"inLanguage":"fr-FR"},{"@type":"Organization","@id":"https:\/\/iberoo.com\/#organization","name":"Iberoo","url":"https:\/\/iberoo.com\/","logo":{"@type":"ImageObject","inLanguage":"fr-FR","@id":"https:\/\/iberoo.com\/#\/schema\/logo\/image\/","url":"https:\/\/iberoo.com\/wp-content\/uploads\/2025\/11\/logo-cuadrado.jpg","contentUrl":"https:\/\/iberoo.com\/wp-content\/uploads\/2025\/11\/logo-cuadrado.jpg","width":700,"height":700,"caption":"Iberoo"},"image":{"@id":"https:\/\/iberoo.com\/#\/schema\/logo\/image\/"}}]},"product_brand":"Garre","product_price_amount":"14.65","product_price_currency":"EUR","og_availability":"instock","product_availability":"instock","product_condition":"new"},"_links":{"self":[{"href":"https:\/\/iberoo.com\/fr\/wp-json\/wp\/v2\/product\/2910","targetHints":{"allow":["GET"]}}],"collection":[{"href":"https:\/\/iberoo.com\/fr\/wp-json\/wp\/v2\/product"}],"about":[{"href":"https:\/\/iberoo.com\/fr\/wp-json\/wp\/v2\/types\/product"}],"replies":[{"embeddable":true,"href":"https:\/\/iberoo.com\/fr\/wp-json\/wp\/v2\/comments?post=2910"}],"wp:featuredmedia":[{"embeddable":true,"href":"https:\/\/iberoo.com\/fr\/wp-json\/wp\/v2\/media\/2911"}],"wp:attachment":[{"href":"https:\/\/iberoo.com\/fr\/wp-json\/wp\/v2\/media?parent=2910"}],"wp:term":[{"taxonomy":"product_brand","embeddable":true,"href":"https:\/\/iberoo.com\/fr\/wp-json\/wp\/v2\/product_brand?post=2910"},{"taxonomy":"product_cat","embeddable":true,"href":"https:\/\/iberoo.com\/fr\/wp-json\/wp\/v2\/product_cat?post=2910"},{"taxonomy":"product_tag","embeddable":true,"href":"https:\/\/iberoo.com\/fr\/wp-json\/wp\/v2\/product_tag?post=2910"}],"curies":[{"name":"wp","href":"https:\/\/api.w.org\/{rel}","templated":true}]}}