{"id":2928,"date":"2026-03-22T16:37:34","date_gmt":"2026-03-22T15:37:34","guid":{"rendered":"https:\/\/iberoo.com\/?post_type=product&#038;p=2928"},"modified":"2026-03-22T16:37:35","modified_gmt":"2026-03-22T15:37:35","slug":"noix-de-californie-decortiquees-borges","status":"publish","type":"product","link":"https:\/\/iberoo.com\/fr\/produit\/noix-de-californie-decortiquees-borges\/","title":{"rendered":"Noix de Californie d\u00e9cortiqu\u00e9es Borges"},"content":{"rendered":"<p>Comme elles sont d\u00e9j\u00e0 d\u00e9cortiqu\u00e9es, les noix de Californie d\u00e9cortiqu\u00e9es Borges sont tr\u00e8s pratiques \u00e0 consommer, sans pr\u00e9paration pr\u00e9alable, ce qui en fait un produit id\u00e9al aussi bien pour grignoter entre les repas que pour agr\u00e9menter diff\u00e9rentes recettes.<\/p>\n<p>Ces noix se distinguent par leur texture l\u00e9g\u00e8rement croquante et leur c\u0153ur tendre, offrant une saveur unique qui allie des notes douces \u00e0 une l\u00e9g\u00e8re touche grill\u00e9e. Elles s'int\u00e8grent facilement \u00e0 votre alimentation quotidienne, que ce soit d\u00e9gust\u00e9es telles quelles en en-cas ou ajout\u00e9es \u00e0 des salades, des yaourts, des p\u00e2tes ou des p\u00e2tisseries.<\/p>\n<p>Le format en sachet de 130 grammes est pratique et polyvalent\u00a0: il est con\u00e7u pour bien conserver le produit et faciliter son utilisation \u00e0 tout moment. Son format est id\u00e9al pour une consommation individuelle et pour en avoir toujours sous la main dans la cuisine, sans prendre trop de place.<\/p>\n<p>Les noix d\u00e9cortiqu\u00e9es Borges constituent une option int\u00e9ressante parmi les fruits \u00e0 coque, non seulement pour leur saveur, mais aussi pour leur polyvalence. Elles s'int\u00e8grent \u00e0 de nombreux r\u00e9gimes alimentaires et apportent texture et saveur \u00e0 de nombreux plats en toute simplicit\u00e9.<\/p>\n<p>Choisir les noix de Californie Borges, c'est opter pour un produit pratique, pr\u00eat \u00e0 consommer et facile \u00e0 combiner, id\u00e9al pour ceux qui recherchent une collation naturelle ou un ingr\u00e9dient simple qui apporte une valeur ajout\u00e9e \u00e0 leurs recettes quotidiennes.<\/p>","protected":false},"excerpt":{"rendered":"<p>Les noix de Californie d\u00e9cortiqu\u00e9es Borges, en sachet de 130 g, constituent une option pratique et savoureuse pour int\u00e9grer des noix de qualit\u00e9 \u00e0 votre alimentation quotidienne.<\/p>","protected":false},"featured_media":2929,"comment_status":"open","ping_status":"closed","template":"","meta":[],"product_brand":[118],"product_cat":[241,250],"product_tag":[],"class_list":{"0":"post-2928","1":"product","2":"type-product","3":"status-publish","4":"has-post-thumbnail","6":"product_brand-borges","7":"product_cat-aperitivos-y-snacks","8":"product_cat-frutos-secos","10":"first","11":"instock","12":"shipping-taxable","13":"purchasable","14":"product-type-simple"},"yoast_head":"<!-- This site is optimized with the Yoast SEO plugin v27.3 - https:\/\/yoast.com\/product\/yoast-seo-wordpress\/ -->\n<title>Nueces Peladas de California Borges - Iberoo<\/title>\n<meta name=\"description\" content=\"Las nueces peladas de California Borges son una opci\u00f3n pr\u00e1ctica y sabrosa para incorporar frutos secos de calidad en el d\u00eda a d\u00eda.\" \/>\n<meta name=\"robots\" content=\"index, follow, max-snippet:-1, max-image-preview:large, max-video-preview:-1\" \/>\n<link rel=\"canonical\" href=\"https:\/\/iberoo.com\/fr\/produit\/noix-de-californie-decortiquees-borges\/\" \/>\n<meta property=\"og:locale\" content=\"fr_FR\" \/>\n<meta property=\"og:type\" content=\"article\" \/>\n<meta property=\"og:title\" content=\"Nueces Peladas de California Borges - Iberoo\" \/>\n<meta property=\"og:description\" content=\"Las nueces peladas de California Borges son una opci\u00f3n pr\u00e1ctica y sabrosa para incorporar frutos secos de calidad en el d\u00eda a d\u00eda.\" \/>\n<meta property=\"og:url\" content=\"https:\/\/iberoo.com\/fr\/produit\/noix-de-californie-decortiquees-borges\/\" \/>\n<meta property=\"og:site_name\" content=\"Iberoo\" \/>\n<meta property=\"article:modified_time\" content=\"2026-03-22T15:37:35+00:00\" \/>\n<meta property=\"og:image\" content=\"https:\/\/iberoo.com\/wp-content\/uploads\/2026\/03\/borges-nueces-peladas.jpg\" \/>\n\t<meta property=\"og:image:width\" content=\"1200\" \/>\n\t<meta property=\"og:image:height\" content=\"1200\" \/>\n\t<meta property=\"og:image:type\" content=\"image\/jpeg\" \/>\n<meta name=\"twitter:card\" content=\"summary_large_image\" \/>\n<meta name=\"twitter:label1\" content=\"Prix\" \/>\n\t<meta name=\"twitter:data1\" content=\"4,45&nbsp;&euro;\" \/>\n\t<meta name=\"twitter:label2\" content=\"Disponibilit\u00e9\" \/>\n\t<meta name=\"twitter:data2\" content=\"En stock\" \/>\n<script type=\"application\/ld+json\" class=\"yoast-schema-graph\">{\"@context\":\"https:\\\/\\\/schema.org\",\"@graph\":[{\"@type\":\"WebPage\",\"@id\":\"https:\\\/\\\/iberoo.com\\\/producto\\\/nueces-peladas-de-california-borges\\\/\",\"url\":\"https:\\\/\\\/iberoo.com\\\/producto\\\/nueces-peladas-de-california-borges\\\/\",\"name\":\"Nueces Peladas de California Borges - Iberoo\",\"isPartOf\":{\"@id\":\"https:\\\/\\\/iberoo.com\\\/#website\"},\"primaryImageOfPage\":{\"@id\":\"https:\\\/\\\/iberoo.com\\\/producto\\\/nueces-peladas-de-california-borges\\\/#primaryimage\"},\"image\":{\"@id\":\"https:\\\/\\\/iberoo.com\\\/producto\\\/nueces-peladas-de-california-borges\\\/#primaryimage\"},\"thumbnailUrl\":\"https:\\\/\\\/iberoo.com\\\/wp-content\\\/uploads\\\/2026\\\/03\\\/borges-nueces-peladas.jpg\",\"datePublished\":\"2026-03-22T15:37:34+00:00\",\"dateModified\":\"2026-03-22T15:37:35+00:00\",\"description\":\"Las nueces peladas de California Borges son una opci\u00f3n pr\u00e1ctica y sabrosa para incorporar frutos secos de calidad en el d\u00eda a d\u00eda.\",\"breadcrumb\":{\"@id\":\"https:\\\/\\\/iberoo.com\\\/producto\\\/nueces-peladas-de-california-borges\\\/#breadcrumb\"},\"inLanguage\":\"fr-FR\",\"potentialAction\":[{\"@type\":\"ReadAction\",\"target\":[\"https:\\\/\\\/iberoo.com\\\/producto\\\/nueces-peladas-de-california-borges\\\/\"]}]},{\"@type\":\"ImageObject\",\"inLanguage\":\"fr-FR\",\"@id\":\"https:\\\/\\\/iberoo.com\\\/producto\\\/nueces-peladas-de-california-borges\\\/#primaryimage\",\"url\":\"https:\\\/\\\/iberoo.com\\\/wp-content\\\/uploads\\\/2026\\\/03\\\/borges-nueces-peladas.jpg\",\"contentUrl\":\"https:\\\/\\\/iberoo.com\\\/wp-content\\\/uploads\\\/2026\\\/03\\\/borges-nueces-peladas.jpg\",\"width\":1200,\"height\":1200,\"caption\":\"Nueces Peladas de California Borges\"},{\"@type\":\"BreadcrumbList\",\"@id\":\"https:\\\/\\\/iberoo.com\\\/producto\\\/nueces-peladas-de-california-borges\\\/#breadcrumb\",\"itemListElement\":[{\"@type\":\"ListItem\",\"position\":1,\"name\":\"Portada\",\"item\":\"https:\\\/\\\/iberoo.com\\\/\"},{\"@type\":\"ListItem\",\"position\":2,\"name\":\"Tienda Online\",\"item\":\"https:\\\/\\\/iberoo.com\\\/tienda\\\/\"},{\"@type\":\"ListItem\",\"position\":3,\"name\":\"Nueces Peladas de California Borges\"}]},{\"@type\":\"WebSite\",\"@id\":\"https:\\\/\\\/iberoo.com\\\/#website\",\"url\":\"https:\\\/\\\/iberoo.com\\\/\",\"name\":\"Iberoo\",\"description\":\"\",\"publisher\":{\"@id\":\"https:\\\/\\\/iberoo.com\\\/#organization\"},\"potentialAction\":[{\"@type\":\"SearchAction\",\"target\":{\"@type\":\"EntryPoint\",\"urlTemplate\":\"https:\\\/\\\/iberoo.com\\\/?s={search_term_string}\"},\"query-input\":{\"@type\":\"PropertyValueSpecification\",\"valueRequired\":true,\"valueName\":\"search_term_string\"}}],\"inLanguage\":\"fr-FR\"},{\"@type\":\"Organization\",\"@id\":\"https:\\\/\\\/iberoo.com\\\/#organization\",\"name\":\"Iberoo\",\"url\":\"https:\\\/\\\/iberoo.com\\\/\",\"logo\":{\"@type\":\"ImageObject\",\"inLanguage\":\"fr-FR\",\"@id\":\"https:\\\/\\\/iberoo.com\\\/#\\\/schema\\\/logo\\\/image\\\/\",\"url\":\"https:\\\/\\\/iberoo.com\\\/wp-content\\\/uploads\\\/2025\\\/11\\\/logo-cuadrado.jpg\",\"contentUrl\":\"https:\\\/\\\/iberoo.com\\\/wp-content\\\/uploads\\\/2025\\\/11\\\/logo-cuadrado.jpg\",\"width\":700,\"height\":700,\"caption\":\"Iberoo\"},\"image\":{\"@id\":\"https:\\\/\\\/iberoo.com\\\/#\\\/schema\\\/logo\\\/image\\\/\"}}]}<\/script>\n<meta property=\"product:brand\" content=\"Borges\" \/>\n<meta property=\"product:price:amount\" content=\"4.45\" \/>\n<meta property=\"product:price:currency\" content=\"EUR\" \/>\n<meta property=\"og:availability\" content=\"instock\" \/>\n<meta property=\"product:availability\" content=\"instock\" \/>\n<meta property=\"product:condition\" content=\"new\" \/>\n<!-- \/ Yoast SEO plugin. -->","yoast_head_json":{"title":"Noix de Californie d\u00e9cortiqu\u00e9es Borges - Iberoo","description":"Les noix de Californie d\u00e9cortiqu\u00e9es Borges sont une option pratique et savoureuse pour int\u00e9grer des noix de qualit\u00e9 \u00e0 votre alimentation quotidienne.","robots":{"index":"index","follow":"follow","max-snippet":"max-snippet:-1","max-image-preview":"max-image-preview:large","max-video-preview":"max-video-preview:-1"},"canonical":"https:\/\/iberoo.com\/fr\/produit\/noix-de-californie-decortiquees-borges\/","og_locale":"fr_FR","og_type":"article","og_title":"Nueces Peladas de California Borges - Iberoo","og_description":"Las nueces peladas de California Borges son una opci\u00f3n pr\u00e1ctica y sabrosa para incorporar frutos secos de calidad en el d\u00eda a d\u00eda.","og_url":"https:\/\/iberoo.com\/fr\/produit\/noix-de-californie-decortiquees-borges\/","og_site_name":"Iberoo","article_modified_time":"2026-03-22T15:37:35+00:00","og_image":[{"width":1200,"height":1200,"url":"https:\/\/iberoo.com\/wp-content\/uploads\/2026\/03\/borges-nueces-peladas.jpg","type":"image\/jpeg"}],"twitter_card":"summary_large_image","twitter_misc":{"Prix":"4,45&nbsp;&euro;","Disponibilit\u00e9":"En stock"},"schema":{"@context":"https:\/\/schema.org","@graph":[{"@type":"WebPage","@id":"https:\/\/iberoo.com\/producto\/nueces-peladas-de-california-borges\/","url":"https:\/\/iberoo.com\/producto\/nueces-peladas-de-california-borges\/","name":"Noix de Californie d\u00e9cortiqu\u00e9es Borges - Iberoo","isPartOf":{"@id":"https:\/\/iberoo.com\/#website"},"primaryImageOfPage":{"@id":"https:\/\/iberoo.com\/producto\/nueces-peladas-de-california-borges\/#primaryimage"},"image":{"@id":"https:\/\/iberoo.com\/producto\/nueces-peladas-de-california-borges\/#primaryimage"},"thumbnailUrl":"https:\/\/iberoo.com\/wp-content\/uploads\/2026\/03\/borges-nueces-peladas.jpg","datePublished":"2026-03-22T15:37:34+00:00","dateModified":"2026-03-22T15:37:35+00:00","description":"Les noix de Californie d\u00e9cortiqu\u00e9es Borges sont une option pratique et savoureuse pour int\u00e9grer des noix de qualit\u00e9 \u00e0 votre alimentation quotidienne.","breadcrumb":{"@id":"https:\/\/iberoo.com\/producto\/nueces-peladas-de-california-borges\/#breadcrumb"},"inLanguage":"fr-FR","potentialAction":[{"@type":"ReadAction","target":["https:\/\/iberoo.com\/producto\/nueces-peladas-de-california-borges\/"]}]},{"@type":"ImageObject","inLanguage":"fr-FR","@id":"https:\/\/iberoo.com\/producto\/nueces-peladas-de-california-borges\/#primaryimage","url":"https:\/\/iberoo.com\/wp-content\/uploads\/2026\/03\/borges-nueces-peladas.jpg","contentUrl":"https:\/\/iberoo.com\/wp-content\/uploads\/2026\/03\/borges-nueces-peladas.jpg","width":1200,"height":1200,"caption":"Nueces Peladas de California Borges"},{"@type":"BreadcrumbList","@id":"https:\/\/iberoo.com\/producto\/nueces-peladas-de-california-borges\/#breadcrumb","itemListElement":[{"@type":"ListItem","position":1,"name":"Portada","item":"https:\/\/iberoo.com\/"},{"@type":"ListItem","position":2,"name":"Tienda Online","item":"https:\/\/iberoo.com\/tienda\/"},{"@type":"ListItem","position":3,"name":"Nueces Peladas de California Borges"}]},{"@type":"WebSite","@id":"https:\/\/iberoo.com\/#website","url":"https:\/\/iberoo.com\/","name":"Iberoo","description":"","publisher":{"@id":"https:\/\/iberoo.com\/#organization"},"potentialAction":[{"@type":"SearchAction","target":{"@type":"EntryPoint","urlTemplate":"https:\/\/iberoo.com\/?s={search_term_string}"},"query-input":{"@type":"PropertyValueSpecification","valueRequired":true,"valueName":"search_term_string"}}],"inLanguage":"fr-FR"},{"@type":"Organization","@id":"https:\/\/iberoo.com\/#organization","name":"Iberoo","url":"https:\/\/iberoo.com\/","logo":{"@type":"ImageObject","inLanguage":"fr-FR","@id":"https:\/\/iberoo.com\/#\/schema\/logo\/image\/","url":"https:\/\/iberoo.com\/wp-content\/uploads\/2025\/11\/logo-cuadrado.jpg","contentUrl":"https:\/\/iberoo.com\/wp-content\/uploads\/2025\/11\/logo-cuadrado.jpg","width":700,"height":700,"caption":"Iberoo"},"image":{"@id":"https:\/\/iberoo.com\/#\/schema\/logo\/image\/"}}]},"product_brand":"Borges","product_price_amount":"4.45","product_price_currency":"EUR","og_availability":"instock","product_availability":"instock","product_condition":"new"},"_links":{"self":[{"href":"https:\/\/iberoo.com\/fr\/wp-json\/wp\/v2\/product\/2928","targetHints":{"allow":["GET"]}}],"collection":[{"href":"https:\/\/iberoo.com\/fr\/wp-json\/wp\/v2\/product"}],"about":[{"href":"https:\/\/iberoo.com\/fr\/wp-json\/wp\/v2\/types\/product"}],"replies":[{"embeddable":true,"href":"https:\/\/iberoo.com\/fr\/wp-json\/wp\/v2\/comments?post=2928"}],"wp:featuredmedia":[{"embeddable":true,"href":"https:\/\/iberoo.com\/fr\/wp-json\/wp\/v2\/media\/2929"}],"wp:attachment":[{"href":"https:\/\/iberoo.com\/fr\/wp-json\/wp\/v2\/media?parent=2928"}],"wp:term":[{"taxonomy":"product_brand","embeddable":true,"href":"https:\/\/iberoo.com\/fr\/wp-json\/wp\/v2\/product_brand?post=2928"},{"taxonomy":"product_cat","embeddable":true,"href":"https:\/\/iberoo.com\/fr\/wp-json\/wp\/v2\/product_cat?post=2928"},{"taxonomy":"product_tag","embeddable":true,"href":"https:\/\/iberoo.com\/fr\/wp-json\/wp\/v2\/product_tag?post=2928"}],"curies":[{"name":"wp","href":"https:\/\/api.w.org\/{rel}","templated":true}]}}