{"id":2936,"date":"2026-03-25T01:43:01","date_gmt":"2026-03-25T00:43:01","guid":{"rendered":"https:\/\/iberoo.com\/?post_type=product&#038;p=2936"},"modified":"2026-03-25T01:45:25","modified_gmt":"2026-03-25T00:45:25","slug":"capres-au-vinaigre-el-faro","status":"publish","type":"product","link":"https:\/\/iberoo.com\/fr\/produit\/capres-au-vinaigre-el-faro\/","title":{"rendered":"C\u00e2pres au vinaigre El Faro"},"content":{"rendered":"<p>Le profil l\u00e9g\u00e8rement acidul\u00e9 et sal\u00e9 des c\u00e2pres El Faro apporte une touche unique qui sublime les recettes sans qu'il soit n\u00e9cessaire d'en utiliser de grandes quantit\u00e9s. C'est le genre de produit qui, une fois int\u00e9gr\u00e9 \u00e0 votre cuisine, devient un incontournable.<\/p>\n<p>Ces c\u00e2pres se distinguent par leur texture ferme et leur saveur \u00e9quilibr\u00e9e, sans exc\u00e8s d'acidit\u00e9, pour une d\u00e9gustation des plus agr\u00e9ables. Leur conditionnement en saumure pr\u00e9serve toutes leurs qualit\u00e9s, les gardant pr\u00eates \u00e0 l'emploi \u00e0 tout moment et facilitant leur incorporation directe dans les recettes.<\/p>\n<p>Le pot de 170 grammes est pratique et facile \u00e0 utiliser, id\u00e9al aussi bien pour les consommateurs r\u00e9guliers que pour ceux qui souhaitent l'essayer dans diff\u00e9rentes recettes. Il se conserve facilement et permet de doser la quantit\u00e9 selon vos go\u00fbts ou la recette.<\/p>\n<p>Les c\u00e2pres El Faro sont incroyablement polyvalentes en cuisine. Elles se marient parfaitement aux salades, auxquelles elles apportent contraste et fra\u00eecheur, mais elles agr\u00e9mentent aussi souvent les plats de poisson, de viande, les sauces et les p\u00e2tes. M\u00eame en petite quantit\u00e9, elles peuvent donner une touche originale au plat final.<\/p>\n<p>Choisir les c\u00e2pres gastronomiques El Faro, c'est opter pour un ingr\u00e9dient simple et raffin\u00e9, capable de sublimer n'importe quelle recette d'une touche unique et \u00e9quilibr\u00e9e. Un choix judicieux pour ceux qui aiment soigner les d\u00e9tails en cuisine.<\/p>","protected":false},"excerpt":{"rendered":"<p>Les c\u00e2pres gourmet El Faro en pot de 170 g sont un petit ingr\u00e9dient, mais avec une grande capacit\u00e9 \u00e0 transformer la saveur de nombreux plats.<\/p>","protected":false},"featured_media":2937,"comment_status":"open","ping_status":"closed","template":"","meta":[],"product_brand":[251],"product_cat":[94,75],"product_tag":[],"class_list":{"0":"post-2936","1":"product","2":"type-product","3":"status-publish","4":"has-post-thumbnail","6":"product_brand-el-faro","7":"product_cat-aceitunas-y-encurtidos","8":"product_cat-conservas","10":"first","11":"instock","12":"shipping-taxable","13":"purchasable","14":"product-type-simple"},"yoast_head":"<!-- This site is optimized with the Yoast SEO plugin v27.3 - https:\/\/yoast.com\/product\/yoast-seo-wordpress\/ -->\n<title>Alcaparras en Vinagre El Faro - Iberoo<\/title>\n<meta name=\"description\" content=\"Las alcaparras gourmet El Faro son un ingrediente peque\u00f1o en tama\u00f1o, pero con una gran capacidad para transformar el sabor de muchos platos.\" \/>\n<meta name=\"robots\" content=\"index, follow, max-snippet:-1, max-image-preview:large, max-video-preview:-1\" \/>\n<link rel=\"canonical\" href=\"https:\/\/iberoo.com\/fr\/produit\/capres-au-vinaigre-el-faro\/\" \/>\n<meta property=\"og:locale\" content=\"fr_FR\" \/>\n<meta property=\"og:type\" content=\"article\" \/>\n<meta property=\"og:title\" content=\"Alcaparras en Vinagre El Faro - Iberoo\" \/>\n<meta property=\"og:description\" content=\"Las alcaparras gourmet El Faro son un ingrediente peque\u00f1o en tama\u00f1o, pero con una gran capacidad para transformar el sabor de muchos platos.\" \/>\n<meta property=\"og:url\" content=\"https:\/\/iberoo.com\/fr\/produit\/capres-au-vinaigre-el-faro\/\" \/>\n<meta property=\"og:site_name\" content=\"Iberoo\" \/>\n<meta property=\"article:modified_time\" content=\"2026-03-25T00:45:25+00:00\" \/>\n<meta property=\"og:image\" content=\"https:\/\/iberoo.com\/wp-content\/uploads\/2026\/03\/el-faro-alcaparras-vinagre.jpg\" \/>\n\t<meta property=\"og:image:width\" content=\"1500\" \/>\n\t<meta property=\"og:image:height\" content=\"1500\" \/>\n\t<meta property=\"og:image:type\" content=\"image\/jpeg\" \/>\n<meta name=\"twitter:card\" content=\"summary_large_image\" \/>\n<meta name=\"twitter:label1\" content=\"Prix\" \/>\n\t<meta name=\"twitter:data1\" content=\"4,10&nbsp;&euro;\" \/>\n\t<meta name=\"twitter:label2\" content=\"Disponibilit\u00e9\" \/>\n\t<meta name=\"twitter:data2\" content=\"En stock\" \/>\n<script type=\"application\/ld+json\" class=\"yoast-schema-graph\">{\"@context\":\"https:\\\/\\\/schema.org\",\"@graph\":[{\"@type\":\"WebPage\",\"@id\":\"https:\\\/\\\/iberoo.com\\\/producto\\\/alcaparras-en-vinagre-el-faro\\\/\",\"url\":\"https:\\\/\\\/iberoo.com\\\/producto\\\/alcaparras-en-vinagre-el-faro\\\/\",\"name\":\"Alcaparras en Vinagre El Faro - Iberoo\",\"isPartOf\":{\"@id\":\"https:\\\/\\\/iberoo.com\\\/#website\"},\"primaryImageOfPage\":{\"@id\":\"https:\\\/\\\/iberoo.com\\\/producto\\\/alcaparras-en-vinagre-el-faro\\\/#primaryimage\"},\"image\":{\"@id\":\"https:\\\/\\\/iberoo.com\\\/producto\\\/alcaparras-en-vinagre-el-faro\\\/#primaryimage\"},\"thumbnailUrl\":\"https:\\\/\\\/iberoo.com\\\/wp-content\\\/uploads\\\/2026\\\/03\\\/el-faro-alcaparras-vinagre.jpg\",\"datePublished\":\"2026-03-25T00:43:01+00:00\",\"dateModified\":\"2026-03-25T00:45:25+00:00\",\"description\":\"Las alcaparras gourmet El Faro son un ingrediente peque\u00f1o en tama\u00f1o, pero con una gran capacidad para transformar el sabor de muchos platos.\",\"breadcrumb\":{\"@id\":\"https:\\\/\\\/iberoo.com\\\/producto\\\/alcaparras-en-vinagre-el-faro\\\/#breadcrumb\"},\"inLanguage\":\"fr-FR\",\"potentialAction\":[{\"@type\":\"ReadAction\",\"target\":[\"https:\\\/\\\/iberoo.com\\\/producto\\\/alcaparras-en-vinagre-el-faro\\\/\"]}]},{\"@type\":\"ImageObject\",\"inLanguage\":\"fr-FR\",\"@id\":\"https:\\\/\\\/iberoo.com\\\/producto\\\/alcaparras-en-vinagre-el-faro\\\/#primaryimage\",\"url\":\"https:\\\/\\\/iberoo.com\\\/wp-content\\\/uploads\\\/2026\\\/03\\\/el-faro-alcaparras-vinagre.jpg\",\"contentUrl\":\"https:\\\/\\\/iberoo.com\\\/wp-content\\\/uploads\\\/2026\\\/03\\\/el-faro-alcaparras-vinagre.jpg\",\"width\":1500,\"height\":1500,\"caption\":\"Alcaparras en Vinagre El Faro\"},{\"@type\":\"BreadcrumbList\",\"@id\":\"https:\\\/\\\/iberoo.com\\\/producto\\\/alcaparras-en-vinagre-el-faro\\\/#breadcrumb\",\"itemListElement\":[{\"@type\":\"ListItem\",\"position\":1,\"name\":\"Portada\",\"item\":\"https:\\\/\\\/iberoo.com\\\/\"},{\"@type\":\"ListItem\",\"position\":2,\"name\":\"Tienda Online\",\"item\":\"https:\\\/\\\/iberoo.com\\\/tienda\\\/\"},{\"@type\":\"ListItem\",\"position\":3,\"name\":\"Alcaparras en Vinagre El Faro\"}]},{\"@type\":\"WebSite\",\"@id\":\"https:\\\/\\\/iberoo.com\\\/#website\",\"url\":\"https:\\\/\\\/iberoo.com\\\/\",\"name\":\"Iberoo\",\"description\":\"\",\"publisher\":{\"@id\":\"https:\\\/\\\/iberoo.com\\\/#organization\"},\"potentialAction\":[{\"@type\":\"SearchAction\",\"target\":{\"@type\":\"EntryPoint\",\"urlTemplate\":\"https:\\\/\\\/iberoo.com\\\/?s={search_term_string}\"},\"query-input\":{\"@type\":\"PropertyValueSpecification\",\"valueRequired\":true,\"valueName\":\"search_term_string\"}}],\"inLanguage\":\"fr-FR\"},{\"@type\":\"Organization\",\"@id\":\"https:\\\/\\\/iberoo.com\\\/#organization\",\"name\":\"Iberoo\",\"url\":\"https:\\\/\\\/iberoo.com\\\/\",\"logo\":{\"@type\":\"ImageObject\",\"inLanguage\":\"fr-FR\",\"@id\":\"https:\\\/\\\/iberoo.com\\\/#\\\/schema\\\/logo\\\/image\\\/\",\"url\":\"https:\\\/\\\/iberoo.com\\\/wp-content\\\/uploads\\\/2025\\\/11\\\/logo-cuadrado.jpg\",\"contentUrl\":\"https:\\\/\\\/iberoo.com\\\/wp-content\\\/uploads\\\/2025\\\/11\\\/logo-cuadrado.jpg\",\"width\":700,\"height\":700,\"caption\":\"Iberoo\"},\"image\":{\"@id\":\"https:\\\/\\\/iberoo.com\\\/#\\\/schema\\\/logo\\\/image\\\/\"}}]}<\/script>\n<meta property=\"product:brand\" content=\"El Faro\" \/>\n<meta property=\"product:price:amount\" content=\"4.10\" \/>\n<meta property=\"product:price:currency\" content=\"EUR\" \/>\n<meta property=\"og:availability\" content=\"instock\" \/>\n<meta property=\"product:availability\" content=\"instock\" \/>\n<meta property=\"product:condition\" content=\"new\" \/>\n<!-- \/ Yoast SEO plugin. -->","yoast_head_json":{"title":"C\u00e2pres au vinaigre El Faro - Iberoo","description":"Les c\u00e2pres gastronomiques El Faro sont un ingr\u00e9dient de petite taille, mais dot\u00e9 d'un formidable pouvoir de transformer la saveur de nombreux plats.","robots":{"index":"index","follow":"follow","max-snippet":"max-snippet:-1","max-image-preview":"max-image-preview:large","max-video-preview":"max-video-preview:-1"},"canonical":"https:\/\/iberoo.com\/fr\/produit\/capres-au-vinaigre-el-faro\/","og_locale":"fr_FR","og_type":"article","og_title":"Alcaparras en Vinagre El Faro - Iberoo","og_description":"Las alcaparras gourmet El Faro son un ingrediente peque\u00f1o en tama\u00f1o, pero con una gran capacidad para transformar el sabor de muchos platos.","og_url":"https:\/\/iberoo.com\/fr\/produit\/capres-au-vinaigre-el-faro\/","og_site_name":"Iberoo","article_modified_time":"2026-03-25T00:45:25+00:00","og_image":[{"width":1500,"height":1500,"url":"https:\/\/iberoo.com\/wp-content\/uploads\/2026\/03\/el-faro-alcaparras-vinagre.jpg","type":"image\/jpeg"}],"twitter_card":"summary_large_image","twitter_misc":{"Prix":"4,10&nbsp;&euro;","Disponibilit\u00e9":"En stock"},"schema":{"@context":"https:\/\/schema.org","@graph":[{"@type":"WebPage","@id":"https:\/\/iberoo.com\/producto\/alcaparras-en-vinagre-el-faro\/","url":"https:\/\/iberoo.com\/producto\/alcaparras-en-vinagre-el-faro\/","name":"C\u00e2pres au vinaigre El Faro - Iberoo","isPartOf":{"@id":"https:\/\/iberoo.com\/#website"},"primaryImageOfPage":{"@id":"https:\/\/iberoo.com\/producto\/alcaparras-en-vinagre-el-faro\/#primaryimage"},"image":{"@id":"https:\/\/iberoo.com\/producto\/alcaparras-en-vinagre-el-faro\/#primaryimage"},"thumbnailUrl":"https:\/\/iberoo.com\/wp-content\/uploads\/2026\/03\/el-faro-alcaparras-vinagre.jpg","datePublished":"2026-03-25T00:43:01+00:00","dateModified":"2026-03-25T00:45:25+00:00","description":"Les c\u00e2pres gastronomiques El Faro sont un ingr\u00e9dient de petite taille, mais dot\u00e9 d'un formidable pouvoir de transformer la saveur de nombreux plats.","breadcrumb":{"@id":"https:\/\/iberoo.com\/producto\/alcaparras-en-vinagre-el-faro\/#breadcrumb"},"inLanguage":"fr-FR","potentialAction":[{"@type":"ReadAction","target":["https:\/\/iberoo.com\/producto\/alcaparras-en-vinagre-el-faro\/"]}]},{"@type":"ImageObject","inLanguage":"fr-FR","@id":"https:\/\/iberoo.com\/producto\/alcaparras-en-vinagre-el-faro\/#primaryimage","url":"https:\/\/iberoo.com\/wp-content\/uploads\/2026\/03\/el-faro-alcaparras-vinagre.jpg","contentUrl":"https:\/\/iberoo.com\/wp-content\/uploads\/2026\/03\/el-faro-alcaparras-vinagre.jpg","width":1500,"height":1500,"caption":"Alcaparras en Vinagre El Faro"},{"@type":"BreadcrumbList","@id":"https:\/\/iberoo.com\/producto\/alcaparras-en-vinagre-el-faro\/#breadcrumb","itemListElement":[{"@type":"ListItem","position":1,"name":"Portada","item":"https:\/\/iberoo.com\/"},{"@type":"ListItem","position":2,"name":"Tienda Online","item":"https:\/\/iberoo.com\/tienda\/"},{"@type":"ListItem","position":3,"name":"Alcaparras en Vinagre El Faro"}]},{"@type":"WebSite","@id":"https:\/\/iberoo.com\/#website","url":"https:\/\/iberoo.com\/","name":"Iberoo","description":"","publisher":{"@id":"https:\/\/iberoo.com\/#organization"},"potentialAction":[{"@type":"SearchAction","target":{"@type":"EntryPoint","urlTemplate":"https:\/\/iberoo.com\/?s={search_term_string}"},"query-input":{"@type":"PropertyValueSpecification","valueRequired":true,"valueName":"search_term_string"}}],"inLanguage":"fr-FR"},{"@type":"Organization","@id":"https:\/\/iberoo.com\/#organization","name":"Iberoo","url":"https:\/\/iberoo.com\/","logo":{"@type":"ImageObject","inLanguage":"fr-FR","@id":"https:\/\/iberoo.com\/#\/schema\/logo\/image\/","url":"https:\/\/iberoo.com\/wp-content\/uploads\/2025\/11\/logo-cuadrado.jpg","contentUrl":"https:\/\/iberoo.com\/wp-content\/uploads\/2025\/11\/logo-cuadrado.jpg","width":700,"height":700,"caption":"Iberoo"},"image":{"@id":"https:\/\/iberoo.com\/#\/schema\/logo\/image\/"}}]},"product_brand":"El Faro","product_price_amount":"4.10","product_price_currency":"EUR","og_availability":"instock","product_availability":"instock","product_condition":"new"},"_links":{"self":[{"href":"https:\/\/iberoo.com\/fr\/wp-json\/wp\/v2\/product\/2936","targetHints":{"allow":["GET"]}}],"collection":[{"href":"https:\/\/iberoo.com\/fr\/wp-json\/wp\/v2\/product"}],"about":[{"href":"https:\/\/iberoo.com\/fr\/wp-json\/wp\/v2\/types\/product"}],"replies":[{"embeddable":true,"href":"https:\/\/iberoo.com\/fr\/wp-json\/wp\/v2\/comments?post=2936"}],"wp:featuredmedia":[{"embeddable":true,"href":"https:\/\/iberoo.com\/fr\/wp-json\/wp\/v2\/media\/2937"}],"wp:attachment":[{"href":"https:\/\/iberoo.com\/fr\/wp-json\/wp\/v2\/media?parent=2936"}],"wp:term":[{"taxonomy":"product_brand","embeddable":true,"href":"https:\/\/iberoo.com\/fr\/wp-json\/wp\/v2\/product_brand?post=2936"},{"taxonomy":"product_cat","embeddable":true,"href":"https:\/\/iberoo.com\/fr\/wp-json\/wp\/v2\/product_cat?post=2936"},{"taxonomy":"product_tag","embeddable":true,"href":"https:\/\/iberoo.com\/fr\/wp-json\/wp\/v2\/product_tag?post=2936"}],"curies":[{"name":"wp","href":"https:\/\/api.w.org\/{rel}","templated":true}]}}