{"id":3024,"date":"2026-03-28T00:50:36","date_gmt":"2026-03-27T23:50:36","guid":{"rendered":"https:\/\/iberoo.com\/?post_type=product&#038;p=3024"},"modified":"2026-03-28T00:57:52","modified_gmt":"2026-03-27T23:57:52","slug":"jumpers","status":"publish","type":"product","link":"https:\/\/iberoo.com\/fr\/produit\/jumpers\/","title":{"rendered":"Jumpers"},"content":{"rendered":"<p>Sa texture a\u00e9r\u00e9e et sa forme irr\u00e9guli\u00e8re rendent chaque bouch\u00e9e de ma\u00efs souffl\u00e9 Jumpers moelleuse et agr\u00e9able, sans \u00eatre lourde, ce qui en fait un choix parfait pour une collation entre les repas ou pour accompagner les moments de d\u00e9tente.<\/p>\n<p>Contrairement \u00e0 d'autres en-cas plus denses, le ma\u00efs souffl\u00e9 Jumpers offre une texture plus l\u00e9g\u00e8re, id\u00e9ale pour ceux qui pr\u00e9f\u00e8rent un en-cas croustillant et facile \u00e0 d\u00e9guster. Son go\u00fbt \u00e9quilibr\u00e9 et reconnaissable est con\u00e7u pour plaire \u00e0 tous, des jeunes enfants aux personnes recherchant un en-cas simple et sans chichis.<\/p>\n<p>Le format en sachet de 100 grammes est pratique et polyvalent, id\u00e9al pour une consommation individuelle ou \u00e0 partager. C'est une option pratique \u00e0 avoir chez soi, \u00e0 emporter au travail ou lors d'activit\u00e9s de plein air, car il ne n\u00e9cessite aucune pr\u00e9paration et se conserve bien.<\/p>\n<p>De plus, sa texture l\u00e9g\u00e8re en fait un accompagnement id\u00e9al pour les collations, en compl\u00e9ment d'autres gourmandises, apportant de la vari\u00e9t\u00e9 sans \u00eatre envahissant. C'est \u00e9galement un choix populaire pour les go\u00fbters ou les petites pauses de l'apr\u00e8s-midi.<\/p>\n<p>Choisir le ma\u00efs souffl\u00e9 Jumpers, c'est opter pour une collation traditionnelle et l\u00e9g\u00e8re, facile \u00e0 savourer en toute occasion. C'est un choix pratique qui reste populaire gr\u00e2ce \u00e0 sa simplicit\u00e9 et sa texture unique.<\/p>","protected":false},"excerpt":{"rendered":"<p>Le ma\u00efs souffl\u00e9 aromatis\u00e9 au beurre de la marque Jumpers, en sachet de 100 grammes, fait partie de ces en-cas classiques qui se distinguent par leur l\u00e9g\u00e8ret\u00e9 et leur facilit\u00e9 de d\u00e9gustation \u00e0 tout moment.<\/p>","protected":false},"featured_media":3025,"comment_status":"open","ping_status":"closed","template":"","meta":[],"product_brand":[266],"product_cat":[241,246],"product_tag":[],"class_list":{"0":"post-3024","1":"product","2":"type-product","3":"status-publish","4":"has-post-thumbnail","6":"product_brand-jumpers","7":"product_cat-aperitivos-y-snacks","8":"product_cat-snacks","10":"first","11":"instock","12":"shipping-taxable","13":"purchasable","14":"product-type-simple"},"yoast_head":"<!-- This site is optimized with the Yoast SEO plugin v27.3 - https:\/\/yoast.com\/product\/yoast-seo-wordpress\/ -->\n<title>Jumpers - Iberoo<\/title>\n<meta name=\"description\" content=\"El ma\u00edz inflado con sabor a mantequilla de la marca Jumpers es uno de esos cl\u00e1sicos que destacan por su ligereza y facilidad para cualquier momento.\" \/>\n<meta name=\"robots\" content=\"index, follow, max-snippet:-1, max-image-preview:large, max-video-preview:-1\" \/>\n<link rel=\"canonical\" href=\"https:\/\/iberoo.com\/fr\/produit\/jumpers\/\" \/>\n<meta property=\"og:locale\" content=\"fr_FR\" \/>\n<meta property=\"og:type\" content=\"article\" \/>\n<meta property=\"og:title\" content=\"Jumpers - Iberoo\" \/>\n<meta property=\"og:description\" content=\"El ma\u00edz inflado con sabor a mantequilla de la marca Jumpers es uno de esos cl\u00e1sicos que destacan por su ligereza y facilidad para cualquier momento.\" \/>\n<meta property=\"og:url\" content=\"https:\/\/iberoo.com\/fr\/produit\/jumpers\/\" \/>\n<meta property=\"og:site_name\" content=\"Iberoo\" \/>\n<meta property=\"article:modified_time\" content=\"2026-03-27T23:57:52+00:00\" \/>\n<meta property=\"og:image\" content=\"https:\/\/iberoo.com\/wp-content\/uploads\/2026\/03\/jumpers.jpg\" \/>\n\t<meta property=\"og:image:width\" content=\"1200\" \/>\n\t<meta property=\"og:image:height\" content=\"1200\" \/>\n\t<meta property=\"og:image:type\" content=\"image\/jpeg\" \/>\n<meta name=\"twitter:card\" content=\"summary_large_image\" \/>\n<meta name=\"twitter:label1\" content=\"Prix\" \/>\n\t<meta name=\"twitter:data1\" content=\"2,20&nbsp;&euro;\" \/>\n\t<meta name=\"twitter:label2\" content=\"Disponibilit\u00e9\" \/>\n\t<meta name=\"twitter:data2\" content=\"En stock\" \/>\n<script type=\"application\/ld+json\" class=\"yoast-schema-graph\">{\"@context\":\"https:\\\/\\\/schema.org\",\"@graph\":[{\"@type\":\"WebPage\",\"@id\":\"https:\\\/\\\/iberoo.com\\\/producto\\\/jumpers\\\/\",\"url\":\"https:\\\/\\\/iberoo.com\\\/producto\\\/jumpers\\\/\",\"name\":\"Jumpers - Iberoo\",\"isPartOf\":{\"@id\":\"https:\\\/\\\/iberoo.com\\\/#website\"},\"primaryImageOfPage\":{\"@id\":\"https:\\\/\\\/iberoo.com\\\/producto\\\/jumpers\\\/#primaryimage\"},\"image\":{\"@id\":\"https:\\\/\\\/iberoo.com\\\/producto\\\/jumpers\\\/#primaryimage\"},\"thumbnailUrl\":\"https:\\\/\\\/iberoo.com\\\/wp-content\\\/uploads\\\/2026\\\/03\\\/jumpers.jpg\",\"datePublished\":\"2026-03-27T23:50:36+00:00\",\"dateModified\":\"2026-03-27T23:57:52+00:00\",\"description\":\"El ma\u00edz inflado con sabor a mantequilla de la marca Jumpers es uno de esos cl\u00e1sicos que destacan por su ligereza y facilidad para cualquier momento.\",\"breadcrumb\":{\"@id\":\"https:\\\/\\\/iberoo.com\\\/producto\\\/jumpers\\\/#breadcrumb\"},\"inLanguage\":\"fr-FR\",\"potentialAction\":[{\"@type\":\"ReadAction\",\"target\":[\"https:\\\/\\\/iberoo.com\\\/producto\\\/jumpers\\\/\"]}]},{\"@type\":\"ImageObject\",\"inLanguage\":\"fr-FR\",\"@id\":\"https:\\\/\\\/iberoo.com\\\/producto\\\/jumpers\\\/#primaryimage\",\"url\":\"https:\\\/\\\/iberoo.com\\\/wp-content\\\/uploads\\\/2026\\\/03\\\/jumpers.jpg\",\"contentUrl\":\"https:\\\/\\\/iberoo.com\\\/wp-content\\\/uploads\\\/2026\\\/03\\\/jumpers.jpg\",\"width\":1200,\"height\":1200,\"caption\":\"Jumpers\"},{\"@type\":\"BreadcrumbList\",\"@id\":\"https:\\\/\\\/iberoo.com\\\/producto\\\/jumpers\\\/#breadcrumb\",\"itemListElement\":[{\"@type\":\"ListItem\",\"position\":1,\"name\":\"Portada\",\"item\":\"https:\\\/\\\/iberoo.com\\\/\"},{\"@type\":\"ListItem\",\"position\":2,\"name\":\"Tienda Online\",\"item\":\"https:\\\/\\\/iberoo.com\\\/tienda\\\/\"},{\"@type\":\"ListItem\",\"position\":3,\"name\":\"Jumpers\"}]},{\"@type\":\"WebSite\",\"@id\":\"https:\\\/\\\/iberoo.com\\\/#website\",\"url\":\"https:\\\/\\\/iberoo.com\\\/\",\"name\":\"Iberoo\",\"description\":\"\",\"publisher\":{\"@id\":\"https:\\\/\\\/iberoo.com\\\/#organization\"},\"potentialAction\":[{\"@type\":\"SearchAction\",\"target\":{\"@type\":\"EntryPoint\",\"urlTemplate\":\"https:\\\/\\\/iberoo.com\\\/?s={search_term_string}\"},\"query-input\":{\"@type\":\"PropertyValueSpecification\",\"valueRequired\":true,\"valueName\":\"search_term_string\"}}],\"inLanguage\":\"fr-FR\"},{\"@type\":\"Organization\",\"@id\":\"https:\\\/\\\/iberoo.com\\\/#organization\",\"name\":\"Iberoo\",\"url\":\"https:\\\/\\\/iberoo.com\\\/\",\"logo\":{\"@type\":\"ImageObject\",\"inLanguage\":\"fr-FR\",\"@id\":\"https:\\\/\\\/iberoo.com\\\/#\\\/schema\\\/logo\\\/image\\\/\",\"url\":\"https:\\\/\\\/iberoo.com\\\/wp-content\\\/uploads\\\/2025\\\/11\\\/logo-cuadrado.jpg\",\"contentUrl\":\"https:\\\/\\\/iberoo.com\\\/wp-content\\\/uploads\\\/2025\\\/11\\\/logo-cuadrado.jpg\",\"width\":700,\"height\":700,\"caption\":\"Iberoo\"},\"image\":{\"@id\":\"https:\\\/\\\/iberoo.com\\\/#\\\/schema\\\/logo\\\/image\\\/\"}}]}<\/script>\n<meta property=\"product:brand\" content=\"Jumpers\" \/>\n<meta property=\"product:price:amount\" content=\"2.20\" \/>\n<meta property=\"product:price:currency\" content=\"EUR\" \/>\n<meta property=\"og:availability\" content=\"instock\" \/>\n<meta property=\"product:availability\" content=\"instock\" \/>\n<meta property=\"product:condition\" content=\"new\" \/>\n<!-- \/ Yoast SEO plugin. -->","yoast_head_json":{"title":"Jumpers - Iberoo","description":"Le ma\u00efs souffl\u00e9 aromatis\u00e9 au beurre de la marque Jumpers fait partie de ces en-cas classiques qui se distinguent par leur l\u00e9g\u00e8ret\u00e9 et leur praticit\u00e9 en toute occasion.","robots":{"index":"index","follow":"follow","max-snippet":"max-snippet:-1","max-image-preview":"max-image-preview:large","max-video-preview":"max-video-preview:-1"},"canonical":"https:\/\/iberoo.com\/fr\/produit\/jumpers\/","og_locale":"fr_FR","og_type":"article","og_title":"Jumpers - Iberoo","og_description":"El ma\u00edz inflado con sabor a mantequilla de la marca Jumpers es uno de esos cl\u00e1sicos que destacan por su ligereza y facilidad para cualquier momento.","og_url":"https:\/\/iberoo.com\/fr\/produit\/jumpers\/","og_site_name":"Iberoo","article_modified_time":"2026-03-27T23:57:52+00:00","og_image":[{"width":1200,"height":1200,"url":"https:\/\/iberoo.com\/wp-content\/uploads\/2026\/03\/jumpers.jpg","type":"image\/jpeg"}],"twitter_card":"summary_large_image","twitter_misc":{"Prix":"2,20&nbsp;&euro;","Disponibilit\u00e9":"En stock"},"schema":{"@context":"https:\/\/schema.org","@graph":[{"@type":"WebPage","@id":"https:\/\/iberoo.com\/producto\/jumpers\/","url":"https:\/\/iberoo.com\/producto\/jumpers\/","name":"Jumpers - Iberoo","isPartOf":{"@id":"https:\/\/iberoo.com\/#website"},"primaryImageOfPage":{"@id":"https:\/\/iberoo.com\/producto\/jumpers\/#primaryimage"},"image":{"@id":"https:\/\/iberoo.com\/producto\/jumpers\/#primaryimage"},"thumbnailUrl":"https:\/\/iberoo.com\/wp-content\/uploads\/2026\/03\/jumpers.jpg","datePublished":"2026-03-27T23:50:36+00:00","dateModified":"2026-03-27T23:57:52+00:00","description":"Le ma\u00efs souffl\u00e9 aromatis\u00e9 au beurre de la marque Jumpers fait partie de ces en-cas classiques qui se distinguent par leur l\u00e9g\u00e8ret\u00e9 et leur praticit\u00e9 en toute occasion.","breadcrumb":{"@id":"https:\/\/iberoo.com\/producto\/jumpers\/#breadcrumb"},"inLanguage":"fr-FR","potentialAction":[{"@type":"ReadAction","target":["https:\/\/iberoo.com\/producto\/jumpers\/"]}]},{"@type":"ImageObject","inLanguage":"fr-FR","@id":"https:\/\/iberoo.com\/producto\/jumpers\/#primaryimage","url":"https:\/\/iberoo.com\/wp-content\/uploads\/2026\/03\/jumpers.jpg","contentUrl":"https:\/\/iberoo.com\/wp-content\/uploads\/2026\/03\/jumpers.jpg","width":1200,"height":1200,"caption":"Jumpers"},{"@type":"BreadcrumbList","@id":"https:\/\/iberoo.com\/producto\/jumpers\/#breadcrumb","itemListElement":[{"@type":"ListItem","position":1,"name":"Portada","item":"https:\/\/iberoo.com\/"},{"@type":"ListItem","position":2,"name":"Tienda Online","item":"https:\/\/iberoo.com\/tienda\/"},{"@type":"ListItem","position":3,"name":"Jumpers"}]},{"@type":"WebSite","@id":"https:\/\/iberoo.com\/#website","url":"https:\/\/iberoo.com\/","name":"Iberoo","description":"","publisher":{"@id":"https:\/\/iberoo.com\/#organization"},"potentialAction":[{"@type":"SearchAction","target":{"@type":"EntryPoint","urlTemplate":"https:\/\/iberoo.com\/?s={search_term_string}"},"query-input":{"@type":"PropertyValueSpecification","valueRequired":true,"valueName":"search_term_string"}}],"inLanguage":"fr-FR"},{"@type":"Organization","@id":"https:\/\/iberoo.com\/#organization","name":"Iberoo","url":"https:\/\/iberoo.com\/","logo":{"@type":"ImageObject","inLanguage":"fr-FR","@id":"https:\/\/iberoo.com\/#\/schema\/logo\/image\/","url":"https:\/\/iberoo.com\/wp-content\/uploads\/2025\/11\/logo-cuadrado.jpg","contentUrl":"https:\/\/iberoo.com\/wp-content\/uploads\/2025\/11\/logo-cuadrado.jpg","width":700,"height":700,"caption":"Iberoo"},"image":{"@id":"https:\/\/iberoo.com\/#\/schema\/logo\/image\/"}}]},"product_brand":"Jumpers","product_price_amount":"2.20","product_price_currency":"EUR","og_availability":"instock","product_availability":"instock","product_condition":"new"},"_links":{"self":[{"href":"https:\/\/iberoo.com\/fr\/wp-json\/wp\/v2\/product\/3024","targetHints":{"allow":["GET"]}}],"collection":[{"href":"https:\/\/iberoo.com\/fr\/wp-json\/wp\/v2\/product"}],"about":[{"href":"https:\/\/iberoo.com\/fr\/wp-json\/wp\/v2\/types\/product"}],"replies":[{"embeddable":true,"href":"https:\/\/iberoo.com\/fr\/wp-json\/wp\/v2\/comments?post=3024"}],"wp:featuredmedia":[{"embeddable":true,"href":"https:\/\/iberoo.com\/fr\/wp-json\/wp\/v2\/media\/3025"}],"wp:attachment":[{"href":"https:\/\/iberoo.com\/fr\/wp-json\/wp\/v2\/media?parent=3024"}],"wp:term":[{"taxonomy":"product_brand","embeddable":true,"href":"https:\/\/iberoo.com\/fr\/wp-json\/wp\/v2\/product_brand?post=3024"},{"taxonomy":"product_cat","embeddable":true,"href":"https:\/\/iberoo.com\/fr\/wp-json\/wp\/v2\/product_cat?post=3024"},{"taxonomy":"product_tag","embeddable":true,"href":"https:\/\/iberoo.com\/fr\/wp-json\/wp\/v2\/product_tag?post=3024"}],"curies":[{"name":"wp","href":"https:\/\/api.w.org\/{rel}","templated":true}]}}