{"id":694,"date":"2025-11-14T23:55:09","date_gmt":"2025-11-14T22:55:09","guid":{"rendered":"https:\/\/iberoo.com\/?post_type=product&#038;p=694"},"modified":"2025-12-20T01:58:53","modified_gmt":"2025-12-20T00:58:53","slug":"tripes-aux-pois-chiches-litoral-370g","status":"publish","type":"product","link":"https:\/\/iberoo.com\/fr\/produit\/tripes-aux-pois-chiches-litoral-370g\/","title":{"rendered":"Tripes aux pois chichess Litoral 370g"},"content":{"rendered":"<p>D\u00e9couvrez les saveurs authentiques de la tradition avec les Callos con Garbanzos (tripes aux pois chiches) de Litoral. Ce plat savoureux associe de tendres tripes de b\u0153uf \u00e0 des pois chiches, le tout mijot\u00e9 dans une sauce riche et \u00e9pic\u00e9e qui ravira vos papilles. Id\u00e9al \u00e0 partager en famille ou \u00e0 savourer comme un repas r\u00e9confortant, chaque bouch\u00e9e vous transportera aux racines de la cuisine espagnole. Ne manquez pas ce d\u00e9lice qui vous fera vous sentir comme chez vous\u00a0!<\/p>\n<p><strong>Ingr\u00e9dients:<\/strong> Salsa (agua, cebolla, manteca de cerdo ib\u00e9rico, sal, vino blanco, piment\u00f3n, espesante (goma xantana), ajo, pimienta de Cayena), callos de vacuno (22,2%), garbanzos (13,9%), <a href=\"https:\/\/iberoo.com\/fr\/produit\/tranches-de-chorizo-iberique-selection-navidul\/\">chorizo<\/a> extra (6,8%)(papada, magro y panceta de cerdo, piment\u00f3n, sal, ajo), morro de cerdo. Sin gluten.<\/p>","protected":false},"excerpt":{"rendered":"<p>Tripes exquises aux pois chiches, pr\u00e9par\u00e9es selon une recette espagnole traditionnelle et b\u00e9n\u00e9ficiant de la garantie de qualit\u00e9 de la marque Litoral. Pr\u00eates \u00e0 r\u00e9chauffer et \u00e0 d\u00e9guster.<\/p>","protected":false},"featured_media":725,"comment_status":"closed","ping_status":"closed","template":"","meta":[],"product_brand":[71],"product_cat":[70],"product_tag":[],"class_list":{"0":"post-694","1":"product","2":"type-product","3":"status-publish","4":"has-post-thumbnail","6":"product_brand-litoral","7":"product_cat-platos-cocinados","9":"first","10":"instock","11":"shipping-taxable","12":"purchasable","13":"product-type-simple"},"yoast_head":"<!-- This site is optimized with the Yoast SEO plugin v27.3 - https:\/\/yoast.com\/product\/yoast-seo-wordpress\/ -->\n<title>Callos con Garbanzos Litoral 370g - Iberoo<\/title>\n<meta name=\"description\" content=\"Disfruta de los aut\u00e9nticos callos con garbanzos Litoral, elaborados con ingredientes de calidad y la receta tradicional espa\u00f1ola. \u00a1Pru\u00e9balos hoy!\" \/>\n<meta name=\"robots\" content=\"index, follow, max-snippet:-1, max-image-preview:large, max-video-preview:-1\" \/>\n<link rel=\"canonical\" href=\"https:\/\/iberoo.com\/fr\/produit\/tripes-aux-pois-chiches-litoral-370g\/\" \/>\n<meta property=\"og:locale\" content=\"fr_FR\" \/>\n<meta property=\"og:type\" content=\"article\" \/>\n<meta property=\"og:title\" content=\"Callos con Garbanzos Litoral 370g - Iberoo\" \/>\n<meta property=\"og:description\" content=\"Disfruta de los aut\u00e9nticos callos con garbanzos Litoral, elaborados con ingredientes de calidad y la receta tradicional espa\u00f1ola. \u00a1Pru\u00e9balos hoy!\" \/>\n<meta property=\"og:url\" content=\"https:\/\/iberoo.com\/fr\/produit\/tripes-aux-pois-chiches-litoral-370g\/\" \/>\n<meta property=\"og:site_name\" content=\"Iberoo\" \/>\n<meta property=\"article:modified_time\" content=\"2025-12-20T00:58:53+00:00\" \/>\n<meta property=\"og:image\" content=\"https:\/\/iberoo.com\/wp-content\/uploads\/2025\/11\/callos-con-garbanzos-litoral-1.webp\" \/>\n\t<meta property=\"og:image:width\" content=\"1500\" \/>\n\t<meta property=\"og:image:height\" content=\"1500\" \/>\n\t<meta property=\"og:image:type\" content=\"image\/webp\" \/>\n<meta name=\"twitter:card\" content=\"summary_large_image\" \/>\n<meta name=\"twitter:label1\" content=\"Prix\" \/>\n\t<meta name=\"twitter:data1\" content=\"7,25&nbsp;&euro;\" \/>\n\t<meta name=\"twitter:label2\" content=\"Disponibilit\u00e9\" \/>\n\t<meta name=\"twitter:data2\" content=\"En stock\" \/>\n<script type=\"application\/ld+json\" class=\"yoast-schema-graph\">{\"@context\":\"https:\\\/\\\/schema.org\",\"@graph\":[{\"@type\":\"WebPage\",\"@id\":\"https:\\\/\\\/iberoo.com\\\/producto\\\/callos-con-garbanzos-litoral-370g\\\/\",\"url\":\"https:\\\/\\\/iberoo.com\\\/producto\\\/callos-con-garbanzos-litoral-370g\\\/\",\"name\":\"Callos con Garbanzos Litoral 370g - Iberoo\",\"isPartOf\":{\"@id\":\"https:\\\/\\\/iberoo.com\\\/#website\"},\"primaryImageOfPage\":{\"@id\":\"https:\\\/\\\/iberoo.com\\\/producto\\\/callos-con-garbanzos-litoral-370g\\\/#primaryimage\"},\"image\":{\"@id\":\"https:\\\/\\\/iberoo.com\\\/producto\\\/callos-con-garbanzos-litoral-370g\\\/#primaryimage\"},\"thumbnailUrl\":\"https:\\\/\\\/iberoo.com\\\/wp-content\\\/uploads\\\/2025\\\/11\\\/callos-con-garbanzos-litoral-1.webp\",\"datePublished\":\"2025-11-14T22:55:09+00:00\",\"dateModified\":\"2025-12-20T00:58:53+00:00\",\"description\":\"Disfruta de los aut\u00e9nticos callos con garbanzos Litoral, elaborados con ingredientes de calidad y la receta tradicional espa\u00f1ola. \u00a1Pru\u00e9balos hoy!\",\"breadcrumb\":{\"@id\":\"https:\\\/\\\/iberoo.com\\\/producto\\\/callos-con-garbanzos-litoral-370g\\\/#breadcrumb\"},\"inLanguage\":\"fr-FR\",\"potentialAction\":[{\"@type\":\"ReadAction\",\"target\":[\"https:\\\/\\\/iberoo.com\\\/producto\\\/callos-con-garbanzos-litoral-370g\\\/\"]}]},{\"@type\":\"ImageObject\",\"inLanguage\":\"fr-FR\",\"@id\":\"https:\\\/\\\/iberoo.com\\\/producto\\\/callos-con-garbanzos-litoral-370g\\\/#primaryimage\",\"url\":\"https:\\\/\\\/iberoo.com\\\/wp-content\\\/uploads\\\/2025\\\/11\\\/callos-con-garbanzos-litoral-1.webp\",\"contentUrl\":\"https:\\\/\\\/iberoo.com\\\/wp-content\\\/uploads\\\/2025\\\/11\\\/callos-con-garbanzos-litoral-1.webp\",\"width\":1500,\"height\":1500},{\"@type\":\"BreadcrumbList\",\"@id\":\"https:\\\/\\\/iberoo.com\\\/producto\\\/callos-con-garbanzos-litoral-370g\\\/#breadcrumb\",\"itemListElement\":[{\"@type\":\"ListItem\",\"position\":1,\"name\":\"Portada\",\"item\":\"https:\\\/\\\/iberoo.com\\\/\"},{\"@type\":\"ListItem\",\"position\":2,\"name\":\"Tienda Online\",\"item\":\"https:\\\/\\\/iberoo.com\\\/tienda\\\/\"},{\"@type\":\"ListItem\",\"position\":3,\"name\":\"Callos con Garbanzos Litoral 370g\"}]},{\"@type\":\"WebSite\",\"@id\":\"https:\\\/\\\/iberoo.com\\\/#website\",\"url\":\"https:\\\/\\\/iberoo.com\\\/\",\"name\":\"Iberoo\",\"description\":\"\",\"publisher\":{\"@id\":\"https:\\\/\\\/iberoo.com\\\/#organization\"},\"potentialAction\":[{\"@type\":\"SearchAction\",\"target\":{\"@type\":\"EntryPoint\",\"urlTemplate\":\"https:\\\/\\\/iberoo.com\\\/?s={search_term_string}\"},\"query-input\":{\"@type\":\"PropertyValueSpecification\",\"valueRequired\":true,\"valueName\":\"search_term_string\"}}],\"inLanguage\":\"fr-FR\"},{\"@type\":\"Organization\",\"@id\":\"https:\\\/\\\/iberoo.com\\\/#organization\",\"name\":\"Iberoo\",\"url\":\"https:\\\/\\\/iberoo.com\\\/\",\"logo\":{\"@type\":\"ImageObject\",\"inLanguage\":\"fr-FR\",\"@id\":\"https:\\\/\\\/iberoo.com\\\/#\\\/schema\\\/logo\\\/image\\\/\",\"url\":\"https:\\\/\\\/iberoo.com\\\/wp-content\\\/uploads\\\/2025\\\/11\\\/logo-cuadrado.jpg\",\"contentUrl\":\"https:\\\/\\\/iberoo.com\\\/wp-content\\\/uploads\\\/2025\\\/11\\\/logo-cuadrado.jpg\",\"width\":700,\"height\":700,\"caption\":\"Iberoo\"},\"image\":{\"@id\":\"https:\\\/\\\/iberoo.com\\\/#\\\/schema\\\/logo\\\/image\\\/\"}}]}<\/script>\n<meta property=\"product:brand\" content=\"Litoral\" \/>\n<meta property=\"product:price:amount\" content=\"7.25\" \/>\n<meta property=\"product:price:currency\" content=\"EUR\" \/>\n<meta property=\"og:availability\" content=\"instock\" \/>\n<meta property=\"product:availability\" content=\"instock\" \/>\n<meta property=\"product:condition\" content=\"new\" \/>\n<!-- \/ Yoast SEO plugin. -->","yoast_head_json":{"title":"Tripes aux pois chiches Litoral 370g - Iberoo","description":"Savourez d'authentiques tripes du Litoral aux pois chiches, pr\u00e9par\u00e9es avec des ingr\u00e9dients de qualit\u00e9 et selon une recette espagnole traditionnelle. Go\u00fbtez-les d\u00e8s aujourd'hui\u00a0!","robots":{"index":"index","follow":"follow","max-snippet":"max-snippet:-1","max-image-preview":"max-image-preview:large","max-video-preview":"max-video-preview:-1"},"canonical":"https:\/\/iberoo.com\/fr\/produit\/tripes-aux-pois-chiches-litoral-370g\/","og_locale":"fr_FR","og_type":"article","og_title":"Callos con Garbanzos Litoral 370g - Iberoo","og_description":"Disfruta de los aut\u00e9nticos callos con garbanzos Litoral, elaborados con ingredientes de calidad y la receta tradicional espa\u00f1ola. \u00a1Pru\u00e9balos hoy!","og_url":"https:\/\/iberoo.com\/fr\/produit\/tripes-aux-pois-chiches-litoral-370g\/","og_site_name":"Iberoo","article_modified_time":"2025-12-20T00:58:53+00:00","og_image":[{"width":1500,"height":1500,"url":"https:\/\/iberoo.com\/wp-content\/uploads\/2025\/11\/callos-con-garbanzos-litoral-1.webp","type":"image\/webp"}],"twitter_card":"summary_large_image","twitter_misc":{"Prix":"7,25&nbsp;&euro;","Disponibilit\u00e9":"En stock"},"schema":{"@context":"https:\/\/schema.org","@graph":[{"@type":"WebPage","@id":"https:\/\/iberoo.com\/producto\/callos-con-garbanzos-litoral-370g\/","url":"https:\/\/iberoo.com\/producto\/callos-con-garbanzos-litoral-370g\/","name":"Tripes aux pois chiches Litoral 370g - Iberoo","isPartOf":{"@id":"https:\/\/iberoo.com\/#website"},"primaryImageOfPage":{"@id":"https:\/\/iberoo.com\/producto\/callos-con-garbanzos-litoral-370g\/#primaryimage"},"image":{"@id":"https:\/\/iberoo.com\/producto\/callos-con-garbanzos-litoral-370g\/#primaryimage"},"thumbnailUrl":"https:\/\/iberoo.com\/wp-content\/uploads\/2025\/11\/callos-con-garbanzos-litoral-1.webp","datePublished":"2025-11-14T22:55:09+00:00","dateModified":"2025-12-20T00:58:53+00:00","description":"Savourez d'authentiques tripes du Litoral aux pois chiches, pr\u00e9par\u00e9es avec des ingr\u00e9dients de qualit\u00e9 et selon une recette espagnole traditionnelle. Go\u00fbtez-les d\u00e8s aujourd'hui\u00a0!","breadcrumb":{"@id":"https:\/\/iberoo.com\/producto\/callos-con-garbanzos-litoral-370g\/#breadcrumb"},"inLanguage":"fr-FR","potentialAction":[{"@type":"ReadAction","target":["https:\/\/iberoo.com\/producto\/callos-con-garbanzos-litoral-370g\/"]}]},{"@type":"ImageObject","inLanguage":"fr-FR","@id":"https:\/\/iberoo.com\/producto\/callos-con-garbanzos-litoral-370g\/#primaryimage","url":"https:\/\/iberoo.com\/wp-content\/uploads\/2025\/11\/callos-con-garbanzos-litoral-1.webp","contentUrl":"https:\/\/iberoo.com\/wp-content\/uploads\/2025\/11\/callos-con-garbanzos-litoral-1.webp","width":1500,"height":1500},{"@type":"BreadcrumbList","@id":"https:\/\/iberoo.com\/producto\/callos-con-garbanzos-litoral-370g\/#breadcrumb","itemListElement":[{"@type":"ListItem","position":1,"name":"Portada","item":"https:\/\/iberoo.com\/"},{"@type":"ListItem","position":2,"name":"Tienda Online","item":"https:\/\/iberoo.com\/tienda\/"},{"@type":"ListItem","position":3,"name":"Callos con Garbanzos Litoral 370g"}]},{"@type":"WebSite","@id":"https:\/\/iberoo.com\/#website","url":"https:\/\/iberoo.com\/","name":"Iberoo","description":"","publisher":{"@id":"https:\/\/iberoo.com\/#organization"},"potentialAction":[{"@type":"SearchAction","target":{"@type":"EntryPoint","urlTemplate":"https:\/\/iberoo.com\/?s={search_term_string}"},"query-input":{"@type":"PropertyValueSpecification","valueRequired":true,"valueName":"search_term_string"}}],"inLanguage":"fr-FR"},{"@type":"Organization","@id":"https:\/\/iberoo.com\/#organization","name":"Iberoo","url":"https:\/\/iberoo.com\/","logo":{"@type":"ImageObject","inLanguage":"fr-FR","@id":"https:\/\/iberoo.com\/#\/schema\/logo\/image\/","url":"https:\/\/iberoo.com\/wp-content\/uploads\/2025\/11\/logo-cuadrado.jpg","contentUrl":"https:\/\/iberoo.com\/wp-content\/uploads\/2025\/11\/logo-cuadrado.jpg","width":700,"height":700,"caption":"Iberoo"},"image":{"@id":"https:\/\/iberoo.com\/#\/schema\/logo\/image\/"}}]},"product_brand":"Litoral","product_price_amount":"7.25","product_price_currency":"EUR","og_availability":"instock","product_availability":"instock","product_condition":"new"},"_links":{"self":[{"href":"https:\/\/iberoo.com\/fr\/wp-json\/wp\/v2\/product\/694","targetHints":{"allow":["GET"]}}],"collection":[{"href":"https:\/\/iberoo.com\/fr\/wp-json\/wp\/v2\/product"}],"about":[{"href":"https:\/\/iberoo.com\/fr\/wp-json\/wp\/v2\/types\/product"}],"replies":[{"embeddable":true,"href":"https:\/\/iberoo.com\/fr\/wp-json\/wp\/v2\/comments?post=694"}],"wp:featuredmedia":[{"embeddable":true,"href":"https:\/\/iberoo.com\/fr\/wp-json\/wp\/v2\/media\/725"}],"wp:attachment":[{"href":"https:\/\/iberoo.com\/fr\/wp-json\/wp\/v2\/media?parent=694"}],"wp:term":[{"taxonomy":"product_brand","embeddable":true,"href":"https:\/\/iberoo.com\/fr\/wp-json\/wp\/v2\/product_brand?post=694"},{"taxonomy":"product_cat","embeddable":true,"href":"https:\/\/iberoo.com\/fr\/wp-json\/wp\/v2\/product_cat?post=694"},{"taxonomy":"product_tag","embeddable":true,"href":"https:\/\/iberoo.com\/fr\/wp-json\/wp\/v2\/product_tag?post=694"}],"curies":[{"name":"wp","href":"https:\/\/api.w.org\/{rel}","templated":true}]}}