{"id":705,"date":"2025-11-14T23:55:10","date_gmt":"2025-11-14T22:55:10","guid":{"rendered":"https:\/\/iberoo.com\/?post_type=product&#038;p=705"},"modified":"2025-11-18T06:49:48","modified_gmt":"2025-11-18T05:49:48","slug":"vinaigre-de-cidre-de-nuestra-tierra-200ml","status":"publish","type":"product","link":"https:\/\/iberoo.com\/fr\/produit\/vinaigre-de-cidre-de-nuestra-tierra-200ml\/","title":{"rendered":"Vinaigre de Cidre De Nuestra Tierra 200ml"},"content":{"rendered":"<p>\u00c9labor\u00e9 \u00e0 partir de pommes fra\u00eeches et soigneusement s\u00e9lectionn\u00e9es, le vinaigre de cidre De Nuestra Tierra est id\u00e9al pour sublimer vos salades, marinades et sauces. Sa saveur \u00e9quilibr\u00e9e et subtilement fruit\u00e9e apportera une touche unique \u00e0 vos plats, tandis que ses bienfaits pour la sant\u00e9 en font un alli\u00e9 pr\u00e9cieux en cuisine. Apportez une touche de nature \u00e0 vos recettes et savourez le go\u00fbt authentique du fait maison\u00a0!<\/p>","protected":false},"excerpt":{"rendered":"<p>Un vinaigre de cidre exquis de la marque De Nuestra Tierra, en bouteille de 200 ml, id\u00e9al pour vos salades ou marinades.<\/p>","protected":false},"featured_media":741,"comment_status":"open","ping_status":"closed","template":"","meta":[],"product_brand":[74],"product_cat":[72],"product_tag":[],"class_list":{"0":"post-705","1":"product","2":"type-product","3":"status-publish","4":"has-post-thumbnail","6":"product_brand-de-nuestra-tierra","7":"product_cat-aceites-y-vinagres","9":"first","10":"instock","11":"shipping-taxable","12":"purchasable","13":"product-type-simple"},"yoast_head":"<!-- This site is optimized with the Yoast SEO plugin v27.3 - https:\/\/yoast.com\/product\/yoast-seo-wordpress\/ -->\n<title>Vinagre de Sidra De Nuestra Tierra 200ml - Iberoo<\/title>\n<meta name=\"description\" content=\"Elaborado con manzanas frescas y seleccionadas, el vinagre de sidra De Nuestra Tierra es perfecto para realzar tus ensaladas, marinados y salsas.\" \/>\n<meta name=\"robots\" content=\"index, follow, max-snippet:-1, max-image-preview:large, max-video-preview:-1\" \/>\n<link rel=\"canonical\" href=\"https:\/\/iberoo.com\/fr\/produit\/vinaigre-de-cidre-de-nuestra-tierra-200ml\/\" \/>\n<meta property=\"og:locale\" content=\"fr_FR\" \/>\n<meta property=\"og:type\" content=\"article\" \/>\n<meta property=\"og:title\" content=\"Vinagre de Sidra De Nuestra Tierra 200ml - Iberoo\" \/>\n<meta property=\"og:description\" content=\"Elaborado con manzanas frescas y seleccionadas, el vinagre de sidra De Nuestra Tierra es perfecto para realzar tus ensaladas, marinados y salsas.\" \/>\n<meta property=\"og:url\" content=\"https:\/\/iberoo.com\/fr\/produit\/vinaigre-de-cidre-de-nuestra-tierra-200ml\/\" \/>\n<meta property=\"og:site_name\" content=\"Iberoo\" \/>\n<meta property=\"article:modified_time\" content=\"2025-11-18T05:49:48+00:00\" \/>\n<meta property=\"og:image\" content=\"https:\/\/iberoo.com\/wp-content\/uploads\/2025\/11\/vinagre-sidra-nuestra-tierra-1.webp\" \/>\n\t<meta property=\"og:image:width\" content=\"1498\" \/>\n\t<meta property=\"og:image:height\" content=\"1500\" \/>\n\t<meta property=\"og:image:type\" content=\"image\/webp\" \/>\n<meta name=\"twitter:card\" content=\"summary_large_image\" \/>\n<meta name=\"twitter:label1\" content=\"Prix\" \/>\n\t<meta name=\"twitter:data1\" content=\"4,95&nbsp;&euro;\" \/>\n\t<meta name=\"twitter:label2\" content=\"Disponibilit\u00e9\" \/>\n\t<meta name=\"twitter:data2\" content=\"En stock\" \/>\n<script type=\"application\/ld+json\" class=\"yoast-schema-graph\">{\"@context\":\"https:\\\/\\\/schema.org\",\"@graph\":[{\"@type\":\"WebPage\",\"@id\":\"https:\\\/\\\/iberoo.com\\\/producto\\\/vinagre-de-sidra-de-nuestra-tierra-200ml\\\/\",\"url\":\"https:\\\/\\\/iberoo.com\\\/producto\\\/vinagre-de-sidra-de-nuestra-tierra-200ml\\\/\",\"name\":\"Vinagre de Sidra De Nuestra Tierra 200ml - Iberoo\",\"isPartOf\":{\"@id\":\"https:\\\/\\\/iberoo.com\\\/#website\"},\"primaryImageOfPage\":{\"@id\":\"https:\\\/\\\/iberoo.com\\\/producto\\\/vinagre-de-sidra-de-nuestra-tierra-200ml\\\/#primaryimage\"},\"image\":{\"@id\":\"https:\\\/\\\/iberoo.com\\\/producto\\\/vinagre-de-sidra-de-nuestra-tierra-200ml\\\/#primaryimage\"},\"thumbnailUrl\":\"https:\\\/\\\/iberoo.com\\\/wp-content\\\/uploads\\\/2025\\\/11\\\/vinagre-sidra-nuestra-tierra-1.webp\",\"datePublished\":\"2025-11-14T22:55:10+00:00\",\"dateModified\":\"2025-11-18T05:49:48+00:00\",\"description\":\"Elaborado con manzanas frescas y seleccionadas, el vinagre de sidra De Nuestra Tierra es perfecto para realzar tus ensaladas, marinados y salsas.\",\"breadcrumb\":{\"@id\":\"https:\\\/\\\/iberoo.com\\\/producto\\\/vinagre-de-sidra-de-nuestra-tierra-200ml\\\/#breadcrumb\"},\"inLanguage\":\"fr-FR\",\"potentialAction\":[{\"@type\":\"ReadAction\",\"target\":[\"https:\\\/\\\/iberoo.com\\\/producto\\\/vinagre-de-sidra-de-nuestra-tierra-200ml\\\/\"]}]},{\"@type\":\"ImageObject\",\"inLanguage\":\"fr-FR\",\"@id\":\"https:\\\/\\\/iberoo.com\\\/producto\\\/vinagre-de-sidra-de-nuestra-tierra-200ml\\\/#primaryimage\",\"url\":\"https:\\\/\\\/iberoo.com\\\/wp-content\\\/uploads\\\/2025\\\/11\\\/vinagre-sidra-nuestra-tierra-1.webp\",\"contentUrl\":\"https:\\\/\\\/iberoo.com\\\/wp-content\\\/uploads\\\/2025\\\/11\\\/vinagre-sidra-nuestra-tierra-1.webp\",\"width\":1498,\"height\":1500,\"caption\":\"Vinagre de Sidra De Nuestra Tierra\"},{\"@type\":\"BreadcrumbList\",\"@id\":\"https:\\\/\\\/iberoo.com\\\/producto\\\/vinagre-de-sidra-de-nuestra-tierra-200ml\\\/#breadcrumb\",\"itemListElement\":[{\"@type\":\"ListItem\",\"position\":1,\"name\":\"Portada\",\"item\":\"https:\\\/\\\/iberoo.com\\\/\"},{\"@type\":\"ListItem\",\"position\":2,\"name\":\"Tienda Online\",\"item\":\"https:\\\/\\\/iberoo.com\\\/tienda\\\/\"},{\"@type\":\"ListItem\",\"position\":3,\"name\":\"Vinagre de Sidra De Nuestra Tierra 200ml\"}]},{\"@type\":\"WebSite\",\"@id\":\"https:\\\/\\\/iberoo.com\\\/#website\",\"url\":\"https:\\\/\\\/iberoo.com\\\/\",\"name\":\"Iberoo\",\"description\":\"\",\"publisher\":{\"@id\":\"https:\\\/\\\/iberoo.com\\\/#organization\"},\"potentialAction\":[{\"@type\":\"SearchAction\",\"target\":{\"@type\":\"EntryPoint\",\"urlTemplate\":\"https:\\\/\\\/iberoo.com\\\/?s={search_term_string}\"},\"query-input\":{\"@type\":\"PropertyValueSpecification\",\"valueRequired\":true,\"valueName\":\"search_term_string\"}}],\"inLanguage\":\"fr-FR\"},{\"@type\":\"Organization\",\"@id\":\"https:\\\/\\\/iberoo.com\\\/#organization\",\"name\":\"Iberoo\",\"url\":\"https:\\\/\\\/iberoo.com\\\/\",\"logo\":{\"@type\":\"ImageObject\",\"inLanguage\":\"fr-FR\",\"@id\":\"https:\\\/\\\/iberoo.com\\\/#\\\/schema\\\/logo\\\/image\\\/\",\"url\":\"https:\\\/\\\/iberoo.com\\\/wp-content\\\/uploads\\\/2025\\\/11\\\/logo-cuadrado.jpg\",\"contentUrl\":\"https:\\\/\\\/iberoo.com\\\/wp-content\\\/uploads\\\/2025\\\/11\\\/logo-cuadrado.jpg\",\"width\":700,\"height\":700,\"caption\":\"Iberoo\"},\"image\":{\"@id\":\"https:\\\/\\\/iberoo.com\\\/#\\\/schema\\\/logo\\\/image\\\/\"}}]}<\/script>\n<meta property=\"product:brand\" content=\"De Nuestra Tierra\" \/>\n<meta property=\"product:price:amount\" content=\"4.95\" \/>\n<meta property=\"product:price:currency\" content=\"EUR\" \/>\n<meta property=\"og:availability\" content=\"instock\" \/>\n<meta property=\"product:availability\" content=\"instock\" \/>\n<meta property=\"product:condition\" content=\"new\" \/>\n<!-- \/ Yoast SEO plugin. -->","yoast_head_json":{"title":"Vinaigre de Cidre De Nuestra Tierra 200ml - Iberoo","description":"\u00c9labor\u00e9 \u00e0 partir de pommes fra\u00eeches et s\u00e9lectionn\u00e9es, le vinaigre de cidre De Nuestra Tierra est parfait pour sublimer vos salades, marinades et sauces.","robots":{"index":"index","follow":"follow","max-snippet":"max-snippet:-1","max-image-preview":"max-image-preview:large","max-video-preview":"max-video-preview:-1"},"canonical":"https:\/\/iberoo.com\/fr\/produit\/vinaigre-de-cidre-de-nuestra-tierra-200ml\/","og_locale":"fr_FR","og_type":"article","og_title":"Vinagre de Sidra De Nuestra Tierra 200ml - Iberoo","og_description":"Elaborado con manzanas frescas y seleccionadas, el vinagre de sidra De Nuestra Tierra es perfecto para realzar tus ensaladas, marinados y salsas.","og_url":"https:\/\/iberoo.com\/fr\/produit\/vinaigre-de-cidre-de-nuestra-tierra-200ml\/","og_site_name":"Iberoo","article_modified_time":"2025-11-18T05:49:48+00:00","og_image":[{"width":1498,"height":1500,"url":"https:\/\/iberoo.com\/wp-content\/uploads\/2025\/11\/vinagre-sidra-nuestra-tierra-1.webp","type":"image\/webp"}],"twitter_card":"summary_large_image","twitter_misc":{"Prix":"4,95&nbsp;&euro;","Disponibilit\u00e9":"En stock"},"schema":{"@context":"https:\/\/schema.org","@graph":[{"@type":"WebPage","@id":"https:\/\/iberoo.com\/producto\/vinagre-de-sidra-de-nuestra-tierra-200ml\/","url":"https:\/\/iberoo.com\/producto\/vinagre-de-sidra-de-nuestra-tierra-200ml\/","name":"Vinaigre de Cidre De Nuestra Tierra 200ml - Iberoo","isPartOf":{"@id":"https:\/\/iberoo.com\/#website"},"primaryImageOfPage":{"@id":"https:\/\/iberoo.com\/producto\/vinagre-de-sidra-de-nuestra-tierra-200ml\/#primaryimage"},"image":{"@id":"https:\/\/iberoo.com\/producto\/vinagre-de-sidra-de-nuestra-tierra-200ml\/#primaryimage"},"thumbnailUrl":"https:\/\/iberoo.com\/wp-content\/uploads\/2025\/11\/vinagre-sidra-nuestra-tierra-1.webp","datePublished":"2025-11-14T22:55:10+00:00","dateModified":"2025-11-18T05:49:48+00:00","description":"\u00c9labor\u00e9 \u00e0 partir de pommes fra\u00eeches et s\u00e9lectionn\u00e9es, le vinaigre de cidre De Nuestra Tierra est parfait pour sublimer vos salades, marinades et sauces.","breadcrumb":{"@id":"https:\/\/iberoo.com\/producto\/vinagre-de-sidra-de-nuestra-tierra-200ml\/#breadcrumb"},"inLanguage":"fr-FR","potentialAction":[{"@type":"ReadAction","target":["https:\/\/iberoo.com\/producto\/vinagre-de-sidra-de-nuestra-tierra-200ml\/"]}]},{"@type":"ImageObject","inLanguage":"fr-FR","@id":"https:\/\/iberoo.com\/producto\/vinagre-de-sidra-de-nuestra-tierra-200ml\/#primaryimage","url":"https:\/\/iberoo.com\/wp-content\/uploads\/2025\/11\/vinagre-sidra-nuestra-tierra-1.webp","contentUrl":"https:\/\/iberoo.com\/wp-content\/uploads\/2025\/11\/vinagre-sidra-nuestra-tierra-1.webp","width":1498,"height":1500,"caption":"Vinagre de Sidra De Nuestra Tierra"},{"@type":"BreadcrumbList","@id":"https:\/\/iberoo.com\/producto\/vinagre-de-sidra-de-nuestra-tierra-200ml\/#breadcrumb","itemListElement":[{"@type":"ListItem","position":1,"name":"Portada","item":"https:\/\/iberoo.com\/"},{"@type":"ListItem","position":2,"name":"Tienda Online","item":"https:\/\/iberoo.com\/tienda\/"},{"@type":"ListItem","position":3,"name":"Vinagre de Sidra De Nuestra Tierra 200ml"}]},{"@type":"WebSite","@id":"https:\/\/iberoo.com\/#website","url":"https:\/\/iberoo.com\/","name":"Iberoo","description":"","publisher":{"@id":"https:\/\/iberoo.com\/#organization"},"potentialAction":[{"@type":"SearchAction","target":{"@type":"EntryPoint","urlTemplate":"https:\/\/iberoo.com\/?s={search_term_string}"},"query-input":{"@type":"PropertyValueSpecification","valueRequired":true,"valueName":"search_term_string"}}],"inLanguage":"fr-FR"},{"@type":"Organization","@id":"https:\/\/iberoo.com\/#organization","name":"Iberoo","url":"https:\/\/iberoo.com\/","logo":{"@type":"ImageObject","inLanguage":"fr-FR","@id":"https:\/\/iberoo.com\/#\/schema\/logo\/image\/","url":"https:\/\/iberoo.com\/wp-content\/uploads\/2025\/11\/logo-cuadrado.jpg","contentUrl":"https:\/\/iberoo.com\/wp-content\/uploads\/2025\/11\/logo-cuadrado.jpg","width":700,"height":700,"caption":"Iberoo"},"image":{"@id":"https:\/\/iberoo.com\/#\/schema\/logo\/image\/"}}]},"product_brand":"De Nuestra Tierra","product_price_amount":"4.95","product_price_currency":"EUR","og_availability":"instock","product_availability":"instock","product_condition":"new"},"_links":{"self":[{"href":"https:\/\/iberoo.com\/fr\/wp-json\/wp\/v2\/product\/705","targetHints":{"allow":["GET"]}}],"collection":[{"href":"https:\/\/iberoo.com\/fr\/wp-json\/wp\/v2\/product"}],"about":[{"href":"https:\/\/iberoo.com\/fr\/wp-json\/wp\/v2\/types\/product"}],"replies":[{"embeddable":true,"href":"https:\/\/iberoo.com\/fr\/wp-json\/wp\/v2\/comments?post=705"}],"wp:featuredmedia":[{"embeddable":true,"href":"https:\/\/iberoo.com\/fr\/wp-json\/wp\/v2\/media\/741"}],"wp:attachment":[{"href":"https:\/\/iberoo.com\/fr\/wp-json\/wp\/v2\/media?parent=705"}],"wp:term":[{"taxonomy":"product_brand","embeddable":true,"href":"https:\/\/iberoo.com\/fr\/wp-json\/wp\/v2\/product_brand?post=705"},{"taxonomy":"product_cat","embeddable":true,"href":"https:\/\/iberoo.com\/fr\/wp-json\/wp\/v2\/product_cat?post=705"},{"taxonomy":"product_tag","embeddable":true,"href":"https:\/\/iberoo.com\/fr\/wp-json\/wp\/v2\/product_tag?post=705"}],"curies":[{"name":"wp","href":"https:\/\/api.w.org\/{rel}","templated":true}]}}