{"id":722,"date":"2025-11-14T23:55:11","date_gmt":"2025-11-14T22:55:11","guid":{"rendered":"https:\/\/iberoo.com\/?post_type=product&#038;p=722"},"modified":"2025-12-20T02:07:03","modified_gmt":"2025-12-20T01:07:03","slug":"bette-a-carde-naturelle-de-nuestra-tierra-425g","status":"publish","type":"product","link":"https:\/\/iberoo.com\/fr\/produit\/bette-a-carde-naturelle-de-nuestra-tierra-425g\/","title":{"rendered":"Bette \u00e0 carde naturelle De Nuestra Tierra 425g"},"content":{"rendered":"<p>D\u00e9couvrez la saveur authentique de nos blettes en conserve naturelles \u00ab\u00a0Our Land\u00a0\u00bb, un d\u00e9licieux bocal de blettes en conserve naturelles \u00e0 ne pas manquer. Id\u00e9ales pour sublimer vos plats, ces blettes apportent une saveur unique qui se marie \u00e0 merveille avec les salades, les accompagnements et bien plus encore. Gr\u00e2ce \u00e0 son couvercle herm\u00e9tique, chaque bouch\u00e9e reste fra\u00eeche et savoureuse. Apportez une touche d'originalit\u00e9 \u00e0 votre cuisine et surprenez vos convives avec cette option exquise\u00a0!<\/p>\n<p><strong>Ingr\u00e9dients:<\/strong> Bette \u00e0 carde, eau, sel et antioxydant (acide ascorbique)<\/p>","protected":false},"excerpt":{"rendered":"<p>Bette \u00e0 carde naturelle de Navarre, conserv\u00e9e dans un bocal en verre, pour qu'elle arrive \u00e0 votre table comme si elle venait d'\u00eatre cueillie du jardin.<\/p>","protected":false},"featured_media":775,"comment_status":"closed","ping_status":"closed","template":"","meta":[],"product_brand":[74],"product_cat":[78],"product_tag":[],"class_list":{"0":"post-722","1":"product","2":"type-product","3":"status-publish","4":"has-post-thumbnail","6":"product_brand-de-nuestra-tierra","7":"product_cat-conservas-vegetales","9":"first","10":"instock","11":"shipping-taxable","12":"purchasable","13":"product-type-simple"},"yoast_head":"<!-- This site is optimized with the Yoast SEO plugin v27.3 - https:\/\/yoast.com\/product\/yoast-seo-wordpress\/ -->\n<title>Acelgas al Natural De Nuestra Tierra 425g - Iberoo<\/title>\n<meta name=\"description\" content=\"Descubre el sabor aut\u00e9ntico de las Acelgas al Natural De Nuestra Tierra, un delicioso tarro de acelgas conservadas al natural que no puedes dejar pasar.\" \/>\n<meta name=\"robots\" content=\"index, follow, max-snippet:-1, max-image-preview:large, max-video-preview:-1\" \/>\n<link rel=\"canonical\" href=\"https:\/\/iberoo.com\/fr\/produit\/bette-a-carde-naturelle-de-nuestra-tierra-425g\/\" \/>\n<meta property=\"og:locale\" content=\"fr_FR\" \/>\n<meta property=\"og:type\" content=\"article\" \/>\n<meta property=\"og:title\" content=\"Acelgas al Natural De Nuestra Tierra 425g - Iberoo\" \/>\n<meta property=\"og:description\" content=\"Descubre el sabor aut\u00e9ntico de las Acelgas al Natural De Nuestra Tierra, un delicioso tarro de acelgas conservadas al natural que no puedes dejar pasar.\" \/>\n<meta property=\"og:url\" content=\"https:\/\/iberoo.com\/fr\/produit\/bette-a-carde-naturelle-de-nuestra-tierra-425g\/\" \/>\n<meta property=\"og:site_name\" content=\"Iberoo\" \/>\n<meta property=\"article:modified_time\" content=\"2025-12-20T01:07:03+00:00\" \/>\n<meta property=\"og:image\" content=\"https:\/\/iberoo.com\/wp-content\/uploads\/2025\/11\/acelgas-de-nuestra-tierra-1.jpg\" \/>\n\t<meta property=\"og:image:width\" content=\"1500\" \/>\n\t<meta property=\"og:image:height\" content=\"1500\" \/>\n\t<meta property=\"og:image:type\" content=\"image\/jpeg\" \/>\n<meta name=\"twitter:card\" content=\"summary_large_image\" \/>\n<meta name=\"twitter:label1\" content=\"Prix\" \/>\n\t<meta name=\"twitter:data1\" content=\"5,45&nbsp;&euro;\" \/>\n\t<meta name=\"twitter:label2\" content=\"Disponibilit\u00e9\" \/>\n\t<meta name=\"twitter:data2\" content=\"En stock\" \/>\n<script type=\"application\/ld+json\" class=\"yoast-schema-graph\">{\"@context\":\"https:\\\/\\\/schema.org\",\"@graph\":[{\"@type\":\"WebPage\",\"@id\":\"https:\\\/\\\/iberoo.com\\\/producto\\\/acelgas-al-natural-de-nuestra-tierra-425g\\\/\",\"url\":\"https:\\\/\\\/iberoo.com\\\/producto\\\/acelgas-al-natural-de-nuestra-tierra-425g\\\/\",\"name\":\"Acelgas al Natural De Nuestra Tierra 425g - Iberoo\",\"isPartOf\":{\"@id\":\"https:\\\/\\\/iberoo.com\\\/#website\"},\"primaryImageOfPage\":{\"@id\":\"https:\\\/\\\/iberoo.com\\\/producto\\\/acelgas-al-natural-de-nuestra-tierra-425g\\\/#primaryimage\"},\"image\":{\"@id\":\"https:\\\/\\\/iberoo.com\\\/producto\\\/acelgas-al-natural-de-nuestra-tierra-425g\\\/#primaryimage\"},\"thumbnailUrl\":\"https:\\\/\\\/iberoo.com\\\/wp-content\\\/uploads\\\/2025\\\/11\\\/acelgas-de-nuestra-tierra-1.jpg\",\"datePublished\":\"2025-11-14T22:55:11+00:00\",\"dateModified\":\"2025-12-20T01:07:03+00:00\",\"description\":\"Descubre el sabor aut\u00e9ntico de las Acelgas al Natural De Nuestra Tierra, un delicioso tarro de acelgas conservadas al natural que no puedes dejar pasar.\",\"breadcrumb\":{\"@id\":\"https:\\\/\\\/iberoo.com\\\/producto\\\/acelgas-al-natural-de-nuestra-tierra-425g\\\/#breadcrumb\"},\"inLanguage\":\"fr-FR\",\"potentialAction\":[{\"@type\":\"ReadAction\",\"target\":[\"https:\\\/\\\/iberoo.com\\\/producto\\\/acelgas-al-natural-de-nuestra-tierra-425g\\\/\"]}]},{\"@type\":\"ImageObject\",\"inLanguage\":\"fr-FR\",\"@id\":\"https:\\\/\\\/iberoo.com\\\/producto\\\/acelgas-al-natural-de-nuestra-tierra-425g\\\/#primaryimage\",\"url\":\"https:\\\/\\\/iberoo.com\\\/wp-content\\\/uploads\\\/2025\\\/11\\\/acelgas-de-nuestra-tierra-1.jpg\",\"contentUrl\":\"https:\\\/\\\/iberoo.com\\\/wp-content\\\/uploads\\\/2025\\\/11\\\/acelgas-de-nuestra-tierra-1.jpg\",\"width\":1500,\"height\":1500,\"caption\":\"Acelgas al Natural De Nuestra Tierra\"},{\"@type\":\"BreadcrumbList\",\"@id\":\"https:\\\/\\\/iberoo.com\\\/producto\\\/acelgas-al-natural-de-nuestra-tierra-425g\\\/#breadcrumb\",\"itemListElement\":[{\"@type\":\"ListItem\",\"position\":1,\"name\":\"Portada\",\"item\":\"https:\\\/\\\/iberoo.com\\\/\"},{\"@type\":\"ListItem\",\"position\":2,\"name\":\"Tienda Online\",\"item\":\"https:\\\/\\\/iberoo.com\\\/tienda\\\/\"},{\"@type\":\"ListItem\",\"position\":3,\"name\":\"Acelgas al Natural De Nuestra Tierra 425g\"}]},{\"@type\":\"WebSite\",\"@id\":\"https:\\\/\\\/iberoo.com\\\/#website\",\"url\":\"https:\\\/\\\/iberoo.com\\\/\",\"name\":\"Iberoo\",\"description\":\"\",\"publisher\":{\"@id\":\"https:\\\/\\\/iberoo.com\\\/#organization\"},\"potentialAction\":[{\"@type\":\"SearchAction\",\"target\":{\"@type\":\"EntryPoint\",\"urlTemplate\":\"https:\\\/\\\/iberoo.com\\\/?s={search_term_string}\"},\"query-input\":{\"@type\":\"PropertyValueSpecification\",\"valueRequired\":true,\"valueName\":\"search_term_string\"}}],\"inLanguage\":\"fr-FR\"},{\"@type\":\"Organization\",\"@id\":\"https:\\\/\\\/iberoo.com\\\/#organization\",\"name\":\"Iberoo\",\"url\":\"https:\\\/\\\/iberoo.com\\\/\",\"logo\":{\"@type\":\"ImageObject\",\"inLanguage\":\"fr-FR\",\"@id\":\"https:\\\/\\\/iberoo.com\\\/#\\\/schema\\\/logo\\\/image\\\/\",\"url\":\"https:\\\/\\\/iberoo.com\\\/wp-content\\\/uploads\\\/2025\\\/11\\\/logo-cuadrado.jpg\",\"contentUrl\":\"https:\\\/\\\/iberoo.com\\\/wp-content\\\/uploads\\\/2025\\\/11\\\/logo-cuadrado.jpg\",\"width\":700,\"height\":700,\"caption\":\"Iberoo\"},\"image\":{\"@id\":\"https:\\\/\\\/iberoo.com\\\/#\\\/schema\\\/logo\\\/image\\\/\"}}]}<\/script>\n<meta property=\"product:brand\" content=\"De Nuestra Tierra\" \/>\n<meta property=\"product:price:amount\" content=\"5.45\" \/>\n<meta property=\"product:price:currency\" content=\"EUR\" \/>\n<meta property=\"og:availability\" content=\"instock\" \/>\n<meta property=\"product:availability\" content=\"instock\" \/>\n<meta property=\"product:condition\" content=\"new\" \/>\n<!-- \/ Yoast SEO plugin. -->","yoast_head_json":{"title":"Bette \u00e0 carde naturelle De Nuestra Tierra 425g - Iberoo","description":"Descubre el sabor aut\u00e9ntico de las Acelgas al Natural De Nuestra Tierra, un delicioso tarro de acelgas conservadas al natural que no puedes dejar pasar.","robots":{"index":"index","follow":"follow","max-snippet":"max-snippet:-1","max-image-preview":"max-image-preview:large","max-video-preview":"max-video-preview:-1"},"canonical":"https:\/\/iberoo.com\/fr\/produit\/bette-a-carde-naturelle-de-nuestra-tierra-425g\/","og_locale":"fr_FR","og_type":"article","og_title":"Acelgas al Natural De Nuestra Tierra 425g - Iberoo","og_description":"Descubre el sabor aut\u00e9ntico de las Acelgas al Natural De Nuestra Tierra, un delicioso tarro de acelgas conservadas al natural que no puedes dejar pasar.","og_url":"https:\/\/iberoo.com\/fr\/produit\/bette-a-carde-naturelle-de-nuestra-tierra-425g\/","og_site_name":"Iberoo","article_modified_time":"2025-12-20T01:07:03+00:00","og_image":[{"width":1500,"height":1500,"url":"https:\/\/iberoo.com\/wp-content\/uploads\/2025\/11\/acelgas-de-nuestra-tierra-1.jpg","type":"image\/jpeg"}],"twitter_card":"summary_large_image","twitter_misc":{"Prix":"5,45&nbsp;&euro;","Disponibilit\u00e9":"En stock"},"schema":{"@context":"https:\/\/schema.org","@graph":[{"@type":"WebPage","@id":"https:\/\/iberoo.com\/producto\/acelgas-al-natural-de-nuestra-tierra-425g\/","url":"https:\/\/iberoo.com\/producto\/acelgas-al-natural-de-nuestra-tierra-425g\/","name":"Bette \u00e0 carde naturelle De Nuestra Tierra 425g - Iberoo","isPartOf":{"@id":"https:\/\/iberoo.com\/#website"},"primaryImageOfPage":{"@id":"https:\/\/iberoo.com\/producto\/acelgas-al-natural-de-nuestra-tierra-425g\/#primaryimage"},"image":{"@id":"https:\/\/iberoo.com\/producto\/acelgas-al-natural-de-nuestra-tierra-425g\/#primaryimage"},"thumbnailUrl":"https:\/\/iberoo.com\/wp-content\/uploads\/2025\/11\/acelgas-de-nuestra-tierra-1.jpg","datePublished":"2025-11-14T22:55:11+00:00","dateModified":"2025-12-20T01:07:03+00:00","description":"Descubre el sabor aut\u00e9ntico de las Acelgas al Natural De Nuestra Tierra, un delicioso tarro de acelgas conservadas al natural que no puedes dejar pasar.","breadcrumb":{"@id":"https:\/\/iberoo.com\/producto\/acelgas-al-natural-de-nuestra-tierra-425g\/#breadcrumb"},"inLanguage":"fr-FR","potentialAction":[{"@type":"ReadAction","target":["https:\/\/iberoo.com\/producto\/acelgas-al-natural-de-nuestra-tierra-425g\/"]}]},{"@type":"ImageObject","inLanguage":"fr-FR","@id":"https:\/\/iberoo.com\/producto\/acelgas-al-natural-de-nuestra-tierra-425g\/#primaryimage","url":"https:\/\/iberoo.com\/wp-content\/uploads\/2025\/11\/acelgas-de-nuestra-tierra-1.jpg","contentUrl":"https:\/\/iberoo.com\/wp-content\/uploads\/2025\/11\/acelgas-de-nuestra-tierra-1.jpg","width":1500,"height":1500,"caption":"Acelgas al Natural De Nuestra Tierra"},{"@type":"BreadcrumbList","@id":"https:\/\/iberoo.com\/producto\/acelgas-al-natural-de-nuestra-tierra-425g\/#breadcrumb","itemListElement":[{"@type":"ListItem","position":1,"name":"Portada","item":"https:\/\/iberoo.com\/"},{"@type":"ListItem","position":2,"name":"Tienda Online","item":"https:\/\/iberoo.com\/tienda\/"},{"@type":"ListItem","position":3,"name":"Acelgas al Natural De Nuestra Tierra 425g"}]},{"@type":"WebSite","@id":"https:\/\/iberoo.com\/#website","url":"https:\/\/iberoo.com\/","name":"Iberoo","description":"","publisher":{"@id":"https:\/\/iberoo.com\/#organization"},"potentialAction":[{"@type":"SearchAction","target":{"@type":"EntryPoint","urlTemplate":"https:\/\/iberoo.com\/?s={search_term_string}"},"query-input":{"@type":"PropertyValueSpecification","valueRequired":true,"valueName":"search_term_string"}}],"inLanguage":"fr-FR"},{"@type":"Organization","@id":"https:\/\/iberoo.com\/#organization","name":"Iberoo","url":"https:\/\/iberoo.com\/","logo":{"@type":"ImageObject","inLanguage":"fr-FR","@id":"https:\/\/iberoo.com\/#\/schema\/logo\/image\/","url":"https:\/\/iberoo.com\/wp-content\/uploads\/2025\/11\/logo-cuadrado.jpg","contentUrl":"https:\/\/iberoo.com\/wp-content\/uploads\/2025\/11\/logo-cuadrado.jpg","width":700,"height":700,"caption":"Iberoo"},"image":{"@id":"https:\/\/iberoo.com\/#\/schema\/logo\/image\/"}}]},"product_brand":"De Nuestra Tierra","product_price_amount":"5.45","product_price_currency":"EUR","og_availability":"instock","product_availability":"instock","product_condition":"new"},"_links":{"self":[{"href":"https:\/\/iberoo.com\/fr\/wp-json\/wp\/v2\/product\/722","targetHints":{"allow":["GET"]}}],"collection":[{"href":"https:\/\/iberoo.com\/fr\/wp-json\/wp\/v2\/product"}],"about":[{"href":"https:\/\/iberoo.com\/fr\/wp-json\/wp\/v2\/types\/product"}],"replies":[{"embeddable":true,"href":"https:\/\/iberoo.com\/fr\/wp-json\/wp\/v2\/comments?post=722"}],"wp:featuredmedia":[{"embeddable":true,"href":"https:\/\/iberoo.com\/fr\/wp-json\/wp\/v2\/media\/775"}],"wp:attachment":[{"href":"https:\/\/iberoo.com\/fr\/wp-json\/wp\/v2\/media?parent=722"}],"wp:term":[{"taxonomy":"product_brand","embeddable":true,"href":"https:\/\/iberoo.com\/fr\/wp-json\/wp\/v2\/product_brand?post=722"},{"taxonomy":"product_cat","embeddable":true,"href":"https:\/\/iberoo.com\/fr\/wp-json\/wp\/v2\/product_cat?post=722"},{"taxonomy":"product_tag","embeddable":true,"href":"https:\/\/iberoo.com\/fr\/wp-json\/wp\/v2\/product_tag?post=722"}],"curies":[{"name":"wp","href":"https:\/\/api.w.org\/{rel}","templated":true}]}}