{"id":795,"date":"2025-11-14T23:55:55","date_gmt":"2025-11-14T22:55:55","guid":{"rendered":"https:\/\/iberoo.com\/?post_type=product&#038;p=795"},"modified":"2026-04-04T21:55:38","modified_gmt":"2026-04-04T19:55:38","slug":"riz-rond-sos","status":"publish","type":"product","link":"https:\/\/iberoo.com\/fr\/produit\/riz-rond-sos\/","title":{"rendered":"Riz rond SOS"},"content":{"rendered":"<div>D\u00e9couvrez la qualit\u00e9 sup\u00e9rieure du riz rond SOS, disponible en paquets d'un ou deux kilos. Ce riz \u00e0 grains courts est id\u00e9al pour pr\u00e9parer une grande vari\u00e9t\u00e9 de plats, des risottos savoureux aux soupes de riz traditionnelles. Sa texture douce et sa capacit\u00e9 \u00e0 absorber les saveurs en font l'accompagnement parfait pour tous vos repas.<\/div>\n<div><\/div>\n<div>D\u00e9couvrez la qualit\u00e9 sup\u00e9rieure du riz rond SOS, disponible en paquets d'un ou deux kilos. Ce riz \u00e0 grains courts est id\u00e9al pour pr\u00e9parer une grande vari\u00e9t\u00e9 de plats, des risottos savoureux aux soupes de riz traditionnelles. Sa texture douce et sa capacit\u00e9 \u00e0 absorber les saveurs en font l'accompagnement parfait pour tous vos repas.<\/div>","protected":false},"excerpt":{"rendered":"<p>S'il y a bien une marque qui jouit d'une excellente r\u00e9putation en Espagne, c'est sans aucun doute SOS. Nous vous livrons leur riz rond \u00e0 domicile en sacs de 1 kg ou 2 kg. Et n'oubliez pas\u00a0: avec SOS, c'est forc\u00e9ment bon.<\/p>","protected":false},"featured_media":825,"comment_status":"closed","ping_status":"closed","template":"","meta":[],"product_brand":[85],"product_cat":[84],"product_tag":[],"class_list":{"0":"post-795","1":"product","2":"type-product","3":"status-publish","4":"has-post-thumbnail","6":"product_brand-sos","7":"product_cat-arroz","9":"first","10":"instock","11":"shipping-taxable","12":"purchasable","13":"product-type-variable"},"yoast_head":"<!-- This site is optimized with the Yoast SEO plugin v27.3 - https:\/\/yoast.com\/product\/yoast-seo-wordpress\/ -->\n<title>Arroz Redondo SOS - Iberoo<\/title>\n<meta name=\"description\" content=\"Si hay alguna marca que se ha ganado una gran reputaci\u00f3n en Espa\u00f1a esa es sin duda la marca SOS. Y recuerda, si es SOS, es bueno.\" \/>\n<meta name=\"robots\" content=\"index, follow, max-snippet:-1, max-image-preview:large, max-video-preview:-1\" \/>\n<link rel=\"canonical\" href=\"https:\/\/iberoo.com\/fr\/produit\/riz-rond-sos\/\" \/>\n<meta property=\"og:locale\" content=\"fr_FR\" \/>\n<meta property=\"og:type\" content=\"article\" \/>\n<meta property=\"og:title\" content=\"Arroz Redondo SOS - Iberoo\" \/>\n<meta property=\"og:description\" content=\"Si hay alguna marca que se ha ganado una gran reputaci\u00f3n en Espa\u00f1a esa es sin duda la marca SOS. Y recuerda, si es SOS, es bueno.\" \/>\n<meta property=\"og:url\" content=\"https:\/\/iberoo.com\/fr\/produit\/riz-rond-sos\/\" \/>\n<meta property=\"og:site_name\" content=\"Iberoo\" \/>\n<meta property=\"article:modified_time\" content=\"2026-04-04T19:55:38+00:00\" \/>\n<meta property=\"og:image\" content=\"https:\/\/iberoo.com\/wp-content\/uploads\/2025\/11\/arroz-redondo-sos-1kg-1.webp\" \/>\n\t<meta property=\"og:image:width\" content=\"1500\" \/>\n\t<meta property=\"og:image:height\" content=\"1500\" \/>\n\t<meta property=\"og:image:type\" content=\"image\/webp\" \/>\n<meta name=\"twitter:card\" content=\"summary_large_image\" \/>\n<meta name=\"twitter:label1\" content=\"Disponibilit\u00e9\" \/>\n\t<meta name=\"twitter:data1\" content=\"En stock\" \/>\n<script type=\"application\/ld+json\" class=\"yoast-schema-graph\">{\"@context\":\"https:\\\/\\\/schema.org\",\"@graph\":[{\"@type\":\"WebPage\",\"@id\":\"https:\\\/\\\/iberoo.com\\\/producto\\\/arroz-redondo-sos\\\/\",\"url\":\"https:\\\/\\\/iberoo.com\\\/producto\\\/arroz-redondo-sos\\\/\",\"name\":\"Arroz Redondo SOS - Iberoo\",\"isPartOf\":{\"@id\":\"https:\\\/\\\/iberoo.com\\\/#website\"},\"primaryImageOfPage\":{\"@id\":\"https:\\\/\\\/iberoo.com\\\/producto\\\/arroz-redondo-sos\\\/#primaryimage\"},\"image\":{\"@id\":\"https:\\\/\\\/iberoo.com\\\/producto\\\/arroz-redondo-sos\\\/#primaryimage\"},\"thumbnailUrl\":\"https:\\\/\\\/iberoo.com\\\/wp-content\\\/uploads\\\/2025\\\/11\\\/arroz-redondo-sos-1kg-1.webp\",\"datePublished\":\"2025-11-14T22:55:55+00:00\",\"dateModified\":\"2026-04-04T19:55:38+00:00\",\"description\":\"Si hay alguna marca que se ha ganado una gran reputaci\u00f3n en Espa\u00f1a esa es sin duda la marca SOS. Y recuerda, si es SOS, es bueno.\",\"breadcrumb\":{\"@id\":\"https:\\\/\\\/iberoo.com\\\/producto\\\/arroz-redondo-sos\\\/#breadcrumb\"},\"inLanguage\":\"fr-FR\",\"potentialAction\":[{\"@type\":\"ReadAction\",\"target\":[\"https:\\\/\\\/iberoo.com\\\/producto\\\/arroz-redondo-sos\\\/\"]}]},{\"@type\":\"ImageObject\",\"inLanguage\":\"fr-FR\",\"@id\":\"https:\\\/\\\/iberoo.com\\\/producto\\\/arroz-redondo-sos\\\/#primaryimage\",\"url\":\"https:\\\/\\\/iberoo.com\\\/wp-content\\\/uploads\\\/2025\\\/11\\\/arroz-redondo-sos-1kg-1.webp\",\"contentUrl\":\"https:\\\/\\\/iberoo.com\\\/wp-content\\\/uploads\\\/2025\\\/11\\\/arroz-redondo-sos-1kg-1.webp\",\"width\":1500,\"height\":1500,\"caption\":\"Arroz Redondo SOS\"},{\"@type\":\"BreadcrumbList\",\"@id\":\"https:\\\/\\\/iberoo.com\\\/producto\\\/arroz-redondo-sos\\\/#breadcrumb\",\"itemListElement\":[{\"@type\":\"ListItem\",\"position\":1,\"name\":\"Portada\",\"item\":\"https:\\\/\\\/iberoo.com\\\/\"},{\"@type\":\"ListItem\",\"position\":2,\"name\":\"Tienda Online\",\"item\":\"https:\\\/\\\/iberoo.com\\\/tienda\\\/\"},{\"@type\":\"ListItem\",\"position\":3,\"name\":\"Arroz Redondo SOS\"}]},{\"@type\":\"WebSite\",\"@id\":\"https:\\\/\\\/iberoo.com\\\/#website\",\"url\":\"https:\\\/\\\/iberoo.com\\\/\",\"name\":\"Iberoo\",\"description\":\"\",\"publisher\":{\"@id\":\"https:\\\/\\\/iberoo.com\\\/#organization\"},\"potentialAction\":[{\"@type\":\"SearchAction\",\"target\":{\"@type\":\"EntryPoint\",\"urlTemplate\":\"https:\\\/\\\/iberoo.com\\\/?s={search_term_string}\"},\"query-input\":{\"@type\":\"PropertyValueSpecification\",\"valueRequired\":true,\"valueName\":\"search_term_string\"}}],\"inLanguage\":\"fr-FR\"},{\"@type\":\"Organization\",\"@id\":\"https:\\\/\\\/iberoo.com\\\/#organization\",\"name\":\"Iberoo\",\"url\":\"https:\\\/\\\/iberoo.com\\\/\",\"logo\":{\"@type\":\"ImageObject\",\"inLanguage\":\"fr-FR\",\"@id\":\"https:\\\/\\\/iberoo.com\\\/#\\\/schema\\\/logo\\\/image\\\/\",\"url\":\"https:\\\/\\\/iberoo.com\\\/wp-content\\\/uploads\\\/2025\\\/11\\\/logo-cuadrado.jpg\",\"contentUrl\":\"https:\\\/\\\/iberoo.com\\\/wp-content\\\/uploads\\\/2025\\\/11\\\/logo-cuadrado.jpg\",\"width\":700,\"height\":700,\"caption\":\"Iberoo\"},\"image\":{\"@id\":\"https:\\\/\\\/iberoo.com\\\/#\\\/schema\\\/logo\\\/image\\\/\"}}]}<\/script>\n<meta property=\"product:brand\" content=\"SOS\" \/>\n<meta property=\"og:availability\" content=\"instock\" \/>\n<meta property=\"product:availability\" content=\"instock\" \/>\n<meta property=\"product:condition\" content=\"new\" \/>\n<!-- \/ Yoast SEO plugin. -->","yoast_head_json":{"title":"Riz rond SOS - Iberoo","description":"S'il y a bien une marque qui s'est forg\u00e9e une excellente r\u00e9putation en Espagne, c'est sans aucun doute SOS. Et n'oubliez pas\u00a0: avec SOS, c'est forc\u00e9ment bon.","robots":{"index":"index","follow":"follow","max-snippet":"max-snippet:-1","max-image-preview":"max-image-preview:large","max-video-preview":"max-video-preview:-1"},"canonical":"https:\/\/iberoo.com\/fr\/produit\/riz-rond-sos\/","og_locale":"fr_FR","og_type":"article","og_title":"Arroz Redondo SOS - Iberoo","og_description":"Si hay alguna marca que se ha ganado una gran reputaci\u00f3n en Espa\u00f1a esa es sin duda la marca SOS. Y recuerda, si es SOS, es bueno.","og_url":"https:\/\/iberoo.com\/fr\/produit\/riz-rond-sos\/","og_site_name":"Iberoo","article_modified_time":"2026-04-04T19:55:38+00:00","og_image":[{"width":1500,"height":1500,"url":"https:\/\/iberoo.com\/wp-content\/uploads\/2025\/11\/arroz-redondo-sos-1kg-1.webp","type":"image\/webp"}],"twitter_card":"summary_large_image","twitter_misc":{"Disponibilit\u00e9":"En stock"},"schema":{"@context":"https:\/\/schema.org","@graph":[{"@type":"WebPage","@id":"https:\/\/iberoo.com\/producto\/arroz-redondo-sos\/","url":"https:\/\/iberoo.com\/producto\/arroz-redondo-sos\/","name":"Riz rond SOS - Iberoo","isPartOf":{"@id":"https:\/\/iberoo.com\/#website"},"primaryImageOfPage":{"@id":"https:\/\/iberoo.com\/producto\/arroz-redondo-sos\/#primaryimage"},"image":{"@id":"https:\/\/iberoo.com\/producto\/arroz-redondo-sos\/#primaryimage"},"thumbnailUrl":"https:\/\/iberoo.com\/wp-content\/uploads\/2025\/11\/arroz-redondo-sos-1kg-1.webp","datePublished":"2025-11-14T22:55:55+00:00","dateModified":"2026-04-04T19:55:38+00:00","description":"S'il y a bien une marque qui s'est forg\u00e9e une excellente r\u00e9putation en Espagne, c'est sans aucun doute SOS. Et n'oubliez pas\u00a0: avec SOS, c'est forc\u00e9ment bon.","breadcrumb":{"@id":"https:\/\/iberoo.com\/producto\/arroz-redondo-sos\/#breadcrumb"},"inLanguage":"fr-FR","potentialAction":[{"@type":"ReadAction","target":["https:\/\/iberoo.com\/producto\/arroz-redondo-sos\/"]}]},{"@type":"ImageObject","inLanguage":"fr-FR","@id":"https:\/\/iberoo.com\/producto\/arroz-redondo-sos\/#primaryimage","url":"https:\/\/iberoo.com\/wp-content\/uploads\/2025\/11\/arroz-redondo-sos-1kg-1.webp","contentUrl":"https:\/\/iberoo.com\/wp-content\/uploads\/2025\/11\/arroz-redondo-sos-1kg-1.webp","width":1500,"height":1500,"caption":"Arroz Redondo SOS"},{"@type":"BreadcrumbList","@id":"https:\/\/iberoo.com\/producto\/arroz-redondo-sos\/#breadcrumb","itemListElement":[{"@type":"ListItem","position":1,"name":"Portada","item":"https:\/\/iberoo.com\/"},{"@type":"ListItem","position":2,"name":"Tienda Online","item":"https:\/\/iberoo.com\/tienda\/"},{"@type":"ListItem","position":3,"name":"Arroz Redondo SOS"}]},{"@type":"WebSite","@id":"https:\/\/iberoo.com\/#website","url":"https:\/\/iberoo.com\/","name":"Iberoo","description":"","publisher":{"@id":"https:\/\/iberoo.com\/#organization"},"potentialAction":[{"@type":"SearchAction","target":{"@type":"EntryPoint","urlTemplate":"https:\/\/iberoo.com\/?s={search_term_string}"},"query-input":{"@type":"PropertyValueSpecification","valueRequired":true,"valueName":"search_term_string"}}],"inLanguage":"fr-FR"},{"@type":"Organization","@id":"https:\/\/iberoo.com\/#organization","name":"Iberoo","url":"https:\/\/iberoo.com\/","logo":{"@type":"ImageObject","inLanguage":"fr-FR","@id":"https:\/\/iberoo.com\/#\/schema\/logo\/image\/","url":"https:\/\/iberoo.com\/wp-content\/uploads\/2025\/11\/logo-cuadrado.jpg","contentUrl":"https:\/\/iberoo.com\/wp-content\/uploads\/2025\/11\/logo-cuadrado.jpg","width":700,"height":700,"caption":"Iberoo"},"image":{"@id":"https:\/\/iberoo.com\/#\/schema\/logo\/image\/"}}]},"product_brand":"SOS","og_availability":"instock","product_availability":"instock","product_condition":"new"},"_links":{"self":[{"href":"https:\/\/iberoo.com\/fr\/wp-json\/wp\/v2\/product\/795","targetHints":{"allow":["GET"]}}],"collection":[{"href":"https:\/\/iberoo.com\/fr\/wp-json\/wp\/v2\/product"}],"about":[{"href":"https:\/\/iberoo.com\/fr\/wp-json\/wp\/v2\/types\/product"}],"replies":[{"embeddable":true,"href":"https:\/\/iberoo.com\/fr\/wp-json\/wp\/v2\/comments?post=795"}],"wp:featuredmedia":[{"embeddable":true,"href":"https:\/\/iberoo.com\/fr\/wp-json\/wp\/v2\/media\/825"}],"wp:attachment":[{"href":"https:\/\/iberoo.com\/fr\/wp-json\/wp\/v2\/media?parent=795"}],"wp:term":[{"taxonomy":"product_brand","embeddable":true,"href":"https:\/\/iberoo.com\/fr\/wp-json\/wp\/v2\/product_brand?post=795"},{"taxonomy":"product_cat","embeddable":true,"href":"https:\/\/iberoo.com\/fr\/wp-json\/wp\/v2\/product_cat?post=795"},{"taxonomy":"product_tag","embeddable":true,"href":"https:\/\/iberoo.com\/fr\/wp-json\/wp\/v2\/product_tag?post=795"}],"curies":[{"name":"wp","href":"https:\/\/api.w.org\/{rel}","templated":true}]}}