{"id":798,"date":"2025-11-14T23:55:56","date_gmt":"2025-11-14T22:55:56","guid":{"rendered":"https:\/\/iberoo.com\/?post_type=product&#038;p=798"},"modified":"2026-04-04T22:01:38","modified_gmt":"2026-04-04T20:01:38","slug":"riz-brun-sos-1kg","status":"publish","type":"product","link":"https:\/\/iberoo.com\/fr\/produit\/riz-brun-sos-1kg\/","title":{"rendered":"Riz Brun SOS 1kg"},"content":{"rendered":"<p>Le riz brun SOS est le choix id\u00e9al pour ceux qui recherchent une option plus saine sans compromis sur la saveur et la qualit\u00e9. Gr\u00e2ce \u00e0 ses grains longs et complets, ce riz conserve son son naturel, ce qui lui conf\u00e8re une saveur plus intense et une texture ferme, faisant de lui l'accompagnement id\u00e9al de plats nutritifs et \u00e9nergisants.<\/p>\n<p>Ce riz brun est riche en fibres, ce qui en fait un excellent choix pour ceux qui souhaitent am\u00e9liorer leur alimentation ou consommer davantage de c\u00e9r\u00e9ales compl\u00e8tes. Gr\u00e2ce \u00e0 la conservation de son enveloppe ext\u00e9rieure, le riz brun SOS pr\u00e9serve \u00e9galement davantage de nutriments et de min\u00e9raux, constituant ainsi une source d'\u00e9nergie saine tout au long de la journ\u00e9e.<\/p>\n<p>Gr\u00e2ce \u00e0 sa polyvalence, ce riz est parfait en accompagnement, en salade, en rago\u00fbt ou m\u00eame comme base pour des plats v\u00e9g\u00e9tariens. Facile \u00e0 cuire, il conserve des grains moelleux et a\u00e9r\u00e9s, ce qui le rend id\u00e9al \u00e0 d\u00e9guster tel quel ou \u00e0 int\u00e9grer dans des recettes plus \u00e9labor\u00e9es.<\/p>\n<p>SOS, fid\u00e8le \u00e0 son engagement envers la qualit\u00e9 et la saveur, vous propose un riz brun d'excellente qualit\u00e9, id\u00e9al pour celles et ceux qui privil\u00e9gient le bien-\u00eatre et le plaisir de bien manger. Avec le riz brun SOS, savourez un riz d\u00e9licieux et naturel, riche en bienfaits \u00e0 chaque bouch\u00e9e, sans rien perdre de son go\u00fbt authentique.<\/p>","protected":false},"excerpt":{"rendered":"<p>Le slogan de la marque SOS est \u00ab\u00a0Si c'est SOS, c'est bon\u00a0\u00bb, et ils ne mentent pas. Leur riz, comme ce riz brun, est d'une qualit\u00e9 exceptionnelle.<\/p>","protected":false},"featured_media":827,"comment_status":"closed","ping_status":"closed","template":"","meta":[],"product_brand":[85],"product_cat":[84],"product_tag":[],"class_list":{"0":"post-798","1":"product","2":"type-product","3":"status-publish","4":"has-post-thumbnail","6":"product_brand-sos","7":"product_cat-arroz","9":"first","10":"instock","11":"shipping-taxable","12":"purchasable","13":"product-type-simple"},"yoast_head":"<!-- This site is optimized with the Yoast SEO plugin v27.3 - https:\/\/yoast.com\/product\/yoast-seo-wordpress\/ -->\n<title>Arroz Integral SOS 1kg - Iberoo<\/title>\n<meta name=\"description\" content=\"El slogan de la marca SOS es que &quot;si es SOS, es bueno&quot;, y no mienten. Sus arroces, como este arroz integral, son de una calidad excepcional.\" \/>\n<meta name=\"robots\" content=\"index, follow, max-snippet:-1, max-image-preview:large, max-video-preview:-1\" \/>\n<link rel=\"canonical\" href=\"https:\/\/iberoo.com\/fr\/produit\/riz-brun-sos-1kg\/\" \/>\n<meta property=\"og:locale\" content=\"fr_FR\" \/>\n<meta property=\"og:type\" content=\"article\" \/>\n<meta property=\"og:title\" content=\"Arroz Integral SOS 1kg - Iberoo\" \/>\n<meta property=\"og:description\" content=\"El slogan de la marca SOS es que &quot;si es SOS, es bueno&quot;, y no mienten. Sus arroces, como este arroz integral, son de una calidad excepcional.\" \/>\n<meta property=\"og:url\" content=\"https:\/\/iberoo.com\/fr\/produit\/riz-brun-sos-1kg\/\" \/>\n<meta property=\"og:site_name\" content=\"Iberoo\" \/>\n<meta property=\"article:modified_time\" content=\"2026-04-04T20:01:38+00:00\" \/>\n<meta property=\"og:image\" content=\"https:\/\/iberoo.com\/wp-content\/uploads\/2025\/11\/arroz-integral-sos-1.webp\" \/>\n\t<meta property=\"og:image:width\" content=\"1500\" \/>\n\t<meta property=\"og:image:height\" content=\"1500\" \/>\n\t<meta property=\"og:image:type\" content=\"image\/webp\" \/>\n<meta name=\"twitter:card\" content=\"summary_large_image\" \/>\n<meta name=\"twitter:label1\" content=\"Prix\" \/>\n\t<meta name=\"twitter:data1\" content=\"4,05&nbsp;&euro;\" \/>\n\t<meta name=\"twitter:label2\" content=\"Disponibilit\u00e9\" \/>\n\t<meta name=\"twitter:data2\" content=\"En stock\" \/>\n<script type=\"application\/ld+json\" class=\"yoast-schema-graph\">{\"@context\":\"https:\\\/\\\/schema.org\",\"@graph\":[{\"@type\":\"WebPage\",\"@id\":\"https:\\\/\\\/iberoo.com\\\/producto\\\/arroz-integral-sos-1kg\\\/\",\"url\":\"https:\\\/\\\/iberoo.com\\\/producto\\\/arroz-integral-sos-1kg\\\/\",\"name\":\"Arroz Integral SOS 1kg - Iberoo\",\"isPartOf\":{\"@id\":\"https:\\\/\\\/iberoo.com\\\/#website\"},\"primaryImageOfPage\":{\"@id\":\"https:\\\/\\\/iberoo.com\\\/producto\\\/arroz-integral-sos-1kg\\\/#primaryimage\"},\"image\":{\"@id\":\"https:\\\/\\\/iberoo.com\\\/producto\\\/arroz-integral-sos-1kg\\\/#primaryimage\"},\"thumbnailUrl\":\"https:\\\/\\\/iberoo.com\\\/wp-content\\\/uploads\\\/2025\\\/11\\\/arroz-integral-sos-1.webp\",\"datePublished\":\"2025-11-14T22:55:56+00:00\",\"dateModified\":\"2026-04-04T20:01:38+00:00\",\"description\":\"El slogan de la marca SOS es que \\\"si es SOS, es bueno\\\", y no mienten. Sus arroces, como este arroz integral, son de una calidad excepcional.\",\"breadcrumb\":{\"@id\":\"https:\\\/\\\/iberoo.com\\\/producto\\\/arroz-integral-sos-1kg\\\/#breadcrumb\"},\"inLanguage\":\"fr-FR\",\"potentialAction\":[{\"@type\":\"ReadAction\",\"target\":[\"https:\\\/\\\/iberoo.com\\\/producto\\\/arroz-integral-sos-1kg\\\/\"]}]},{\"@type\":\"ImageObject\",\"inLanguage\":\"fr-FR\",\"@id\":\"https:\\\/\\\/iberoo.com\\\/producto\\\/arroz-integral-sos-1kg\\\/#primaryimage\",\"url\":\"https:\\\/\\\/iberoo.com\\\/wp-content\\\/uploads\\\/2025\\\/11\\\/arroz-integral-sos-1.webp\",\"contentUrl\":\"https:\\\/\\\/iberoo.com\\\/wp-content\\\/uploads\\\/2025\\\/11\\\/arroz-integral-sos-1.webp\",\"width\":1500,\"height\":1500,\"caption\":\"Arroz Integral SOS\"},{\"@type\":\"BreadcrumbList\",\"@id\":\"https:\\\/\\\/iberoo.com\\\/producto\\\/arroz-integral-sos-1kg\\\/#breadcrumb\",\"itemListElement\":[{\"@type\":\"ListItem\",\"position\":1,\"name\":\"Portada\",\"item\":\"https:\\\/\\\/iberoo.com\\\/\"},{\"@type\":\"ListItem\",\"position\":2,\"name\":\"Tienda Online\",\"item\":\"https:\\\/\\\/iberoo.com\\\/tienda\\\/\"},{\"@type\":\"ListItem\",\"position\":3,\"name\":\"Arroz Integral SOS 1kg\"}]},{\"@type\":\"WebSite\",\"@id\":\"https:\\\/\\\/iberoo.com\\\/#website\",\"url\":\"https:\\\/\\\/iberoo.com\\\/\",\"name\":\"Iberoo\",\"description\":\"\",\"publisher\":{\"@id\":\"https:\\\/\\\/iberoo.com\\\/#organization\"},\"potentialAction\":[{\"@type\":\"SearchAction\",\"target\":{\"@type\":\"EntryPoint\",\"urlTemplate\":\"https:\\\/\\\/iberoo.com\\\/?s={search_term_string}\"},\"query-input\":{\"@type\":\"PropertyValueSpecification\",\"valueRequired\":true,\"valueName\":\"search_term_string\"}}],\"inLanguage\":\"fr-FR\"},{\"@type\":\"Organization\",\"@id\":\"https:\\\/\\\/iberoo.com\\\/#organization\",\"name\":\"Iberoo\",\"url\":\"https:\\\/\\\/iberoo.com\\\/\",\"logo\":{\"@type\":\"ImageObject\",\"inLanguage\":\"fr-FR\",\"@id\":\"https:\\\/\\\/iberoo.com\\\/#\\\/schema\\\/logo\\\/image\\\/\",\"url\":\"https:\\\/\\\/iberoo.com\\\/wp-content\\\/uploads\\\/2025\\\/11\\\/logo-cuadrado.jpg\",\"contentUrl\":\"https:\\\/\\\/iberoo.com\\\/wp-content\\\/uploads\\\/2025\\\/11\\\/logo-cuadrado.jpg\",\"width\":700,\"height\":700,\"caption\":\"Iberoo\"},\"image\":{\"@id\":\"https:\\\/\\\/iberoo.com\\\/#\\\/schema\\\/logo\\\/image\\\/\"}}]}<\/script>\n<meta property=\"product:brand\" content=\"SOS\" \/>\n<meta property=\"product:price:amount\" content=\"4.05\" \/>\n<meta property=\"product:price:currency\" content=\"EUR\" \/>\n<meta property=\"og:availability\" content=\"instock\" \/>\n<meta property=\"product:availability\" content=\"instock\" \/>\n<meta property=\"product:condition\" content=\"new\" \/>\n<!-- \/ Yoast SEO plugin. -->","yoast_head_json":{"title":"Riz Brun SOS 1kg - Iberoo","description":"Le slogan de la marque SOS est \u00ab\u00a0Si c'est SOS, c'est bon\u00a0\u00bb, et ils ne mentent pas. Leur riz, comme ce riz brun, est d'une qualit\u00e9 exceptionnelle.","robots":{"index":"index","follow":"follow","max-snippet":"max-snippet:-1","max-image-preview":"max-image-preview:large","max-video-preview":"max-video-preview:-1"},"canonical":"https:\/\/iberoo.com\/fr\/produit\/riz-brun-sos-1kg\/","og_locale":"fr_FR","og_type":"article","og_title":"Arroz Integral SOS 1kg - Iberoo","og_description":"El slogan de la marca SOS es que \"si es SOS, es bueno\", y no mienten. Sus arroces, como este arroz integral, son de una calidad excepcional.","og_url":"https:\/\/iberoo.com\/fr\/produit\/riz-brun-sos-1kg\/","og_site_name":"Iberoo","article_modified_time":"2026-04-04T20:01:38+00:00","og_image":[{"width":1500,"height":1500,"url":"https:\/\/iberoo.com\/wp-content\/uploads\/2025\/11\/arroz-integral-sos-1.webp","type":"image\/webp"}],"twitter_card":"summary_large_image","twitter_misc":{"Prix":"4,05&nbsp;&euro;","Disponibilit\u00e9":"En stock"},"schema":{"@context":"https:\/\/schema.org","@graph":[{"@type":"WebPage","@id":"https:\/\/iberoo.com\/producto\/arroz-integral-sos-1kg\/","url":"https:\/\/iberoo.com\/producto\/arroz-integral-sos-1kg\/","name":"Riz Brun SOS 1kg - Iberoo","isPartOf":{"@id":"https:\/\/iberoo.com\/#website"},"primaryImageOfPage":{"@id":"https:\/\/iberoo.com\/producto\/arroz-integral-sos-1kg\/#primaryimage"},"image":{"@id":"https:\/\/iberoo.com\/producto\/arroz-integral-sos-1kg\/#primaryimage"},"thumbnailUrl":"https:\/\/iberoo.com\/wp-content\/uploads\/2025\/11\/arroz-integral-sos-1.webp","datePublished":"2025-11-14T22:55:56+00:00","dateModified":"2026-04-04T20:01:38+00:00","description":"Le slogan de la marque SOS est \u00ab\u00a0Si c'est SOS, c'est bon\u00a0\u00bb, et ils ne mentent pas. Leur riz, comme ce riz brun, est d'une qualit\u00e9 exceptionnelle.","breadcrumb":{"@id":"https:\/\/iberoo.com\/producto\/arroz-integral-sos-1kg\/#breadcrumb"},"inLanguage":"fr-FR","potentialAction":[{"@type":"ReadAction","target":["https:\/\/iberoo.com\/producto\/arroz-integral-sos-1kg\/"]}]},{"@type":"ImageObject","inLanguage":"fr-FR","@id":"https:\/\/iberoo.com\/producto\/arroz-integral-sos-1kg\/#primaryimage","url":"https:\/\/iberoo.com\/wp-content\/uploads\/2025\/11\/arroz-integral-sos-1.webp","contentUrl":"https:\/\/iberoo.com\/wp-content\/uploads\/2025\/11\/arroz-integral-sos-1.webp","width":1500,"height":1500,"caption":"Arroz Integral SOS"},{"@type":"BreadcrumbList","@id":"https:\/\/iberoo.com\/producto\/arroz-integral-sos-1kg\/#breadcrumb","itemListElement":[{"@type":"ListItem","position":1,"name":"Portada","item":"https:\/\/iberoo.com\/"},{"@type":"ListItem","position":2,"name":"Tienda Online","item":"https:\/\/iberoo.com\/tienda\/"},{"@type":"ListItem","position":3,"name":"Arroz Integral SOS 1kg"}]},{"@type":"WebSite","@id":"https:\/\/iberoo.com\/#website","url":"https:\/\/iberoo.com\/","name":"Iberoo","description":"","publisher":{"@id":"https:\/\/iberoo.com\/#organization"},"potentialAction":[{"@type":"SearchAction","target":{"@type":"EntryPoint","urlTemplate":"https:\/\/iberoo.com\/?s={search_term_string}"},"query-input":{"@type":"PropertyValueSpecification","valueRequired":true,"valueName":"search_term_string"}}],"inLanguage":"fr-FR"},{"@type":"Organization","@id":"https:\/\/iberoo.com\/#organization","name":"Iberoo","url":"https:\/\/iberoo.com\/","logo":{"@type":"ImageObject","inLanguage":"fr-FR","@id":"https:\/\/iberoo.com\/#\/schema\/logo\/image\/","url":"https:\/\/iberoo.com\/wp-content\/uploads\/2025\/11\/logo-cuadrado.jpg","contentUrl":"https:\/\/iberoo.com\/wp-content\/uploads\/2025\/11\/logo-cuadrado.jpg","width":700,"height":700,"caption":"Iberoo"},"image":{"@id":"https:\/\/iberoo.com\/#\/schema\/logo\/image\/"}}]},"product_brand":"SOS","product_price_amount":"4.05","product_price_currency":"EUR","og_availability":"instock","product_availability":"instock","product_condition":"new"},"_links":{"self":[{"href":"https:\/\/iberoo.com\/fr\/wp-json\/wp\/v2\/product\/798","targetHints":{"allow":["GET"]}}],"collection":[{"href":"https:\/\/iberoo.com\/fr\/wp-json\/wp\/v2\/product"}],"about":[{"href":"https:\/\/iberoo.com\/fr\/wp-json\/wp\/v2\/types\/product"}],"replies":[{"embeddable":true,"href":"https:\/\/iberoo.com\/fr\/wp-json\/wp\/v2\/comments?post=798"}],"wp:featuredmedia":[{"embeddable":true,"href":"https:\/\/iberoo.com\/fr\/wp-json\/wp\/v2\/media\/827"}],"wp:attachment":[{"href":"https:\/\/iberoo.com\/fr\/wp-json\/wp\/v2\/media?parent=798"}],"wp:term":[{"taxonomy":"product_brand","embeddable":true,"href":"https:\/\/iberoo.com\/fr\/wp-json\/wp\/v2\/product_brand?post=798"},{"taxonomy":"product_cat","embeddable":true,"href":"https:\/\/iberoo.com\/fr\/wp-json\/wp\/v2\/product_cat?post=798"},{"taxonomy":"product_tag","embeddable":true,"href":"https:\/\/iberoo.com\/fr\/wp-json\/wp\/v2\/product_tag?post=798"}],"curies":[{"name":"wp","href":"https:\/\/api.w.org\/{rel}","templated":true}]}}