{"id":799,"date":"2025-11-14T23:55:56","date_gmt":"2025-11-14T22:55:56","guid":{"rendered":"https:\/\/iberoo.com\/?post_type=product&#038;p=799"},"modified":"2026-04-04T22:01:43","modified_gmt":"2026-04-04T20:01:43","slug":"riz-bomba-sos-1kg","status":"publish","type":"product","link":"https:\/\/iberoo.com\/fr\/produit\/riz-bomba-sos-1kg\/","title":{"rendered":"Riz Bomba SOS 1kg"},"content":{"rendered":"<p>Le riz SOS Bomba est le riz incontournable des amateurs de cuisine espagnole traditionnelle. Ce riz rond \u00e0 grains courts est id\u00e9al pour pr\u00e9parer des paellas, des plats de riz en soupe et tous les mets o\u00f9 le riz est \u00e0 l'honneur. La particularit\u00e9 du riz SOS Bomba r\u00e9side dans sa capacit\u00e9 unique \u00e0 absorber le bouillon sans se d\u00e9former. Il en r\u00e9sulte un riz moelleux, ferme et savoureux, parfait pour conserver cette texture \u00ab\u00a0al dente\u00a0\u00bb caract\u00e9ristique des meilleurs plats de riz.<\/p>\n<p>Gr\u00e2ce \u00e0 son grain particulier, le riz Bomba SOS peut absorber jusqu'\u00e0 trois fois son poids en liquide, ce qui en fait le choix id\u00e9al pour les plats de riz cr\u00e9meux ou en soupe, o\u00f9 le riz doit se fondre parfaitement dans le bouillon et les autres ingr\u00e9dients. Quelle que soit la recette, qu'il s'agisse d'une paella aux fruits de mer classique, de riz aux c\u00f4tes lev\u00e9es ou d'un plat plus original, le riz Bomba garantit toujours une cuisson homog\u00e8ne et un r\u00e9sultat d\u00e9licieux.<\/p>\n<p>Ce riz est synonyme de qualit\u00e9 et de tradition. Forte de plus de 50 ans d'exp\u00e9rience, la marque SOS a perfectionn\u00e9 la culture, la s\u00e9lection et le conditionnement, garantissant ainsi que chaque grain arrive dans votre cuisine en parfait \u00e9tat. Si vous recherchez un riz qui apporte saveur, texture et fiabilit\u00e9 \u00e0 tous vos plats, le riz Bomba SOS est le choix id\u00e9al.<\/p>\n<p>Quel que soit le type de riz que vous pr\u00e9parez, le riz SOS Bomba vous aidera \u00e0 cr\u00e9er des plats spectaculaires et authentiques. Savourez le vrai go\u00fbt de la cuisine m\u00e9diterran\u00e9enne avec un riz qui transformera chaque repas en une f\u00eate !<\/p>","protected":false},"excerpt":{"rendered":"<p>Le slogan de la marque SOS est \u00ab\u00a0Si c'est SOS, c'est bon\u00a0\u00bb, et ils ne mentent pas. Leur riz, comme ce riz bomba, est d'une qualit\u00e9 exceptionnelle, notamment pour la paella.<\/p>","protected":false},"featured_media":828,"comment_status":"closed","ping_status":"closed","template":"","meta":[],"product_brand":[85],"product_cat":[84],"product_tag":[],"class_list":{"0":"post-799","1":"product","2":"type-product","3":"status-publish","4":"has-post-thumbnail","6":"product_brand-sos","7":"product_cat-arroz","9":"first","10":"instock","11":"featured","12":"shipping-taxable","13":"purchasable","14":"product-type-simple"},"yoast_head":"<!-- This site is optimized with the Yoast SEO plugin v27.3 - https:\/\/yoast.com\/product\/yoast-seo-wordpress\/ -->\n<title>Arroz Bomba SOS 1kg - Iberoo<\/title>\n<meta name=\"description\" content=\"El slogan de la marca SOS es que &quot;si es SOS, es bueno&quot;, y no mienten. Su arroz bomba es de una calidad excepcional sobre todo para paella.\" \/>\n<meta name=\"robots\" content=\"index, follow, max-snippet:-1, max-image-preview:large, max-video-preview:-1\" \/>\n<link rel=\"canonical\" href=\"https:\/\/iberoo.com\/fr\/produit\/riz-bomba-sos-1kg\/\" \/>\n<meta property=\"og:locale\" content=\"fr_FR\" \/>\n<meta property=\"og:type\" content=\"article\" \/>\n<meta property=\"og:title\" content=\"Arroz Bomba SOS 1kg - Iberoo\" \/>\n<meta property=\"og:description\" content=\"El slogan de la marca SOS es que &quot;si es SOS, es bueno&quot;, y no mienten. Su arroz bomba es de una calidad excepcional sobre todo para paella.\" \/>\n<meta property=\"og:url\" content=\"https:\/\/iberoo.com\/fr\/produit\/riz-bomba-sos-1kg\/\" \/>\n<meta property=\"og:site_name\" content=\"Iberoo\" \/>\n<meta property=\"article:modified_time\" content=\"2026-04-04T20:01:43+00:00\" \/>\n<meta property=\"og:image\" content=\"https:\/\/iberoo.com\/wp-content\/uploads\/2025\/11\/arroz-bomba-sos-1.webp\" \/>\n\t<meta property=\"og:image:width\" content=\"1500\" \/>\n\t<meta property=\"og:image:height\" content=\"1500\" \/>\n\t<meta property=\"og:image:type\" content=\"image\/webp\" \/>\n<meta name=\"twitter:card\" content=\"summary_large_image\" \/>\n<meta name=\"twitter:label1\" content=\"Prix\" \/>\n\t<meta name=\"twitter:data1\" content=\"10,65&nbsp;&euro;\" \/>\n\t<meta name=\"twitter:label2\" content=\"Disponibilit\u00e9\" \/>\n\t<meta name=\"twitter:data2\" content=\"En stock\" \/>\n<script type=\"application\/ld+json\" class=\"yoast-schema-graph\">{\"@context\":\"https:\\\/\\\/schema.org\",\"@graph\":[{\"@type\":\"WebPage\",\"@id\":\"https:\\\/\\\/iberoo.com\\\/producto\\\/arroz-bomba-sos-1kg\\\/\",\"url\":\"https:\\\/\\\/iberoo.com\\\/producto\\\/arroz-bomba-sos-1kg\\\/\",\"name\":\"Arroz Bomba SOS 1kg - Iberoo\",\"isPartOf\":{\"@id\":\"https:\\\/\\\/iberoo.com\\\/#website\"},\"primaryImageOfPage\":{\"@id\":\"https:\\\/\\\/iberoo.com\\\/producto\\\/arroz-bomba-sos-1kg\\\/#primaryimage\"},\"image\":{\"@id\":\"https:\\\/\\\/iberoo.com\\\/producto\\\/arroz-bomba-sos-1kg\\\/#primaryimage\"},\"thumbnailUrl\":\"https:\\\/\\\/iberoo.com\\\/wp-content\\\/uploads\\\/2025\\\/11\\\/arroz-bomba-sos-1.webp\",\"datePublished\":\"2025-11-14T22:55:56+00:00\",\"dateModified\":\"2026-04-04T20:01:43+00:00\",\"description\":\"El slogan de la marca SOS es que \\\"si es SOS, es bueno\\\", y no mienten. Su arroz bomba es de una calidad excepcional sobre todo para paella.\",\"breadcrumb\":{\"@id\":\"https:\\\/\\\/iberoo.com\\\/producto\\\/arroz-bomba-sos-1kg\\\/#breadcrumb\"},\"inLanguage\":\"fr-FR\",\"potentialAction\":[{\"@type\":\"ReadAction\",\"target\":[\"https:\\\/\\\/iberoo.com\\\/producto\\\/arroz-bomba-sos-1kg\\\/\"]}]},{\"@type\":\"ImageObject\",\"inLanguage\":\"fr-FR\",\"@id\":\"https:\\\/\\\/iberoo.com\\\/producto\\\/arroz-bomba-sos-1kg\\\/#primaryimage\",\"url\":\"https:\\\/\\\/iberoo.com\\\/wp-content\\\/uploads\\\/2025\\\/11\\\/arroz-bomba-sos-1.webp\",\"contentUrl\":\"https:\\\/\\\/iberoo.com\\\/wp-content\\\/uploads\\\/2025\\\/11\\\/arroz-bomba-sos-1.webp\",\"width\":1500,\"height\":1500,\"caption\":\"Arroz Bomba SOS\"},{\"@type\":\"BreadcrumbList\",\"@id\":\"https:\\\/\\\/iberoo.com\\\/producto\\\/arroz-bomba-sos-1kg\\\/#breadcrumb\",\"itemListElement\":[{\"@type\":\"ListItem\",\"position\":1,\"name\":\"Portada\",\"item\":\"https:\\\/\\\/iberoo.com\\\/\"},{\"@type\":\"ListItem\",\"position\":2,\"name\":\"Tienda Online\",\"item\":\"https:\\\/\\\/iberoo.com\\\/tienda\\\/\"},{\"@type\":\"ListItem\",\"position\":3,\"name\":\"Arroz Bomba SOS 1kg\"}]},{\"@type\":\"WebSite\",\"@id\":\"https:\\\/\\\/iberoo.com\\\/#website\",\"url\":\"https:\\\/\\\/iberoo.com\\\/\",\"name\":\"Iberoo\",\"description\":\"\",\"publisher\":{\"@id\":\"https:\\\/\\\/iberoo.com\\\/#organization\"},\"potentialAction\":[{\"@type\":\"SearchAction\",\"target\":{\"@type\":\"EntryPoint\",\"urlTemplate\":\"https:\\\/\\\/iberoo.com\\\/?s={search_term_string}\"},\"query-input\":{\"@type\":\"PropertyValueSpecification\",\"valueRequired\":true,\"valueName\":\"search_term_string\"}}],\"inLanguage\":\"fr-FR\"},{\"@type\":\"Organization\",\"@id\":\"https:\\\/\\\/iberoo.com\\\/#organization\",\"name\":\"Iberoo\",\"url\":\"https:\\\/\\\/iberoo.com\\\/\",\"logo\":{\"@type\":\"ImageObject\",\"inLanguage\":\"fr-FR\",\"@id\":\"https:\\\/\\\/iberoo.com\\\/#\\\/schema\\\/logo\\\/image\\\/\",\"url\":\"https:\\\/\\\/iberoo.com\\\/wp-content\\\/uploads\\\/2025\\\/11\\\/logo-cuadrado.jpg\",\"contentUrl\":\"https:\\\/\\\/iberoo.com\\\/wp-content\\\/uploads\\\/2025\\\/11\\\/logo-cuadrado.jpg\",\"width\":700,\"height\":700,\"caption\":\"Iberoo\"},\"image\":{\"@id\":\"https:\\\/\\\/iberoo.com\\\/#\\\/schema\\\/logo\\\/image\\\/\"}}]}<\/script>\n<meta property=\"product:brand\" content=\"SOS\" \/>\n<meta property=\"product:price:amount\" content=\"10.65\" \/>\n<meta property=\"product:price:currency\" content=\"EUR\" \/>\n<meta property=\"og:availability\" content=\"instock\" \/>\n<meta property=\"product:availability\" content=\"instock\" \/>\n<meta property=\"product:condition\" content=\"new\" \/>\n<!-- \/ Yoast SEO plugin. -->","yoast_head_json":{"title":"Riz Bomba SOS 1kg - Iberoo","description":"Le slogan de la marque SOS est \u00ab\u00a0Si c'est SOS, c'est bon\u00a0\u00bb, et ils ne mentent pas. Leur riz bomba est d'une qualit\u00e9 exceptionnelle, notamment pour la paella.","robots":{"index":"index","follow":"follow","max-snippet":"max-snippet:-1","max-image-preview":"max-image-preview:large","max-video-preview":"max-video-preview:-1"},"canonical":"https:\/\/iberoo.com\/fr\/produit\/riz-bomba-sos-1kg\/","og_locale":"fr_FR","og_type":"article","og_title":"Arroz Bomba SOS 1kg - Iberoo","og_description":"El slogan de la marca SOS es que \"si es SOS, es bueno\", y no mienten. Su arroz bomba es de una calidad excepcional sobre todo para paella.","og_url":"https:\/\/iberoo.com\/fr\/produit\/riz-bomba-sos-1kg\/","og_site_name":"Iberoo","article_modified_time":"2026-04-04T20:01:43+00:00","og_image":[{"width":1500,"height":1500,"url":"https:\/\/iberoo.com\/wp-content\/uploads\/2025\/11\/arroz-bomba-sos-1.webp","type":"image\/webp"}],"twitter_card":"summary_large_image","twitter_misc":{"Prix":"10,65&nbsp;&euro;","Disponibilit\u00e9":"En stock"},"schema":{"@context":"https:\/\/schema.org","@graph":[{"@type":"WebPage","@id":"https:\/\/iberoo.com\/producto\/arroz-bomba-sos-1kg\/","url":"https:\/\/iberoo.com\/producto\/arroz-bomba-sos-1kg\/","name":"Riz Bomba SOS 1kg - Iberoo","isPartOf":{"@id":"https:\/\/iberoo.com\/#website"},"primaryImageOfPage":{"@id":"https:\/\/iberoo.com\/producto\/arroz-bomba-sos-1kg\/#primaryimage"},"image":{"@id":"https:\/\/iberoo.com\/producto\/arroz-bomba-sos-1kg\/#primaryimage"},"thumbnailUrl":"https:\/\/iberoo.com\/wp-content\/uploads\/2025\/11\/arroz-bomba-sos-1.webp","datePublished":"2025-11-14T22:55:56+00:00","dateModified":"2026-04-04T20:01:43+00:00","description":"Le slogan de la marque SOS est \u00ab\u00a0Si c'est SOS, c'est bon\u00a0\u00bb, et ils ne mentent pas. Leur riz bomba est d'une qualit\u00e9 exceptionnelle, notamment pour la paella.","breadcrumb":{"@id":"https:\/\/iberoo.com\/producto\/arroz-bomba-sos-1kg\/#breadcrumb"},"inLanguage":"fr-FR","potentialAction":[{"@type":"ReadAction","target":["https:\/\/iberoo.com\/producto\/arroz-bomba-sos-1kg\/"]}]},{"@type":"ImageObject","inLanguage":"fr-FR","@id":"https:\/\/iberoo.com\/producto\/arroz-bomba-sos-1kg\/#primaryimage","url":"https:\/\/iberoo.com\/wp-content\/uploads\/2025\/11\/arroz-bomba-sos-1.webp","contentUrl":"https:\/\/iberoo.com\/wp-content\/uploads\/2025\/11\/arroz-bomba-sos-1.webp","width":1500,"height":1500,"caption":"Arroz Bomba SOS"},{"@type":"BreadcrumbList","@id":"https:\/\/iberoo.com\/producto\/arroz-bomba-sos-1kg\/#breadcrumb","itemListElement":[{"@type":"ListItem","position":1,"name":"Portada","item":"https:\/\/iberoo.com\/"},{"@type":"ListItem","position":2,"name":"Tienda Online","item":"https:\/\/iberoo.com\/tienda\/"},{"@type":"ListItem","position":3,"name":"Arroz Bomba SOS 1kg"}]},{"@type":"WebSite","@id":"https:\/\/iberoo.com\/#website","url":"https:\/\/iberoo.com\/","name":"Iberoo","description":"","publisher":{"@id":"https:\/\/iberoo.com\/#organization"},"potentialAction":[{"@type":"SearchAction","target":{"@type":"EntryPoint","urlTemplate":"https:\/\/iberoo.com\/?s={search_term_string}"},"query-input":{"@type":"PropertyValueSpecification","valueRequired":true,"valueName":"search_term_string"}}],"inLanguage":"fr-FR"},{"@type":"Organization","@id":"https:\/\/iberoo.com\/#organization","name":"Iberoo","url":"https:\/\/iberoo.com\/","logo":{"@type":"ImageObject","inLanguage":"fr-FR","@id":"https:\/\/iberoo.com\/#\/schema\/logo\/image\/","url":"https:\/\/iberoo.com\/wp-content\/uploads\/2025\/11\/logo-cuadrado.jpg","contentUrl":"https:\/\/iberoo.com\/wp-content\/uploads\/2025\/11\/logo-cuadrado.jpg","width":700,"height":700,"caption":"Iberoo"},"image":{"@id":"https:\/\/iberoo.com\/#\/schema\/logo\/image\/"}}]},"product_brand":"SOS","product_price_amount":"10.65","product_price_currency":"EUR","og_availability":"instock","product_availability":"instock","product_condition":"new"},"_links":{"self":[{"href":"https:\/\/iberoo.com\/fr\/wp-json\/wp\/v2\/product\/799","targetHints":{"allow":["GET"]}}],"collection":[{"href":"https:\/\/iberoo.com\/fr\/wp-json\/wp\/v2\/product"}],"about":[{"href":"https:\/\/iberoo.com\/fr\/wp-json\/wp\/v2\/types\/product"}],"replies":[{"embeddable":true,"href":"https:\/\/iberoo.com\/fr\/wp-json\/wp\/v2\/comments?post=799"}],"wp:featuredmedia":[{"embeddable":true,"href":"https:\/\/iberoo.com\/fr\/wp-json\/wp\/v2\/media\/828"}],"wp:attachment":[{"href":"https:\/\/iberoo.com\/fr\/wp-json\/wp\/v2\/media?parent=799"}],"wp:term":[{"taxonomy":"product_brand","embeddable":true,"href":"https:\/\/iberoo.com\/fr\/wp-json\/wp\/v2\/product_brand?post=799"},{"taxonomy":"product_cat","embeddable":true,"href":"https:\/\/iberoo.com\/fr\/wp-json\/wp\/v2\/product_cat?post=799"},{"taxonomy":"product_tag","embeddable":true,"href":"https:\/\/iberoo.com\/fr\/wp-json\/wp\/v2\/product_tag?post=799"}],"curies":[{"name":"wp","href":"https:\/\/api.w.org\/{rel}","templated":true}]}}