{"id":802,"date":"2025-11-14T23:55:56","date_gmt":"2025-11-14T22:55:56","guid":{"rendered":"https:\/\/iberoo.com\/?post_type=product&#038;p=802"},"modified":"2026-04-04T22:03:00","modified_gmt":"2026-04-04T20:03:00","slug":"riz-pour-salades-sos-500g","status":"publish","type":"product","link":"https:\/\/iberoo.com\/fr\/produit\/riz-pour-salades-sos-500g\/","title":{"rendered":"Riz pour Salades SOS 500g"},"content":{"rendered":"<div>Le riz sp\u00e9cial salade SOS est l'alli\u00e9 id\u00e9al pour sublimer vos plats froids. Il conf\u00e8re aux salades une texture l\u00e9g\u00e8re, moelleuse et parfaitement cuite, pour une exp\u00e9rience gustative d\u00e9licieuse et rafra\u00eechissante \u00e0 chaque bouch\u00e9e. Son grain moyen et sa capacit\u00e9 \u00e0 conserver sa fermet\u00e9 apr\u00e8s cuisson en font le choix id\u00e9al pour des salades compl\u00e8tes et savoureuses, avec cette petite touche sp\u00e9ciale qui laisse toujours une impression m\u00e9morable.<\/div>\n<div><\/div>\n<div>Sp\u00e9cialement con\u00e7u pour les salades, ce riz absorbe les saveurs des ingr\u00e9dients sans perdre sa texture l\u00e9g\u00e8re et a\u00e9r\u00e9e. Qu'il serve de base \u00e0 des salades de riz aux l\u00e9gumes frais, aux fruits de mer ou m\u00eame aux prot\u00e9ines, ce riz ne colle pas et ne devient pas p\u00e2teux, permettant \u00e0 chaque grain de se m\u00e9langer parfaitement aux autres ingr\u00e9dients et \u00e0 la vinaigrette.<\/div>\n<div><\/div>\n<div>Le riz \u00e0 salade sp\u00e9cial SOS est \u00e9labor\u00e9 \u00e0 partir d'ingr\u00e9dients de premi\u00e8re qualit\u00e9, dans le respect de la tradition de la marque SOS, reconnue pour son engagement envers l'excellence. C'est le riz id\u00e9al pour pr\u00e9parer des salades saines, fra\u00eeches et savoureuses qui deviendront la star de tous vos repas, qu'il s'agisse d'un d\u00e9jeuner en famille ou d'un d\u00eener d'\u00e9t\u00e9 entre amis.<\/div>\n<div><\/div>\n<div>L\u00e9ger, savoureux et garanti par SOS, ce riz est la base id\u00e9ale pour savourer des plats \u00e9quilibr\u00e9s et frais. Sublimez vos salades avec ce riz parfait !<\/div>","protected":false},"excerpt":{"rendered":"<p>Le slogan de la marque SOS est \u00ab\u00a0Si c'est SOS, c'est bon\u00a0\u00bb, et ils ne mentent pas. Leurs produits \u00e0 base de riz, comme celui-ci pour les salades ou les accompagnements, sont d'une qualit\u00e9 exceptionnelle.<\/p>","protected":false},"featured_media":831,"comment_status":"closed","ping_status":"closed","template":"","meta":[],"product_brand":[85],"product_cat":[84],"product_tag":[],"class_list":{"0":"post-802","1":"product","2":"type-product","3":"status-publish","4":"has-post-thumbnail","6":"product_brand-sos","7":"product_cat-arroz","9":"first","10":"instock","11":"shipping-taxable","12":"purchasable","13":"product-type-simple"},"yoast_head":"<!-- This site is optimized with the Yoast SEO plugin v27.3 - https:\/\/yoast.com\/product\/yoast-seo-wordpress\/ -->\n<title>Arroz Ensaladas SOS 500g - Iberoo<\/title>\n<meta name=\"description\" content=\"El slogan de la marca SOS es que &quot;si es SOS, es bueno&quot;, y no mienten ya que este arroz para ensaladas o guarniciones es de una calidad excepcional.\" \/>\n<meta name=\"robots\" content=\"index, follow, max-snippet:-1, max-image-preview:large, max-video-preview:-1\" \/>\n<link rel=\"canonical\" href=\"https:\/\/iberoo.com\/fr\/produit\/riz-pour-salades-sos-500g\/\" \/>\n<meta property=\"og:locale\" content=\"fr_FR\" \/>\n<meta property=\"og:type\" content=\"article\" \/>\n<meta property=\"og:title\" content=\"Arroz Ensaladas SOS 500g - Iberoo\" \/>\n<meta property=\"og:description\" content=\"El slogan de la marca SOS es que &quot;si es SOS, es bueno&quot;, y no mienten ya que este arroz para ensaladas o guarniciones es de una calidad excepcional.\" \/>\n<meta property=\"og:url\" content=\"https:\/\/iberoo.com\/fr\/produit\/riz-pour-salades-sos-500g\/\" \/>\n<meta property=\"og:site_name\" content=\"Iberoo\" \/>\n<meta property=\"article:modified_time\" content=\"2026-04-04T20:03:00+00:00\" \/>\n<meta property=\"og:image\" content=\"https:\/\/iberoo.com\/wp-content\/uploads\/2025\/11\/arroz-ensaladas-sos-1.jpg\" \/>\n\t<meta property=\"og:image:width\" content=\"1500\" \/>\n\t<meta property=\"og:image:height\" content=\"1500\" \/>\n\t<meta property=\"og:image:type\" content=\"image\/jpeg\" \/>\n<meta name=\"twitter:card\" content=\"summary_large_image\" \/>\n<meta name=\"twitter:label1\" content=\"Prix\" \/>\n\t<meta name=\"twitter:data1\" content=\"2,85&nbsp;&euro;\" \/>\n\t<meta name=\"twitter:label2\" content=\"Disponibilit\u00e9\" \/>\n\t<meta name=\"twitter:data2\" content=\"En stock\" \/>\n<script type=\"application\/ld+json\" class=\"yoast-schema-graph\">{\"@context\":\"https:\\\/\\\/schema.org\",\"@graph\":[{\"@type\":\"WebPage\",\"@id\":\"https:\\\/\\\/iberoo.com\\\/producto\\\/arroz-ensaladas-sos-500g\\\/\",\"url\":\"https:\\\/\\\/iberoo.com\\\/producto\\\/arroz-ensaladas-sos-500g\\\/\",\"name\":\"Arroz Ensaladas SOS 500g - Iberoo\",\"isPartOf\":{\"@id\":\"https:\\\/\\\/iberoo.com\\\/#website\"},\"primaryImageOfPage\":{\"@id\":\"https:\\\/\\\/iberoo.com\\\/producto\\\/arroz-ensaladas-sos-500g\\\/#primaryimage\"},\"image\":{\"@id\":\"https:\\\/\\\/iberoo.com\\\/producto\\\/arroz-ensaladas-sos-500g\\\/#primaryimage\"},\"thumbnailUrl\":\"https:\\\/\\\/iberoo.com\\\/wp-content\\\/uploads\\\/2025\\\/11\\\/arroz-ensaladas-sos-1.jpg\",\"datePublished\":\"2025-11-14T22:55:56+00:00\",\"dateModified\":\"2026-04-04T20:03:00+00:00\",\"description\":\"El slogan de la marca SOS es que \\\"si es SOS, es bueno\\\", y no mienten ya que este arroz para ensaladas o guarniciones es de una calidad excepcional.\",\"breadcrumb\":{\"@id\":\"https:\\\/\\\/iberoo.com\\\/producto\\\/arroz-ensaladas-sos-500g\\\/#breadcrumb\"},\"inLanguage\":\"fr-FR\",\"potentialAction\":[{\"@type\":\"ReadAction\",\"target\":[\"https:\\\/\\\/iberoo.com\\\/producto\\\/arroz-ensaladas-sos-500g\\\/\"]}]},{\"@type\":\"ImageObject\",\"inLanguage\":\"fr-FR\",\"@id\":\"https:\\\/\\\/iberoo.com\\\/producto\\\/arroz-ensaladas-sos-500g\\\/#primaryimage\",\"url\":\"https:\\\/\\\/iberoo.com\\\/wp-content\\\/uploads\\\/2025\\\/11\\\/arroz-ensaladas-sos-1.jpg\",\"contentUrl\":\"https:\\\/\\\/iberoo.com\\\/wp-content\\\/uploads\\\/2025\\\/11\\\/arroz-ensaladas-sos-1.jpg\",\"width\":1500,\"height\":1500,\"caption\":\"Arroz Ensaladas SOS\"},{\"@type\":\"BreadcrumbList\",\"@id\":\"https:\\\/\\\/iberoo.com\\\/producto\\\/arroz-ensaladas-sos-500g\\\/#breadcrumb\",\"itemListElement\":[{\"@type\":\"ListItem\",\"position\":1,\"name\":\"Portada\",\"item\":\"https:\\\/\\\/iberoo.com\\\/\"},{\"@type\":\"ListItem\",\"position\":2,\"name\":\"Tienda Online\",\"item\":\"https:\\\/\\\/iberoo.com\\\/tienda\\\/\"},{\"@type\":\"ListItem\",\"position\":3,\"name\":\"Arroz Ensaladas SOS 500g\"}]},{\"@type\":\"WebSite\",\"@id\":\"https:\\\/\\\/iberoo.com\\\/#website\",\"url\":\"https:\\\/\\\/iberoo.com\\\/\",\"name\":\"Iberoo\",\"description\":\"\",\"publisher\":{\"@id\":\"https:\\\/\\\/iberoo.com\\\/#organization\"},\"potentialAction\":[{\"@type\":\"SearchAction\",\"target\":{\"@type\":\"EntryPoint\",\"urlTemplate\":\"https:\\\/\\\/iberoo.com\\\/?s={search_term_string}\"},\"query-input\":{\"@type\":\"PropertyValueSpecification\",\"valueRequired\":true,\"valueName\":\"search_term_string\"}}],\"inLanguage\":\"fr-FR\"},{\"@type\":\"Organization\",\"@id\":\"https:\\\/\\\/iberoo.com\\\/#organization\",\"name\":\"Iberoo\",\"url\":\"https:\\\/\\\/iberoo.com\\\/\",\"logo\":{\"@type\":\"ImageObject\",\"inLanguage\":\"fr-FR\",\"@id\":\"https:\\\/\\\/iberoo.com\\\/#\\\/schema\\\/logo\\\/image\\\/\",\"url\":\"https:\\\/\\\/iberoo.com\\\/wp-content\\\/uploads\\\/2025\\\/11\\\/logo-cuadrado.jpg\",\"contentUrl\":\"https:\\\/\\\/iberoo.com\\\/wp-content\\\/uploads\\\/2025\\\/11\\\/logo-cuadrado.jpg\",\"width\":700,\"height\":700,\"caption\":\"Iberoo\"},\"image\":{\"@id\":\"https:\\\/\\\/iberoo.com\\\/#\\\/schema\\\/logo\\\/image\\\/\"}}]}<\/script>\n<meta property=\"product:brand\" content=\"SOS\" \/>\n<meta property=\"product:price:amount\" content=\"2.85\" \/>\n<meta property=\"product:price:currency\" content=\"EUR\" \/>\n<meta property=\"og:availability\" content=\"instock\" \/>\n<meta property=\"product:availability\" content=\"instock\" \/>\n<meta property=\"product:condition\" content=\"new\" \/>\n<!-- \/ Yoast SEO plugin. -->","yoast_head_json":{"title":"Riz pour Salades SOS 500g - Iberoo","description":"Le slogan de la marque SOS est \u00ab\u00a0Si c'est SOS, c'est bon\u00a0\u00bb, et ils ne mentent pas. Leurs produits \u00e0 base de riz, comme celui-ci pour les salades ou les accompagnements, sont d'une qualit\u00e9 exceptionnelle.","robots":{"index":"index","follow":"follow","max-snippet":"max-snippet:-1","max-image-preview":"max-image-preview:large","max-video-preview":"max-video-preview:-1"},"canonical":"https:\/\/iberoo.com\/fr\/produit\/riz-pour-salades-sos-500g\/","og_locale":"fr_FR","og_type":"article","og_title":"Arroz Ensaladas SOS 500g - Iberoo","og_description":"El slogan de la marca SOS es que \"si es SOS, es bueno\", y no mienten ya que este arroz para ensaladas o guarniciones es de una calidad excepcional.","og_url":"https:\/\/iberoo.com\/fr\/produit\/riz-pour-salades-sos-500g\/","og_site_name":"Iberoo","article_modified_time":"2026-04-04T20:03:00+00:00","og_image":[{"width":1500,"height":1500,"url":"https:\/\/iberoo.com\/wp-content\/uploads\/2025\/11\/arroz-ensaladas-sos-1.jpg","type":"image\/jpeg"}],"twitter_card":"summary_large_image","twitter_misc":{"Prix":"2,85&nbsp;&euro;","Disponibilit\u00e9":"En stock"},"schema":{"@context":"https:\/\/schema.org","@graph":[{"@type":"WebPage","@id":"https:\/\/iberoo.com\/producto\/arroz-ensaladas-sos-500g\/","url":"https:\/\/iberoo.com\/producto\/arroz-ensaladas-sos-500g\/","name":"Riz pour Salades SOS 500g - Iberoo","isPartOf":{"@id":"https:\/\/iberoo.com\/#website"},"primaryImageOfPage":{"@id":"https:\/\/iberoo.com\/producto\/arroz-ensaladas-sos-500g\/#primaryimage"},"image":{"@id":"https:\/\/iberoo.com\/producto\/arroz-ensaladas-sos-500g\/#primaryimage"},"thumbnailUrl":"https:\/\/iberoo.com\/wp-content\/uploads\/2025\/11\/arroz-ensaladas-sos-1.jpg","datePublished":"2025-11-14T22:55:56+00:00","dateModified":"2026-04-04T20:03:00+00:00","description":"Le slogan de la marque SOS est \u00ab\u00a0Si c'est SOS, c'est bon\u00a0\u00bb, et ils ne mentent pas. Leurs produits \u00e0 base de riz, comme celui-ci pour les salades ou les accompagnements, sont d'une qualit\u00e9 exceptionnelle.","breadcrumb":{"@id":"https:\/\/iberoo.com\/producto\/arroz-ensaladas-sos-500g\/#breadcrumb"},"inLanguage":"fr-FR","potentialAction":[{"@type":"ReadAction","target":["https:\/\/iberoo.com\/producto\/arroz-ensaladas-sos-500g\/"]}]},{"@type":"ImageObject","inLanguage":"fr-FR","@id":"https:\/\/iberoo.com\/producto\/arroz-ensaladas-sos-500g\/#primaryimage","url":"https:\/\/iberoo.com\/wp-content\/uploads\/2025\/11\/arroz-ensaladas-sos-1.jpg","contentUrl":"https:\/\/iberoo.com\/wp-content\/uploads\/2025\/11\/arroz-ensaladas-sos-1.jpg","width":1500,"height":1500,"caption":"Arroz Ensaladas SOS"},{"@type":"BreadcrumbList","@id":"https:\/\/iberoo.com\/producto\/arroz-ensaladas-sos-500g\/#breadcrumb","itemListElement":[{"@type":"ListItem","position":1,"name":"Portada","item":"https:\/\/iberoo.com\/"},{"@type":"ListItem","position":2,"name":"Tienda Online","item":"https:\/\/iberoo.com\/tienda\/"},{"@type":"ListItem","position":3,"name":"Arroz Ensaladas SOS 500g"}]},{"@type":"WebSite","@id":"https:\/\/iberoo.com\/#website","url":"https:\/\/iberoo.com\/","name":"Iberoo","description":"","publisher":{"@id":"https:\/\/iberoo.com\/#organization"},"potentialAction":[{"@type":"SearchAction","target":{"@type":"EntryPoint","urlTemplate":"https:\/\/iberoo.com\/?s={search_term_string}"},"query-input":{"@type":"PropertyValueSpecification","valueRequired":true,"valueName":"search_term_string"}}],"inLanguage":"fr-FR"},{"@type":"Organization","@id":"https:\/\/iberoo.com\/#organization","name":"Iberoo","url":"https:\/\/iberoo.com\/","logo":{"@type":"ImageObject","inLanguage":"fr-FR","@id":"https:\/\/iberoo.com\/#\/schema\/logo\/image\/","url":"https:\/\/iberoo.com\/wp-content\/uploads\/2025\/11\/logo-cuadrado.jpg","contentUrl":"https:\/\/iberoo.com\/wp-content\/uploads\/2025\/11\/logo-cuadrado.jpg","width":700,"height":700,"caption":"Iberoo"},"image":{"@id":"https:\/\/iberoo.com\/#\/schema\/logo\/image\/"}}]},"product_brand":"SOS","product_price_amount":"2.85","product_price_currency":"EUR","og_availability":"instock","product_availability":"instock","product_condition":"new"},"_links":{"self":[{"href":"https:\/\/iberoo.com\/fr\/wp-json\/wp\/v2\/product\/802","targetHints":{"allow":["GET"]}}],"collection":[{"href":"https:\/\/iberoo.com\/fr\/wp-json\/wp\/v2\/product"}],"about":[{"href":"https:\/\/iberoo.com\/fr\/wp-json\/wp\/v2\/types\/product"}],"replies":[{"embeddable":true,"href":"https:\/\/iberoo.com\/fr\/wp-json\/wp\/v2\/comments?post=802"}],"wp:featuredmedia":[{"embeddable":true,"href":"https:\/\/iberoo.com\/fr\/wp-json\/wp\/v2\/media\/831"}],"wp:attachment":[{"href":"https:\/\/iberoo.com\/fr\/wp-json\/wp\/v2\/media?parent=802"}],"wp:term":[{"taxonomy":"product_brand","embeddable":true,"href":"https:\/\/iberoo.com\/fr\/wp-json\/wp\/v2\/product_brand?post=802"},{"taxonomy":"product_cat","embeddable":true,"href":"https:\/\/iberoo.com\/fr\/wp-json\/wp\/v2\/product_cat?post=802"},{"taxonomy":"product_tag","embeddable":true,"href":"https:\/\/iberoo.com\/fr\/wp-json\/wp\/v2\/product_tag?post=802"}],"curies":[{"name":"wp","href":"https:\/\/api.w.org\/{rel}","templated":true}]}}