{"id":811,"date":"2025-11-14T23:55:56","date_gmt":"2025-11-14T22:55:56","guid":{"rendered":"https:\/\/iberoo.com\/?post_type=product&#038;p=811"},"modified":"2026-04-04T21:59:30","modified_gmt":"2026-04-04T19:59:30","slug":"thon-pale-a-lhuile-dolive-calvo","status":"publish","type":"product","link":"https:\/\/iberoo.com\/fr\/produit\/thon-pale-a-lhuile-dolive-calvo\/","title":{"rendered":"Thon p\u00e2le \u00e0 l'huile d'olive Calvo"},"content":{"rendered":"<p>Le thon blanc Calvo \u00e0 l'huile d'olive est id\u00e9al pour ceux qui recherchent un aliment savoureux, nutritif et pratique au quotidien. \u00c9labor\u00e9 \u00e0 partir de morceaux de thon blanc s\u00e9lectionn\u00e9s et conserv\u00e9 dans une huile d'olive de haute qualit\u00e9, ce produit offre une saveur plus riche et aromatique qui sublime chaque bouch\u00e9e. Sa texture ferme, juteuse et l\u00e9g\u00e8rement plus tendre que celle d'autres vari\u00e9t\u00e9s en fait un ingr\u00e9dient polyvalent et appr\u00e9ci\u00e9, aussi bien dans les recettes simples que dans les plats plus \u00e9labor\u00e9s.<\/p>\n<p>Chaque bo\u00eete contient 52 grammes de thon \u00e9goutt\u00e9 (poids net), une portion id\u00e9ale \u00e0 d\u00e9guster imm\u00e9diatement, \u00e0 ajouter \u00e0 vos plats pr\u00e9f\u00e9r\u00e9s ou \u00e0 emporter partout. Vous avez le choix entre le pack de 3 bo\u00eetes, parfait pour une consommation occasionnelle ou pour ceux qui souhaitent toujours avoir un produit de qualit\u00e9 sous la main, et le pack de 6 bo\u00eetes, con\u00e7u pour les familles, les placards bien organis\u00e9s ou les personnes qui consomment r\u00e9guli\u00e8rement du thon.<\/p>\n<p>L'huile d'olive apporte une saveur suppl\u00e9mentaire et contribue \u00e0 pr\u00e9server la tendret\u00e9 et le moelleux du thon, ce qui en fait un ingr\u00e9dient id\u00e9al pour les salades m\u00e9diterran\u00e9ennes, les sandwichs, les p\u00e2tes, les empanadas, les plats de riz, ou tout simplement \u00e0 d\u00e9guster avec du bon pain. Sa polyvalence en fait une solution rapide pour des repas l\u00e9gers, des d\u00eeners improvis\u00e9s ou des recettes simples et compl\u00e8tes.<\/p>\n<p>Avec le thon blanc Calvo \u00e0 l'huile d'olive, savourez l'alliance parfaite de la qualit\u00e9, de la praticit\u00e9 et de la saveur. Un indispensable dans toutes les cuisines pour ceux qui recherchent des produits fiables et riches en prot\u00e9ines, pr\u00eats \u00e0 sublimer tous vos plats d'une authentique touche m\u00e9diterran\u00e9enne.<\/p>","protected":false},"excerpt":{"rendered":"<p>Le thon clair \u00e0 l'huile d'olive de marque Calvo contient uniquement du thon, de l'eau et de l'huile d'olive de la marque La Espa\u00f1ola, avec la garantie de qualit\u00e9 de la marque Calvo.<\/p>","protected":false},"featured_media":838,"comment_status":"closed","ping_status":"closed","template":"","meta":[],"product_brand":[86],"product_cat":[76],"product_tag":[],"class_list":{"0":"post-811","1":"product","2":"type-product","3":"status-publish","4":"has-post-thumbnail","6":"product_brand-calvo","7":"product_cat-conservas-del-mar","9":"first","10":"instock","11":"shipping-taxable","12":"purchasable","13":"product-type-variable"},"yoast_head":"<!-- This site is optimized with the Yoast SEO plugin v27.3 - https:\/\/yoast.com\/product\/yoast-seo-wordpress\/ -->\n<title>At\u00fan Claro en Aceite de Oliva Calvo - Iberoo<\/title>\n<meta name=\"description\" content=\"El at\u00fan claro en aceite de oliva de la marca Calvo solamente lleva en su lata at\u00fan, agua y aceite de oliva de la marca La Espa\u00f1ola.\" \/>\n<meta name=\"robots\" content=\"index, follow, max-snippet:-1, max-image-preview:large, max-video-preview:-1\" \/>\n<link rel=\"canonical\" href=\"https:\/\/iberoo.com\/fr\/produit\/thon-pale-a-lhuile-dolive-calvo\/\" \/>\n<meta property=\"og:locale\" content=\"fr_FR\" \/>\n<meta property=\"og:type\" content=\"article\" \/>\n<meta property=\"og:title\" content=\"At\u00fan Claro en Aceite de Oliva Calvo - Iberoo\" \/>\n<meta property=\"og:description\" content=\"El at\u00fan claro en aceite de oliva de la marca Calvo solamente lleva en su lata at\u00fan, agua y aceite de oliva de la marca La Espa\u00f1ola.\" \/>\n<meta property=\"og:url\" content=\"https:\/\/iberoo.com\/fr\/produit\/thon-pale-a-lhuile-dolive-calvo\/\" \/>\n<meta property=\"og:site_name\" content=\"Iberoo\" \/>\n<meta property=\"article:modified_time\" content=\"2026-04-04T19:59:30+00:00\" \/>\n<meta property=\"og:image\" content=\"https:\/\/iberoo.com\/wp-content\/uploads\/2025\/11\/atun-claro-calvo-aceite-oliva-3-latas-1.jpg\" \/>\n\t<meta property=\"og:image:width\" content=\"1500\" \/>\n\t<meta property=\"og:image:height\" content=\"1500\" \/>\n\t<meta property=\"og:image:type\" content=\"image\/jpeg\" \/>\n<meta name=\"twitter:card\" content=\"summary_large_image\" \/>\n<meta name=\"twitter:label1\" content=\"Disponibilit\u00e9\" \/>\n\t<meta name=\"twitter:data1\" content=\"En stock\" \/>\n<script type=\"application\/ld+json\" class=\"yoast-schema-graph\">{\"@context\":\"https:\\\/\\\/schema.org\",\"@graph\":[{\"@type\":\"WebPage\",\"@id\":\"https:\\\/\\\/iberoo.com\\\/producto\\\/atun-claro-en-aceite-de-oliva-calvo\\\/\",\"url\":\"https:\\\/\\\/iberoo.com\\\/producto\\\/atun-claro-en-aceite-de-oliva-calvo\\\/\",\"name\":\"At\u00fan Claro en Aceite de Oliva Calvo - Iberoo\",\"isPartOf\":{\"@id\":\"https:\\\/\\\/iberoo.com\\\/#website\"},\"primaryImageOfPage\":{\"@id\":\"https:\\\/\\\/iberoo.com\\\/producto\\\/atun-claro-en-aceite-de-oliva-calvo\\\/#primaryimage\"},\"image\":{\"@id\":\"https:\\\/\\\/iberoo.com\\\/producto\\\/atun-claro-en-aceite-de-oliva-calvo\\\/#primaryimage\"},\"thumbnailUrl\":\"https:\\\/\\\/iberoo.com\\\/wp-content\\\/uploads\\\/2025\\\/11\\\/atun-claro-calvo-aceite-oliva-3-latas-1.jpg\",\"datePublished\":\"2025-11-14T22:55:56+00:00\",\"dateModified\":\"2026-04-04T19:59:30+00:00\",\"description\":\"El at\u00fan claro en aceite de oliva de la marca Calvo solamente lleva en su lata at\u00fan, agua y aceite de oliva de la marca La Espa\u00f1ola.\",\"breadcrumb\":{\"@id\":\"https:\\\/\\\/iberoo.com\\\/producto\\\/atun-claro-en-aceite-de-oliva-calvo\\\/#breadcrumb\"},\"inLanguage\":\"fr-FR\",\"potentialAction\":[{\"@type\":\"ReadAction\",\"target\":[\"https:\\\/\\\/iberoo.com\\\/producto\\\/atun-claro-en-aceite-de-oliva-calvo\\\/\"]}]},{\"@type\":\"ImageObject\",\"inLanguage\":\"fr-FR\",\"@id\":\"https:\\\/\\\/iberoo.com\\\/producto\\\/atun-claro-en-aceite-de-oliva-calvo\\\/#primaryimage\",\"url\":\"https:\\\/\\\/iberoo.com\\\/wp-content\\\/uploads\\\/2025\\\/11\\\/atun-claro-calvo-aceite-oliva-3-latas-1.jpg\",\"contentUrl\":\"https:\\\/\\\/iberoo.com\\\/wp-content\\\/uploads\\\/2025\\\/11\\\/atun-claro-calvo-aceite-oliva-3-latas-1.jpg\",\"width\":1500,\"height\":1500,\"caption\":\"At\u00fan Claro en Aceite de Oliva Calvo\"},{\"@type\":\"BreadcrumbList\",\"@id\":\"https:\\\/\\\/iberoo.com\\\/producto\\\/atun-claro-en-aceite-de-oliva-calvo\\\/#breadcrumb\",\"itemListElement\":[{\"@type\":\"ListItem\",\"position\":1,\"name\":\"Portada\",\"item\":\"https:\\\/\\\/iberoo.com\\\/\"},{\"@type\":\"ListItem\",\"position\":2,\"name\":\"Tienda Online\",\"item\":\"https:\\\/\\\/iberoo.com\\\/tienda\\\/\"},{\"@type\":\"ListItem\",\"position\":3,\"name\":\"At\u00fan Claro en Aceite de Oliva Calvo\"}]},{\"@type\":\"WebSite\",\"@id\":\"https:\\\/\\\/iberoo.com\\\/#website\",\"url\":\"https:\\\/\\\/iberoo.com\\\/\",\"name\":\"Iberoo\",\"description\":\"\",\"publisher\":{\"@id\":\"https:\\\/\\\/iberoo.com\\\/#organization\"},\"potentialAction\":[{\"@type\":\"SearchAction\",\"target\":{\"@type\":\"EntryPoint\",\"urlTemplate\":\"https:\\\/\\\/iberoo.com\\\/?s={search_term_string}\"},\"query-input\":{\"@type\":\"PropertyValueSpecification\",\"valueRequired\":true,\"valueName\":\"search_term_string\"}}],\"inLanguage\":\"fr-FR\"},{\"@type\":\"Organization\",\"@id\":\"https:\\\/\\\/iberoo.com\\\/#organization\",\"name\":\"Iberoo\",\"url\":\"https:\\\/\\\/iberoo.com\\\/\",\"logo\":{\"@type\":\"ImageObject\",\"inLanguage\":\"fr-FR\",\"@id\":\"https:\\\/\\\/iberoo.com\\\/#\\\/schema\\\/logo\\\/image\\\/\",\"url\":\"https:\\\/\\\/iberoo.com\\\/wp-content\\\/uploads\\\/2025\\\/11\\\/logo-cuadrado.jpg\",\"contentUrl\":\"https:\\\/\\\/iberoo.com\\\/wp-content\\\/uploads\\\/2025\\\/11\\\/logo-cuadrado.jpg\",\"width\":700,\"height\":700,\"caption\":\"Iberoo\"},\"image\":{\"@id\":\"https:\\\/\\\/iberoo.com\\\/#\\\/schema\\\/logo\\\/image\\\/\"}}]}<\/script>\n<meta property=\"product:brand\" content=\"Calvo\" \/>\n<meta property=\"og:availability\" content=\"instock\" \/>\n<meta property=\"product:availability\" content=\"instock\" \/>\n<meta property=\"product:condition\" content=\"new\" \/>\n<!-- \/ Yoast SEO plugin. -->","yoast_head_json":{"title":"Thon p\u00e2le \u00e0 l'huile d'olive Calvo - Iberoo","description":"La bo\u00eete de thon blanc de marque Calvo \u00e0 l'huile d'olive ne contient que du thon, de l'eau et de l'huile d'olive de marque La Espa\u00f1ola.","robots":{"index":"index","follow":"follow","max-snippet":"max-snippet:-1","max-image-preview":"max-image-preview:large","max-video-preview":"max-video-preview:-1"},"canonical":"https:\/\/iberoo.com\/fr\/produit\/thon-pale-a-lhuile-dolive-calvo\/","og_locale":"fr_FR","og_type":"article","og_title":"At\u00fan Claro en Aceite de Oliva Calvo - Iberoo","og_description":"El at\u00fan claro en aceite de oliva de la marca Calvo solamente lleva en su lata at\u00fan, agua y aceite de oliva de la marca La Espa\u00f1ola.","og_url":"https:\/\/iberoo.com\/fr\/produit\/thon-pale-a-lhuile-dolive-calvo\/","og_site_name":"Iberoo","article_modified_time":"2026-04-04T19:59:30+00:00","og_image":[{"width":1500,"height":1500,"url":"https:\/\/iberoo.com\/wp-content\/uploads\/2025\/11\/atun-claro-calvo-aceite-oliva-3-latas-1.jpg","type":"image\/jpeg"}],"twitter_card":"summary_large_image","twitter_misc":{"Disponibilit\u00e9":"En stock"},"schema":{"@context":"https:\/\/schema.org","@graph":[{"@type":"WebPage","@id":"https:\/\/iberoo.com\/producto\/atun-claro-en-aceite-de-oliva-calvo\/","url":"https:\/\/iberoo.com\/producto\/atun-claro-en-aceite-de-oliva-calvo\/","name":"Thon p\u00e2le \u00e0 l'huile d'olive Calvo - Iberoo","isPartOf":{"@id":"https:\/\/iberoo.com\/#website"},"primaryImageOfPage":{"@id":"https:\/\/iberoo.com\/producto\/atun-claro-en-aceite-de-oliva-calvo\/#primaryimage"},"image":{"@id":"https:\/\/iberoo.com\/producto\/atun-claro-en-aceite-de-oliva-calvo\/#primaryimage"},"thumbnailUrl":"https:\/\/iberoo.com\/wp-content\/uploads\/2025\/11\/atun-claro-calvo-aceite-oliva-3-latas-1.jpg","datePublished":"2025-11-14T22:55:56+00:00","dateModified":"2026-04-04T19:59:30+00:00","description":"La bo\u00eete de thon blanc de marque Calvo \u00e0 l'huile d'olive ne contient que du thon, de l'eau et de l'huile d'olive de marque La Espa\u00f1ola.","breadcrumb":{"@id":"https:\/\/iberoo.com\/producto\/atun-claro-en-aceite-de-oliva-calvo\/#breadcrumb"},"inLanguage":"fr-FR","potentialAction":[{"@type":"ReadAction","target":["https:\/\/iberoo.com\/producto\/atun-claro-en-aceite-de-oliva-calvo\/"]}]},{"@type":"ImageObject","inLanguage":"fr-FR","@id":"https:\/\/iberoo.com\/producto\/atun-claro-en-aceite-de-oliva-calvo\/#primaryimage","url":"https:\/\/iberoo.com\/wp-content\/uploads\/2025\/11\/atun-claro-calvo-aceite-oliva-3-latas-1.jpg","contentUrl":"https:\/\/iberoo.com\/wp-content\/uploads\/2025\/11\/atun-claro-calvo-aceite-oliva-3-latas-1.jpg","width":1500,"height":1500,"caption":"At\u00fan Claro en Aceite de Oliva Calvo"},{"@type":"BreadcrumbList","@id":"https:\/\/iberoo.com\/producto\/atun-claro-en-aceite-de-oliva-calvo\/#breadcrumb","itemListElement":[{"@type":"ListItem","position":1,"name":"Portada","item":"https:\/\/iberoo.com\/"},{"@type":"ListItem","position":2,"name":"Tienda Online","item":"https:\/\/iberoo.com\/tienda\/"},{"@type":"ListItem","position":3,"name":"At\u00fan Claro en Aceite de Oliva Calvo"}]},{"@type":"WebSite","@id":"https:\/\/iberoo.com\/#website","url":"https:\/\/iberoo.com\/","name":"Iberoo","description":"","publisher":{"@id":"https:\/\/iberoo.com\/#organization"},"potentialAction":[{"@type":"SearchAction","target":{"@type":"EntryPoint","urlTemplate":"https:\/\/iberoo.com\/?s={search_term_string}"},"query-input":{"@type":"PropertyValueSpecification","valueRequired":true,"valueName":"search_term_string"}}],"inLanguage":"fr-FR"},{"@type":"Organization","@id":"https:\/\/iberoo.com\/#organization","name":"Iberoo","url":"https:\/\/iberoo.com\/","logo":{"@type":"ImageObject","inLanguage":"fr-FR","@id":"https:\/\/iberoo.com\/#\/schema\/logo\/image\/","url":"https:\/\/iberoo.com\/wp-content\/uploads\/2025\/11\/logo-cuadrado.jpg","contentUrl":"https:\/\/iberoo.com\/wp-content\/uploads\/2025\/11\/logo-cuadrado.jpg","width":700,"height":700,"caption":"Iberoo"},"image":{"@id":"https:\/\/iberoo.com\/#\/schema\/logo\/image\/"}}]},"product_brand":"Calvo","og_availability":"instock","product_availability":"instock","product_condition":"new"},"_links":{"self":[{"href":"https:\/\/iberoo.com\/fr\/wp-json\/wp\/v2\/product\/811","targetHints":{"allow":["GET"]}}],"collection":[{"href":"https:\/\/iberoo.com\/fr\/wp-json\/wp\/v2\/product"}],"about":[{"href":"https:\/\/iberoo.com\/fr\/wp-json\/wp\/v2\/types\/product"}],"replies":[{"embeddable":true,"href":"https:\/\/iberoo.com\/fr\/wp-json\/wp\/v2\/comments?post=811"}],"wp:featuredmedia":[{"embeddable":true,"href":"https:\/\/iberoo.com\/fr\/wp-json\/wp\/v2\/media\/838"}],"wp:attachment":[{"href":"https:\/\/iberoo.com\/fr\/wp-json\/wp\/v2\/media?parent=811"}],"wp:term":[{"taxonomy":"product_brand","embeddable":true,"href":"https:\/\/iberoo.com\/fr\/wp-json\/wp\/v2\/product_brand?post=811"},{"taxonomy":"product_cat","embeddable":true,"href":"https:\/\/iberoo.com\/fr\/wp-json\/wp\/v2\/product_cat?post=811"},{"taxonomy":"product_tag","embeddable":true,"href":"https:\/\/iberoo.com\/fr\/wp-json\/wp\/v2\/product_tag?post=811"}],"curies":[{"name":"wp","href":"https:\/\/api.w.org\/{rel}","templated":true}]}}