{"id":818,"date":"2025-11-14T23:55:57","date_gmt":"2025-11-14T22:55:57","guid":{"rendered":"https:\/\/iberoo.com\/?post_type=product&#038;p=818"},"modified":"2026-04-04T22:01:35","modified_gmt":"2026-04-04T20:01:35","slug":"thon-rouge-du-nord-naturel-consorcio-200g","status":"publish","type":"product","link":"https:\/\/iberoo.com\/fr\/produit\/thon-rouge-du-nord-naturel-consorcio-200g\/","title":{"rendered":"Bonito del Norte al Natural Consorcio 200g"},"content":{"rendered":"<p>El <a href=\"https:\/\/iberoo.com\/fr\/produit\/thon-rouge-du-nord-a-lhuile-dolive-de-oliva-de-nuestra-tierra\/\">Bonito del Norte<\/a> al Natural Consorcio es una opci\u00f3n perfecta para quienes buscan disfrutar de los mejores sabores del mar en su forma m\u00e1s pura y saludable. Este producto premium est\u00e1 elaborado con bonito del norte, conocido por su carne tierna y su sabor delicado, y es conservado al natural, sin aditivos ni conservantes.<\/p>\n<p>Le proc\u00e9d\u00e9 de conservation naturel permet \u00e0 chaque morceau de conserver sa fra\u00eecheur et son authenticit\u00e9, comme s'il venait d'\u00eatre p\u00each\u00e9. Cette bonite est issue d'une p\u00eache durable, respectueuse des cycles naturels de l'oc\u00e9an, garantissant ainsi que chaque bo\u00eete provient de p\u00eacheries responsables.<\/p>\n<p>Parfait pour les fins gourmets, ce produit est id\u00e9al pour pr\u00e9parer une grande vari\u00e9t\u00e9 de plats, des salades fra\u00eeches et des entr\u00e9es froides aux rago\u00fbts et aux riz aux fruits de mer. Sa texture onctueuse et sa saveur intense en font une excellente source de prot\u00e9ines de haute qualit\u00e9, riche en acides gras om\u00e9ga-3, essentiels \u00e0 une alimentation \u00e9quilibr\u00e9e.<\/p>\n<p>Que ce soit en entr\u00e9e ou comme ingr\u00e9dient principal, le Consorcio Natural Bonito del Norte est une option pratique et savoureuse pour sublimer vos plats. Son ar\u00f4me incomparable apportera la touche sp\u00e9ciale qui impressionnera vos convives ou vous permettra de savourer un d\u00e9jeuner nutritif et d\u00e9licieux.<\/p>\n<p>Faites de chaque repas une exp\u00e9rience unique avec Bonito del Norte al Natural Consorcio, le d\u00e9lice qui relie le meilleur de la mer \u00e0 votre table.<\/p>","protected":false},"excerpt":{"rendered":"<p>Thon blanc germon naturel de la marque Consorcio. P\u00each\u00e9 en Espagne et pr\u00e9par\u00e9 artisanalement selon la tradition \u00e0 Santo\u00f1a (Cantabrie).<\/p>","protected":false},"featured_media":868,"comment_status":"open","ping_status":"closed","template":"","meta":[],"product_brand":[87],"product_cat":[76],"product_tag":[],"class_list":{"0":"post-818","1":"product","2":"type-product","3":"status-publish","4":"has-post-thumbnail","6":"product_brand-consorcio","7":"product_cat-conservas-del-mar","9":"first","10":"instock","11":"shipping-taxable","12":"purchasable","13":"product-type-simple"},"yoast_head":"<!-- This site is optimized with the Yoast SEO plugin v27.3 - https:\/\/yoast.com\/product\/yoast-seo-wordpress\/ -->\n<title>Bonito del Norte al Natural Consorcio 200g - Iberoo<\/title>\n<meta name=\"description\" content=\"Bonito del norte al natural de la marca Consorcio. Pescado en Espa\u00f1a y elaborado a mano de forma tradicional en Santo\u00f1a (Cantabria).\" \/>\n<meta name=\"robots\" content=\"index, follow, max-snippet:-1, max-image-preview:large, max-video-preview:-1\" \/>\n<link rel=\"canonical\" href=\"https:\/\/iberoo.com\/fr\/produit\/thon-rouge-du-nord-naturel-consorcio-200g\/\" \/>\n<meta property=\"og:locale\" content=\"fr_FR\" \/>\n<meta property=\"og:type\" content=\"article\" \/>\n<meta property=\"og:title\" content=\"Bonito del Norte al Natural Consorcio 200g - Iberoo\" \/>\n<meta property=\"og:description\" content=\"Bonito del norte al natural de la marca Consorcio. Pescado en Espa\u00f1a y elaborado a mano de forma tradicional en Santo\u00f1a (Cantabria).\" \/>\n<meta property=\"og:url\" content=\"https:\/\/iberoo.com\/fr\/produit\/thon-rouge-du-nord-naturel-consorcio-200g\/\" \/>\n<meta property=\"og:site_name\" content=\"Iberoo\" \/>\n<meta property=\"article:modified_time\" content=\"2026-04-04T20:01:35+00:00\" \/>\n<meta property=\"og:image\" content=\"https:\/\/iberoo.com\/wp-content\/uploads\/2025\/11\/bonito-del-norte-natural-consorcio-1.webp\" \/>\n\t<meta property=\"og:image:width\" content=\"1500\" \/>\n\t<meta property=\"og:image:height\" content=\"1500\" \/>\n\t<meta property=\"og:image:type\" content=\"image\/webp\" \/>\n<meta name=\"twitter:card\" content=\"summary_large_image\" \/>\n<meta name=\"twitter:label1\" content=\"Prix\" \/>\n\t<meta name=\"twitter:data1\" content=\"13,85&nbsp;&euro;\" \/>\n\t<meta name=\"twitter:label2\" content=\"Disponibilit\u00e9\" \/>\n\t<meta name=\"twitter:data2\" content=\"En stock\" \/>\n<script type=\"application\/ld+json\" class=\"yoast-schema-graph\">{\"@context\":\"https:\\\/\\\/schema.org\",\"@graph\":[{\"@type\":\"WebPage\",\"@id\":\"https:\\\/\\\/iberoo.com\\\/producto\\\/bonito-del-norte-al-natural-consorcio-200g\\\/\",\"url\":\"https:\\\/\\\/iberoo.com\\\/producto\\\/bonito-del-norte-al-natural-consorcio-200g\\\/\",\"name\":\"Bonito del Norte al Natural Consorcio 200g - Iberoo\",\"isPartOf\":{\"@id\":\"https:\\\/\\\/iberoo.com\\\/#website\"},\"primaryImageOfPage\":{\"@id\":\"https:\\\/\\\/iberoo.com\\\/producto\\\/bonito-del-norte-al-natural-consorcio-200g\\\/#primaryimage\"},\"image\":{\"@id\":\"https:\\\/\\\/iberoo.com\\\/producto\\\/bonito-del-norte-al-natural-consorcio-200g\\\/#primaryimage\"},\"thumbnailUrl\":\"https:\\\/\\\/iberoo.com\\\/wp-content\\\/uploads\\\/2025\\\/11\\\/bonito-del-norte-natural-consorcio-1.webp\",\"datePublished\":\"2025-11-14T22:55:57+00:00\",\"dateModified\":\"2026-04-04T20:01:35+00:00\",\"description\":\"Bonito del norte al natural de la marca Consorcio. Pescado en Espa\u00f1a y elaborado a mano de forma tradicional en Santo\u00f1a (Cantabria).\",\"breadcrumb\":{\"@id\":\"https:\\\/\\\/iberoo.com\\\/producto\\\/bonito-del-norte-al-natural-consorcio-200g\\\/#breadcrumb\"},\"inLanguage\":\"fr-FR\",\"potentialAction\":[{\"@type\":\"ReadAction\",\"target\":[\"https:\\\/\\\/iberoo.com\\\/producto\\\/bonito-del-norte-al-natural-consorcio-200g\\\/\"]}]},{\"@type\":\"ImageObject\",\"inLanguage\":\"fr-FR\",\"@id\":\"https:\\\/\\\/iberoo.com\\\/producto\\\/bonito-del-norte-al-natural-consorcio-200g\\\/#primaryimage\",\"url\":\"https:\\\/\\\/iberoo.com\\\/wp-content\\\/uploads\\\/2025\\\/11\\\/bonito-del-norte-natural-consorcio-1.webp\",\"contentUrl\":\"https:\\\/\\\/iberoo.com\\\/wp-content\\\/uploads\\\/2025\\\/11\\\/bonito-del-norte-natural-consorcio-1.webp\",\"width\":1500,\"height\":1500,\"caption\":\"Bonito del Norte al Natural Consorcio\"},{\"@type\":\"BreadcrumbList\",\"@id\":\"https:\\\/\\\/iberoo.com\\\/producto\\\/bonito-del-norte-al-natural-consorcio-200g\\\/#breadcrumb\",\"itemListElement\":[{\"@type\":\"ListItem\",\"position\":1,\"name\":\"Portada\",\"item\":\"https:\\\/\\\/iberoo.com\\\/\"},{\"@type\":\"ListItem\",\"position\":2,\"name\":\"Tienda Online\",\"item\":\"https:\\\/\\\/iberoo.com\\\/tienda\\\/\"},{\"@type\":\"ListItem\",\"position\":3,\"name\":\"Bonito del Norte al Natural Consorcio 200g\"}]},{\"@type\":\"WebSite\",\"@id\":\"https:\\\/\\\/iberoo.com\\\/#website\",\"url\":\"https:\\\/\\\/iberoo.com\\\/\",\"name\":\"Iberoo\",\"description\":\"\",\"publisher\":{\"@id\":\"https:\\\/\\\/iberoo.com\\\/#organization\"},\"potentialAction\":[{\"@type\":\"SearchAction\",\"target\":{\"@type\":\"EntryPoint\",\"urlTemplate\":\"https:\\\/\\\/iberoo.com\\\/?s={search_term_string}\"},\"query-input\":{\"@type\":\"PropertyValueSpecification\",\"valueRequired\":true,\"valueName\":\"search_term_string\"}}],\"inLanguage\":\"fr-FR\"},{\"@type\":\"Organization\",\"@id\":\"https:\\\/\\\/iberoo.com\\\/#organization\",\"name\":\"Iberoo\",\"url\":\"https:\\\/\\\/iberoo.com\\\/\",\"logo\":{\"@type\":\"ImageObject\",\"inLanguage\":\"fr-FR\",\"@id\":\"https:\\\/\\\/iberoo.com\\\/#\\\/schema\\\/logo\\\/image\\\/\",\"url\":\"https:\\\/\\\/iberoo.com\\\/wp-content\\\/uploads\\\/2025\\\/11\\\/logo-cuadrado.jpg\",\"contentUrl\":\"https:\\\/\\\/iberoo.com\\\/wp-content\\\/uploads\\\/2025\\\/11\\\/logo-cuadrado.jpg\",\"width\":700,\"height\":700,\"caption\":\"Iberoo\"},\"image\":{\"@id\":\"https:\\\/\\\/iberoo.com\\\/#\\\/schema\\\/logo\\\/image\\\/\"}}]}<\/script>\n<meta property=\"product:brand\" content=\"Consorcio\" \/>\n<meta property=\"product:price:amount\" content=\"13.85\" \/>\n<meta property=\"product:price:currency\" content=\"EUR\" \/>\n<meta property=\"og:availability\" content=\"instock\" \/>\n<meta property=\"product:availability\" content=\"instock\" \/>\n<meta property=\"product:condition\" content=\"new\" \/>\n<!-- \/ Yoast SEO plugin. -->","yoast_head_json":{"title":"Thon rouge du Nord naturel Consorcio 200g - Iberoo","description":"Thon blanc germon naturel de la marque Consorcio. P\u00each\u00e9 en Espagne et pr\u00e9par\u00e9 artisanalement selon la tradition \u00e0 Santo\u00f1a (Cantabrie).","robots":{"index":"index","follow":"follow","max-snippet":"max-snippet:-1","max-image-preview":"max-image-preview:large","max-video-preview":"max-video-preview:-1"},"canonical":"https:\/\/iberoo.com\/fr\/produit\/thon-rouge-du-nord-naturel-consorcio-200g\/","og_locale":"fr_FR","og_type":"article","og_title":"Bonito del Norte al Natural Consorcio 200g - Iberoo","og_description":"Bonito del norte al natural de la marca Consorcio. Pescado en Espa\u00f1a y elaborado a mano de forma tradicional en Santo\u00f1a (Cantabria).","og_url":"https:\/\/iberoo.com\/fr\/produit\/thon-rouge-du-nord-naturel-consorcio-200g\/","og_site_name":"Iberoo","article_modified_time":"2026-04-04T20:01:35+00:00","og_image":[{"width":1500,"height":1500,"url":"https:\/\/iberoo.com\/wp-content\/uploads\/2025\/11\/bonito-del-norte-natural-consorcio-1.webp","type":"image\/webp"}],"twitter_card":"summary_large_image","twitter_misc":{"Prix":"13,85&nbsp;&euro;","Disponibilit\u00e9":"En stock"},"schema":{"@context":"https:\/\/schema.org","@graph":[{"@type":"WebPage","@id":"https:\/\/iberoo.com\/producto\/bonito-del-norte-al-natural-consorcio-200g\/","url":"https:\/\/iberoo.com\/producto\/bonito-del-norte-al-natural-consorcio-200g\/","name":"Thon rouge du Nord naturel Consorcio 200g - Iberoo","isPartOf":{"@id":"https:\/\/iberoo.com\/#website"},"primaryImageOfPage":{"@id":"https:\/\/iberoo.com\/producto\/bonito-del-norte-al-natural-consorcio-200g\/#primaryimage"},"image":{"@id":"https:\/\/iberoo.com\/producto\/bonito-del-norte-al-natural-consorcio-200g\/#primaryimage"},"thumbnailUrl":"https:\/\/iberoo.com\/wp-content\/uploads\/2025\/11\/bonito-del-norte-natural-consorcio-1.webp","datePublished":"2025-11-14T22:55:57+00:00","dateModified":"2026-04-04T20:01:35+00:00","description":"Thon blanc germon naturel de la marque Consorcio. P\u00each\u00e9 en Espagne et pr\u00e9par\u00e9 artisanalement selon la tradition \u00e0 Santo\u00f1a (Cantabrie).","breadcrumb":{"@id":"https:\/\/iberoo.com\/producto\/bonito-del-norte-al-natural-consorcio-200g\/#breadcrumb"},"inLanguage":"fr-FR","potentialAction":[{"@type":"ReadAction","target":["https:\/\/iberoo.com\/producto\/bonito-del-norte-al-natural-consorcio-200g\/"]}]},{"@type":"ImageObject","inLanguage":"fr-FR","@id":"https:\/\/iberoo.com\/producto\/bonito-del-norte-al-natural-consorcio-200g\/#primaryimage","url":"https:\/\/iberoo.com\/wp-content\/uploads\/2025\/11\/bonito-del-norte-natural-consorcio-1.webp","contentUrl":"https:\/\/iberoo.com\/wp-content\/uploads\/2025\/11\/bonito-del-norte-natural-consorcio-1.webp","width":1500,"height":1500,"caption":"Bonito del Norte al Natural Consorcio"},{"@type":"BreadcrumbList","@id":"https:\/\/iberoo.com\/producto\/bonito-del-norte-al-natural-consorcio-200g\/#breadcrumb","itemListElement":[{"@type":"ListItem","position":1,"name":"Portada","item":"https:\/\/iberoo.com\/"},{"@type":"ListItem","position":2,"name":"Tienda Online","item":"https:\/\/iberoo.com\/tienda\/"},{"@type":"ListItem","position":3,"name":"Bonito del Norte al Natural Consorcio 200g"}]},{"@type":"WebSite","@id":"https:\/\/iberoo.com\/#website","url":"https:\/\/iberoo.com\/","name":"Iberoo","description":"","publisher":{"@id":"https:\/\/iberoo.com\/#organization"},"potentialAction":[{"@type":"SearchAction","target":{"@type":"EntryPoint","urlTemplate":"https:\/\/iberoo.com\/?s={search_term_string}"},"query-input":{"@type":"PropertyValueSpecification","valueRequired":true,"valueName":"search_term_string"}}],"inLanguage":"fr-FR"},{"@type":"Organization","@id":"https:\/\/iberoo.com\/#organization","name":"Iberoo","url":"https:\/\/iberoo.com\/","logo":{"@type":"ImageObject","inLanguage":"fr-FR","@id":"https:\/\/iberoo.com\/#\/schema\/logo\/image\/","url":"https:\/\/iberoo.com\/wp-content\/uploads\/2025\/11\/logo-cuadrado.jpg","contentUrl":"https:\/\/iberoo.com\/wp-content\/uploads\/2025\/11\/logo-cuadrado.jpg","width":700,"height":700,"caption":"Iberoo"},"image":{"@id":"https:\/\/iberoo.com\/#\/schema\/logo\/image\/"}}]},"product_brand":"Consorcio","product_price_amount":"13.85","product_price_currency":"EUR","og_availability":"instock","product_availability":"instock","product_condition":"new"},"_links":{"self":[{"href":"https:\/\/iberoo.com\/fr\/wp-json\/wp\/v2\/product\/818","targetHints":{"allow":["GET"]}}],"collection":[{"href":"https:\/\/iberoo.com\/fr\/wp-json\/wp\/v2\/product"}],"about":[{"href":"https:\/\/iberoo.com\/fr\/wp-json\/wp\/v2\/types\/product"}],"replies":[{"embeddable":true,"href":"https:\/\/iberoo.com\/fr\/wp-json\/wp\/v2\/comments?post=818"}],"wp:featuredmedia":[{"embeddable":true,"href":"https:\/\/iberoo.com\/fr\/wp-json\/wp\/v2\/media\/868"}],"wp:attachment":[{"href":"https:\/\/iberoo.com\/fr\/wp-json\/wp\/v2\/media?parent=818"}],"wp:term":[{"taxonomy":"product_brand","embeddable":true,"href":"https:\/\/iberoo.com\/fr\/wp-json\/wp\/v2\/product_brand?post=818"},{"taxonomy":"product_cat","embeddable":true,"href":"https:\/\/iberoo.com\/fr\/wp-json\/wp\/v2\/product_cat?post=818"},{"taxonomy":"product_tag","embeddable":true,"href":"https:\/\/iberoo.com\/fr\/wp-json\/wp\/v2\/product_tag?post=818"}],"curies":[{"name":"wp","href":"https:\/\/api.w.org\/{rel}","templated":true}]}}