{"id":847,"date":"2025-11-14T23:56:19","date_gmt":"2025-11-14T22:56:19","guid":{"rendered":"https:\/\/iberoo.com\/?post_type=product&#038;p=847"},"modified":"2026-04-04T22:07:59","modified_gmt":"2026-04-04T20:07:59","slug":"thon-rouge-du-nord-a-escabeche-consorcio-80g","status":"publish","type":"product","link":"https:\/\/iberoo.com\/fr\/produit\/thon-rouge-du-nord-a-escabeche-consorcio-80g\/","title":{"rendered":"Thon rouge du Nord \u00e0 Escab\u00e8che Consorcio 80g"},"content":{"rendered":"<div>El <a href=\"https:\/\/iberoo.com\/fr\/produit\/thon-rouge-du-nord-a-lhuile-dolive-de-oliva-de-nuestra-tierra\/\">Bonito del Norte<\/a> en Escabeche Consorcio es una de esas delicias que, con solo abrir la lata, te transporta a la costa, donde el sabor aut\u00e9ntico del mar se combina con la tradici\u00f3n de una receta cl\u00e1sica. Este producto de Consorcio, una marca con m\u00e1s de 70 a\u00f1os de experiencia en el mundo de las conservas, te ofrece lo mejor del bonito del norte, uno de los pescados m\u00e1s apreciados por su carne firme, suave y de sabor delicado, conservado en un escabeche perfectamente equilibrado.<\/div>\n<div><\/div>\n<div>L'escab\u00e8che, avec son m\u00e9lange de vinaigre, d'huile et d'\u00e9pices, sublime la fra\u00eecheur du poisson, lui conf\u00e9rant une saveur acidul\u00e9e et l\u00e9g\u00e8rement \u00e9pic\u00e9e qui rehausse chaque bouch\u00e9e. Chaque filet de bonite est soigneusement s\u00e9lectionn\u00e9 et manipul\u00e9 avec pr\u00e9caution afin de pr\u00e9server sa qualit\u00e9 et sa texture. La recette traditionnelle de Consorcio pr\u00e9serve non seulement la saveur naturelle du poisson, mais la sublime \u00e9galement, en faisant un mets de choix pour ceux qui recherchent un repas d\u00e9licieux et de grande qualit\u00e9 \u00e0 tout moment.<\/div>\n<div><\/div>\n<div>Cette bonite marin\u00e9e de la mer Cantabrique est id\u00e9ale en plat principal, en accompagnement de salades ou en tapas \u00e0 partager entre amis ou en famille. Sa saveur d\u00e9licate et la fra\u00eecheur de sa marinade la rendent incroyablement polyvalente en cuisine, permettant de concocter une grande vari\u00e9t\u00e9 de plats en quelques minutes seulement. De plus, la bonite est une excellente source de prot\u00e9ines de haute qualit\u00e9, d'om\u00e9ga-3 et d'autres nutriments essentiels, ce qui en fait un choix d\u00e9licieux et sain pour toutes les occasions.<\/div>\n<div><\/div>\n<div>Avec le thon blanc marin\u00e9 Consorcio Bonito del Norte, savourez un repas savoureux, sain et facile \u00e0 pr\u00e9parer, sans rien perdre du go\u00fbt authentique de la mer. Id\u00e9al pour les amateurs de produits de la mer traditionnels, ce produit est parfait pour sublimer vos plats et surprendre vos proches.<\/div>","protected":false},"excerpt":{"rendered":"<p>Bonite du Nord en escab\u00e8che de la marque Consorcio. P\u00each\u00e9 dans le nord de l'Espagne et fabriqu\u00e9 \u00e0 la main \u00e0 Santo\u00f1a (Cantabrie).<\/p>","protected":false},"featured_media":875,"comment_status":"open","ping_status":"closed","template":"","meta":[],"product_brand":[87],"product_cat":[76],"product_tag":[],"class_list":{"0":"post-847","1":"product","2":"type-product","3":"status-publish","4":"has-post-thumbnail","6":"product_brand-consorcio","7":"product_cat-conservas-del-mar","9":"first","10":"instock","11":"shipping-taxable","12":"purchasable","13":"product-type-simple"},"yoast_head":"<!-- This site is optimized with the Yoast SEO plugin v27.3 - https:\/\/yoast.com\/product\/yoast-seo-wordpress\/ -->\n<title>Bonito del Norte en Escabeche Consorcio 80g - Iberoo<\/title>\n<meta name=\"description\" content=\"Bonito del norte en escabeche de la marca Consorcio. Pescado en el norte de Espa\u00f1a y elaborado a mano en Santo\u00f1a (Cantabria).\" \/>\n<meta name=\"robots\" content=\"index, follow, max-snippet:-1, max-image-preview:large, max-video-preview:-1\" \/>\n<link rel=\"canonical\" href=\"https:\/\/iberoo.com\/fr\/produit\/thon-rouge-du-nord-a-escabeche-consorcio-80g\/\" \/>\n<meta property=\"og:locale\" content=\"fr_FR\" \/>\n<meta property=\"og:type\" content=\"article\" \/>\n<meta property=\"og:title\" content=\"Bonito del Norte en Escabeche Consorcio 80g - Iberoo\" \/>\n<meta property=\"og:description\" content=\"Bonito del norte en escabeche de la marca Consorcio. Pescado en el norte de Espa\u00f1a y elaborado a mano en Santo\u00f1a (Cantabria).\" \/>\n<meta property=\"og:url\" content=\"https:\/\/iberoo.com\/fr\/produit\/thon-rouge-du-nord-a-escabeche-consorcio-80g\/\" \/>\n<meta property=\"og:site_name\" content=\"Iberoo\" \/>\n<meta property=\"article:modified_time\" content=\"2026-04-04T20:07:59+00:00\" \/>\n<meta property=\"og:image\" content=\"https:\/\/iberoo.com\/wp-content\/uploads\/2025\/11\/bonito-del-norte-escabeche-consorcio-1.jpg\" \/>\n\t<meta property=\"og:image:width\" content=\"1500\" \/>\n\t<meta property=\"og:image:height\" content=\"1500\" \/>\n\t<meta property=\"og:image:type\" content=\"image\/jpeg\" \/>\n<meta name=\"twitter:card\" content=\"summary_large_image\" \/>\n<meta name=\"twitter:label1\" content=\"Prix\" \/>\n\t<meta name=\"twitter:data1\" content=\"5,25&nbsp;&euro;\" \/>\n\t<meta name=\"twitter:label2\" content=\"Disponibilit\u00e9\" \/>\n\t<meta name=\"twitter:data2\" content=\"En stock\" \/>\n<script type=\"application\/ld+json\" class=\"yoast-schema-graph\">{\"@context\":\"https:\\\/\\\/schema.org\",\"@graph\":[{\"@type\":\"WebPage\",\"@id\":\"https:\\\/\\\/iberoo.com\\\/producto\\\/bonito-del-norte-en-escabeche-consorcio-80g\\\/\",\"url\":\"https:\\\/\\\/iberoo.com\\\/producto\\\/bonito-del-norte-en-escabeche-consorcio-80g\\\/\",\"name\":\"Bonito del Norte en Escabeche Consorcio 80g - Iberoo\",\"isPartOf\":{\"@id\":\"https:\\\/\\\/iberoo.com\\\/#website\"},\"primaryImageOfPage\":{\"@id\":\"https:\\\/\\\/iberoo.com\\\/producto\\\/bonito-del-norte-en-escabeche-consorcio-80g\\\/#primaryimage\"},\"image\":{\"@id\":\"https:\\\/\\\/iberoo.com\\\/producto\\\/bonito-del-norte-en-escabeche-consorcio-80g\\\/#primaryimage\"},\"thumbnailUrl\":\"https:\\\/\\\/iberoo.com\\\/wp-content\\\/uploads\\\/2025\\\/11\\\/bonito-del-norte-escabeche-consorcio-1.jpg\",\"datePublished\":\"2025-11-14T22:56:19+00:00\",\"dateModified\":\"2026-04-04T20:07:59+00:00\",\"description\":\"Bonito del norte en escabeche de la marca Consorcio. Pescado en el norte de Espa\u00f1a y elaborado a mano en Santo\u00f1a (Cantabria).\",\"breadcrumb\":{\"@id\":\"https:\\\/\\\/iberoo.com\\\/producto\\\/bonito-del-norte-en-escabeche-consorcio-80g\\\/#breadcrumb\"},\"inLanguage\":\"fr-FR\",\"potentialAction\":[{\"@type\":\"ReadAction\",\"target\":[\"https:\\\/\\\/iberoo.com\\\/producto\\\/bonito-del-norte-en-escabeche-consorcio-80g\\\/\"]}]},{\"@type\":\"ImageObject\",\"inLanguage\":\"fr-FR\",\"@id\":\"https:\\\/\\\/iberoo.com\\\/producto\\\/bonito-del-norte-en-escabeche-consorcio-80g\\\/#primaryimage\",\"url\":\"https:\\\/\\\/iberoo.com\\\/wp-content\\\/uploads\\\/2025\\\/11\\\/bonito-del-norte-escabeche-consorcio-1.jpg\",\"contentUrl\":\"https:\\\/\\\/iberoo.com\\\/wp-content\\\/uploads\\\/2025\\\/11\\\/bonito-del-norte-escabeche-consorcio-1.jpg\",\"width\":1500,\"height\":1500,\"caption\":\"Bonito del Norte en Escabeche Consorcio\"},{\"@type\":\"BreadcrumbList\",\"@id\":\"https:\\\/\\\/iberoo.com\\\/producto\\\/bonito-del-norte-en-escabeche-consorcio-80g\\\/#breadcrumb\",\"itemListElement\":[{\"@type\":\"ListItem\",\"position\":1,\"name\":\"Portada\",\"item\":\"https:\\\/\\\/iberoo.com\\\/\"},{\"@type\":\"ListItem\",\"position\":2,\"name\":\"Tienda Online\",\"item\":\"https:\\\/\\\/iberoo.com\\\/tienda\\\/\"},{\"@type\":\"ListItem\",\"position\":3,\"name\":\"Bonito del Norte en Escabeche Consorcio 80g\"}]},{\"@type\":\"WebSite\",\"@id\":\"https:\\\/\\\/iberoo.com\\\/#website\",\"url\":\"https:\\\/\\\/iberoo.com\\\/\",\"name\":\"Iberoo\",\"description\":\"\",\"publisher\":{\"@id\":\"https:\\\/\\\/iberoo.com\\\/#organization\"},\"potentialAction\":[{\"@type\":\"SearchAction\",\"target\":{\"@type\":\"EntryPoint\",\"urlTemplate\":\"https:\\\/\\\/iberoo.com\\\/?s={search_term_string}\"},\"query-input\":{\"@type\":\"PropertyValueSpecification\",\"valueRequired\":true,\"valueName\":\"search_term_string\"}}],\"inLanguage\":\"fr-FR\"},{\"@type\":\"Organization\",\"@id\":\"https:\\\/\\\/iberoo.com\\\/#organization\",\"name\":\"Iberoo\",\"url\":\"https:\\\/\\\/iberoo.com\\\/\",\"logo\":{\"@type\":\"ImageObject\",\"inLanguage\":\"fr-FR\",\"@id\":\"https:\\\/\\\/iberoo.com\\\/#\\\/schema\\\/logo\\\/image\\\/\",\"url\":\"https:\\\/\\\/iberoo.com\\\/wp-content\\\/uploads\\\/2025\\\/11\\\/logo-cuadrado.jpg\",\"contentUrl\":\"https:\\\/\\\/iberoo.com\\\/wp-content\\\/uploads\\\/2025\\\/11\\\/logo-cuadrado.jpg\",\"width\":700,\"height\":700,\"caption\":\"Iberoo\"},\"image\":{\"@id\":\"https:\\\/\\\/iberoo.com\\\/#\\\/schema\\\/logo\\\/image\\\/\"}}]}<\/script>\n<meta property=\"product:brand\" content=\"Consorcio\" \/>\n<meta property=\"product:price:amount\" content=\"5.25\" \/>\n<meta property=\"product:price:currency\" content=\"EUR\" \/>\n<meta property=\"og:availability\" content=\"instock\" \/>\n<meta property=\"product:availability\" content=\"instock\" \/>\n<meta property=\"product:condition\" content=\"new\" \/>\n<!-- \/ Yoast SEO plugin. -->","yoast_head_json":{"title":"Thon rouge du Nord \u00e0 Escab\u00e8che Consorcio 80g - Iberoo","description":"Bonite du Nord en escab\u00e8che de la marque Consorcio. P\u00each\u00e9 dans le nord de l'Espagne et fabriqu\u00e9 \u00e0 la main \u00e0 Santo\u00f1a (Cantabrie).","robots":{"index":"index","follow":"follow","max-snippet":"max-snippet:-1","max-image-preview":"max-image-preview:large","max-video-preview":"max-video-preview:-1"},"canonical":"https:\/\/iberoo.com\/fr\/produit\/thon-rouge-du-nord-a-escabeche-consorcio-80g\/","og_locale":"fr_FR","og_type":"article","og_title":"Bonito del Norte en Escabeche Consorcio 80g - Iberoo","og_description":"Bonito del norte en escabeche de la marca Consorcio. Pescado en el norte de Espa\u00f1a y elaborado a mano en Santo\u00f1a (Cantabria).","og_url":"https:\/\/iberoo.com\/fr\/produit\/thon-rouge-du-nord-a-escabeche-consorcio-80g\/","og_site_name":"Iberoo","article_modified_time":"2026-04-04T20:07:59+00:00","og_image":[{"width":1500,"height":1500,"url":"https:\/\/iberoo.com\/wp-content\/uploads\/2025\/11\/bonito-del-norte-escabeche-consorcio-1.jpg","type":"image\/jpeg"}],"twitter_card":"summary_large_image","twitter_misc":{"Prix":"5,25&nbsp;&euro;","Disponibilit\u00e9":"En stock"},"schema":{"@context":"https:\/\/schema.org","@graph":[{"@type":"WebPage","@id":"https:\/\/iberoo.com\/producto\/bonito-del-norte-en-escabeche-consorcio-80g\/","url":"https:\/\/iberoo.com\/producto\/bonito-del-norte-en-escabeche-consorcio-80g\/","name":"Thon rouge du Nord \u00e0 Escab\u00e8che Consorcio 80g - Iberoo","isPartOf":{"@id":"https:\/\/iberoo.com\/#website"},"primaryImageOfPage":{"@id":"https:\/\/iberoo.com\/producto\/bonito-del-norte-en-escabeche-consorcio-80g\/#primaryimage"},"image":{"@id":"https:\/\/iberoo.com\/producto\/bonito-del-norte-en-escabeche-consorcio-80g\/#primaryimage"},"thumbnailUrl":"https:\/\/iberoo.com\/wp-content\/uploads\/2025\/11\/bonito-del-norte-escabeche-consorcio-1.jpg","datePublished":"2025-11-14T22:56:19+00:00","dateModified":"2026-04-04T20:07:59+00:00","description":"Bonite du Nord en escab\u00e8che de la marque Consorcio. P\u00each\u00e9 dans le nord de l'Espagne et fabriqu\u00e9 \u00e0 la main \u00e0 Santo\u00f1a (Cantabrie).","breadcrumb":{"@id":"https:\/\/iberoo.com\/producto\/bonito-del-norte-en-escabeche-consorcio-80g\/#breadcrumb"},"inLanguage":"fr-FR","potentialAction":[{"@type":"ReadAction","target":["https:\/\/iberoo.com\/producto\/bonito-del-norte-en-escabeche-consorcio-80g\/"]}]},{"@type":"ImageObject","inLanguage":"fr-FR","@id":"https:\/\/iberoo.com\/producto\/bonito-del-norte-en-escabeche-consorcio-80g\/#primaryimage","url":"https:\/\/iberoo.com\/wp-content\/uploads\/2025\/11\/bonito-del-norte-escabeche-consorcio-1.jpg","contentUrl":"https:\/\/iberoo.com\/wp-content\/uploads\/2025\/11\/bonito-del-norte-escabeche-consorcio-1.jpg","width":1500,"height":1500,"caption":"Bonito del Norte en Escabeche Consorcio"},{"@type":"BreadcrumbList","@id":"https:\/\/iberoo.com\/producto\/bonito-del-norte-en-escabeche-consorcio-80g\/#breadcrumb","itemListElement":[{"@type":"ListItem","position":1,"name":"Portada","item":"https:\/\/iberoo.com\/"},{"@type":"ListItem","position":2,"name":"Tienda Online","item":"https:\/\/iberoo.com\/tienda\/"},{"@type":"ListItem","position":3,"name":"Bonito del Norte en Escabeche Consorcio 80g"}]},{"@type":"WebSite","@id":"https:\/\/iberoo.com\/#website","url":"https:\/\/iberoo.com\/","name":"Iberoo","description":"","publisher":{"@id":"https:\/\/iberoo.com\/#organization"},"potentialAction":[{"@type":"SearchAction","target":{"@type":"EntryPoint","urlTemplate":"https:\/\/iberoo.com\/?s={search_term_string}"},"query-input":{"@type":"PropertyValueSpecification","valueRequired":true,"valueName":"search_term_string"}}],"inLanguage":"fr-FR"},{"@type":"Organization","@id":"https:\/\/iberoo.com\/#organization","name":"Iberoo","url":"https:\/\/iberoo.com\/","logo":{"@type":"ImageObject","inLanguage":"fr-FR","@id":"https:\/\/iberoo.com\/#\/schema\/logo\/image\/","url":"https:\/\/iberoo.com\/wp-content\/uploads\/2025\/11\/logo-cuadrado.jpg","contentUrl":"https:\/\/iberoo.com\/wp-content\/uploads\/2025\/11\/logo-cuadrado.jpg","width":700,"height":700,"caption":"Iberoo"},"image":{"@id":"https:\/\/iberoo.com\/#\/schema\/logo\/image\/"}}]},"product_brand":"Consorcio","product_price_amount":"5.25","product_price_currency":"EUR","og_availability":"instock","product_availability":"instock","product_condition":"new"},"_links":{"self":[{"href":"https:\/\/iberoo.com\/fr\/wp-json\/wp\/v2\/product\/847","targetHints":{"allow":["GET"]}}],"collection":[{"href":"https:\/\/iberoo.com\/fr\/wp-json\/wp\/v2\/product"}],"about":[{"href":"https:\/\/iberoo.com\/fr\/wp-json\/wp\/v2\/types\/product"}],"replies":[{"embeddable":true,"href":"https:\/\/iberoo.com\/fr\/wp-json\/wp\/v2\/comments?post=847"}],"wp:featuredmedia":[{"embeddable":true,"href":"https:\/\/iberoo.com\/fr\/wp-json\/wp\/v2\/media\/875"}],"wp:attachment":[{"href":"https:\/\/iberoo.com\/fr\/wp-json\/wp\/v2\/media?parent=847"}],"wp:term":[{"taxonomy":"product_brand","embeddable":true,"href":"https:\/\/iberoo.com\/fr\/wp-json\/wp\/v2\/product_brand?post=847"},{"taxonomy":"product_cat","embeddable":true,"href":"https:\/\/iberoo.com\/fr\/wp-json\/wp\/v2\/product_cat?post=847"},{"taxonomy":"product_tag","embeddable":true,"href":"https:\/\/iberoo.com\/fr\/wp-json\/wp\/v2\/product_tag?post=847"}],"curies":[{"name":"wp","href":"https:\/\/api.w.org\/{rel}","templated":true}]}}