{"id":849,"date":"2025-11-14T23:56:19","date_gmt":"2025-11-14T22:56:19","guid":{"rendered":"https:\/\/iberoo.com\/?post_type=product&#038;p=849"},"modified":"2026-04-04T22:08:10","modified_gmt":"2026-04-04T20:08:10","slug":"anchois-cantabriques-a-lhuile-dolive-consorcio-serie-oro","status":"publish","type":"product","link":"https:\/\/iberoo.com\/fr\/produit\/anchois-cantabriques-a-lhuile-dolive-consorcio-serie-oro\/","title":{"rendered":"Anchois cantabriques \u00e0 l'huile d'olive Consorcio Serie Oro"},"content":{"rendered":"<p>Las <a href=\"https:\/\/iberoo.com\/fr\/produit\/anchois-cantabriques-a-lhuile-dolive-de-nuestra-tierra\/\">Anchoas del Cant\u00e1brico<\/a> en Aceite de Oliva de Consorcio, presentadas en lata de 29 gramos, son una opci\u00f3n perfecta para quienes buscan disfrutar de un producto selecto en un formato pr\u00e1ctico y manejable. Se trata de una conserva pensada para el consumo individual o para peque\u00f1os aperitivos, sin renunciar en ning\u00fan momento a la calidad que caracteriza a esta reconocida marca.<\/p>\n<p>Ces anchois proviennent de la mer Cantabrique, l'une des r\u00e9gions les plus r\u00e9put\u00e9es pour l'excellence de sa p\u00eache. Apr\u00e8s une s\u00e9lection rigoureuse, les filets sont pr\u00e9par\u00e9s avec soin afin de pr\u00e9server leur texture fondante et leur saveur intense et \u00e9quilibr\u00e9e. L'huile d'olive utilis\u00e9e pour la pr\u00e9paration des conserves sublime subtilement le poisson, lui apportant de la richesse et rehaussant ses nuances naturelles sans l'alourdir ni la masquer.<\/p>\n<p>Cette bo\u00eete de 29 grammes est id\u00e9ale \u00e0 d\u00e9guster \u00e0 tout moment\u00a0: pour une petite pause gourmande, pour compl\u00e9ter un assortiment d\u2019ap\u00e9ritifs ou pour apporter une touche d\u2019originalit\u00e9 \u00e0 une salade ou une tartine. Son format permet de savourer des anchois frais, sans gaspillage, et garantit une fra\u00eecheur optimale.<\/p>\n<p>Ces anchois se distinguent par leur couleur \u00e9clatante, leur fra\u00eecheur et leur pr\u00e9paration soign\u00e9e. Consorcio allie tradition et savoir-faire pour offrir une conserve de qualit\u00e9, con\u00e7ue pour les amateurs de saveurs authentiques et d'artisanat d'exception. Un produit simple, mais plein de caract\u00e8re, qui transforme chaque bouch\u00e9e en un moment privil\u00e9gi\u00e9.<\/p>","protected":false},"excerpt":{"rendered":"<p>Authentiques anchois cantabriques \u00e0 l'huile d'olive de la gamme or de la marque Consorcio. Ces anchois sont pr\u00e9par\u00e9s artisanalement de fa\u00e7on traditionnelle \u00e0 Santo\u00f1a (Cantabrie).<\/p>","protected":false},"featured_media":877,"comment_status":"closed","ping_status":"closed","template":"","meta":[],"product_brand":[87],"product_cat":[76],"product_tag":[],"class_list":{"0":"post-849","1":"product","2":"type-product","3":"status-publish","4":"has-post-thumbnail","6":"product_brand-consorcio","7":"product_cat-conservas-del-mar","9":"first","10":"instock","11":"shipping-taxable","12":"purchasable","13":"product-type-simple"},"yoast_head":"<!-- This site is optimized with the Yoast SEO plugin v27.3 - https:\/\/yoast.com\/product\/yoast-seo-wordpress\/ -->\n<title>Anchoas del Cant\u00e1brico en Aceite de Oliva Consorcio Serie Oro - Iberoo<\/title>\n<meta name=\"description\" content=\"Aut\u00e9nticas anchoas del Cant\u00e1brico en aceite de oliva de la serie oro de la marca Consorcio. Elaboradas a mano de forma tradicional en Santo\u00f1a (Cantabria).\" \/>\n<meta name=\"robots\" content=\"index, follow, max-snippet:-1, max-image-preview:large, max-video-preview:-1\" \/>\n<link rel=\"canonical\" href=\"https:\/\/iberoo.com\/fr\/produit\/anchois-cantabriques-a-lhuile-dolive-consorcio-serie-oro\/\" \/>\n<meta property=\"og:locale\" content=\"fr_FR\" \/>\n<meta property=\"og:type\" content=\"article\" \/>\n<meta property=\"og:title\" content=\"Anchoas del Cant\u00e1brico en Aceite de Oliva Consorcio Serie Oro - Iberoo\" \/>\n<meta property=\"og:description\" content=\"Aut\u00e9nticas anchoas del Cant\u00e1brico en aceite de oliva de la serie oro de la marca Consorcio. Elaboradas a mano de forma tradicional en Santo\u00f1a (Cantabria).\" \/>\n<meta property=\"og:url\" content=\"https:\/\/iberoo.com\/fr\/produit\/anchois-cantabriques-a-lhuile-dolive-consorcio-serie-oro\/\" \/>\n<meta property=\"og:site_name\" content=\"Iberoo\" \/>\n<meta property=\"article:modified_time\" content=\"2026-04-04T20:08:10+00:00\" \/>\n<meta property=\"og:image\" content=\"https:\/\/iberoo.com\/wp-content\/uploads\/2025\/11\/anchoas-cantabrico-aceite-oliva-consorcio-oro-50g-1.jpg\" \/>\n\t<meta property=\"og:image:width\" content=\"1500\" \/>\n\t<meta property=\"og:image:height\" content=\"1500\" \/>\n\t<meta property=\"og:image:type\" content=\"image\/jpeg\" \/>\n<meta name=\"twitter:card\" content=\"summary_large_image\" \/>\n<meta name=\"twitter:label1\" content=\"Prix\" \/>\n\t<meta name=\"twitter:data1\" content=\"6,80&nbsp;&euro;\" \/>\n\t<meta name=\"twitter:label2\" content=\"Disponibilit\u00e9\" \/>\n\t<meta name=\"twitter:data2\" content=\"En stock\" \/>\n<script type=\"application\/ld+json\" class=\"yoast-schema-graph\">{\"@context\":\"https:\\\/\\\/schema.org\",\"@graph\":[{\"@type\":\"WebPage\",\"@id\":\"https:\\\/\\\/iberoo.com\\\/producto\\\/anchoas-del-cantabrico-en-aceite-de-oliva-consorcio-serie-oro\\\/\",\"url\":\"https:\\\/\\\/iberoo.com\\\/producto\\\/anchoas-del-cantabrico-en-aceite-de-oliva-consorcio-serie-oro\\\/\",\"name\":\"Anchoas del Cant\u00e1brico en Aceite de Oliva Consorcio Serie Oro - Iberoo\",\"isPartOf\":{\"@id\":\"https:\\\/\\\/iberoo.com\\\/#website\"},\"primaryImageOfPage\":{\"@id\":\"https:\\\/\\\/iberoo.com\\\/producto\\\/anchoas-del-cantabrico-en-aceite-de-oliva-consorcio-serie-oro\\\/#primaryimage\"},\"image\":{\"@id\":\"https:\\\/\\\/iberoo.com\\\/producto\\\/anchoas-del-cantabrico-en-aceite-de-oliva-consorcio-serie-oro\\\/#primaryimage\"},\"thumbnailUrl\":\"https:\\\/\\\/iberoo.com\\\/wp-content\\\/uploads\\\/2025\\\/11\\\/anchoas-cantabrico-aceite-oliva-consorcio-oro-50g-1.jpg\",\"datePublished\":\"2025-11-14T22:56:19+00:00\",\"dateModified\":\"2026-04-04T20:08:10+00:00\",\"description\":\"Aut\u00e9nticas anchoas del Cant\u00e1brico en aceite de oliva de la serie oro de la marca Consorcio. Elaboradas a mano de forma tradicional en Santo\u00f1a (Cantabria).\",\"breadcrumb\":{\"@id\":\"https:\\\/\\\/iberoo.com\\\/producto\\\/anchoas-del-cantabrico-en-aceite-de-oliva-consorcio-serie-oro\\\/#breadcrumb\"},\"inLanguage\":\"fr-FR\",\"potentialAction\":[{\"@type\":\"ReadAction\",\"target\":[\"https:\\\/\\\/iberoo.com\\\/producto\\\/anchoas-del-cantabrico-en-aceite-de-oliva-consorcio-serie-oro\\\/\"]}]},{\"@type\":\"ImageObject\",\"inLanguage\":\"fr-FR\",\"@id\":\"https:\\\/\\\/iberoo.com\\\/producto\\\/anchoas-del-cantabrico-en-aceite-de-oliva-consorcio-serie-oro\\\/#primaryimage\",\"url\":\"https:\\\/\\\/iberoo.com\\\/wp-content\\\/uploads\\\/2025\\\/11\\\/anchoas-cantabrico-aceite-oliva-consorcio-oro-50g-1.jpg\",\"contentUrl\":\"https:\\\/\\\/iberoo.com\\\/wp-content\\\/uploads\\\/2025\\\/11\\\/anchoas-cantabrico-aceite-oliva-consorcio-oro-50g-1.jpg\",\"width\":1500,\"height\":1500,\"caption\":\"Anchoas del Cant\u00e1brico en Aceite de Oliva Consorcio Serie Oro\"},{\"@type\":\"BreadcrumbList\",\"@id\":\"https:\\\/\\\/iberoo.com\\\/producto\\\/anchoas-del-cantabrico-en-aceite-de-oliva-consorcio-serie-oro\\\/#breadcrumb\",\"itemListElement\":[{\"@type\":\"ListItem\",\"position\":1,\"name\":\"Portada\",\"item\":\"https:\\\/\\\/iberoo.com\\\/\"},{\"@type\":\"ListItem\",\"position\":2,\"name\":\"Tienda Online\",\"item\":\"https:\\\/\\\/iberoo.com\\\/tienda\\\/\"},{\"@type\":\"ListItem\",\"position\":3,\"name\":\"Anchoas del Cant\u00e1brico en Aceite de Oliva Consorcio Serie Oro\"}]},{\"@type\":\"WebSite\",\"@id\":\"https:\\\/\\\/iberoo.com\\\/#website\",\"url\":\"https:\\\/\\\/iberoo.com\\\/\",\"name\":\"Iberoo\",\"description\":\"\",\"publisher\":{\"@id\":\"https:\\\/\\\/iberoo.com\\\/#organization\"},\"potentialAction\":[{\"@type\":\"SearchAction\",\"target\":{\"@type\":\"EntryPoint\",\"urlTemplate\":\"https:\\\/\\\/iberoo.com\\\/?s={search_term_string}\"},\"query-input\":{\"@type\":\"PropertyValueSpecification\",\"valueRequired\":true,\"valueName\":\"search_term_string\"}}],\"inLanguage\":\"fr-FR\"},{\"@type\":\"Organization\",\"@id\":\"https:\\\/\\\/iberoo.com\\\/#organization\",\"name\":\"Iberoo\",\"url\":\"https:\\\/\\\/iberoo.com\\\/\",\"logo\":{\"@type\":\"ImageObject\",\"inLanguage\":\"fr-FR\",\"@id\":\"https:\\\/\\\/iberoo.com\\\/#\\\/schema\\\/logo\\\/image\\\/\",\"url\":\"https:\\\/\\\/iberoo.com\\\/wp-content\\\/uploads\\\/2025\\\/11\\\/logo-cuadrado.jpg\",\"contentUrl\":\"https:\\\/\\\/iberoo.com\\\/wp-content\\\/uploads\\\/2025\\\/11\\\/logo-cuadrado.jpg\",\"width\":700,\"height\":700,\"caption\":\"Iberoo\"},\"image\":{\"@id\":\"https:\\\/\\\/iberoo.com\\\/#\\\/schema\\\/logo\\\/image\\\/\"}}]}<\/script>\n<meta property=\"product:brand\" content=\"Consorcio\" \/>\n<meta property=\"product:price:amount\" content=\"6.80\" \/>\n<meta property=\"product:price:currency\" content=\"EUR\" \/>\n<meta property=\"og:availability\" content=\"instock\" \/>\n<meta property=\"product:availability\" content=\"instock\" \/>\n<meta property=\"product:condition\" content=\"new\" \/>\n<!-- \/ Yoast SEO plugin. -->","yoast_head_json":{"title":"Anchois cantabriques \u00e0 l'huile d'olive Consorcio Serie Oro - Iberoo","description":"Authentiques anchois cantabriques \u00e0 l'huile d'olive de la gamme or de la marque Consorcio. Fabrication artisanale traditionnelle \u00e0 Santo\u00f1a (Cantabrie).","robots":{"index":"index","follow":"follow","max-snippet":"max-snippet:-1","max-image-preview":"max-image-preview:large","max-video-preview":"max-video-preview:-1"},"canonical":"https:\/\/iberoo.com\/fr\/produit\/anchois-cantabriques-a-lhuile-dolive-consorcio-serie-oro\/","og_locale":"fr_FR","og_type":"article","og_title":"Anchoas del Cant\u00e1brico en Aceite de Oliva Consorcio Serie Oro - Iberoo","og_description":"Aut\u00e9nticas anchoas del Cant\u00e1brico en aceite de oliva de la serie oro de la marca Consorcio. Elaboradas a mano de forma tradicional en Santo\u00f1a (Cantabria).","og_url":"https:\/\/iberoo.com\/fr\/produit\/anchois-cantabriques-a-lhuile-dolive-consorcio-serie-oro\/","og_site_name":"Iberoo","article_modified_time":"2026-04-04T20:08:10+00:00","og_image":[{"width":1500,"height":1500,"url":"https:\/\/iberoo.com\/wp-content\/uploads\/2025\/11\/anchoas-cantabrico-aceite-oliva-consorcio-oro-50g-1.jpg","type":"image\/jpeg"}],"twitter_card":"summary_large_image","twitter_misc":{"Prix":"6,80&nbsp;&euro;","Disponibilit\u00e9":"En stock"},"schema":{"@context":"https:\/\/schema.org","@graph":[{"@type":"WebPage","@id":"https:\/\/iberoo.com\/producto\/anchoas-del-cantabrico-en-aceite-de-oliva-consorcio-serie-oro\/","url":"https:\/\/iberoo.com\/producto\/anchoas-del-cantabrico-en-aceite-de-oliva-consorcio-serie-oro\/","name":"Anchois cantabriques \u00e0 l'huile d'olive Consorcio Serie Oro - Iberoo","isPartOf":{"@id":"https:\/\/iberoo.com\/#website"},"primaryImageOfPage":{"@id":"https:\/\/iberoo.com\/producto\/anchoas-del-cantabrico-en-aceite-de-oliva-consorcio-serie-oro\/#primaryimage"},"image":{"@id":"https:\/\/iberoo.com\/producto\/anchoas-del-cantabrico-en-aceite-de-oliva-consorcio-serie-oro\/#primaryimage"},"thumbnailUrl":"https:\/\/iberoo.com\/wp-content\/uploads\/2025\/11\/anchoas-cantabrico-aceite-oliva-consorcio-oro-50g-1.jpg","datePublished":"2025-11-14T22:56:19+00:00","dateModified":"2026-04-04T20:08:10+00:00","description":"Authentiques anchois cantabriques \u00e0 l'huile d'olive de la gamme or de la marque Consorcio. Fabrication artisanale traditionnelle \u00e0 Santo\u00f1a (Cantabrie).","breadcrumb":{"@id":"https:\/\/iberoo.com\/producto\/anchoas-del-cantabrico-en-aceite-de-oliva-consorcio-serie-oro\/#breadcrumb"},"inLanguage":"fr-FR","potentialAction":[{"@type":"ReadAction","target":["https:\/\/iberoo.com\/producto\/anchoas-del-cantabrico-en-aceite-de-oliva-consorcio-serie-oro\/"]}]},{"@type":"ImageObject","inLanguage":"fr-FR","@id":"https:\/\/iberoo.com\/producto\/anchoas-del-cantabrico-en-aceite-de-oliva-consorcio-serie-oro\/#primaryimage","url":"https:\/\/iberoo.com\/wp-content\/uploads\/2025\/11\/anchoas-cantabrico-aceite-oliva-consorcio-oro-50g-1.jpg","contentUrl":"https:\/\/iberoo.com\/wp-content\/uploads\/2025\/11\/anchoas-cantabrico-aceite-oliva-consorcio-oro-50g-1.jpg","width":1500,"height":1500,"caption":"Anchoas del Cant\u00e1brico en Aceite de Oliva Consorcio Serie Oro"},{"@type":"BreadcrumbList","@id":"https:\/\/iberoo.com\/producto\/anchoas-del-cantabrico-en-aceite-de-oliva-consorcio-serie-oro\/#breadcrumb","itemListElement":[{"@type":"ListItem","position":1,"name":"Portada","item":"https:\/\/iberoo.com\/"},{"@type":"ListItem","position":2,"name":"Tienda Online","item":"https:\/\/iberoo.com\/tienda\/"},{"@type":"ListItem","position":3,"name":"Anchoas del Cant\u00e1brico en Aceite de Oliva Consorcio Serie Oro"}]},{"@type":"WebSite","@id":"https:\/\/iberoo.com\/#website","url":"https:\/\/iberoo.com\/","name":"Iberoo","description":"","publisher":{"@id":"https:\/\/iberoo.com\/#organization"},"potentialAction":[{"@type":"SearchAction","target":{"@type":"EntryPoint","urlTemplate":"https:\/\/iberoo.com\/?s={search_term_string}"},"query-input":{"@type":"PropertyValueSpecification","valueRequired":true,"valueName":"search_term_string"}}],"inLanguage":"fr-FR"},{"@type":"Organization","@id":"https:\/\/iberoo.com\/#organization","name":"Iberoo","url":"https:\/\/iberoo.com\/","logo":{"@type":"ImageObject","inLanguage":"fr-FR","@id":"https:\/\/iberoo.com\/#\/schema\/logo\/image\/","url":"https:\/\/iberoo.com\/wp-content\/uploads\/2025\/11\/logo-cuadrado.jpg","contentUrl":"https:\/\/iberoo.com\/wp-content\/uploads\/2025\/11\/logo-cuadrado.jpg","width":700,"height":700,"caption":"Iberoo"},"image":{"@id":"https:\/\/iberoo.com\/#\/schema\/logo\/image\/"}}]},"product_brand":"Consorcio","product_price_amount":"6.80","product_price_currency":"EUR","og_availability":"instock","product_availability":"instock","product_condition":"new"},"_links":{"self":[{"href":"https:\/\/iberoo.com\/fr\/wp-json\/wp\/v2\/product\/849","targetHints":{"allow":["GET"]}}],"collection":[{"href":"https:\/\/iberoo.com\/fr\/wp-json\/wp\/v2\/product"}],"about":[{"href":"https:\/\/iberoo.com\/fr\/wp-json\/wp\/v2\/types\/product"}],"replies":[{"embeddable":true,"href":"https:\/\/iberoo.com\/fr\/wp-json\/wp\/v2\/comments?post=849"}],"wp:featuredmedia":[{"embeddable":true,"href":"https:\/\/iberoo.com\/fr\/wp-json\/wp\/v2\/media\/877"}],"wp:attachment":[{"href":"https:\/\/iberoo.com\/fr\/wp-json\/wp\/v2\/media?parent=849"}],"wp:term":[{"taxonomy":"product_brand","embeddable":true,"href":"https:\/\/iberoo.com\/fr\/wp-json\/wp\/v2\/product_brand?post=849"},{"taxonomy":"product_cat","embeddable":true,"href":"https:\/\/iberoo.com\/fr\/wp-json\/wp\/v2\/product_cat?post=849"},{"taxonomy":"product_tag","embeddable":true,"href":"https:\/\/iberoo.com\/fr\/wp-json\/wp\/v2\/product_tag?post=849"}],"curies":[{"name":"wp","href":"https:\/\/api.w.org\/{rel}","templated":true}]}}