{"id":851,"date":"2025-11-14T23:56:19","date_gmt":"2025-11-14T22:56:19","guid":{"rendered":"https:\/\/iberoo.com\/?post_type=product&#038;p=851"},"modified":"2026-04-04T22:08:45","modified_gmt":"2026-04-04T20:08:45","slug":"chipirones-en-su-tinta-albo","status":"publish","type":"product","link":"https:\/\/iberoo.com\/fr\/produit\/chipirones-en-su-tinta-albo\/","title":{"rendered":"B\u00e9b\u00e9 calmar dans son encre"},"content":{"rendered":"<div>Les calamars \u00e0 l'encre Albo sont un v\u00e9ritable joyau de la gastronomie marine\u00a0: d\u00e8s l'ouverture de la bo\u00eete, vous \u00eates transport\u00e9 au c\u0153ur de la M\u00e9diterran\u00e9e. Forts de la qualit\u00e9 qui caract\u00e9rise Albo, une marque riche de plus de 70\u00a0ans d'exp\u00e9rience dans le monde des conserves, ces calamars sont pr\u00e9sent\u00e9s dans leur encre naturelle, pr\u00e9servant ainsi toute la saveur et la fra\u00eecheur de la mer.<\/div>\n<div><\/div>\n<div>Chaque calamar est soigneusement s\u00e9lectionn\u00e9 pour que seuls les meilleurs arrivent sur votre table. La pr\u00e9paration est enti\u00e8rement artisanale, garantissant une explosion de saveurs \u00e0 chaque bouch\u00e9e, gr\u00e2ce \u00e0 la tendret\u00e9 de la chair et \u00e0 la saveur intense de l'encre. Riche en nutriments et en ar\u00f4mes, l'encre de seiche enrobe ces petits d\u00e9lices marins, cr\u00e9ant une sauce savoureuse et onctueuse, id\u00e9ale pour accompagner le riz, les p\u00e2tes ou simplement une bonne tranche de pain.<\/div>\n<div><\/div>\n<div>En plus d'\u00eatre d\u00e9licieux, les calamars Albo \u00e0 l'encre sont une option saine, riches en prot\u00e9ines de haute qualit\u00e9, pauvres en mati\u00e8res grasses et excellentes sources de min\u00e9raux comme le fer. Id\u00e9aux pour tous les repas, du d\u00e9jeuner rapide au d\u00eener raffin\u00e9, ces petits calamars sont parfaits pour ceux qui recherchent une exp\u00e9rience gastronomique avec la praticit\u00e9 d'un produit pr\u00eat \u00e0 servir.<\/div>\n<div><\/div>\n<div>Que ce soit en plat principal, en tapas ou en accompagnement, les calamars Albo \u00e0 l'encre sont parfaits pour les amateurs de fruits de mer en qu\u00eate de qualit\u00e9 et de saveurs authentiques, sans chichis. Avec Albo, savourez le meilleur de la mer, en toute confiance gr\u00e2ce \u00e0 une marque leader sur le march\u00e9.<\/div>\n<div><\/div>\n<div>Transformez vos plats en une exp\u00e9rience unique avec le calamar Albo \u00e0 l'encre !<\/div>","protected":false},"excerpt":{"rendered":"<p>Calamars farcis \u00e0 l'encre de Chine, de la marque Albo, en bo\u00eete de 72 g avec couvercle facile \u00e0 ouvrir. Un produit exquis, gage de qualit\u00e9 Albo.<\/p>","protected":false},"featured_media":879,"comment_status":"closed","ping_status":"closed","template":"","meta":[],"product_brand":[88],"product_cat":[76],"product_tag":[],"class_list":{"0":"post-851","1":"product","2":"type-product","3":"status-publish","4":"has-post-thumbnail","6":"product_brand-albo","7":"product_cat-conservas-del-mar","9":"first","10":"instock","11":"shipping-taxable","12":"purchasable","13":"product-type-simple"},"yoast_head":"<!-- This site is optimized with the Yoast SEO plugin v27.3 - https:\/\/yoast.com\/product\/yoast-seo-wordpress\/ -->\n<title>Chipirones en su Tinta Albo - Iberoo<\/title>\n<meta name=\"description\" content=\"Chipirones rellenos en su tinta de la marca Albo en lata de 72g con abref\u00e1cil. Exquisitos y con la garant\u00eda de calidad de la marca Albo.\" \/>\n<meta name=\"robots\" content=\"index, follow, max-snippet:-1, max-image-preview:large, max-video-preview:-1\" \/>\n<link rel=\"canonical\" href=\"https:\/\/iberoo.com\/fr\/produit\/chipirones-en-su-tinta-albo\/\" \/>\n<meta property=\"og:locale\" content=\"fr_FR\" \/>\n<meta property=\"og:type\" content=\"article\" \/>\n<meta property=\"og:title\" content=\"Chipirones en su Tinta Albo - Iberoo\" \/>\n<meta property=\"og:description\" content=\"Chipirones rellenos en su tinta de la marca Albo en lata de 72g con abref\u00e1cil. Exquisitos y con la garant\u00eda de calidad de la marca Albo.\" \/>\n<meta property=\"og:url\" content=\"https:\/\/iberoo.com\/fr\/produit\/chipirones-en-su-tinta-albo\/\" \/>\n<meta property=\"og:site_name\" content=\"Iberoo\" \/>\n<meta property=\"article:modified_time\" content=\"2026-04-04T20:08:45+00:00\" \/>\n<meta property=\"og:image\" content=\"https:\/\/iberoo.com\/wp-content\/uploads\/2025\/11\/chipirones-rellenos-tinta-albo-1.jpg\" \/>\n\t<meta property=\"og:image:width\" content=\"1500\" \/>\n\t<meta property=\"og:image:height\" content=\"1499\" \/>\n\t<meta property=\"og:image:type\" content=\"image\/jpeg\" \/>\n<meta name=\"twitter:card\" content=\"summary_large_image\" \/>\n<meta name=\"twitter:label1\" content=\"Prix\" \/>\n\t<meta name=\"twitter:data1\" content=\"8,65&nbsp;&euro;\" \/>\n\t<meta name=\"twitter:label2\" content=\"Disponibilit\u00e9\" \/>\n\t<meta name=\"twitter:data2\" content=\"En stock\" \/>\n<script type=\"application\/ld+json\" class=\"yoast-schema-graph\">{\"@context\":\"https:\\\/\\\/schema.org\",\"@graph\":[{\"@type\":\"WebPage\",\"@id\":\"https:\\\/\\\/iberoo.com\\\/producto\\\/chipirones-en-su-tinta-albo\\\/\",\"url\":\"https:\\\/\\\/iberoo.com\\\/producto\\\/chipirones-en-su-tinta-albo\\\/\",\"name\":\"Chipirones en su Tinta Albo - Iberoo\",\"isPartOf\":{\"@id\":\"https:\\\/\\\/iberoo.com\\\/#website\"},\"primaryImageOfPage\":{\"@id\":\"https:\\\/\\\/iberoo.com\\\/producto\\\/chipirones-en-su-tinta-albo\\\/#primaryimage\"},\"image\":{\"@id\":\"https:\\\/\\\/iberoo.com\\\/producto\\\/chipirones-en-su-tinta-albo\\\/#primaryimage\"},\"thumbnailUrl\":\"https:\\\/\\\/iberoo.com\\\/wp-content\\\/uploads\\\/2025\\\/11\\\/chipirones-rellenos-tinta-albo-1.jpg\",\"datePublished\":\"2025-11-14T22:56:19+00:00\",\"dateModified\":\"2026-04-04T20:08:45+00:00\",\"description\":\"Chipirones rellenos en su tinta de la marca Albo en lata de 72g con abref\u00e1cil. Exquisitos y con la garant\u00eda de calidad de la marca Albo.\",\"breadcrumb\":{\"@id\":\"https:\\\/\\\/iberoo.com\\\/producto\\\/chipirones-en-su-tinta-albo\\\/#breadcrumb\"},\"inLanguage\":\"fr-FR\",\"potentialAction\":[{\"@type\":\"ReadAction\",\"target\":[\"https:\\\/\\\/iberoo.com\\\/producto\\\/chipirones-en-su-tinta-albo\\\/\"]}]},{\"@type\":\"ImageObject\",\"inLanguage\":\"fr-FR\",\"@id\":\"https:\\\/\\\/iberoo.com\\\/producto\\\/chipirones-en-su-tinta-albo\\\/#primaryimage\",\"url\":\"https:\\\/\\\/iberoo.com\\\/wp-content\\\/uploads\\\/2025\\\/11\\\/chipirones-rellenos-tinta-albo-1.jpg\",\"contentUrl\":\"https:\\\/\\\/iberoo.com\\\/wp-content\\\/uploads\\\/2025\\\/11\\\/chipirones-rellenos-tinta-albo-1.jpg\",\"width\":1500,\"height\":1499,\"caption\":\"Chipirones en su Tinta Albo\"},{\"@type\":\"BreadcrumbList\",\"@id\":\"https:\\\/\\\/iberoo.com\\\/producto\\\/chipirones-en-su-tinta-albo\\\/#breadcrumb\",\"itemListElement\":[{\"@type\":\"ListItem\",\"position\":1,\"name\":\"Portada\",\"item\":\"https:\\\/\\\/iberoo.com\\\/\"},{\"@type\":\"ListItem\",\"position\":2,\"name\":\"Tienda Online\",\"item\":\"https:\\\/\\\/iberoo.com\\\/tienda\\\/\"},{\"@type\":\"ListItem\",\"position\":3,\"name\":\"Chipirones en su Tinta Albo\"}]},{\"@type\":\"WebSite\",\"@id\":\"https:\\\/\\\/iberoo.com\\\/#website\",\"url\":\"https:\\\/\\\/iberoo.com\\\/\",\"name\":\"Iberoo\",\"description\":\"\",\"publisher\":{\"@id\":\"https:\\\/\\\/iberoo.com\\\/#organization\"},\"potentialAction\":[{\"@type\":\"SearchAction\",\"target\":{\"@type\":\"EntryPoint\",\"urlTemplate\":\"https:\\\/\\\/iberoo.com\\\/?s={search_term_string}\"},\"query-input\":{\"@type\":\"PropertyValueSpecification\",\"valueRequired\":true,\"valueName\":\"search_term_string\"}}],\"inLanguage\":\"fr-FR\"},{\"@type\":\"Organization\",\"@id\":\"https:\\\/\\\/iberoo.com\\\/#organization\",\"name\":\"Iberoo\",\"url\":\"https:\\\/\\\/iberoo.com\\\/\",\"logo\":{\"@type\":\"ImageObject\",\"inLanguage\":\"fr-FR\",\"@id\":\"https:\\\/\\\/iberoo.com\\\/#\\\/schema\\\/logo\\\/image\\\/\",\"url\":\"https:\\\/\\\/iberoo.com\\\/wp-content\\\/uploads\\\/2025\\\/11\\\/logo-cuadrado.jpg\",\"contentUrl\":\"https:\\\/\\\/iberoo.com\\\/wp-content\\\/uploads\\\/2025\\\/11\\\/logo-cuadrado.jpg\",\"width\":700,\"height\":700,\"caption\":\"Iberoo\"},\"image\":{\"@id\":\"https:\\\/\\\/iberoo.com\\\/#\\\/schema\\\/logo\\\/image\\\/\"}}]}<\/script>\n<meta property=\"product:brand\" content=\"Albo\" \/>\n<meta property=\"product:price:amount\" content=\"8.65\" \/>\n<meta property=\"product:price:currency\" content=\"EUR\" \/>\n<meta property=\"og:availability\" content=\"instock\" \/>\n<meta property=\"product:availability\" content=\"instock\" \/>\n<meta property=\"product:condition\" content=\"new\" \/>\n<!-- \/ Yoast SEO plugin. -->","yoast_head_json":{"title":"Chipirones en su Tinta Albo - Iberoo","description":"Calamars farcis \u00e0 l'encre de Chine, de la marque Albo, en bo\u00eete de 72 g avec couvercle facile \u00e0 ouvrir. Un produit exquis, gage de qualit\u00e9 Albo.","robots":{"index":"index","follow":"follow","max-snippet":"max-snippet:-1","max-image-preview":"max-image-preview:large","max-video-preview":"max-video-preview:-1"},"canonical":"https:\/\/iberoo.com\/fr\/produit\/chipirones-en-su-tinta-albo\/","og_locale":"fr_FR","og_type":"article","og_title":"Chipirones en su Tinta Albo - Iberoo","og_description":"Chipirones rellenos en su tinta de la marca Albo en lata de 72g con abref\u00e1cil. Exquisitos y con la garant\u00eda de calidad de la marca Albo.","og_url":"https:\/\/iberoo.com\/fr\/produit\/chipirones-en-su-tinta-albo\/","og_site_name":"Iberoo","article_modified_time":"2026-04-04T20:08:45+00:00","og_image":[{"width":1500,"height":1499,"url":"https:\/\/iberoo.com\/wp-content\/uploads\/2025\/11\/chipirones-rellenos-tinta-albo-1.jpg","type":"image\/jpeg"}],"twitter_card":"summary_large_image","twitter_misc":{"Prix":"8,65&nbsp;&euro;","Disponibilit\u00e9":"En stock"},"schema":{"@context":"https:\/\/schema.org","@graph":[{"@type":"WebPage","@id":"https:\/\/iberoo.com\/producto\/chipirones-en-su-tinta-albo\/","url":"https:\/\/iberoo.com\/producto\/chipirones-en-su-tinta-albo\/","name":"Chipirones en su Tinta Albo - Iberoo","isPartOf":{"@id":"https:\/\/iberoo.com\/#website"},"primaryImageOfPage":{"@id":"https:\/\/iberoo.com\/producto\/chipirones-en-su-tinta-albo\/#primaryimage"},"image":{"@id":"https:\/\/iberoo.com\/producto\/chipirones-en-su-tinta-albo\/#primaryimage"},"thumbnailUrl":"https:\/\/iberoo.com\/wp-content\/uploads\/2025\/11\/chipirones-rellenos-tinta-albo-1.jpg","datePublished":"2025-11-14T22:56:19+00:00","dateModified":"2026-04-04T20:08:45+00:00","description":"Calamars farcis \u00e0 l'encre de Chine, de la marque Albo, en bo\u00eete de 72 g avec couvercle facile \u00e0 ouvrir. Un produit exquis, gage de qualit\u00e9 Albo.","breadcrumb":{"@id":"https:\/\/iberoo.com\/producto\/chipirones-en-su-tinta-albo\/#breadcrumb"},"inLanguage":"fr-FR","potentialAction":[{"@type":"ReadAction","target":["https:\/\/iberoo.com\/producto\/chipirones-en-su-tinta-albo\/"]}]},{"@type":"ImageObject","inLanguage":"fr-FR","@id":"https:\/\/iberoo.com\/producto\/chipirones-en-su-tinta-albo\/#primaryimage","url":"https:\/\/iberoo.com\/wp-content\/uploads\/2025\/11\/chipirones-rellenos-tinta-albo-1.jpg","contentUrl":"https:\/\/iberoo.com\/wp-content\/uploads\/2025\/11\/chipirones-rellenos-tinta-albo-1.jpg","width":1500,"height":1499,"caption":"Chipirones en su Tinta Albo"},{"@type":"BreadcrumbList","@id":"https:\/\/iberoo.com\/producto\/chipirones-en-su-tinta-albo\/#breadcrumb","itemListElement":[{"@type":"ListItem","position":1,"name":"Portada","item":"https:\/\/iberoo.com\/"},{"@type":"ListItem","position":2,"name":"Tienda Online","item":"https:\/\/iberoo.com\/tienda\/"},{"@type":"ListItem","position":3,"name":"Chipirones en su Tinta Albo"}]},{"@type":"WebSite","@id":"https:\/\/iberoo.com\/#website","url":"https:\/\/iberoo.com\/","name":"Iberoo","description":"","publisher":{"@id":"https:\/\/iberoo.com\/#organization"},"potentialAction":[{"@type":"SearchAction","target":{"@type":"EntryPoint","urlTemplate":"https:\/\/iberoo.com\/?s={search_term_string}"},"query-input":{"@type":"PropertyValueSpecification","valueRequired":true,"valueName":"search_term_string"}}],"inLanguage":"fr-FR"},{"@type":"Organization","@id":"https:\/\/iberoo.com\/#organization","name":"Iberoo","url":"https:\/\/iberoo.com\/","logo":{"@type":"ImageObject","inLanguage":"fr-FR","@id":"https:\/\/iberoo.com\/#\/schema\/logo\/image\/","url":"https:\/\/iberoo.com\/wp-content\/uploads\/2025\/11\/logo-cuadrado.jpg","contentUrl":"https:\/\/iberoo.com\/wp-content\/uploads\/2025\/11\/logo-cuadrado.jpg","width":700,"height":700,"caption":"Iberoo"},"image":{"@id":"https:\/\/iberoo.com\/#\/schema\/logo\/image\/"}}]},"product_brand":"Albo","product_price_amount":"8.65","product_price_currency":"EUR","og_availability":"instock","product_availability":"instock","product_condition":"new"},"_links":{"self":[{"href":"https:\/\/iberoo.com\/fr\/wp-json\/wp\/v2\/product\/851","targetHints":{"allow":["GET"]}}],"collection":[{"href":"https:\/\/iberoo.com\/fr\/wp-json\/wp\/v2\/product"}],"about":[{"href":"https:\/\/iberoo.com\/fr\/wp-json\/wp\/v2\/types\/product"}],"replies":[{"embeddable":true,"href":"https:\/\/iberoo.com\/fr\/wp-json\/wp\/v2\/comments?post=851"}],"wp:featuredmedia":[{"embeddable":true,"href":"https:\/\/iberoo.com\/fr\/wp-json\/wp\/v2\/media\/879"}],"wp:attachment":[{"href":"https:\/\/iberoo.com\/fr\/wp-json\/wp\/v2\/media?parent=851"}],"wp:term":[{"taxonomy":"product_brand","embeddable":true,"href":"https:\/\/iberoo.com\/fr\/wp-json\/wp\/v2\/product_brand?post=851"},{"taxonomy":"product_cat","embeddable":true,"href":"https:\/\/iberoo.com\/fr\/wp-json\/wp\/v2\/product_cat?post=851"},{"taxonomy":"product_tag","embeddable":true,"href":"https:\/\/iberoo.com\/fr\/wp-json\/wp\/v2\/product_tag?post=851"}],"curies":[{"name":"wp","href":"https:\/\/api.w.org\/{rel}","templated":true}]}}