{"id":888,"date":"2025-11-14T23:56:42","date_gmt":"2025-11-14T22:56:42","guid":{"rendered":"https:\/\/iberoo.com\/?post_type=product&#038;p=888"},"modified":"2025-12-20T03:30:09","modified_gmt":"2025-12-20T02:30:09","slug":"filet-de-porc-a-la-sauce-a-lail-avec-pommes-de-terre-roties-carretilla-250g","status":"publish","type":"product","link":"https:\/\/iberoo.com\/fr\/produit\/filet-de-porc-a-la-sauce-a-lail-avec-pommes-de-terre-roties-carretilla-250g\/","title":{"rendered":"Filet de porc \u00e0 la sauce \u00e0 l'ail avec pommes de terre r\u00f4ties Carretilla 250g"},"content":{"rendered":"<p>Le filet de porc \u00e0 l'ail de Carretilla, accompagn\u00e9 de pommes de terre r\u00f4ties, est la combinaison parfaite de saveur et de praticit\u00e9, id\u00e9ale pour ceux qui recherchent un repas d\u00e9licieux et r\u00e9confortant sans tracas. Cette recette traditionnelle, pr\u00e9par\u00e9e avec soin et des ingr\u00e9dients de premi\u00e8re qualit\u00e9, offre toute la saveur d'un filet de porc tendre, relev\u00e9 d'une touche aromatique d'ail et accompagn\u00e9 de pommes de terre r\u00f4ties dor\u00e9es et croustillantes, un accompagnement id\u00e9al.<\/p>\n<p>Le filet de porc, juteux et savoureux, mijote dans une riche sauce \u00e0 l'ail qui lui conf\u00e8re une saveur intense. Les pommes de terre, cuites lentement, deviennent croustillantes \u00e0 l'ext\u00e9rieur et fondantes \u00e0 l'int\u00e9rieur, s'impr\u00e9gnant des ar\u00f4mes et du jus du filet pour faire de chaque bouch\u00e9e un pur d\u00e9lice. Cette recette, simple mais pleine de saveurs, est id\u00e9ale pour ceux qui recherchent un repas complet et nutritif, pr\u00eat en un rien de temps.<\/p>\n<p>Avec le filet de porc \u00e0 l'ail et pommes de terre r\u00f4ties de Carretilla, il vous suffit de le r\u00e9chauffer et de vous r\u00e9galer. En quelques minutes seulement, vous aurez un plat savoureux sur votre table, id\u00e9al pour un repas rapide en semaine ou pour surprendre vos proches en toute occasion. C'est le choix id\u00e9al lorsque vous manquez de temps mais que vous ne voulez pas faire de compromis sur un d\u00e9licieux repas fait maison.<\/p>\n<p>En plus d'\u00eatre incroyablement savoureux, ce plat est aussi nutritif. Le filet de porc est une excellente source de prot\u00e9ines de haute qualit\u00e9, tandis que les pommes de terre r\u00f4ties apportent des fibres et des glucides sains, cr\u00e9ant ainsi un plat \u00e9quilibr\u00e9 qui ravira autant le corps que les papilles.<\/p>\n<p>Avec la qualit\u00e9 et le savoir-faire de Carretilla, chaque plat est con\u00e7u pour vous offrir l'exp\u00e9rience d'un repas fait maison sans passer des heures en cuisine. Le Lomo al Ajillo con Patatas Asadas (longe de porc \u00e0 l'ail et pommes de terre r\u00f4ties) de Carretilla est la fa\u00e7on la plus simple de savourer une recette espagnole classique, riche en saveurs, en fra\u00eecheur et en tradition.<\/p>\n<p>Ingr\u00e9dients : Longe de porc 27 %, f\u00e9cule de pomme de terre, sel, prot\u00e9ines de soja, sucre, \u00e9pices, stabilisant (E-451), \u00e9paississants (E-407, E-410, E-415) et antioxydant (E-316), pommes de terre r\u00f4ties (40 %), oignon, eau, huile d'olive, vin blanc, ail (1,3 %), huile de tournesol, persil, sel et l\u00e9cithine de soja.<\/p>\n<p>Allerg\u00e8nes : Peut contenir des traces de : crustac\u00e9s, \u0153ufs, poissons, lait et d\u00e9riv\u00e9s, c\u00e9leri, moutarde et mollusques.<\/p>","protected":false},"excerpt":{"rendered":"<p>Filet de porc \u00e0 l'ail et pommes de terre r\u00f4ties de la marque Carretilla. Pr\u00eat \u00e0 d\u00e9guster, il suffit de le r\u00e9chauffer au micro-ondes ou \u00e0 la po\u00eale.<\/p>","protected":false},"featured_media":918,"comment_status":"closed","ping_status":"closed","template":"","meta":[],"product_brand":[92],"product_cat":[70],"product_tag":[],"class_list":{"0":"post-888","1":"product","2":"type-product","3":"status-publish","4":"has-post-thumbnail","6":"product_brand-carretilla","7":"product_cat-platos-cocinados","9":"first","10":"instock","11":"shipping-taxable","12":"purchasable","13":"product-type-simple"},"yoast_head":"<!-- This site is optimized with the Yoast SEO plugin v27.3 - https:\/\/yoast.com\/product\/yoast-seo-wordpress\/ -->\n<title>Lomo al Ajillo con Patatas Asadas Carretilla 250g - Iberoo<\/title>\n<meta name=\"description\" content=\"Lomo al ajillo con patatas asadas de la marca Carretilla. Plato listo para comer, simplemente hay que calentar en el microondas o en la sart\u00e9n.\" \/>\n<meta name=\"robots\" content=\"index, follow, max-snippet:-1, max-image-preview:large, max-video-preview:-1\" \/>\n<link rel=\"canonical\" href=\"https:\/\/iberoo.com\/fr\/produit\/filet-de-porc-a-la-sauce-a-lail-avec-pommes-de-terre-roties-carretilla-250g\/\" \/>\n<meta property=\"og:locale\" content=\"fr_FR\" \/>\n<meta property=\"og:type\" content=\"article\" \/>\n<meta property=\"og:title\" content=\"Lomo al Ajillo con Patatas Asadas Carretilla 250g - Iberoo\" \/>\n<meta property=\"og:description\" content=\"Lomo al ajillo con patatas asadas de la marca Carretilla. Plato listo para comer, simplemente hay que calentar en el microondas o en la sart\u00e9n.\" \/>\n<meta property=\"og:url\" content=\"https:\/\/iberoo.com\/fr\/produit\/filet-de-porc-a-la-sauce-a-lail-avec-pommes-de-terre-roties-carretilla-250g\/\" \/>\n<meta property=\"og:site_name\" content=\"Iberoo\" \/>\n<meta property=\"article:modified_time\" content=\"2025-12-20T02:30:09+00:00\" \/>\n<meta property=\"og:image\" content=\"https:\/\/iberoo.com\/wp-content\/uploads\/2025\/11\/lomo-ajillo-carretilla-1.jpg\" \/>\n\t<meta property=\"og:image:width\" content=\"1500\" \/>\n\t<meta property=\"og:image:height\" content=\"1500\" \/>\n\t<meta property=\"og:image:type\" content=\"image\/jpeg\" \/>\n<meta name=\"twitter:card\" content=\"summary_large_image\" \/>\n<meta name=\"twitter:label1\" content=\"Prix\" \/>\n\t<meta name=\"twitter:data1\" content=\"6,95&nbsp;&euro;\" \/>\n\t<meta name=\"twitter:label2\" content=\"Disponibilit\u00e9\" \/>\n\t<meta name=\"twitter:data2\" content=\"En stock\" \/>\n<script type=\"application\/ld+json\" class=\"yoast-schema-graph\">{\"@context\":\"https:\\\/\\\/schema.org\",\"@graph\":[{\"@type\":\"WebPage\",\"@id\":\"https:\\\/\\\/iberoo.com\\\/producto\\\/lomo-al-ajillo-con-patatas-asadas-carretilla-250g\\\/\",\"url\":\"https:\\\/\\\/iberoo.com\\\/producto\\\/lomo-al-ajillo-con-patatas-asadas-carretilla-250g\\\/\",\"name\":\"Lomo al Ajillo con Patatas Asadas Carretilla 250g - Iberoo\",\"isPartOf\":{\"@id\":\"https:\\\/\\\/iberoo.com\\\/#website\"},\"primaryImageOfPage\":{\"@id\":\"https:\\\/\\\/iberoo.com\\\/producto\\\/lomo-al-ajillo-con-patatas-asadas-carretilla-250g\\\/#primaryimage\"},\"image\":{\"@id\":\"https:\\\/\\\/iberoo.com\\\/producto\\\/lomo-al-ajillo-con-patatas-asadas-carretilla-250g\\\/#primaryimage\"},\"thumbnailUrl\":\"https:\\\/\\\/iberoo.com\\\/wp-content\\\/uploads\\\/2025\\\/11\\\/lomo-ajillo-carretilla-1.jpg\",\"datePublished\":\"2025-11-14T22:56:42+00:00\",\"dateModified\":\"2025-12-20T02:30:09+00:00\",\"description\":\"Lomo al ajillo con patatas asadas de la marca Carretilla. Plato listo para comer, simplemente hay que calentar en el microondas o en la sart\u00e9n.\",\"breadcrumb\":{\"@id\":\"https:\\\/\\\/iberoo.com\\\/producto\\\/lomo-al-ajillo-con-patatas-asadas-carretilla-250g\\\/#breadcrumb\"},\"inLanguage\":\"fr-FR\",\"potentialAction\":[{\"@type\":\"ReadAction\",\"target\":[\"https:\\\/\\\/iberoo.com\\\/producto\\\/lomo-al-ajillo-con-patatas-asadas-carretilla-250g\\\/\"]}]},{\"@type\":\"ImageObject\",\"inLanguage\":\"fr-FR\",\"@id\":\"https:\\\/\\\/iberoo.com\\\/producto\\\/lomo-al-ajillo-con-patatas-asadas-carretilla-250g\\\/#primaryimage\",\"url\":\"https:\\\/\\\/iberoo.com\\\/wp-content\\\/uploads\\\/2025\\\/11\\\/lomo-ajillo-carretilla-1.jpg\",\"contentUrl\":\"https:\\\/\\\/iberoo.com\\\/wp-content\\\/uploads\\\/2025\\\/11\\\/lomo-ajillo-carretilla-1.jpg\",\"width\":1500,\"height\":1500,\"caption\":\"Lomo al Ajillo con Patatas Asadas Carretilla\"},{\"@type\":\"BreadcrumbList\",\"@id\":\"https:\\\/\\\/iberoo.com\\\/producto\\\/lomo-al-ajillo-con-patatas-asadas-carretilla-250g\\\/#breadcrumb\",\"itemListElement\":[{\"@type\":\"ListItem\",\"position\":1,\"name\":\"Portada\",\"item\":\"https:\\\/\\\/iberoo.com\\\/\"},{\"@type\":\"ListItem\",\"position\":2,\"name\":\"Tienda Online\",\"item\":\"https:\\\/\\\/iberoo.com\\\/tienda\\\/\"},{\"@type\":\"ListItem\",\"position\":3,\"name\":\"Lomo al Ajillo con Patatas Asadas Carretilla 250g\"}]},{\"@type\":\"WebSite\",\"@id\":\"https:\\\/\\\/iberoo.com\\\/#website\",\"url\":\"https:\\\/\\\/iberoo.com\\\/\",\"name\":\"Iberoo\",\"description\":\"\",\"publisher\":{\"@id\":\"https:\\\/\\\/iberoo.com\\\/#organization\"},\"potentialAction\":[{\"@type\":\"SearchAction\",\"target\":{\"@type\":\"EntryPoint\",\"urlTemplate\":\"https:\\\/\\\/iberoo.com\\\/?s={search_term_string}\"},\"query-input\":{\"@type\":\"PropertyValueSpecification\",\"valueRequired\":true,\"valueName\":\"search_term_string\"}}],\"inLanguage\":\"fr-FR\"},{\"@type\":\"Organization\",\"@id\":\"https:\\\/\\\/iberoo.com\\\/#organization\",\"name\":\"Iberoo\",\"url\":\"https:\\\/\\\/iberoo.com\\\/\",\"logo\":{\"@type\":\"ImageObject\",\"inLanguage\":\"fr-FR\",\"@id\":\"https:\\\/\\\/iberoo.com\\\/#\\\/schema\\\/logo\\\/image\\\/\",\"url\":\"https:\\\/\\\/iberoo.com\\\/wp-content\\\/uploads\\\/2025\\\/11\\\/logo-cuadrado.jpg\",\"contentUrl\":\"https:\\\/\\\/iberoo.com\\\/wp-content\\\/uploads\\\/2025\\\/11\\\/logo-cuadrado.jpg\",\"width\":700,\"height\":700,\"caption\":\"Iberoo\"},\"image\":{\"@id\":\"https:\\\/\\\/iberoo.com\\\/#\\\/schema\\\/logo\\\/image\\\/\"}}]}<\/script>\n<meta property=\"product:brand\" content=\"Carretilla\" \/>\n<meta property=\"product:price:amount\" content=\"6.95\" \/>\n<meta property=\"product:price:currency\" content=\"EUR\" \/>\n<meta property=\"og:availability\" content=\"instock\" \/>\n<meta property=\"product:availability\" content=\"instock\" \/>\n<meta property=\"product:condition\" content=\"new\" \/>\n<!-- \/ Yoast SEO plugin. -->","yoast_head_json":{"title":"Filet de porc \u00e0 la sauce \u00e0 l'ail avec pommes de terre r\u00f4ties Carretilla 250g - Iberoo","description":"Filet de porc \u00e0 l'ail et pommes de terre r\u00f4ties de la marque Carretilla. Pr\u00eat \u00e0 d\u00e9guster, il suffit de le r\u00e9chauffer au micro-ondes ou \u00e0 la po\u00eale.","robots":{"index":"index","follow":"follow","max-snippet":"max-snippet:-1","max-image-preview":"max-image-preview:large","max-video-preview":"max-video-preview:-1"},"canonical":"https:\/\/iberoo.com\/fr\/produit\/filet-de-porc-a-la-sauce-a-lail-avec-pommes-de-terre-roties-carretilla-250g\/","og_locale":"fr_FR","og_type":"article","og_title":"Lomo al Ajillo con Patatas Asadas Carretilla 250g - Iberoo","og_description":"Lomo al ajillo con patatas asadas de la marca Carretilla. Plato listo para comer, simplemente hay que calentar en el microondas o en la sart\u00e9n.","og_url":"https:\/\/iberoo.com\/fr\/produit\/filet-de-porc-a-la-sauce-a-lail-avec-pommes-de-terre-roties-carretilla-250g\/","og_site_name":"Iberoo","article_modified_time":"2025-12-20T02:30:09+00:00","og_image":[{"width":1500,"height":1500,"url":"https:\/\/iberoo.com\/wp-content\/uploads\/2025\/11\/lomo-ajillo-carretilla-1.jpg","type":"image\/jpeg"}],"twitter_card":"summary_large_image","twitter_misc":{"Prix":"6,95&nbsp;&euro;","Disponibilit\u00e9":"En stock"},"schema":{"@context":"https:\/\/schema.org","@graph":[{"@type":"WebPage","@id":"https:\/\/iberoo.com\/producto\/lomo-al-ajillo-con-patatas-asadas-carretilla-250g\/","url":"https:\/\/iberoo.com\/producto\/lomo-al-ajillo-con-patatas-asadas-carretilla-250g\/","name":"Filet de porc \u00e0 la sauce \u00e0 l'ail avec pommes de terre r\u00f4ties Carretilla 250g - Iberoo","isPartOf":{"@id":"https:\/\/iberoo.com\/#website"},"primaryImageOfPage":{"@id":"https:\/\/iberoo.com\/producto\/lomo-al-ajillo-con-patatas-asadas-carretilla-250g\/#primaryimage"},"image":{"@id":"https:\/\/iberoo.com\/producto\/lomo-al-ajillo-con-patatas-asadas-carretilla-250g\/#primaryimage"},"thumbnailUrl":"https:\/\/iberoo.com\/wp-content\/uploads\/2025\/11\/lomo-ajillo-carretilla-1.jpg","datePublished":"2025-11-14T22:56:42+00:00","dateModified":"2025-12-20T02:30:09+00:00","description":"Filet de porc \u00e0 l'ail et pommes de terre r\u00f4ties de la marque Carretilla. Pr\u00eat \u00e0 d\u00e9guster, il suffit de le r\u00e9chauffer au micro-ondes ou \u00e0 la po\u00eale.","breadcrumb":{"@id":"https:\/\/iberoo.com\/producto\/lomo-al-ajillo-con-patatas-asadas-carretilla-250g\/#breadcrumb"},"inLanguage":"fr-FR","potentialAction":[{"@type":"ReadAction","target":["https:\/\/iberoo.com\/producto\/lomo-al-ajillo-con-patatas-asadas-carretilla-250g\/"]}]},{"@type":"ImageObject","inLanguage":"fr-FR","@id":"https:\/\/iberoo.com\/producto\/lomo-al-ajillo-con-patatas-asadas-carretilla-250g\/#primaryimage","url":"https:\/\/iberoo.com\/wp-content\/uploads\/2025\/11\/lomo-ajillo-carretilla-1.jpg","contentUrl":"https:\/\/iberoo.com\/wp-content\/uploads\/2025\/11\/lomo-ajillo-carretilla-1.jpg","width":1500,"height":1500,"caption":"Lomo al Ajillo con Patatas Asadas Carretilla"},{"@type":"BreadcrumbList","@id":"https:\/\/iberoo.com\/producto\/lomo-al-ajillo-con-patatas-asadas-carretilla-250g\/#breadcrumb","itemListElement":[{"@type":"ListItem","position":1,"name":"Portada","item":"https:\/\/iberoo.com\/"},{"@type":"ListItem","position":2,"name":"Tienda Online","item":"https:\/\/iberoo.com\/tienda\/"},{"@type":"ListItem","position":3,"name":"Lomo al Ajillo con Patatas Asadas Carretilla 250g"}]},{"@type":"WebSite","@id":"https:\/\/iberoo.com\/#website","url":"https:\/\/iberoo.com\/","name":"Iberoo","description":"","publisher":{"@id":"https:\/\/iberoo.com\/#organization"},"potentialAction":[{"@type":"SearchAction","target":{"@type":"EntryPoint","urlTemplate":"https:\/\/iberoo.com\/?s={search_term_string}"},"query-input":{"@type":"PropertyValueSpecification","valueRequired":true,"valueName":"search_term_string"}}],"inLanguage":"fr-FR"},{"@type":"Organization","@id":"https:\/\/iberoo.com\/#organization","name":"Iberoo","url":"https:\/\/iberoo.com\/","logo":{"@type":"ImageObject","inLanguage":"fr-FR","@id":"https:\/\/iberoo.com\/#\/schema\/logo\/image\/","url":"https:\/\/iberoo.com\/wp-content\/uploads\/2025\/11\/logo-cuadrado.jpg","contentUrl":"https:\/\/iberoo.com\/wp-content\/uploads\/2025\/11\/logo-cuadrado.jpg","width":700,"height":700,"caption":"Iberoo"},"image":{"@id":"https:\/\/iberoo.com\/#\/schema\/logo\/image\/"}}]},"product_brand":"Carretilla","product_price_amount":"6.95","product_price_currency":"EUR","og_availability":"instock","product_availability":"instock","product_condition":"new"},"_links":{"self":[{"href":"https:\/\/iberoo.com\/fr\/wp-json\/wp\/v2\/product\/888","targetHints":{"allow":["GET"]}}],"collection":[{"href":"https:\/\/iberoo.com\/fr\/wp-json\/wp\/v2\/product"}],"about":[{"href":"https:\/\/iberoo.com\/fr\/wp-json\/wp\/v2\/types\/product"}],"replies":[{"embeddable":true,"href":"https:\/\/iberoo.com\/fr\/wp-json\/wp\/v2\/comments?post=888"}],"wp:featuredmedia":[{"embeddable":true,"href":"https:\/\/iberoo.com\/fr\/wp-json\/wp\/v2\/media\/918"}],"wp:attachment":[{"href":"https:\/\/iberoo.com\/fr\/wp-json\/wp\/v2\/media?parent=888"}],"wp:term":[{"taxonomy":"product_brand","embeddable":true,"href":"https:\/\/iberoo.com\/fr\/wp-json\/wp\/v2\/product_brand?post=888"},{"taxonomy":"product_cat","embeddable":true,"href":"https:\/\/iberoo.com\/fr\/wp-json\/wp\/v2\/product_cat?post=888"},{"taxonomy":"product_tag","embeddable":true,"href":"https:\/\/iberoo.com\/fr\/wp-json\/wp\/v2\/product_tag?post=888"}],"curies":[{"name":"wp","href":"https:\/\/api.w.org\/{rel}","templated":true}]}}