{"id":889,"date":"2025-11-14T23:56:42","date_gmt":"2025-11-14T22:56:42","guid":{"rendered":"https:\/\/iberoo.com\/?post_type=product&#038;p=889"},"modified":"2025-12-20T03:28:21","modified_gmt":"2025-12-20T02:28:21","slug":"casserole-de-poulet-aux-poivrons-carretilla-250g","status":"publish","type":"product","link":"https:\/\/iberoo.com\/fr\/produit\/casserole-de-poulet-aux-poivrons-carretilla-250g\/","title":{"rendered":"Pollo a la Cazuela con Pimientos Carretilla 250g"},"content":{"rendered":"<p>Le poulet en cocotte aux poivrons carretilla est une recette qui vous reconnecte \u00e0 l'essence m\u00eame de la cuisine traditionnelle. Ce plat savoureux vous permettra de d\u00e9guster un poulet mijot\u00e9 avec des ingr\u00e9dients de premi\u00e8re qualit\u00e9, tels que des poivrons frais, des oignons et des \u00e9pices qui rehaussent son go\u00fbt unique.<\/p>\n<p>Le poulet, tendre et juteux, cuit lentement, s'impr\u00e9gnant de toutes les saveurs du plat et du m\u00e9lange d'\u00e9pices, tandis que les poivrons doux et aromatiques apportent une texture parfaite et une touche de fra\u00eecheur qui \u00e9quilibre le tout. Il en r\u00e9sulte un plat savoureux, id\u00e9al pour ceux qui recherchent un repas r\u00e9confortant et traditionnel, fait maison.<\/p>\n<p>Le plus beau, c'est qu'avec le gratin de poulet aux poivrons de Carretilla, vous pouvez savourer ce d\u00e9licieux plat sans passer des heures en cuisine. Il suffit de le r\u00e9chauffer et, en quelques minutes, vous obtenez un repas complet, \u00e9quilibr\u00e9 et savoureux, parfait \u00e0 partager en famille ou \u00e0 d\u00e9guster en solo. Id\u00e9al pour un d\u00e9jeuner nutritif ou un d\u00eener rapide et raffin\u00e9.<\/p>\n<p>Ce plat est non seulement d\u00e9licieux, mais aussi sain. Le poulet est une excellente source de prot\u00e9ines, tandis que les poivrons apportent des fibres, des vitamines et des antioxydants. Ensemble, ils font de cette recette une option savoureuse et nutritive, id\u00e9ale pour toutes les occasions.<\/p>\n<p>Avec Carretilla, une marque de confiance pour les plats cuisin\u00e9s, vous avez l'assurance de toujours choisir le meilleur de la cuisine maison. Le gratin de poulet aux poivrons Carretilla est le choix id\u00e9al pour ceux qui recherchent une saveur authentique et simple et qui souhaitent savourer un repas fait maison \u00e0 tout moment de la journ\u00e9e.<\/p>\n<p>Ingr\u00e9dients : Blanc de poulet (35 %), poivrons (13 %) (rouges, verts et jaunes), tomates concass\u00e9es et concentr\u00e9es, oignon, huile d'olive, amidon de ma\u00efs modifi\u00e9, vin blanc, sel, sucre, dextrose, lactos\u00e9rum, lait \u00e9cr\u00e9m\u00e9, stabilisant (diphosphate de sodium) et ar\u00f4me. Contient du lait et des produits laitiers.<\/p>\n<p>Allerg\u00e8nes : Peut contenir des traces de crustac\u00e9s, d'\u0153ufs, de poisson, de soja, de c\u00e9leri, de moutarde et de mollusques.<\/p>","protected":false},"excerpt":{"rendered":"<p>Casserole de poulet aux poivrons de la marque Carretilla. Pr\u00eate \u00e0 d\u00e9guster, il suffit de la r\u00e9chauffer au micro-ondes ou \u00e0 la po\u00eale.<\/p>","protected":false},"featured_media":919,"comment_status":"closed","ping_status":"closed","template":"","meta":[],"product_brand":[92],"product_cat":[70],"product_tag":[],"class_list":{"0":"post-889","1":"product","2":"type-product","3":"status-publish","4":"has-post-thumbnail","6":"product_brand-carretilla","7":"product_cat-platos-cocinados","9":"first","10":"instock","11":"featured","12":"shipping-taxable","13":"purchasable","14":"product-type-simple"},"yoast_head":"<!-- This site is optimized with the Yoast SEO plugin v27.3 - https:\/\/yoast.com\/product\/yoast-seo-wordpress\/ -->\n<title>Pollo a la Cazuela con Pimientos Carretilla 250g - Iberoo<\/title>\n<meta name=\"description\" content=\"Pollo a la cazuela con pimientos de la marca Carretilla. Plato listo para comer, simplemente hay que calentar en el microondas o en la sart\u00e9n.\" \/>\n<meta name=\"robots\" content=\"index, follow, max-snippet:-1, max-image-preview:large, max-video-preview:-1\" \/>\n<link rel=\"canonical\" href=\"https:\/\/iberoo.com\/fr\/produit\/casserole-de-poulet-aux-poivrons-carretilla-250g\/\" \/>\n<meta property=\"og:locale\" content=\"fr_FR\" \/>\n<meta property=\"og:type\" content=\"article\" \/>\n<meta property=\"og:title\" content=\"Pollo a la Cazuela con Pimientos Carretilla 250g - Iberoo\" \/>\n<meta property=\"og:description\" content=\"Pollo a la cazuela con pimientos de la marca Carretilla. Plato listo para comer, simplemente hay que calentar en el microondas o en la sart\u00e9n.\" \/>\n<meta property=\"og:url\" content=\"https:\/\/iberoo.com\/fr\/produit\/casserole-de-poulet-aux-poivrons-carretilla-250g\/\" \/>\n<meta property=\"og:site_name\" content=\"Iberoo\" \/>\n<meta property=\"article:modified_time\" content=\"2025-12-20T02:28:21+00:00\" \/>\n<meta property=\"og:image\" content=\"https:\/\/iberoo.com\/wp-content\/uploads\/2025\/11\/pollo-cazuela-pimientos-carretilla-1.jpg\" \/>\n\t<meta property=\"og:image:width\" content=\"1500\" \/>\n\t<meta property=\"og:image:height\" content=\"1500\" \/>\n\t<meta property=\"og:image:type\" content=\"image\/jpeg\" \/>\n<meta name=\"twitter:card\" content=\"summary_large_image\" \/>\n<meta name=\"twitter:label1\" content=\"Prix\" \/>\n\t<meta name=\"twitter:data1\" content=\"5,75&nbsp;&euro;\" \/>\n\t<meta name=\"twitter:label2\" content=\"Disponibilit\u00e9\" \/>\n\t<meta name=\"twitter:data2\" content=\"En stock\" \/>\n<script type=\"application\/ld+json\" class=\"yoast-schema-graph\">{\"@context\":\"https:\\\/\\\/schema.org\",\"@graph\":[{\"@type\":\"WebPage\",\"@id\":\"https:\\\/\\\/iberoo.com\\\/producto\\\/pollo-a-la-cazuela-con-pimientos-carretilla-250g\\\/\",\"url\":\"https:\\\/\\\/iberoo.com\\\/producto\\\/pollo-a-la-cazuela-con-pimientos-carretilla-250g\\\/\",\"name\":\"Pollo a la Cazuela con Pimientos Carretilla 250g - Iberoo\",\"isPartOf\":{\"@id\":\"https:\\\/\\\/iberoo.com\\\/#website\"},\"primaryImageOfPage\":{\"@id\":\"https:\\\/\\\/iberoo.com\\\/producto\\\/pollo-a-la-cazuela-con-pimientos-carretilla-250g\\\/#primaryimage\"},\"image\":{\"@id\":\"https:\\\/\\\/iberoo.com\\\/producto\\\/pollo-a-la-cazuela-con-pimientos-carretilla-250g\\\/#primaryimage\"},\"thumbnailUrl\":\"https:\\\/\\\/iberoo.com\\\/wp-content\\\/uploads\\\/2025\\\/11\\\/pollo-cazuela-pimientos-carretilla-1.jpg\",\"datePublished\":\"2025-11-14T22:56:42+00:00\",\"dateModified\":\"2025-12-20T02:28:21+00:00\",\"description\":\"Pollo a la cazuela con pimientos de la marca Carretilla. Plato listo para comer, simplemente hay que calentar en el microondas o en la sart\u00e9n.\",\"breadcrumb\":{\"@id\":\"https:\\\/\\\/iberoo.com\\\/producto\\\/pollo-a-la-cazuela-con-pimientos-carretilla-250g\\\/#breadcrumb\"},\"inLanguage\":\"fr-FR\",\"potentialAction\":[{\"@type\":\"ReadAction\",\"target\":[\"https:\\\/\\\/iberoo.com\\\/producto\\\/pollo-a-la-cazuela-con-pimientos-carretilla-250g\\\/\"]}]},{\"@type\":\"ImageObject\",\"inLanguage\":\"fr-FR\",\"@id\":\"https:\\\/\\\/iberoo.com\\\/producto\\\/pollo-a-la-cazuela-con-pimientos-carretilla-250g\\\/#primaryimage\",\"url\":\"https:\\\/\\\/iberoo.com\\\/wp-content\\\/uploads\\\/2025\\\/11\\\/pollo-cazuela-pimientos-carretilla-1.jpg\",\"contentUrl\":\"https:\\\/\\\/iberoo.com\\\/wp-content\\\/uploads\\\/2025\\\/11\\\/pollo-cazuela-pimientos-carretilla-1.jpg\",\"width\":1500,\"height\":1500,\"caption\":\"Pollo a la Cazuela con Pimientos Carretilla\"},{\"@type\":\"BreadcrumbList\",\"@id\":\"https:\\\/\\\/iberoo.com\\\/producto\\\/pollo-a-la-cazuela-con-pimientos-carretilla-250g\\\/#breadcrumb\",\"itemListElement\":[{\"@type\":\"ListItem\",\"position\":1,\"name\":\"Portada\",\"item\":\"https:\\\/\\\/iberoo.com\\\/\"},{\"@type\":\"ListItem\",\"position\":2,\"name\":\"Tienda Online\",\"item\":\"https:\\\/\\\/iberoo.com\\\/tienda\\\/\"},{\"@type\":\"ListItem\",\"position\":3,\"name\":\"Pollo a la Cazuela con Pimientos Carretilla 250g\"}]},{\"@type\":\"WebSite\",\"@id\":\"https:\\\/\\\/iberoo.com\\\/#website\",\"url\":\"https:\\\/\\\/iberoo.com\\\/\",\"name\":\"Iberoo\",\"description\":\"\",\"publisher\":{\"@id\":\"https:\\\/\\\/iberoo.com\\\/#organization\"},\"potentialAction\":[{\"@type\":\"SearchAction\",\"target\":{\"@type\":\"EntryPoint\",\"urlTemplate\":\"https:\\\/\\\/iberoo.com\\\/?s={search_term_string}\"},\"query-input\":{\"@type\":\"PropertyValueSpecification\",\"valueRequired\":true,\"valueName\":\"search_term_string\"}}],\"inLanguage\":\"fr-FR\"},{\"@type\":\"Organization\",\"@id\":\"https:\\\/\\\/iberoo.com\\\/#organization\",\"name\":\"Iberoo\",\"url\":\"https:\\\/\\\/iberoo.com\\\/\",\"logo\":{\"@type\":\"ImageObject\",\"inLanguage\":\"fr-FR\",\"@id\":\"https:\\\/\\\/iberoo.com\\\/#\\\/schema\\\/logo\\\/image\\\/\",\"url\":\"https:\\\/\\\/iberoo.com\\\/wp-content\\\/uploads\\\/2025\\\/11\\\/logo-cuadrado.jpg\",\"contentUrl\":\"https:\\\/\\\/iberoo.com\\\/wp-content\\\/uploads\\\/2025\\\/11\\\/logo-cuadrado.jpg\",\"width\":700,\"height\":700,\"caption\":\"Iberoo\"},\"image\":{\"@id\":\"https:\\\/\\\/iberoo.com\\\/#\\\/schema\\\/logo\\\/image\\\/\"}}]}<\/script>\n<meta property=\"product:brand\" content=\"Carretilla\" \/>\n<meta property=\"product:price:amount\" content=\"5.75\" \/>\n<meta property=\"product:price:currency\" content=\"EUR\" \/>\n<meta property=\"og:availability\" content=\"instock\" \/>\n<meta property=\"product:availability\" content=\"instock\" \/>\n<meta property=\"product:condition\" content=\"new\" \/>\n<!-- \/ Yoast SEO plugin. -->","yoast_head_json":{"title":"Casserole de poulet aux poivrons Carretilla 250g - Iberoo","description":"Casserole de poulet aux poivrons de la marque Carretilla. Pr\u00eate \u00e0 d\u00e9guster, il suffit de la r\u00e9chauffer au micro-ondes ou \u00e0 la po\u00eale.","robots":{"index":"index","follow":"follow","max-snippet":"max-snippet:-1","max-image-preview":"max-image-preview:large","max-video-preview":"max-video-preview:-1"},"canonical":"https:\/\/iberoo.com\/fr\/produit\/casserole-de-poulet-aux-poivrons-carretilla-250g\/","og_locale":"fr_FR","og_type":"article","og_title":"Pollo a la Cazuela con Pimientos Carretilla 250g - Iberoo","og_description":"Pollo a la cazuela con pimientos de la marca Carretilla. Plato listo para comer, simplemente hay que calentar en el microondas o en la sart\u00e9n.","og_url":"https:\/\/iberoo.com\/fr\/produit\/casserole-de-poulet-aux-poivrons-carretilla-250g\/","og_site_name":"Iberoo","article_modified_time":"2025-12-20T02:28:21+00:00","og_image":[{"width":1500,"height":1500,"url":"https:\/\/iberoo.com\/wp-content\/uploads\/2025\/11\/pollo-cazuela-pimientos-carretilla-1.jpg","type":"image\/jpeg"}],"twitter_card":"summary_large_image","twitter_misc":{"Prix":"5,75&nbsp;&euro;","Disponibilit\u00e9":"En stock"},"schema":{"@context":"https:\/\/schema.org","@graph":[{"@type":"WebPage","@id":"https:\/\/iberoo.com\/producto\/pollo-a-la-cazuela-con-pimientos-carretilla-250g\/","url":"https:\/\/iberoo.com\/producto\/pollo-a-la-cazuela-con-pimientos-carretilla-250g\/","name":"Casserole de poulet aux poivrons Carretilla 250g - Iberoo","isPartOf":{"@id":"https:\/\/iberoo.com\/#website"},"primaryImageOfPage":{"@id":"https:\/\/iberoo.com\/producto\/pollo-a-la-cazuela-con-pimientos-carretilla-250g\/#primaryimage"},"image":{"@id":"https:\/\/iberoo.com\/producto\/pollo-a-la-cazuela-con-pimientos-carretilla-250g\/#primaryimage"},"thumbnailUrl":"https:\/\/iberoo.com\/wp-content\/uploads\/2025\/11\/pollo-cazuela-pimientos-carretilla-1.jpg","datePublished":"2025-11-14T22:56:42+00:00","dateModified":"2025-12-20T02:28:21+00:00","description":"Casserole de poulet aux poivrons de la marque Carretilla. Pr\u00eate \u00e0 d\u00e9guster, il suffit de la r\u00e9chauffer au micro-ondes ou \u00e0 la po\u00eale.","breadcrumb":{"@id":"https:\/\/iberoo.com\/producto\/pollo-a-la-cazuela-con-pimientos-carretilla-250g\/#breadcrumb"},"inLanguage":"fr-FR","potentialAction":[{"@type":"ReadAction","target":["https:\/\/iberoo.com\/producto\/pollo-a-la-cazuela-con-pimientos-carretilla-250g\/"]}]},{"@type":"ImageObject","inLanguage":"fr-FR","@id":"https:\/\/iberoo.com\/producto\/pollo-a-la-cazuela-con-pimientos-carretilla-250g\/#primaryimage","url":"https:\/\/iberoo.com\/wp-content\/uploads\/2025\/11\/pollo-cazuela-pimientos-carretilla-1.jpg","contentUrl":"https:\/\/iberoo.com\/wp-content\/uploads\/2025\/11\/pollo-cazuela-pimientos-carretilla-1.jpg","width":1500,"height":1500,"caption":"Pollo a la Cazuela con Pimientos Carretilla"},{"@type":"BreadcrumbList","@id":"https:\/\/iberoo.com\/producto\/pollo-a-la-cazuela-con-pimientos-carretilla-250g\/#breadcrumb","itemListElement":[{"@type":"ListItem","position":1,"name":"Portada","item":"https:\/\/iberoo.com\/"},{"@type":"ListItem","position":2,"name":"Tienda Online","item":"https:\/\/iberoo.com\/tienda\/"},{"@type":"ListItem","position":3,"name":"Pollo a la Cazuela con Pimientos Carretilla 250g"}]},{"@type":"WebSite","@id":"https:\/\/iberoo.com\/#website","url":"https:\/\/iberoo.com\/","name":"Iberoo","description":"","publisher":{"@id":"https:\/\/iberoo.com\/#organization"},"potentialAction":[{"@type":"SearchAction","target":{"@type":"EntryPoint","urlTemplate":"https:\/\/iberoo.com\/?s={search_term_string}"},"query-input":{"@type":"PropertyValueSpecification","valueRequired":true,"valueName":"search_term_string"}}],"inLanguage":"fr-FR"},{"@type":"Organization","@id":"https:\/\/iberoo.com\/#organization","name":"Iberoo","url":"https:\/\/iberoo.com\/","logo":{"@type":"ImageObject","inLanguage":"fr-FR","@id":"https:\/\/iberoo.com\/#\/schema\/logo\/image\/","url":"https:\/\/iberoo.com\/wp-content\/uploads\/2025\/11\/logo-cuadrado.jpg","contentUrl":"https:\/\/iberoo.com\/wp-content\/uploads\/2025\/11\/logo-cuadrado.jpg","width":700,"height":700,"caption":"Iberoo"},"image":{"@id":"https:\/\/iberoo.com\/#\/schema\/logo\/image\/"}}]},"product_brand":"Carretilla","product_price_amount":"5.75","product_price_currency":"EUR","og_availability":"instock","product_availability":"instock","product_condition":"new"},"_links":{"self":[{"href":"https:\/\/iberoo.com\/fr\/wp-json\/wp\/v2\/product\/889","targetHints":{"allow":["GET"]}}],"collection":[{"href":"https:\/\/iberoo.com\/fr\/wp-json\/wp\/v2\/product"}],"about":[{"href":"https:\/\/iberoo.com\/fr\/wp-json\/wp\/v2\/types\/product"}],"replies":[{"embeddable":true,"href":"https:\/\/iberoo.com\/fr\/wp-json\/wp\/v2\/comments?post=889"}],"wp:featuredmedia":[{"embeddable":true,"href":"https:\/\/iberoo.com\/fr\/wp-json\/wp\/v2\/media\/919"}],"wp:attachment":[{"href":"https:\/\/iberoo.com\/fr\/wp-json\/wp\/v2\/media?parent=889"}],"wp:term":[{"taxonomy":"product_brand","embeddable":true,"href":"https:\/\/iberoo.com\/fr\/wp-json\/wp\/v2\/product_brand?post=889"},{"taxonomy":"product_cat","embeddable":true,"href":"https:\/\/iberoo.com\/fr\/wp-json\/wp\/v2\/product_cat?post=889"},{"taxonomy":"product_tag","embeddable":true,"href":"https:\/\/iberoo.com\/fr\/wp-json\/wp\/v2\/product_tag?post=889"}],"curies":[{"name":"wp","href":"https:\/\/api.w.org\/{rel}","templated":true}]}}